{"id":15616,"date":"2026-04-08T10:46:13","date_gmt":"2026-04-08T10:46:13","guid":{"rendered":"https:\/\/www.paristouristinformation.fr\/de\/?page_id=15616"},"modified":"2026-04-08T10:49:27","modified_gmt":"2026-04-08T10:49:27","slug":"tagesausflug-von-paris-ins-loire-tal","status":"publish","type":"page","link":"https:\/\/www.paristouristinformation.fr\/de\/tagesausflug-von-paris-ins-loire-tal\/","title":{"rendered":"Tagesausflug von Paris ins Loire-Tal mit Weinprobe &amp; Besuch von Schl\u00f6ssern"},"content":{"rendered":"<p><span><img decoding=\"async\" alt=\"Loire-Tal-Schloss-Tour\" data-id=\"16743\" width=\"2080\" height=\"1300\" title=\"Loire-Tal-Schloss-Tour\" src=\"https:\/\/www.paristouristinformation.fr\/de\/wp-content\/uploads\/2026\/02\/Loire-Valley-Castles-Tour1-1024x640-1.webp\" data-src=\"https:\/\/www.paristouristinformation.fr\/de\/wp-content\/uploads\/2026\/02\/Loire-Valley-Castles-Tour1-300x188-1.webp\" loading=\"lazy\" data-sizes=\"{&quot;thumbnail&quot;:{&quot;height&quot;:205,&quot;width&quot;:333,&quot;url&quot;:&quot;https:\/\/www.paristouristinformation.fr\/de\/wp-content\/uploads\/2026\/02\/Loire-Valley-Castles-Tour1-333x205-1.webp&quot;,&quot;orientation&quot;:&quot;landscape&quot;},&quot;medium&quot;:{&quot;height&quot;:188,&quot;width&quot;:300,&quot;url&quot;:&quot;https:\/\/www.paristouristinformation.fr\/de\/wp-content\/uploads\/2026\/02\/Loire-Valley-Castles-Tour1-300x188-1.webp&quot;,&quot;orientation&quot;:&quot;landscape&quot;},&quot;large&quot;:{&quot;height&quot;:640,&quot;width&quot;:1024,&quot;url&quot;:&quot;https:\/\/www.paristouristinformation.fr\/de\/wp-content\/uploads\/2026\/02\/Loire-Valley-Castles-Tour1-1024x640-1.webp&quot;,&quot;orientation&quot;:&quot;landscape&quot;},&quot;full&quot;:{&quot;url&quot;:&quot;https:\/\/www.paristouristinformation.fr\/de\/wp-content\/uploads\/2026\/02\/Loire-Valley-Castles-Tour1-1.webp&quot;,&quot;height&quot;:1300,&quot;width&quot;:2080,&quot;orientation&quot;:&quot;landscape&quot;}}\"><\/span><span><img decoding=\"async\" alt=\"\" data-id=\"16744\" width=\"\" height=\"undefined\" title=\"Loire-Tal-Schloss-Tour\" src=\"https:\/\/paristouristinformation.fr\/wp-content\/uploads\/2025\/12\/Loire-Valley-Castles-Tour2.avif\" data-src=\"https:\/\/paristouristinformation.fr\/wp-content\/uploads\/2025\/12\/Loire-Valley-Castles-Tour2.avif\" loading=\"lazy\" data-sizes=\"{&quot;full&quot;:{&quot;url&quot;:&quot;https:\/\/paristouristinformation.fr\/wp-content\/uploads\/2025\/12\/Loire-Valley-Castles-Tour2.avif&quot;}}\"><\/span><span><img decoding=\"async\" alt=\"\" data-id=\"16745\" width=\"\" height=\"undefined\" title=\"Loire-Tal-Schloss-Tour\" src=\"https:\/\/paristouristinformation.fr\/wp-content\/uploads\/2025\/12\/Loire-Valley-Castles-Tour3.avif\" data-src=\"https:\/\/paristouristinformation.fr\/wp-content\/uploads\/2025\/12\/Loire-Valley-Castles-Tour3.avif\" loading=\"lazy\" data-sizes=\"{&quot;full&quot;:{&quot;url&quot;:&quot;https:\/\/paristouristinformation.fr\/wp-content\/uploads\/2025\/12\/Loire-Valley-Castles-Tour3.avif&quot;}}\"><\/span><span><img decoding=\"async\" alt=\"\" data-id=\"16746\" width=\"\" height=\"undefined\" title=\"Loire-Tal-Schloss-Tour\" src=\"https:\/\/paristouristinformation.fr\/wp-content\/uploads\/2025\/12\/Loire-Valley-Castles-Tour4.avif\" data-src=\"https:\/\/paristouristinformation.fr\/wp-content\/uploads\/2025\/12\/Loire-Valley-Castles-Tour4.avif\" loading=\"lazy\" data-sizes=\"{&quot;full&quot;:{&quot;url&quot;:&quot;https:\/\/paristouristinformation.fr\/wp-content\/uploads\/2025\/12\/Loire-Valley-Castles-Tour4.avif&quot;}}\"><\/span><span><img decoding=\"async\" alt=\"\" data-id=\"16747\" width=\"\" height=\"undefined\" title=\"Loire-Tal-Schloss-Tour\" src=\"https:\/\/paristouristinformation.fr\/wp-content\/uploads\/2025\/12\/Loire-Valley-Castles-Tour5.avif\" data-src=\"https:\/\/paristouristinformation.fr\/wp-content\/uploads\/2025\/12\/Loire-Valley-Castles-Tour5.avif\" loading=\"lazy\" data-sizes=\"{&quot;full&quot;:{&quot;url&quot;:&quot;https:\/\/paristouristinformation.fr\/wp-content\/uploads\/2025\/12\/Loire-Valley-Castles-Tour5.avif&quot;}}\"><\/span><span><img decoding=\"async\" alt=\"\" data-id=\"16748\" width=\"\" height=\"undefined\" title=\"Loire-Tal-Schloss-Tour\" src=\"https:\/\/paristouristinformation.fr\/wp-content\/uploads\/2025\/12\/Loire-Valley-Castles-Tour6.avif\" data-src=\"https:\/\/paristouristinformation.fr\/wp-content\/uploads\/2025\/12\/Loire-Valley-Castles-Tour6.avif\" loading=\"lazy\" data-sizes=\"{&quot;full&quot;:{&quot;url&quot;:&quot;https:\/\/paristouristinformation.fr\/wp-content\/uploads\/2025\/12\/Loire-Valley-Castles-Tour6.avif&quot;}}\"><\/span><span><img decoding=\"async\" alt=\"\" data-id=\"16749\" width=\"\" height=\"undefined\" title=\"Loire-Tal-Schloss-Tour\" src=\"https:\/\/paristouristinformation.fr\/wp-content\/uploads\/2025\/12\/Loire-Valley-Castles-Tour7.avif\" data-src=\"https:\/\/paristouristinformation.fr\/wp-content\/uploads\/2025\/12\/Loire-Valley-Castles-Tour7.avif\" loading=\"lazy\" data-sizes=\"{&quot;full&quot;:{&quot;url&quot;:&quot;https:\/\/paristouristinformation.fr\/wp-content\/uploads\/2025\/12\/Loire-Valley-Castles-Tour7.avif&quot;}}\"><\/span><span><img decoding=\"async\" alt=\"\" data-id=\"16750\" width=\"\" height=\"undefined\" title=\"Loire-Tal-Schloss-Tour\" src=\"https:\/\/paristouristinformation.fr\/wp-content\/uploads\/2025\/12\/Loire-Valley-Castles-Tour8.avif\" data-src=\"https:\/\/paristouristinformation.fr\/wp-content\/uploads\/2025\/12\/Loire-Valley-Castles-Tour8.avif\" loading=\"lazy\" data-sizes=\"{&quot;full&quot;:{&quot;url&quot;:&quot;https:\/\/paristouristinformation.fr\/wp-content\/uploads\/2025\/12\/Loire-Valley-Castles-Tour8.avif&quot;}}\"><\/span><\/p>\n<h1>Von Paris: Tagesausflug zu den Schl\u00f6ssern des Loiretals mit Weinprobe<\/h1>\n<h2><a href=\"https:\/\/www.getyourguide.com\/paris-l16\/from-paris-fairytale-loire-castles-with-wine-tasting-t13987\/?partner_id=NO9XIDE&amp;utm_medium=online_publisher&amp;cmp=ParisTIDeLoireValleyCastlesSP\" target=\"_blank\" rel=\"nofollow noopener\" style=\"outline: none;\">Zur Buchung<\/a><\/h2>\n<p style=\"\"><a href=\"https:\/\/www.getyourguide.com\/paris-l16\/from-paris-fairytale-loire-castles-with-wine-tasting-t13987\/?partner_id=NO9XIDE&amp;utm_medium=online_publisher&amp;cmp=ParisTIDeLoireValleyCastlesSP\" target=\"_blank\" rel=\"nofollow noopener\" style=\"outline: none;\">Preis ab<\/a><\/p>\n<h1><a href=\"https:\/\/www.getyourguide.com\/paris-l16\/from-paris-fairytale-loire-castles-with-wine-tasting-t13987\/?partner_id=NO9XIDE&amp;utm_medium=online_publisher&amp;cmp=ParisTIDeLoireValleyCastlesSP\" target=\"_blank\" rel=\"nofollow noopener\" style=\"outline: none;\" spellcheck=\"false\"><strong>119 \u20ac<\/strong><\/a><\/h1>\n<p dir=\"ltr\">Reisen Sie von Paris aus auf einem ganzt\u00e4gigen gef\u00fchrten Ausflug ins Herz der <strong>Loire-Tal-Burgregion<\/strong>.<strong> Besuchen Sie Chambord und Chenonceau<\/strong>, genie\u00dfen Sie den Eintritt ohne Anstehungslinie, Freizeit in Blois und eine kostenlose Weinprobe mit komfortablem Hin- und R\u00fccktransport inklusive.<\/p>\n<ul>\n<li style=\"\"><span>Live-Reiseleiter (Englisch)<\/span><\/li>\n<li><span>Dauer 13 Stunden<\/span><\/li>\n<li style=\"\"><span>Skip-the-Line-Eintrittskarte<\/span><\/li>\n<li style=\"\"><span>Kostenlose Stornierung<\/span><\/li>\n<\/ul>\n<h2>Inbegriffen<\/h2>\n<ul>\n<li style=\"\">                    <span>Hin- und R\u00fccktransport von Paris in einem klimatisierten Bus<\/span><\/li>\n<li style=\"\">                    <span>Professioneller Reiseleiter w\u00e4hrend der Reise<\/span><\/li>\n<li style=\"\">                    <span>Skip-the-Line-Eintrittskarte f\u00fcr das Ch\u00e2teau de Chambord<\/span><\/li>\n<li style=\"\">                    <span>Skip-the-Line-Eintrittskarte f\u00fcr das Ch\u00e2teau de Chenonceau<\/span><\/li>\n<li style=\"\">                    <span>Kostenlose lokale Weinprobe<\/span><\/li>\n<li style=\"\">                    <span>Freizeit zum Erkunden von Blois<\/span><\/li>\n<\/ul>\n<h2>Nicht inbegriffen<\/h2>\n<ul>\n<li style=\"\"><span>Abholung und R\u00fcckgabe im Hotel<\/span><\/li>\n<li style=\"\"><span>F\u00fchrungen in den Schl\u00f6ssern<\/span><\/li>\n<li style=\"\"><span>Mittagessen und pers\u00f6nliche Ausgaben<\/span><\/li>\n<\/ul>\n<h2>Wichtige Informationen<\/h2>\n<ul>\n<li style=\"\"><span>Die Tour durch das Loiretal ist f\u00fcr Rollstuhlfahrer oder G\u00e4ste mit eingeschr\u00e4nkter Mobilit\u00e4t geeignet<\/span><\/li>\n<li><span>Bequeme Wanderschuhe werden empfohlen<\/span><\/li>\n<li><span>Kinderwagen und gro\u00dfe Taschen sind nicht erlaubt<\/span><\/li>\n<li><span>Kleinkinder ben\u00f6tigen einen eigenen Kindersitz, der von einem Elternteil oder Erziehungsberechtigten bereitgestellt wird<\/span><\/li>\n<li><span>Trinkgelder sind optional und nach Ihrem Ermessen<\/span><\/li>\n<\/ul>\n<h2>Beschreibung:<\/h2>\n<p dir=\"ltr\">Lassen Sie Paris hinter sich und erkunden Sie einige der ber\u00fchmtesten Wahrzeichen der Renaissance Frankreichs auf dieser <strong>Tour durch das Loire-Tal<\/strong>. Entdecken Sie das monumentale <strong>Ch\u00e2teau de Chambord <\/strong>mit seiner ber\u00fchmten Doppelwendeltreppe und genie\u00dfen Sie dann die Freizeit zum Mittagessen in der historischen Stadt Blois.<\/p>\n<p dir=\"ltr\">Weiter geht es zum eleganten<strong> Ch\u00e2teau de Chenonceau<\/strong>, bekannt als Ladies&#8216; Castle, das sich anmutig \u00fcber den Fluss Cher erstreckt. Eine <strong>kostenlose Weinprobe <\/strong>rundet den Tag ab, w\u00e4hrend malerische Ausblicke auf die Landschaft und fesselnde Geschichten Ihres Reiseleiters die Reise bereichern.<\/p>\n<h2>H\u00f6hepunkte:<\/h2>\n<ul>\n<li dir=\"ltr\">\n<p dir=\"ltr\"><strong>Besuchen Sie zwei ikonische Schl\u00f6sser im Loiretal <\/strong>an einem Tag von Paris aus<\/p>\n<\/li>\n<li dir=\"ltr\">\n<p dir=\"ltr\">Erkunden Sie <strong>Ch\u00e2teau de Chambord <\/strong>in Ihrem eigenen Tempo<\/p>\n<\/li>\n<li dir=\"ltr\">\n<p dir=\"ltr\">Bewundern Sie die Flussarchitektur von <strong>Chenonceau Castle<\/strong><\/p>\n<\/li>\n<li dir=\"ltr\">\n<p dir=\"ltr\">Genie\u00dfen Sie eine <strong>kostenlose Weinprobe <\/strong>in einem historischen Keller<\/p>\n<\/li>\n<li dir=\"ltr\">\n<p dir=\"ltr\"><strong>Freizeit <\/strong>zum Spazieren und Spazierengehen in Blois<\/p>\n<\/li>\n<li dir=\"ltr\">\n<p dir=\"ltr\"><strong>Malerische Fahrt <\/strong>durch die Landschaft der Loire<\/p>\n<\/li>\n<\/ul>\n<h2>Stornierungsrichtlinien<\/h2>\n<p dir=\"ltr\">K\u00fcndige bis zu 24 Stunden vor dem Erlebnis, um eine volle R\u00fcckerstattung zu erhalten.<\/p>\n<h2>Treffpunkt &amp; Anleitung<\/h2>\n<p dir=\"ltr\">Treffen Sie Ihren F\u00fchrer am Eingang der <strong>Katakomben von Paris<\/strong>. Der F\u00fchrer h\u00e4lt ein Schild mit dem Namen des Aktivit\u00e4tsanbieters, City Wonders, in der Hand.<\/p>\n<p dir=\"ltr\">Die n\u00e4chste U-Bahn-Station ist Denfert Rochereau auf den Linien 4 und 6. Benutzen Sie die Ausfahrt Sortie 1 und der Eingang zu den Katakomben befindet sich direkt auf der anderen Stra\u00dfenseite.<\/p>\n<p><a href=\"https:\/\/www.google.com\/maps\/place\/50%C2%B005&#039;24.6%22N+14%C2%B024&#039;00.2%22E\/@50.0901642,14.4000463,12z\/data=!4m4!3m3!8m2!3d50.0901642!4d14.4000463?entry=ttu\" style=\"outline: none;\" data-lt-tmp-id=\"lt-493778\" spellcheck=\"false\" target=\"_blank\" rel=\"nofollow noopener\"><\/a><a data-lt-tmp-id=\"lt-835606\" href=\"https:\/\/maps.app.goo.gl\/EuL3FyUpgkvmZSNB9\" rel=\"nofollow noopener\" spellcheck=\"false\" target=\"_blank\" style=\"outline: none;\">In Karten \u00f6ffnen<\/a><\/p>\n<h2>Bewertungen<\/h2>\n<p><strong>4,6\/5 <\/strong><strong>(1.650 Bewertungen)<\/strong><\/p>\n<p dir=\"ltr\"><em>&#8222;Die Schl\u00f6sser waren einfach unglaublich, Blois ist eine wundersch\u00f6ne Stadt. Unsere F\u00fchrerinnen Jasmina und Deepal sind sehr angenehm, hilfsbereit und informativ. Der Bus war sauber, sehr komfortabel f\u00fcr einen so langen Tag. Sehr empfehlenswert!&#8220; <\/em>&#8211; Georges, Okt. 2025 <a href=\"https:\/\/www.getyourguide.com\/paris-l16\/from-paris-fairytale-loire-castles-with-wine-tasting-t13987\/?partner_id=NO9XIDE&amp;utm_medium=online_publisher&amp;cmp=ParisTIDeLoireValleyCastlesSP\" target=\"_blank\" rel=\"nofollow noopener\" style=\"outline: none;\" data-lt-tmp-id=\"lt-987420\" spellcheck=\"false\">&gt;&gt; Weitere Bewertungen anzeigen<\/a><\/p>\n<h2>Weitere Aktivit\u00e4ten, die Ihnen gefallen k\u00f6nnten<\/h2>\n<p><span>#1<\/span><span><img decoding=\"async\" alt=\"\" data-id=\"16752\" width=\"159\" data-init-width=\"1390\" height=\"106\" data-init-height=\"1390\" title=\"Von Paris Mont Saint Michel Tagesausflug mit einem F\u00fchrer\" loading=\"lazy\" src=\"https:\/\/paristouristinformation.fr\/wp-content\/uploads\/2025\/12\/From-Paris-Mont-Saint-Michel-Day-Trip-with-a-Guide.avif\" data-width=\"159\" data-height=\"106\" style=\"aspect-ratio: auto 1390 \/ 1390;\"><\/span><\/p>\n<table>\n<tbody>\n<tr>\n<td><a href=\"https:\/\/www.getyourguide.com\/paris-l16\/from-paris-full-day-mont-saint-michel-guided-tour-t118750\/?partner_id=NO9XIDE&amp;utm_medium=online_publisher&amp;cmp=ParisTIDeLoireValleyCastlesSP2\" target=\"_blank\" rel=\"nofollow noopener\" style=\"outline: none;\" spellcheck=\"false\"><span data-v-f40aa250=\"\">Von Paris: Mont Saint Michel Tagesausflug mit einem F\u00fchrer<\/span><\/a><\/td>\n<\/tr>\n<\/tbody>\n<\/table>\n<p dir=\"ltr\">Entdecken Sie eines der ber\u00fchmtesten Wahrzeichen Frankreichs auf einem gef\u00fchrten Tagesausflug von Paris nach Mont Saint Michel. Spazieren Sie durch die mittelalterlichen Stra\u00dfen, erkunden Sie die Abtei und genie\u00dfen Sie Experteneinblicke, w\u00e4hrend Sie die atemberaubende Aussicht auf die K\u00fcste genie\u00dfen.<\/p>\n<h3 style=\"\">Gesamtpreis<\/h3>\n<h3 style=\"\">Ihr Konto wird noch nicht belastet.<\/h3>\n<p><span><img decoding=\"async\" alt=\"\" data-id=\"16753\" width=\"159\" data-init-width=\"1600\" height=\"106\" data-init-height=\"1000\" title=\"Paris 3-G\u00e4nge-Dinner-Kreuzfahrt auf der Seine mit Live-Musik\" loading=\"lazy\" src=\"https:\/\/paristouristinformation.fr\/wp-content\/uploads\/2025\/12\/Paris-3-Course-Dinner-Cruise-on-the-Seine-with-live-music-1.avif\" data-width=\"159\" data-height=\"106\" style=\"aspect-ratio: auto 1600 \/ 1000;\"><\/span><\/p>\n<table>\n<tbody>\n<tr>\n<td><a href=\"https:\/\/www.getyourguide.com\/paris-l16\/bateaux-parisiens-dinner-cruise-t51059\/?partner_id=NO9XIDE&amp;utm_medium=online_publisher&amp;cmp=ParisTIDeLoireValleyCastlesSP3\" target=\"_blank\" rel=\"nofollow noopener\" style=\"outline: none;\" spellcheck=\"false\"><span data-v-f40aa250=\"\">Paris: 3-G\u00e4nge-Dinner-Kreuzfahrt auf der Seine mit Live-Musik<\/span><\/a><\/td>\n<\/tr>\n<\/tbody>\n<\/table>\n<p dir=\"ltr\">Genie\u00dfen Sie einen eleganten Abend auf der Seine mit einer 3-Gang-Dinner-Kreuzfahrt, Live-Musik und Panoramablick auf Paris. Segeln Sie an beleuchteten Sehensw\u00fcrdigkeiten vorbei, w\u00e4hrend Sie die raffinierte franz\u00f6sische K\u00fcche in einer romantischen Umgebung am Fluss genie\u00dfen.<\/p>\n<h3 style=\"\">Gesamtpreis<\/h3>\n<h3 style=\"\">Ihr Konto wird noch nicht belastet.<\/h3>\n<p><\/p>\n<h2><a href=\"https:\/\/www.getyourguide.com\/paris-l16\/from-paris-fairytale-loire-castles-with-wine-tasting-t13987\/?partner_id=NO9XIDE&amp;utm_medium=online_publisher&amp;cmp=ParisTIDeLoireValleyCastlesSP\" target=\"_blank\" rel=\"nofollow noopener\" style=\"outline: none;\">Zur Buchung<\/a><\/h2>\n<p style=\"\"><a href=\"https:\/\/www.getyourguide.com\/paris-l16\/from-paris-fairytale-loire-castles-with-wine-tasting-t13987\/?partner_id=NO9XIDE&amp;utm_medium=online_publisher&amp;cmp=ParisTIDeLoireValleyCastlesSP\" target=\"_blank\" rel=\"nofollow noopener\" style=\"outline: none;\">Preis ab<\/a><\/p>\n<h1><a href=\"https:\/\/www.getyourguide.com\/paris-l16\/from-paris-fairytale-loire-castles-with-wine-tasting-t13987\/?partner_id=NO9XIDE&amp;utm_medium=online_publisher&amp;cmp=ParisTIDeLoireValleyCastlesSP\" target=\"_blank\" rel=\"nofollow noopener\" style=\"outline: none;\"><strong>119 \u20ac<\/strong><\/a><\/h1>\n<p style=\"\">Ihr Konto wird noch nicht belastet.<\/p>\n","protected":false},"excerpt":{"rendered":"<p>Von Paris: Tagesausflug zu den Schl\u00f6ssern des Loiretals mit Weinprobe Zur Buchung Preis ab 119 \u20ac Reisen Sie von Paris aus auf einem ganzt\u00e4gigen gef\u00fchrten Ausflug ins Herz der Loire-Tal-Burgregion. Besuchen Sie Chambord und Chenonceau, genie\u00dfen Sie den Eintritt ohne Anstehungslinie, Freizeit in Blois und eine kostenlose Weinprobe mit komfortablem Hin- und R\u00fccktransport inklusive. Live-Reiseleiter [&hellip;]<\/p>\n","protected":false},"author":10,"featured_media":15617,"parent":0,"menu_order":0,"comment_status":"closed","ping_status":"closed","template":"","meta":{"footnotes":""},"tags":[69],"class_list":["post-15616","page","type-page","status-publish","has-post-thumbnail","hentry","tag-sales-pages","post-wrapper","thrv_wrapper"],"wp-worthy-pixel":{"ignored":false,"public":null,"server":null,"url":null},"wp-worthy-type":"normal","_links":{"self":[{"href":"https:\/\/www.paristouristinformation.fr\/de\/wp-json\/wp\/v2\/pages\/15616","targetHints":{"allow":["GET"]}}],"collection":[{"href":"https:\/\/www.paristouristinformation.fr\/de\/wp-json\/wp\/v2\/pages"}],"about":[{"href":"https:\/\/www.paristouristinformation.fr\/de\/wp-json\/wp\/v2\/types\/page"}],"author":[{"embeddable":true,"href":"https:\/\/www.paristouristinformation.fr\/de\/wp-json\/wp\/v2\/users\/10"}],"replies":[{"embeddable":true,"href":"https:\/\/www.paristouristinformation.fr\/de\/wp-json\/wp\/v2\/comments?post=15616"}],"version-history":[{"count":9,"href":"https:\/\/www.paristouristinformation.fr\/de\/wp-json\/wp\/v2\/pages\/15616\/revisions"}],"predecessor-version":[{"id":15936,"href":"https:\/\/www.paristouristinformation.fr\/de\/wp-json\/wp\/v2\/pages\/15616\/revisions\/15936"}],"wp:featuredmedia":[{"embeddable":true,"href":"https:\/\/www.paristouristinformation.fr\/de\/wp-json\/wp\/v2\/media\/15617"}],"wp:attachment":[{"href":"https:\/\/www.paristouristinformation.fr\/de\/wp-json\/wp\/v2\/media?parent=15616"}],"wp:term":[{"taxonomy":"post_tag","embeddable":true,"href":"https:\/\/www.paristouristinformation.fr\/de\/wp-json\/wp\/v2\/tags?post=15616"}],"curies":[{"name":"wp","href":"https:\/\/api.w.org\/{rel}","templated":true}]}}