{"id":15631,"date":"2026-04-08T10:36:08","date_gmt":"2026-04-08T10:36:08","guid":{"rendered":"https:\/\/www.paristouristinformation.fr\/de\/?page_id=15631"},"modified":"2026-04-08T10:38:26","modified_gmt":"2026-04-08T10:38:26","slug":"fuehrung-durch-das-louvre-museum","status":"publish","type":"page","link":"https:\/\/www.paristouristinformation.fr\/de\/fuehrung-durch-das-louvre-museum\/","title":{"rendered":"F\u00fchrung durch das Louvre Museum: Mona Lisa &amp; Meisterwerke mit reserviertem Zugang"},"content":{"rendered":"<p><span><img decoding=\"async\" alt=\"\" data-id=\"16761\" width=\"\" height=\"undefined\" title=\"Louvre-Museumsf\u00fchrung1\" src=\"https:\/\/paristouristinformation.fr\/wp-content\/uploads\/2025\/12\/Louvre-Museum-Guided-Tour1.avif\" data-src=\"https:\/\/paristouristinformation.fr\/wp-content\/uploads\/2025\/12\/Louvre-Museum-Guided-Tour1.avif\" loading=\"lazy\" data-sizes=\"{&quot;full&quot;:{&quot;url&quot;:&quot;https:\/\/paristouristinformation.fr\/wp-content\/uploads\/2025\/12\/Louvre-Museum-Guided-Tour1.avif&quot;}}\"><\/span><span><img decoding=\"async\" alt=\"\" data-id=\"16762\" width=\"\" height=\"undefined\" title=\"Louvre-Museumsf\u00fchrung2\" src=\"https:\/\/paristouristinformation.fr\/wp-content\/uploads\/2025\/12\/Louvre-Museum-Guided-Tour2.avif\" data-src=\"https:\/\/paristouristinformation.fr\/wp-content\/uploads\/2025\/12\/Louvre-Museum-Guided-Tour2.avif\" loading=\"lazy\" data-sizes=\"{&quot;full&quot;:{&quot;url&quot;:&quot;https:\/\/paristouristinformation.fr\/wp-content\/uploads\/2025\/12\/Louvre-Museum-Guided-Tour2.avif&quot;}}\"><\/span><span><img decoding=\"async\" alt=\"\" data-id=\"16763\" width=\"\" height=\"undefined\" title=\"F\u00fchrung durch das Louvre3\" src=\"https:\/\/paristouristinformation.fr\/wp-content\/uploads\/2025\/12\/Louvre-Museum-Guided-Tour3.avif\" data-src=\"https:\/\/paristouristinformation.fr\/wp-content\/uploads\/2025\/12\/Louvre-Museum-Guided-Tour3.avif\" loading=\"lazy\" data-sizes=\"{&quot;full&quot;:{&quot;url&quot;:&quot;https:\/\/paristouristinformation.fr\/wp-content\/uploads\/2025\/12\/Louvre-Museum-Guided-Tour3.avif&quot;}}\"><\/span><span><img decoding=\"async\" alt=\"\" data-id=\"16764\" width=\"\" height=\"undefined\" title=\"F\u00fchrung durch das Louvre-Museum4\" src=\"https:\/\/paristouristinformation.fr\/wp-content\/uploads\/2025\/12\/Louvre-Museum-Guided-Tour4.avif\" data-src=\"https:\/\/paristouristinformation.fr\/wp-content\/uploads\/2025\/12\/Louvre-Museum-Guided-Tour4.avif\" loading=\"lazy\" data-sizes=\"{&quot;full&quot;:{&quot;url&quot;:&quot;https:\/\/paristouristinformation.fr\/wp-content\/uploads\/2025\/12\/Louvre-Museum-Guided-Tour4.avif&quot;}}\"><\/span><span><img decoding=\"async\" alt=\"\" data-id=\"16765\" width=\"\" height=\"undefined\" title=\"F\u00fchrung durch das Louvre5\" src=\"https:\/\/paristouristinformation.fr\/wp-content\/uploads\/2025\/12\/Louvre-Museum-Guided-Tour5.avif\" data-src=\"https:\/\/paristouristinformation.fr\/wp-content\/uploads\/2025\/12\/Louvre-Museum-Guided-Tour5.avif\" loading=\"lazy\" data-sizes=\"{&quot;full&quot;:{&quot;url&quot;:&quot;https:\/\/paristouristinformation.fr\/wp-content\/uploads\/2025\/12\/Louvre-Museum-Guided-Tour5.avif&quot;}}\"><\/span><span><img decoding=\"async\" alt=\"\" data-id=\"16766\" width=\"\" height=\"undefined\" title=\"F\u00fchrung durch das Louvre-Museum6\" src=\"https:\/\/paristouristinformation.fr\/wp-content\/uploads\/2025\/12\/Louvre-Museum-Guided-Tour6.avif\" data-src=\"https:\/\/paristouristinformation.fr\/wp-content\/uploads\/2025\/12\/Louvre-Museum-Guided-Tour6.avif\" loading=\"lazy\" data-sizes=\"{&quot;full&quot;:{&quot;url&quot;:&quot;https:\/\/paristouristinformation.fr\/wp-content\/uploads\/2025\/12\/Louvre-Museum-Guided-Tour6.avif&quot;}}\"><\/span><span><img decoding=\"async\" alt=\"\" data-id=\"16767\" width=\"\" height=\"undefined\" title=\"F\u00fchrung durch das Louvre-Museum7\" src=\"https:\/\/paristouristinformation.fr\/wp-content\/uploads\/2025\/12\/Louvre-Museum-Guided-Tour7.avif\" data-src=\"https:\/\/paristouristinformation.fr\/wp-content\/uploads\/2025\/12\/Louvre-Museum-Guided-Tour7.avif\" loading=\"lazy\" data-sizes=\"{&quot;full&quot;:{&quot;url&quot;:&quot;https:\/\/paristouristinformation.fr\/wp-content\/uploads\/2025\/12\/Louvre-Museum-Guided-Tour7.avif&quot;}}\"><\/span><span><img decoding=\"async\" alt=\"\" data-id=\"16768\" width=\"\" height=\"undefined\" title=\"F\u00fchrung durch das Louvre-Museum8\" src=\"https:\/\/paristouristinformation.fr\/wp-content\/uploads\/2025\/12\/Louvre-Museum-Guided-Tour8.avif\" data-src=\"https:\/\/paristouristinformation.fr\/wp-content\/uploads\/2025\/12\/Louvre-Museum-Guided-Tour8.avif\" loading=\"lazy\" data-sizes=\"{&quot;full&quot;:{&quot;url&quot;:&quot;https:\/\/paristouristinformation.fr\/wp-content\/uploads\/2025\/12\/Louvre-Museum-Guided-Tour8.avif&quot;}}\"><\/span><\/p>\n<h1 data-qa-marker=\"product-name\">Mona Lisa &amp; Louvre Meisterwerke Tour mit reserviertem Zugang<\/h1>\n<h2><a href=\"https:\/\/www.getyourguide.com\/paris-l16\/quick-entrance-louvre-museum-3-hour-tour-t10505\/?partner_id=NO9XIDE&amp;utm_medium=online_publisher&amp;cmp=LouvreMuseumTourSP\" target=\"_blank\" rel=\"nofollow noopener\" style=\"outline: none;\"><\/a><a href=\"https:\/\/www.getyourguide.com\/paris-l16\/quick-entrance-louvre-museum-3-hour-tour-t10505\/?partner_id=NO9XIDE&amp;utm_medium=online_publisher&amp;cmp=ParisDeLouvreMuseumTourSP\" rel=\"nofollow noopener\" spellcheck=\"false\" target=\"_blank\" style=\"outline: none;\">Zur Buchung<\/a><\/h2>\n<h1><a href=\"https:\/\/www.getyourguide.com\/paris-l16\/quick-entrance-louvre-museum-3-hour-tour-t10505\/?partner_id=NO9XIDE&amp;utm_medium=online_publisher&amp;cmp=ParisDeLouvreMuseumTourSP\" target=\"_blank\" rel=\"nofollow noopener\" style=\"outline: none;\" spellcheck=\"false\"><span style=\"font-weight: normal;\">Ab 80<\/span><strong>&nbsp;<\/strong><span style=\"font-weight: normal;\">\u20ac<\/span><\/a><\/h1>\n<p dir=\"ltr\">Genie\u00dfen Sie eine <strong>F\u00fchrung durch das Louvre-Museum <\/strong>mit reserviertem Zugang und Expertenkommentaren, die die kultigsten Meisterwerke des Museums abdecken. Sehen Sie die <strong>Mona Lisa, klassische Skulpturen und k\u00f6nigliche Galerien<\/strong>, w\u00e4hrend Sie Zeit sparen und einen tieferen Einblick in weltber\u00fchmte Kunst erhalten.<\/p>\n<ul>\n<li style=\"\"><span style=\"\">Dauer 14 Stunden<\/span><\/li>\n<li style=\"\"><span style=\"\">Live-Reiseleiter<\/span><\/li>\n<li style=\"\"><span style=\"\">Optionaler Audioguide<\/span><\/li>\n<li style=\"\"><span style=\"\">Kostenlose Stornierung<\/span><\/li>\n<\/ul>\n<h2>Inbegriffen<\/h2>\n<ul>\n<li style=\"\">                    <span>Reservierter Zugang und Eintrittskarte f\u00fcr das Louvre-Museum<\/span><\/li>\n<li style=\"\">                    <span>F\u00fchrung durch das Louvre-Museum mit einem erfahrenen englischsprachigen F\u00fchrer<\/span><\/li>\n<li style=\"\">                    <span>Pers\u00f6nliches Headset f\u00fcr klaren Ton w\u00e4hrend des gesamten Besuchs<\/span><\/li>\n<li style=\"\">                    <span>Wein- und K\u00e4severkostung in einer Weinbar im Zentrum von Paris (optionales Upgrade)<\/span><\/li>\n<\/ul>\n<h2>Nicht inbegriffen<\/h2>\n<ul>\n<li style=\"\"><span>Abholung und R\u00fcckgabe im Hotel<\/span><\/li>\n<li style=\"\"><span>Trinkgelder<\/span><\/li>\n<\/ul>\n<h2>Wichtige Informationen<\/h2>\n<ul>\n<li style=\"\"><span>Die F\u00fchrung durch das Louvre-Museum beinhaltet einen ausgiebigen Spaziergang<\/span><\/li>\n<li><span>Nicht geeignet f\u00fcr Rollstuhlfahrer oder G\u00e4ste mit eingeschr\u00e4nkter Mobilit\u00e4t<\/span><\/li>\n<li><span>Eintrittskarte und erforderliche Reservierungsgeb\u00fchren sind im Tourpreis enthalten<\/span><\/li>\n<li><span>Gro\u00dfe Taschen und Gegenst\u00e4nde gr\u00f6\u00dfer als 55 x 35 x 20 cm sind nicht erlaubt<\/span><\/li>\n<li><span>Alle Besucher m\u00fcssen vor dem Betreten die Sicherheitskontrolle bestehen<\/span><\/li>\n<li><span>Gruppen von sieben oder mehr Personen k\u00f6nnen am Tag der Tour aufgeteilt werden<\/span><\/li>\n<\/ul>\n<h2>Beschreibung:<\/h2>\n<p dir=\"ltr\">Erkunden Sie das ber\u00fchmteste Museum der Welt auf einer <strong>F\u00fchrung durch das Louvre-Museum<\/strong>, die von einem erfahrenen Kunsthistoriker geleitet wird. Stellen Sie sich vor die <strong>Mona Lisa<\/strong>, bewundern Sie die <strong>Venus de Milo <\/strong>und bestaunen Sie den <strong>gefl\u00fcgelten Sieg von Samothrace, <\/strong>w\u00e4hrend Sie die Geschichten hinter diesen legend\u00e4ren Werken aufdecken.<\/p>\n<p dir=\"ltr\">Entdecken Sie antike <strong>\u00e4gyptische Sch\u00e4tze, Meisterwerke der Renaissance und opulente k\u00f6nigliche R\u00e4ume <\/strong>wie die Apollo Gallery und die Napoleon Apartments. F\u00fcr einen zus\u00e4tzlichen Hauch von Pariser Genuss k\u00f6nnen Sie Ihr Erlebnis mit einer kuratierten Wein- und K\u00e4severkostung nach der Tour aufwerten.<\/p>\n<h2>H\u00f6hepunkte:<\/h2>\n<ul>\n<li dir=\"ltr\">Reservierter Zugang zum Louvre-Museum<\/li>\n<li dir=\"ltr\">Sehen Sie die Mona Lisa aus der N\u00e4he mit Experteneinblicken<\/li>\n<li dir=\"ltr\">Entdecken Sie griechische, r\u00f6mische und \u00e4gyptische Altert\u00fcmer<\/li>\n<li dir=\"ltr\">Bewundern Sie Meisterwerke von Da Vinci, Raphael, Michelangelo und Canova<\/li>\n<li dir=\"ltr\">Besuchen Sie die Apollo Gallery und die Napoleon Apartments<\/li>\n<li dir=\"ltr\">Optionale Wein- und K\u00e4severkostung im Zentrum von Paris<\/li>\n<\/ul>\n<h2>Louvre-Museum<\/h2>\n<h2>Stornierungsrichtlinien<\/h2>\n<p>Eintrittskarten f\u00fcr die F\u00fchrung durch das Louvre-Museum k\u00f6nnen bis zu 24 Stunden im Voraus f\u00fcr eine volle R\u00fcckerstattung storniert werden.<\/p>\n<h2>Treffpunkt &amp; Anleitung<\/h2>\n<p dir=\"ltr\">Treffen Sie das Team <strong>neben dem Arc de Triomphe du Carrousel<\/strong>, gegen\u00fcber der Louvre-Pyramide und in der N\u00e4he des Eingangs zum Tuileriengarten. Die Koordinatoren werden <strong>blaue Kleidung tragen <\/strong>und entlang des Wandgel\u00e4nders links vom Bogen stehen.<\/p>\n<p><a href=\"https:\/\/maps.app.goo.gl\/1Z4STAPs9eNZffEM7\" style=\"outline: none;\" data-lt-tmp-id=\"lt-755238\" spellcheck=\"false\" target=\"_blank\" rel=\"nofollow noopener\">In Karten \u00f6ffnen<\/a><\/p>\n<h2>Bewertungen<\/h2>\n<p><strong>4,6\/5 <\/strong><strong>(6.655 Bewertungen)<\/strong><\/p>\n<p dir=\"ltr\"><em>&#8222;Omar war ein gro\u00dfartiger Reiseleiter und teilte viel gro\u00dfartige Geschichte\/Hintergrund auf den wichtigsten Kunstwerken! Wir haben die Tour wirklich genossen und Omar hat daf\u00fcr gesorgt, dass wir Platz haben, um jedes Kunstwerk zu bewundern, das in einer Menschenmenge schwierig sein kann. Es war genug Zeit, um unsere M\u00e4ntel zu \u00fcberpr\u00fcfen und die Toilette zu benutzen. Die Tour endet an der Mona Lisa und Sie k\u00f6nnen den Louvre anschlie\u00dfend erkunden. Tolle Art, den Tag zu verbringen!&#8220;<\/em> Amelia, Dez. 2025 <a href=\"https:\/\/www.getyourguide.com\/paris-l16\/quick-entrance-louvre-museum-3-hour-tour-t10505\/?partner_id=NO9XIDE&amp;utm_medium=online_publisher&amp;cmp=ParisDeLouvreMuseumTourSP\" target=\"_blank\" rel=\"nofollow noopener\" data-lt-tmp-id=\"lt-848581\" spellcheck=\"false\" style=\"outline: none;\">&gt;&gt; Weitere Bewertungen anzeigen<\/a><\/p>\n<h2>Weitere Aktivit\u00e4ten, die Ihnen gefallen k\u00f6nnten<\/h2>\n<p><span>#2<\/span><span>#2<\/span><span><img decoding=\"async\" alt=\"\" data-id=\"16770\" width=\"159\" data-init-width=\"930\" height=\"106\" data-init-height=\"581\" title=\"Von Paris Versailles Palace &amp; Gardens mit Transport\" loading=\"lazy\" src=\"https:\/\/paristouristinformation.fr\/wp-content\/uploads\/2025\/12\/From-Paris-Versailles-Palace-Gardens-with-Transportation.avif\" data-width=\"159\" data-height=\"106\" style=\"aspect-ratio: auto 930 \/ 581;\"><\/span><\/p>\n<table>\n<tbody>\n<tr>\n<td><a href=\"https:\/\/www.getyourguide.com\/paris-l16\/from-paris-versailles-palace-gardens-with-transportation-t415425\/?partner_id=NO9XIDE&amp;utm_medium=online_publisher&amp;cmp=ParisDeLouvreMuseumTourSP2\" target=\"_blank\" rel=\"nofollow noopener\" style=\"outline: none;\" data-lt-tmp-id=\"lt-139864\" spellcheck=\"false\"><span data-v-f40aa250=\"\"><span data-v-f40aa250=\"\">Von Paris: Schloss Versailles und G\u00e4rten mit Transport<\/span><\/span><\/a><\/td>\n<\/tr>\n<\/tbody>\n<\/table>\n<p dir=\"ltr\">Reisen Sie bequem von Paris nach Versailles und erkunden Sie den pr\u00e4chtigen Palast und seine weitl\u00e4ufigen G\u00e4rten. Mit Transport inklusive, genie\u00dfen Sie einen reibungslosen, gut organisierten Besuch eines der bekanntesten k\u00f6niglichen Wahrzeichen Frankreichs.<\/p>\n<h3 style=\"\">Gesamtpreis<\/h3>\n<h3 style=\"\">Ihr Konto wird noch nicht belastet<\/h3>\n<p><span>#2<\/span><span><img decoding=\"async\" alt=\"\" data-id=\"16771\" width=\"159\" data-init-width=\"1185\" height=\"106\" data-init-height=\"616\" title=\"Paris Tootbus Hop-on Hop-off (optionale Flusskreuzfahrt)\" loading=\"lazy\" src=\"https:\/\/paristouristinformation.fr\/wp-content\/uploads\/2025\/12\/Paris-Tootbus-Hop-on-Hop-off-Optional-River-Cruise.avif\" data-width=\"159\" data-height=\"106\" style=\"aspect-ratio: auto 1185 \/ 616;\"><\/span><\/p>\n<table>\n<tbody>\n<tr>\n<td><a href=\"https:\/\/www.getyourguide.com\/paris-l16\/paris-tootbus-hop-on-hop-off-optional-river-cruise-t381474\/?partner_id=NO9XIDE&amp;utm_medium=online_publisher&amp;cmp=ParisDeLouvreMuseumTourSP3\" target=\"_blank\" rel=\"nofollow noopener\" style=\"outline: none;\" data-lt-tmp-id=\"lt-514898\" spellcheck=\"false\"><span data-v-f40aa250=\"\"><span data-v-f40aa250=\"\">Paris: Tootbus Hop-on Hop-off (Optionale Flusskreuzfahrt)<\/span><\/span><\/a><\/td>\n<\/tr>\n<\/tbody>\n<\/table>\n<p>Entdecken Sie Paris in Ihrem eigenen Tempo auf einer flexiblen Tootbus-Hop-on-Hop-off-Tour, die an wichtigen Sehensw\u00fcrdigkeiten in der ganzen Stadt Halt macht. Verbessern Sie Ihr Erlebnis, indem Sie eine optionale Kreuzfahrt mit dem Fluss Seine f\u00fcr malerische Ausblicke vom Wasser hinzuf\u00fcgen.<\/p>\n<h3 style=\"\">Gesamtpreis<\/h3>\n<h3 style=\"\">Ihr Konto wird noch nicht belastet<\/h3>\n<p><\/p>\n<h2><a href=\"https:\/\/www.getyourguide.com\/paris-l16\/quick-entrance-louvre-museum-3-hour-tour-t10505\/?partner_id=NO9XIDE&amp;utm_medium=online_publisher&amp;cmp=ParisDeLouvreMuseumTourSP\" target=\"_blank\" rel=\"nofollow noopener\" style=\"outline: none;\" spellcheck=\"false\">Zur Buchung<\/a><\/h2>\n<h1><a href=\"https:\/\/www.getyourguide.com\/paris-l16\/quick-entrance-louvre-museum-3-hour-tour-t10505\/?partner_id=NO9XIDE&amp;utm_medium=online_publisher&amp;cmp=ParisDeLouvreMuseumTourSP\" target=\"_blank\" rel=\"nofollow noopener\" style=\"outline: none;\" spellcheck=\"false\"><span style=\"font-weight: normal;\">Ab 80<\/span><strong>&nbsp;\u20ac<\/strong><\/a><\/h1>\n<p>Ihr Konto wird noch nicht belastet<\/p>\n","protected":false},"excerpt":{"rendered":"<p>Mona Lisa &amp; Louvre Meisterwerke Tour mit reserviertem Zugang Zur Buchung Ab 80&nbsp;\u20ac Genie\u00dfen Sie eine F\u00fchrung durch das Louvre-Museum mit reserviertem Zugang und Expertenkommentaren, die die kultigsten Meisterwerke des Museums abdecken. Sehen Sie die Mona Lisa, klassische Skulpturen und k\u00f6nigliche Galerien, w\u00e4hrend Sie Zeit sparen und einen tieferen Einblick in weltber\u00fchmte Kunst erhalten. Dauer [&hellip;]<\/p>\n","protected":false},"author":10,"featured_media":15632,"parent":0,"menu_order":0,"comment_status":"closed","ping_status":"closed","template":"","meta":{"footnotes":""},"tags":[69],"class_list":["post-15631","page","type-page","status-publish","has-post-thumbnail","hentry","tag-sales-pages","post-wrapper","thrv_wrapper"],"wp-worthy-pixel":{"ignored":false,"public":null,"server":null,"url":null},"wp-worthy-type":"normal","_links":{"self":[{"href":"https:\/\/www.paristouristinformation.fr\/de\/wp-json\/wp\/v2\/pages\/15631","targetHints":{"allow":["GET"]}}],"collection":[{"href":"https:\/\/www.paristouristinformation.fr\/de\/wp-json\/wp\/v2\/pages"}],"about":[{"href":"https:\/\/www.paristouristinformation.fr\/de\/wp-json\/wp\/v2\/types\/page"}],"author":[{"embeddable":true,"href":"https:\/\/www.paristouristinformation.fr\/de\/wp-json\/wp\/v2\/users\/10"}],"replies":[{"embeddable":true,"href":"https:\/\/www.paristouristinformation.fr\/de\/wp-json\/wp\/v2\/comments?post=15631"}],"version-history":[{"count":10,"href":"https:\/\/www.paristouristinformation.fr\/de\/wp-json\/wp\/v2\/pages\/15631\/revisions"}],"predecessor-version":[{"id":15932,"href":"https:\/\/www.paristouristinformation.fr\/de\/wp-json\/wp\/v2\/pages\/15631\/revisions\/15932"}],"wp:featuredmedia":[{"embeddable":true,"href":"https:\/\/www.paristouristinformation.fr\/de\/wp-json\/wp\/v2\/media\/15632"}],"wp:attachment":[{"href":"https:\/\/www.paristouristinformation.fr\/de\/wp-json\/wp\/v2\/media?parent=15631"}],"wp:term":[{"taxonomy":"post_tag","embeddable":true,"href":"https:\/\/www.paristouristinformation.fr\/de\/wp-json\/wp\/v2\/tags?post=15631"}],"curies":[{"name":"wp","href":"https:\/\/api.w.org\/{rel}","templated":true}]}}