{"id":15643,"date":"2026-04-08T10:52:27","date_gmt":"2026-04-08T10:52:27","guid":{"rendered":"https:\/\/www.paristouristinformation.fr\/de\/?page_id=15643"},"modified":"2026-04-08T10:54:37","modified_gmt":"2026-04-08T10:54:37","slug":"tour-zum-friedhof-pere-lachaise-paris","status":"publish","type":"page","link":"https:\/\/www.paristouristinformation.fr\/de\/tour-zum-friedhof-pere-lachaise-paris\/","title":{"rendered":"Paris: Gef\u00fchrte Tour zum Friedhof P\u00e8re Lachaise"},"content":{"rendered":"<p><span><img decoding=\"async\" alt=\"Paris P\u00e8re Lachaise Friedhof Tour\" data-id=\"16799\" width=\"\" height=\"undefined\" title=\"Paris P\u00e8re Lachaise Friedhof Tour\" src=\"https:\/\/paristouristinformation.fr\/wp-content\/uploads\/2025\/12\/Paris-Pere-Lachaise-Cemetery-tour1.avif\" data-src=\"https:\/\/paristouristinformation.fr\/wp-content\/uploads\/2025\/12\/Paris-Pere-Lachaise-Cemetery-tour1.avif\" loading=\"lazy\" data-sizes=\"{&quot;full&quot;:{&quot;url&quot;:&quot;https:\/\/paristouristinformation.fr\/wp-content\/uploads\/2025\/12\/Paris-Pere-Lachaise-Cemetery-tour1.avif&quot;}}\"><\/span><span><img decoding=\"async\" alt=\"\" data-id=\"16800\" width=\"\" height=\"undefined\" title=\"Paris P\u00e8re Lachaise Friedhof Tour\" src=\"https:\/\/paristouristinformation.fr\/wp-content\/uploads\/2025\/12\/Paris-Pere-Lachaise-Cemetery-tour2.avif\" data-src=\"https:\/\/paristouristinformation.fr\/wp-content\/uploads\/2025\/12\/Paris-Pere-Lachaise-Cemetery-tour2.avif\" loading=\"lazy\" data-sizes=\"{&quot;full&quot;:{&quot;url&quot;:&quot;https:\/\/paristouristinformation.fr\/wp-content\/uploads\/2025\/12\/Paris-Pere-Lachaise-Cemetery-tour2.avif&quot;}}\"><\/span><span><img decoding=\"async\" alt=\"\" data-id=\"16801\" width=\"\" height=\"undefined\" title=\"Paris P\u00e8re Lachaise Friedhof Tour\" src=\"https:\/\/paristouristinformation.fr\/wp-content\/uploads\/2025\/12\/Paris-Pere-Lachaise-Cemetery-tour3.avif\" data-src=\"https:\/\/paristouristinformation.fr\/wp-content\/uploads\/2025\/12\/Paris-Pere-Lachaise-Cemetery-tour3.avif\" loading=\"lazy\" data-sizes=\"{&quot;full&quot;:{&quot;url&quot;:&quot;https:\/\/paristouristinformation.fr\/wp-content\/uploads\/2025\/12\/Paris-Pere-Lachaise-Cemetery-tour3.avif&quot;}}\"><\/span><span><img decoding=\"async\" alt=\"\" data-id=\"16802\" width=\"\" height=\"undefined\" title=\"Paris P\u00e8re Lachaise Friedhof Tour\" src=\"https:\/\/paristouristinformation.fr\/wp-content\/uploads\/2025\/12\/Paris-Pere-Lachaise-Cemetery-tour4.avif\" data-src=\"https:\/\/paristouristinformation.fr\/wp-content\/uploads\/2025\/12\/Paris-Pere-Lachaise-Cemetery-tour4.avif\" loading=\"lazy\" data-sizes=\"{&quot;full&quot;:{&quot;url&quot;:&quot;https:\/\/paristouristinformation.fr\/wp-content\/uploads\/2025\/12\/Paris-Pere-Lachaise-Cemetery-tour4.avif&quot;}}\"><\/span><span><img decoding=\"async\" alt=\"\" data-id=\"16803\" width=\"\" height=\"undefined\" title=\"Paris P\u00e8re Lachaise Friedhof Tour\" src=\"https:\/\/paristouristinformation.fr\/wp-content\/uploads\/2025\/12\/Paris-Pere-Lachaise-Cemetery-tour5.avif\" data-src=\"https:\/\/paristouristinformation.fr\/wp-content\/uploads\/2025\/12\/Paris-Pere-Lachaise-Cemetery-tour5.avif\" loading=\"lazy\" data-sizes=\"{&quot;full&quot;:{&quot;url&quot;:&quot;https:\/\/paristouristinformation.fr\/wp-content\/uploads\/2025\/12\/Paris-Pere-Lachaise-Cemetery-tour5.avif&quot;}}\"><\/span><span><img decoding=\"async\" alt=\"\" data-id=\"16804\" width=\"\" height=\"undefined\" title=\"Paris P\u00e8re Lachaise Friedhof Tour\" src=\"https:\/\/paristouristinformation.fr\/wp-content\/uploads\/2025\/12\/Paris-Pere-Lachaise-Cemetery-tour6.avif\" data-src=\"https:\/\/paristouristinformation.fr\/wp-content\/uploads\/2025\/12\/Paris-Pere-Lachaise-Cemetery-tour6.avif\" loading=\"lazy\" data-sizes=\"{&quot;full&quot;:{&quot;url&quot;:&quot;https:\/\/paristouristinformation.fr\/wp-content\/uploads\/2025\/12\/Paris-Pere-Lachaise-Cemetery-tour6.avif&quot;}}\"><\/span><span><img decoding=\"async\" alt=\"\" data-id=\"16805\" width=\"\" height=\"undefined\" title=\"Paris P\u00e8re Lachaise Friedhof Tour\" src=\"https:\/\/paristouristinformation.fr\/wp-content\/uploads\/2025\/12\/Paris-Pere-Lachaise-Cemetery-tour7.avif\" data-src=\"https:\/\/paristouristinformation.fr\/wp-content\/uploads\/2025\/12\/Paris-Pere-Lachaise-Cemetery-tour7.avif\" loading=\"lazy\" data-sizes=\"{&quot;full&quot;:{&quot;url&quot;:&quot;https:\/\/paristouristinformation.fr\/wp-content\/uploads\/2025\/12\/Paris-Pere-Lachaise-Cemetery-tour7.avif&quot;}}\"><\/span><span><img decoding=\"async\" alt=\"\" data-id=\"16806\" width=\"\" height=\"undefined\" title=\"Paris P\u00e8re Lachaise Friedhof Tour\" src=\"https:\/\/paristouristinformation.fr\/wp-content\/uploads\/2025\/12\/Paris-Pere-Lachaise-Cemetery-tour8.avif\" data-src=\"https:\/\/paristouristinformation.fr\/wp-content\/uploads\/2025\/12\/Paris-Pere-Lachaise-Cemetery-tour8.avif\" loading=\"lazy\" data-sizes=\"{&quot;full&quot;:{&quot;url&quot;:&quot;https:\/\/paristouristinformation.fr\/wp-content\/uploads\/2025\/12\/Paris-Pere-Lachaise-Cemetery-tour8.avif&quot;}}\"><\/span><\/p>\n<h1 dir=\"ltr\">Paris: Gef\u00fchrte Tour zum heimgesuchten Friedhof P\u00e8re Lachaise<\/h1>\n<h2><a href=\"https:\/\/www.getyourguide.com\/paris-l16\/paris-haunted-pere-lachaise-cemetery-guided-tour-t432094\/?partner_id=NO9XIDE&amp;utm_medium=online_publisher&amp;cmp=ParisTiDePereLachaiseTourSP\" target=\"_blank\" rel=\"nofollow noopener\" style=\"outline: none;\">Zur Buchung<\/a><\/h2>\n<h1><a href=\"https:\/\/www.getyourguide.com\/paris-l16\/paris-haunted-pere-lachaise-cemetery-guided-tour-t432094\/?partner_id=NO9XIDE&amp;utm_medium=online_publisher&amp;cmp=ParisTiDePereLachaiseTourSP\" target=\"_blank\" rel=\"nofollow noopener\" style=\"outline: none;\" spellcheck=\"false\"><span style=\"font-weight: normal;\">Ab 16<\/span><strong>&nbsp;<\/strong><span style=\"font-weight: normal;\">\u20ac<\/span><\/a><\/h1>\n<p dir=\"ltr\">Nehmen Sie an einer gef\u00fchrten Tour zum<strong>&nbsp;Friedhof P\u00e8re Lachaise teil&nbsp;<\/strong>und erkunden Sie eines der faszinierendsten Wahrzeichen der Stadt mit einem sachkundigen F\u00fchrer. Besuchen Sie <strong>ber\u00fchmte Gr\u00e4ber<\/strong>, h\u00f6ren Sie erschreckende Legenden und entdecken Sie unheimliche Geschichten, die eine andere Seite der Pariser Geschichte enth\u00fcllen.<\/p>\n<ul>\n<li style=\"\"><span style=\"\">Dauer 2 Stunden<\/span><\/li>\n<li style=\"\"><span style=\"\">Live-Reiseleiter<\/span><\/li>\n<li style=\"\"><span style=\"\">Jetzt buchen &amp; sp\u00e4ter bezahlen<\/span><\/li>\n<li style=\"\"><span style=\"\">Kostenlose Stornierung<\/span><\/li>\n<\/ul>\n<h2>Inbegriffen<\/h2>\n<ul>\n<li style=\"\">                    <span>Gef\u00fchrter Rundgang durch Paris P\u00e8re Lachaise mit einem sachkundigen lokalen F\u00fchrer<\/span><\/li>\n<li style=\"\">                    <span>Storytelling konzentriert sich auf ber\u00fchmte Bewohner und gespenstische Legenden<\/span><\/li>\n<li style=\"\">                    <span>Erkundung von Schl\u00fcsselbereichen innerhalb des Friedhofs<\/span><\/li>\n<\/ul>\n<h2>Nicht inbegriffen<\/h2>\n<ul>\n<li style=\"\"><span>Abholung und R\u00fcckgabe im Hotel<\/span><\/li>\n<li style=\"\"><span>Essen und Trinken<\/span><\/li>\n<li style=\"\"><span>Trinkgeld<\/span><\/li>\n<\/ul>\n<h2>Wichtige Informationen<\/h2>\n<ul>\n<li style=\"\"><span>Nicht geeignet f\u00fcr Menschen mit eingeschr\u00e4nkter Mobilit\u00e4t<\/span><\/li>\n<li><span>Bequeme Wanderschuhe werden empfohlen<\/span><\/li>\n<li><span>Die Tour findet statt, Regen oder Sonnenschein<\/span><\/li>\n<li><span>M\u00e4\u00dfiges Gehen auf unebenen Wegen ist erforderlich<\/span><\/li>\n<li><span>Bitte kommen Sie ein paar Minuten fr\u00fcher am Treffpunkt an<\/span><\/li>\n<\/ul>\n<h2>Beschreibung:<\/h2>\n<p dir=\"ltr\">Entdecken Sie die geheimnisvolle Seite des <strong>Pariser Friedhofs P\u00e8re Lachaise&nbsp;<\/strong>auf einem gef\u00fchrten Spaziergang durch seine schattigen Wege und historischen Gr\u00e4ber. Dieses immersive Erlebnis verbindet <strong>Geschichte, Promi-Geschichten und erschreckende paranormale Geschichten<\/strong>, die mit dem ber\u00fchmtesten Friedhof der Stadt verbunden sind.<\/p>\n<p dir=\"ltr\">Besuchen Sie die <strong>letzten Ruhest\u00e4tten ikonischer Pers\u00f6nlichkeiten<\/strong>, w\u00e4hrend Sie Geschichten von unerkl\u00e4rlichen Sichtungen, unruhigen Geistern und seltsamen Kulten h\u00f6ren, die einst mit dem Gel\u00e4nde in Verbindung gebracht wurden. Unter der Leitung eines leidenschaftlichen F\u00fchrers zeigt diese <strong>P\u00e8re Lachaise-Tour<\/strong>, warum sie einer der faszinierendsten und eindringlichsten Orte in Paris bleibt.<\/p>\n<h2>H\u00f6hepunkte:<\/h2>\n<ul>\n<li dir=\"ltr\">Erkunden Sie einen der heimgesuchten und beliebtesten Orte in Paris: P\u00e8re Lachaise Cemetery<\/li>\n<li dir=\"ltr\">Besuchen Sie die Gr\u00e4ber von Jim Morrison, Oscar Wilde und Edith Piaf<\/li>\n<li dir=\"ltr\">H\u00f6ren Sie authentische Geistergeschichten und gemeldete paranormale Begegnungen<\/li>\n<li dir=\"ltr\">Erfahren Sie mehr \u00fcber die lange und ungew\u00f6hnliche Geschichte des Friedhofs<\/li>\n<li dir=\"ltr\">Entdecken Sie weniger bekannte Legenden, die zwischen den Gr\u00e4bern versteckt sind<\/li>\n<li dir=\"ltr\">Genie\u00dfen Sie eine einzigartige Alternative zu klassischen Stadtrundfahrten<\/li>\n<\/ul>\n<p><strong><\/strong><\/p>\n<h2>Friedhof von P\u00e8re-Lachaise<\/h2>\n<h2>Stornierungsrichtlinien<\/h2>\n<p>Die kostenlose Stornierung ist bis zu 24 Stunden vor der geplanten Startzeit m\u00f6glich, um eine volle R\u00fcckerstattung zu erhalten.<\/p>\n<h2>Treffpunkt &amp; Anleitung<\/h2>\n<p dir=\"ltr\">Treffen Sie Ihren F\u00fchrer am Haupteingang des Friedhofs P\u00e8re Lachaise am Boulevard de M\u00e9nilmontant, an der Ecke Rue de la Roquette und Boulevard de M\u00e9nilmontant. Die n\u00e4chstgelegenen U-Bahn-Stationen sind Philippe Auguste und P\u00e8re Lachaise. Bitte kommen Sie fr\u00fch an, um einen reibungslosen Start zu gew\u00e4hrleisten.<\/p>\n<p><a href=\"https:\/\/maps.app.goo.gl\/S7rkDBULNhYFKtss6\" style=\"outline: none;\" data-lt-tmp-id=\"lt-755238\" spellcheck=\"false\" target=\"_blank\" rel=\"nofollow noopener\">In Karten \u00f6ffnen<\/a><\/p>\n<h2>Bewertungen&nbsp;<\/h2>\n<p><strong>4.5\/5 <\/strong><strong>(3.467 Bewertungen)<\/strong><\/p>\n<p dir=\"ltr\"><em>&#8222;Dies war eine wirklich unterhaltsame und interessante Tour und Phillipe war fabelhaft! Die Umgebung ist faszinierend und die Geschichten haben viel Spa\u00df gemacht. Das war etwas anderes und ein wenig aus dem Weg &#8211; ich habe es ungemein genossen.&#8220;<\/em> Jennifer, Dez. 2025 <a href=\"https:\/\/www.getyourguide.com\/paris-l16\/paris-haunted-pere-lachaise-cemetery-guided-tour-t432094\/?partner_id=NO9XIDE&amp;utm_medium=online_publisher&amp;cmp=ParisTiDePereLachaiseTourSP\" target=\"_blank\" rel=\"nofollow noopener\" data-lt-tmp-id=\"lt-485292\" spellcheck=\"false\" style=\"outline: none;\">&gt;&gt; Weitere Bewertungen anzeigen<\/a><\/p>\n<h2>Weitere Aktivit\u00e4ten, die Ihnen gefallen k\u00f6nnten<\/h2>\n<p><span>#2<\/span><span>#2<\/span><span><img decoding=\"async\" alt=\"\" data-id=\"16808\" width=\"159\" data-init-width=\"930\" height=\"106\" data-init-height=\"581\" title=\"Paris Dark History und geisterhafte gef\u00fchrte Wanderung\" loading=\"lazy\" src=\"https:\/\/paristouristinformation.fr\/wp-content\/uploads\/2025\/12\/Paris-Dark-History-and-Ghostly-Guided-Walking-Tour.avif\" data-width=\"159\" data-height=\"106\" style=\"aspect-ratio: auto 930 \/ 581;\"><\/span><\/p>\n<table>\n<tbody>\n<tr>\n<td><a href=\"https:\/\/www.getyourguide.com\/paris-l16\/paris-dark-city-secrets-walking-tour-t359100\/?partner_id=NO9XIDE&amp;utm_medium=online_publisher&amp;cmp=ParisDePereLachaiseTourSP2\" target=\"_blank\" rel=\"nofollow noopener\" style=\"outline: none;\" data-lt-tmp-id=\"lt-515040\" spellcheck=\"false\"><span data-v-f40aa250=\"\"><span data-v-f40aa250=\"\">Paris: Dunkle Geschichte und geisterhafte gef\u00fchrte Wanderung<\/span><\/span><\/a><\/td>\n<\/tr>\n<\/tbody>\n<\/table>\n<p dir=\"ltr\">Treten Sie \u00fcber Postkarten-Paris hinaus und tauchen Sie auf dieser dunklen Geschichte und dem gespenstischen Rundgang in seine schattenhafte Vergangenheit ein. Folgen Sie Ihrem F\u00fchrer durch historische Viertel, w\u00e4hrend Sie unheimliche Geschichten, Legenden und unerkl\u00e4rliche Ereignisse entdecken.<\/p>\n<h3 style=\"\">Gesamtpreis<\/h3>\n<h3 style=\"\">Ihr Konto wird noch nicht belastet<\/h3>\n<p><span>#2<\/span><span><img decoding=\"async\" alt=\"\" data-id=\"16809\" width=\"159\" data-init-width=\"1185\" height=\"106\" data-init-height=\"616\" title=\"Die offizielle Emily in Paris Locations Walking Tour\" loading=\"lazy\" src=\"https:\/\/paristouristinformation.fr\/wp-content\/uploads\/2025\/12\/The-Official-Emily-in-Paris-Locations-Walking-Tour.avif\" data-width=\"159\" data-height=\"106\" style=\"aspect-ratio: auto 1185 \/ 616;\"><\/span><\/p>\n<table>\n<tbody>\n<tr>\n<td><a href=\"https:\/\/www.getyourguide.com\/paris-l16\/the-official-emily-in-paris-locations-walking-tour-t931571\/?partner_id=NO9XIDE&amp;utm_medium=online_publisher&amp;cmp=ParisDePereLachaiseTourSP3\" target=\"_blank\" rel=\"nofollow noopener\" style=\"outline: none;\" data-lt-tmp-id=\"lt-3109\" spellcheck=\"false\"><span data-v-f40aa250=\"\"><span data-v-f40aa250=\"\">Die offizielle Emily in Paris Locations Walking Tour<\/span><\/span><\/a><\/td>\n<\/tr>\n<\/tbody>\n<\/table>\n<p>Betreten Sie die Welt von Emily in Paris auf einem offiziellen gef\u00fchrten Rundgang durch die kultigsten Drehorte der Serie. Besuchen Sie charmante Stra\u00dfen, ber\u00fchmte Caf\u00e9s und bildsch\u00f6ne Orte direkt aus der Serie.<\/p>\n<h3 style=\"\">Gesamtpreis<\/h3>\n<h3 style=\"\">Ihr Konto wird noch nicht belastet<\/h3>\n<p><\/p>\n<h2><a href=\"https:\/\/www.getyourguide.com\/paris-l16\/paris-haunted-pere-lachaise-cemetery-guided-tour-t432094\/?partner_id=NO9XIDE&amp;utm_medium=online_publisher&amp;cmp=ParisTiDePereLachaiseTourSP\" target=\"_blank\" rel=\"nofollow noopener\">Zur Buchung<\/a><\/h2>\n<h1><a href=\"https:\/\/www.getyourguide.com\/paris-l16\/paris-haunted-pere-lachaise-cemetery-guided-tour-t432094\/?partner_id=NO9XIDE&amp;utm_medium=online_publisher&amp;cmp=ParisTiDePereLachaiseTourSP\" target=\"_blank\" rel=\"nofollow noopener\" style=\"outline: none;\" spellcheck=\"false\"><span style=\"font-weight: normal;\">Ab 16<\/span><strong>&nbsp;\u20ac<\/strong><\/a><\/h1>\n<p style=\"\">Ihr Konto wird noch nicht belastet<\/p>\n","protected":false},"excerpt":{"rendered":"<p>Paris: Gef\u00fchrte Tour zum heimgesuchten Friedhof P\u00e8re Lachaise Zur Buchung Ab 16&nbsp;\u20ac Nehmen Sie an einer gef\u00fchrten Tour zum&nbsp;Friedhof P\u00e8re Lachaise teil&nbsp;und erkunden Sie eines der faszinierendsten Wahrzeichen der Stadt mit einem sachkundigen F\u00fchrer. Besuchen Sie ber\u00fchmte Gr\u00e4ber, h\u00f6ren Sie erschreckende Legenden und entdecken Sie unheimliche Geschichten, die eine andere Seite der Pariser Geschichte enth\u00fcllen. [&hellip;]<\/p>\n","protected":false},"author":10,"featured_media":15644,"parent":0,"menu_order":0,"comment_status":"closed","ping_status":"closed","template":"","meta":{"footnotes":""},"tags":[69],"class_list":["post-15643","page","type-page","status-publish","has-post-thumbnail","hentry","tag-sales-pages","post-wrapper","thrv_wrapper"],"wp-worthy-pixel":{"ignored":false,"public":null,"server":null,"url":null},"wp-worthy-type":"normal","_links":{"self":[{"href":"https:\/\/www.paristouristinformation.fr\/de\/wp-json\/wp\/v2\/pages\/15643","targetHints":{"allow":["GET"]}}],"collection":[{"href":"https:\/\/www.paristouristinformation.fr\/de\/wp-json\/wp\/v2\/pages"}],"about":[{"href":"https:\/\/www.paristouristinformation.fr\/de\/wp-json\/wp\/v2\/types\/page"}],"author":[{"embeddable":true,"href":"https:\/\/www.paristouristinformation.fr\/de\/wp-json\/wp\/v2\/users\/10"}],"replies":[{"embeddable":true,"href":"https:\/\/www.paristouristinformation.fr\/de\/wp-json\/wp\/v2\/comments?post=15643"}],"version-history":[{"count":8,"href":"https:\/\/www.paristouristinformation.fr\/de\/wp-json\/wp\/v2\/pages\/15643\/revisions"}],"predecessor-version":[{"id":15940,"href":"https:\/\/www.paristouristinformation.fr\/de\/wp-json\/wp\/v2\/pages\/15643\/revisions\/15940"}],"wp:featuredmedia":[{"embeddable":true,"href":"https:\/\/www.paristouristinformation.fr\/de\/wp-json\/wp\/v2\/media\/15644"}],"wp:attachment":[{"href":"https:\/\/www.paristouristinformation.fr\/de\/wp-json\/wp\/v2\/media?parent=15643"}],"wp:term":[{"taxonomy":"post_tag","embeddable":true,"href":"https:\/\/www.paristouristinformation.fr\/de\/wp-json\/wp\/v2\/tags?post=15643"}],"curies":[{"name":"wp","href":"https:\/\/api.w.org\/{rel}","templated":true}]}}