{"id":15654,"date":"2026-04-08T10:56:52","date_gmt":"2026-04-08T10:56:52","guid":{"rendered":"https:\/\/www.paristouristinformation.fr\/de\/?page_id=15654"},"modified":"2026-04-08T10:58:38","modified_gmt":"2026-04-08T10:58:38","slug":"montmartre-rundgang","status":"publish","type":"page","link":"https:\/\/www.paristouristinformation.fr\/de\/montmartre-rundgang\/","title":{"rendered":"Gef\u00fchrter Montmartre Rundgang: K\u00e4se, Wein &amp; Geb\u00e4ck"},"content":{"rendered":"<p><span><img decoding=\"async\" alt=\"Montmartre-Wandergang\" data-id=\"16852\" width=\"\" height=\"undefined\" title=\"Montmartre-Wandergang\" src=\"https:\/\/paristouristinformation.fr\/wp-content\/uploads\/2025\/12\/Montmartre-Walking-Tour1.avif\" data-src=\"https:\/\/paristouristinformation.fr\/wp-content\/uploads\/2025\/12\/Montmartre-Walking-Tour1.avif\" loading=\"lazy\" data-sizes=\"{&quot;full&quot;:{&quot;url&quot;:&quot;https:\/\/paristouristinformation.fr\/wp-content\/uploads\/2025\/12\/Montmartre-Walking-Tour1.avif&quot;}}\"><\/span><span><img decoding=\"async\" alt=\"\" data-id=\"16853\" width=\"\" height=\"undefined\" title=\"Montmartre-Wandergang2\" src=\"https:\/\/paristouristinformation.fr\/wp-content\/uploads\/2025\/12\/Montmartre-Walking-Tour2.avif\" data-src=\"https:\/\/paristouristinformation.fr\/wp-content\/uploads\/2025\/12\/Montmartre-Walking-Tour2.avif\" loading=\"lazy\" data-sizes=\"{&quot;full&quot;:{&quot;url&quot;:&quot;https:\/\/paristouristinformation.fr\/wp-content\/uploads\/2025\/12\/Montmartre-Walking-Tour2.avif&quot;}}\"><\/span><span><img decoding=\"async\" alt=\"\" data-id=\"16854\" width=\"\" height=\"undefined\" title=\"Montmartre-Wandergang3\" src=\"https:\/\/paristouristinformation.fr\/wp-content\/uploads\/2025\/12\/Montmartre-Walking-Tour3.avif\" data-src=\"https:\/\/paristouristinformation.fr\/wp-content\/uploads\/2025\/12\/Montmartre-Walking-Tour3.avif\" loading=\"lazy\" data-sizes=\"{&quot;full&quot;:{&quot;url&quot;:&quot;https:\/\/paristouristinformation.fr\/wp-content\/uploads\/2025\/12\/Montmartre-Walking-Tour3.avif&quot;}}\"><\/span><span><img decoding=\"async\" alt=\"\" data-id=\"16855\" width=\"\" height=\"undefined\" title=\"Montmartre-Wandergang4\" src=\"https:\/\/paristouristinformation.fr\/wp-content\/uploads\/2025\/12\/Montmartre-Walking-Tour4.avif\" data-src=\"https:\/\/paristouristinformation.fr\/wp-content\/uploads\/2025\/12\/Montmartre-Walking-Tour4.avif\" loading=\"lazy\" data-sizes=\"{&quot;full&quot;:{&quot;url&quot;:&quot;https:\/\/paristouristinformation.fr\/wp-content\/uploads\/2025\/12\/Montmartre-Walking-Tour4.avif&quot;}}\"><\/span><span><img decoding=\"async\" alt=\"\" data-id=\"16856\" width=\"\" height=\"undefined\" title=\"Montmartre-Wandergang5\" src=\"https:\/\/paristouristinformation.fr\/wp-content\/uploads\/2025\/12\/Montmartre-Walking-Tour5.avif\" data-src=\"https:\/\/paristouristinformation.fr\/wp-content\/uploads\/2025\/12\/Montmartre-Walking-Tour5.avif\" loading=\"lazy\" data-sizes=\"{&quot;full&quot;:{&quot;url&quot;:&quot;https:\/\/paristouristinformation.fr\/wp-content\/uploads\/2025\/12\/Montmartre-Walking-Tour5.avif&quot;}}\"><\/span><span><img decoding=\"async\" alt=\"\" data-id=\"16857\" width=\"\" height=\"undefined\" title=\"Montmartre-Wandergang6\" src=\"https:\/\/paristouristinformation.fr\/wp-content\/uploads\/2025\/12\/Montmartre-Walking-Tour6.avif\" data-src=\"https:\/\/paristouristinformation.fr\/wp-content\/uploads\/2025\/12\/Montmartre-Walking-Tour6.avif\" loading=\"lazy\" data-sizes=\"{&quot;full&quot;:{&quot;url&quot;:&quot;https:\/\/paristouristinformation.fr\/wp-content\/uploads\/2025\/12\/Montmartre-Walking-Tour6.avif&quot;}}\"><\/span><span><img decoding=\"async\" alt=\"\" data-id=\"16858\" width=\"\" height=\"undefined\" title=\"Montmartre-Wandergang7\" src=\"https:\/\/paristouristinformation.fr\/wp-content\/uploads\/2025\/12\/Montmartre-Walking-Tour7.avif\" data-src=\"https:\/\/paristouristinformation.fr\/wp-content\/uploads\/2025\/12\/Montmartre-Walking-Tour7.avif\" loading=\"lazy\" data-sizes=\"{&quot;full&quot;:{&quot;url&quot;:&quot;https:\/\/paristouristinformation.fr\/wp-content\/uploads\/2025\/12\/Montmartre-Walking-Tour7.avif&quot;}}\"><\/span><span><img decoding=\"async\" alt=\"\" data-id=\"16859\" width=\"\" height=\"undefined\" title=\"Montmartre-Wanderung8\" src=\"https:\/\/paristouristinformation.fr\/wp-content\/uploads\/2025\/12\/Montmartre-Walking-Tour8.avif\" data-src=\"https:\/\/paristouristinformation.fr\/wp-content\/uploads\/2025\/12\/Montmartre-Walking-Tour8.avif\" loading=\"lazy\" data-sizes=\"{&quot;full&quot;:{&quot;url&quot;:&quot;https:\/\/paristouristinformation.fr\/wp-content\/uploads\/2025\/12\/Montmartre-Walking-Tour8.avif&quot;}}\"><\/span><span><img decoding=\"async\" alt=\"\" data-id=\"16860\" width=\"\" height=\"undefined\" title=\"Montmartre-Wandergang9\" src=\"https:\/\/paristouristinformation.fr\/wp-content\/uploads\/2025\/12\/Montmartre-Walking-Tour9.avif\" data-src=\"https:\/\/paristouristinformation.fr\/wp-content\/uploads\/2025\/12\/Montmartre-Walking-Tour9.avif\" loading=\"lazy\" data-sizes=\"{&quot;full&quot;:{&quot;url&quot;:&quot;https:\/\/paristouristinformation.fr\/wp-content\/uploads\/2025\/12\/Montmartre-Walking-Tour9.avif&quot;}}\"><\/span><\/p>\n<h1 dir=\"ltr\">Paris: Montmartre K\u00e4se, Wein &amp; Geb\u00e4ck Gef\u00fchrter Rundgang<\/h1>\n<h2><a href=\"https:\/\/www.getyourguide.com\/paris-l16\/paris-3-hour-montmartre-cheese-wine-and-pastry-tour-t139980\/?partner_id=NO9XIDE&amp;utm_medium=online_publisher&amp;cmp=ParisTiDeMontmartreWalkingTourSP\" target=\"_blank\" rel=\"nofollow noopener\" style=\"outline: none;\">Zur Buchung<\/a><\/h2>\n<h1><a href=\"https:\/\/www.getyourguide.com\/paris-l16\/paris-3-hour-montmartre-cheese-wine-and-pastry-tour-t139980\/?partner_id=NO9XIDE&amp;utm_medium=online_publisher&amp;cmp=ParisTiDeMontmartreWalkingTourSP\" target=\"_blank\" rel=\"nofollow noopener\" style=\"outline: none;\" spellcheck=\"false\"><span style=\"font-weight: normal;\">Ab <\/span>120 <span style=\"font-weight: normal;\">\u20ac<\/span><\/a><\/h1>\n<p dir=\"ltr\">Entdecken Sie Paris durch Geschmack und Geschichte auf diesem&nbsp;<strong>Montmartre-Rundgang<\/strong>, die von einem leidenschaftlichen lokalen Feinschmecker geleitet wird. Genie\u00dfen Sie kuratierte Verkostungen von <strong>K\u00e4se, Wurstwaren, Geb\u00e4ck, Schokolade und Wein, <\/strong>w\u00e4hrend Sie in einer kleinen Gruppe ikonische Stra\u00dfen, Sehensw\u00fcrdigkeiten und Sehensw\u00fcrdigkeiten erkunden.<\/p>\n<ul>\n<li style=\"\"><span style=\"\">Jetzt buchen &amp; sp\u00e4ter bezahlen<\/span><\/li>\n<li style=\"\"><span style=\"\">Dauer: 3 Stunden<\/span><\/li>\n<li style=\"\"><span style=\"\">Live-Guide (Englisch)<\/span><\/li>\n<li style=\"\"><span style=\"\">Kostenlose Stornierung<\/span><\/li>\n<\/ul>\n<h2>Inbegriffen<\/h2>\n<ul>\n<li style=\"\">                    <span>Gef\u00fchrter Montmartre-Wandergang mit einem lokalen Feinschmecker<\/span><\/li>\n<li style=\"\">                    <span>Auswahl an franz\u00f6sischem Geb\u00e4ck aus handwerklichen B\u00e4ckereien<\/span><\/li>\n<li style=\"\">                    <span>Hausgemachte Schokoladenbonbons<\/span><\/li>\n<li style=\"\">                    <span>K\u00e4se- und Wurstverkostungen<\/span><\/li>\n<li style=\"\">                    <span>Weinpaarungen an ausgew\u00e4hlten Haltestellen<\/span><\/li>\n<\/ul>\n<h2>Nicht inbegriffen<\/h2>\n<ul>\n<li style=\"\"><span>Abholung und R\u00fcckgabe im Hotel<\/span><\/li>\n<li style=\"\"><span>Zus\u00e4tzliche Speisen oder Getr\u00e4nke nicht angegeben<\/span><\/li>\n<\/ul>\n<h2>Wichtige Informationen<\/h2>\n<ul>\n<li style=\"\"><span>Einige Spazierg\u00e4nge auf Kopfsteinpflasterstra\u00dfen sind erforderlich<\/span><\/li>\n<li><span>Bequeme Schuhe sind dringend zu empfehlen<\/span><\/li>\n<li><span>Funktioniert bei den meisten Wetterbedingungen<\/span><\/li>\n<li><span>Nicht geeignet f\u00fcr Kinder unter 4 Jahren<\/span><\/li>\n<li><span>Nicht zug\u00e4nglich f\u00fcr Rollstuhlfahrer<\/span><\/li>\n<\/ul>\n<h2>Beschreibung:<\/h2>\n<p dir=\"ltr\">Erleben Sie die Seele von Paris auf einer unvergesslichen <strong>Montmartre-Rundgang<\/strong>, die Kultur, K\u00fcche und atemberaubende Ausblicke verbindet. Besuchen Sie sorgf\u00e4ltig ausgew\u00e4hlte Lebensmittelhandwerker, um au\u00dfergew\u00f6hnliche<strong> K\u00e4se, Wurstwaren, Geb\u00e4ck, Schokolade und franz\u00f6sischen Wein <\/strong>zu probieren.<\/p>\n<p dir=\"ltr\">W\u00e4hrend Sie durch die <strong>stimmungsvollen Stra\u00dfen <\/strong>schlendern, verr\u00e4t Ihr Reiseleiter die Geschichten hinter Montmartres Windm\u00fchlen, Weinbergen und k\u00fcnstlerischem Erbe. Von lebhaften Pl\u00e4tzen bis hin zu ruhigen Seitenstra\u00dfen bietet diese Tour einen authentischen Blick auf eines der charmantesten Viertel Pariss, <strong>gepaart mit Aromen<\/strong>, die die franz\u00f6sische Gastronomie definieren.<\/p>\n<h2>H\u00f6hepunkte:<\/h2>\n<ul>\n<li>Probieren Sie s\u00fc\u00dfe und herzhafte franz\u00f6sische Spezialit\u00e4ten gepaart mit Wein<\/li>\n<li dir=\"ltr\">Genie\u00dfen Sie einen Panoramablick von der Stadt von Sacr\u00e9-C\u0153ur<\/li>\n<li dir=\"ltr\">Erkunden Sie die gepflasterten Stra\u00dfen von Montmartre mit einem sachkundigen lokalen F\u00fchrer<\/li>\n<li dir=\"ltr\">Besuchen Sie ikonische Orte wie Place du Tertre<\/li>\n<li dir=\"ltr\">Passieren Sie ber\u00fchmte Sehensw\u00fcrdigkeiten wie Le Moulin Rouge<\/li>\n<li dir=\"ltr\">Entdecken Sie versteckte Essensjuwelen, die von Einheimischen geliebt werden<\/li>\n<\/ul>\n<h2>Montmartre<\/h2>\n<h2>Stornierungsrichtlinien<\/h2>\n<p>Die kostenlose Stornierung ist bis zu 24 Stunden vor der geplanten Startzeit m\u00f6glich.<\/p>\n<h2>Treffpunkt &amp; Anleitung<\/h2>\n<p dir=\"ltr\">Treffen Sie Ihren Reiseleiter vor dem Starbucks und der nahe gelegenen Apotheke in der N\u00e4he der Metrostation Blanche (Linie 2). Bitte kommen Sie mindestens 10 Minuten fr\u00fcher und tragen Sie bequeme Wanderschuhe.<\/p>\n<p><a href=\"https:\/\/maps.app.goo.gl\/Nd2r6PwRqJFhkje86\" style=\"outline: none;\" data-lt-tmp-id=\"lt-755238\" spellcheck=\"false\" target=\"_blank\" rel=\"nofollow noopener\">In Karten \u00f6ffnen<\/a><\/p>\n<h2>Bewertungen<\/h2>\n<p><strong>4,8\/5 <\/strong><strong>(2.243 Bewertungen)<\/strong><\/p>\n<p dir=\"ltr\"><em>&#8222;Catherine ist eine ph\u00e4nomenale Reiseleiterin. Montmartre ist eine so interessante Gegend zum Erkunden, aber so viel von der Geschichte und dem Charme w\u00e4re uns entgangen, wenn wir alleine gegangen w\u00e4ren. Catherine ist sachkundig, freundlich und hat uns ausgezeichnete Essensgerichte pr\u00e4sentiert. Diese Tour gab mir das beste Verst\u00e4ndnis der franz\u00f6sischen Kultur und Geschichte von meiner Reise, jeden Cent wert.&#8220;<\/em> Ben, Nov. 2025 <a href=\"https:\/\/www.getyourguide.com\/paris-l16\/paris-3-hour-montmartre-cheese-wine-and-pastry-tour-t139980\/?partner_id=NO9XIDE&amp;utm_medium=online_publisher&amp;cmp=MontmartreWalkingTourSP\" target=\"_blank\" rel=\"nofollow noopener\" data-lt-tmp-id=\"lt-557986\" spellcheck=\"false\" style=\"outline: none;\">&gt;&gt; Weitere Bewertungen anzeigen<\/a><\/p>\n<h2>Weitere Aktivit\u00e4ten, die Ihnen gefallen k\u00f6nnten<\/h2>\n<p><span>#2<\/span><span>#2<\/span><span><img decoding=\"async\" alt=\"\" data-id=\"16862\" width=\"159\" data-init-width=\"1600\" height=\"106\" data-init-height=\"1000\" title=\"Pariser kulinarische Tour 11 Verkostungen &amp; 2 Weine im Le Marais\" loading=\"lazy\" src=\"https:\/\/paristouristinformation.fr\/wp-content\/uploads\/2025\/12\/Paris-Culinary-Tour-11-Tastings-2-Wines-in-Le-Marais.avif\" data-width=\"159\" data-height=\"106\" style=\"aspect-ratio: auto 1600 \/ 1000;\"><\/span><\/p>\n<table>\n<tbody>\n<tr>\n<td><a href=\"https:\/\/www.getyourguide.com\/paris-l16\/paris-culinary-tour-11-tastings-2-wines-in-le-marais-t412615\/?partner_id=NO9XIDE&amp;utm_medium=online_publisher&amp;cmp=ParisDeMontmartreWalkingTourSP2\" target=\"_blank\" rel=\"nofollow noopener\" style=\"outline: none;\" data-lt-tmp-id=\"lt-536393\" spellcheck=\"false\"><span data-v-f40aa250=\"\"><span data-v-f40aa250=\"\"><span data-v-f40aa250=\"\">Pariser kulinarische Tour: 11 Verkostungen &amp; 2 Weine im Le Marais<\/span><\/span><\/span><\/a><\/td>\n<\/tr>\n<\/tbody>\n<\/table>\n<p data-end=\"242\" data-is-last-node=\"\" data-is-only-node=\"\" data-start=\"0\">Entdecken Sie die Aromen von Paris auf einem kulinarischen Spaziergang durch Le Marais. Genie\u00dfen Sie 11 sorgf\u00e4ltig ausgew\u00e4hlte Verkostungen und zwei Gl\u00e4ser Wein, w\u00e4hrend Sie historische Stra\u00dfen, lokale Lebensmittelgesch\u00e4fte und eines der lebendigsten Viertel der Stadt erkunden.<\/p>\n<h3 style=\"\">Gesamtpreis<\/h3>\n<h3>Ihr Konto wird noch nicht belastet<\/h3>\n<p><span>#2<\/span><span><img decoding=\"async\" alt=\"\" data-id=\"16863\" width=\"159\" data-init-width=\"1600\" height=\"106\" data-init-height=\"1000\" title=\"Saint-Germain Gourmet Schokolade &amp; Geb\u00e4ck Walking Food Tour\" loading=\"lazy\" src=\"https:\/\/paristouristinformation.fr\/wp-content\/uploads\/2025\/12\/Saint-Germain-Gourmet-Chocolate-Pastry-Walking-Food-Tour.avif\" data-width=\"159\" data-height=\"106\" style=\"aspect-ratio: auto 1600 \/ 1000;\"><\/span><\/p>\n<table>\n<tbody>\n<tr>\n<td><a href=\"https:\/\/www.getyourguide.com\/paris-l16\/saint-germain-gourmet-chocolate-pastry-walking-food-tour-t90657\/?partner_id=NO9XIDE&amp;utm_medium=online_publisher&amp;cmp=ParisDeMontmartreWalkingTourSP3\" target=\"_blank\" rel=\"nofollow noopener\" style=\"outline: none;\" spellcheck=\"false\"><span data-v-f40aa250=\"\"><span data-v-f40aa250=\"\"><span data-v-f40aa250=\"\">Saint-Germain: Gourmet-Schokolade &amp; Geb\u00e4ck Walking Food Tour<\/span><\/span><\/span><\/a><\/td>\n<\/tr>\n<\/tbody>\n<\/table>\n<p>Verw\u00f6hnen Sie Ihren s\u00fc\u00dfen Zahn bei einem gef\u00fchrten Rundgang durch Saint-Germain. Entdecken Sie handwerkliche Chocolatiers und Konditoreien, probieren Sie exquisite franz\u00f6sische Leckereien und erkunden Sie eines der elegantesten Viertel Paris mit Einblicken eines lokalen Feinschmeckerf\u00fchrers.<\/p>\n<h3 style=\"\">Gesamtpreis<\/h3>\n<h3 style=\"\">Ihr Konto wird noch nicht belastet<\/h3>\n<p><\/p>\n<h2><a href=\"https:\/\/www.getyourguide.com\/paris-l16\/paris-3-hour-montmartre-cheese-wine-and-pastry-tour-t139980\/?partner_id=NO9XIDE&amp;utm_medium=online_publisher&amp;cmp=ParisTiDeMontmartreWalkingTourSP\" target=\"_blank\" rel=\"nofollow noopener\" style=\"outline: none;\" spellcheck=\"false\">Zur Buchung<\/a><\/h2>\n<h1><a href=\"https:\/\/www.getyourguide.com\/paris-l16\/paris-3-hour-montmartre-cheese-wine-and-pastry-tour-t139980\/?partner_id=NO9XIDE&amp;utm_medium=online_publisher&amp;cmp=ParisTiDeMontmartreWalkingTourSP\" target=\"_blank\" rel=\"nofollow noopener\" style=\"outline: none;\" spellcheck=\"false\"><span style=\"font-weight: normal;\">Ab <\/span><strong>120 \u20ac<\/strong><\/a><\/h1>\n<p style=\"\">Ihr Konto wird noch nicht belastet.<\/p>\n","protected":false},"excerpt":{"rendered":"<p>Paris: Montmartre K\u00e4se, Wein &amp; Geb\u00e4ck Gef\u00fchrter Rundgang Zur Buchung Ab 120 \u20ac Entdecken Sie Paris durch Geschmack und Geschichte auf diesem&nbsp;Montmartre-Rundgang, die von einem leidenschaftlichen lokalen Feinschmecker geleitet wird. Genie\u00dfen Sie kuratierte Verkostungen von K\u00e4se, Wurstwaren, Geb\u00e4ck, Schokolade und Wein, w\u00e4hrend Sie in einer kleinen Gruppe ikonische Stra\u00dfen, Sehensw\u00fcrdigkeiten und Sehensw\u00fcrdigkeiten erkunden. Jetzt buchen [&hellip;]<\/p>\n","protected":false},"author":10,"featured_media":15655,"parent":0,"menu_order":0,"comment_status":"closed","ping_status":"closed","template":"","meta":{"footnotes":""},"tags":[69],"class_list":["post-15654","page","type-page","status-publish","has-post-thumbnail","hentry","tag-sales-pages","post-wrapper","thrv_wrapper"],"wp-worthy-pixel":{"ignored":false,"public":null,"server":null,"url":null},"wp-worthy-type":"normal","_links":{"self":[{"href":"https:\/\/www.paristouristinformation.fr\/de\/wp-json\/wp\/v2\/pages\/15654","targetHints":{"allow":["GET"]}}],"collection":[{"href":"https:\/\/www.paristouristinformation.fr\/de\/wp-json\/wp\/v2\/pages"}],"about":[{"href":"https:\/\/www.paristouristinformation.fr\/de\/wp-json\/wp\/v2\/types\/page"}],"author":[{"embeddable":true,"href":"https:\/\/www.paristouristinformation.fr\/de\/wp-json\/wp\/v2\/users\/10"}],"replies":[{"embeddable":true,"href":"https:\/\/www.paristouristinformation.fr\/de\/wp-json\/wp\/v2\/comments?post=15654"}],"version-history":[{"count":7,"href":"https:\/\/www.paristouristinformation.fr\/de\/wp-json\/wp\/v2\/pages\/15654\/revisions"}],"predecessor-version":[{"id":15943,"href":"https:\/\/www.paristouristinformation.fr\/de\/wp-json\/wp\/v2\/pages\/15654\/revisions\/15943"}],"wp:featuredmedia":[{"embeddable":true,"href":"https:\/\/www.paristouristinformation.fr\/de\/wp-json\/wp\/v2\/media\/15655"}],"wp:attachment":[{"href":"https:\/\/www.paristouristinformation.fr\/de\/wp-json\/wp\/v2\/media?parent=15654"}],"wp:term":[{"taxonomy":"post_tag","embeddable":true,"href":"https:\/\/www.paristouristinformation.fr\/de\/wp-json\/wp\/v2\/tags?post=15654"}],"curies":[{"name":"wp","href":"https:\/\/api.w.org\/{rel}","templated":true}]}}