{"id":15665,"date":"2026-04-08T11:02:36","date_gmt":"2026-04-08T11:02:36","guid":{"rendered":"https:\/\/www.paristouristinformation.fr\/de\/?page_id=15665"},"modified":"2026-04-08T11:04:50","modified_gmt":"2026-04-08T11:04:50","slug":"normandie-tagesausflug-ab-paris","status":"publish","type":"page","link":"https:\/\/www.paristouristinformation.fr\/de\/normandie-tagesausflug-ab-paris\/","title":{"rendered":"Normandie Tagesausflug ab Paris mit Mittagessen"},"content":{"rendered":"<p><span><img decoding=\"async\" alt=\"Normandie Tagesausflug ab Paris\" data-id=\"16891\" width=\"\" height=\"undefined\" title=\"Normandie Tagesausflug ab Paris\" src=\"https:\/\/paristouristinformation.fr\/wp-content\/uploads\/2025\/12\/Normandy-Day-Trip-from-Paris1.avif\" data-src=\"https:\/\/paristouristinformation.fr\/wp-content\/uploads\/2025\/12\/Normandy-Day-Trip-from-Paris1.avif\" loading=\"lazy\" data-sizes=\"{&quot;full&quot;:{&quot;url&quot;:&quot;https:\/\/paristouristinformation.fr\/wp-content\/uploads\/2025\/12\/Normandy-Day-Trip-from-Paris1.avif&quot;}}\"><\/span><span><img decoding=\"async\" alt=\"\" data-id=\"16892\" width=\"\" height=\"undefined\" title=\"Normandie Tagesausflug von Paris2\" src=\"https:\/\/paristouristinformation.fr\/wp-content\/uploads\/2025\/12\/Normandy-Day-Trip-from-Paris2.avif\" data-src=\"https:\/\/paristouristinformation.fr\/wp-content\/uploads\/2025\/12\/Normandy-Day-Trip-from-Paris2.avif\" loading=\"lazy\" data-sizes=\"{&quot;full&quot;:{&quot;url&quot;:&quot;https:\/\/paristouristinformation.fr\/wp-content\/uploads\/2025\/12\/Normandy-Day-Trip-from-Paris2.avif&quot;}}\"><\/span><span><img decoding=\"async\" alt=\"\" data-id=\"16893\" width=\"\" height=\"undefined\" title=\"Normandie Tagesausflug von Paris3\" src=\"https:\/\/paristouristinformation.fr\/wp-content\/uploads\/2025\/12\/Normandy-Day-Trip-from-Paris3.avif\" data-src=\"https:\/\/paristouristinformation.fr\/wp-content\/uploads\/2025\/12\/Normandy-Day-Trip-from-Paris3.avif\" loading=\"lazy\" data-sizes=\"{&quot;full&quot;:{&quot;url&quot;:&quot;https:\/\/paristouristinformation.fr\/wp-content\/uploads\/2025\/12\/Normandy-Day-Trip-from-Paris3.avif&quot;}}\"><\/span><span><img decoding=\"async\" alt=\"\" data-id=\"16894\" width=\"\" height=\"undefined\" title=\"Normandie Tagesausflug ab Paris4\" src=\"https:\/\/paristouristinformation.fr\/wp-content\/uploads\/2025\/12\/Normandy-Day-Trip-from-Paris4.avif\" data-src=\"https:\/\/paristouristinformation.fr\/wp-content\/uploads\/2025\/12\/Normandy-Day-Trip-from-Paris4.avif\" loading=\"lazy\" data-sizes=\"{&quot;full&quot;:{&quot;url&quot;:&quot;https:\/\/paristouristinformation.fr\/wp-content\/uploads\/2025\/12\/Normandy-Day-Trip-from-Paris4.avif&quot;}}\"><\/span><span><img decoding=\"async\" alt=\"\" data-id=\"16895\" width=\"\" height=\"undefined\" title=\"Normandie Tagesausflug von Paris5\" src=\"https:\/\/paristouristinformation.fr\/wp-content\/uploads\/2025\/12\/Normandy-Day-Trip-from-Paris5.avif\" data-src=\"https:\/\/paristouristinformation.fr\/wp-content\/uploads\/2025\/12\/Normandy-Day-Trip-from-Paris5.avif\" loading=\"lazy\" data-sizes=\"{&quot;full&quot;:{&quot;url&quot;:&quot;https:\/\/paristouristinformation.fr\/wp-content\/uploads\/2025\/12\/Normandy-Day-Trip-from-Paris5.avif&quot;}}\"><\/span><span><img decoding=\"async\" alt=\"\" data-id=\"16896\" width=\"\" height=\"undefined\" title=\"Normandie Tagesausflug ab Paris6\" src=\"https:\/\/paristouristinformation.fr\/wp-content\/uploads\/2025\/12\/Normandy-Day-Trip-from-Paris6.avif\" data-src=\"https:\/\/paristouristinformation.fr\/wp-content\/uploads\/2025\/12\/Normandy-Day-Trip-from-Paris6.avif\" loading=\"lazy\" data-sizes=\"{&quot;full&quot;:{&quot;url&quot;:&quot;https:\/\/paristouristinformation.fr\/wp-content\/uploads\/2025\/12\/Normandy-Day-Trip-from-Paris6.avif&quot;}}\"><\/span><span><img decoding=\"async\" alt=\"\" data-id=\"16897\" width=\"\" height=\"undefined\" title=\"Normandie Tagesausflug von Paris7\" src=\"https:\/\/paristouristinformation.fr\/wp-content\/uploads\/2025\/12\/Normandy-Day-Trip-from-Paris7.avif\" data-src=\"https:\/\/paristouristinformation.fr\/wp-content\/uploads\/2025\/12\/Normandy-Day-Trip-from-Paris7.avif\" loading=\"lazy\" data-sizes=\"{&quot;full&quot;:{&quot;url&quot;:&quot;https:\/\/paristouristinformation.fr\/wp-content\/uploads\/2025\/12\/Normandy-Day-Trip-from-Paris7.avif&quot;}}\"><\/span><span><img decoding=\"async\" alt=\"\" data-id=\"16898\" width=\"\" height=\"undefined\" title=\"Normandie Tagesausflug ab Paris8\" src=\"https:\/\/paristouristinformation.fr\/wp-content\/uploads\/2025\/12\/Normandy-Day-Trip-from-Paris8.avif\" data-src=\"https:\/\/paristouristinformation.fr\/wp-content\/uploads\/2025\/12\/Normandy-Day-Trip-from-Paris8.avif\" loading=\"lazy\" data-sizes=\"{&quot;full&quot;:{&quot;url&quot;:&quot;https:\/\/paristouristinformation.fr\/wp-content\/uploads\/2025\/12\/Normandy-Day-Trip-from-Paris8.avif&quot;}}\"><\/span><span><img decoding=\"async\" alt=\"\" data-id=\"16899\" width=\"\" height=\"undefined\" title=\"Normandie Tagesausflug von Paris9\" src=\"https:\/\/paristouristinformation.fr\/wp-content\/uploads\/2025\/12\/Normandy-Day-Trip-from-Paris9.avif\" data-src=\"https:\/\/paristouristinformation.fr\/wp-content\/uploads\/2025\/12\/Normandy-Day-Trip-from-Paris9.avif\" loading=\"lazy\" data-sizes=\"{&quot;full&quot;:{&quot;url&quot;:&quot;https:\/\/paristouristinformation.fr\/wp-content\/uploads\/2025\/12\/Normandy-Day-Trip-from-Paris9.avif&quot;}}\"><\/span><span><img decoding=\"async\" alt=\"\" data-id=\"16900\" width=\"\" height=\"undefined\" title=\"Normandie Tagesausflug ab Paris10\" src=\"https:\/\/paristouristinformation.fr\/wp-content\/uploads\/2025\/12\/Normandy-Day-Trip-from-Paris10.avif\" data-src=\"https:\/\/paristouristinformation.fr\/wp-content\/uploads\/2025\/12\/Normandy-Day-Trip-from-Paris10.avif\" loading=\"lazy\" data-sizes=\"{&quot;full&quot;:{&quot;url&quot;:&quot;https:\/\/paristouristinformation.fr\/wp-content\/uploads\/2025\/12\/Normandy-Day-Trip-from-Paris10.avif&quot;}}\"><\/span><\/p>\n<h1 data-block-id=\"adp-title-text\" data-v-0636b5b3=\"\" data-v-25a6f21d=\"\" data-v-4533c707=\"\"><span data-v-4533c707=\"\">Paris: Gef\u00fchrte Tagestour mit Mittagessen in der Normandie zum D-Day<\/span><\/h1>\n<h2><a href=\"https:\/\/www.getyourguide.com\/paris-l16\/paris-normandy-d-day-sites-guided-day-trip-with-lunch-t44309\/?partner_id=NO9XIDE&amp;utm_medium=online_publisher&amp;cmp=ParisTiDeNormandyDayTourSP\" target=\"_blank\" rel=\"nofollow noopener\" style=\"outline: none;\">Zur Buchung<\/a><\/h2>\n<h1><a href=\"https:\/\/www.getyourguide.com\/paris-l16\/paris-normandy-d-day-sites-guided-day-trip-with-lunch-t44309\/?partner_id=NO9XIDE&amp;utm_medium=online_publisher&amp;cmp=ParisTiDeNormandyDayTourSP\" target=\"_blank\" rel=\"nofollow noopener\" style=\"outline: none;\" spellcheck=\"false\"><span style=\"font-weight: normal;\">Preis ab&nbsp;<\/span>100 \u20ac<\/a><\/h1>\n<p dir=\"ltr\">Erleben Sie einen kraftvollen <strong>Tagesausflug in die Normandie ab Paris&nbsp;<\/strong>mit einem erfahrenen Reisef\u00fchrer, besuchen Sie ikonische D-Day-St\u00e4tten wie Utah Beach, Omaha Beach, Pointe du Hoc und den American Cemetery sowie ein voraus gebuchtes <strong>Mittagessen im normannischen Stil <\/strong>mit Blick auf die K\u00fcste.<\/p>\n<ul>\n<li style=\"\"><span style=\"\">Jetzt buchen &amp; sp\u00e4ter bezahlen<\/span><\/li>\n<li style=\"\"><span style=\"\">Dauer: 14 Stunden<\/span><\/li>\n<li style=\"\"><span style=\"\">Live-Guide (Englisch)<\/span><\/li>\n<li style=\"\"><span style=\"\">Kostenlose Stornierung<\/span><\/li>\n<\/ul>\n<h2>Inbegriffen<\/h2>\n<ul>\n<li style=\"\">                    <span>Normandie-Tagesausflug ab Paris mit Hin- und R\u00fccktransport mit einem klimatisierten Bus.<\/span><\/li>\n<li style=\"\">                    <span>Englisch sprechender Experte<\/span><\/li>\n<li style=\"\">                    <span>Eintritt in das Utah Beach Museum<\/span><\/li>\n<li style=\"\">                    <span>Gef\u00fchrte Erkundung der Pointe du Hoc<\/span><\/li>\n<li style=\"\">                    <span>Besuch des Omaha Beach und des amerikanischen Friedhofs in Colleville-sur-Mer<\/span><\/li>\n<li style=\"\">                    <span>Zwei-G\u00e4nge-Lokales Mittagessen mit einem Glas Apfelwein<\/span><\/li>\n<\/ul>\n<h2>Nicht inbegriffen<\/h2>\n<ul>\n<li style=\"\"><span>Abholung und R\u00fcckgabe im Hotel<\/span><\/li>\n<li style=\"\"><span>Trinkgelder<\/span><\/li>\n<li style=\"\"><span>Zus\u00e4tzliche Getr\u00e4nke \u00fcber den enthaltenen Apfelwein hinaus<\/span><\/li>\n<\/ul>\n<h2>Wichtige Informationen<\/h2>\n<ul>\n<li style=\"\"><span>Nicht geeignet f\u00fcr Menschen mit eingeschr\u00e4nkter Mobilit\u00e4t oder Rollstuhlfahrer<\/span><\/li>\n<li><span>Bequeme Wanderschuhe werden dringend empfohlen<\/span><\/li>\n<li><span>Kinderwagen und nicht klappbare Kinderwagen sind nicht erlaubt<\/span><\/li>\n<li><span>Bitte geben Sie die Ern\u00e4hrungsbed\u00fcrfnisse zum Zeitpunkt der Buchung an<\/span><\/li>\n<li><span>Kleinkinder m\u00fcssen einen eigenen Kindersitz haben, der von den Eltern oder Erziehungsberechtigten zur Verf\u00fcgung gestellt wird<\/span><\/li>\n<\/ul>\n<h2>Beschreibung:<\/h2>\n<p dir=\"ltr\">Reisen Sie durch die historischen Landschaften der Normandie auf einem gef\u00fchrten <strong>Normandie-Tagesausflug ab Paris&nbsp;<\/strong>und erkunden Sie die Str\u00e4nde und Schlachtfelder, auf denen Geschichte geschrieben wurde. Besuchen Sie das Utah Beach Museum in einem <strong>originalen deutschen Bunker<\/strong>, spazieren Sie zwischen den von Bomben vernarbten Klippen in Pointe du Hoc und reflektieren Sie den Sand von Omaha Beach.<\/p>\n<p dir=\"ltr\">Nachdem Sie ein <strong>traditionelles normannisches Mittagessen <\/strong>in einem Hafen am Meer genossen haben, beenden Sie Ihre Reise auf dem American Cemetery mit Blick auf den Omaha Beach und ehren Sie den Mut und die Opfer derer, die den Lauf des <strong>Zweiten Weltkriegs <\/strong>gepr\u00e4gt haben.<\/p>\n<h2>H\u00f6hepunkte:<\/h2>\n<ul>\n<li dir=\"ltr\">Erkunden Sie die legend\u00e4ren D-Day-Landungsstr\u00e4nde der Normandie<\/li>\n<li dir=\"ltr\">Besuchen Sie das Utah Beach Museum in einem original deutschen Bunker<\/li>\n<li dir=\"ltr\">Spazieren Sie durch die dramatischen Befestigungen der Klippenspitze der Pointe du Hoc<\/li>\n<li dir=\"ltr\">Reflektieren Sie am Omaha Beach, einem der bedeutendsten Orte des Zweiten Weltkriegs<\/li>\n<li dir=\"ltr\">Tribut auf dem amerikanischen Friedhof mit Blick auf den \u00c4rmelkanal<\/li>\n<li dir=\"ltr\">Genie\u00dfen Sie ein im Voraus gebuchtes Mittagessen im normannischen Stil mit Blick auf die K\u00fcste<\/li>\n<\/ul>\n<h2>Normandie<\/h2>\n<h2>Stornierungsrichtlinien<\/h2>\n<p>Kostenlose Stornierung bis zu 24 Stunden vor Beginn der Tour f\u00fcr eine volle R\u00fcckerstattung.<\/p>\n<h2>Treffpunkt &amp; Anleitung<\/h2>\n<p dir=\"ltr\">Treffen Sie sich am Place du G\u00e9n\u00e9ral K\u00f6nig, 75017 Paris, neben der Kirche an der Kreuzung von Boulevard d&#8217;Aurelle de Paladines und Avenue de la Porte des Ternes. Der Vertreter von City Wonders wird auf der rechten Seite warten, wenn er der Kirche gegen\u00fcbersteht, und ein Stadtwunder-Schild in der Hand halten. Bitte kommen Sie mindestens 15 Minuten fr\u00fcher.<\/p>\n<p><a href=\"https:\/\/maps.app.goo.gl\/FgkRh9MunifKmmHN9\" style=\"outline: none;\" data-lt-tmp-id=\"lt-755238\" spellcheck=\"false\" target=\"_blank\" rel=\"nofollow noopener\">In Karten \u00f6ffnen<\/a><\/p>\n<h2>Bewertungen<\/h2>\n<p><strong>4,7\/5 <\/strong><strong>(1.039 Bewertungen)<\/strong><\/p>\n<p dir=\"ltr\"><em>&#8222;Wunderbare Normandie-Tour &#8211; gut organisiert und tief bewegend. Der Besuch von Omaha, Utah, Pointe du Hoc und dem amerikanischen Friedhof war unvergesslich. Lawrence war ein ausgezeichneter F\u00fchrer &#8211; sachkundig, einnehmend und erweckte die Geschichte zum Leben. Sehr zu empfehlen.&#8220;<\/em> Katelyn, Dez. 2025 <a href=\"https:\/\/www.getyourguide.com\/paris-l16\/paris-normandy-d-day-sites-guided-day-trip-with-lunch-t44309\/?partner_id=NO9XIDE&amp;utm_medium=online_publisher&amp;cmp=ParisTiDeNormandyDayTourSP\" target=\"_blank\" rel=\"nofollow noopener\" data-lt-tmp-id=\"lt-407472\" spellcheck=\"false\" style=\"outline: none;\">&gt;&gt; Weitere Bewertungen anzeigen<\/a><\/p>\n<h2>Weitere Aktivit\u00e4ten, die Ihnen gefallen k\u00f6nnten<\/h2>\n<p><span>#2<\/span><span>#2<\/span><span><img decoding=\"async\" alt=\"\" data-id=\"16902\" width=\"159\" data-init-width=\"1600\" height=\"106\" data-init-height=\"1000\" title=\"Von Paris Giverny, Monet's Home &amp; Gardens Halbtagesausflug\" loading=\"lazy\" src=\"https:\/\/paristouristinformation.fr\/wp-content\/uploads\/2025\/12\/From-Paris-Giverny-Monets-Home-Gardens-Half-Day-Trip.avif\" data-width=\"159\" data-height=\"106\" style=\"aspect-ratio: auto 1600 \/ 1000;\"><\/span><\/p>\n<table>\n<tbody>\n<tr>\n<td><a href=\"https:\/\/www.getyourguide.com\/paris-l16\/from-paris-giverny-monet-s-house-gardens-half-day-trip-t450854\/?partner_id=NO9XIDE&amp;utm_medium=online_publisher&amp;cmp=ParisDeNormandyDayTourSP2\" target=\"_blank\" rel=\"nofollow noopener\" style=\"outline: none;\" data-lt-tmp-id=\"lt-765433\" spellcheck=\"false\"><span data-v-f40aa250=\"\"><span data-v-f40aa250=\"\"><span data-v-f40aa250=\"\"><span data-v-f40aa250=\"\">Von Paris: Giverny, Monet&#8217;s Home &amp; Gardens Halbtagesausflug<\/span><\/span><\/span><\/span><\/a><\/td>\n<\/tr>\n<\/tbody>\n<\/table>\n<p data-end=\"242\" data-is-last-node=\"\" data-is-only-node=\"\" data-start=\"0\">Betreten Sie die Welt von Claude Monet auf einer halbt\u00e4gigen Flucht von Paris nach Giverny. Besuchen Sie sein charmantes Zuhause und schlendern Sie durch die ikonischen G\u00e4rten, die die Seerosen inspiriert haben &#8211; ein einfacher, kulturerischer Kurzurlaub au\u00dferhalb der Stadt.<\/p>\n<h3 style=\"\">Gesamtpreis<\/h3>\n<h3 style=\"\">Ihr Konto wird noch nicht belastet<\/h3>\n<p><span>#2<\/span><span><img decoding=\"async\" alt=\"\" data-id=\"16903\" width=\"159\" data-init-width=\"1600\" height=\"106\" data-init-height=\"1000\" title=\"Tagesausflug nach Mont-Saint-Michel von Paris\" loading=\"lazy\" src=\"https:\/\/paristouristinformation.fr\/wp-content\/uploads\/2025\/12\/Day-Trip-to-Mont-Saint-Michel-from-Paris.avif\" data-width=\"159\" data-height=\"106\" style=\"aspect-ratio: auto 1600 \/ 1000;\"><\/span><\/p>\n<table>\n<tbody>\n<tr>\n<td><a href=\"https:\/\/www.getyourguide.com\/paris-l16\/from-paris-mont-st-michel-at-your-own-pace-by-coach-t133257\/?partner_id=NO9XIDE&amp;utm_medium=online_publisher&amp;cmp=ParisDeNormandyDayTourSP3\" target=\"_blank\" rel=\"nofollow noopener\" style=\"outline: none;\" data-lt-tmp-id=\"lt-755788\" spellcheck=\"false\"><span data-v-f40aa250=\"\"><span data-v-f40aa250=\"\"><span data-v-f40aa250=\"\"><span data-v-f40aa250=\"\">Tagesausflug nach Mont-Saint-Michel von Paris<\/span><\/span><\/span><\/span><\/a><\/td>\n<\/tr>\n<\/tbody>\n<\/table>\n<p>Reisen Sie von Paris zum magischen Mont-Saint-Michel auf einem Ganztagesausflug und erkunden Sie die mittelalterliche Abtei und die verwinkelten Stra\u00dfen. Entdecken Sie eines der bekanntesten Wahrzeichen Frankreichs, das dramatisch zwischen Land und Meer liegt.<\/p>\n<h3 style=\"\">Gesamtpreis<\/h3>\n<h3 style=\"\">Ihr Konto wird noch nicht belastet<\/h3>\n<p><\/p>\n<h2><a href=\"https:\/\/www.getyourguide.com\/paris-l16\/paris-normandy-d-day-sites-guided-day-trip-with-lunch-t44309\/?partner_id=NO9XIDE&amp;utm_medium=online_publisher&amp;cmp=ParisTiDeNormandyDayTourSP\" target=\"_blank\" rel=\"nofollow noopener\" style=\"outline: none;\" spellcheck=\"false\">Zur Buchung<\/a><\/h2>\n<h1><a href=\"https:\/\/www.getyourguide.com\/paris-l16\/paris-normandy-d-day-sites-guided-day-trip-with-lunch-t44309\/?partner_id=NO9XIDE&amp;utm_medium=online_publisher&amp;cmp=ParisTiDeNormandyDayTourSP\" target=\"_blank\" rel=\"nofollow noopener\" style=\"outline: none;\" spellcheck=\"false\"><span style=\"font-weight: normal;\">Preis ab<\/span><strong>&nbsp;100 \u20ac<\/strong><\/a><\/h1>\n<p style=\"\">Ihr Konto wird noch nicht belastet<\/p>\n","protected":false},"excerpt":{"rendered":"<p>Paris: Gef\u00fchrte Tagestour mit Mittagessen in der Normandie zum D-Day Zur Buchung Preis ab&nbsp;100 \u20ac Erleben Sie einen kraftvollen Tagesausflug in die Normandie ab Paris&nbsp;mit einem erfahrenen Reisef\u00fchrer, besuchen Sie ikonische D-Day-St\u00e4tten wie Utah Beach, Omaha Beach, Pointe du Hoc und den American Cemetery sowie ein voraus gebuchtes Mittagessen im normannischen Stil mit Blick auf [&hellip;]<\/p>\n","protected":false},"author":10,"featured_media":15666,"parent":0,"menu_order":0,"comment_status":"closed","ping_status":"closed","template":"","meta":{"footnotes":""},"tags":[69],"class_list":["post-15665","page","type-page","status-publish","has-post-thumbnail","hentry","tag-sales-pages","post-wrapper","thrv_wrapper"],"wp-worthy-pixel":{"ignored":false,"public":null,"server":null,"url":null},"wp-worthy-type":"normal","_links":{"self":[{"href":"https:\/\/www.paristouristinformation.fr\/de\/wp-json\/wp\/v2\/pages\/15665","targetHints":{"allow":["GET"]}}],"collection":[{"href":"https:\/\/www.paristouristinformation.fr\/de\/wp-json\/wp\/v2\/pages"}],"about":[{"href":"https:\/\/www.paristouristinformation.fr\/de\/wp-json\/wp\/v2\/types\/page"}],"author":[{"embeddable":true,"href":"https:\/\/www.paristouristinformation.fr\/de\/wp-json\/wp\/v2\/users\/10"}],"replies":[{"embeddable":true,"href":"https:\/\/www.paristouristinformation.fr\/de\/wp-json\/wp\/v2\/comments?post=15665"}],"version-history":[{"count":9,"href":"https:\/\/www.paristouristinformation.fr\/de\/wp-json\/wp\/v2\/pages\/15665\/revisions"}],"predecessor-version":[{"id":15949,"href":"https:\/\/www.paristouristinformation.fr\/de\/wp-json\/wp\/v2\/pages\/15665\/revisions\/15949"}],"wp:featuredmedia":[{"embeddable":true,"href":"https:\/\/www.paristouristinformation.fr\/de\/wp-json\/wp\/v2\/media\/15666"}],"wp:attachment":[{"href":"https:\/\/www.paristouristinformation.fr\/de\/wp-json\/wp\/v2\/media?parent=15665"}],"wp:term":[{"taxonomy":"post_tag","embeddable":true,"href":"https:\/\/www.paristouristinformation.fr\/de\/wp-json\/wp\/v2\/tags?post=15665"}],"curies":[{"name":"wp","href":"https:\/\/api.w.org\/{rel}","templated":true}]}}