{"id":15676,"date":"2026-04-08T11:08:56","date_gmt":"2026-04-08T11:08:56","guid":{"rendered":"https:\/\/www.paristouristinformation.fr\/de\/?page_id=15676"},"modified":"2026-04-08T11:10:56","modified_gmt":"2026-04-08T11:10:56","slug":"louvre-und-seine-bootsfahrt","status":"publish","type":"page","link":"https:\/\/www.paristouristinformation.fr\/de\/louvre-und-seine-bootsfahrt\/","title":{"rendered":"Kombitickets: Louvre und Seine Bootsfahrt"},"content":{"rendered":"<p><span><img decoding=\"async\" alt=\"\" data-id=\"16912\" width=\"\" height=\"undefined\" title=\"Louvre und seine Fluss Kreuzfahrt\" src=\"https:\/\/paristouristinformation.fr\/wp-content\/uploads\/2025\/12\/Louvre-and-Seine-River-cruise2.avif\" data-src=\"https:\/\/paristouristinformation.fr\/wp-content\/uploads\/2025\/12\/Louvre-and-Seine-River-cruise2.avif\" loading=\"lazy\" data-sizes=\"{&quot;full&quot;:{&quot;url&quot;:&quot;https:\/\/paristouristinformation.fr\/wp-content\/uploads\/2025\/12\/Louvre-and-Seine-River-cruise2.avif&quot;}}\"><\/span><span><img decoding=\"async\" alt=\"\" data-id=\"16913\" width=\"\" height=\"undefined\" title=\"Louvre und seine Fluss Kreuzfahrt\" src=\"https:\/\/paristouristinformation.fr\/wp-content\/uploads\/2025\/12\/Louvre-and-Seine-River-cruise3.avif\" data-src=\"https:\/\/paristouristinformation.fr\/wp-content\/uploads\/2025\/12\/Louvre-and-Seine-River-cruise3.avif\" loading=\"lazy\" data-sizes=\"{&quot;full&quot;:{&quot;url&quot;:&quot;https:\/\/paristouristinformation.fr\/wp-content\/uploads\/2025\/12\/Louvre-and-Seine-River-cruise3.avif&quot;}}\"><\/span><span><img decoding=\"async\" alt=\"\" data-id=\"16914\" width=\"2560\" height=\"955\" title=\"Louvre und seine Fluss Kreuzfahrt\" src=\"https:\/\/www.paristouristinformation.fr\/de\/wp-content\/uploads\/2026\/02\/Louvre-and-Seine-River-cruise4-1024x382-1.webp\" data-src=\"https:\/\/www.paristouristinformation.fr\/de\/wp-content\/uploads\/2026\/02\/Louvre-and-Seine-River-cruise4-300x112-1.webp\" loading=\"lazy\" data-sizes=\"{&quot;thumbnail&quot;:{&quot;height&quot;:205,&quot;width&quot;:333,&quot;url&quot;:&quot;https:\/\/www.paristouristinformation.fr\/de\/wp-content\/uploads\/2026\/02\/Louvre-and-Seine-River-cruise4-333x205-1.webp&quot;,&quot;orientation&quot;:&quot;landscape&quot;},&quot;medium&quot;:{&quot;height&quot;:112,&quot;width&quot;:300,&quot;url&quot;:&quot;https:\/\/www.paristouristinformation.fr\/de\/wp-content\/uploads\/2026\/02\/Louvre-and-Seine-River-cruise4-300x112-1.webp&quot;,&quot;orientation&quot;:&quot;landscape&quot;},&quot;large&quot;:{&quot;height&quot;:382,&quot;width&quot;:1024,&quot;url&quot;:&quot;https:\/\/www.paristouristinformation.fr\/de\/wp-content\/uploads\/2026\/02\/Louvre-and-Seine-River-cruise4-1024x382-1.webp&quot;,&quot;orientation&quot;:&quot;landscape&quot;},&quot;full&quot;:{&quot;url&quot;:&quot;https:\/\/www.paristouristinformation.fr\/de\/wp-content\/uploads\/2026\/02\/Louvre-and-Seine-River-cruise4-scaled-1.webp&quot;,&quot;height&quot;:955,&quot;width&quot;:2560,&quot;orientation&quot;:&quot;landscape&quot;}}\"><\/span><span><img decoding=\"async\" alt=\"\" data-id=\"16915\" width=\"\" height=\"undefined\" title=\"Louvre und seine Fluss Kreuzfahrt\" src=\"https:\/\/paristouristinformation.fr\/wp-content\/uploads\/2025\/12\/Louvre-and-Seine-River-cruise5.avif\" data-src=\"https:\/\/paristouristinformation.fr\/wp-content\/uploads\/2025\/12\/Louvre-and-Seine-River-cruise5.avif\" loading=\"lazy\" data-sizes=\"{&quot;full&quot;:{&quot;url&quot;:&quot;https:\/\/paristouristinformation.fr\/wp-content\/uploads\/2025\/12\/Louvre-and-Seine-River-cruise5.avif&quot;}}\"><\/span><span><img decoding=\"async\" alt=\"Louvre und seine Fluss Kreuzfahrt\" data-id=\"16911\" width=\"\" height=\"undefined\" title=\"Louvre und seine Fluss Kreuzfahrt\" src=\"https:\/\/paristouristinformation.fr\/wp-content\/uploads\/2025\/12\/Louvre-and-Seine-River-cruise1.avif\" data-src=\"https:\/\/paristouristinformation.fr\/wp-content\/uploads\/2025\/12\/Louvre-and-Seine-River-cruise1.avif\" loading=\"lazy\" data-sizes=\"{&quot;full&quot;:{&quot;url&quot;:&quot;https:\/\/paristouristinformation.fr\/wp-content\/uploads\/2025\/12\/Louvre-and-Seine-River-cruise1.avif&quot;}}\"><\/span><span><img decoding=\"async\" alt=\"\" data-id=\"16912\" width=\"\" height=\"undefined\" title=\"Louvre und seine Fluss Kreuzfahrt\" src=\"https:\/\/paristouristinformation.fr\/wp-content\/uploads\/2025\/12\/Louvre-and-Seine-River-cruise2.avif\" data-src=\"https:\/\/paristouristinformation.fr\/wp-content\/uploads\/2025\/12\/Louvre-and-Seine-River-cruise2.avif\" loading=\"lazy\" data-sizes=\"{&quot;full&quot;:{&quot;url&quot;:&quot;https:\/\/paristouristinformation.fr\/wp-content\/uploads\/2025\/12\/Louvre-and-Seine-River-cruise2.avif&quot;}}\"><\/span><span><img decoding=\"async\" alt=\"\" data-id=\"16913\" width=\"\" height=\"undefined\" title=\"Louvre und seine Fluss Kreuzfahrt\" src=\"https:\/\/paristouristinformation.fr\/wp-content\/uploads\/2025\/12\/Louvre-and-Seine-River-cruise3.avif\" data-src=\"https:\/\/paristouristinformation.fr\/wp-content\/uploads\/2025\/12\/Louvre-and-Seine-River-cruise3.avif\" loading=\"lazy\" data-sizes=\"{&quot;full&quot;:{&quot;url&quot;:&quot;https:\/\/paristouristinformation.fr\/wp-content\/uploads\/2025\/12\/Louvre-and-Seine-River-cruise3.avif&quot;}}\"><\/span><span><img decoding=\"async\" alt=\"\" data-id=\"16914\" width=\"2560\" height=\"955\" title=\"Louvre und seine Fluss Kreuzfahrt\" src=\"https:\/\/www.paristouristinformation.fr\/de\/wp-content\/uploads\/2026\/02\/Louvre-and-Seine-River-cruise4-1024x382-1.webp\" data-src=\"https:\/\/www.paristouristinformation.fr\/de\/wp-content\/uploads\/2026\/02\/Louvre-and-Seine-River-cruise4-300x112-1.webp\" loading=\"lazy\" data-sizes=\"{&quot;thumbnail&quot;:{&quot;height&quot;:205,&quot;width&quot;:333,&quot;url&quot;:&quot;https:\/\/www.paristouristinformation.fr\/de\/wp-content\/uploads\/2026\/02\/Louvre-and-Seine-River-cruise4-333x205-1.webp&quot;,&quot;orientation&quot;:&quot;landscape&quot;},&quot;medium&quot;:{&quot;height&quot;:112,&quot;width&quot;:300,&quot;url&quot;:&quot;https:\/\/www.paristouristinformation.fr\/de\/wp-content\/uploads\/2026\/02\/Louvre-and-Seine-River-cruise4-300x112-1.webp&quot;,&quot;orientation&quot;:&quot;landscape&quot;},&quot;large&quot;:{&quot;height&quot;:382,&quot;width&quot;:1024,&quot;url&quot;:&quot;https:\/\/www.paristouristinformation.fr\/de\/wp-content\/uploads\/2026\/02\/Louvre-and-Seine-River-cruise4-1024x382-1.webp&quot;,&quot;orientation&quot;:&quot;landscape&quot;},&quot;full&quot;:{&quot;url&quot;:&quot;https:\/\/www.paristouristinformation.fr\/de\/wp-content\/uploads\/2026\/02\/Louvre-and-Seine-River-cruise4-scaled-1.webp&quot;,&quot;height&quot;:955,&quot;width&quot;:2560,&quot;orientation&quot;:&quot;landscape&quot;}}\"><\/span><span><img decoding=\"async\" alt=\"\" data-id=\"16915\" width=\"\" height=\"undefined\" title=\"Louvre und seine Fluss Kreuzfahrt\" src=\"https:\/\/paristouristinformation.fr\/wp-content\/uploads\/2025\/12\/Louvre-and-Seine-River-cruise5.avif\" data-src=\"https:\/\/paristouristinformation.fr\/wp-content\/uploads\/2025\/12\/Louvre-and-Seine-River-cruise5.avif\" loading=\"lazy\" data-sizes=\"{&quot;full&quot;:{&quot;url&quot;:&quot;https:\/\/paristouristinformation.fr\/wp-content\/uploads\/2025\/12\/Louvre-and-Seine-River-cruise5.avif&quot;}}\"><\/span><span><img decoding=\"async\" alt=\"Louvre und seine Fluss Kreuzfahrt\" data-id=\"16911\" width=\"\" height=\"undefined\" title=\"Louvre und seine Fluss Kreuzfahrt\" src=\"https:\/\/paristouristinformation.fr\/wp-content\/uploads\/2025\/12\/Louvre-and-Seine-River-cruise1.avif\" data-src=\"https:\/\/paristouristinformation.fr\/wp-content\/uploads\/2025\/12\/Louvre-and-Seine-River-cruise1.avif\" loading=\"lazy\" data-sizes=\"{&quot;full&quot;:{&quot;url&quot;:&quot;https:\/\/paristouristinformation.fr\/wp-content\/uploads\/2025\/12\/Louvre-and-Seine-River-cruise1.avif&quot;}}\"><\/span><span><img decoding=\"async\" alt=\"\" data-id=\"16912\" width=\"\" height=\"undefined\" title=\"Louvre und seine Fluss Kreuzfahrt\" src=\"https:\/\/paristouristinformation.fr\/wp-content\/uploads\/2025\/12\/Louvre-and-Seine-River-cruise2.avif\" data-src=\"https:\/\/paristouristinformation.fr\/wp-content\/uploads\/2025\/12\/Louvre-and-Seine-River-cruise2.avif\" loading=\"lazy\" data-sizes=\"{&quot;full&quot;:{&quot;url&quot;:&quot;https:\/\/paristouristinformation.fr\/wp-content\/uploads\/2025\/12\/Louvre-and-Seine-River-cruise2.avif&quot;}}\"><\/span><span><img decoding=\"async\" alt=\"\" data-id=\"16913\" width=\"\" height=\"undefined\" title=\"Louvre und seine Fluss Kreuzfahrt\" src=\"https:\/\/paristouristinformation.fr\/wp-content\/uploads\/2025\/12\/Louvre-and-Seine-River-cruise3.avif\" data-src=\"https:\/\/paristouristinformation.fr\/wp-content\/uploads\/2025\/12\/Louvre-and-Seine-River-cruise3.avif\" loading=\"lazy\" data-sizes=\"{&quot;full&quot;:{&quot;url&quot;:&quot;https:\/\/paristouristinformation.fr\/wp-content\/uploads\/2025\/12\/Louvre-and-Seine-River-cruise3.avif&quot;}}\"><\/span><span><img decoding=\"async\" alt=\"\" data-id=\"16914\" width=\"2560\" height=\"955\" title=\"Louvre und seine Fluss Kreuzfahrt\" src=\"https:\/\/www.paristouristinformation.fr\/de\/wp-content\/uploads\/2026\/02\/Louvre-and-Seine-River-cruise4-1024x382-1.webp\" data-src=\"https:\/\/www.paristouristinformation.fr\/de\/wp-content\/uploads\/2026\/02\/Louvre-and-Seine-River-cruise4-300x112-1.webp\" loading=\"lazy\" data-sizes=\"{&quot;thumbnail&quot;:{&quot;height&quot;:205,&quot;width&quot;:333,&quot;url&quot;:&quot;https:\/\/www.paristouristinformation.fr\/de\/wp-content\/uploads\/2026\/02\/Louvre-and-Seine-River-cruise4-333x205-1.webp&quot;,&quot;orientation&quot;:&quot;landscape&quot;},&quot;medium&quot;:{&quot;height&quot;:112,&quot;width&quot;:300,&quot;url&quot;:&quot;https:\/\/www.paristouristinformation.fr\/de\/wp-content\/uploads\/2026\/02\/Louvre-and-Seine-River-cruise4-300x112-1.webp&quot;,&quot;orientation&quot;:&quot;landscape&quot;},&quot;large&quot;:{&quot;height&quot;:382,&quot;width&quot;:1024,&quot;url&quot;:&quot;https:\/\/www.paristouristinformation.fr\/de\/wp-content\/uploads\/2026\/02\/Louvre-and-Seine-River-cruise4-1024x382-1.webp&quot;,&quot;orientation&quot;:&quot;landscape&quot;},&quot;full&quot;:{&quot;url&quot;:&quot;https:\/\/www.paristouristinformation.fr\/de\/wp-content\/uploads\/2026\/02\/Louvre-and-Seine-River-cruise4-scaled-1.webp&quot;,&quot;height&quot;:955,&quot;width&quot;:2560,&quot;orientation&quot;:&quot;landscape&quot;}}\"><\/span><span><img decoding=\"async\" alt=\"\" data-id=\"16915\" width=\"\" height=\"undefined\" title=\"Louvre und seine Fluss Kreuzfahrt\" src=\"https:\/\/paristouristinformation.fr\/wp-content\/uploads\/2025\/12\/Louvre-and-Seine-River-cruise5.avif\" data-src=\"https:\/\/paristouristinformation.fr\/wp-content\/uploads\/2025\/12\/Louvre-and-Seine-River-cruise5.avif\" loading=\"lazy\" data-sizes=\"{&quot;full&quot;:{&quot;url&quot;:&quot;https:\/\/paristouristinformation.fr\/wp-content\/uploads\/2025\/12\/Louvre-and-Seine-River-cruise5.avif&quot;}}\"><\/span><\/p>\n<h1 dir=\"ltr\">Paris: Louvre mit reserviertem Zugang und Seine Bootsfahrt<\/h1>\n<h2><a href=\"https:\/\/www.getyourguide.com\/paris-l16\/1-day-in-paris-1-museum-cruise-metro-tickets-map-t47874\/?partner_id=NO9XIDE&amp;utm_medium=online_publisher&amp;cmp=ParisTiDeLouvreSeineCruiseSP\" target=\"_blank\" rel=\"nofollow noopener\" style=\"outline: none;\">Zur Buchung<\/a><\/h2>\n<h1><a href=\"https:\/\/www.getyourguide.com\/paris-l16\/1-day-in-paris-1-museum-cruise-metro-tickets-map-t47874\/?partner_id=NO9XIDE&amp;utm_medium=online_publisher&amp;cmp=ParisTiDeLouvreSeineCruiseSP\" target=\"_blank\" rel=\"nofollow noopener\" style=\"outline: none;\" spellcheck=\"false\"><span style=\"font-weight: normal;\">Ab 99<\/span> <span style=\"font-weight: normal;\">\u20ac<\/span><\/a><\/h1>\n<p dir=\"ltr\">Genie\u00dfen Sie ein nahtloses Paris-Erlebnis mit Kreuzfahrttickets f\u00fcr den Louvre und die Seine. \u00dcberspringen Sie die Schlangen im Louvre-Museum, erkunden Sie weltber\u00fchmte Kunst in Ihrem eigenen Tempo und entspannen Sie sich dann auf einer malerischen Seine-Kreuzfahrt. Der optionale Zugang zum Eiffelturm vervollst\u00e4ndigt einen unvergesslichen Tag.<\/p>\n<ul>\n<li style=\"\"><span style=\"\">Dauer: 5 Stunden<\/span><\/li>\n<li style=\"\"><span style=\"\">Audioguide (optional)<\/span><\/li>\n<li style=\"\"><span style=\"\">Kostenlose Stornierung<\/span><\/li>\n<\/ul>\n<h2>Inbegriffen<\/h2>\n<ul>\n<li style=\"\">                    <span>Reservierter Zugang zum Louvre-Museum zu Ihrer gew\u00e4hlten Zeit<\/span><\/li>\n<li style=\"\">                    <span>Seine-Kreuzfahrt (Tag oder Nacht)<\/span><\/li>\n<li style=\"\">                    <span>Optionale F\u00fchrung durch den Louvre (falls ausgew\u00e4hlt)<\/span><\/li>\n<li style=\"\">                    <span>Optionaler reser Aufzugszugang zum 2. Bestand der Eiffelturm<\/span><\/li>\n<\/ul>\n<h2>Nicht inbegriffen<\/h2>\n<ul>\n<li style=\"\"><span>Speisen und Getr\u00e4nke<\/span><\/li>\n<li style=\"\"><span>Abholung und R\u00fcckgabe im Hotel<\/span><\/li>\n<\/ul>\n<h2>Wichtige Informationen<\/h2>\n<ul>\n<li style=\"\"><span>Gro\u00dfe Taschen und Gep\u00e4ckst\u00fccke sind im Louvre-Museum nicht erlaubt<\/span><\/li>\n<li><span>Ihre gebuchte Zeit gilt entweder f\u00fcr das Louvre-Museum oder den Eiffelturm, je nach gew\u00e4hlter Option<\/span><\/li>\n<li><span>Die Option Eiffelturm erfordert ein Treffen mit Ihrem Reiseleiter 15 Minuten fr\u00fcher an der angegebenen Adresse<\/span><\/li>\n<li><span>Kreuzfahrttickets zur Seine sind innerhalb von sechs Monaten f\u00fcr jeden Tag g\u00fcltig<\/span><\/li>\n<li><span>Kreuzfahrtabfl\u00fcge laufen etwa alle 30 Minuten, t\u00e4glich<\/span><\/li>\n<\/ul>\n<h2>Beschreibung:<\/h2>\n<p dir=\"ltr\">Entdecken Sie Paris von seiner besten Seite mit einem <strong>flexiblen Combo-Ticket f\u00fcr eine Louvre- und Seine-Kreuzfahrt<\/strong>. Betreten Sie den Louvre mit reserviertem Zugang und erkunden Sie ikonische Meisterwerke, von alten Zivilisationen bis hin zu <strong>Renaissance-Sch\u00e4tzen<\/strong>, in Ihrem eigenen Tempo.<\/p>\n<p dir=\"ltr\">Genie\u00dfen Sie danach eine entspannende<strong> einst\u00fcndige Kreuzfahrt entlang der Seine<\/strong>, die vom Wasser aus einen sch\u00f6nen Blick auf die Pariser Sehensw\u00fcrdigkeiten bietet. Verbessern Sie Ihr Erlebnis mit <strong>optionalem<\/strong><strong>Zugang zum Eiffelturm <\/strong>und bewundern Sie den atemberaubenden Blick auf die Stadt von oben. Mit diesem durchdacht gestalteten Erlebnis k\u00f6nnen Sie Paris von Land, Fluss und Himmel aus genie\u00dfen, ohne den Stress separater Buchungen.<\/p>\n<h2>H\u00f6hepunkte:<\/h2>\n<ul>\n<li dir=\"ltr\">Reservierter Zugang zum Louvre-Museum<\/li>\n<li dir=\"ltr\">Gem\u00fctliche Kreuzfahrt mit der Seine mit Panoramablick auf die Stadt<\/li>\n<li dir=\"ltr\">Flexible Kreuzfahrtg\u00fcltigkeit f\u00fcr bis zu sechs Monate<\/li>\n<li dir=\"ltr\">Optionaler Zugang zum Eiffelturm im zweiten Stock mit dem Aufzug<\/li>\n<li dir=\"ltr\">Ideale Art um Paris an einem Tag aus mehreren Perspektiven zu sehen<\/li>\n<li dir=\"ltr\">Ein Museumsbesuch in einem eigenen Tempo kombiniert mit einer entspannenden Kreuzfahrt<\/li>\n<\/ul>\n<h2>Stornierungsrichtlinien<\/h2>\n<p>Kostenlose Stornierung bis zu 24 Stunden vor der Aktivit\u00e4t f\u00fcr eine volle R\u00fcckerstattung m\u00f6glich.<\/p>\n<h2>Treffpunkt &amp; Anleitung<\/h2>\n<p dir=\"ltr\">Die Treffpunkte variieren je nach gew\u00e4hlter Option.<\/p>\n<ul>\n<li dir=\"ltr\"><strong>Eiffelturm-Option: <\/strong>Treffen Sie Ihren Reiseleiter 15 Minuten vor Ihrer geplanten Zeit in der Avenue de la Bourdonnais 19, vor dem Geschenkeladen<\/li>\n<li><strong>Nur-Lour-Option: <\/strong>Ankunft am Louvre-Eingang zu Ihrer reservierten Zeit<\/li>\n<\/ul>\n<p><a href=\"https:\/\/maps.app.goo.gl\/rAFFH9b7hgv6pMbw8\" style=\"outline: none;\" data-lt-tmp-id=\"lt-755238\" spellcheck=\"false\" target=\"_blank\" rel=\"nofollow noopener\">In Karten \u00f6ffnen<\/a><\/p>\n<h2>Bewertungen&nbsp;<\/h2>\n<p><strong>4.3\/5 <\/strong><strong>(16.004 Bewertungen)<\/strong><\/p>\n<p dir=\"ltr\"><em>&#8222;Der Louve-Besuch am Abend war fantastisch (meiner Meinung nach die beste Zeit f\u00fcr einen Besuch. Ich war sch\u00f6n und nah an der Mona Lisa mit nur ein paar Leuten dort) Tolle Anweisungen, die an dem Tag an meine E-Mail gegeben wurden. Tickets f\u00fcr die Kreuzfahrt wurden zur gleichen Zeit verschickt. Der mit Abstand beste Teil dieses Kaufs war die Option Kreuzfahrt. Unser Kreuzfahrtveranstalter war &#8222;Bateaux-Mouches&#8220;, ein sch\u00f6ner Hafen, der zu Weihnachten gut dekoriert ist. Auch ein sch\u00f6nes Boot, das auf der Reise bei weitem \u00fcberlegen war. Eine absolut magische Erfahrung, buchen Sie diese Erfahrung, Sie werden nicht entt\u00e4uscht sein.&#8220;<\/em> Mere, Dez. 2025 <a href=\"https:\/\/www.getyourguide.com\/paris-l16\/1-day-in-paris-1-museum-cruise-metro-tickets-map-t47874\/?partner_id=NO9XIDE&amp;utm_medium=online_publisher&amp;cmp=ParisTiDeLouvreSeineCruiseSP\" target=\"_blank\" rel=\"nofollow noopener\" data-lt-tmp-id=\"lt-19451\" spellcheck=\"false\" style=\"outline: none;\">&gt;&gt; Weitere Bewertungen anzeigen<\/a><\/p>\n<h2>Weitere Aktivit\u00e4ten, die Ihnen gefallen k\u00f6nnten<\/h2>\n<p><span>#2<\/span><span>#2<\/span><span><img decoding=\"async\" alt=\"\" data-id=\"16917\" width=\"159\" data-init-width=\"1600\" height=\"106\" data-init-height=\"1000\" title=\"Eintrittskarte f\u00fcr das Pariser Louvre-Museum und digitale Mona Lisa-Audioguide\" loading=\"lazy\" src=\"https:\/\/paristouristinformation.fr\/wp-content\/uploads\/2025\/12\/Paris-Louvre-Museum-Ticket-Mona-Lisa-Digital-Audio-Guide.avif\" data-width=\"159\" data-height=\"106\" style=\"aspect-ratio: auto 1600 \/ 1000;\"><\/span><\/p>\n<table>\n<tbody>\n<tr>\n<td><a href=\"https:\/\/www.getyourguide.com\/paris-l16\/paris-louvre-museum-entry-ticket-with-mona-lisa-audio-guide-t671450\/?partner_id=NO9XIDE&amp;utm_medium=online_publisher&amp;cmp=ParisDeLouvreSeineCruiseSP2\" target=\"_blank\" rel=\"nofollow noopener\" style=\"outline: none;\" data-lt-tmp-id=\"lt-230594\" spellcheck=\"false\"><span data-v-f40aa250=\"\"><span data-v-f40aa250=\"\"><span data-v-f40aa250=\"\"><span data-v-f40aa250=\"\">Paris: Louvre Museum Ticket &amp; Mona Lisa Digital Audio Guide<\/span><\/span><\/span><\/span><\/a><\/td>\n<\/tr>\n<\/tbody>\n<\/table>\n<p data-end=\"242\" data-is-last-node=\"\" data-is-only-node=\"\" data-start=\"0\">Erkunden Sie den Louvre in Ihrem eigenen Tempo mit einem zeitlichen Zeitgesamten Eintrittskarte und einem digitalen Audioguide, der sich auf die Mona Lisa konzentrierte und faszinierende Einblicke in die ber\u00fchmtesten Gem\u00e4lde der Welt und die Meisterwerke des Museums bietet, die man gesehen haben muss.<\/p>\n<h3 style=\"\">Gesamtpreis<\/h3>\n<h3 style=\"\">Ihr Konto wird noch nicht belastet<\/h3>\n<p><span>#2<\/span><span><img decoding=\"async\" alt=\"\" data-id=\"16918\" width=\"159\" data-init-width=\"1600\" height=\"106\" data-init-height=\"1000\" title=\"Paris 3-G\u00e4nge-Dinner-Kreuzfahrt auf der Seine mit Live-Musik\" loading=\"lazy\" src=\"https:\/\/paristouristinformation.fr\/wp-content\/uploads\/2025\/12\/Paris-3-Course-Dinner-Cruise-on-the-Seine-with-live-music-2.avif\" data-width=\"159\" data-height=\"106\" style=\"aspect-ratio: auto 1600 \/ 1000;\"><\/span><\/p>\n<table>\n<tbody>\n<tr>\n<td><a href=\"https:\/\/www.getyourguide.com\/paris-l16\/bateaux-parisiens-dinner-cruise-t51059\/?partner_id=NO9XIDE&amp;utm_medium=online_publisher&amp;cmp=ParisDeLouvreSeineCruiseSP3\" target=\"_blank\" rel=\"nofollow noopener\" style=\"outline: none;\" data-lt-tmp-id=\"lt-415881\" spellcheck=\"false\"><span data-v-f40aa250=\"\"><span data-v-f40aa250=\"\"><span data-v-f40aa250=\"\"><span data-v-f40aa250=\"\">Paris: 3-G\u00e4nge-Dinner-Kreuzfahrt auf der Seine mit Live-Musik<\/span><\/span><\/span><\/span><\/a><\/td>\n<\/tr>\n<\/tbody>\n<\/table>\n<p data-end=\"190\" data-is-last-node=\"\" data-is-only-node=\"\" data-start=\"0\">Genie\u00dfen Sie ein raffiniertes Drei-G\u00e4nge-Dinner an Bord einer Kreuzfahrt mit der Seine mit Live-Musik, elegantem Ambiente und atemberaubendem Blick auf die Pariser Wahrzeichen f\u00fcr einen wirklich unvergesslichen Abend auf dem Wasser.<\/p>\n<h3 style=\"\">Gesamtpreis<\/h3>\n<h3 style=\"\">Ihr Konto wird noch nicht belastet<\/h3>\n<p><\/p>\n<h2><a href=\"https:\/\/www.getyourguide.com\/paris-l16\/1-day-in-paris-1-museum-cruise-metro-tickets-map-t47874\/?partner_id=NO9XIDE&amp;utm_medium=online_publisher&amp;cmp=ParisTiDeLouvreSeineCruiseSP\" target=\"_blank\" rel=\"nofollow noopener\" style=\"outline: none;\" spellcheck=\"false\">Zur Buchung<\/a><\/h2>\n<h1><a href=\"https:\/\/www.getyourguide.com\/paris-l16\/1-day-in-paris-1-museum-cruise-metro-tickets-map-t47874\/?partner_id=NO9XIDE&amp;utm_medium=online_publisher&amp;cmp=ParisTiDeLouvreSeineCruiseSP\" target=\"_blank\" rel=\"nofollow noopener\" style=\"outline: none;\" spellcheck=\"false\"><span style=\"font-weight: normal;\">Ab 99<\/span><strong>&nbsp;\u20ac<\/strong><\/a><\/h1>\n<p style=\"\">Ihr Konto wird noch nicht belastet<\/p>\n","protected":false},"excerpt":{"rendered":"<p>Paris: Louvre mit reserviertem Zugang und Seine Bootsfahrt Zur Buchung Ab 99 \u20ac Genie\u00dfen Sie ein nahtloses Paris-Erlebnis mit Kreuzfahrttickets f\u00fcr den Louvre und die Seine. \u00dcberspringen Sie die Schlangen im Louvre-Museum, erkunden Sie weltber\u00fchmte Kunst in Ihrem eigenen Tempo und entspannen Sie sich dann auf einer malerischen Seine-Kreuzfahrt. Der optionale Zugang zum Eiffelturm vervollst\u00e4ndigt [&hellip;]<\/p>\n","protected":false},"author":10,"featured_media":15677,"parent":0,"menu_order":0,"comment_status":"closed","ping_status":"closed","template":"","meta":{"footnotes":""},"tags":[69],"class_list":["post-15676","page","type-page","status-publish","has-post-thumbnail","hentry","tag-sales-pages","post-wrapper","thrv_wrapper"],"wp-worthy-pixel":{"ignored":false,"public":null,"server":null,"url":null},"wp-worthy-type":"normal","_links":{"self":[{"href":"https:\/\/www.paristouristinformation.fr\/de\/wp-json\/wp\/v2\/pages\/15676","targetHints":{"allow":["GET"]}}],"collection":[{"href":"https:\/\/www.paristouristinformation.fr\/de\/wp-json\/wp\/v2\/pages"}],"about":[{"href":"https:\/\/www.paristouristinformation.fr\/de\/wp-json\/wp\/v2\/types\/page"}],"author":[{"embeddable":true,"href":"https:\/\/www.paristouristinformation.fr\/de\/wp-json\/wp\/v2\/users\/10"}],"replies":[{"embeddable":true,"href":"https:\/\/www.paristouristinformation.fr\/de\/wp-json\/wp\/v2\/comments?post=15676"}],"version-history":[{"count":10,"href":"https:\/\/www.paristouristinformation.fr\/de\/wp-json\/wp\/v2\/pages\/15676\/revisions"}],"predecessor-version":[{"id":15955,"href":"https:\/\/www.paristouristinformation.fr\/de\/wp-json\/wp\/v2\/pages\/15676\/revisions\/15955"}],"wp:featuredmedia":[{"embeddable":true,"href":"https:\/\/www.paristouristinformation.fr\/de\/wp-json\/wp\/v2\/media\/15677"}],"wp:attachment":[{"href":"https:\/\/www.paristouristinformation.fr\/de\/wp-json\/wp\/v2\/media?parent=15676"}],"wp:term":[{"taxonomy":"post_tag","embeddable":true,"href":"https:\/\/www.paristouristinformation.fr\/de\/wp-json\/wp\/v2\/tags?post=15676"}],"curies":[{"name":"wp","href":"https:\/\/api.w.org\/{rel}","templated":true}]}}