{"id":15692,"date":"2026-04-08T11:13:53","date_gmt":"2026-04-08T11:13:53","guid":{"rendered":"https:\/\/www.paristouristinformation.fr\/de\/?page_id=15692"},"modified":"2026-04-08T11:26:27","modified_gmt":"2026-04-08T11:26:27","slug":"schloss-chenonceau-loire-tal-schloesser-ticket","status":"publish","type":"page","link":"https:\/\/www.paristouristinformation.fr\/de\/schloss-chenonceau-loire-tal-schloesser-ticket\/","title":{"rendered":"Schloss Chenonceau + 2 Loire-Tal-Schl\u00f6sser Kombiticket"},"content":{"rendered":"<p><span><img decoding=\"async\" alt=\"Chenonceau + 2 Schl\u00f6sser aus dem Loiretal Combo\" data-id=\"16970\" width=\"1600\" height=\"1000\" title=\"Chenonceau + 2 Schl\u00f6sser aus dem Loiretal Combo\" src=\"https:\/\/paristouristinformation.fr\/wp-content\/uploads\/2026\/01\/Chenonceau-2-Loire-Valley-Castles-Combo-ota1-1024x640.avif\" data-src=\"https:\/\/paristouristinformation.fr\/wp-content\/uploads\/2026\/01\/Chenonceau-2-Loire-Valley-Castles-Combo-ota1-300x188.avif\" loading=\"lazy\" data-sizes=\"{&quot;thumbnail&quot;:{&quot;height&quot;:205,&quot;width&quot;:333,&quot;url&quot;:&quot;https:\/\/paristouristinformation.fr\/wp-content\/uploads\/2026\/01\/Chenonceau-2-Loire-Valley-Castles-Combo-ota1-333x205.avif&quot;,&quot;orientation&quot;:&quot;landscape&quot;},&quot;medium&quot;:{&quot;height&quot;:188,&quot;width&quot;:300,&quot;url&quot;:&quot;https:\/\/paristouristinformation.fr\/wp-content\/uploads\/2026\/01\/Chenonceau-2-Loire-Valley-Castles-Combo-ota1-300x188.avif&quot;,&quot;orientation&quot;:&quot;landscape&quot;},&quot;large&quot;:{&quot;height&quot;:640,&quot;width&quot;:1024,&quot;url&quot;:&quot;https:\/\/paristouristinformation.fr\/wp-content\/uploads\/2026\/01\/Chenonceau-2-Loire-Valley-Castles-Combo-ota1-1024x640.avif&quot;,&quot;orientation&quot;:&quot;landscape&quot;},&quot;full&quot;:{&quot;url&quot;:&quot;https:\/\/paristouristinformation.fr\/wp-content\/uploads\/2026\/01\/Chenonceau-2-Loire-Valley-Castles-Combo-ota1.avif&quot;,&quot;height&quot;:1000,&quot;width&quot;:1600,&quot;orientation&quot;:&quot;landscape&quot;}}\"><\/span><span><img decoding=\"async\" alt=\"\" data-id=\"16971\" width=\"1600\" height=\"1000\" title=\"Chenonceau + 2 Schl\u00f6sser aus dem Loiretal Combo\" src=\"https:\/\/paristouristinformation.fr\/wp-content\/uploads\/2026\/01\/Chenonceau-2-Loire-Valley-Castles-Combo-ota2-1024x640.avif\" data-src=\"https:\/\/paristouristinformation.fr\/wp-content\/uploads\/2026\/01\/Chenonceau-2-Loire-Valley-Castles-Combo-ota2-300x188.avif\" loading=\"lazy\" data-sizes=\"{&quot;thumbnail&quot;:{&quot;height&quot;:205,&quot;width&quot;:333,&quot;url&quot;:&quot;https:\/\/paristouristinformation.fr\/wp-content\/uploads\/2026\/01\/Chenonceau-2-Loire-Valley-Castles-Combo-ota2-333x205.avif&quot;,&quot;orientation&quot;:&quot;landscape&quot;},&quot;medium&quot;:{&quot;height&quot;:188,&quot;width&quot;:300,&quot;url&quot;:&quot;https:\/\/paristouristinformation.fr\/wp-content\/uploads\/2026\/01\/Chenonceau-2-Loire-Valley-Castles-Combo-ota2-300x188.avif&quot;,&quot;orientation&quot;:&quot;landscape&quot;},&quot;large&quot;:{&quot;height&quot;:640,&quot;width&quot;:1024,&quot;url&quot;:&quot;https:\/\/paristouristinformation.fr\/wp-content\/uploads\/2026\/01\/Chenonceau-2-Loire-Valley-Castles-Combo-ota2-1024x640.avif&quot;,&quot;orientation&quot;:&quot;landscape&quot;},&quot;full&quot;:{&quot;url&quot;:&quot;https:\/\/paristouristinformation.fr\/wp-content\/uploads\/2026\/01\/Chenonceau-2-Loire-Valley-Castles-Combo-ota2.avif&quot;,&quot;height&quot;:1000,&quot;width&quot;:1600,&quot;orientation&quot;:&quot;landscape&quot;}}\"><\/span><span><img decoding=\"async\" alt=\"\" data-id=\"16972\" width=\"1600\" height=\"1000\" title=\"Chenonceau + 2 Schl\u00f6sser aus dem Loiretal Combo\" src=\"https:\/\/paristouristinformation.fr\/wp-content\/uploads\/2026\/01\/Chenonceau-2-Loire-Valley-Castles-Combo-ota3-1024x640.avif\" data-src=\"https:\/\/paristouristinformation.fr\/wp-content\/uploads\/2026\/01\/Chenonceau-2-Loire-Valley-Castles-Combo-ota3-300x188.avif\" loading=\"lazy\" data-sizes=\"{&quot;thumbnail&quot;:{&quot;height&quot;:205,&quot;width&quot;:333,&quot;url&quot;:&quot;https:\/\/paristouristinformation.fr\/wp-content\/uploads\/2026\/01\/Chenonceau-2-Loire-Valley-Castles-Combo-ota3-333x205.avif&quot;,&quot;orientation&quot;:&quot;landscape&quot;},&quot;medium&quot;:{&quot;height&quot;:188,&quot;width&quot;:300,&quot;url&quot;:&quot;https:\/\/paristouristinformation.fr\/wp-content\/uploads\/2026\/01\/Chenonceau-2-Loire-Valley-Castles-Combo-ota3-300x188.avif&quot;,&quot;orientation&quot;:&quot;landscape&quot;},&quot;large&quot;:{&quot;height&quot;:640,&quot;width&quot;:1024,&quot;url&quot;:&quot;https:\/\/paristouristinformation.fr\/wp-content\/uploads\/2026\/01\/Chenonceau-2-Loire-Valley-Castles-Combo-ota3-1024x640.avif&quot;,&quot;orientation&quot;:&quot;landscape&quot;},&quot;full&quot;:{&quot;url&quot;:&quot;https:\/\/paristouristinformation.fr\/wp-content\/uploads\/2026\/01\/Chenonceau-2-Loire-Valley-Castles-Combo-ota3.avif&quot;,&quot;height&quot;:1000,&quot;width&quot;:1600,&quot;orientation&quot;:&quot;landscape&quot;}}\"><\/span><span><img decoding=\"async\" alt=\"\" data-id=\"16973\" width=\"1600\" height=\"1000\" title=\"Chenonceau + 2 Schl\u00f6sser aus dem Loiretal Combo\" src=\"https:\/\/paristouristinformation.fr\/wp-content\/uploads\/2026\/01\/Chenonceau-2-Loire-Valley-Castles-Combo-ota4-1024x640.avif\" data-src=\"https:\/\/paristouristinformation.fr\/wp-content\/uploads\/2026\/01\/Chenonceau-2-Loire-Valley-Castles-Combo-ota4-300x188.avif\" loading=\"lazy\" data-sizes=\"{&quot;thumbnail&quot;:{&quot;height&quot;:205,&quot;width&quot;:333,&quot;url&quot;:&quot;https:\/\/paristouristinformation.fr\/wp-content\/uploads\/2026\/01\/Chenonceau-2-Loire-Valley-Castles-Combo-ota4-333x205.avif&quot;,&quot;orientation&quot;:&quot;landscape&quot;},&quot;medium&quot;:{&quot;height&quot;:188,&quot;width&quot;:300,&quot;url&quot;:&quot;https:\/\/paristouristinformation.fr\/wp-content\/uploads\/2026\/01\/Chenonceau-2-Loire-Valley-Castles-Combo-ota4-300x188.avif&quot;,&quot;orientation&quot;:&quot;landscape&quot;},&quot;large&quot;:{&quot;height&quot;:640,&quot;width&quot;:1024,&quot;url&quot;:&quot;https:\/\/paristouristinformation.fr\/wp-content\/uploads\/2026\/01\/Chenonceau-2-Loire-Valley-Castles-Combo-ota4-1024x640.avif&quot;,&quot;orientation&quot;:&quot;landscape&quot;},&quot;full&quot;:{&quot;url&quot;:&quot;https:\/\/paristouristinformation.fr\/wp-content\/uploads\/2026\/01\/Chenonceau-2-Loire-Valley-Castles-Combo-ota4.avif&quot;,&quot;height&quot;:1000,&quot;width&quot;:1600,&quot;orientation&quot;:&quot;landscape&quot;}}\"><\/span><span><img decoding=\"async\" alt=\"\" data-id=\"16974\" width=\"1600\" height=\"1000\" title=\"Chenonceau + 2 Schl\u00f6sser aus dem Loiretal Combo\" src=\"https:\/\/paristouristinformation.fr\/wp-content\/uploads\/2026\/01\/Chenonceau-2-Loire-Valley-Castles-Combo-ota5-1024x640.avif\" data-src=\"https:\/\/paristouristinformation.fr\/wp-content\/uploads\/2026\/01\/Chenonceau-2-Loire-Valley-Castles-Combo-ota5-300x188.avif\" loading=\"lazy\" data-sizes=\"{&quot;thumbnail&quot;:{&quot;height&quot;:205,&quot;width&quot;:333,&quot;url&quot;:&quot;https:\/\/paristouristinformation.fr\/wp-content\/uploads\/2026\/01\/Chenonceau-2-Loire-Valley-Castles-Combo-ota5-333x205.avif&quot;,&quot;orientation&quot;:&quot;landscape&quot;},&quot;medium&quot;:{&quot;height&quot;:188,&quot;width&quot;:300,&quot;url&quot;:&quot;https:\/\/paristouristinformation.fr\/wp-content\/uploads\/2026\/01\/Chenonceau-2-Loire-Valley-Castles-Combo-ota5-300x188.avif&quot;,&quot;orientation&quot;:&quot;landscape&quot;},&quot;large&quot;:{&quot;height&quot;:640,&quot;width&quot;:1024,&quot;url&quot;:&quot;https:\/\/paristouristinformation.fr\/wp-content\/uploads\/2026\/01\/Chenonceau-2-Loire-Valley-Castles-Combo-ota5-1024x640.avif&quot;,&quot;orientation&quot;:&quot;landscape&quot;},&quot;full&quot;:{&quot;url&quot;:&quot;https:\/\/paristouristinformation.fr\/wp-content\/uploads\/2026\/01\/Chenonceau-2-Loire-Valley-Castles-Combo-ota5.avif&quot;,&quot;height&quot;:1000,&quot;width&quot;:1600,&quot;orientation&quot;:&quot;landscape&quot;}}\"><\/span><span><img decoding=\"async\" alt=\"\" data-id=\"16975\" width=\"1600\" height=\"1000\" title=\"Chenonceau + 2 Schl\u00f6sser aus dem Loiretal Combo\" src=\"https:\/\/paristouristinformation.fr\/wp-content\/uploads\/2026\/01\/Chenonceau-2-Loire-Valley-Castles-Combo-ota6-1024x640.avif\" data-src=\"https:\/\/paristouristinformation.fr\/wp-content\/uploads\/2026\/01\/Chenonceau-2-Loire-Valley-Castles-Combo-ota6-300x188.avif\" loading=\"lazy\" data-sizes=\"{&quot;thumbnail&quot;:{&quot;height&quot;:205,&quot;width&quot;:333,&quot;url&quot;:&quot;https:\/\/paristouristinformation.fr\/wp-content\/uploads\/2026\/01\/Chenonceau-2-Loire-Valley-Castles-Combo-ota6-333x205.avif&quot;,&quot;orientation&quot;:&quot;landscape&quot;},&quot;medium&quot;:{&quot;height&quot;:188,&quot;width&quot;:300,&quot;url&quot;:&quot;https:\/\/paristouristinformation.fr\/wp-content\/uploads\/2026\/01\/Chenonceau-2-Loire-Valley-Castles-Combo-ota6-300x188.avif&quot;,&quot;orientation&quot;:&quot;landscape&quot;},&quot;large&quot;:{&quot;height&quot;:640,&quot;width&quot;:1024,&quot;url&quot;:&quot;https:\/\/paristouristinformation.fr\/wp-content\/uploads\/2026\/01\/Chenonceau-2-Loire-Valley-Castles-Combo-ota6-1024x640.avif&quot;,&quot;orientation&quot;:&quot;landscape&quot;},&quot;full&quot;:{&quot;url&quot;:&quot;https:\/\/paristouristinformation.fr\/wp-content\/uploads\/2026\/01\/Chenonceau-2-Loire-Valley-Castles-Combo-ota6.avif&quot;,&quot;height&quot;:1000,&quot;width&quot;:1600,&quot;orientation&quot;:&quot;landscape&quot;}}\"><\/span><span><img decoding=\"async\" alt=\"\" data-id=\"16976\" width=\"1600\" height=\"1000\" title=\"Chenonceau + 2 Schl\u00f6sser aus dem Loiretal Combo\" src=\"https:\/\/paristouristinformation.fr\/wp-content\/uploads\/2026\/01\/Chenonceau-2-Loire-Valley-Castles-Combo-ota7-1024x640.avif\" data-src=\"https:\/\/paristouristinformation.fr\/wp-content\/uploads\/2026\/01\/Chenonceau-2-Loire-Valley-Castles-Combo-ota7-300x188.avif\" loading=\"lazy\" data-sizes=\"{&quot;thumbnail&quot;:{&quot;height&quot;:205,&quot;width&quot;:333,&quot;url&quot;:&quot;https:\/\/paristouristinformation.fr\/wp-content\/uploads\/2026\/01\/Chenonceau-2-Loire-Valley-Castles-Combo-ota7-333x205.avif&quot;,&quot;orientation&quot;:&quot;landscape&quot;},&quot;medium&quot;:{&quot;height&quot;:188,&quot;width&quot;:300,&quot;url&quot;:&quot;https:\/\/paristouristinformation.fr\/wp-content\/uploads\/2026\/01\/Chenonceau-2-Loire-Valley-Castles-Combo-ota7-300x188.avif&quot;,&quot;orientation&quot;:&quot;landscape&quot;},&quot;large&quot;:{&quot;height&quot;:640,&quot;width&quot;:1024,&quot;url&quot;:&quot;https:\/\/paristouristinformation.fr\/wp-content\/uploads\/2026\/01\/Chenonceau-2-Loire-Valley-Castles-Combo-ota7-1024x640.avif&quot;,&quot;orientation&quot;:&quot;landscape&quot;},&quot;full&quot;:{&quot;url&quot;:&quot;https:\/\/paristouristinformation.fr\/wp-content\/uploads\/2026\/01\/Chenonceau-2-Loire-Valley-Castles-Combo-ota7.avif&quot;,&quot;height&quot;:1000,&quot;width&quot;:1600,&quot;orientation&quot;:&quot;landscape&quot;}}\"><\/span><span><img decoding=\"async\" alt=\"\" data-id=\"16977\" width=\"1600\" height=\"1000\" title=\"Chenonceau + 2 Schl\u00f6sser aus dem Loiretal Combo\" src=\"https:\/\/paristouristinformation.fr\/wp-content\/uploads\/2026\/01\/Chenonceau-2-Loire-Valley-Castles-Combo-ota8-1024x640.avif\" data-src=\"https:\/\/paristouristinformation.fr\/wp-content\/uploads\/2026\/01\/Chenonceau-2-Loire-Valley-Castles-Combo-ota8-300x188.avif\" loading=\"lazy\" data-sizes=\"{&quot;thumbnail&quot;:{&quot;height&quot;:205,&quot;width&quot;:333,&quot;url&quot;:&quot;https:\/\/paristouristinformation.fr\/wp-content\/uploads\/2026\/01\/Chenonceau-2-Loire-Valley-Castles-Combo-ota8-333x205.avif&quot;,&quot;orientation&quot;:&quot;landscape&quot;},&quot;medium&quot;:{&quot;height&quot;:188,&quot;width&quot;:300,&quot;url&quot;:&quot;https:\/\/paristouristinformation.fr\/wp-content\/uploads\/2026\/01\/Chenonceau-2-Loire-Valley-Castles-Combo-ota8-300x188.avif&quot;,&quot;orientation&quot;:&quot;landscape&quot;},&quot;large&quot;:{&quot;height&quot;:640,&quot;width&quot;:1024,&quot;url&quot;:&quot;https:\/\/paristouristinformation.fr\/wp-content\/uploads\/2026\/01\/Chenonceau-2-Loire-Valley-Castles-Combo-ota8-1024x640.avif&quot;,&quot;orientation&quot;:&quot;landscape&quot;},&quot;full&quot;:{&quot;url&quot;:&quot;https:\/\/paristouristinformation.fr\/wp-content\/uploads\/2026\/01\/Chenonceau-2-Loire-Valley-Castles-Combo-ota8.avif&quot;,&quot;height&quot;:1000,&quot;width&quot;:1600,&quot;orientation&quot;:&quot;landscape&quot;}}\"><\/span><\/p>\n<h1 dir=\"ltr\">Chenonceau + 2 Schl\u00f6sser im Loire-Tal Kombi<\/h1>\n<h2><a href=\"https:\/\/www.headout.com\/de\/schloss-chenonceau-tickets\/kombi-schloss-chenonceau-2-loire-tal-schloss-tickets-e-26756\/?affiliate_code=KXkQ69&amp;utm_campaign=paristidechenonceaucastlecombosp&amp;utm_content=link&amp;utm_medium=affiliate&amp;utm_source=most_amazing_places\" target=\"_blank\" rel=\"nofollow noopener\" style=\"outline: none;\">Zur Buchung&nbsp;<\/a><\/h2>\n<h1><a href=\"https:\/\/www.headout.com\/de\/schloss-chenonceau-tickets\/kombi-schloss-chenonceau-2-loire-tal-schloss-tickets-e-26756\/?affiliate_code=KXkQ69&amp;utm_campaign=paristidechenonceaucastlecombosp&amp;utm_content=link&amp;utm_medium=affiliate&amp;utm_source=most_amazing_places\" target=\"_blank\" rel=\"nofollow noopener\" style=\"outline: none;\" spellcheck=\"false\"><span style=\"font-weight: normal;\">Ab <\/span>54,44&nbsp;<span style=\"font-weight: normal;\">\u20ac<\/span><\/a><\/h1>\n<p dir=\"ltr\">Erkunden Sie die Eleganz von <strong>Chenonceau <\/strong>und entdecken Sie <strong>zwei weitere Schl\u00f6sser des Loiretals <\/strong>Ihrer Wahl mit einem flexiblen <strong>Kombiticket.<\/strong> \u00dcberspringen Sie die Warteschlangen, genie\u00dfen Sie selbstgef\u00fchrte Besuche und erleben Sie die Geschichte der Renaissance, k\u00f6nigliche Residenzen und weltber\u00fchmte G\u00e4rten in Ihrem eigenen Tempo.<\/p>\n<ul>\n<li style=\"\"><span style=\"\">Erforschen Sie in Ihrem eigenen Tempo<\/span><\/li>\n<li style=\"\"><span style=\"\">Skip-the-Line-Eintrittskarte<\/span><\/li>\n<li style=\"\"><span style=\"\">Nicht stornierbar<\/span><\/li>\n<\/ul>\n<h2>Inbegriffen<\/h2>\n<ul>\n<li style=\"\">                    <span>\u00dcberspringen Sie die Ticketschlange am Eingang (Sicherheitskontrolle erforderlich)<\/span><\/li>\n<li style=\"\">                    <span>Besucherbrosch\u00fcre im Chenonceau (verf\u00fcgbar in 18 Sprachen)<\/span><\/li>\n<li style=\"\">                    <span>Eintritt in zwei weitere Schl\u00f6sser des Loiretals Ihrer Wahl<\/span><\/li>\n<li style=\"\">                    <span>Zugang ohne Ticket-Schluss an ausgew\u00e4hlten Schl\u00f6ssern (Sicherheitskontrolle erforderlich)<\/span><\/li>\n<li style=\"\">                    <span>Zugang zu tempor\u00e4ren Ausstellungen (falls zutreffend)<\/span><\/li>\n<li style=\"\">                    <span>Mehrsprachige Besucherf\u00fchrer oder HistoPad AR-Tablets in ausgew\u00e4hlten Schl\u00f6ssern<\/span><\/li>\n<li style=\"\">                    <span>Zugang zum Internationalen Gartenfestival in Chaumont-sur-Loire (April-November, falls im Gange)<\/span><\/li>\n<li style=\"\">                    <span><a href=\"https:\/\/www.headout.com\/de\/schloss-chenonceau-tickets\/kombi-schloss-chenonceau-2-loire-tal-schloss-tickets-e-26756\/?affiliate_code=KXkQ69&amp;utm_campaign=paristidechenonceaucastlecombosp&amp;utm_content=link&amp;utm_medium=affiliate&amp;utm_source=most_amazing_places\" target=\"_blank\" rel=\"nofollow noopener\" style=\"outline: none;\">&gt;&gt; Weitere Details<\/a><\/span><\/li>\n<\/ul>\n<h2>Nicht inbegriffen<\/h2>\n<ul>\n<li style=\"\"><span>F\u00fchrungen<\/span><\/li>\n<li style=\"\"><span>Transport zwischen Burgen<\/span><\/li>\n<li style=\"\"><span>Audioguides nicht explizit erw\u00e4hnt<\/span><\/li>\n<\/ul>\n<h2>Wichtige Informationen<\/h2>\n<ul>\n<li style=\"\"><span>Tickets sind nur f\u00fcr selbstgef\u00fchrte Besuche g\u00fcltig<\/span><\/li>\n<li><span>Sicherheitskontrollen sind in allen Schl\u00f6ssern obligatorisch<\/span><\/li>\n<li><span>Einige historische R\u00e4ume k\u00f6nnen ohne vorherige Ank\u00fcndigung geschlossen werden<\/span><\/li>\n<li><span>Laden Sie Tickets aufgrund der begrenzten Konnektivit\u00e4t an bestimmten Standorten im Voraus herunter<\/span><\/li>\n<li><span>Gro\u00dfe Taschen, Koffer und Haustiere sind in den meisten Schl\u00f6ssern eingeschr\u00e4nkt<\/span><\/li>\n<li><span>Kinder unter 13 Jahren m\u00fcssen an ausgew\u00e4hlten Orten von einem Erwachsenen begleitet werden<\/span><\/li>\n<\/ul>\n<h2>Beschreibung:<\/h2>\n<p dir=\"ltr\">Entdecken Sie das Herz des franz\u00f6sischen Renaissance-Erbes mit einer flexiblen Kombination aus <strong>Chenonceau und zwei zus\u00e4tzlichen Loire-Tal-Schl\u00f6ssern <\/strong>Ihrer Wahl. Schlendern Sie durch elegante Galerien, die von m\u00e4chtigen k\u00f6niglichen Frauen geformt wurden, erkunden Sie gro\u00dfe k\u00f6nigliche Residenzen und bewundern Sie die vision\u00e4re Architektur, die von <strong>Leonardo da Vinci <\/strong>inspiriert ist.<\/p>\n<p dir=\"ltr\">Von weitl\u00e4ufigen <strong>Schlossparks \u00fcber immersive AR-Erlebnisse<\/strong> bis hin zu saisonalen Gartenfestivals k\u00f6nnen Sie mit diesem Ticket Ihre eigene Reise durch die Geschichte gestalten, ohne feste Zeitpl\u00e4ne oder Versp\u00e4tungen an der Ticketlinie.<\/p>\n<h2>H\u00f6hepunkte:<\/h2>\n<ul>\n<li dir=\"ltr\">Spazieren Sie durch die ikonischen Flussgalerien von Chenonceau<\/li>\n<li dir=\"ltr\">W\u00e4hlen Sie zwei Schl\u00f6sser, die Ihren Interessen und Ihrem Zeitplan entsprechen<\/li>\n<li dir=\"ltr\">\u00dcberspringen Sie die Ticketschlangen, um w\u00e4hrend der Hochsaison Zeit zu sparen<\/li>\n<li dir=\"ltr\">Entdecken Sie die Erfindungen von da Vinci im Clos Luc\u00e9<\/li>\n<li dir=\"ltr\">Erklimmen Sie Chambords ber\u00fchmte Doppelhelixtreppe<\/li>\n<li dir=\"ltr\">Erleben Sie AR-Storytelling mit HistoPad-Tablets<\/li>\n<li dir=\"ltr\">Besuchen Sie bis zu drei gro\u00dfe Schl\u00f6sser des Loire-Tals mit einem Ticket<\/li>\n<\/ul>\n<h2>Loire-Tal<\/h2>\n<h2>Stornierungsrichtlinien<\/h2>\n<p>Diese Tickets k\u00f6nnen nicht storniert oder verschoben werden.<\/p>\n<h2>Treffpunkt &amp; Anleitung<\/h2>\n<p dir=\"ltr\">Ihr Gutschein wird sofort nach der Buchung per E-Mail verschickt. Bitte legen Sie Ihren mobilen oder ausgedruckten Gutschein zusammen mit einem g\u00fcltigen Lichtbildausweis am Eingang jedes ausgew\u00e4hlten Schlosses vor. Der Standort des Erlebnisses variiert je nach den ausgew\u00e4hlten Schl\u00f6ssern.<\/p>\n<h2>Bewertungen<\/h2>\n<p><strong>4.5\/5 <\/strong><strong>(19.390 Bewertungen)<\/strong><\/p>\n<p dir=\"ltr\"><em>&#8222;Wir alle lernen Da Vincis Namen in der fr\u00fchen Kindheit, aber in seine Fu\u00dfstapfen treten zu k\u00f6nnen, war wirklich magisch. Das Schloss war trotz der eisigen Temperaturen drau\u00dfen warm und das knisternde Feuer in der K\u00fcche w\u00e4rmte unsere H\u00e4nde und Stimmung. Das Gel\u00e4nde war auch im Winter wundersch\u00f6n und die Aussicht atemberaubend. 10\/10 empfehlen diesen Tagesausflug w\u00e4hrend eines Besuchs in Paris.&#8220;<\/em> Kyrah, Dez. 2025 <a href=\"https:\/\/www.headout.com\/de\/schloss-chenonceau-tickets\/kombi-schloss-chenonceau-2-loire-tal-schloss-tickets-e-26756\/?affiliate_code=KXkQ69&amp;utm_campaign=paristidechenonceaucastlecombosp&amp;utm_content=link&amp;utm_medium=affiliate&amp;utm_source=most_amazing_places\" target=\"_blank\" rel=\"nofollow noopener\" data-lt-tmp-id=\"lt-597343\" spellcheck=\"false\" style=\"outline: none;\">&gt;&gt; Weitere Bewertungen anzeigen<\/a><\/p>\n<h2>Weitere Aktivit\u00e4ten, die Ihnen gefallen k\u00f6nnten<\/h2>\n<p><span>#2<\/span><span>#2<\/span><span><img decoding=\"async\" alt=\"\" data-id=\"16979\" width=\"159\" data-init-width=\"1600\" height=\"99\" data-init-height=\"1000\" title=\"Combo- Chambord + 1 Loire-Tal-Burg\" loading=\"lazy\" src=\"https:\/\/paristouristinformation.fr\/wp-content\/uploads\/2026\/01\/Combo-Chambord-1-Loire-Valley-Castle-ota.avif\" data-width=\"159\" data-height=\"99\" style=\"aspect-ratio: auto 1600 \/ 1000;\"><\/span><\/p>\n<table>\n<tbody>\n<tr>\n<td><a href=\"https:\/\/www.headout.com\/de\/schloss-chambord-tickets\/kombi-schloss-chambord-schloss-chenonceau-konigliches-schloss-amboise-konigliches-schloss-blois-schloss-clos-luce-skip-the-line-tickets-e-26750\/?affiliate_code=KXkQ69&amp;utm_campaign=parisdechenonceaucastlecombosp2&amp;utm_content=link&amp;utm_medium=affiliate&amp;utm_source=most_amazing_places\" target=\"_blank\" rel=\"nofollow noopener\" style=\"outline: none;\" data-lt-tmp-id=\"lt-756817\" spellcheck=\"false\"><span data-v-f40aa250=\"\"><span data-v-f40aa250=\"\"><span data-v-f40aa250=\"\">Combo: Chambord + 1 Loire-Tal-Burg<\/span><\/span><\/span><\/a><\/td>\n<\/tr>\n<\/tbody>\n<\/table>\n<p data-end=\"242\" data-is-last-node=\"\" data-is-only-node=\"\" data-start=\"0\">Entdecken Sie zwei Ikonen des franz\u00f6sischen Erbes mit einer flexiblen Kombination. Erkunden Sie die Pracht von Chambord und w\u00e4hlen Sie eine zus\u00e4tzliche Loire-Tal-Burg, um Ihre Reise zu vervollst\u00e4ndigen &#8211; \u00fcberspringen Sie die Ticketschlangen, besuchen Sie in Ihrem eigenen Tempo und gestalten Sie ein perfekt ausgewogenes Loire-Tal-Erlebnis.<\/p>\n<h3 style=\"\">Gesamtpreis<\/h3>\n<h3 style=\"\">Ihr Konto wird noch nicht belastet<\/h3>\n<p><span>#2<\/span><span><img decoding=\"async\" alt=\"\" data-id=\"16980\" width=\"159\" data-init-width=\"1600\" height=\"99\" data-init-height=\"1000\" title=\"Von Paris- Chambord &amp; Chenonceau F\u00fchrung\" loading=\"lazy\" src=\"https:\/\/paristouristinformation.fr\/wp-content\/uploads\/2026\/01\/From-Paris-Chambord-Chenonceau-Guided-Tour-ota.avif\" data-width=\"159\" data-height=\"99\" style=\"aspect-ratio: auto 1600 \/ 1000;\"><\/span><\/p>\n<table>\n<tbody>\n<tr>\n<td><a href=\"https:\/\/www.headout.com\/de\/schloss-chambord-tickets\/schloesser-der-loire-tour-von-paris-chambord-chenonceau-e-6160\/?affiliate_code=KXkQ69&amp;utm_campaign=parisdechenonceaucastlegttd2&amp;utm_content=link&amp;utm_medium=affiliate&amp;utm_source=most_amazing_places\" target=\"_blank\" rel=\"nofollow noopener\" style=\"outline: none;\" data-lt-tmp-id=\"lt-989466\" spellcheck=\"false\"><span data-v-f40aa250=\"\"><span data-v-f40aa250=\"\"><span data-v-f40aa250=\"\">Von Paris: Chambord &amp; Chenonceau F\u00fchrung<\/span><\/span><\/span><\/a><\/td>\n<\/tr>\n<\/tbody>\n<\/table>\n<p data-end=\"248\" data-is-last-node=\"\" data-is-only-node=\"\" data-start=\"0\">Reisen Sie von Paris ins Loiretal auf einer ganzt\u00e4gigen F\u00fchrung zu zwei legend\u00e4ren Schl\u00f6ssern. Besuchen Sie Chambords Grand Halls und Chenonceaus elegante Galerien am Flussufer mit Experteneinblicken, komfortablem Transport und einem nahtlosen, stressfreien Erlebnis.<\/p>\n<h3 style=\"\">Gesamtpreis<\/h3>\n<h3 style=\"\">Ihr Konto wird noch nicht belastet<\/h3>\n<p><\/p>\n<h2><a href=\"https:\/\/www.headout.com\/de\/schloss-chenonceau-tickets\/kombi-schloss-chenonceau-2-loire-tal-schloss-tickets-e-26756\/?affiliate_code=KXkQ69&amp;utm_campaign=paristidechenonceaucastlecombosp&amp;utm_content=link&amp;utm_medium=affiliate&amp;utm_source=most_amazing_places\" target=\"_blank\" rel=\"nofollow noopener\" style=\"outline: none;\" spellcheck=\"false\">Zur Buchung<\/a><\/h2>\n<h1><a href=\"https:\/\/www.headout.com\/de\/schloss-chenonceau-tickets\/kombi-schloss-chenonceau-2-loire-tal-schloss-tickets-e-26756\/?affiliate_code=KXkQ69&amp;utm_campaign=paristidechenonceaucastlecombosp&amp;utm_content=link&amp;utm_medium=affiliate&amp;utm_source=most_amazing_places\" target=\"_blank\" rel=\"nofollow noopener\" style=\"outline: none;\" spellcheck=\"false\"><span style=\"font-weight: normal;\">Ab <\/span><strong>54,44 \u20ac<\/strong><\/a><\/h1>\n<p style=\"\">Ihr Konto wird noch nicht belastet<\/p>\n","protected":false},"excerpt":{"rendered":"<p>Chenonceau + 2 Schl\u00f6sser im Loire-Tal Kombi Zur Buchung&nbsp; Ab 54,44&nbsp;\u20ac Erkunden Sie die Eleganz von Chenonceau und entdecken Sie zwei weitere Schl\u00f6sser des Loiretals Ihrer Wahl mit einem flexiblen Kombiticket. \u00dcberspringen Sie die Warteschlangen, genie\u00dfen Sie selbstgef\u00fchrte Besuche und erleben Sie die Geschichte der Renaissance, k\u00f6nigliche Residenzen und weltber\u00fchmte G\u00e4rten in Ihrem eigenen Tempo. [&hellip;]<\/p>\n","protected":false},"author":10,"featured_media":15693,"parent":0,"menu_order":0,"comment_status":"closed","ping_status":"closed","template":"","meta":{"footnotes":""},"tags":[69],"class_list":["post-15692","page","type-page","status-publish","has-post-thumbnail","hentry","tag-sales-pages","post-wrapper","thrv_wrapper"],"wp-worthy-pixel":{"ignored":false,"public":null,"server":null,"url":null},"wp-worthy-type":"normal","_links":{"self":[{"href":"https:\/\/www.paristouristinformation.fr\/de\/wp-json\/wp\/v2\/pages\/15692","targetHints":{"allow":["GET"]}}],"collection":[{"href":"https:\/\/www.paristouristinformation.fr\/de\/wp-json\/wp\/v2\/pages"}],"about":[{"href":"https:\/\/www.paristouristinformation.fr\/de\/wp-json\/wp\/v2\/types\/page"}],"author":[{"embeddable":true,"href":"https:\/\/www.paristouristinformation.fr\/de\/wp-json\/wp\/v2\/users\/10"}],"replies":[{"embeddable":true,"href":"https:\/\/www.paristouristinformation.fr\/de\/wp-json\/wp\/v2\/comments?post=15692"}],"version-history":[{"count":14,"href":"https:\/\/www.paristouristinformation.fr\/de\/wp-json\/wp\/v2\/pages\/15692\/revisions"}],"predecessor-version":[{"id":15965,"href":"https:\/\/www.paristouristinformation.fr\/de\/wp-json\/wp\/v2\/pages\/15692\/revisions\/15965"}],"wp:featuredmedia":[{"embeddable":true,"href":"https:\/\/www.paristouristinformation.fr\/de\/wp-json\/wp\/v2\/media\/15693"}],"wp:attachment":[{"href":"https:\/\/www.paristouristinformation.fr\/de\/wp-json\/wp\/v2\/media?parent=15692"}],"wp:term":[{"taxonomy":"post_tag","embeddable":true,"href":"https:\/\/www.paristouristinformation.fr\/de\/wp-json\/wp\/v2\/tags?post=15692"}],"curies":[{"name":"wp","href":"https:\/\/api.w.org\/{rel}","templated":true}]}}