{"id":2274,"date":"2020-11-09T13:19:53","date_gmt":"2020-11-09T13:19:53","guid":{"rendered":"https:\/\/paristouristinformation.fr\/de\/\/?page_id=2274"},"modified":"2023-05-15T13:53:00","modified_gmt":"2023-05-15T13:53:00","slug":"presse","status":"publish","type":"page","link":"https:\/\/www.paristouristinformation.fr\/de\/kontakt\/presse\/","title":{"rendered":"Presse"},"content":{"rendered":"<h1 style=\"text-align: left; font-size: 18px !important;\"><span style=\"font-weight: normal;\">Reise nach paris geplant?<\/span><\/h1>\n<h1 style=\"text-align: left;\">Kontakt f\u00fcr Presse, Medien und TV<\/h1>\n<p style=\"text-align: left;\">Hilfe zu geplanten Recherchen, Berichten und Kooperationsm\u00f6glichkeiten.&nbsp;<\/p>\n<p><span style=\"\"><a href=\"https:\/\/viennatouristinformation.com\/wp-content\/uploads\/2020\/10\/Influencers-2-1.jpg\" rel=\"nofollow noopener\" target=\"_blank\"><img decoding=\"async\" alt=\"Paris Welcome Card Banner\" data-id=\"9713\" title=\"Paris Welcome Card Banner\" src=\"https:\/\/paristouristinformation.fr\/de\/wp-content\/uploads\/2021\/09\/Paris-Welcome-Card-Banner.jpg\" style=\"\" ml-d=\"0\" data-width=\"480\" data-height=\"299\" data-init-width=\"2438\" data-init-height=\"1517\" mt-d=\"0\" width=\"480\" height=\"299\" data-link-wrap=\"true\" loading=\"lazy\"><\/a><\/span><\/p>\n<p style=\"text-align: center;\">Kontaktieren Sie uns unter <strong>support@paristouristinformation.fr<\/strong> oder nutzen Sie unser Kontaktformular.<\/p>\n<h2 style=\"\">Wie k\u00f6nnen wir helfen?<\/h2>\n<h3 style=\"\">1. Hilfestellung<\/h3>\n<p style=\"\">Zum Beispiel eine Begleitung vor Ort, Pr\u00fcfung von geplanten Routen entsprechend den lokalen Gegebenheiten und Zeitpl\u00e4nen (Verkehr).&nbsp;<\/p>\n<h3 style=\"\">2. Lokale Kontakte<\/h3>\n<p style=\"\">Hilfe bei der Vermittlung von lokalen Kontakten, \u00dcbersetzung und \u00e4hnlichen Bereichen in Paris.&nbsp;<\/p>\n<h3 style=\"\">3. Fragen&nbsp;<\/h3>\n<p style=\"\">Beantwortung von Fragen \u00fcber Paris, angefangen von der Geschichte bis hin zur Touristik in der Stadt.&nbsp;<\/p>\n<h2 style=\"text-align: center;\">Kontakt f\u00fcr andere Anfragen<\/h2>\n<p style=\"text-align: center;\">Anfragen f\u00fcr Kooperationen von Medien, Reiseveranstaltern, Airlines, Medien, TV, Zeitungen und Unternehmen sind mit unserem Kontaktformular m\u00f6glich.&nbsp;<\/p>\n","protected":false},"excerpt":{"rendered":"<p>Reise nach paris geplant? Kontakt f\u00fcr Presse, Medien und TV Hilfe zu geplanten Recherchen, Berichten und Kooperationsm\u00f6glichkeiten.&nbsp; Kontaktieren Sie uns unter support@paristouristinformation.fr oder nutzen Sie unser Kontaktformular. Wie k\u00f6nnen wir helfen? 1. Hilfestellung Zum Beispiel eine Begleitung vor Ort, Pr\u00fcfung von geplanten Routen entsprechend den lokalen Gegebenheiten und Zeitpl\u00e4nen (Verkehr).&nbsp; 2. Lokale Kontakte Hilfe bei [&hellip;]<\/p>\n","protected":false},"author":11,"featured_media":9713,"parent":2258,"menu_order":0,"comment_status":"closed","ping_status":"closed","template":"","meta":{"footnotes":"","tve_updated_post":"","tve_custom_css":"","tve_user_custom_css":"","tve_globals":{},"tcb2_ready":1,"tcb_editor_enabled":1,"tve_landing_page":"tcb2-blank-page","_tve_header":"2742","_tve_footer":"2743"},"tags":[],"class_list":["post-2274","page","type-page","status-publish","has-post-thumbnail","hentry","post-wrapper","thrv_wrapper"],"wp-worthy-pixel":{"ignored":false,"public":null,"server":null,"url":null},"wp-worthy-type":"normal","_links":{"self":[{"href":"https:\/\/www.paristouristinformation.fr\/de\/wp-json\/wp\/v2\/pages\/2274","targetHints":{"allow":["GET"]}}],"collection":[{"href":"https:\/\/www.paristouristinformation.fr\/de\/wp-json\/wp\/v2\/pages"}],"about":[{"href":"https:\/\/www.paristouristinformation.fr\/de\/wp-json\/wp\/v2\/types\/page"}],"author":[{"embeddable":true,"href":"https:\/\/www.paristouristinformation.fr\/de\/wp-json\/wp\/v2\/users\/11"}],"replies":[{"embeddable":true,"href":"https:\/\/www.paristouristinformation.fr\/de\/wp-json\/wp\/v2\/comments?post=2274"}],"version-history":[{"count":0,"href":"https:\/\/www.paristouristinformation.fr\/de\/wp-json\/wp\/v2\/pages\/2274\/revisions"}],"up":[{"embeddable":true,"href":"https:\/\/www.paristouristinformation.fr\/de\/wp-json\/wp\/v2\/pages\/2258"}],"wp:featuredmedia":[{"embeddable":true,"href":"https:\/\/www.paristouristinformation.fr\/de\/wp-json\/wp\/v2\/media\/9713"}],"wp:attachment":[{"href":"https:\/\/www.paristouristinformation.fr\/de\/wp-json\/wp\/v2\/media?parent=2274"}],"wp:term":[{"taxonomy":"post_tag","embeddable":true,"href":"https:\/\/www.paristouristinformation.fr\/de\/wp-json\/wp\/v2\/tags?post=2274"}],"curies":[{"name":"wp","href":"https:\/\/api.w.org\/{rel}","templated":true}]}}