{"id":2292,"date":"2020-11-09T13:30:42","date_gmt":"2020-11-09T13:30:42","guid":{"rendered":"https:\/\/paristouristinformation.fr\/de\/\/?page_id=2292"},"modified":"2023-05-15T13:53:30","modified_gmt":"2023-05-15T13:53:30","slug":"reiseveranstalter","status":"publish","type":"page","link":"https:\/\/www.paristouristinformation.fr\/de\/kontakt\/reiseveranstalter\/","title":{"rendered":"Reiseveranstalter"},"content":{"rendered":"<h1 style=\"text-align: left; font-size: 18px !important;\"><span style=\"font-weight: normal;\">Reise nach Paris geplant?<\/span><\/h1>\n<h1 style=\"text-align: left;\">Kontakt f\u00fcr Airlines, Reiseveranstalter und Reiseb\u00fcros<\/h1>\n<p style=\"text-align: left;\">Kooperationsm\u00f6glichkeiten, Buchung und Hilfe f\u00fcr Reiseb\u00fcros.&nbsp;<\/p>\n<p><span style=\"\"><a href=\"https:\/\/paristouristinformation.fr\/de\/\/wp-content\/uploads\/2020\/11\/Influencers-2-1.jpg\"><img loading=\"lazy\" decoding=\"async\" alt=\"Eintritt, Ticket und Preis\" data-id=\"2159\" title=\"Eintritt, Ticket und Preis\" src=\"https:\/\/paristouristinformation.fr\/de\/\/wp-content\/uploads\/2020\/11\/Eintritt-Ticket-und-Preis-2.jpg\" style=\"\" ml-d=\"0\" data-width=\"480\" data-height=\"320\" data-init-width=\"1000\" data-init-height=\"667\" mt-d=\"0\" width=\"480\" height=\"320\" data-link-wrap=\"true\"><\/a><\/span><\/p>\n<p style=\"text-align: center;\">Kontaktieren Sie uns unter <strong>support@paristouristinformation.fr<\/strong> oder nutzen Sie unser Kontaktformular.<\/p>\n<h2 style=\"\">Wie k\u00f6nnen wir helfen?<\/h2>\n<p style=\"\">Die Planung von Famtrips, Incentives und Gruppenreisen und spezielle Buchungsanfragen k\u00f6nnen wir unterst\u00fctzen.&nbsp;<\/p>\n<h3 style=\"\">1. Reiseb\u00fcro und Veranstalter<\/h3>\n<p style=\"\">Planung und Unterst\u00fctzung von Spezialanfragen, angefangen mit Hochzeiten, Gruppenreisen bis hin zu Incentives.&nbsp;<\/p>\n<h3 style=\"\">2. Touristiker<\/h3>\n<p style=\"\">Anfragen zur Planung von Famtrips und Expedientenpreisen leiten wir gerne an lokale Kooperationspartner weiter.&nbsp;<\/p>\n<h3 style=\"\">3. Rahmenprogramm<\/h3>\n<p style=\"\">Das komplette Programm aus einer Hand, vom Teambuilding-Event, Gruppentransfer bis hin zur Kreuzfahrt auf der Seine.&nbsp;<\/p>\n<h2 style=\"text-align: center;\">Kontakt f\u00fcr andere Anfragen<\/h2>\n<p style=\"text-align: center;\">Anfragen f\u00fcr Kooperationen von Medien, Reiseveranstaltern, Airlines, Medien, TV, Zeitungen und Unternehmen sind mit unserem Kontaktformular m\u00f6glich.&nbsp;<\/p>\n","protected":false},"excerpt":{"rendered":"<p>Reise nach Paris geplant? Kontakt f\u00fcr Airlines, Reiseveranstalter und Reiseb\u00fcros Kooperationsm\u00f6glichkeiten, Buchung und Hilfe f\u00fcr Reiseb\u00fcros.&nbsp; Kontaktieren Sie uns unter support@paristouristinformation.fr oder nutzen Sie unser Kontaktformular. Wie k\u00f6nnen wir helfen? Die Planung von Famtrips, Incentives und Gruppenreisen und spezielle Buchungsanfragen k\u00f6nnen wir unterst\u00fctzen.&nbsp; 1. Reiseb\u00fcro und Veranstalter Planung und Unterst\u00fctzung von Spezialanfragen, angefangen mit Hochzeiten, [&hellip;]<\/p>\n","protected":false},"author":11,"featured_media":0,"parent":2258,"menu_order":0,"comment_status":"closed","ping_status":"closed","template":"","meta":{"footnotes":"","tve_updated_post":"","tve_custom_css":"","tve_user_custom_css":"","tve_globals":{},"tcb2_ready":1,"tcb_editor_enabled":1,"tve_landing_page":"tcb2-blank-page","_tve_header":"2742","_tve_footer":"2743"},"tags":[],"class_list":["post-2292","page","type-page","status-publish","hentry","post-wrapper","thrv_wrapper"],"wp-worthy-pixel":{"ignored":false,"public":null,"server":null,"url":null},"wp-worthy-type":"normal","_links":{"self":[{"href":"https:\/\/www.paristouristinformation.fr\/de\/wp-json\/wp\/v2\/pages\/2292","targetHints":{"allow":["GET"]}}],"collection":[{"href":"https:\/\/www.paristouristinformation.fr\/de\/wp-json\/wp\/v2\/pages"}],"about":[{"href":"https:\/\/www.paristouristinformation.fr\/de\/wp-json\/wp\/v2\/types\/page"}],"author":[{"embeddable":true,"href":"https:\/\/www.paristouristinformation.fr\/de\/wp-json\/wp\/v2\/users\/11"}],"replies":[{"embeddable":true,"href":"https:\/\/www.paristouristinformation.fr\/de\/wp-json\/wp\/v2\/comments?post=2292"}],"version-history":[{"count":0,"href":"https:\/\/www.paristouristinformation.fr\/de\/wp-json\/wp\/v2\/pages\/2292\/revisions"}],"up":[{"embeddable":true,"href":"https:\/\/www.paristouristinformation.fr\/de\/wp-json\/wp\/v2\/pages\/2258"}],"wp:attachment":[{"href":"https:\/\/www.paristouristinformation.fr\/de\/wp-json\/wp\/v2\/media?parent=2292"}],"wp:term":[{"taxonomy":"post_tag","embeddable":true,"href":"https:\/\/www.paristouristinformation.fr\/de\/wp-json\/wp\/v2\/tags?post=2292"}],"curies":[{"name":"wp","href":"https:\/\/api.w.org\/{rel}","templated":true}]}}