{"id":2996,"date":"2023-01-05T20:34:00","date_gmt":"2023-01-05T20:34:00","guid":{"rendered":"https:\/\/paristouristinformation.fr\/de\/\/?page_id=2996"},"modified":"2023-05-16T11:15:46","modified_gmt":"2023-05-16T11:15:46","slug":"cinematheque-francaise-kino","status":"publish","type":"page","link":"https:\/\/www.paristouristinformation.fr\/de\/sehenswurdigkeiten\/museum\/cinematheque-francaise-kino\/","title":{"rendered":"Cinematheque Fran\u00e7aise in Paris | Ausstellung &#038; Eintritt"},"content":{"rendered":"<p>Alle Kinoliebhaber wissen bereits, dass das franz\u00f6sische Kino als <strong>eines der anspruchsvollsten Filme der Welt<\/strong> gilt.In Frankreich ist das Kino, das als siebte Kunst bezeichnet wird, ein Teil des Lebensstils und nimmt einen gro\u00dfen Platz im Leben der Franzosen ein. Die Cin\u00e9math\u00e8que Fran\u00e7aise in Bercy, im 12. Arrondissement, ist ein Ort, der dieser Kunst gewidmet ist, und an dem man all dies erleben kann. Die Cin\u00e9math\u00e8que Fran\u00e7aise beherbergt eine einzigartige Ausstellung und besteht aus zwei Museen, einer Bibliothek, einem Vorf\u00fchrraum und 2 Studios.In diesem Artikel geben wir Ihnen alle Informationen \u00fcber Ausstellungen, Geschichte, Eintrittskarten und F\u00fchrungen sowie hilfreiche Informationen zur Anreise.<\/p>\n<ul>\n<li><span style=\"\">Planen Sie Ihre Reise nach Paris? Sehen Sie sich unsere Liste der<em><strong>&nbsp;<\/strong><\/em><a href=\"https:\/\/paristouristinformation.fr\/de\/sehenswurdigkeiten\/\" style=\"outline: none;\"><strong>100 Sehensw\u00fcrdigkeiten in Paris<\/strong><\/a><em><strong>&nbsp;<\/strong><\/em>an. W\u00e4hlen Sie Ihre Lieblingsaktivit\u00e4ten und genie\u00dfen Sie einen einzigartigen Besuch in Paris.<\/span><\/li>\n<\/ul>\n<h2 id=\"t-1612279207652\">Was kann ich in der Cin\u00e9math\u00e8que Fran\u00e7aise unternehmen?<\/h2>\n<p><span><img decoding=\"async\" alt=\"\" data-id=\"4611\" width=\"603\" data-init-width=\"1000\" height=\"402\" data-init-height=\"667\" title=\"EDITORIAL COVER cinematheque in paris in france\" src=\"https:\/\/paristouristinformation.fr\/de\/\/wp-content\/uploads\/2020\/12\/EDITORIAL-COVER-cinematheque-in-paris-in-france.jpg\" data-width=\"603\" data-height=\"402\" data-pinpro-key=\"qfpe9th10\" loading=\"lazy\"><\/span><\/p>\n<p>Die im Sommer 2020 komplett renovierte Cin\u00e9math\u00e8que Fran\u00e7aise <strong>befasst sich mit dem Vertrieb und der Erhaltung von Filmen <\/strong>als Kulturgut.Mit <strong>au\u00dfergew\u00f6hnlichen Exponaten aus der Filmgeschichte<\/strong> bietet sie den Besuchern einen Einblick in die Welt des Filmschaffens in Frankreich.Das Hauptmuseum verf\u00fcgt \u00fcber eine umfangreiche Sammlung, die einzigartige Objekte zum Thema Film und Kino umfasst.Zu sehen sind Filme, Videos, DVDs, aber auch Kultobjekte, Filmkritiken, Plakate, Fotos, Kost\u00fcme und Requisiten, die aus den verschiedensten Teilen der Welt stammen. Zu den Highlights geh\u00f6ren Kost\u00fcme von Hollywood-Stars wie Charlie Chaplin, Greta Garbo und Elisabeth Taylor.Im Sommer 2020 wird in der Cin\u00e9math\u00e8que Fran\u00e7aise ein brandneues Museum mit dem Namen <strong>M\u00e9li\u00e8s-Museum <\/strong>eingeweiht.Dieses Museum geht auf die Urspr\u00fcnge des Kinos zur\u00fcck. Es zeigt Objekte der T\u00e4uschungskunst, Kost\u00fcme, wichtige Ger\u00e4te und Ausr\u00fcstungen, Zeichnungen, ungew\u00f6hnliche Gegenst\u00e4nde&#8230;Im Oktober 2020 wird die Cin\u00e9math\u00e8que sogar einen <strong>neuen Lehrfilmraum f\u00fcr die Herstellung von Filmen<\/strong> einrichten.In diesen beiden neuen Studios werden ausschlie\u00dflich Studenten eingeladen, zu manipulieren, zu rahmen, zu beleuchten, Kulissen zu bauen, Geschichten zu erfinden, zu spielen und zu schauen.Auch das postmoderne Geb\u00e4ude selbst ist interessant. Es wurde von dem kanadisch-amerikanischen Stararchitekten Frank Gehry entworfen &#8211; ein Grund mehr, warum die Cin\u00e9math\u00e8que Fran\u00e7aise unter den <a href=\"https:\/\/paristouristinformation.fr\/de\/sehenswurdigkeiten\/museum\/\"><strong>Pariser Museen<\/strong><\/a><em><strong>&nbsp;<\/strong><\/em>hervorsticht.<\/p>\n<h3>Sonderausstellungen und Veranstaltungen&nbsp;<\/h3>\n<p>Au\u00dferdem finden im Museum regelm\u00e4\u00dfig <strong>Ausstellungen und Veranstaltungen zu bestimmten Epochen, Schauspielern und Regisseuren <\/strong>statt. Dar\u00fcber hinaus werden im hauseigenen Kino, das den Besuchern zur Verf\u00fcgung steht, j\u00e4hrlich rund 1300 Filme gezeigt.<\/p>\n<p>Eine aktuelle \u00dcbersicht finden Sie unter <a href=\"https:\/\/www.cinematheque.fr\/\" target=\"_blank\" style=\"outline: none;\" rel=\"noopener nofollow\">Cinameth\u00e8que Fran\u00e7aise Official Website<\/a>.<\/p>\n<h2 id=\"t-1612279207653\">Eintritt, Tickets und Touren in der Cin\u00e9math\u00e8que Fran\u00e7aise<\/h2>\n<ul>\n<li><span style=\"\"><strong>Eintrittskarten: <\/strong>Der regul\u00e4re Eintrittspreis f\u00fcr das Hauptmuseum betr\u00e4gt 5 \u20ac, f\u00fcr das Mus\u00e9e M\u00e9li\u00e8s 8 \u20ac, f\u00fcr die Vorf\u00fchrungen 7 \u20ac und f\u00fcr die Bibliothek 3,5 \u20ac. Kostenlos f\u00fcr Kinder unter 6 Jahren. Die aktuellen Preise finden Sie auf der offiziellen Website.<\/span><\/li>\n<li><span style=\"\"><strong>Gef\u00fchrte Besichtigungen: <\/strong>Die Cin\u00e9math\u00e8que bietet Gruppen F\u00fchrungen durch die aktuellen Ausstellungen an. Nur f\u00fcr Erwachsene, Reservierung erforderlich. Andere private Aktivit\u00e4ten sind f\u00fcr Kinder und Jugendliche verf\u00fcgbar.<\/span><\/li>\n<\/ul>\n<ul>\n<li><span style=\"\">Um Zeit und Geld zu sparen und Stress zu vermeiden, k\u00f6nnen Sie Ihre Reise mit dem Kauf des <a href=\"https:\/\/paristouristinformation.fr\/de\/touren-and-tickets\/\" style=\"outline: none;\"><strong>Pariser Museumspasses<\/strong> <\/a>vorbereiten. Er erm\u00f6glicht den Zugang zu mehr als 50 Museen in Paris, darunter die Cin\u00e9math\u00e8que Fran\u00e7aise. Ein Must-Have!<\/span><\/li>\n<\/ul>\n<p>__CONFIG_colors_palette__{&#8222;active_palette&#8220;:0,&#8220;config&#8220;:{&#8222;colors&#8220;:{&#8222;f8570&#8220;:{&#8222;name&#8220;:&#8220;Main Accent&#8220;,&#8220;parent&#8220;:-1}},&#8220;gradients&#8220;:[]},&#8220;palettes&#8220;:[{&#8222;name&#8220;:&#8220;Default Palette&#8220;,&#8220;value&#8220;:{&#8222;colors&#8220;:{&#8222;f8570&#8220;:{&#8222;val&#8220;:&#8220;var(&#8211;tcb-skin-color-0)&#8220;}},&#8220;gradients&#8220;:[]},&#8220;original&#8220;:{&#8222;colors&#8220;:{&#8222;f8570&#8220;:{&#8222;val&#8220;:&#8220;rgb(19, 114, 211)&#8220;,&#8220;hsl&#8220;:{&#8222;h&#8220;:210,&#8220;s&#8220;:0.83,&#8220;l&#8220;:0.45}}},&#8220;gradients&#8220;:[]}}]}__CONFIG_colors_palette__ <a href=\"https:\/\/paristouristinformation.fr\/de\/touren-and-tickets\/\" target=\"_blank\" rel=\"noopener\"> <span><span style=\"\">Zum Paris Tickets Shop&nbsp;<\/span><\/span> <\/a><\/p>\n<h2 id=\"t-1612279207654\">Wie komme ich zur Cin\u00e9math\u00e8que Fran\u00e7aise?<\/h2>\n<p>Das Museum befindet sich im Stadtteil Bercy im 12. Arrondissement.<\/p>\n<ul>\n<li>Der einfachste Weg dorthin ist mit der <strong>Metrolinie 6 oder 14<\/strong>, Station &#8222;Bercy&#8220;.<\/li>\n<li>Alternativ k\u00f6nnen Sie auch die Buslinie 24 oder N32 nehmen und an der Haltestelle &#8222;Bercy-Arena&#8220; aussteigen.<\/li>\n<\/ul>\n<h2 id=\"t-1612279207655\">FAQ<\/h2>\n<h2 id=\"t-1612279207656\">Geschichte der Cin\u00e9math\u00e8que Fran\u00e7aise<\/h2>\n<p><span><img decoding=\"async\" alt=\"\" data-id=\"4614\" width=\"702\" data-init-width=\"1000\" height=\"470\" data-init-height=\"669\" title=\"cinema culture in paris in france\" src=\"https:\/\/paristouristinformation.fr\/de\/\/wp-content\/uploads\/2020\/12\/cinema-culture-in-paris-in-france.jpg\" data-width=\"702\" data-height=\"470\" style=\"\" data-pinpro-key=\"vdv54g9rw\" loading=\"lazy\"><\/span><\/p>\n<p>Die Cin\u00e9math\u00e8que Fran\u00e7aise mit dem Mus\u00e9e du Cin\u00e9ma geht auf Henri Langlois und Georges Franju zur\u00fcck, die das Filminstitut 1935 unter dem Namen Cercle du cin\u00e9ma gr\u00fcndeten.Die beiden Gr\u00fcnder, die sich bereits in der Vergangenheit der Rettung und Bewahrung von Filmkopien gewidmet hatten, begannen 1936 gemeinsam mit Paul-Auguste Harl\u00e9 mit dem <strong>Sammeln von Objekten rund um den Film und das Kino<\/strong>. Als Cin\u00e9math\u00e8que Fran\u00e7aise machten sie auch die Erhaltung und Verbreitung von Filmen als Kulturgut zu ihrer Aufgabe.Vor allem <strong>w\u00e4hrend des Zweiten Weltkriegs<\/strong> gelang es der Cin\u00e9math\u00e8que, zahlreiche Filme vor den Nationalsozialisten zu retten.Mit ihrer Sammlung hatte die Cin\u00e9math\u00e8que Fran\u00e7aise auch gro\u00dfen Einfluss auf die Regisseure der Nouvelle Vague (&#8222;Neue Welle&#8220;), einer Stilrichtung des franz\u00f6sischen Kinos.Im Jahr 1968 strich der damalige Kulturminister und Filmemacher Andr\u00e9 Malraux die Mittel, um die Entlassung des Mitbegr\u00fcnders Henri Langlois zu erzwingen. Dies f\u00fchrte zur vor\u00fcbergehenden Schlie\u00dfung der Cin\u00e9math\u00e8que Fran\u00e7aise.Erst nach heftigen Demonstrationen, an denen die Gr\u00f6\u00dfen des franz\u00f6sischen Kinos teilnahmen, nahm Malraux seine Entscheidung zur\u00fcck und die Cin\u00e9math\u00e8que konnte wieder er\u00f6ffnet werden.Nach mehreren Umz\u00fcgen befindet sich die Cin\u00e9math\u00e8que Fran\u00e7aise seit 2005 an ihrem heutigen Standort in der Rue de Bercy 51, wo sie das Mus\u00e9e de la Cin\u00e9math\u00e8que &#8211; ehemals Mus\u00e9e du Cin\u00e9ma &#8211; betreibt.<\/p>\n<h2 id=\"t-1612279207657\">Kontakt &amp; Karte<\/h2>\n<ul>\n<li><span style=\"\"><strong>Adresse:&nbsp;<\/strong>Cin\u00e9math\u00e8que Fran\u00e7aise, 51 Rue de Bercy, 75012 Paris<\/span><\/li>\n<li><span style=\"\"><strong>\u00d6ffnungszeiten: <\/strong>Die aktuellen \u00d6ffnungszeiten finden Sie auf der <a href=\"http:\/\/www.cinematheque.fr\" target=\"_blank\" style=\"outline: none;\" rel=\"noopener nofollow\">Webseite<\/a>.<\/span><\/li>\n<li><span style=\"\"><strong>\u00d6ffentliche Verkehrsmittel: <\/strong>Metro Linie 6 oder 14 bis &#8222;Bercy&#8220;<\/span><\/li>\n<li style=\"\"><span style=\"\"><strong>Webseite:&nbsp;<\/strong><a href=\"https:\/\/www.cinematheque.fr\/\" style=\"outline: none;\" target=\"_blank\" rel=\"noopener nofollow\">www.cinematheque.fr<\/a><\/span><\/li>\n<\/ul>\n<p>__CONFIG_colors_palette__{&#8222;active_palette&#8220;:0,&#8220;config&#8220;:{&#8222;colors&#8220;:{&#8222;50ce5&#8220;:{&#8222;name&#8220;:&#8220;Main Accent&#8220;,&#8220;parent&#8220;:-1}},&#8220;gradients&#8220;:[]},&#8220;palettes&#8220;:[{&#8222;name&#8220;:&#8220;Default Palette&#8220;,&#8220;value&#8220;:{&#8222;colors&#8220;:{&#8222;50ce5&#8220;:{&#8222;val&#8220;:&#8220;var(&#8211;tcb-skin-color-0)&#8220;}},&#8220;gradients&#8220;:[]},&#8220;original&#8220;:{&#8222;colors&#8220;:{&#8222;50ce5&#8220;:{&#8222;val&#8220;:&#8220;rgb(19, 114, 211)&#8220;,&#8220;hsl&#8220;:{&#8222;h&#8220;:210,&#8220;s&#8220;:0.83,&#8220;l&#8220;:0.45,&#8220;a&#8220;:1}}},&#8220;gradients&#8220;:[]}}]}__CONFIG_colors_palette__ <a href=\"https:\/\/paristouristinformation.fr\/de\/\/de\/things-to-do\/museum\/\"> <span><span>Weitere sehenswerte Museen in Paris<\/span><\/span> <\/a><\/p>\n<h2 style=\"\" id=\"t-1641124059981\">Verwandte Artikel:<\/h2>\n<div class=\"tcb-post-list tve-content-list thrv_wrapper\" data-type=\"grid\" data-pagination-type=\"none\" data-pages_near_current=\"2\" data-css=\"tve-u-17e1a9feb05\" data-total_post_count=\"4\" data-total_sticky_count=\"0\" data-no_posts_text=\"There are no posts to display.\"><article id=\"post-3461\" class=\"post-3461 page type-page status-publish has-post-thumbnail hentry post-wrapper thrv_wrapper thrive-animated-item  tve_evt_manager_listen tve_ea_thrive_animation tve_et_mouseover tve_anim_grow\" tcb_hover_state_parent=\"\" class=\"tve_evt_manager_listen tve_ea_thrive_animation tve_et_mouseover tve_anim_grow\" data-id=\"3461\" data-selector=\".post-wrapper\"><style class=\"tcb-post-list-dynamic-style\" type=\"text\/css\">@media (min-width: 300px){[].tcb-post-list #post-3461 []{background-image: url(&#8222;https:\/\/www.paristouristinformation.fr\/de\/wp-content\/uploads\/2021\/01\/A-Guide-to-Quai-Branly-Museum-in-Paris-in-France-1024x538.jpg&#8222;) !important;}[].tcb-post-list #post-3461 []:hover []{background-image: url(&#8222;https:\/\/www.paristouristinformation.fr\/de\/wp-content\/uploads\/2021\/01\/A-Guide-to-Quai-Branly-Museum-in-Paris-in-France-1024x538.jpg&#8222;) !important;}}<\/style><a href=\"https:\/\/www.paristouristinformation.fr\/de\/sehenswurdigkeiten\/museum\/museum-quai-branly\/\" dynamic-postlink=\"tcb_post_the_permalink\" data-shortcode-id=\"4332\"><\/a><\/p>\n<h3 style=\"text-align: center; padding-top: 0px !important; margin-top: 0px !important;\"><span data-attr-link=\"1\" data-attr-rel=\"0\" data-attr-target=\"0\" data-extra_key=\"\" data-option-inline=\"1\" data-shortcode=\"tcb_post_title\" data-shortcode-name=\"Post title\" data-attr-css=\"\" data-attr-static-link=\"{&quot;className&quot;:&quot;tve-froala fr-basic&quot;,&quot;href&quot;:&quot;https:\/\/paristouristinformation.fr\/de\/sehenswurdigkeiten\/museum\/centre-pompidou\/&quot;,&quot;title&quot;:&quot;F\u00fchrer zum Centre Pompidou in Paris: Tickets &amp; Ausstellungen&quot;,&quot;class&quot;:&quot;tve-froala fr-basic&quot;}\" style=\"\"><a href=\"https:\/\/www.paristouristinformation.fr\/de\/sehenswurdigkeiten\/museum\/museum-quai-branly\/\" title=\"Museum Quai Branly | Infos, Tipps &amp; Tickets\" data-css=\"\" class=\"tve-froala fr-basic\">Museum Quai Branly | Infos, Tipps &amp; Tickets<\/a><\/span><\/h3>\n<p><\/article><article id=\"post-7552\" class=\"post-7552 page type-page status-publish has-post-thumbnail hentry post-wrapper thrv_wrapper thrive-animated-item  tve_evt_manager_listen tve_ea_thrive_animation tve_et_mouseover tve_anim_grow\" tcb_hover_state_parent=\"\" class=\"tve_evt_manager_listen tve_ea_thrive_animation tve_et_mouseover tve_anim_grow\" data-id=\"7552\" data-selector=\".post-wrapper\"><style class=\"tcb-post-list-dynamic-style\" type=\"text\/css\">@media (min-width: 300px){[].tcb-post-list #post-7552 []{background-image: url(&#8222;https:\/\/www.paristouristinformation.fr\/de\/wp-content\/uploads\/2021\/03\/Guide-to-Atelier-des-Lumieres-in-Paris-1024x538.jpg&#8222;) !important;}[].tcb-post-list #post-7552 []:hover []{background-image: url(&#8222;https:\/\/www.paristouristinformation.fr\/de\/wp-content\/uploads\/2021\/03\/Guide-to-Atelier-des-Lumieres-in-Paris-1024x538.jpg&#8222;) !important;}}<\/style><a href=\"https:\/\/www.paristouristinformation.fr\/de\/sehenswurdigkeiten\/museum\/atelier-des-lumieres\/\" dynamic-postlink=\"tcb_post_the_permalink\" data-shortcode-id=\"4332\"><\/a><\/p>\n<h3 style=\"text-align: center; padding-top: 0px !important; margin-top: 0px !important;\"><span data-attr-link=\"1\" data-attr-rel=\"0\" data-attr-target=\"0\" data-extra_key=\"\" data-option-inline=\"1\" data-shortcode=\"tcb_post_title\" data-shortcode-name=\"Post title\" data-attr-css=\"\" data-attr-static-link=\"{&quot;className&quot;:&quot;tve-froala fr-basic&quot;,&quot;href&quot;:&quot;https:\/\/paristouristinformation.fr\/de\/sehenswurdigkeiten\/museum\/centre-pompidou\/&quot;,&quot;title&quot;:&quot;F\u00fchrer zum Centre Pompidou in Paris: Tickets &amp; Ausstellungen&quot;,&quot;class&quot;:&quot;tve-froala fr-basic&quot;}\" style=\"\"><a href=\"https:\/\/www.paristouristinformation.fr\/de\/sehenswurdigkeiten\/museum\/atelier-des-lumieres\/\" title=\"Atelier des Lumi\u00e8res in Paris | Info, Ausstellung &amp; Tickets\" data-css=\"\" class=\"tve-froala fr-basic\">Atelier des Lumi\u00e8res in Paris | Info, Ausstellung &amp; Tickets<\/a><\/span><\/h3>\n<p><\/article><article id=\"post-7624\" class=\"post-7624 page type-page status-publish has-post-thumbnail hentry post-wrapper thrv_wrapper thrive-animated-item  tve_evt_manager_listen tve_ea_thrive_animation tve_et_mouseover tve_anim_grow\" tcb_hover_state_parent=\"\" class=\"tve_evt_manager_listen tve_ea_thrive_animation tve_et_mouseover tve_anim_grow\" data-id=\"7624\" data-selector=\".post-wrapper\"><style class=\"tcb-post-list-dynamic-style\" type=\"text\/css\">@media (min-width: 300px){[].tcb-post-list #post-7624 []{background-image: url(&#8222;https:\/\/www.paristouristinformation.fr\/de\/wp-content\/uploads\/2021\/02\/Musee-Jacquemart-Andre-in-Paris-in-France-1024x538.jpg&#8222;) !important;}[].tcb-post-list #post-7624 []:hover []{background-image: url(&#8222;https:\/\/www.paristouristinformation.fr\/de\/wp-content\/uploads\/2021\/02\/Musee-Jacquemart-Andre-in-Paris-in-France-1024x538.jpg&#8222;) !important;}}<\/style><a href=\"https:\/\/www.paristouristinformation.fr\/de\/sehenswurdigkeiten\/museum\/museum-jacquemart-andre\/\" dynamic-postlink=\"tcb_post_the_permalink\" data-shortcode-id=\"4332\"><\/a><\/p>\n<h3 style=\"text-align: center; padding-top: 0px !important; margin-top: 0px !important;\"><span data-attr-link=\"1\" data-attr-rel=\"0\" data-attr-target=\"0\" data-extra_key=\"\" data-option-inline=\"1\" data-shortcode=\"tcb_post_title\" data-shortcode-name=\"Post title\" data-attr-css=\"\" data-attr-static-link=\"{&quot;className&quot;:&quot;tve-froala fr-basic&quot;,&quot;href&quot;:&quot;https:\/\/paristouristinformation.fr\/de\/sehenswurdigkeiten\/museum\/centre-pompidou\/&quot;,&quot;title&quot;:&quot;F\u00fchrer zum Centre Pompidou in Paris: Tickets &amp; Ausstellungen&quot;,&quot;class&quot;:&quot;tve-froala fr-basic&quot;}\" style=\"\"><a href=\"https:\/\/www.paristouristinformation.fr\/de\/sehenswurdigkeiten\/museum\/museum-jacquemart-andre\/\" title=\"Museum Jacquemart Andre in Paris | Infos &amp; Tickets\" data-css=\"\" class=\"tve-froala fr-basic\">Museum Jacquemart Andre in Paris | Infos &amp; Tickets<\/a><\/span><\/h3>\n<p><\/article><article id=\"post-4332\" class=\"post-4332 page type-page status-publish has-post-thumbnail hentry post-wrapper thrv_wrapper thrive-animated-item  tve_evt_manager_listen tve_ea_thrive_animation tve_et_mouseover tve_anim_grow\" tcb_hover_state_parent=\"\" class=\"tve_evt_manager_listen tve_ea_thrive_animation tve_et_mouseover tve_anim_grow\" data-id=\"4332\" data-selector=\".post-wrapper\"><style class=\"tcb-post-list-dynamic-style\" type=\"text\/css\">@media (min-width: 300px){[].tcb-post-list #post-4332 []{background-image: url(&#8222;https:\/\/www.paristouristinformation.fr\/de\/wp-content\/uploads\/2020\/12\/Centre-Pompidou-in-Paris-in-France-1024x538.jpg&#8222;) !important;}[].tcb-post-list #post-4332 []:hover []{background-image: url(&#8222;https:\/\/www.paristouristinformation.fr\/de\/wp-content\/uploads\/2020\/12\/Centre-Pompidou-in-Paris-in-France-1024x538.jpg&#8222;) !important;}}<\/style><a href=\"https:\/\/www.paristouristinformation.fr\/de\/sehenswurdigkeiten\/museum\/centre-pompidou\/\" dynamic-postlink=\"tcb_post_the_permalink\" data-shortcode-id=\"4332\"><\/a><\/p>\n<h3 style=\"text-align: center; padding-top: 0px !important; margin-top: 0px !important;\"><span data-attr-link=\"1\" data-attr-rel=\"0\" data-attr-target=\"0\" data-extra_key=\"\" data-option-inline=\"1\" data-shortcode=\"tcb_post_title\" data-shortcode-name=\"Post title\" data-attr-css=\"\" data-attr-static-link=\"{&quot;className&quot;:&quot;tve-froala fr-basic&quot;,&quot;href&quot;:&quot;https:\/\/paristouristinformation.fr\/de\/sehenswurdigkeiten\/museum\/centre-pompidou\/&quot;,&quot;title&quot;:&quot;F\u00fchrer zum Centre Pompidou in Paris: Tickets &amp; Ausstellungen&quot;,&quot;class&quot;:&quot;tve-froala fr-basic&quot;}\" style=\"\"><a href=\"https:\/\/www.paristouristinformation.fr\/de\/sehenswurdigkeiten\/museum\/centre-pompidou\/\" title=\"Centre Pompidou in Paris | Ausstellung, Tipps &amp; Tickets\" data-css=\"\" class=\"tve-froala fr-basic\">Centre Pompidou in Paris | Ausstellung, Tipps &amp; Tickets<\/a><\/span><\/h3>\n<p><\/article><\/div>\n","protected":false},"excerpt":{"rendered":"<p>Alle Kinoliebhaber wissen bereits, dass das franz\u00f6sische Kino als eines der anspruchsvollsten Filme der Welt gilt.In Frankreich ist das Kino, das als siebte Kunst bezeichnet wird, ein Teil des Lebensstils und nimmt einen gro\u00dfen Platz im Leben der Franzosen ein. Die Cin\u00e9math\u00e8que Fran\u00e7aise in Bercy, im 12. Arrondissement, ist ein Ort, der dieser Kunst gewidmet [&hellip;]<\/p>\n","protected":false},"author":9,"featured_media":6702,"parent":68,"menu_order":0,"comment_status":"closed","ping_status":"closed","template":"","meta":{"footnotes":""},"tags":[],"class_list":{"0":"post-2996","1":"page","2":"type-page","3":"status-publish","4":"has-post-thumbnail","5":"hentry","6":"post-wrapper","7":"thrv_wrapper","10":"thrive-animated-item"},"wp-worthy-pixel":{"ignored":false,"public":"f00a5af3bba44ab893e8fc52f81b18c9","server":"vg06.met.vgwort.de","url":"https:\/\/vg06.met.vgwort.de\/na\/f00a5af3bba44ab893e8fc52f81b18c9"},"wp-worthy-type":"normal","_links":{"self":[{"href":"https:\/\/www.paristouristinformation.fr\/de\/wp-json\/wp\/v2\/pages\/2996","targetHints":{"allow":["GET"]}}],"collection":[{"href":"https:\/\/www.paristouristinformation.fr\/de\/wp-json\/wp\/v2\/pages"}],"about":[{"href":"https:\/\/www.paristouristinformation.fr\/de\/wp-json\/wp\/v2\/types\/page"}],"author":[{"embeddable":true,"href":"https:\/\/www.paristouristinformation.fr\/de\/wp-json\/wp\/v2\/users\/9"}],"replies":[{"embeddable":true,"href":"https:\/\/www.paristouristinformation.fr\/de\/wp-json\/wp\/v2\/comments?post=2996"}],"version-history":[{"count":0,"href":"https:\/\/www.paristouristinformation.fr\/de\/wp-json\/wp\/v2\/pages\/2996\/revisions"}],"up":[{"embeddable":true,"href":"https:\/\/www.paristouristinformation.fr\/de\/wp-json\/wp\/v2\/pages\/68"}],"wp:featuredmedia":[{"embeddable":true,"href":"https:\/\/www.paristouristinformation.fr\/de\/wp-json\/wp\/v2\/media\/6702"}],"wp:attachment":[{"href":"https:\/\/www.paristouristinformation.fr\/de\/wp-json\/wp\/v2\/media?parent=2996"}],"wp:term":[{"taxonomy":"post_tag","embeddable":true,"href":"https:\/\/www.paristouristinformation.fr\/de\/wp-json\/wp\/v2\/tags?post=2996"}],"curies":[{"name":"wp","href":"https:\/\/api.w.org\/{rel}","templated":true}]}}