{"id":3028,"date":"2023-01-04T19:17:00","date_gmt":"2023-01-04T19:17:00","guid":{"rendered":"https:\/\/paristouristinformation.fr\/de\/\/?page_id=3028"},"modified":"2023-07-29T11:55:41","modified_gmt":"2023-07-29T11:55:41","slug":"krypta-archaologisch","status":"publish","type":"page","link":"https:\/\/www.paristouristinformation.fr\/de\/sehenswurdigkeiten\/museum\/krypta-archaologisch\/","title":{"rendered":"Arch\u00e4ologische Krypta von Paris | Infos, Tickets &#038; Tipps"},"content":{"rendered":"<p>Die Crypte Arch\u00e9ologique de Notre Dame ist eine Krypta, in der <strong>arch\u00e4ologische Funde aus dem alten Paris <\/strong>ausgestellt sind, die von der Antike bis ins 19. Jahrhundert reichen.Diese Aktivit\u00e4t mag etwas gruselig erscheinen, aber sie ist viel besser als sie klingt. Wenn Ihnen die <a href=\"https:\/\/paristouristinformation.fr\/de\/attraktionen\/katakomben\/\"><strong>Katakomben von Paris<\/strong><\/a> gefallen haben, werden Sie auch diese Aktivit\u00e4t lieben. Es ist, als w\u00fcrde man verborgene Sch\u00e4tze an geheimnisvollen Orten entdecken.In diesem F\u00fchrer zur Crypte Arch\u00e9ologique Paris erfahren Sie alles \u00fcber die Ausstellung, die Geschichte, die Eintrittskarten, die F\u00fchrungen sowie hilfreiche Informationen \u00fcber die Anreise.<\/p>\n<h2 id=\"t-1612206127890\">Was kann ich in der Crypte Arch\u00e9ologique Paris unternehmen?<\/h2>\n<p>Die Crypte Arch\u00e9ologique Paris befindet sich 80 Meter unter dem Platz vor der Kathedrale Notre-Dame de Paris. In der Krypta, die sich \u00fcber 200 Meter erstreckt, k\u00f6nnen Besucher mehr als <strong>2000 Jahre Pariser Geschichte <\/strong>entdecken. Zahlreiche Funde, die bei Ausgrabungen zwischen 1965 und 1972 zuf\u00e4llig gefunden wurden, sind ausgestellt.Unter den Funden befinden sich einzigartige arch\u00e4ologische \u00dcberreste, die die architektonische und st\u00e4dtische Entwicklung der <a href=\"https:\/\/paristouristinformation.fr\/de\/bezirke\/ile-de-la-cite\/\"><strong>\u00cele de la Cit\u00e9<\/strong><\/a><em><strong>,<\/strong><\/em> des historischen Zentrums von Paris, veranschaulichen.Zu sehen sind<strong> Ruinen der antiken Stadt Paris<\/strong>, gallo-r\u00f6mische Artefakte und Geb\u00e4ude aus verschiedenen Epochen: von der Antike \u00fcber das Mittelalter bis zum 19. Jahrhundert.Zu den H\u00f6hepunkten geh\u00f6ren die Reste der r\u00f6mischen Stadtmauer, ein gallor\u00f6misches Badehaus und die Ruinen des alten Hafens von Lutetia, der gallor\u00f6mischen Stadt, aus der sich das heutige Paris entwickelte.<\/p>\n<h3>Tempor\u00e4re Ausstellungen in der Krypta&nbsp;<\/h3>\n<p>In der Krypta finden regelm\u00e4\u00dfig tempor\u00e4re Ausstellungen statt.&nbsp;<\/p>\n<h3>Aktivit\u00e4ten in der Krypta<\/h3>\n<p>In der Krypta werden auch verschiedene Aktivit\u00e4ten organisiert, die speziell auf Erwachsene, Besucher mit einer Behinderung, Familien und Kinder zugeschnitten sind. Die Besucher k\u00f6nnen zum Beispiel die antiken \u00dcberreste im Rahmen einer F\u00fchrung entdecken oder die aktuelle Ausstellung besuchen. Au\u00dferdem gibt es Konzerte und 3D-Animationen.Weitere Informationen finden Sie auf der Website der Krypta, die unten verlinkt ist.<\/p>\n<p><span style=\"\"><img decoding=\"async\" alt=\"the entrance of the Crypte marked from the tower of Notre Dame Cathedral\" data-id=\"4694\" width=\"840\" data-init-width=\"1200\" height=\"630\" data-init-height=\"900\" title=\"Crypte from Notre Dame Tower in Paris\" src=\"https:\/\/paristouristinformation.fr\/de\/\/wp-content\/uploads\/2020\/12\/Crypte-from-Notre-Dame-Tower-in-Paris.jpeg\" data-width=\"840\" data-height=\"630\" style=\"aspect-ratio: auto 1200 \/ 900;\" ml-d=\"-1\" mt-d=\"0\" center-h-d=\"false\" data-pinpro-key=\"b5yelj3a6\" loading=\"lazy\"><\/span><\/p>\n<h2 id=\"t-1612206127891\">Eintritt, Eintrittskarten und F\u00fchrungen<\/h2>\n<ul>\n<li><span style=\"\"><strong>Zutritt: <\/strong>Besucher unter 18 Jahren, Menschen mit Behinderungen und Inhaber des Pariser Museumspasses haben freien Eintritt.<\/span><\/li>\n<li style=\"\"><span style=\"\"><strong>Eintrittskarten: <\/strong>Die Eintrittskarte erm\u00f6glicht den Zugang zur Krypta und zur Ausstellung. Aktuelle Informationen zu den Eintrittspreisen finden Sie auf der offiziellen <a href=\"https:\/\/www.crypte.paris.fr\/en\/visit\/access-opening-times-accessibility\/museum-admission\" target=\"_blank\" rel=\"noopener nofollow\">Website <\/a>des Museums.<\/span><\/li>\n<li><span style=\"\"><strong>Audioguide: <\/strong>Die Krypta bietet Audioguides in Englisch, Spanisch und Franz\u00f6sisch.<\/span><\/li>\n<li><span style=\"\"><strong>F\u00fchrungen:<\/strong> Interessierte k\u00f6nnen bei einer 1,5-st\u00fcndigen F\u00fchrung einen tieferen Einblick in die Krypta erhalten.<\/span><\/li>\n<\/ul>\n<p>__CONFIG_colors_palette__{&#8222;active_palette&#8220;:0,&#8220;config&#8220;:{&#8222;colors&#8220;:{&#8222;f8570&#8220;:{&#8222;name&#8220;:&#8220;Main Accent&#8220;,&#8220;parent&#8220;:-1}},&#8220;gradients&#8220;:[]},&#8220;palettes&#8220;:[{&#8222;name&#8220;:&#8220;Default Palette&#8220;,&#8220;value&#8220;:{&#8222;colors&#8220;:{&#8222;f8570&#8220;:{&#8222;val&#8220;:&#8220;var(&#8211;tcb-skin-color-0)&#8220;}},&#8220;gradients&#8220;:[]},&#8220;original&#8220;:{&#8222;colors&#8220;:{&#8222;f8570&#8220;:{&#8222;val&#8220;:&#8220;rgb(19, 114, 211)&#8220;,&#8220;hsl&#8220;:{&#8222;h&#8220;:210,&#8220;s&#8220;:0.83,&#8220;l&#8220;:0.45}}},&#8220;gradients&#8220;:[]}}]}__CONFIG_colors_palette__ <a href=\"https:\/\/paristouristinformation.fr\/de\/touren-and-tickets\/\" target=\"_blank\" rel=\"noopener\"> <span><span style=\"\">Zum Paris Tickets Shop&nbsp;<\/span><\/span> <\/a> <\/p>\n<h2 id=\"t-1612206127892\">Wie erreiche ich die Crypte Arch\u00e9ologique Paris?<\/h2>\n<p>Die Crypte Arch\u00e9ologique de Notre Dame befindet sich im 4. Arrondissement, im Viertel Notre-Dame. Der Eingang zur Krypta befindet sich auf dem Vorplatz der <a href=\"https:\/\/paristouristinformation.fr\/de\/kirche\/notre-dame\/\"><strong>Kathedrale Notre Dame<\/strong><\/a><em><strong>.<\/strong><\/em>Am einfachsten erreichen Sie die Krypta mit der Metrolinie 4 bis zur Station &#8222;Cit\u00e9&#8220; oder &#8222;Saint-Michel&#8220;. Alternativ k\u00f6nnen Sie auch die Buslinien 21, 24, 27, 38, 47, 85 oder 96 nehmen.Weitere Informationen \u00fcber<a href=\"https:\/\/paristouristinformation.fr\/de\/planen\/offentliche-verkehrsmittel\/\" style=\"outline: none;\"> \u00f6ffentliche Verkehrsmittel in Paris.<\/a><\/p>\n<h2 id=\"t-1612206127893\">FAQ<\/h2>\n<h2 id=\"t-1612206127894\">Geschichte der Crypte Arch\u00e9ologique von Paris<\/h2>\n<p><span><img decoding=\"async\" alt=\"\" data-id=\"4695\" width=\"702\" data-init-width=\"1000\" height=\"445\" data-init-height=\"634\" title=\"ancient paris map for crypte\" src=\"https:\/\/paristouristinformation.fr\/de\/\/wp-content\/uploads\/2020\/12\/ancient-paris-map-for-crypte.jpg\" data-width=\"702\" data-height=\"445\" data-pinpro-key=\"kcb1jbi6s\" loading=\"lazy\" style=\"aspect-ratio: auto 1000 \/ 634;\"><\/span><\/p>\n<p>Die Crypte Arch\u00e9ologique de l&#8217;\u00eele de la Cit\u00e9 (auch Crypte Arch\u00e9ologique de Notre-Dame oder Crypte Arch\u00e9ologique Paris) unter dem Vorplatz der Kathedrale Notre-Dame stammt aus den ersten Jahrhunderten nach Christus.Sie wurde zwischen 1965 und 1972 bei Ausgrabungen f\u00fcr den Bau eines Parkhauses entdeckt.Um die bei den Ausgrabungsarbeiten entdeckten arch\u00e4ologischen Funde pr\u00e4sentieren zu k\u00f6nnen, wurde die Krypta 1980 wieder aufgebaut. Als eine der \u00e4ltesten Krypten der Menschheit ist die Crypte Arch\u00e9ologique Paris heute eines der interessantesten<a href=\"https:\/\/paristouristinformation.fr\/de\/sehenswurdigkeiten\/museum\/\" style=\"outline: none;\"> <strong>Museen in Paris.<\/strong><\/a><\/p>\n<h2 id=\"t-1612206127895\">Kontakt &amp; Karte<\/h2>\n<ul>\n<li><span style=\"\"><strong>Adresse:&nbsp;<\/strong>Crypte arch\u00e9ologique de l&#8217;\u00eele de la Cit\u00e9, 7, place Jean-Paul IIParvis Notre-Dame, 75 004 Paris<\/span><\/li>\n<li><span style=\"\"><strong>\u00d6ffnungszeiten: <\/strong>Aktuelle Informationen zu den \u00d6ffnungszeiten finden Sie auf der offiziellen Webseite der Krypta.<\/span><\/li>\n<li><span style=\"\"><strong>\u00d6ffentliche Verkehrsmittel: <\/strong>Metro Linie 4 bis &#8222;Cit\u00e9&#8220; oder &#8222;Saint-Michel&#8220;<\/span><\/li>\n<li style=\"\"><span style=\"\"><strong>Webseite:&nbsp;<\/strong>&nbsp;<a href=\"https:\/\/www.crypte.paris.fr\/en\/homepage\" style=\"outline: none;\" rel=\"nofollow noopener\" target=\"_blank\">www.crypte.paris.fr\/en\/homepage<\/a><\/span><\/li>\n<\/ul>\n<ul>\n<li><span style=\"\">Planen Sie Ihre Reise nach Paris? Wir haben f\u00fcr Sie eine Liste mit den <a href=\"https:\/\/paristouristinformation.fr\/de\/sehenswurdigkeiten\/museum\/\"><strong>30 besten Museen in Paris <\/strong><\/a>zusammengestellt.<\/span><\/li>\n<\/ul>\n<p>__CONFIG_colors_palette__{&#8222;active_palette&#8220;:0,&#8220;config&#8220;:{&#8222;colors&#8220;:{&#8222;50ce5&#8220;:{&#8222;name&#8220;:&#8220;Main Accent&#8220;,&#8220;parent&#8220;:-1}},&#8220;gradients&#8220;:[]},&#8220;palettes&#8220;:[{&#8222;name&#8220;:&#8220;Default Palette&#8220;,&#8220;value&#8220;:{&#8222;colors&#8220;:{&#8222;50ce5&#8220;:{&#8222;val&#8220;:&#8220;var(&#8211;tcb-skin-color-0)&#8220;}},&#8220;gradients&#8220;:[]},&#8220;original&#8220;:{&#8222;colors&#8220;:{&#8222;50ce5&#8220;:{&#8222;val&#8220;:&#8220;rgb(19, 114, 211)&#8220;,&#8220;hsl&#8220;:{&#8222;h&#8220;:210,&#8220;s&#8220;:0.83,&#8220;l&#8220;:0.45,&#8220;a&#8220;:1}}},&#8220;gradients&#8220;:[]}}]}__CONFIG_colors_palette__ <a href=\"https:\/\/paristouristinformation.fr\/de\/\/de\/things-to-do\/museum\/\"> <span><span>Weitere sehenswerte Museen in Paris<\/span><\/span> <\/a> <\/p>\n<h2 style=\"\" id=\"t-1640516603673\">Verwandte Artikel:<\/h2>\n<p><a href=\"https:\/\/www.paristouristinformation.fr\/de\/bezirke\/quartier-latin\/\" dynamic-postlink=\"tcb_post_the_permalink\" data-shortcode-id=\"68\"><\/a><\/p>\n<h3 style=\"text-align: center; padding-top: 0px !important; margin-top: 0px !important;\"><span data-attr-link=\"1\" data-attr-rel=\"0\" data-attr-target=\"0\" data-extra_key=\"\" data-option-inline=\"1\" data-shortcode=\"tcb_post_title\" data-shortcode-name=\"Post title\" data-attr-css=\"\" data-attr-static-link=\"{&quot;className&quot;:&quot;&quot;,&quot;href&quot;:&quot;https:\/\/www.paristouristinformation.fr\/de\/bezirke\/quartier-latin\/&quot;,&quot;title&quot;:&quot;Quartier Latin: Geschichte, Kultur, Sehensw\u00fcrdigkeiten&quot;,&quot;class&quot;:&quot;&quot;}\" style=\"\"><a href=\"https:\/\/www.paristouristinformation.fr\/de\/bezirke\/quartier-latin\/\" title=\"Quartier Latin: Geschichte, Kultur, Sehensw\u00fcrdigkeiten\" data-css=\"\">Quartier Latin: Geschichte, Kultur, Sehensw\u00fcrdigkeiten<\/a><\/span><\/h3>\n<p><a href=\"https:\/\/www.paristouristinformation.fr\/de\/bezirke\/\" dynamic-postlink=\"tcb_post_the_permalink\" data-shortcode-id=\"68\"><\/a><\/p>\n<h3 style=\"text-align: center; padding-top: 0px !important; margin-top: 0px !important;\"><span data-attr-link=\"1\" data-attr-rel=\"0\" data-attr-target=\"0\" data-extra_key=\"\" data-option-inline=\"1\" data-shortcode=\"tcb_post_title\" data-shortcode-name=\"Post title\" data-attr-css=\"\" data-attr-static-link=\"{&quot;className&quot;:&quot;&quot;,&quot;href&quot;:&quot;https:\/\/www.paristouristinformation.fr\/de\/bezirke\/quartier-latin\/&quot;,&quot;title&quot;:&quot;Quartier Latin: Geschichte, Kultur, Sehensw\u00fcrdigkeiten&quot;,&quot;class&quot;:&quot;&quot;}\" style=\"\"><a href=\"https:\/\/www.paristouristinformation.fr\/de\/bezirke\/\" title=\"Die 20 Pariser Stadtbezirke (Arrondissements)\" data-css=\"\">Die 20 Pariser Stadtbezirke (Arrondissements)<\/a><\/span><\/h3>\n<p><a href=\"https:\/\/www.paristouristinformation.fr\/de\/bezirke\/ile-de-la-cite\/\" dynamic-postlink=\"tcb_post_the_permalink\" data-shortcode-id=\"68\"><\/a><\/p>\n<h3 style=\"text-align: center; padding-top: 0px !important; margin-top: 0px !important;\"><span data-attr-link=\"1\" data-attr-rel=\"0\" data-attr-target=\"0\" data-extra_key=\"\" data-option-inline=\"1\" data-shortcode=\"tcb_post_title\" data-shortcode-name=\"Post title\" data-attr-css=\"\" data-attr-static-link=\"{&quot;className&quot;:&quot;&quot;,&quot;href&quot;:&quot;https:\/\/www.paristouristinformation.fr\/de\/bezirke\/quartier-latin\/&quot;,&quot;title&quot;:&quot;Quartier Latin: Geschichte, Kultur, Sehensw\u00fcrdigkeiten&quot;,&quot;class&quot;:&quot;&quot;}\" style=\"\"><a href=\"https:\/\/www.paristouristinformation.fr\/de\/bezirke\/ile-de-la-cite\/\" title=\"\u00cele de la Cit\u00e9: Guide zum Viertel mit Sehensw\u00fcrdigkeiten, Tipps &amp; mehr\" data-css=\"\">\u00cele de la Cit\u00e9: Guide zum Viertel mit Sehensw\u00fcrdigkeiten, Tipps &amp; mehr<\/a><\/span><\/h3>\n<p><a href=\"https:\/\/www.paristouristinformation.fr\/de\/sehenswurdigkeiten\/museum\/\" dynamic-postlink=\"tcb_post_the_permalink\" data-shortcode-id=\"68\"><\/a><\/p>\n<h3 style=\"text-align: center; padding-top: 0px !important; margin-top: 0px !important;\"><span data-attr-link=\"1\" data-attr-rel=\"0\" data-attr-target=\"0\" data-extra_key=\"\" data-option-inline=\"1\" data-shortcode=\"tcb_post_title\" data-shortcode-name=\"Post title\" data-attr-css=\"\" data-attr-static-link=\"{&quot;className&quot;:&quot;&quot;,&quot;href&quot;:&quot;https:\/\/www.paristouristinformation.fr\/de\/bezirke\/quartier-latin\/&quot;,&quot;title&quot;:&quot;Quartier Latin: Geschichte, Kultur, Sehensw\u00fcrdigkeiten&quot;,&quot;class&quot;:&quot;&quot;}\" style=\"\"><a href=\"https:\/\/www.paristouristinformation.fr\/de\/sehenswurdigkeiten\/museum\/\" title=\"30 besten Museen in Paris | Tipps, Tickets &amp; Lage\" data-css=\"\">30 besten Museen in Paris | Tipps, Tickets &amp; Lage<\/a><\/span><\/h3>\n","protected":false},"excerpt":{"rendered":"<p>Die Crypte Arch\u00e9ologique de Notre Dame ist eine Krypta, in der arch\u00e4ologische Funde aus dem alten Paris ausgestellt sind, die von der Antike bis ins 19. Jahrhundert reichen.Diese Aktivit\u00e4t mag etwas gruselig erscheinen, aber sie ist viel besser als sie klingt. Wenn Ihnen die Katakomben von Paris gefallen haben, werden Sie auch diese Aktivit\u00e4t lieben. [&hellip;]<\/p>\n","protected":false},"author":9,"featured_media":6860,"parent":68,"menu_order":0,"comment_status":"closed","ping_status":"closed","template":"","meta":{"footnotes":""},"tags":[],"class_list":["post-3028","page","type-page","status-publish","has-post-thumbnail","hentry","post-wrapper","thrv_wrapper"],"wp-worthy-pixel":{"ignored":false,"public":"1bbd31d8b3304eac91945346c21e0a3c","server":"vg06.met.vgwort.de","url":"https:\/\/vg06.met.vgwort.de\/na\/1bbd31d8b3304eac91945346c21e0a3c"},"wp-worthy-type":"normal","_links":{"self":[{"href":"https:\/\/www.paristouristinformation.fr\/de\/wp-json\/wp\/v2\/pages\/3028","targetHints":{"allow":["GET"]}}],"collection":[{"href":"https:\/\/www.paristouristinformation.fr\/de\/wp-json\/wp\/v2\/pages"}],"about":[{"href":"https:\/\/www.paristouristinformation.fr\/de\/wp-json\/wp\/v2\/types\/page"}],"author":[{"embeddable":true,"href":"https:\/\/www.paristouristinformation.fr\/de\/wp-json\/wp\/v2\/users\/9"}],"replies":[{"embeddable":true,"href":"https:\/\/www.paristouristinformation.fr\/de\/wp-json\/wp\/v2\/comments?post=3028"}],"version-history":[{"count":0,"href":"https:\/\/www.paristouristinformation.fr\/de\/wp-json\/wp\/v2\/pages\/3028\/revisions"}],"up":[{"embeddable":true,"href":"https:\/\/www.paristouristinformation.fr\/de\/wp-json\/wp\/v2\/pages\/68"}],"wp:featuredmedia":[{"embeddable":true,"href":"https:\/\/www.paristouristinformation.fr\/de\/wp-json\/wp\/v2\/media\/6860"}],"wp:attachment":[{"href":"https:\/\/www.paristouristinformation.fr\/de\/wp-json\/wp\/v2\/media?parent=3028"}],"wp:term":[{"taxonomy":"post_tag","embeddable":true,"href":"https:\/\/www.paristouristinformation.fr\/de\/wp-json\/wp\/v2\/tags?post=3028"}],"curies":[{"name":"wp","href":"https:\/\/api.w.org\/{rel}","templated":true}]}}