{"id":3264,"date":"2023-01-03T09:45:00","date_gmt":"2023-01-03T09:45:00","guid":{"rendered":"https:\/\/paristouristinformation.fr\/de\/\/?page_id=3264"},"modified":"2025-11-20T07:44:32","modified_gmt":"2025-11-20T07:44:32","slug":"museum-carnavalet","status":"publish","type":"page","link":"https:\/\/www.paristouristinformation.fr\/de\/sehenswurdigkeiten\/museum\/museum-carnavalet\/","title":{"rendered":"Carnavalet Museum in Paris | Infos, Tipps &#038; Tickets"},"content":{"rendered":"<p>Das Carnavalet-Museum befindet sich im angesagten <a href=\"https:\/\/paristouristinformation.fr\/de\/bezirke\/le-marais\/\"><strong>Pariser Viertel Marais<\/strong><\/a>. Wenn Sie mehr \u00fcber die Stadt wissen wollen, die Sie besuchen werden, m\u00fcssen Sie diesen Ort unbedingt besuchen. Das Museum befasst sich mit der<strong> Geschichte von Paris von den Anf\u00e4ngen bis zur Gegenwart.<\/strong>Wir haben f\u00fcr Sie einen vollst\u00e4ndigen Leitfaden mit Informationen \u00fcber das Carnavalet-Museum in Paris zusammengestellt, einschlie\u00dflich der Ausstellungshighlights, der Geschichte, der Eintrittskarten, der F\u00fchrungen und hilfreicher Informationen \u00fcber die Anreise.<\/p>\n<h2 id=\"t-1612260711761\">Was kann ich im Museum Carnavalet in Paris unternehmen?<\/h2>\n<p>Im Mus\u00e9e Carnavalet k\u00f6nnen die Besucher die Geschichte der franz\u00f6sischen Hauptstadt und ihrer Bewohner hautnah erleben.Das liegt nicht nur daran, dass das Museum \u00fcber <strong>herausragende Exponate<\/strong> verf\u00fcgt, sondern auch daran, dass das Mus\u00e9e Carnavalet in zwei historischen Herrenh\u00e4usern untergebracht ist.In den historischen und pr\u00e4chtigen R\u00e4umlichkeiten der Herrenh\u00e4user kann der Besucher die umfangreiche Sammlung besichtigen, die die Entwicklung der Stadt Paris von der keltischen Siedlung Lutetia bis in die heutige Zeit veranschaulicht.Insgesamt werden \u00fcber<strong> 60 000 Exponate in 100 S\u00e4len<\/strong> pr\u00e4sentiert.Gezeigt werden arch\u00e4ologische Funde, Kunstobjekte, Skulpturen, ma\u00dfstabsgetreue Modelle alter Bauwerke, aber auch antike Artefakte, M\u00f6bel, Portr\u00e4ts ber\u00fchmter Einwohner sowie historische Anekdoten und zeitgen\u00f6ssische Augenzeugenberichte.Besonders sehenswert ist die Ausstellung \u00fcber die <strong>Franz\u00f6sische Revolution mit zahlreichen Originalrelikten.<\/strong>Ebenso interessant ist die Sammlung alter Uhren und pers\u00f6nlicher Gegenst\u00e4nde ber\u00fchmter Franzosen, darunter Napoleon I., Jean Jacques Rousseau und Marie Antoinette.<\/p>\n<h3>Das Museumsgeb\u00e4ude<\/h3>\n<p>Das Museum ist in zwei historischen Herrenh\u00e4usern untergebracht, dem <em>H\u00f4tel de Carnavalet<\/em> und dem <em>H\u00f4tel Le Peletier de Saint-Fargeau<\/em>. Beide Geb\u00e4ude sind durch eine Galerie miteinander verbunden.Die pr\u00e4chtigen Ausstellungsr\u00e4ume zeichnen sich durch ein herrschaftliches Dekor aus, das ebenso bewundert werden kann wie die Sammlung. Das H\u00f4tel de Carnavalet aus dem 16. Jahrhundert mit seiner beeindruckenden Fassade gilt als eines der sch\u00f6nsten Herrenh\u00e4user im Stil der Renaissance. Es ist das \u00e4lteste, noch erhaltene Herrenhaus der Stadt.Die historische Kulisse tr\u00e4gt entscheidend zur Entdeckungsreise durch die Pariser Geschichte bei &#8211; ein Grund mehr, warum das Mus\u00e9e Carnavalet unter den <a href=\"https:\/\/paristouristinformation.fr\/de\/sehenswurdigkeiten\/museum\/\"><strong>P<\/strong><strong>ariser Museen<\/strong> <\/a>hervorsticht.<\/p>\n<h3>Garten<\/h3>\n<p>Auch der Museumsgarten ist sehr beeindruckend. Pr\u00e4chtige Blumen, Rosenstr\u00e4ucher und \u00fcppige Hecken laden den Besucher zum Verweilen ein.<\/p>\n<p><span><img decoding=\"async\" alt=\"A Guide to Carnavalet Museum in Paris in France\" data-id=\"6562\" width=\"736\" data-init-width=\"1200\" height=\"386\" data-init-height=\"630\" title=\"A Guide to Carnavalet Museum in Paris in France\" src=\"https:\/\/paristouristinformation.fr\/de\/\/wp-content\/uploads\/2021\/01\/A-Guide-to-Carnavalet-Museum-in-Paris-in-France.jpg\" data-width=\"736\" data-height=\"386\" style=\"aspect-ratio: auto 1200 \/ 630;\" loading=\"lazy\"><\/p>\n<ul>\n<li><a rel=\"nofollow\" href=\"https:\/\/pinterest.com\/pin\/create\/button\/?url=https:\/\/paristouristinformation.fr\/de\/sehenswurdigkeiten\/museum\/museum-carnavalet\/?tve=true&amp;tcbf=abdbdf6a32&amp;is_video=false&amp;media=https:\/\/paristouristinformation.fr\/de\/\/wp-content\/uploads\/2021\/01\/A-Guide-to-Carnavalet-Museum-in-Paris-in-France.jpg&amp;description=F%C3%BChrer%20zum%20Carnavalet-Museum%20%7C%20ParisTouristInformation.fr\" onclick=\"essb.window('https:\/\/pinterest.com\/pin\/create\/button\/?url=https:\/\/paristouristinformation.fr\/de\/sehenswurdigkeiten\/museum\/museum-carnavalet\/?tve=true&amp;tcbf=abdbdf6a32&amp;is_video=false&amp;media=https:\/\/paristouristinformation.fr\/de\/\/wp-content\/uploads\/2021\/01\/A-Guide-to-Carnavalet-Museum-in-Paris-in-France.jpg&amp;description=F%C3%BChrer%20zum%20Carnavalet-Museum%20%7C%20ParisTouristInformation.fr','pinpro','kyehd1r9'); return false;\" target=\"_blank\"><span><\/span><span>Pin<\/span><\/a><\/li>\n<\/ul>\n<p><\/span><\/p>\n<h3>Tempor\u00e4re Ausstellungen &amp; Veranstaltungen<\/h3>\n<p>Das Carnavalet-Museum organisiert <strong>zwei gro\u00dfe Wechselausstellungen pro Jahr.<\/strong> Einen aktuellen \u00dcberblick \u00fcber die Wechselausstellungen finden Sie auf der offiziellen <a href=\"https:\/\/www.carnavalet.paris.fr\" target=\"_blank\" style=\"outline: none;\" rel=\"nofollow noopener\">Webseite des Carnavalet-Museums<\/a>.<\/p>\n<p>Das Museumsprogramm wird regelm\u00e4\u00dfig durch Konzerte, Theaterst\u00fccke, Veranstaltungen, Vortr\u00e4ge und Workshops bereichert.<\/p>\n<h3>Buchhandlung<\/h3>\n<p>Im Museum gibt es eine Buchhandlung und einen Museumsshop mit einer Auswahl an B\u00fcchern, Souvenirs, Geschenken und vielem mehr.<\/p>\n<h2 id=\"t-1612260711762\">Eintritt, Eintrittskarten und F\u00fchrungen<\/h2>\n<ul>\n<li><span style=\"\"><strong>Eintrittskarten:<\/strong> Der Eintritt zur Dauerausstellung ist das ganze Jahr \u00fcber frei.<\/span><\/li>\n<li style=\"\"><span style=\"\"><strong>Eintrittskarten f\u00fcr Wechselausstellungen: <\/strong>Die Eintrittspreise f\u00fcr Wechselausstellungen sind unterschiedlich. Weitere Informationen finden Sie auf der offiziellen Website des Museums.<\/span><\/li>\n<li><span style=\"\"><strong>Audioguide : <\/strong>Ein Audioguide ist im Museum auf Franz\u00f6sisch, Englisch und Spanisch erh\u00e4ltlich. Ein Audioguide f\u00fcr Kinder ist in Englisch und Franz\u00f6sisch erh\u00e4ltlich.<\/span><\/li>\n<\/ul>\n<ul>\n<li><span style=\"\"><strong>Tipp: <\/strong>Um Zeit und Geld zu sparen und Stress zu vermeiden, k\u00f6nnen Sie Ihre Reise vorbereiten, indem Sie den <a href=\"https:\/\/paristouristinformation.fr\/de\/touren-and-tickets\/\"><strong>Paris Museum Pass<\/strong> <\/a>kaufen. Er erm\u00f6glicht den Zugang zu mehr als <span style=\"text-decoration: underline;\">50 Museen in Paris<\/span>. Ein Must-Have!<\/span><\/li>\n<\/ul>\n<p><a href=\"https:\/\/www.paristouristinformation.fr\/de\/sehenswurdigkeiten\/museum\/museum-carnavalet\/\" dynamic-postlink=\"tcb_post_the_permalink\" data-shortcode-id=\"5720\"><\/a><\/p>\n<h3 style=\"text-align: center; padding-top: 0px !important; margin-top: 0px !important;\"><span data-attr-link=\"1\" data-attr-rel=\"0\" data-attr-target=\"0\" data-extra_key=\"\" data-option-inline=\"1\" data-shortcode=\"tcb_post_title\" data-shortcode-name=\"Post title\" data-attr-css=\"\" data-attr-static-link=\"{&quot;className&quot;:&quot;&quot;,&quot;href&quot;:&quot;#&quot;,&quot;title&quot;:&quot;Carnavalet Museum in Paris | Infos, Tipps &amp; Tickets&quot;,&quot;class&quot;:&quot;&quot;}\"><a href=\"https:\/\/www.paristouristinformation.fr\/de\/sehenswurdigkeiten\/museum\/museum-carnavalet\/\" title=\"Carnavalet Museum in Paris | Infos, Tipps &amp; Tickets\" data-css=\"\">Carnavalet Museum in Paris | Infos, Tipps &amp; Tickets<\/a><\/span><\/h3>\n<p><a href=\"https:\/\/www.paristouristinformation.fr\/de\/sehenswurdigkeiten\/museum\/museum-carnavalet\/\" style=\"\"><span style=\"\"><span style=\"\">Buy your Ticket<\/span><\/span><\/a><a href=\"javascript:void(0)\" style=\"\"><span style=\"\"><span style=\"\">Load More<\/span><\/span><\/a><\/p>\n<h2 id=\"t-1612260711763\">Wie erreiche ich das Museum Carnavalet in Paris?<\/h2>\n<p>Das Museum Carnavalet befindet sich im historischen Viertel Marais im 3. Arrondissement von Paris, in der N\u00e4he des Place des Vosges.Es ist leicht zu erreichen mit der <strong>Metro 1<\/strong> bis zur Station &#8222;Saint-Paul&#8220; oder mit dem Bus 29 bis &#8222;Payenne&#8220;. Die <strong>Buslinien <\/strong>69, 76 und 96 halten ebenfalls in der N\u00e4he des Carnavalet-Museums.<\/p>\n<h2 id=\"t-1612260711765\">FAQ<\/h2>\n<h2 id=\"t-1612260711764\">Geschichte des Mus\u00e9e Carnavalet<\/h2>\n<p>Das Mus\u00e9e Carnavalet wurde im Jahr 1880 gegr\u00fcndet. Damals befand es sich ausschlie\u00dflich im <em>H\u00f4tel de Carnavalet<\/em>, das zwischen 1548 und 1560 von dem Architekten Pierre Lescot als Stadtresidenz f\u00fcr den Adel erbaut wurde.Die Erweiterung einer Bibliothek machte den Bau neuer Fl\u00fcgel erforderlich, die im Garten errichtet wurden. Aufgrund der st\u00e4ndigen Zunahme der Exponate reichten die neuen Fl\u00fcgel nicht mehr aus.Im Jahr 1907 begannen die Bauarbeiten, die eine Verdoppelung des Museumsgeb\u00e4udes beinhalteten. Durch den Ausbruch des Ersten Weltkriegs verz\u00f6gerten sich die Arbeiten und konnten erst 1920 abgeschlossen werden.Um den st\u00e4ndig wachsenden Sammlungen gerecht zu werden, wurde 1989 das benachbarte Herrenhaus <em>H\u00f4tel Le Peletier de Saint-Fargeau <\/em>erworben und in das Carnavalet-Museum integriert.Derzeit finden Renovierungsarbeiten statt, weshalb das Museum voraussichtlich bis 2021 geschlossen bleiben wird.<\/p>\n<h3 style=\"\"><span data-attr-link=\"1\" data-attr-rel=\"0\" data-attr-target=\"0\" data-extra_key=\"\" data-option-inline=\"1\" data-shortcode=\"tcb_post_title\" data-shortcode-name=\"Post title\" data-attr-css=\"\" style=\"\" data-attr-static-link=\"{&quot;className&quot;:&quot;&quot;,&quot;href&quot;:&quot;https:\/\/www.paristouristinformation.fr\/de\/sehenswurdigkeiten\/museum\/museum-cluny\/&quot;,&quot;title&quot;:&quot;Cluny Museum in Paris | Alle Infos zum Mittelaltermuseum&quot;,&quot;class&quot;:&quot;&quot;}\"><a href=\"https:\/\/www.paristouristinformation.fr\/de\/sehenswurdigkeiten\/museum\/museum-cluny\/\" title=\"Cluny Museum in Paris | Alle Infos zum Mittelaltermuseum\" data-css=\"\">Cluny Museum in Paris | Alle Infos zum Mittelaltermuseum<\/a><\/span><\/h3>\n<h3 style=\"\"><span data-attr-link=\"1\" data-attr-rel=\"0\" data-attr-target=\"0\" data-extra_key=\"\" data-option-inline=\"1\" data-shortcode=\"tcb_post_title\" data-shortcode-name=\"Post title\" data-attr-css=\"\" style=\"\" data-attr-static-link=\"{&quot;className&quot;:&quot;&quot;,&quot;href&quot;:&quot;https:\/\/www.paristouristinformation.fr\/de\/sehenswurdigkeiten\/museum\/museum-cluny\/&quot;,&quot;title&quot;:&quot;Cluny Museum in Paris | Alle Infos zum Mittelaltermuseum&quot;,&quot;class&quot;:&quot;&quot;}\"><a href=\"https:\/\/www.paristouristinformation.fr\/de\/sehenswurdigkeiten\/museum\/picasso-museum\/\" title=\"Picasso Museum in Paris | Infos, Tipps &amp; Tickets\" data-css=\"\">Picasso Museum in Paris | Infos, Tipps &amp; Tickets<\/a><\/span><\/h3>\n<h3 style=\"\"><span data-attr-link=\"1\" data-attr-rel=\"0\" data-attr-target=\"0\" data-extra_key=\"\" data-option-inline=\"1\" data-shortcode=\"tcb_post_title\" data-shortcode-name=\"Post title\" data-attr-css=\"\" style=\"\" data-attr-static-link=\"{&quot;className&quot;:&quot;&quot;,&quot;href&quot;:&quot;https:\/\/www.paristouristinformation.fr\/de\/sehenswurdigkeiten\/museum\/museum-cluny\/&quot;,&quot;title&quot;:&quot;Cluny Museum in Paris | Alle Infos zum Mittelaltermuseum&quot;,&quot;class&quot;:&quot;&quot;}\"><a href=\"https:\/\/www.paristouristinformation.fr\/de\/sehenswurdigkeiten\/museum\/krypta-archaologisch\/\" title=\"Arch\u00e4ologische Krypta von Paris | Infos, Tickets &amp; Tipps\" data-css=\"\">Arch\u00e4ologische Krypta von Paris | Infos, Tickets &amp; Tipps<\/a><\/span><\/h3>\n<h2 id=\"t-1612260711766\">Kontakt &amp; Karte<\/h2>\n<ul>\n<li><span style=\"\"><strong>Adresse:&nbsp;<\/strong>Mus\u00e9e Carnavalet, 16 rue des Francs-Bourgeois 75003 Paris<\/span><\/li>\n<li><span style=\"\"><strong>\u00d6ffnungszeiten: <\/strong>Die neuesten Informationen zu den \u00d6ffnungszeiten finden Sie auf der offiziellen Webseite.<\/span><\/li>\n<li><span style=\"\"><strong>\u00d6ffentliche Verkehrsmittel:&nbsp;<\/strong>Metro 1 bis \u201cSaint-Paul\u201c<\/span><\/li>\n<li style=\"\"><span style=\"\"><strong>Webseite:&nbsp;<\/strong><a href=\"https:\/\/www.carnavalet.paris.fr\/en\/homepage\" style=\"outline: none;\" target=\"_blank\" rel=\"nofollow noopener\">www.carnavalet.paris.fr<\/a><\/span><\/li>\n<\/ul>\n<ul>\n<li><span style=\"\"><strong>Tipp: <\/strong>Planen Sie Ihre Reise nach Paris? Wir haben f\u00fcr Sie eine Liste mit den <a href=\"https:\/\/paristouristinformation.fr\/de\/sehenswurdigkeiten\/museum\/\"><strong>30 besten Museen in Paris<\/strong><\/a> zusammengestellt.<a href=\"https:\/\/paristouristinformation.fr\/de\/\/things-to-do\/museum\/\" style=\"outline: none;\"> <\/a><\/span><\/li>\n<\/ul>\n<p>__CONFIG_colors_palette__{&#8222;active_palette&#8220;:0,&#8220;config&#8220;:{&#8222;colors&#8220;:{&#8222;50ce5&#8220;:{&#8222;name&#8220;:&#8220;Main Accent&#8220;,&#8220;parent&#8220;:-1}},&#8220;gradients&#8220;:[]},&#8220;palettes&#8220;:[{&#8222;name&#8220;:&#8220;Default Palette&#8220;,&#8220;value&#8220;:{&#8222;colors&#8220;:{&#8222;50ce5&#8220;:{&#8222;val&#8220;:&#8220;var(&#8211;tcb-skin-color-0)&#8220;}},&#8220;gradients&#8220;:[]},&#8220;original&#8220;:{&#8222;colors&#8220;:{&#8222;50ce5&#8220;:{&#8222;val&#8220;:&#8220;rgb(19, 114, 211)&#8220;,&#8220;hsl&#8220;:{&#8222;h&#8220;:210,&#8220;s&#8220;:0.83,&#8220;l&#8220;:0.45,&#8220;a&#8220;:1}}},&#8220;gradients&#8220;:[]}}]}__CONFIG_colors_palette__ <a href=\"https:\/\/www.paristouristinformation.fr\/de\/sehenswurdigkeiten\/museum\/\" target=\"_blank\"> <span><span>Weitere sehenswerte Museen in Paris<\/span><\/span> <\/a> <\/p>\n<h2 style=\"\" id=\"t-1640675670595\">Verwandte Artikel:<\/h2>\n<p><a href=\"https:\/\/www.paristouristinformation.fr\/de\/platze\/\" dynamic-postlink=\"tcb_post_the_permalink\" data-shortcode-id=\"4254\"><\/a><\/p>\n<h3 style=\"text-align: center; padding-top: 0px !important; margin-top: 0px !important;\"><span data-attr-link=\"1\" data-attr-rel=\"0\" data-attr-target=\"0\" data-extra_key=\"\" data-option-inline=\"1\" data-shortcode=\"tcb_post_title\" data-shortcode-name=\"Post title\" data-attr-css=\"\" data-attr-static-link=\"{&quot;className&quot;:&quot;&quot;,&quot;href&quot;:&quot;https:\/\/www.paristouristinformation.fr\/de\/platze\/&quot;,&quot;title&quot;:&quot;Die 7 sch\u00f6nsten Pl\u00e4tze in Paris&quot;,&quot;class&quot;:&quot;&quot;}\" style=\"\"><a href=\"https:\/\/www.paristouristinformation.fr\/de\/platze\/\" title=\"Die 7 sch\u00f6nsten Pl\u00e4tze in Paris\" data-css=\"\">Die 7 sch\u00f6nsten Pl\u00e4tze in Paris<\/a><\/span><\/h3>\n<p><a href=\"https:\/\/www.paristouristinformation.fr\/de\/kostenlos\/\" dynamic-postlink=\"tcb_post_the_permalink\" data-shortcode-id=\"4254\"><\/a><\/p>\n<h3 style=\"text-align: center; padding-top: 0px !important; margin-top: 0px !important;\"><span data-attr-link=\"1\" data-attr-rel=\"0\" data-attr-target=\"0\" data-extra_key=\"\" data-option-inline=\"1\" data-shortcode=\"tcb_post_title\" data-shortcode-name=\"Post title\" data-attr-css=\"\" data-attr-static-link=\"{&quot;className&quot;:&quot;&quot;,&quot;href&quot;:&quot;https:\/\/www.paristouristinformation.fr\/de\/platze\/&quot;,&quot;title&quot;:&quot;Die 7 sch\u00f6nsten Pl\u00e4tze in Paris&quot;,&quot;class&quot;:&quot;&quot;}\" style=\"\"><a href=\"https:\/\/www.paristouristinformation.fr\/de\/kostenlos\/\" title=\"Top 10 kostenlose Attraktionen in Paris\" data-css=\"\">Top 10 kostenlose Attraktionen in Paris<\/a><\/span><\/h3>\n<p><a href=\"https:\/\/www.paristouristinformation.fr\/de\/bezirke\/le-marais\/\" dynamic-postlink=\"tcb_post_the_permalink\" data-shortcode-id=\"4254\"><\/a><\/p>\n<h3 style=\"text-align: center; padding-top: 0px !important; margin-top: 0px !important;\"><span data-attr-link=\"1\" data-attr-rel=\"0\" data-attr-target=\"0\" data-extra_key=\"\" data-option-inline=\"1\" data-shortcode=\"tcb_post_title\" data-shortcode-name=\"Post title\" data-attr-css=\"\" data-attr-static-link=\"{&quot;className&quot;:&quot;&quot;,&quot;href&quot;:&quot;https:\/\/www.paristouristinformation.fr\/de\/platze\/&quot;,&quot;title&quot;:&quot;Die 7 sch\u00f6nsten Pl\u00e4tze in Paris&quot;,&quot;class&quot;:&quot;&quot;}\" style=\"\"><a href=\"https:\/\/www.paristouristinformation.fr\/de\/bezirke\/le-marais\/\" title=\"Die Top Attraktionen von Le Marais in Paris\" data-css=\"\">Die Top Attraktionen von Le Marais in Paris<\/a><\/span><\/h3>\n","protected":false},"excerpt":{"rendered":"<p>Das Carnavalet-Museum befindet sich im angesagten Pariser Viertel Marais. Wenn Sie mehr \u00fcber die Stadt wissen wollen, die Sie besuchen werden, m\u00fcssen Sie diesen Ort unbedingt besuchen. Das Museum befasst sich mit der Geschichte von Paris von den Anf\u00e4ngen bis zur Gegenwart.Wir haben f\u00fcr Sie einen vollst\u00e4ndigen Leitfaden mit Informationen \u00fcber das Carnavalet-Museum in Paris [&hellip;]<\/p>\n","protected":false},"author":9,"featured_media":6562,"parent":68,"menu_order":0,"comment_status":"closed","ping_status":"closed","template":"","meta":{"footnotes":""},"tags":[],"class_list":["post-3264","page","type-page","status-publish","has-post-thumbnail","hentry","post-wrapper","thrv_wrapper"],"wp-worthy-pixel":{"ignored":false,"public":"0c11d4ea66ba44679b5a048ffefc7bec","server":"vg06.met.vgwort.de","url":"https:\/\/vg06.met.vgwort.de\/na\/0c11d4ea66ba44679b5a048ffefc7bec"},"wp-worthy-type":"normal","_links":{"self":[{"href":"https:\/\/www.paristouristinformation.fr\/de\/wp-json\/wp\/v2\/pages\/3264","targetHints":{"allow":["GET"]}}],"collection":[{"href":"https:\/\/www.paristouristinformation.fr\/de\/wp-json\/wp\/v2\/pages"}],"about":[{"href":"https:\/\/www.paristouristinformation.fr\/de\/wp-json\/wp\/v2\/types\/page"}],"author":[{"embeddable":true,"href":"https:\/\/www.paristouristinformation.fr\/de\/wp-json\/wp\/v2\/users\/9"}],"replies":[{"embeddable":true,"href":"https:\/\/www.paristouristinformation.fr\/de\/wp-json\/wp\/v2\/comments?post=3264"}],"version-history":[{"count":1,"href":"https:\/\/www.paristouristinformation.fr\/de\/wp-json\/wp\/v2\/pages\/3264\/revisions"}],"predecessor-version":[{"id":14711,"href":"https:\/\/www.paristouristinformation.fr\/de\/wp-json\/wp\/v2\/pages\/3264\/revisions\/14711"}],"up":[{"embeddable":true,"href":"https:\/\/www.paristouristinformation.fr\/de\/wp-json\/wp\/v2\/pages\/68"}],"wp:featuredmedia":[{"embeddable":true,"href":"https:\/\/www.paristouristinformation.fr\/de\/wp-json\/wp\/v2\/media\/6562"}],"wp:attachment":[{"href":"https:\/\/www.paristouristinformation.fr\/de\/wp-json\/wp\/v2\/media?parent=3264"}],"wp:term":[{"taxonomy":"post_tag","embeddable":true,"href":"https:\/\/www.paristouristinformation.fr\/de\/wp-json\/wp\/v2\/tags?post=3264"}],"curies":[{"name":"wp","href":"https:\/\/api.w.org\/{rel}","templated":true}]}}