{"id":3311,"date":"2023-01-11T08:43:00","date_gmt":"2023-01-11T08:43:00","guid":{"rendered":"https:\/\/paristouristinformation.fr\/de\/\/clone-of-paris-paris-beauvais-tille-flughafen\/"},"modified":"2024-01-20T10:20:47","modified_gmt":"2024-01-20T10:20:47","slug":"beauvais-tille","status":"publish","type":"page","link":"https:\/\/www.paristouristinformation.fr\/de\/planen\/flughaefen\/beauvais-tille\/","title":{"rendered":"Flughafen Paris Beauvais-Till\u00e9 | Infos, Transfer &#038; Fl\u00fcge"},"content":{"rendered":"<h1>Guide zum Flughafen Paris Beauvais-Till\u00e9 [BVA]<\/h1>\n<p>Lesen Sie unseren vollst\u00e4ndigen Guide zum Flughafen Beauvais-Till\u00e9 in Paris: Terminals, Transfers, Fl\u00fcge, L\u00e4den, Lage und n\u00fctzliche Informationen&#8230;. Erfahren Sie alles \u00fcber diesen kleinen Flughafen in der N\u00e4he von Paris.<\/p>\n<h2 style=\"text-align: center;\" id=\"t-1613598795268\">Beschreibung des Flughafens Beauvais-Till\u00e9<\/h2>\n<p>Beauvais-Till\u00e9 wurde 1954 f\u00fcr die zivile Luftfahrt er\u00f6ffnet. Heute ist er ein Verkehrsflughafen, auf dem j\u00e4hrlich \u00fcber 30 000 Passagiere abgefertigt werden und der in den kommenden Jahren weiter ausgebaut werden soll.Paris Beauvais-Till\u00e9 liegt 84 Kilometer n\u00f6rdlich von Paris und ist eigentlich kein Pariser Flughafen. Er wird haupts\u00e4chlich von Billigfluggesellschaften angeflogen, wobei Ryanair und Wizzair dominieren, aber auch Blue Air und Air Moldava nutzen diesen Flughafen. Insgesamt fliegen etwa 6 Fluggesellschaften von zwei Terminals aus 60 Ziele an, eines der Hauptziele ist Bukarest.Es gibt Verbindungen nach Paris mit dem Bus, einem Shuttle-Service oder \u00fcber die Autobahn. Pr\u00fcfen Sie unsere <a href=\"https:\/\/paristouristinformation.fr\/de\/touren-and-tickets\/\"><strong>Premium-Transferangebote f\u00fcr Pariser Flugh\u00e4fen<\/strong><\/a><em><strong>.<\/strong><\/em><\/p>\n<h3>Terminals am Flughafen:<\/h3>\n<ul>\n<li><span style=\"\"><strong>Terminal 1:<\/strong> Terminal 1 wird haupts\u00e4chlich von Ryan Air und Wizz Air genutzt.<\/span><\/li>\n<li><span><strong>Terminal 2<\/strong>: Das Terminal wird von Blue Air und anderen Billigfluggesellschaften genutzt.<\/span><\/li>\n<\/ul>\n<p><strong><span style=\"color: var(--tcb-skin-color-3);\"><strong><span>Ankunft: <\/span><\/strong><\/span><\/strong><span style=\"color: var(--tcb-skin-color-3);\"><span>Sie finden die aktuellen Ankunftszeiten auf der offiziellen Webseite des Flughafens: \u200b<a href=\"https:\/\/www.aeroportparisbeauvais.com\/en\/flights\/live-flight-information\/live-flight-information\" target=\"_blank\" style=\"outline: none;\" data-lt-tmp-id=\"lt-912463\" spellcheck=\"false\" rel=\"noopener nofollow\">Aeroport Paris Beauvais<\/a><\/span><\/span><\/p>\n<p><strong><span style=\"color: var(--tcb-skin-color-3);\"><strong><span>\u200b<\/span><\/strong><\/span><\/strong><\/p>\n<p><strong><span style=\"color: var(--tcb-skin-color-3);\"><strong><span>Abflug:&nbsp;<\/span><\/strong><\/span><\/strong><span style=\"color: var(--tcb-skin-color-3);\"><span>Die aktuellen Abflugzeiten finden Sie auf der <\/span><\/span><a href=\"https:\/\/www.aeroportparisbeauvais.com\/en\/flights\/live-flight-information\/live-flight-information\" target=\"_blank\" rel=\"noopener nofollow\"><span style=\"color: var(--tcb-skin-color-3);\"><span><strong>Homepage des Flughafens&nbsp;<\/strong><\/span><strong><span>Paris Beauvais-Till\u00e9.<\/span><\/strong><\/span><\/a><\/p>\n<h2 style=\"text-align: center;\" id=\"t-1613598795280\">Transfer vom und zum Flughafen Beauvais-Till\u00e9<\/h2>\n<p style=\"text-align: center;\">Welche M\u00f6glichkeiten gibt es?<\/p>\n<p><a href=\"javascript:void(0)\"><span style=\"\"><span style=\"\">Load More<\/span><\/span><\/a><\/p>\n<ul>\n<li style=\"\"><span style=\"\"><strong>Shuttleservice: <\/strong>Der Navette-Bus f\u00e4hrt etwa 20 Minuten nach der Landung eines Passagierflugzeugs und 3 Stunden und 15 Minuten vor dem Abflug eines Flugzeugs ab. Die Haltestelle in Paris befindet sich in der N\u00e4he des Arc de Triomphe an der Metrostation Porte Maillot und dem Bahnhof Neuilly &#8211; Porte Maillot. Die Fahrt dauert mindestens 1 Stunde und 20 Minuten und kann je nach Verkehrslage stark variieren. Die einfache Fahrt kostet 15,90 \u20ac.<\/span><\/li>\n<li><span><strong>Bus:<\/strong> Vom Flughafen Beauvais-Till\u00e9 verkehren t\u00e4glich 16 Linienbusse nach Paris. Die Fahrt dauert mindestens 1 Stunde und 20 Minuten, je nach Verkehrslage.<\/span><\/li>\n<li><span><strong>TER-Regionalzug: <\/strong>Der Flughafen Beauvais verf\u00fcgt nicht \u00fcber einen eigenen Bahnhof. Taxis bringen die Passagiere f\u00fcr etwa 15 Euro zum Bahnhof Beauvais. Von dort aus f\u00e4hrt der TER-Regionalzug zum Gare du Nord in Paris.<\/span><\/li>\n<li><span><strong>Auto: <\/strong>Der Flughafen Paris Beauvais-Till\u00e9 befindet sich n\u00f6rdlich von Paris. Er ist \u00fcber die Autobahn A16 (Ausfahrt 15) und die Stra\u00dfen D901 und D1001 leicht zu erreichen. Auf dem Flughafengel\u00e4nde gibt es Parkm\u00f6glichkeiten.<\/span><\/li>\n<li><span><strong>Privater Transfer :<\/strong> Private Unternehmen stellen Privatwagen und Fahrer zur Verf\u00fcgung, um Passagiere zum Flughafen Beauvais zu bringen. Dies ist der einfachste und schnellste Weg, um den Flughafen zu erreichen, aber auch ein teurer. G\u00fcnstige Angebote finden Sie in unserem offiziellen Paris-Shop.<\/span><\/li>\n<\/ul>\n<p>__CONFIG_group_edit__{}__CONFIG_group_edit____CONFIG_local_colors__{&#8222;colors&#8220;:{&#8222;0fb68&#8243;:&#8220;Picton Blue&#8220;,&#8220;e8c68&#8243;:&#8220;Royal Blue&#8220;},&#8220;gradients&#8220;:{}}__CONFIG_local_colors__                                                                                                                                                                                                                                                                                                                                                                                                                                                                                                                                                                                                                                                                                                                                                                                                                                                                                                                                                                                                                                                                                                                                                                                                                                                                                                                                                                                                                                                                                                                                                                                                                                                                                                                                                                                                                                                                                                                                            <\/p>\n<h2 style=\"\" id=\"t-1640600303536\">Paris Touren &amp; Eintrittskarten<\/h2>\n<p style=\"\">Entdecken Sie Paris noch heute mit den beliebtesten Touren und Tickets ohne Schlangestehen.<\/p>\n<p>__CONFIG_colors_palette__{&#8222;active_palette&#8220;:0,&#8220;config&#8220;:{&#8222;colors&#8220;:{&#8222;58c26&#8220;:{&#8222;name&#8220;:&#8220;Main Accent&#8220;,&#8220;parent&#8220;:-1}},&#8220;gradients&#8220;:[]},&#8220;palettes&#8220;:[{&#8222;name&#8220;:&#8220;Default Palette&#8220;,&#8220;value&#8220;:{&#8222;colors&#8220;:{&#8222;58c26&#8220;:{&#8222;val&#8220;:&#8220;var(&#8211;tcb-skin-color-0)&#8220;,&#8220;hsl&#8220;:{&#8222;h&#8220;:350,&#8220;s&#8220;:0.94,&#8220;l&#8220;:0.47,&#8220;a&#8220;:1}}},&#8220;gradients&#8220;:[]},&#8220;original&#8220;:{&#8222;colors&#8220;:{&#8222;58c26&#8220;:{&#8222;val&#8220;:&#8220;rgb(19, 114, 211)&#8220;,&#8220;hsl&#8220;:{&#8222;h&#8220;:210,&#8220;s&#8220;:0.83,&#8220;l&#8220;:0.45,&#8220;a&#8220;:1}}},&#8220;gradients&#8220;:[]}}]}__CONFIG_colors_palette__ <a href=\"https:\/\/paristouristinformation.fr\/de\/touren-and-tickets\/\" target=\"_blank\" style=\"\" rel=\"noopener\"> <span style=\"\"><span><strong>Zum Ticketshop<\/strong><\/span><\/span> <\/a>   <a href=\"javascript:void(0)\" style=\"\"><span style=\"\"><span style=\"\">Load More<\/span><\/span><\/a><\/p>\n<h2 id=\"t-1613598795269\" style=\"text-align: center;\">Parken am Flughafen<\/h2>\n<p>Am Flughafen Paris Beauvais-Till\u00e9 gibt es drei Parkm\u00f6glichkeiten. Parkhaus P1 und Parkhaus P2 befinden sich in der N\u00e4he der Terminals, von Parkhaus 4 sind es 10 Minuten Fu\u00dfweg. Insgesamt stehen 4.500 Parkpl\u00e4tze zur Verf\u00fcgung.Es ist g\u00fcnstiger, Parkpl\u00e4tze im Voraus online zu buchen. Ausf\u00fchrliche Informationen zum Thema<a href=\"https:\/\/paristouristinformation.fr\/de\/planen\/offentliche-verkehrsmittel\/parkplatz\/\" style=\"outline: none;\"> <strong>Parken in Paris<\/strong><\/a><em><strong>&nbsp;<\/strong><\/em>finden Sie in unseren speziellen Artikeln.<\/p>\n<p><span><img loading=\"lazy\" decoding=\"async\" alt=\"terminal taxi traveler in paris in france\" data-id=\"4630\" width=\"1000\" data-init-width=\"1000\" height=\"667\" data-init-height=\"667\" title=\"terminal taxi traveler in paris in france\" src=\"https:\/\/paristouristinformation.fr\/de\/\/wp-content\/uploads\/2020\/12\/terminal-taxi-traveler-in-paris-in-france.jpg\" data-width=\"1000\" data-height=\"667\"><\/span><\/p>\n<h2 id=\"t-1613598795270\" style=\"text-align: center;\">Taxi, Uber und Bolt<\/h2>\n<p>Die Fahrt vom Flughafen Paris Beauvais-Beauvais-Till\u00e9 ins Zentrum von Paris kostet mit dem Taxi etwa 180 Euro. Der Preis variiert je nach Verkehr und Tageszeit.Nach den derzeit g\u00fcltigen Taxitarifen betr\u00e4gt die Grundgeb\u00fchr f\u00fcr ein Taxi in Paris 7,10 Euro, der Kilometerpreis betr\u00e4gt 1,07 Euro f\u00fcr die ersten sieben Kilometer und 1,65 Euro f\u00fcr jeden weiteren Kilometer. Steh- und Wartezeiten werden mit 33,00 Euro pro Stunde berechnet.Sie k\u00f6nnen mit Uber und Bolt zum und vom Flughafen Beauvais-Beauvais-Till\u00e9 fahren. Die Kosten f\u00fcr die Fahrt h\u00e4ngen von der Auslastung der Fahrzeuge und der Fahrzeit ab.<\/p>\n<ul>\n<li><span style=\"\">Ben\u00f6tigen Sie weitere Informationen \u00fcber unsere Fahrt in Paris? Schauen Sie sich unsere Artikel an,<em><strong>&nbsp;<\/strong><a href=\"https:\/\/paristouristinformation.fr\/de\/planen\/offentliche-verkehrsmittel\/taxi\/\" style=\"outline: none;\"><span style=\"font-style: normal;\"><strong>wie man ein Taxi in Paris<\/strong><\/span><\/a><\/em> bekommt und <a href=\"https:\/\/paristouristinformation.fr\/de\/faq\/apps-2\/\"><strong>welche mobilen Apps man in Paris<\/strong> <\/a>herunterladen kann, um einfach zu reisen!<\/span><\/li>\n<\/ul>\n<h3>Nachttarif:<\/h3>\n<p>Der Nachttarif gilt von Montag bis Samstag f\u00fcr die Zeit zwischen 17:00 Uhr abends und 10:00 Uhr morgens und an Sonntagen ganzt\u00e4gig. W\u00e4hrend der Nacht betr\u00e4gt die Grundgeb\u00fchr 7,10 Euro, der Preis pro Kilometer 1,35 Euro, f\u00fcr Steh- und Wartezeiten werden 38 Euro berechnet.<\/p>\n<p><strong><span style=\"color: var(--tcb-skin-color-16);\">Transfer innerhalb des Flughafens: <\/span><\/strong><span style=\"color: var(--tcb-skin-color-16);\">Der Flughafen besteht aus zwei Terminals, in deren Mitte sich der Flughafenbusbahnhof befindet. Es gibt keinen separaten Transport von einem Terminal zum anderen.<\/span><\/p>\n<h2 id=\"t-1613598795271\">Bus f\u00fcr Gruppentransfers<\/h2>\n<p>Vermittlung von Bussen f\u00fcr Flughafentransfers vom oder zum Flughafen Paris Beauvais-Beauvais-Till\u00e9 f\u00fcr Gruppen von 12 oder mehr Personen.<\/p>\n<h2 id=\"t-1613598795272\" style=\"text-align: center;\">Regionalzug nach Beauvais-Till\u00e9<\/h2>\n<p>Der Flughafen Beauvais-Beauvais-Till\u00e9 verf\u00fcgt nicht \u00fcber einen eigenen Bahnhof. Reisende k\u00f6nnen einen Taxi-Transfer zum Bahnhof von Beauvais nehmen. Die Fahrt kostet etwa 15 Euro. Von dort aus f\u00e4hrt der Regionalzug TER zum Gare du Nord in Paris, wo Anschluss an die \u00f6ffentlichen Verkehrsmittel in Paris besteht. Nehmen Sie ein <a href=\"https:\/\/paristouristinformation.fr\/de\/planen\/offentliche-verkehrsmittel\/taxi\/\"><strong>Taxi in Paris<\/strong><\/a><em><strong>.<\/strong><\/em><\/p>\n<p><span><img loading=\"lazy\" decoding=\"async\" alt=\"\" data-id=\"4623\" width=\"730\" data-init-width=\"1000\" height=\"488\" data-init-height=\"669\" title=\"CDG airport inside in paris france\" src=\"https:\/\/paristouristinformation.fr\/de\/\/wp-content\/uploads\/2020\/12\/CDG-airport-inside-in-paris-france.jpg\" data-width=\"730\" data-height=\"488\"><\/span><\/p>\n<h2 id=\"t-1613598795273\" style=\"text-align: center;\">Lounge am Flughafen<\/h2>\n<p>Am Flughafen Beauvais-Beauvais-Till\u00e9 gibt es derzeit keine Lounge.<\/p>\n<p><span><img loading=\"lazy\" decoding=\"async\" alt=\"\" data-id=\"4629\" width=\"730\" data-init-width=\"1000\" height=\"411\" data-init-height=\"563\" title=\"traveler works at airport CDG terminal in paris\" src=\"https:\/\/paristouristinformation.fr\/de\/\/wp-content\/uploads\/2020\/12\/traveler-works-at-airport-CDG-terminal-in-paris.jpg\" data-width=\"730\" data-height=\"411\"><\/span><\/p>\n<h2 id=\"t-1613598795274\">Einkaufen, Gesch\u00e4fte und Duty-Free<\/h2>\n<p>Der Flughafen Beauvais-Beauvais-Till\u00e9 ist ein kleiner Flughafen und die Einkaufsm\u00f6glichkeiten sind begrenzt. Die \u00d6ffnungszeiten der Gesch\u00e4fte richten sich teilweise nach den Ankunfts- und Abflugzeiten der Fl\u00fcge.Sowohl im Terminal 1 als auch im Terminal 2 gibt es einen Relay Store.<\/p>\n<h3>Duty-Free<\/h3>\n<p>Die Auswahl ist &#8211; je nach Gr\u00f6\u00dfe des Flughafens &#8211; relativ \u00fcbersichtlich. G\u00e4ngige Duty-Free-Artikel wie Parf\u00fcm, Schokolade und S\u00fc\u00dfigkeiten sowie alkoholische Getr\u00e4nke werden nach der Pass- und Sicherheitskontrolle im Arelia-Shop in den Abflugterminals verkauft.<\/p>\n<p><strong><span style=\"color: var(--tcb-skin-color-3);\">Essen: <\/span><\/strong><span style=\"color: var(--tcb-skin-color-3);\">Das gastronomische Angebot ist der Gr\u00f6\u00dfe des Flughafens angepasst und besteht aus einer Pizzeria und vielen Fast-Food-Angeboten. Die Bar bietet kleine Snacks an.<\/span><\/p>\n<p><span><img loading=\"lazy\" decoding=\"async\" alt=\"\" data-id=\"4632\" width=\"730\" data-init-width=\"1000\" height=\"487\" data-init-height=\"667\" title=\"airport duty free photo for paris in france\" src=\"https:\/\/paristouristinformation.fr\/de\/\/wp-content\/uploads\/2020\/12\/airport-duty-free-photo-for-paris-in-france.jpg\" data-width=\"730\" data-height=\"487\"><\/span><\/p>\n<h2 id=\"t-1613598795275\" style=\"text-align: center;\">Rent a car am Flughafen<\/h2>\n<p>Am Flughafen Paris Beauvais-Beauvais-Till\u00e9 sind sechs Autovermietungen ans\u00e4ssig, mit kleinen B\u00fcros zwischen Terminal 1 und Terminal 2.Nat\u00fcrlich k\u00f6nnen Sie ein Auto im Voraus online mieten, so dass das Auto direkt bei Ihrer Ankunft verf\u00fcgbar ist. Schauen Sie in unserem Abschnitt \u00fcber <a href=\"https:\/\/paristouristinformation.fr\/de\/planen\/autovermietung\/\" style=\"outline: none;\"><strong>Autovermietungen in Paris<\/strong><\/a><em><strong>&nbsp;<\/strong><\/em>nach<em><strong>.<\/strong><\/em><\/p>\n<h2 id=\"t-1613598795276\" style=\"text-align: center;\">Flughafen Hotels<\/h2>\n<p>Es gibt kein Flughafenhotel am Flughafen Paris Beauvais &#8211; Till\u00e9, aber es gibt zahlreiche Unterk\u00fcnfte in der unmittelbaren Umgebung des Flughafens. Besuchen Sie unseren Artikel \u00fcber die <a href=\"https:\/\/paristouristinformation.fr\/de\/hotel\/3-sterne\/\"><strong>25 besten erschwinglichen 3-Sterne-Hotels in Paris.<\/strong><\/a><\/p>\n<h2 id=\"t-1613598795277\">Konferenz zum Thema Flughafen und Umwelt<\/h2>\n<p>Wir helfen bei der Anmietung von R\u00e4umen f\u00fcr Veranstaltungen, Tagungshotels und dem kompletten Rahmenprogramm.<\/p>\n<h2 id=\"t-1613598795278\">Kontakt<\/h2>\n<ul>\n<li><span style=\"\"><strong>Adresse:<\/strong> Airport Paris Beauvais &#8211; Till\u00e9, Pont de Paris, BP 60250, &nbsp;60002 Beauvais Cedex<\/span><\/li>\n<li><span style=\"\"><strong>Telefon:<\/strong> +33 892 68 20-66<\/span><\/li>\n<li><span style=\"\"><strong>IATA Code:<\/strong> BVA<\/span><\/li>\n<li><span style=\"\"><strong>ICAO:&nbsp;<\/strong>LFOB<\/span><\/li>\n<li><span style=\"\"><strong>Webseite:&nbsp;<\/strong><a href=\"http:\/\/www.aeroportbeauvais.com\" target=\"_blank\" style=\"outline: none;\" rel=\"noopener nofollow\">Paris Beauvais &#8211; Till\u00e9<\/a><\/span><\/li>\n<\/ul>\n<h2 id=\"t-1613598795279\">FAQ<\/h2>\n<p style=\"text-align: center;\">Verwandte Artikel<\/p>\n<p><a href=\"https:\/\/www.paristouristinformation.fr\/de\/planen\/flughaefen\/\" dynamic-postlink=\"tcb_post_the_permalink\" data-shortcode-id=\"10067\"><\/a><\/p>\n<h3 style=\"text-align: center; padding-top: 0px !important; margin-top: 0px !important;\"><span data-attr-link=\"1\" data-attr-rel=\"0\" data-attr-target=\"0\" data-extra_key=\"\" data-option-inline=\"1\" data-shortcode=\"tcb_post_title\" data-shortcode-name=\"Post title\" data-attr-css=\"\" data-attr-static-link=\"{&quot;className&quot;:&quot;&quot;,&quot;href&quot;:&quot;https:\/\/www.paristouristinformation.fr\/de\/planen\/flughaefen\/&quot;,&quot;title&quot;:&quot;Pariser Flugh\u00e4fen | \u00dcbersicht mit Infos &amp; Tipps&quot;,&quot;class&quot;:&quot;&quot;}\"><a href=\"https:\/\/www.paristouristinformation.fr\/de\/planen\/flughaefen\/\" title=\"Pariser Flugh\u00e4fen | \u00dcbersicht mit Infos &amp; Tipps\" data-css=\"\">Pariser Flugh\u00e4fen | \u00dcbersicht mit Infos &amp; Tipps<\/a><\/span><\/h3>\n<p><a href=\"https:\/\/www.paristouristinformation.fr\/de\/planen\/flughaefen\/\" style=\"\"><span style=\"\"><span style=\"\">MEHR LESEN<\/span><\/span><\/a><a href=\"https:\/\/www.paristouristinformation.fr\/de\/planen\/paris-orly\/\" dynamic-postlink=\"tcb_post_the_permalink\" data-shortcode-id=\"10067\"><\/a><\/p>\n<h3 style=\"text-align: center; padding-top: 0px !important; margin-top: 0px !important;\"><span data-attr-link=\"1\" data-attr-rel=\"0\" data-attr-target=\"0\" data-extra_key=\"\" data-option-inline=\"1\" data-shortcode=\"tcb_post_title\" data-shortcode-name=\"Post title\" data-attr-css=\"\" data-attr-static-link=\"{&quot;className&quot;:&quot;&quot;,&quot;href&quot;:&quot;https:\/\/www.paristouristinformation.fr\/de\/planen\/flughaefen\/&quot;,&quot;title&quot;:&quot;Pariser Flugh\u00e4fen | \u00dcbersicht mit Infos &amp; Tipps&quot;,&quot;class&quot;:&quot;&quot;}\"><a href=\"https:\/\/www.paristouristinformation.fr\/de\/planen\/paris-orly\/\" title=\"Flughafen Paris Orly | Infos, Transfer &amp; Fl\u00fcge\" data-css=\"\">Flughafen Paris Orly | Infos, Transfer &amp; Fl\u00fcge<\/a><\/span><\/h3>\n<p><a href=\"https:\/\/www.paristouristinformation.fr\/de\/planen\/paris-orly\/\" style=\"\"><span style=\"\"><span style=\"\">MEHR LESEN<\/span><\/span><\/a><a href=\"https:\/\/www.paristouristinformation.fr\/de\/planen\/charles-de-gaulle\/\" dynamic-postlink=\"tcb_post_the_permalink\" data-shortcode-id=\"10067\"><\/a><\/p>\n<h3 style=\"text-align: center; padding-top: 0px !important; margin-top: 0px !important;\"><span data-attr-link=\"1\" data-attr-rel=\"0\" data-attr-target=\"0\" data-extra_key=\"\" data-option-inline=\"1\" data-shortcode=\"tcb_post_title\" data-shortcode-name=\"Post title\" data-attr-css=\"\" data-attr-static-link=\"{&quot;className&quot;:&quot;&quot;,&quot;href&quot;:&quot;https:\/\/www.paristouristinformation.fr\/de\/planen\/flughaefen\/&quot;,&quot;title&quot;:&quot;Pariser Flugh\u00e4fen | \u00dcbersicht mit Infos &amp; Tipps&quot;,&quot;class&quot;:&quot;&quot;}\"><a href=\"https:\/\/www.paristouristinformation.fr\/de\/planen\/charles-de-gaulle\/\" title=\"Flughafen Charles de Gaulle | Infos, Transfer &amp; Fl\u00fcge\" data-css=\"\">Flughafen Charles de Gaulle | Infos, Transfer &amp; Fl\u00fcge<\/a><\/span><\/h3>\n<p><a href=\"https:\/\/www.paristouristinformation.fr\/de\/planen\/charles-de-gaulle\/\" style=\"\"><span style=\"\"><span style=\"\">MEHR LESEN<\/span><\/span><\/a><a href=\"https:\/\/www.paristouristinformation.fr\/de\/sehenswurdigkeiten\/\" dynamic-postlink=\"tcb_post_the_permalink\" data-shortcode-id=\"10067\"><\/a><\/p>\n<h3 style=\"text-align: center; padding-top: 0px !important; margin-top: 0px !important;\"><span data-attr-link=\"1\" data-attr-rel=\"0\" data-attr-target=\"0\" data-extra_key=\"\" data-option-inline=\"1\" data-shortcode=\"tcb_post_title\" data-shortcode-name=\"Post title\" data-attr-css=\"\" data-attr-static-link=\"{&quot;className&quot;:&quot;&quot;,&quot;href&quot;:&quot;https:\/\/www.paristouristinformation.fr\/de\/planen\/flughaefen\/&quot;,&quot;title&quot;:&quot;Pariser Flugh\u00e4fen | \u00dcbersicht mit Infos &amp; Tipps&quot;,&quot;class&quot;:&quot;&quot;}\"><a href=\"https:\/\/www.paristouristinformation.fr\/de\/sehenswurdigkeiten\/\" title=\"100 besten Sehensw\u00fcrdigkeiten in Paris\" data-css=\"\">100 besten Sehensw\u00fcrdigkeiten in Paris<\/a><\/span><\/h3>\n<p><a href=\"https:\/\/www.paristouristinformation.fr\/de\/sehenswurdigkeiten\/\" style=\"\"><span style=\"\"><span style=\"\">MEHR LESEN<\/span><\/span><\/a><a href=\"https:\/\/www.paristouristinformation.fr\/de\/planen\/3-tage\/\" dynamic-postlink=\"tcb_post_the_permalink\" data-shortcode-id=\"10067\"><\/a><\/p>\n<h3 style=\"text-align: center; padding-top: 0px !important; margin-top: 0px !important;\"><span data-attr-link=\"1\" data-attr-rel=\"0\" data-attr-target=\"0\" data-extra_key=\"\" data-option-inline=\"1\" data-shortcode=\"tcb_post_title\" data-shortcode-name=\"Post title\" data-attr-css=\"\" data-attr-static-link=\"{&quot;className&quot;:&quot;&quot;,&quot;href&quot;:&quot;https:\/\/www.paristouristinformation.fr\/de\/planen\/flughaefen\/&quot;,&quot;title&quot;:&quot;Pariser Flugh\u00e4fen | \u00dcbersicht mit Infos &amp; Tipps&quot;,&quot;class&quot;:&quot;&quot;}\"><a href=\"https:\/\/www.paristouristinformation.fr\/de\/planen\/3-tage\/\" title=\"3 Tage in Paris: Beste Reiseroute &amp; Tipps f\u00fcr Erstbesucher\" data-css=\"\">3 Tage in Paris: Beste Reiseroute &amp; Tipps f\u00fcr Erstbesucher<\/a><\/span><\/h3>\n<p><a href=\"https:\/\/www.paristouristinformation.fr\/de\/planen\/3-tage\/\" style=\"\"><span style=\"\"><span style=\"\">MEHR LESEN<\/span><\/span><\/a><a href=\"https:\/\/www.paristouristinformation.fr\/de\/disneyland\/\" dynamic-postlink=\"tcb_post_the_permalink\" data-shortcode-id=\"10067\"><\/a><\/p>\n<h3 style=\"text-align: center; padding-top: 0px !important; margin-top: 0px !important;\"><span data-attr-link=\"1\" data-attr-rel=\"0\" data-attr-target=\"0\" data-extra_key=\"\" data-option-inline=\"1\" data-shortcode=\"tcb_post_title\" data-shortcode-name=\"Post title\" data-attr-css=\"\" data-attr-static-link=\"{&quot;className&quot;:&quot;&quot;,&quot;href&quot;:&quot;https:\/\/www.paristouristinformation.fr\/de\/planen\/flughaefen\/&quot;,&quot;title&quot;:&quot;Pariser Flugh\u00e4fen | \u00dcbersicht mit Infos &amp; Tipps&quot;,&quot;class&quot;:&quot;&quot;}\"><a href=\"https:\/\/www.paristouristinformation.fr\/de\/disneyland\/\" title=\"Disneyland Paris: Guide mit Tipps, Tickets, Touren &amp; Angeboten\" data-css=\"\">Disneyland Paris: Guide mit Tipps, Tickets, Touren &amp; Angeboten<\/a><\/span><\/h3>\n<p><a href=\"https:\/\/www.paristouristinformation.fr\/de\/disneyland\/\" style=\"\"><span style=\"\"><span style=\"\">MEHR LESEN<\/span><\/span><\/a><a href=\"javascript:void(0)\"><span style=\"\"><span style=\"\">Load More<\/span><\/span><\/a><\/p>\n","protected":false},"excerpt":{"rendered":"<p>Guide zum Flughafen Paris Beauvais-Till\u00e9 [BVA] Lesen Sie unseren vollst\u00e4ndigen Guide zum Flughafen Beauvais-Till\u00e9 in Paris: Terminals, Transfers, Fl\u00fcge, L\u00e4den, Lage und n\u00fctzliche Informationen&#8230;. Erfahren Sie alles \u00fcber diesen kleinen Flughafen in der N\u00e4he von Paris. Beschreibung des Flughafens Beauvais-Till\u00e9 Beauvais-Till\u00e9 wurde 1954 f\u00fcr die zivile Luftfahrt er\u00f6ffnet. Heute ist er ein Verkehrsflughafen, auf dem [&hellip;]<\/p>\n","protected":false},"author":9,"featured_media":4624,"parent":5111,"menu_order":0,"comment_status":"closed","ping_status":"closed","template":"","meta":{"footnotes":"","tve_updated_post":"","tve_custom_css":"","tve_user_custom_css":"","tve_globals":{},"tcb2_ready":1,"tcb_editor_enabled":1,"tve_landing_page":"tcb2-blank-page","_tve_header":"2742","_tve_footer":"2743"},"tags":[],"class_list":["post-3311","page","type-page","status-publish","has-post-thumbnail","hentry","post-wrapper","thrv_wrapper"],"wp-worthy-pixel":{"ignored":false,"public":"61864d08b17448a6ace9e25edf6ca7a4","server":"vg07.met.vgwort.de","url":"https:\/\/vg07.met.vgwort.de\/na\/61864d08b17448a6ace9e25edf6ca7a4"},"wp-worthy-type":"normal","_links":{"self":[{"href":"https:\/\/www.paristouristinformation.fr\/de\/wp-json\/wp\/v2\/pages\/3311","targetHints":{"allow":["GET"]}}],"collection":[{"href":"https:\/\/www.paristouristinformation.fr\/de\/wp-json\/wp\/v2\/pages"}],"about":[{"href":"https:\/\/www.paristouristinformation.fr\/de\/wp-json\/wp\/v2\/types\/page"}],"author":[{"embeddable":true,"href":"https:\/\/www.paristouristinformation.fr\/de\/wp-json\/wp\/v2\/users\/9"}],"replies":[{"embeddable":true,"href":"https:\/\/www.paristouristinformation.fr\/de\/wp-json\/wp\/v2\/comments?post=3311"}],"version-history":[{"count":0,"href":"https:\/\/www.paristouristinformation.fr\/de\/wp-json\/wp\/v2\/pages\/3311\/revisions"}],"up":[{"embeddable":true,"href":"https:\/\/www.paristouristinformation.fr\/de\/wp-json\/wp\/v2\/pages\/5111"}],"wp:featuredmedia":[{"embeddable":true,"href":"https:\/\/www.paristouristinformation.fr\/de\/wp-json\/wp\/v2\/media\/4624"}],"wp:attachment":[{"href":"https:\/\/www.paristouristinformation.fr\/de\/wp-json\/wp\/v2\/media?parent=3311"}],"wp:term":[{"taxonomy":"post_tag","embeddable":true,"href":"https:\/\/www.paristouristinformation.fr\/de\/wp-json\/wp\/v2\/tags?post=3311"}],"curies":[{"name":"wp","href":"https:\/\/api.w.org\/{rel}","templated":true}]}}