{"id":3384,"date":"2023-01-05T00:20:00","date_gmt":"2023-01-05T00:20:00","guid":{"rendered":"https:\/\/paristouristinformation.fr\/de\/\/?page_id=3384"},"modified":"2023-08-31T10:25:18","modified_gmt":"2023-08-31T10:25:18","slug":"armeemuseum","status":"publish","type":"page","link":"https:\/\/www.paristouristinformation.fr\/de\/sehenswurdigkeiten\/museum\/armeemuseum\/","title":{"rendered":"Armeemuseum in Paris &#038; Grab von Napoleon | Alle Infos"},"content":{"rendered":"<p>Das Armeemuseum, auf Franz\u00f6sisch &#8222;Mus\u00e9e de l&#8217;Arm\u00e9e&#8220;, ist das <strong>nationale Milit\u00e4rmuseum Frankreichs<\/strong>. Es befindet sich im wundersch\u00f6nen H\u00f4tel national des Invalides und beherbergt eine der weltweit gr\u00f6\u00dften <strong>Sammlungen zur Milit\u00e4rgeschichte und -kunst. <\/strong>Es ist ein wichtiges Museum unter den Pariser Museen.Frankreich hat eine bedeutende Geschichte und sammelte viele <strong>Uniformen, Waffen, Zeichnungen, Gem\u00e4lde und Alltagsgegenst\u00e4nde<\/strong>, die diese Geschichte von der Vorgeschichte bis heute illustrieren.Hier finden Sie alle Informationen \u00fcber das Armeemuseum in Paris, einschlie\u00dflich der Ausstellungsh\u00f6hepunkte, der Geschichte, der <a href=\"#tve-jump-18a4b1fdf95\" jump-animation=\"smooth\" style=\"outline: none;\">Eintrittskarten<\/a>, der F\u00fchrungen und hilfreicher Informationen \u00fcber die Anreise.<\/p>\n<h2 id=\"t-1612273150004\">Was kann ich im Armeemuseum in Paris unternehmen?<\/h2>\n<p><span><img decoding=\"async\" alt=\"\" data-id=\"4858\" width=\"702\" data-init-width=\"1000\" height=\"469\" data-init-height=\"668\" title=\"alexandre III bridge &amp; military museum in paris france\" src=\"https:\/\/paristouristinformation.fr\/de\/\/wp-content\/uploads\/2020\/12\/alexandre-III-bridge-military-museum-in-paris-france.jpg\" data-width=\"702\" data-height=\"469\" data-pinpro-key=\"kix05yxvw\" loading=\"lazy\" style=\"aspect-ratio: auto 1000 \/ 668;\"><\/span><\/p>\n<p>Als <strong>eines der gr\u00f6\u00dften Waffenmuseen der Welt<\/strong> beherbergt das Mus\u00e9e de l&#8217;Arm\u00e9e eine umfangreiche Sammlung zur Milit\u00e4rgeschichte Frankreichs.Die Best\u00e4nde des Museums umfassen \u00fcber 500.000 Objekte, die einen Zeitraum von der Vorgeschichte bis zur Gegenwart abdecken.Auf einer Fl\u00e4che von rund 8000 Quadratmetern k\u00f6nnen die Besucher die thematisch gegliederten Ausstellungsr\u00e4ume erkunden und milit\u00e4rische Exponate wie <strong>Waffen, R\u00fcstungen, Uniformen, Fotografien, Gem\u00e4lde und pers\u00f6nliche Gegenst\u00e4nde <\/strong>von bedeutenden Pers\u00f6nlichkeiten wie Ludwig XIV. und Charles de Gaulle sehen.Das Highlight des Museums ist die <strong>Sammlung alter Waffen und R\u00fcstungen<\/strong>, die drittgr\u00f6\u00dfte Sammlung der Welt, sowie einzigartige Artilleriemodelle. Ebenfalls sehenswert ist das &#8222;Charles de Gaulle Monument&#8220;, ein interaktiver Multimediaraum, der dem franz\u00f6sischen Pr\u00e4sidenten Charles de Gaulle gewidmet ist.Das Herzst\u00fcck ist jedoch der D\u00f4me des Invalides mit dem Grabmal von Napoleon I. Zusammen mit dem Museum ist er Teil des Geb\u00e4udekomplexes Les Invalides und geh\u00f6rt zu den beliebtesten <a href=\"https:\/\/paristouristinformation.fr\/de\/attraktionen\/\"><strong>Attraktionen in Paris<\/strong><\/a><em><strong>.<\/strong><\/em><\/p>\n<p><b>Das Museum kann in folgende Ausstellungsbereiche unterteilt werden:<\/b><\/p>\n<ul>\n<li>Haupthof und die Artilleriesammlungen<\/li>\n<li>Alte Abteilung, alte R\u00fcstungen und Waffen, 13. bis 17.<\/li>\n<li>Moderne Abteilung, von Ludwig XIV. bis Napoleon III., 1643 &#8211; 1870<\/li>\n<li>Besondere Ausstellungsr\u00e4ume<\/li>\n<li>D\u00f4me des Invalides, Grabmal von Napoleon I.<\/li>\n<li>Zeitgen\u00f6ssische Abteilung, die beiden Weltkriege, 1871-1945<\/li>\n<li>The Charles de Gaulle Monument<\/li>\n<li>Kathedrale Saint-Louis des Invalides<\/li>\n<\/ul>\n<h3>Tempor\u00e4re Ausstellungen<\/h3>\n<p>Zweimal im Jahr, im Fr\u00fchjahr und im Herbst, wird das Programm des Museums durch eine bemerkenswerte kulturhistorische Ausstellung bereichert. Einen aktuellen \u00dcberblick \u00fcber die Wechselausstellungen finden Sie auf der offiziellen <a href=\"https:\/\/www.musee-armee.fr\/en\/programme.html\" target=\"_blank\" rel=\"noopener nofollow\"><strong>Webseite des Armeemuseums<\/strong><\/a><em><strong>.<\/strong><\/em><\/p>\n<h3>Konzerte<\/h3>\n<p>Im Mus\u00e9e de l&#8217;Arm\u00e9e finden mehrmals im Jahr klassische Konzerte statt. Ber\u00fchmte Ensembles wie das Symphonieorchester der Republikanischen Garde, der Chor der franz\u00f6sischen Armee, das Harmonieorchester der Luftwaffe oder das Orchester des Pariser Konservatoriums werden vorrangig pr\u00e4sentiert.&nbsp;<\/p>\n<h3>Kino im Museum<\/h3>\n<p>Im Auditorium des Museums finden regelm\u00e4\u00dfig kostenlose Filmvorf\u00fchrungen statt.&nbsp;<\/p>\n<h3>Veranstaltungen &amp; Vorlesungen<\/h3>\n<p>Im Rahmen des Kulturprogramms werden im Armeemuseum eine Reihe von Veranstaltungen und Vortr\u00e4gen angeboten. Der Eintritt zu diesen Veranstaltungen ist frei, aber eine Reservierung ist erforderlich.&nbsp;<\/p>\n<h3>Buchhandlung<\/h3>\n<p>Im Empfangsbereich des Eingangs am Place Vauban befindet sich eine Buchhandlung, die Souvenirs und Postkarten sowie eine gro\u00dfe Auswahl an B\u00fcchern \u00fcber die Sammlungen des Mus\u00e9e de l&#8217;Arm\u00e9e verkauft.<\/p>\n<h3>Cafe im Museum<\/h3>\n<p>Das Caf\u00e9-Restaurant &#8222;Le carr\u00e9 des Invalides&#8220; am Eingang zur Place Vauban bietet den Besuchern die M\u00f6glichkeit, sich zu entspannen und in angenehmer Atmosph\u00e4re zu essen.<\/p>\n<h3 style=\"\"><span data-attr-link=\"1\" data-attr-rel=\"0\" data-attr-target=\"0\" data-extra_key=\"\" data-option-inline=\"1\" data-shortcode=\"tcb_post_title\" data-shortcode-name=\"Post title\" data-attr-css=\"\" style=\"\" data-attr-static-link=\"{&quot;className&quot;:&quot;&quot;,&quot;href&quot;:&quot;https:\/\/www.paristouristinformation.fr\/de\/einkaufen\/einkaufszentrum\/&quot;,&quot;title&quot;:&quot;10 besten Einkaufszentren in Paris&quot;,&quot;class&quot;:&quot;&quot;}\"><a href=\"https:\/\/www.paristouristinformation.fr\/de\/einkaufen\/einkaufszentrum\/\" title=\"10 besten Einkaufszentren in Paris\" data-css=\"\">10 besten Einkaufszentren in Paris<\/a><\/span><\/h3>\n<h3 style=\"\"><span data-attr-link=\"1\" data-attr-rel=\"0\" data-attr-target=\"0\" data-extra_key=\"\" data-option-inline=\"1\" data-shortcode=\"tcb_post_title\" data-shortcode-name=\"Post title\" data-attr-css=\"\" style=\"\" data-attr-static-link=\"{&quot;className&quot;:&quot;&quot;,&quot;href&quot;:&quot;https:\/\/www.paristouristinformation.fr\/de\/einkaufen\/einkaufszentrum\/&quot;,&quot;title&quot;:&quot;10 besten Einkaufszentren in Paris&quot;,&quot;class&quot;:&quot;&quot;}\"><a href=\"https:\/\/www.paristouristinformation.fr\/de\/kostenlos\/\" title=\"Top 10 kostenlose Attraktionen in Paris\" data-css=\"\">Top 10 kostenlose Attraktionen in Paris<\/a><\/span><\/h3>\n<h2 id=\"t-1612273150005\">Eintritt, Eintrittskarten und F\u00fchrungen<\/h2>\n<p><span><img decoding=\"async\" alt=\"\" data-id=\"4860\" width=\"702\" data-init-width=\"1000\" height=\"468\" data-init-height=\"667\" title=\"military museum interior in paris in france\" src=\"https:\/\/paristouristinformation.fr\/de\/\/wp-content\/uploads\/2020\/12\/military-museum-interior-in-paris-in-france.jpg\" data-width=\"702\" data-height=\"468\" data-pinpro-key=\"6kp57uydj\" loading=\"lazy\" style=\"aspect-ratio: auto 1000 \/ 667;\"><\/span><\/p>\n<ul>\n<li><span style=\"\"><strong>Eintritt:&nbsp;<\/strong>F\u00fcr Besucher unter 18 Jahren ist der Eintritt frei.<\/span><\/li>\n<li style=\"\"><span style=\"\" id=\"tve-jump-18a4b1fdf95\"><strong>Museums-Tickets: <\/strong><a href=\"https:\/\/www.tiqets.com\/de\/paris-sehenswuerdigkeiten-c66746\/tickets-fur-musee-de-l-armee-les-invalides-bevorzugter-einlass-p974519\/?partner=checkfortrip\" target=\"_blank\" rel=\"nofollow noopener\">Holen Sie sich Ihr Ticket f\u00fcr das Armeemuseum in Paris im Voraus online.<\/a> Mit dem Museumsticket haben Sie Zugang zu den st\u00e4ndigen Sammlungen, der Kuppelkirche, dem Grabmal von Napoleon I. und der tempor\u00e4ren Ausstellung sowie dem Museum des Ordens der Befreiung und dem Museum der Reliefkarten.<\/span><\/li>\n<li><span style=\"\"><strong>Konzertkarten: <\/strong>Besucher, die ein Konzert im Museum besuchen m\u00f6chten, m\u00fcssen eine separate Eintrittskarte kaufen.<\/span><\/li>\n<li><span style=\"\"><strong>F\u00fchrungen: <\/strong>Besucher, die mehr \u00fcber die Ausstellungen des Armeemuseums und die Geschichte Frankreichs erfahren m\u00f6chten, k\u00f6nnen an einer der verschiedenen thematischen F\u00fchrungen teilnehmen.<\/span><\/li>\n<\/ul>\n<ul>\n<li><span style=\"\">Um Zeit und Geld zu sparen und Stress zu vermeiden, k\u00f6nnen Sie Ihre Reise vorbereiten, indem Sie alle ben\u00f6tigten Online-Tickets im Voraus in unserem offiziellen <a href=\"https:\/\/paristouristinformation.fr\/de\/touren-and-tickets\/\" style=\"outline: none;\"><strong>Paris Tickets Shop<\/strong><\/a> kaufen.<\/span><\/li>\n<\/ul>\n<p>__CONFIG_colors_palette__{&#8222;active_palette&#8220;:0,&#8220;config&#8220;:{&#8222;colors&#8220;:{&#8222;f8570&#8220;:{&#8222;name&#8220;:&#8220;Main Accent&#8220;,&#8220;parent&#8220;:-1}},&#8220;gradients&#8220;:[]},&#8220;palettes&#8220;:[{&#8222;name&#8220;:&#8220;Default Palette&#8220;,&#8220;value&#8220;:{&#8222;colors&#8220;:{&#8222;f8570&#8220;:{&#8222;val&#8220;:&#8220;var(&#8211;tcb-skin-color-0)&#8220;}},&#8220;gradients&#8220;:[]},&#8220;original&#8220;:{&#8222;colors&#8220;:{&#8222;f8570&#8220;:{&#8222;val&#8220;:&#8220;rgb(19, 114, 211)&#8220;,&#8220;hsl&#8220;:{&#8222;h&#8220;:210,&#8220;s&#8220;:0.83,&#8220;l&#8220;:0.45}}},&#8220;gradients&#8220;:[]}}]}__CONFIG_colors_palette__ <a href=\"https:\/\/paristouristinformation.fr\/de\/touren-and-tickets\/\" target=\"_blank\" rel=\"noopener\"> <span><span style=\"\">Tickets f\u00fcr die wichtigsten Sehensw\u00fcrdigkeiten in Paris finden Sie in unserem Ticketshop&nbsp;<\/span><\/span> <\/a> <\/p>\n<h2 id=\"t-1612273150006\">Wie erreiche ich das Armeemuseum in Paris?<\/h2>\n<p><span><img decoding=\"async\" alt=\"\" data-id=\"4857\" width=\"702\" data-init-width=\"1000\" height=\"477\" data-init-height=\"680\" title=\"canons in military museum in paris in france\" src=\"https:\/\/paristouristinformation.fr\/de\/\/wp-content\/uploads\/2020\/12\/canons-in-military-museum-in-paris-in-france.jpg\" data-width=\"702\" data-height=\"477\" data-pinpro-key=\"1wvp82ofb\" loading=\"lazy\" style=\"aspect-ratio: auto 1000 \/ 680;\"><\/span><\/p>\n<p>Das Armeemuseum von Paris befindet sich im Geb\u00e4udekomplex des <strong>H\u00f4tel national des Invalides <\/strong>im 7. Arrondissement von Paris.Der einfachste Weg dorthin ist <strong>mit dem Bus <\/strong>82 oder 92 bis zur Haltestelle &#8222;Vauban &#8211; H\u00f4tel des Invalides&#8220; und dem Eingang am Place Vauban.Alternativ k\u00f6nnen Sie die <strong>Metro <\/strong>8 bis zur Station &#8222;La Tour-Maubourg&#8220; nehmen und 5 Minuten bis zum Eingang an der Esplanade des Invalides laufen.<\/p>\n<h2 id=\"t-1612273150007\">FAQ<\/h2>\n<h2 id=\"t-1612273150008\">Geschichte des Armeemuseums in Paris<\/h2>\n<p><span><img decoding=\"async\" alt=\"\" data-id=\"4863\" width=\"702\" data-init-width=\"1000\" height=\"468\" data-init-height=\"667\" title=\"Napoleon Bonaparte at Military Museum in paris kopya\" src=\"https:\/\/paristouristinformation.fr\/de\/\/wp-content\/uploads\/2020\/12\/Napoleon-Bonaparte-at-Military-Museum-in-paris-kopya.jpg\" data-width=\"702\" data-height=\"468\" style=\"aspect-ratio: auto 1000 \/ 667;\" data-pinpro-key=\"0fc21gtfz\" loading=\"lazy\"><\/span><\/p>\n<p>Das Mus\u00e9e de l&#8217;Arm\u00e9e wurde 1905 im H\u00f4tel national des Invalides er\u00f6ffnet.Die Gr\u00fcndung des Armeemuseums geht auf die Fusion der beiden milit\u00e4rhistorischen Museen Mus\u00e9e d&#8217;Artillerie (1795 gegr\u00fcndet) und Mus\u00e9e Historique de l&#8217;Arm\u00e9e (1897 gegr\u00fcndet) zur\u00fcck.Mit seinen umfangreichen Sammlungen und seinem vielf\u00e4ltigen Kulturprogramm ist das Armeemuseum heute eines der meistbesuchten Museen in Paris.<\/p>\n<h2 id=\"t-1612273150009\">Kontakt &amp; Karte<\/h2>\n<ul>\n<li><span style=\"\"><strong>Adresse:&nbsp;<\/strong>H\u00f4tel national des Invalides 129 rue de Grenelle, 75007 Paris<\/span><\/li>\n<li><span style=\"\"><strong>\u00d6ffnungszeiten: <\/strong>T\u00e4glich von 10:00 bis 18:00 Uhr.<\/span><\/li>\n<li><span style=\"\"><strong>\u00d6ffentliche Verkehrsmittel:<\/strong> Bus 82 oder 92 bis &#8222;Vauban &#8211; H\u00f4tel des Invalides&#8220;<\/span><\/li>\n<li style=\"\"><span style=\"\"><strong>Webseite:&nbsp;<a href=\"https:\/\/www.musee-armee.fr\/en\/english-version.html\" style=\"outline: none;\" rel=\"nofollow noopener\" target=\"_blank\">www.musee-armee.fr\/en<\/a>&nbsp;<\/strong><\/span><\/li>\n<\/ul>\n<ul>\n<li><span style=\"\">Planen Sie Ihre Reise nach Paris? Wir haben f\u00fcr Sie eine Liste mit den <a href=\"https:\/\/paristouristinformation.fr\/de\/sehenswurdigkeiten\/museum\/\" style=\"outline: none;\"><strong>30 besten Museen in Paris<\/strong> <\/a>zusammengestellt.<\/span><\/li>\n<\/ul>\n<p>__CONFIG_colors_palette__{&#8222;active_palette&#8220;:0,&#8220;config&#8220;:{&#8222;colors&#8220;:{&#8222;50ce5&#8220;:{&#8222;name&#8220;:&#8220;Main Accent&#8220;,&#8220;parent&#8220;:-1}},&#8220;gradients&#8220;:[]},&#8220;palettes&#8220;:[{&#8222;name&#8220;:&#8220;Default Palette&#8220;,&#8220;value&#8220;:{&#8222;colors&#8220;:{&#8222;50ce5&#8220;:{&#8222;val&#8220;:&#8220;var(&#8211;tcb-skin-color-0)&#8220;}},&#8220;gradients&#8220;:[]},&#8220;original&#8220;:{&#8222;colors&#8220;:{&#8222;50ce5&#8220;:{&#8222;val&#8220;:&#8220;rgb(19, 114, 211)&#8220;,&#8220;hsl&#8220;:{&#8222;h&#8220;:210,&#8220;s&#8220;:0.83,&#8220;l&#8220;:0.45,&#8220;a&#8220;:1}}},&#8220;gradients&#8220;:[]}}]}__CONFIG_colors_palette__ <a href=\"https:\/\/paristouristinformation.fr\/de\/\/de\/things-to-do\/museum\/\"> <span><span>Weitere sehenswerte Museen in Paris<\/span><\/span> <\/a> <\/p>\n<h2 style=\"\" id=\"t-1640526317676\">Verwandte Artikel:<\/h2>\n<p><a href=\"https:\/\/www.paristouristinformation.fr\/de\/sehenswurdigkeiten\/museum\/louvre\/\" dynamic-postlink=\"tcb_post_the_permalink\" data-shortcode-id=\"4203\"><\/a><\/p>\n<h3 style=\"text-align: center; padding-top: 0px !important; margin-top: 0px !important;\"><span data-attr-link=\"1\" data-attr-rel=\"0\" data-attr-target=\"0\" data-extra_key=\"\" data-option-inline=\"1\" data-shortcode=\"tcb_post_title\" data-shortcode-name=\"Post title\" data-attr-css=\"\" data-attr-static-link=\"{&quot;className&quot;:&quot;&quot;,&quot;href&quot;:&quot;https:\/\/www.paristouristinformation.fr\/de\/sehenswurdigkeiten\/museum\/louvre\/&quot;,&quot;title&quot;:&quot;Louvre Museum | Tickets &amp; F\u00fchrungen, Infos &amp; Tipps&quot;,&quot;class&quot;:&quot;&quot;}\" style=\"\"><a href=\"https:\/\/www.paristouristinformation.fr\/de\/sehenswurdigkeiten\/museum\/louvre\/\" title=\"Louvre Museum | Tickets &amp; F\u00fchrungen, Infos &amp; Tipps\" data-css=\"\">Louvre Museum | Tickets &amp; F\u00fchrungen, Infos &amp; Tipps<\/a><\/span><\/h3>\n<p><a href=\"https:\/\/www.paristouristinformation.fr\/de\/sehenswurdigkeiten\/museum\/museum-jacquemart-andre\/\" dynamic-postlink=\"tcb_post_the_permalink\" data-shortcode-id=\"4203\"><\/a><\/p>\n<h3 style=\"text-align: center; padding-top: 0px !important; margin-top: 0px !important;\"><span data-attr-link=\"1\" data-attr-rel=\"0\" data-attr-target=\"0\" data-extra_key=\"\" data-option-inline=\"1\" data-shortcode=\"tcb_post_title\" data-shortcode-name=\"Post title\" data-attr-css=\"\" data-attr-static-link=\"{&quot;className&quot;:&quot;&quot;,&quot;href&quot;:&quot;https:\/\/www.paristouristinformation.fr\/de\/sehenswurdigkeiten\/museum\/louvre\/&quot;,&quot;title&quot;:&quot;Louvre Museum | Tickets &amp; F\u00fchrungen, Infos &amp; Tipps&quot;,&quot;class&quot;:&quot;&quot;}\" style=\"\"><a href=\"https:\/\/www.paristouristinformation.fr\/de\/sehenswurdigkeiten\/museum\/museum-jacquemart-andre\/\" title=\"Museum Jacquemart Andre in Paris | Infos &amp; Tickets\" data-css=\"\">Museum Jacquemart Andre in Paris | Infos &amp; Tickets<\/a><\/span><\/h3>\n<p><a href=\"https:\/\/www.paristouristinformation.fr\/de\/attraktionen\/arc-de-triomphe\/\" dynamic-postlink=\"tcb_post_the_permalink\" data-shortcode-id=\"4203\"><\/a><\/p>\n<h3 style=\"text-align: center; padding-top: 0px !important; margin-top: 0px !important;\"><span data-attr-link=\"1\" data-attr-rel=\"0\" data-attr-target=\"0\" data-extra_key=\"\" data-option-inline=\"1\" data-shortcode=\"tcb_post_title\" data-shortcode-name=\"Post title\" data-attr-css=\"\" data-attr-static-link=\"{&quot;className&quot;:&quot;&quot;,&quot;href&quot;:&quot;https:\/\/www.paristouristinformation.fr\/de\/sehenswurdigkeiten\/museum\/louvre\/&quot;,&quot;title&quot;:&quot;Louvre Museum | Tickets &amp; F\u00fchrungen, Infos &amp; Tipps&quot;,&quot;class&quot;:&quot;&quot;}\" style=\"\"><a href=\"https:\/\/www.paristouristinformation.fr\/de\/attraktionen\/arc-de-triomphe\/\" title=\"Arc de Triomphe de l\u2019\u00c9toile: Tickets, Tipps &amp; Infos\" data-css=\"\">Arc de Triomphe de l\u2019\u00c9toile: Tickets, Tipps &amp; Infos<\/a><\/span><\/h3>\n","protected":false},"excerpt":{"rendered":"<p>Das Armeemuseum, auf Franz\u00f6sisch &#8222;Mus\u00e9e de l&#8217;Arm\u00e9e&#8220;, ist das nationale Milit\u00e4rmuseum Frankreichs. Es befindet sich im wundersch\u00f6nen H\u00f4tel national des Invalides und beherbergt eine der weltweit gr\u00f6\u00dften Sammlungen zur Milit\u00e4rgeschichte und -kunst. Es ist ein wichtiges Museum unter den Pariser Museen.Frankreich hat eine bedeutende Geschichte und sammelte viele Uniformen, Waffen, Zeichnungen, Gem\u00e4lde und Alltagsgegenst\u00e4nde, die [&hellip;]<\/p>\n","protected":false},"author":9,"featured_media":6676,"parent":68,"menu_order":0,"comment_status":"closed","ping_status":"closed","template":"","meta":{"footnotes":""},"tags":[],"class_list":["post-3384","page","type-page","status-publish","has-post-thumbnail","hentry","post-wrapper","thrv_wrapper"],"wp-worthy-pixel":{"ignored":false,"public":"9bd471e1fb0740b3ad73f161551bd2ff","server":"vg06.met.vgwort.de","url":"https:\/\/vg06.met.vgwort.de\/na\/9bd471e1fb0740b3ad73f161551bd2ff"},"wp-worthy-type":"normal","_links":{"self":[{"href":"https:\/\/www.paristouristinformation.fr\/de\/wp-json\/wp\/v2\/pages\/3384","targetHints":{"allow":["GET"]}}],"collection":[{"href":"https:\/\/www.paristouristinformation.fr\/de\/wp-json\/wp\/v2\/pages"}],"about":[{"href":"https:\/\/www.paristouristinformation.fr\/de\/wp-json\/wp\/v2\/types\/page"}],"author":[{"embeddable":true,"href":"https:\/\/www.paristouristinformation.fr\/de\/wp-json\/wp\/v2\/users\/9"}],"replies":[{"embeddable":true,"href":"https:\/\/www.paristouristinformation.fr\/de\/wp-json\/wp\/v2\/comments?post=3384"}],"version-history":[{"count":0,"href":"https:\/\/www.paristouristinformation.fr\/de\/wp-json\/wp\/v2\/pages\/3384\/revisions"}],"up":[{"embeddable":true,"href":"https:\/\/www.paristouristinformation.fr\/de\/wp-json\/wp\/v2\/pages\/68"}],"wp:featuredmedia":[{"embeddable":true,"href":"https:\/\/www.paristouristinformation.fr\/de\/wp-json\/wp\/v2\/media\/6676"}],"wp:attachment":[{"href":"https:\/\/www.paristouristinformation.fr\/de\/wp-json\/wp\/v2\/media?parent=3384"}],"wp:term":[{"taxonomy":"post_tag","embeddable":true,"href":"https:\/\/www.paristouristinformation.fr\/de\/wp-json\/wp\/v2\/tags?post=3384"}],"curies":[{"name":"wp","href":"https:\/\/api.w.org\/{rel}","templated":true}]}}