{"id":3423,"date":"2023-01-04T01:41:00","date_gmt":"2023-01-04T01:41:00","guid":{"rendered":"https:\/\/paristouristinformation.fr\/de\/\/?page_id=3423"},"modified":"2023-05-15T13:11:00","modified_gmt":"2023-05-15T13:11:00","slug":"musee-des-arts-et-metiers","status":"publish","type":"page","link":"https:\/\/www.paristouristinformation.fr\/de\/sehenswurdigkeiten\/museum\/musee-des-arts-et-metiers\/","title":{"rendered":"Mus\u00e9e des Arts et M\u00e9tiers in Paris | Infos, Tipps &#038; Tickets"},"content":{"rendered":"<p>Paris ist als eine Stadt bekannt, in der die Beherrschung von Techniken einen besonderen Raum erh\u00e4lt, um sich offen zu \u00e4u\u00dfern. Deshalb wurde ein Museum gegr\u00fcndet, das all diese unglaublichen Arbeiten sammelt.Das Mus\u00e9e des Arts et M\u00e9tiers in Paris (Museum f\u00fcr Kunst und Kunsthandwerk) beherbergt eine <strong>beeindruckende Sammlung wissenschaftlicher Erfindungen und technischer Objekte aus sieben Bereichen<\/strong>, die Sie in diesem Artikel kennenlernen werden. Es ist definitiv eines der Museen in Paris, die man gesehen haben muss, wenn man sich f\u00fcr Erfindungen, Wissenschaft und Handwerk interessiert.Damit Sie diesen Besuch so richtig genie\u00dfen k\u00f6nnen, haben wir einen <strong>vollst\u00e4ndigen \u00dcberblick<\/strong> \u00fcber das Mus\u00e9e des Arts et M\u00e9tiers in Paris erstellt, einschlie\u00dflich der Ausstellungshighlights, der Geschichte, der Eintrittskarten, der F\u00fchrungen und hilfreicher Informationen \u00fcber die Anreise. Los geht&#8217;s!<\/p>\n<h2 id=\"t-1612259928432\">Was kann ich im Mus\u00e9e des Arts et M\u00e9tiers unternehmen?<\/h2>\n<p>Das Mus\u00e9e des Arts et M\u00e9tiers ist im ehemaligen Kloster von Saint-Martin-des-Champs und den angrenzenden Geb\u00e4uden untergebracht. Die Best\u00e4nde des Museums umfassen rund 80 000 Exponate.Auf drei Etagen kann der Besucher einen Schatz interessanter Erfindungen entdecken, die gr\u00f6\u00dftenteils aus dem 18., 19. und 20. Jahrhundert stammen.<\/p>\n<h3>Dauerausstellung<\/h3>\n<p><span><img decoding=\"async\" alt=\"\" data-id=\"4879\" width=\"702\" data-init-width=\"1000\" height=\"527\" data-init-height=\"750\" title=\"a piece arts and metiers museum in paris\" src=\"https:\/\/paristouristinformation.fr\/de\/\/wp-content\/uploads\/2020\/12\/a-piece-arts-and-metiers-museum-in-paris.jpg\" data-width=\"702\" data-height=\"527\" data-pinpro-key=\"e0z65xtpw\" loading=\"lazy\"><\/span><\/p>\n<p>Mehr als <strong>2400 Erfindungen und Instrumente<\/strong> wissenschaftlicher und technischer Art werden in der Dauerausstellung pr\u00e4sentiert. Die Sammlung, die sowohl zahlreiche Originalobjekte als auch perfekte Repliken umfasst, ist chronologisch geordnet.Zu den bemerkenswertesten Exponaten geh\u00f6ren das Original des Foucaultschen Pendels, Pascals Rechenmaschine aus dem 18. Jahrhundert, eine kleinere Version der Freiheitsstatue, das Flugzeug des Flugpioniers Bl\u00e9riot und das mit einer Dampfturbine angetriebene Fahrzeug von Cugnot &#8211; das erste motorisierte Fahrzeug.<\/p>\n<p><strong>Die Dauerausstellung des Museums ist in die folgenden 7 Sammlungen unterteilt:<\/strong><\/p>\n<ul>\n<li>Wissenschaftliche Instrumente<\/li>\n<li>Materialien<\/li>\n<li>Energie<\/li>\n<li>Energie<\/li>\n<li>Bauwesen<\/li>\n<li>Kommunikation<\/li>\n<li>Transport<\/li>\n<\/ul>\n<h3>Tempor\u00e4re Ausstellungen<\/h3>\n<p>Die Sammlung des Museums wird regelm\u00e4\u00dfig durch Wechselausstellungen bereichert. Eine aktuelle \u00dcbersicht finden Sie auf der <a href=\"https:\/\/www.arts-et-metiers.net\/\" target=\"_blank\" rel=\"noopener nofollow\"><strong>offiziellen Webseite des Arts et M\u00e9tiers Museum.<\/strong><\/a><\/p>\n<h3>Aktivit\u00e4ten f\u00fcr Kinder<\/h3>\n<p>Das Mus\u00e9e des Arts et M\u00e9tiers ist ideal f\u00fcr Familien mit Kindern, denn die Sammlung wird Gro\u00df und Klein begeistern. An der Rezeption gibt es ein <strong>kostenloses Museumsquiz f\u00fcr Kinder <\/strong>sowie einen <strong>Audioguide f\u00fcr Besucher von 7 bis 12 Jahren<\/strong>, der Kinder spielerisch in die Dauerausstellung einf\u00fchrt.Das Museum bietet auch <strong>p\u00e4dagogische Workshops<\/strong> f\u00fcr Familien und Kinder ab 4 Jahren an. Zum Repertoire des Museums geh\u00f6ren auch Familienf\u00fchrungen, die Erwachsene und Kinder zur Erforschung von Themen wie Fotografie, Verkehr, optisches Spielzeug, bewegte Bilder und Elektrizit\u00e4t anregen.<\/p>\n<h3>Aktivit\u00e4ten f\u00fcr Besucher<\/h3>\n<p>Das Museum bietet eine Vielzahl von Aktivit\u00e4ten f\u00fcr seine Besucher an. Dazu geh\u00f6ren Workshops, gef\u00fchrte Besichtigungen von Sonderausstellungen oder Vorf\u00fchrungen durch wissenschaftliche Interpreten. \u00dcber die neuesten Aktivit\u00e4ten k\u00f6nnen Sie sich auf der offiziellen Website des Museums informieren.<\/p>\n<ul>\n<li><span style=\"\">Planen Sie Ihre Reise nach Paris? Wir haben f\u00fcr Sie eine Liste mit den <a href=\"https:\/\/paristouristinformation.fr\/de\/sehenswurdigkeiten\/museum\/\" style=\"outline: none;\"><strong>30 besten Museen in Paris<\/strong><\/a> zusammengestellt.<a href=\"https:\/\/paristouristinformation.fr\/de\/\/things-to-do\/museum\/\" target=\"_blank\" style=\"outline: none;\" rel=\"noopener\"> <\/a><\/span><\/li>\n<\/ul>\n<h2 id=\"t-1612259928433\">Eintritt, Eintrittskarten und F\u00fchrungen<\/h2>\n<p><span><img decoding=\"async\" alt=\"\" data-id=\"4878\" width=\"702\" data-init-width=\"1000\" height=\"423\" data-init-height=\"602\" title=\"arts &amp; metiers entrance paris\" src=\"https:\/\/paristouristinformation.fr\/de\/\/wp-content\/uploads\/2020\/12\/arts-metiers-entrance-paris.jpg\" data-width=\"702\" data-height=\"423\" data-pinpro-key=\"muqh5i86k\" loading=\"lazy\"><\/span><\/p>\n<ul>\n<li><span style=\"\"><strong>Zutritt:<\/strong> Besucher unter 18 Jahren, EU-B\u00fcrger unter 26 Jahren, Menschen mit Behinderungen und Inhaber des Pariser Museumspasses haben freien Eintritt zur Dauerausstellung.<\/span><\/li>\n<li style=\"\"><span style=\"\"><strong>Tickets f\u00fcr die Dauerausstellung: <\/strong>Tickets f\u00fcr die Dauerausstellung und eine aktuelle \u00dcbersicht \u00fcber alle Ticketpreise finden Sie auf der <a href=\"https:\/\/www.arts-et-metiers.net\/musee\/tarifs\" target=\"_blank\" style=\"outline: none;\" rel=\"noopener nofollow\"><strong>offiziellen Webseite<\/strong><\/a><em><strong>.<\/strong><\/em><\/span><\/li>\n<li style=\"\"><span style=\"\"><strong>Tickets f\u00fcr die tempor\u00e4re Ausstellung: <\/strong>F\u00fcr die tempor\u00e4re Ausstellung ben\u00f6tigen die Besucher ein separates Ticket oder ein Kombiticket.<\/span><\/li>\n<li style=\"\"><span style=\"\"><strong>Kombinierte Eintrittskarten: <\/strong>Das Museum bietet Kombitickets an, die den Zugang zu Dauer- und Wechselausstellungen erm\u00f6glichen.<\/span><\/li>\n<li style=\"\"><span style=\"\"><strong>F\u00fchrungen: <\/strong>Familienf\u00fchrungen finden jeden Sonntag um 11.00 Uhr statt (Kinder von 7 bis 12 Jahren und ihre Eltern). Diese sind im Eintrittspreis inbegriffen. Eine vorherige Anmeldung ist jedoch erforderlich.<\/span><\/li>\n<li style=\"\"><span style=\"\"><strong>Audioguide: <\/strong>Drei verschiedene Audioguides in 8 Sprachen sind gegen eine Leihgeb\u00fchr erh\u00e4ltlich.<\/span><\/li>\n<li style=\"\"><span style=\"\"><strong>Tipp : <\/strong>Der Eintritt in das Mus\u00e9e des Arts et M\u00e9tiers ist f\u00fcr alle Besucher am ersten Sonntag des Monats und jeden Donnerstag zwischen 18.00 und 21.30 Uhr kostenlos.<\/span><\/li>\n<\/ul>\n<ul>\n<li><span style=\"\">Um Zeit und Geld zu sparen und Stress zu vermeiden, k\u00f6nnen Sie Ihre Reise vorbereiten, indem Sie alle ben\u00f6tigten Online-Tickets im Voraus in unserem offiziellen <a href=\"https:\/\/paristouristinformation.fr\/de\/touren-and-tickets\/\"><strong>Paris Tickets Shop<\/strong><\/a><em><strong>&nbsp;<\/strong><\/em>kaufen.<\/span><\/li>\n<\/ul>\n<p>__CONFIG_colors_palette__{&#8222;active_palette&#8220;:0,&#8220;config&#8220;:{&#8222;colors&#8220;:{&#8222;f8570&#8220;:{&#8222;name&#8220;:&#8220;Main Accent&#8220;,&#8220;parent&#8220;:-1}},&#8220;gradients&#8220;:[]},&#8220;palettes&#8220;:[{&#8222;name&#8220;:&#8220;Default Palette&#8220;,&#8220;value&#8220;:{&#8222;colors&#8220;:{&#8222;f8570&#8220;:{&#8222;val&#8220;:&#8220;var(&#8211;tcb-skin-color-0)&#8220;}},&#8220;gradients&#8220;:[]},&#8220;original&#8220;:{&#8222;colors&#8220;:{&#8222;f8570&#8220;:{&#8222;val&#8220;:&#8220;rgb(19, 114, 211)&#8220;,&#8220;hsl&#8220;:{&#8222;h&#8220;:210,&#8220;s&#8220;:0.83,&#8220;l&#8220;:0.45}}},&#8220;gradients&#8220;:[]}}]}__CONFIG_colors_palette__ <a href=\"https:\/\/paristouristinformation.fr\/de\/touren-and-tickets\/\" target=\"_blank\" rel=\"noopener\"> <span><span style=\"\">Zum Paris Tickets Shop&nbsp;<\/span><\/span> <\/a><\/p>\n<h2 id=\"t-1612259928434\">So erreichen Sie das Mus\u00e9e des Arts et M\u00e9tiers<\/h2>\n<p><span><img decoding=\"async\" alt=\"\" data-id=\"4875\" width=\"702\" data-init-width=\"1000\" height=\"469\" data-init-height=\"668\" title=\"metro arts metiers museum in paris\" src=\"https:\/\/paristouristinformation.fr\/de\/\/wp-content\/uploads\/2020\/12\/metro-arts-metiers-museum-in-paris.jpg\" data-width=\"702\" data-height=\"469\" data-pinpro-key=\"y6jnyoua8\" loading=\"lazy\"><\/span><\/p>\n<p>Das Mus\u00e9e des Arts et M\u00e9tiers befindet sich im 3. <a href=\"https:\/\/paristouristinformation.fr\/de\/sehenswurdigkeiten\/bezirke\/\"><strong>Arrondissement von Paris<\/strong><\/a> im Viertel &#8222;Quartier des Arts-et-M\u00e9tiers&#8220;.Wir empfehlen Ihnen, mit der <strong>Metro 3 oder 11 bis zur Station &#8222;Arts-et-M\u00e9tiers&#8220;<\/strong> zu fahren. Dies ist nicht nur der einfachste Weg, um zum Museum zu gelangen, sondern einige Exponate des Museums befinden sich auch an dieser Haltestelle. Die Metrostation &#8222;Arts-et-M\u00e9tiers&#8220; ist von dem U-Boot Nautilus aus Jules Vernes Roman &#8222;Zwanzigtausend Meilen unter dem Meer&#8220; inspiriert. Bullaugen und Verkleidungen aus Kupferplatten machen die Metrostation zu etwas ganz Besonderem.Alternativ k\u00f6nnen Sie die <strong>Buslinien 38 und 39 zum &#8222;Boulevard S\u00e9bastopol&#8220;<\/strong> oder die Buslinien 20, 47 und 38 zur &#8222;Rue R\u00e9aumur&#8220; nehmen.<\/p>\n<div class=\"tcb-post-list tve-content-list thrv_wrapper\" data-type=\"grid\" data-pagination-type=\"none\" data-pages_near_current=\"2\" data-css=\"tve-u-17706b860d3\" data-total_post_count=\"3\" data-total_sticky_count=\"0\" data-no_posts_text=\"There are no posts to display.\"><article id=\"post-4004\" class=\"post-4004 page type-page status-publish has-post-thumbnail hentry post-wrapper thrv_wrapper thrive-animated-item \" tcb_hover_state_parent=\"\" shortcode=\"tcb_post_list\" data-id=\"4004\" data-selector=\".post-wrapper\"><style class=\"tcb-post-list-dynamic-style\" type=\"text\/css\"><\/style><\/p>\n<h3><span data-attr-css=\"\" data-attr-link=\"1\" data-attr-rel=\"0\" data-attr-static-link=\"{&quot;className&quot;:&quot;tve-froala fr-basic&quot;,&quot;href&quot;:&quot;https:\/\/paristouristinformation.fr\/things-to-do\/museum\/musee-de-lorangerie\/&quot;,&quot;title&quot;:&quot;Guide to the Orangerie Museum in Paris&quot;,&quot;class&quot;:&quot;tve-froala fr-basic&quot;}\" data-attr-target=\"0\" data-extra_key=\"\" data-option-inline=\"1\" data-shortcode=\"tcb_post_title\" data-shortcode-name=\"Post title\"><a href=\"https:\/\/paristouristinformation.fr\/things-to-do\/museum\/musee-du-quai-branly\/\" title=\"Guide to Quai Branly Museum in Paris\" style=\"outline: none;\"><span data-attr-css=\"\" data-attr-link=\"1\" data-attr-rel=\"0\" data-attr-static-link=\"{&quot;className&quot;:&quot;tve-froala fr-basic&quot;,&quot;href&quot;:&quot;https:\/\/paristouristinformation.fr\/things-to-do\/museum\/musee-de-lorangerie\/&quot;,&quot;title&quot;:&quot;Guide to the Orangerie Museum in Paris&quot;,&quot;class&quot;:&quot;tve-froala fr-basic&quot;}\" data-attr-target=\"0\" data-extra_key=\"\" data-option-inline=\"1\" data-shortcode=\"tcb_post_title\" data-shortcode-name=\"Post title\"><\/span><\/a><a href=\"https:\/\/paristouristinformation.fr\/things-to-do\/museum\/musee-de-lorangerie\/\" title=\"Guide to the Orangerie Museum in Paris: Tickets &amp; Exhibitions\" style=\"outline: none;\">F\u00fchrer zum Museum Quai Branly in Paris<\/a><\/span><\/h3>\n<p><\/article><article id=\"post-4015\" class=\"post-4015 page type-page status-publish has-post-thumbnail hentry post-wrapper thrv_wrapper thrive-animated-item \" tcb_hover_state_parent=\"\" shortcode=\"tcb_post_list\" data-id=\"4015\" data-selector=\".post-wrapper\"><style class=\"tcb-post-list-dynamic-style\" type=\"text\/css\"><\/style><\/p>\n<h3><span data-attr-css=\"\" data-attr-link=\"1\" data-attr-rel=\"0\" data-attr-static-link=\"{&quot;className&quot;:&quot;tve-froala fr-basic&quot;,&quot;href&quot;:&quot;https:\/\/paristouristinformation.fr\/things-to-do\/museum\/musee-de-lorangerie\/&quot;,&quot;title&quot;:&quot;Guide to the Orangerie Museum in Paris&quot;,&quot;class&quot;:&quot;tve-froala fr-basic&quot;}\" data-attr-target=\"0\" data-extra_key=\"\" data-option-inline=\"1\" data-shortcode=\"tcb_post_title\" data-shortcode-name=\"Post title\"><a href=\"https:\/\/paristouristinformation.fr\/things-to-do\/museum\/musee-du-quai-branly\/\" title=\"Guide to Quai Branly Museum in Paris\" style=\"outline: none;\"><span data-attr-css=\"\" data-attr-link=\"1\" data-attr-rel=\"0\" data-attr-static-link=\"{&quot;className&quot;:&quot;tve-froala fr-basic&quot;,&quot;href&quot;:&quot;https:\/\/paristouristinformation.fr\/things-to-do\/museum\/musee-de-lorangerie\/&quot;,&quot;title&quot;:&quot;Guide to the Orangerie Museum in Paris&quot;,&quot;class&quot;:&quot;tve-froala fr-basic&quot;}\" data-attr-target=\"0\" data-extra_key=\"\" data-option-inline=\"1\" data-shortcode=\"tcb_post_title\" data-shortcode-name=\"Post title\"><\/span><\/a><a href=\"https:\/\/paristouristinformation.fr\/things-to-do\/museum\/musee-de-lorangerie\/\" title=\"Guide to the Orangerie Museum in Paris: Tickets &amp; Exhibitions\" style=\"outline: none;\">F\u00fchrer zum Museum Quai Branly in Paris<\/a><\/span><\/h3>\n<p><\/article><article id=\"post-3461\" class=\"post-3461 page type-page status-publish has-post-thumbnail hentry post-wrapper thrv_wrapper thrive-animated-item \" tcb_hover_state_parent=\"\" shortcode=\"tcb_post_list\" data-id=\"3461\" data-selector=\".post-wrapper\"><style class=\"tcb-post-list-dynamic-style\" type=\"text\/css\"><\/style><\/p>\n<h3><span data-attr-css=\"\" data-attr-link=\"1\" data-attr-rel=\"0\" data-attr-static-link=\"{&quot;className&quot;:&quot;tve-froala fr-basic&quot;,&quot;href&quot;:&quot;https:\/\/paristouristinformation.fr\/things-to-do\/museum\/musee-de-lorangerie\/&quot;,&quot;title&quot;:&quot;Guide to the Orangerie Museum in Paris&quot;,&quot;class&quot;:&quot;tve-froala fr-basic&quot;}\" data-attr-target=\"0\" data-extra_key=\"\" data-option-inline=\"1\" data-shortcode=\"tcb_post_title\" data-shortcode-name=\"Post title\"><a href=\"https:\/\/paristouristinformation.fr\/things-to-do\/museum\/musee-du-quai-branly\/\" title=\"Guide to Quai Branly Museum in Paris\" style=\"outline: none;\"><span data-attr-css=\"\" data-attr-link=\"1\" data-attr-rel=\"0\" data-attr-static-link=\"{&quot;className&quot;:&quot;tve-froala fr-basic&quot;,&quot;href&quot;:&quot;https:\/\/paristouristinformation.fr\/things-to-do\/museum\/musee-de-lorangerie\/&quot;,&quot;title&quot;:&quot;Guide to the Orangerie Museum in Paris&quot;,&quot;class&quot;:&quot;tve-froala fr-basic&quot;}\" data-attr-target=\"0\" data-extra_key=\"\" data-option-inline=\"1\" data-shortcode=\"tcb_post_title\" data-shortcode-name=\"Post title\"><\/span><\/a><a href=\"https:\/\/paristouristinformation.fr\/things-to-do\/museum\/musee-de-lorangerie\/\" title=\"Guide to the Orangerie Museum in Paris: Tickets &amp; Exhibitions\" style=\"outline: none;\">F\u00fchrer zum Museum Quai Branly in Paris<\/a><\/span><\/h3>\n<p><\/article><\/div>\n<h2 id=\"t-1612259928435\">FAQ<\/h2>\n<h2 id=\"t-1612259928436\">Geschichte des Mus\u00e9e des Arts et M\u00e9tiers<\/h2>\n<p><span><img decoding=\"async\" alt=\"\" data-id=\"4877\" width=\"702\" data-init-width=\"1000\" height=\"388\" data-init-height=\"554\" title=\"the backdoor arts metiers museum paris kopya\" src=\"https:\/\/paristouristinformation.fr\/de\/\/wp-content\/uploads\/2020\/12\/the-backdoor-arts-metiers-museum-paris-kopya.jpg\" data-width=\"702\" data-height=\"388\" data-pinpro-key=\"naj2hriwl\" loading=\"lazy\"><\/span><\/p>\n<p>Das Mus\u00e9e des Arts et M\u00e9tiers befindet sich in den historischen R\u00e4umlichkeiten des ehemaligen Klosters Saint-Martin-des-Champs und den angrenzenden Geb\u00e4uden.Seine Urspr\u00fcnge gehen auf das 1794 von Abbot Gr\u00e9goire gegr\u00fcndete <strong>Conservatoire national des arts et m\u00e9tiers<\/strong> zur\u00fcck. Diese Einrichtung wurde als Aufbewahrungsort f\u00fcr wissenschaftliche Instrumente und Erfindungen errichtet.Seitdem wurde die Sammlung st\u00e4ndig erweitert und umfasst heute 80 000 Exponate und 15 000 Zeichnungen.Nach umfangreichen Renovierungsarbeiten ist das Mus\u00e9e des Arts et M\u00e9tiers seit 2000 wieder f\u00fcr die \u00d6ffentlichkeit zug\u00e4nglich und pr\u00e4sentiert \u00fcber 2 400 Erfindungen.Es gilt heute als eines der \u00e4ltesten Technik- und Industriemuseen der Welt.<\/p>\n<h2 id=\"t-1612259928437\">Kontakt &amp; Karte<\/h2>\n<ul>\n<li><span style=\"\"><strong>Adresse:&nbsp;<\/strong>Mus\u00e9e des Arts et M\u00e9tiers, 60 rue R\u00e9aumur, Paris<\/span><\/li>\n<li><span style=\"\"><strong>\u00d6ffnungszeiten: <\/strong>Von 10:00 bis 18:00 Uhr, freitags bis 21:00 Uhr<\/span><\/li>\n<li><span style=\"\"><strong>\u00d6ffentliche Verkehrsmittel: <\/strong>Metro 3 oder 11 bis &#8222;Arts-et-M\u00e9tiers&#8220;<\/span><\/li>\n<li style=\"\"><span style=\"\"><strong>Webseite:&nbsp;<\/strong><a href=\"https:\/\/www.arts-et-metiers.net\/musee\/visitor-information\" target=\"_blank\" style=\"outline: none;\" rel=\"noopener nofollow\">www.arts-et-metiers.net<\/a><\/span><\/li>\n<\/ul>\n<p>__CONFIG_colors_palette__{&#8222;active_palette&#8220;:0,&#8220;config&#8220;:{&#8222;colors&#8220;:{&#8222;50ce5&#8220;:{&#8222;name&#8220;:&#8220;Main Accent&#8220;,&#8220;parent&#8220;:-1}},&#8220;gradients&#8220;:[]},&#8220;palettes&#8220;:[{&#8222;name&#8220;:&#8220;Default Palette&#8220;,&#8220;value&#8220;:{&#8222;colors&#8220;:{&#8222;50ce5&#8220;:{&#8222;val&#8220;:&#8220;var(&#8211;tcb-skin-color-0)&#8220;}},&#8220;gradients&#8220;:[]},&#8220;original&#8220;:{&#8222;colors&#8220;:{&#8222;50ce5&#8220;:{&#8222;val&#8220;:&#8220;rgb(19, 114, 211)&#8220;,&#8220;hsl&#8220;:{&#8222;h&#8220;:210,&#8220;s&#8220;:0.83,&#8220;l&#8220;:0.45,&#8220;a&#8220;:1}}},&#8220;gradients&#8220;:[]}}]}__CONFIG_colors_palette__ <a href=\"https:\/\/paristouristinformation.fr\/de\/\/de\/things-to-do\/museum\/\"> <span><span>Weitere sehenswerte Museen in Paris<\/span><\/span> <\/a><\/p>\n<h2 style=\"\" id=\"t-1642169394944\">Verwandte Artikel:<\/h2>\n<div class=\"tcb-post-list tve-content-list thrv_wrapper\" data-type=\"grid\" data-pagination-type=\"none\" data-pages_near_current=\"2\" data-css=\"tve-u-17dfff792dc\" data-total_post_count=\"3\" data-total_sticky_count=\"0\" data-no_posts_text=\"There are no posts to display.\"><article id=\"post-998\" class=\"post-998 page type-page status-publish has-post-thumbnail hentry post-wrapper thrv_wrapper thrive-animated-item  tve_evt_manager_listen tve_ea_thrive_animation tve_et_mouseover tve_anim_grow\" tcb_hover_state_parent=\"\" class=\"tve_evt_manager_listen tve_ea_thrive_animation tve_et_mouseover tve_anim_grow\" data-id=\"998\" data-selector=\".post-wrapper\"><style class=\"tcb-post-list-dynamic-style\" type=\"text\/css\">@media (min-width: 300px){[].tcb-post-list #post-998 []{background-image: url(&#8222;https:\/\/www.paristouristinformation.fr\/de\/wp-content\/uploads\/2021\/01\/Louvre-Museum-in-Paris-in-France-1024x538.jpg&#8222;) !important;}[].tcb-post-list #post-998 []:hover []{background-image: url(&#8222;https:\/\/www.paristouristinformation.fr\/de\/wp-content\/uploads\/2021\/01\/Louvre-Museum-in-Paris-in-France-1024x538.jpg&#8222;) !important;}}<\/style><a href=\"https:\/\/www.paristouristinformation.fr\/de\/sehenswurdigkeiten\/museum\/louvre\/\" dynamic-postlink=\"tcb_post_the_permalink\" data-shortcode-id=\"68\"><\/a><\/p>\n<h3 style=\"text-align: center; padding-top: 0px !important; margin-top: 0px !important;\"><span data-attr-link=\"1\" data-attr-rel=\"0\" data-attr-target=\"0\" data-extra_key=\"\" data-option-inline=\"1\" data-shortcode=\"tcb_post_title\" data-shortcode-name=\"Post title\" data-attr-css=\"\" data-attr-static-link=\"{&quot;className&quot;:&quot;tve-froala fr-basic&quot;,&quot;href&quot;:&quot;https:\/\/paristouristinformation.fr\/de\/sehenswurdigkeiten\/museum\/&quot;,&quot;title&quot;:&quot;Top 30 der besten Museen in Paris: Tickets, Standort &amp; Tipps&quot;,&quot;class&quot;:&quot;tve-froala fr-basic&quot;}\" style=\"\"><a href=\"https:\/\/www.paristouristinformation.fr\/de\/sehenswurdigkeiten\/museum\/louvre\/\" title=\"Louvre Museum | Tickets &amp; F\u00fchrungen, Infos &amp; Tipps\" data-css=\"\" class=\"tve-froala fr-basic\">Louvre Museum | Tickets &amp; F\u00fchrungen, Infos &amp; Tipps<\/a><\/span><\/h3>\n<p><\/article><article id=\"post-68\" class=\"post-68 page type-page status-publish has-post-thumbnail hentry post-wrapper thrv_wrapper thrive-animated-item  tve_evt_manager_listen tve_ea_thrive_animation tve_et_mouseover tve_anim_grow\" tcb_hover_state_parent=\"\" class=\"tve_evt_manager_listen tve_ea_thrive_animation tve_et_mouseover tve_anim_grow\" data-id=\"68\" data-selector=\".post-wrapper\"><style class=\"tcb-post-list-dynamic-style\" type=\"text\/css\">@media (min-width: 300px){[].tcb-post-list #post-68 []{background-image: url(&#8222;https:\/\/www.paristouristinformation.fr\/de\/wp-content\/uploads\/2021\/02\/Top-30-Best-Museums-to-Visit-in-Paris-1024x538.jpg&#8222;) !important;}[].tcb-post-list #post-68 []:hover []{background-image: url(&#8222;https:\/\/www.paristouristinformation.fr\/de\/wp-content\/uploads\/2021\/02\/Top-30-Best-Museums-to-Visit-in-Paris-1024x538.jpg&#8222;) !important;}}<\/style><a href=\"https:\/\/www.paristouristinformation.fr\/de\/sehenswurdigkeiten\/museum\/\" dynamic-postlink=\"tcb_post_the_permalink\" data-shortcode-id=\"68\"><\/a><\/p>\n<h3 style=\"text-align: center; padding-top: 0px !important; margin-top: 0px !important;\"><span data-attr-link=\"1\" data-attr-rel=\"0\" data-attr-target=\"0\" data-extra_key=\"\" data-option-inline=\"1\" data-shortcode=\"tcb_post_title\" data-shortcode-name=\"Post title\" data-attr-css=\"\" data-attr-static-link=\"{&quot;className&quot;:&quot;tve-froala fr-basic&quot;,&quot;href&quot;:&quot;https:\/\/paristouristinformation.fr\/de\/sehenswurdigkeiten\/museum\/&quot;,&quot;title&quot;:&quot;Top 30 der besten Museen in Paris: Tickets, Standort &amp; Tipps&quot;,&quot;class&quot;:&quot;tve-froala fr-basic&quot;}\" style=\"\"><a href=\"https:\/\/www.paristouristinformation.fr\/de\/sehenswurdigkeiten\/museum\/\" title=\"30 beste Museen in Paris [mit Karte] | Tickets &amp; Tipps\" data-css=\"\" class=\"tve-froala fr-basic\">30 beste Museen in Paris [mit Karte] | Tickets &amp; Tipps<\/a><\/span><\/h3>\n<p><\/article><article id=\"post-3938\" class=\"post-3938 page type-page status-publish has-post-thumbnail hentry post-wrapper thrv_wrapper thrive-animated-item  tve_evt_manager_listen tve_ea_thrive_animation tve_et_mouseover tve_anim_grow\" tcb_hover_state_parent=\"\" class=\"tve_evt_manager_listen tve_ea_thrive_animation tve_et_mouseover tve_anim_grow\" data-id=\"3938\" data-selector=\".post-wrapper\"><style class=\"tcb-post-list-dynamic-style\" type=\"text\/css\">@media (min-width: 300px){[].tcb-post-list #post-3938 []{background-image: url(&#8222;https:\/\/www.paristouristinformation.fr\/de\/wp-content\/uploads\/2020\/12\/pantheon-paris-cover-1024x538.jpg&#8222;) !important;}[].tcb-post-list #post-3938 []:hover []{background-image: url(&#8222;https:\/\/www.paristouristinformation.fr\/de\/wp-content\/uploads\/2020\/12\/pantheon-paris-cover-1024x538.jpg&#8222;) !important;}}<\/style><a href=\"https:\/\/www.paristouristinformation.fr\/de\/kirche\/pantheon\/\" dynamic-postlink=\"tcb_post_the_permalink\" data-shortcode-id=\"68\"><\/a><\/p>\n<h3 style=\"text-align: center; padding-top: 0px !important; margin-top: 0px !important;\"><span data-attr-link=\"1\" data-attr-rel=\"0\" data-attr-target=\"0\" data-extra_key=\"\" data-option-inline=\"1\" data-shortcode=\"tcb_post_title\" data-shortcode-name=\"Post title\" data-attr-css=\"\" data-attr-static-link=\"{&quot;className&quot;:&quot;tve-froala fr-basic&quot;,&quot;href&quot;:&quot;https:\/\/paristouristinformation.fr\/de\/sehenswurdigkeiten\/museum\/&quot;,&quot;title&quot;:&quot;Top 30 der besten Museen in Paris: Tickets, Standort &amp; Tipps&quot;,&quot;class&quot;:&quot;tve-froala fr-basic&quot;}\" style=\"\"><a href=\"https:\/\/www.paristouristinformation.fr\/de\/kirche\/pantheon\/\" title=\"Pantheon Paris: Ticket, Infos, Pendel &amp; Krypta\" data-css=\"\" class=\"tve-froala fr-basic\">Pantheon Paris: Ticket, Infos, Pendel &amp; Krypta<\/a><\/span><\/h3>\n<p><\/article><\/div>\n","protected":false},"excerpt":{"rendered":"<p>Paris ist als eine Stadt bekannt, in der die Beherrschung von Techniken einen besonderen Raum erh\u00e4lt, um sich offen zu \u00e4u\u00dfern. Deshalb wurde ein Museum gegr\u00fcndet, das all diese unglaublichen Arbeiten sammelt.Das Mus\u00e9e des Arts et M\u00e9tiers in Paris (Museum f\u00fcr Kunst und Kunsthandwerk) beherbergt eine beeindruckende Sammlung wissenschaftlicher Erfindungen und technischer Objekte aus sieben [&hellip;]<\/p>\n","protected":false},"author":9,"featured_media":6573,"parent":68,"menu_order":0,"comment_status":"closed","ping_status":"closed","template":"","meta":{"footnotes":""},"tags":[],"class_list":{"0":"post-3423","1":"page","2":"type-page","3":"status-publish","4":"has-post-thumbnail","5":"hentry","6":"post-wrapper","7":"thrv_wrapper","10":"thrive-animated-item"},"wp-worthy-pixel":{"ignored":false,"public":"8b5dec9f0cdf429b8b314ea9c8a01591","server":"vg06.met.vgwort.de","url":"https:\/\/vg06.met.vgwort.de\/na\/8b5dec9f0cdf429b8b314ea9c8a01591"},"wp-worthy-type":"normal","_links":{"self":[{"href":"https:\/\/www.paristouristinformation.fr\/de\/wp-json\/wp\/v2\/pages\/3423","targetHints":{"allow":["GET"]}}],"collection":[{"href":"https:\/\/www.paristouristinformation.fr\/de\/wp-json\/wp\/v2\/pages"}],"about":[{"href":"https:\/\/www.paristouristinformation.fr\/de\/wp-json\/wp\/v2\/types\/page"}],"author":[{"embeddable":true,"href":"https:\/\/www.paristouristinformation.fr\/de\/wp-json\/wp\/v2\/users\/9"}],"replies":[{"embeddable":true,"href":"https:\/\/www.paristouristinformation.fr\/de\/wp-json\/wp\/v2\/comments?post=3423"}],"version-history":[{"count":0,"href":"https:\/\/www.paristouristinformation.fr\/de\/wp-json\/wp\/v2\/pages\/3423\/revisions"}],"up":[{"embeddable":true,"href":"https:\/\/www.paristouristinformation.fr\/de\/wp-json\/wp\/v2\/pages\/68"}],"wp:featuredmedia":[{"embeddable":true,"href":"https:\/\/www.paristouristinformation.fr\/de\/wp-json\/wp\/v2\/media\/6573"}],"wp:attachment":[{"href":"https:\/\/www.paristouristinformation.fr\/de\/wp-json\/wp\/v2\/media?parent=3423"}],"wp:term":[{"taxonomy":"post_tag","embeddable":true,"href":"https:\/\/www.paristouristinformation.fr\/de\/wp-json\/wp\/v2\/tags?post=3423"}],"curies":[{"name":"wp","href":"https:\/\/api.w.org\/{rel}","templated":true}]}}