{"id":3531,"date":"2023-01-04T00:07:00","date_gmt":"2023-01-04T00:07:00","guid":{"rendered":"https:\/\/paristouristinformation.fr\/de\/\/?page_id=3531"},"modified":"2023-05-16T11:24:51","modified_gmt":"2023-05-16T11:24:51","slug":"musee-national-eugene-delacroix","status":"publish","type":"page","link":"https:\/\/www.paristouristinformation.fr\/de\/sehenswurdigkeiten\/museum\/musee-national-eugene-delacroix\/","title":{"rendered":"Mus\u00e9e National Eug\u00e8ne Delacroix | Ausstellung &#038; Tickets"},"content":{"rendered":"<p>Das nationale Museum Eug\u00e8ne Delacroix erinnert an das Leben und das Werk des franz\u00f6sischen K\u00fcnstlers Eug\u00e8ne Delacroix, dem <strong>f\u00fchrenden Vertreter der franz\u00f6sischen romantischen Schule <\/strong>des 19. Jahrhunderts.Es handelt sich um ein wichtiges Museum in Paris, da es eine <strong>erstaunliche Sammlung von tausend Kunstwerken<\/strong> beherbergt und gleichzeitig einen seltenen Einblick in das Leben des K\u00fcnstlers gibt. In der Tat war das Museum der Lebens- und Schaffensraum des K\u00fcnstlers selbst.Hier finden Sie alle wichtigen Informationen \u00fcber das Mus\u00e9e national Eug\u00e8ne Delacroix in Paris, einschlie\u00dflich der Highlights der Ausstellungen, der Geschichte, der Eintrittskarten, der F\u00fchrungen und n\u00fctzlicher Informationen \u00fcber die Anreise.<\/p>\n<h2 id=\"t-1612276386337\">Was kann ich im Mus\u00e9e national Eug\u00e8ne Delacroix unternehmen?<\/h2>\n<p><span><img decoding=\"async\" alt=\"\" data-id=\"4895\" width=\"702\" data-init-width=\"1000\" height=\"418\" data-init-height=\"596\" title=\"self portrait of Eugene Delacroix Museum in Paris France\" src=\"https:\/\/paristouristinformation.fr\/de\/\/wp-content\/uploads\/2020\/12\/self-portrait-of-Eugene-Delacroix-Museum-in-Paris-France-.jpg\" data-width=\"702\" data-height=\"418\" style=\"\" data-pin-media=\"https:\/\/paristouristinformation.fr\/de\/wp-content\/uploads\/2021\/03\/prag_50_sehenswuerdigkeiten_pinterest-20.jpg\" data-pin-description=\"Discover the National Museum Eug\u00e8ne Delacroix in Paris. You will know everything about it : History, Entrance, Tickets, Tours and how to get there.\" data-pin-url=\"https:\/\/paristouristinformation.fr\/de\/\/things-to-do\/museum\/musee-national-eugene-delacroix\/?tve=true&amp;tcbf=8044109120\" data-pinpro-key=\"9zjegcl5z\" loading=\"lazy\"><\/span><\/p>\n<p>Das Mus\u00e9e national Eug\u00e8ne Delacroix ist Eug\u00e8ne Delacroix (1798-1863) gewidmet, einem franz\u00f6sischen Maler der Romantik, der mit seinen gef\u00fchlsbetonten Werken als Pionier des Impressionismus gilt.Das Museum ist in dem ehemaligen Wohnhaus des K\u00fcnstlers in der<strong> Rue Furstenberg<\/strong> in Paris untergebracht.<\/p>\n<h3>Dauerausstellung<\/h3>\n<p>Die Dauerausstellung umfasst \u00fc<strong>ber tausend Werke von Eug\u00e8ne Delacroix,<\/strong> die der Besucher in der intimen Atmosph\u00e4re der ehemaligen Wohnung des K\u00fcnstlers bewundern kann.Die Sammlung umfasst zahlreiche Gem\u00e4lde, Zeichnungen und Drucke, aber auch Briefe und M\u00f6bel. Besonders sehenswert sind das Gem\u00e4lde &#8222;Madeleine dans le d\u00e9sert&#8220; und die Leinwand &#8222;Romeo und Julia vor dem Grabmal der Capulets&#8220;.Zu sehen sind auch Werke von K\u00fcnstlern, die Delacroix bewunderten, und Erinnerungsst\u00fccke aus Nordafrika, die Delacroix von seinen Reisen mitbrachte.Der Besucher kann nicht nur die Wohnung des Malers besichtigen, sondern auch sein Atelier, das sich im Garten befindet. Der Garten selbst ist eine Oase der Ruhe.Unter den <a href=\"https:\/\/paristouristinformation.fr\/de\/sehenswurdigkeiten\/museum\/\"><strong>Museen in Paris<\/strong> <\/a>ist das Mus\u00e9e national Eug\u00e8ne Delacroix ein oft untersch\u00e4tzter Geheimtipp.<\/p>\n<h3>Tempor\u00e4re Ausstellungen<\/h3>\n<p>Das Museum dient auch als Veranstaltungsort f\u00fcr Konzerte, Wechselausstellungen, Konferenzen und Lesungen.<\/p>\n<h3>Buchhandlung<\/h3>\n<p>Im Museum gibt es eine kleine Buchhandlung.<\/p>\n<h2 id=\"t-1612276386338\">Eintritt, Eintrittskarten und F\u00fchrungen<\/h2>\n<p><span><img decoding=\"async\" alt=\"\" data-id=\"4894\" width=\"702\" data-init-width=\"1000\" height=\"468\" data-init-height=\"667\" title=\"Place Furstemberg Delacroix Museum in Paris in France\" src=\"https:\/\/paristouristinformation.fr\/de\/\/wp-content\/uploads\/2020\/12\/Place-Furstemberg-Delacroix-Museum-in-Paris-in-France.jpg\" data-width=\"702\" data-height=\"468\" data-pin-media=\"https:\/\/paristouristinformation.fr\/de\/wp-content\/uploads\/2021\/03\/prag_50_sehenswuerdigkeiten_pinterest-20.jpg\" data-pin-description=\"Discover the National Museum Eug\u00e8ne Delacroix in Paris. You will know everything about it : History, Entrance, Tickets, Tours and how to get there.\" data-pin-url=\"https:\/\/paristouristinformation.fr\/de\/\/things-to-do\/museum\/musee-national-eugene-delacroix\/?tve=true&amp;tcbf=8044109120\" data-pinpro-key=\"ittlqpd83\" loading=\"lazy\"><\/span><\/p>\n<ul>\n<li><span style=\"\"><strong>Eintritt : <\/strong>Besucher unter 18 Jahren, EU-B\u00fcrger unter 26 Jahren, Menschen mit Behinderungen und Inhaber eines Paris-Passes oder einer Louvre-Mitgliedskarte haben freien Eintritt.<\/span><\/li>\n<li style=\"\"><span style=\"\"><strong>Eintrittskarten : <\/strong>Eintrittskarten sowie eine aktuelle \u00dcbersicht \u00fcber alle Eintrittspreise finden Sie auf der offiziellen <a href=\"http:\/\/www.musee-delacroix.fr\/en\/visit\/visitor-information\/hours-admission\" target=\"_blank\" style=\"outline: none;\" rel=\"noopener nofollow\">Webseite <\/a>des Museums.<\/span><\/li>\n<li><span style=\"\"><strong>Kombitickets : <\/strong>Es sind Kombitickets erh\u00e4ltlich, die zum Besuch des Mus\u00e9e national Eug\u00e8ne Delacroix und des <a href=\"https:\/\/paristouristinformation.fr\/de\/sehenswurdigkeiten\/museum\/louvre\/\" style=\"outline: none;\">Louvre Museums<\/a> berechtigen.<\/span><\/li>\n<li><span style=\"\"><strong><strong>Konzertkarten: <\/strong><\/strong>F\u00fcr den Besuch von Konzerten und anderen k\u00fcnstlerischen Darbietungen im Museum muss eine Konzertkarte erworben werden.<\/span><\/li>\n<li><span style=\"\"><strong>Workshops: <\/strong>Im Museum werden auch Workshops und andere Aktivit\u00e4ten angeboten.<\/span><\/li>\n<li><span style=\"\"><strong>F\u00fchrungen : <\/strong>Wer sich auf die Spuren des K\u00fcnstlers begeben m\u00f6chte, kann selbst gef\u00fchrte Touren durch Paris unternehmen. Diese stehen auf der <a href=\"http:\/\/www.musee-delacroix.fr\/en\/visit\/walking-tours-180\/walking-tours-823\" target=\"_blank\" style=\"outline: none;\" rel=\"noopener nofollow\">Webseite <\/a>des Museums zum Download bereit.<\/span><\/li>\n<li><span style=\"\"><strong>Tipp : <\/strong>Der Eintritt in das Mus\u00e9e national Eug\u00e8ne Delacroix ist am ersten Sonntag jedes Monats und am franz\u00f6sischen Nationalfeiertag (14. Juli) f\u00fcr alle Besucher <strong>frei<\/strong>. Tickets f\u00fcr den Louvre finden Sie hier:<\/span><\/li>\n<\/ul>\n<h2 id=\"t-1612276386339\">So erreichen Sie das Mus\u00e9e national Eug\u00e8ne Delacroix<\/h2>\n<p><span><img decoding=\"async\" alt=\"\" data-id=\"4892\" width=\"736\" data-init-width=\"1000\" height=\"470\" data-init-height=\"638\" title=\"Delacroix Museum Furstemberg Square at Night Paris\" src=\"https:\/\/paristouristinformation.fr\/de\/\/wp-content\/uploads\/2020\/12\/Delacroix-Museum-Furstemberg-Square-at-Night-Paris.jpg\" data-width=\"736\" data-height=\"470\" data-pin-media=\"https:\/\/paristouristinformation.fr\/de\/wp-content\/uploads\/2021\/03\/prag_50_sehenswuerdigkeiten_pinterest-20.jpg\" data-pin-description=\"Discover the National Museum Eug\u00e8ne Delacroix in Paris. You will know everything about it : History, Entrance, Tickets, Tours and how to get there.\" data-pin-url=\"https:\/\/paristouristinformation.fr\/de\/\/things-to-do\/museum\/musee-national-eugene-delacroix\/?tve=true&amp;tcbf=8044109120\" data-pinpro-key=\"stlub6121\" loading=\"lazy\"><\/span><\/p>\n<p>Das Mus\u00e9e national Eug\u00e8ne Delacroix befindet sich im 6. Arrondissement von Paris, im Stadtteil Saint-Germain-des-Pr\u00e9s. Es ist <strong>15 Gehminuten vom Louvre<\/strong> entfernt.Wenn Sie \u00f6ffentliche Verkehrsmittel benutzen m\u00f6chten, nehmen Sie am besten die <strong>Metrolinie 4 <\/strong>bis zur Haltestelle &#8222;Saint-Germain-des-Pr\u00e9s&#8220;. Alternativ k\u00f6nnen Sie auch die Buslinien 39, 63, 70, 86, 95 oder 96 (Richtung &#8222;Saint-Germain-des-Pr\u00e9s&#8220;) nehmen, um zum Museum zu gelangen.<\/p>\n<p>__CONFIG_colors_palette__{&#8222;active_palette&#8220;:0,&#8220;config&#8220;:{&#8222;colors&#8220;:{&#8222;50ce5&#8220;:{&#8222;name&#8220;:&#8220;Main Accent&#8220;,&#8220;parent&#8220;:-1}},&#8220;gradients&#8220;:[]},&#8220;palettes&#8220;:[{&#8222;name&#8220;:&#8220;Default Palette&#8220;,&#8220;value&#8220;:{&#8222;colors&#8220;:{&#8222;50ce5&#8220;:{&#8222;val&#8220;:&#8220;var(&#8211;tcb-skin-color-0)&#8220;}},&#8220;gradients&#8220;:[]},&#8220;original&#8220;:{&#8222;colors&#8220;:{&#8222;50ce5&#8220;:{&#8222;val&#8220;:&#8220;rgb(19, 114, 211)&#8220;,&#8220;hsl&#8220;:{&#8222;h&#8220;:210,&#8220;s&#8220;:0.83,&#8220;l&#8220;:0.45,&#8220;a&#8220;:1}}},&#8220;gradients&#8220;:[]}}]}__CONFIG_colors_palette__ <a href=\"https:\/\/paristouristinformation.fr\/de\/\/de\/plan\/public-transport\"> <span><span style=\"\">F\u00fchrer f\u00fcr \u00f6ffentliche Verkehrsmittel in Paris<\/span><\/span> <\/a><\/p>\n<h2 id=\"t-1612276386340\">FAQ<\/h2>\n<h2 id=\"t-1612276386341\">Geschichte des Mus\u00e9e national Eug\u00e8ne Delacroix<\/h2>\n<p><span><img decoding=\"async\" alt=\"\" data-id=\"4893\" width=\"702\" data-init-width=\"1000\" height=\"526\" data-init-height=\"750\" title=\"Eugene Delacroix Tomb in Pere Lachaise Cemetery in Paris in France\" src=\"https:\/\/paristouristinformation.fr\/de\/\/wp-content\/uploads\/2020\/12\/Eugene-Delacroix-Tomb-in-Pere-Lachaise-Cemetery-in-Paris-in-France.jpg\" data-width=\"702\" data-height=\"526\" data-pin-media=\"https:\/\/paristouristinformation.fr\/de\/wp-content\/uploads\/2021\/03\/prag_50_sehenswuerdigkeiten_pinterest-20.jpg\" data-pin-description=\"Discover the National Museum Eug\u00e8ne Delacroix in Paris. You will know everything about it : History, Entrance, Tickets, Tours and how to get there.\" data-pin-url=\"https:\/\/paristouristinformation.fr\/de\/\/things-to-do\/museum\/musee-national-eugene-delacroix\/?tve=true&amp;tcbf=8044109120\" data-pinpro-key=\"e2t7utjml\" loading=\"lazy\"><\/span><\/p>\n<p>Das Mus\u00e9e national Eug\u00e8ne Delacroix befindet sich in der letzten Wohnung des gro\u00dfen K\u00fcnstlers Eug\u00e8ne Delacroix. Er lebte und arbeitete in diesem Geb\u00e4ude in der Rue Furstenberg 6 von 1857 bis zu seinem Tod im Jahr 1863.Nach Delacroix&#8216; Tod zogen mehrere Mieter in die Wohnung ein. Als jedoch die Entscheidung bekannt gegeben wurde, dass das Atelier des Malers abgerissen werden sollte, machten zahlreiche K\u00fcnstler und Bewunderer von Delacroix mobil, um den Abriss zu verhindern.Darunter waren gro\u00dfe K\u00fcnstler wie Henri Matisse und Paul Signac.Zu diesem Zweck gr\u00fcndeten sie die Soci\u00e9t\u00e9 des Amis d&#8217;Eug\u00e8ne unter dem Vorsitz von Maurice Denis. Es gelang ihnen, den Abriss zu verhindern.Das Atelier und die Wohnung dienen nun als Gedenkst\u00e4tte, die \u00fcber das Leben und das Werk von Delacroix informiert. Ab 1932 fanden dort auch Konzerte und Ausstellungen statt.Als das gesamte Geb\u00e4ude 1952 verkauft werden sollte, beschloss die Soci\u00e9t\u00e9 des Amis d&#8217;Eug\u00e8ne, die Werke des Malers an die franz\u00f6sischen Nationalmuseen zu verkaufen, um das Atelier, den Garten und die Wohnung von Delacroix selbst zu erwerben.Im Jahr 1954 \u00fcberlassen sie es dem Staat. Im Jahr 1971 wandelte der Staat die R\u00e4umlichkeiten in das Nationalmuseum Mus\u00e9e national Eug\u00e8ne Delacroix um.Seit 2004 ist das Museum dem Louvre angegliedert.<\/p>\n<h2 id=\"t-1612276386342\">Kontakt &amp; Karte<\/h2>\n<ul>\n<li><span style=\"\"><strong>Adresse:&nbsp;<\/strong>Mus\u00e9e National Eug\u00e8ne-Delacroix, 6 Rue de F\u00fcrstenberg, 75006 Paris<\/span><\/li>\n<li><span style=\"\"><strong>\u00d6ffnungszeiten: <\/strong>Mittwoch bis Montag, von 9.30 bis 17.30 Uhr.<\/span><\/li>\n<li><span style=\"\"><strong>\u00d6ffentliche Verkehrsmittel: <\/strong>Metro 4 bis &#8222;Saint-Germain-des-Pr\u00e9s<\/span><\/li>\n<li style=\"\"><span style=\"\"><strong>Webseite:&nbsp;<\/strong><a href=\"http:\/\/www.musee-delacroix.fr\/en\/\" style=\"outline: none;\" rel=\"nofollow noopener\" target=\"_blank\">http:\/\/www.musee-delacroix.fr\/en\/<\/a><\/span><\/li>\n<\/ul>\n<ul>\n<li><span style=\"\">Planen Sie Ihre Reise nach Paris? Wir haben f\u00fcr Sie eine Liste mit den <a href=\"https:\/\/paristouristinformation.fr\/de\/sehenswurdigkeiten\/museum\/\"><strong>30 besten Museen in Paris<\/strong><\/a> zusammengestellt.<\/span><\/li>\n<\/ul>\n<p>__CONFIG_colors_palette__{&#8222;active_palette&#8220;:0,&#8220;config&#8220;:{&#8222;colors&#8220;:{&#8222;50ce5&#8220;:{&#8222;name&#8220;:&#8220;Main Accent&#8220;,&#8220;parent&#8220;:-1}},&#8220;gradients&#8220;:[]},&#8220;palettes&#8220;:[{&#8222;name&#8220;:&#8220;Default Palette&#8220;,&#8220;value&#8220;:{&#8222;colors&#8220;:{&#8222;50ce5&#8220;:{&#8222;val&#8220;:&#8220;var(&#8211;tcb-skin-color-0)&#8220;}},&#8220;gradients&#8220;:[]},&#8220;original&#8220;:{&#8222;colors&#8220;:{&#8222;50ce5&#8220;:{&#8222;val&#8220;:&#8220;rgb(19, 114, 211)&#8220;,&#8220;hsl&#8220;:{&#8222;h&#8220;:210,&#8220;s&#8220;:0.83,&#8220;l&#8220;:0.45,&#8220;a&#8220;:1}}},&#8220;gradients&#8220;:[]}}]}__CONFIG_colors_palette__ <a href=\"https:\/\/paristouristinformation.fr\/de\/\/de\/things-to-do\/museum\/\"> <span><span>Weitere sehenswerte Museen in Paris<\/span><\/span> <\/a><\/p>\n<h2 style=\"\" id=\"t-1640520245092\">Verwandte Artikel:<\/h2>\n<div class=\"tcb-post-list tve-content-list thrv_wrapper\" data-type=\"grid\" data-pagination-type=\"none\" data-pages_near_current=\"2\" data-css=\"tve-u-17df6a440a7\" data-total_post_count=\"3\" data-total_sticky_count=\"0\" data-no_posts_text=\"There are no posts to display.\"><article id=\"post-447\" class=\"post-447 page type-page status-publish has-post-thumbnail hentry post-wrapper thrv_wrapper thrive-animated-item  tve_evt_manager_listen tve_ea_thrive_animation tve_et_mouseover tve_anim_grow\" tcb_hover_state_parent=\"\" class=\"tve_evt_manager_listen tve_ea_thrive_animation tve_et_mouseover tve_anim_grow\" data-id=\"447\" data-selector=\".post-wrapper\"><style class=\"tcb-post-list-dynamic-style\" type=\"text\/css\">@media (min-width: 300px){[].tcb-post-list #post-447 []{background-image: url(&#8222;https:\/\/www.paristouristinformation.fr\/de\/wp-content\/uploads\/2021\/01\/Best-3-Days-Itinerary-for-Beginners-in-Paris-in-France-1024x538.jpg&#8222;) !important;}[].tcb-post-list #post-447 []:hover []{background-image: url(&#8222;https:\/\/www.paristouristinformation.fr\/de\/wp-content\/uploads\/2021\/01\/Best-3-Days-Itinerary-for-Beginners-in-Paris-in-France-1024x538.jpg&#8222;) !important;}}<\/style><a href=\"https:\/\/www.paristouristinformation.fr\/de\/planen\/3-tage\/\" dynamic-postlink=\"tcb_post_the_permalink\" data-shortcode-id=\"447\"><\/a><\/p>\n<h3 style=\"text-align: center; padding-top: 0px !important; margin-top: 0px !important;\"><span data-attr-link=\"1\" data-attr-rel=\"0\" data-attr-target=\"0\" data-extra_key=\"\" data-option-inline=\"1\" data-shortcode=\"tcb_post_title\" data-shortcode-name=\"Post title\" data-attr-css=\"\" data-attr-static-link=\"{&quot;className&quot;:&quot;tve-froala fr-basic&quot;,&quot;href&quot;:&quot;https:\/\/paristouristinformation.fr\/de\/planen\/3-tage\/&quot;,&quot;title&quot;:&quot;Beste 3-Tage-Reise f\u00fcr Anf\u00e4nger in Paris&quot;,&quot;class&quot;:&quot;tve-froala fr-basic&quot;}\" style=\"\"><a href=\"https:\/\/www.paristouristinformation.fr\/de\/planen\/3-tage\/\" title=\"3 Tage in Paris: Beste Reiseroute &amp; Tipps f\u00fcr Erstbesucher\" data-css=\"\" class=\"tve-froala fr-basic\">3 Tage in Paris: Beste Reiseroute &amp; Tipps f\u00fcr Erstbesucher<\/a><\/span><\/h3>\n<p><\/article><article id=\"post-6884\" class=\"post-6884 page type-page status-publish has-post-thumbnail hentry post-wrapper thrv_wrapper thrive-animated-item  tve_evt_manager_listen tve_ea_thrive_animation tve_et_mouseover tve_anim_grow\" tcb_hover_state_parent=\"\" class=\"tve_evt_manager_listen tve_ea_thrive_animation tve_et_mouseover tve_anim_grow\" data-id=\"6884\" data-selector=\".post-wrapper\"><style class=\"tcb-post-list-dynamic-style\" type=\"text\/css\">@media (min-width: 300px){[].tcb-post-list #post-6884 []{background-image: url(&#8222;https:\/\/www.paristouristinformation.fr\/de\/wp-content\/uploads\/2021\/03\/Guide-to-Grand-Palais-in-Paris-1024x538.jpg&#8222;) !important;}[].tcb-post-list #post-6884 []:hover []{background-image: url(&#8222;https:\/\/www.paristouristinformation.fr\/de\/wp-content\/uploads\/2021\/03\/Guide-to-Grand-Palais-in-Paris-1024x538.jpg&#8222;) !important;}}<\/style><a href=\"https:\/\/www.paristouristinformation.fr\/de\/sehenswurdigkeiten\/museum\/grand-palais\/\" dynamic-postlink=\"tcb_post_the_permalink\" data-shortcode-id=\"447\"><\/a><\/p>\n<h3 style=\"text-align: center; padding-top: 0px !important; margin-top: 0px !important;\"><span data-attr-link=\"1\" data-attr-rel=\"0\" data-attr-target=\"0\" data-extra_key=\"\" data-option-inline=\"1\" data-shortcode=\"tcb_post_title\" data-shortcode-name=\"Post title\" data-attr-css=\"\" data-attr-static-link=\"{&quot;className&quot;:&quot;tve-froala fr-basic&quot;,&quot;href&quot;:&quot;https:\/\/paristouristinformation.fr\/de\/planen\/3-tage\/&quot;,&quot;title&quot;:&quot;Beste 3-Tage-Reise f\u00fcr Anf\u00e4nger in Paris&quot;,&quot;class&quot;:&quot;tve-froala fr-basic&quot;}\" style=\"\"><a href=\"https:\/\/www.paristouristinformation.fr\/de\/sehenswurdigkeiten\/museum\/grand-palais\/\" title=\"Grand Palais in Paris | Ausstellung, Tickets &amp; Infos\" data-css=\"\" class=\"tve-froala fr-basic\">Grand Palais in Paris | Ausstellung, Tickets &amp; Infos<\/a><\/span><\/h3>\n<p><\/article><article id=\"post-2930\" class=\"post-2930 page type-page status-publish has-post-thumbnail hentry post-wrapper thrv_wrapper thrive-animated-item  tve_evt_manager_listen tve_ea_thrive_animation tve_et_mouseover tve_anim_grow\" tcb_hover_state_parent=\"\" class=\"tve_evt_manager_listen tve_ea_thrive_animation tve_et_mouseover tve_anim_grow\" data-id=\"2930\" data-selector=\".post-wrapper\"><style class=\"tcb-post-list-dynamic-style\" type=\"text\/css\">@media (min-width: 300px){[].tcb-post-list #post-2930 []{background-image: url(&#8222;https:\/\/www.paristouristinformation.fr\/de\/wp-content\/uploads\/2021\/01\/15-Best-Attractions-in-Paris-in-France-1024x538.jpg&#8222;) !important;}[].tcb-post-list #post-2930 []:hover []{background-image: url(&#8222;https:\/\/www.paristouristinformation.fr\/de\/wp-content\/uploads\/2021\/01\/15-Best-Attractions-in-Paris-in-France-1024x538.jpg&#8222;) !important;}}<\/style><a href=\"https:\/\/www.paristouristinformation.fr\/de\/attraktionen\/\" dynamic-postlink=\"tcb_post_the_permalink\" data-shortcode-id=\"447\"><\/a><\/p>\n<h3 style=\"text-align: center; padding-top: 0px !important; margin-top: 0px !important;\"><span data-attr-link=\"1\" data-attr-rel=\"0\" data-attr-target=\"0\" data-extra_key=\"\" data-option-inline=\"1\" data-shortcode=\"tcb_post_title\" data-shortcode-name=\"Post title\" data-attr-css=\"\" data-attr-static-link=\"{&quot;className&quot;:&quot;tve-froala fr-basic&quot;,&quot;href&quot;:&quot;https:\/\/paristouristinformation.fr\/de\/planen\/3-tage\/&quot;,&quot;title&quot;:&quot;Beste 3-Tage-Reise f\u00fcr Anf\u00e4nger in Paris&quot;,&quot;class&quot;:&quot;tve-froala fr-basic&quot;}\" style=\"\"><a href=\"https:\/\/www.paristouristinformation.fr\/de\/attraktionen\/\" title=\"15 ausgesuchte Attraktionen in Paris \u2013 Tickets &amp; Tipps\" data-css=\"\" class=\"tve-froala fr-basic\">15 ausgesuchte Attraktionen in Paris \u2013 Tickets &amp; Tipps<\/a><\/span><\/h3>\n<p><\/article><\/div>\n","protected":false},"excerpt":{"rendered":"<p>Das nationale Museum Eug\u00e8ne Delacroix erinnert an das Leben und das Werk des franz\u00f6sischen K\u00fcnstlers Eug\u00e8ne Delacroix, dem f\u00fchrenden Vertreter der franz\u00f6sischen romantischen Schule des 19. Jahrhunderts.Es handelt sich um ein wichtiges Museum in Paris, da es eine erstaunliche Sammlung von tausend Kunstwerken beherbergt und gleichzeitig einen seltenen Einblick in das Leben des K\u00fcnstlers gibt. [&hellip;]<\/p>\n","protected":false},"author":9,"featured_media":6671,"parent":68,"menu_order":0,"comment_status":"closed","ping_status":"closed","template":"","meta":{"footnotes":""},"tags":[],"class_list":{"0":"post-3531","1":"page","2":"type-page","3":"status-publish","4":"has-post-thumbnail","5":"hentry","6":"post-wrapper","7":"thrv_wrapper","10":"thrive-animated-item"},"wp-worthy-pixel":{"ignored":false,"public":"5c8e30f3feb84b4897a47f3b1b055360","server":"vg06.met.vgwort.de","url":"https:\/\/vg06.met.vgwort.de\/na\/5c8e30f3feb84b4897a47f3b1b055360"},"wp-worthy-type":"normal","_links":{"self":[{"href":"https:\/\/www.paristouristinformation.fr\/de\/wp-json\/wp\/v2\/pages\/3531","targetHints":{"allow":["GET"]}}],"collection":[{"href":"https:\/\/www.paristouristinformation.fr\/de\/wp-json\/wp\/v2\/pages"}],"about":[{"href":"https:\/\/www.paristouristinformation.fr\/de\/wp-json\/wp\/v2\/types\/page"}],"author":[{"embeddable":true,"href":"https:\/\/www.paristouristinformation.fr\/de\/wp-json\/wp\/v2\/users\/9"}],"replies":[{"embeddable":true,"href":"https:\/\/www.paristouristinformation.fr\/de\/wp-json\/wp\/v2\/comments?post=3531"}],"version-history":[{"count":0,"href":"https:\/\/www.paristouristinformation.fr\/de\/wp-json\/wp\/v2\/pages\/3531\/revisions"}],"up":[{"embeddable":true,"href":"https:\/\/www.paristouristinformation.fr\/de\/wp-json\/wp\/v2\/pages\/68"}],"wp:featuredmedia":[{"embeddable":true,"href":"https:\/\/www.paristouristinformation.fr\/de\/wp-json\/wp\/v2\/media\/6671"}],"wp:attachment":[{"href":"https:\/\/www.paristouristinformation.fr\/de\/wp-json\/wp\/v2\/media?parent=3531"}],"wp:term":[{"taxonomy":"post_tag","embeddable":true,"href":"https:\/\/www.paristouristinformation.fr\/de\/wp-json\/wp\/v2\/tags?post=3531"}],"curies":[{"name":"wp","href":"https:\/\/api.w.org\/{rel}","templated":true}]}}