{"id":3563,"date":"2023-01-02T16:36:00","date_gmt":"2023-01-02T16:36:00","guid":{"rendered":"https:\/\/paristouristinformation.fr\/de\/\/clone-of-empfohlene-hotels\/"},"modified":"2024-01-20T10:15:11","modified_gmt":"2024-01-20T10:15:11","slug":"hotel","status":"publish","type":"page","link":"https:\/\/www.paristouristinformation.fr\/de\/hotel\/","title":{"rendered":"Empfohlene Hotels in Paris | Hotel Guide f\u00fcr Paris"},"content":{"rendered":"<h1>Wo kann ich in Paris schlafen?<\/h1>\n<p>Kontaktieren Sie uns und erhalten Sie den besten Preis f\u00fcr einen Hotelaufenthalt im Herzen von Paris. Zuverl\u00e4ssiger Buchungsservice und Support 24\/7.<\/p>\n<h4>Gruppenreservierung<\/h4>\n<p style=\"\">Wir k\u00f6nnen Ihnen den besten Preis f\u00fcr eine Gruppenreservierung in einem komfortablen Hotel im Zentrum von Paris anbieten.<\/p>\n<h4>Angebote f\u00fcr Paare<\/h4>\n<p style=\"\">Flitterwochen oder ein romantischer Aufenthalt in Paris? Fragen Sie uns nach einem kostenlosen Angebot f\u00fcr die besten Hotels f\u00fcr Paare in der Hauptstadt der Liebe.<\/p>\n<h4>Einzelaufenthalt<\/h4>\n<p style=\"\">Wir finden f\u00fcr Sie die perfekte Lage und den perfekten Hotelpreis nach Ihren Bed\u00fcrfnissen und W\u00fcnschen.<\/p>\n<p style=\"text-align: center;\">Empfohlene Hotels in Paris<\/p>\n<p style=\"text-align: center;\">Zentrale Hotels mit 3 bis 5 Sternen<\/p>\n<p><div class=\"tcb-post-list tve-content-list thrv_wrapper\" data-type=\"grid\" data-pagination-type=\"none\" data-pages_near_current=\"2\" data-css=\"tve-u-5fc7c2993ea988\" data-total_post_count=\"3\" data-total_sticky_count=\"0\" data-no_posts_text=\"There are no posts to display.\" data-disabled-links=\"1\"><article id=\"post-5608\" class=\"post-5608 page type-page status-publish has-post-thumbnail hentry post-wrapper thrv_wrapper thrive-animated-item \" tcb_hover_state_parent=\"\" data-id=\"5608\" data-selector=\".post-wrapper\"><style class=\"tcb-post-list-dynamic-style\" type=\"text\/css\">@media (min-width: 300px){[].tcb-post-list #post-5608 []{background-image: url(&#8222;https:\/\/www.paristouristinformation.fr\/de\/wp-content\/uploads\/2021\/08\/The-25-best-4-Star-hotels-in-Paris-1024x538.jpg&#8222;) !important;}[].tcb-post-list #post-5608 []:hover []{background-image: url(&#8222;https:\/\/www.paristouristinformation.fr\/de\/wp-content\/uploads\/2021\/08\/The-25-best-4-Star-hotels-in-Paris-1024x538.jpg&#8222;) !important;}}<\/style><a href=\"https:\/\/www.paristouristinformation.fr\/de\/hotel\/4-sterne\/\" dynamic-postlink=\"tcb_post_the_permalink\" data-shortcode-id=\"5610\"><\/a><\/p>\n<h3 style=\"text-align: center; padding-top: 0px !important; margin-top: 0px !important;\"><span data-attr-link=\"1\" data-attr-rel=\"0\" data-attr-target=\"0\" data-extra_key=\"\" data-option-inline=\"1\" data-shortcode=\"tcb_post_title\" data-shortcode-name=\"Post title\" data-attr-css=\"\" data-attr-static-link=\"{&quot;className&quot;:&quot;tve-froala fr-basic&quot;,&quot;href&quot;:&quot;https:\/\/www.paristouristinformation.fr\/de\/hotel\/5-sterne\/&quot;,&quot;title&quot;:&quot;Die 25 exklusivsten 5-Sterne-Hotels in Paris ((2022))&quot;,&quot;class&quot;:&quot;tve-froala fr-basic&quot;}\"><a href=\"https:\/\/www.paristouristinformation.fr\/de\/hotel\/4-sterne\/\" title=\"Die 25 besten 4-Sterne-Hotels in Paris\" data-css=\"\" class=\"tve-froala fr-basic\">Die 25 besten 4-Sterne-Hotels in Paris<\/a><\/span><\/h3>\n<p><section class=\"tcb-post-content tcb-shortcode thrv_wrapper\" data-css=\"tve-u-5fc7c2993eaa46\"><p>Auf dieser Seite finden Sie die besten 4-Sterne-Hotels <a class=\"more-link\" href=\"https:\/\/www.paristouristinformation.fr\/de\/hotel\/4-sterne\/#more-5608\">...<\/a><\/p><\/section><a href=\"https:\/\/www.paristouristinformation.fr\/de\/hotel\/4-sterne\/\"><span style=\"\"><span style=\"\">Read More<\/span><\/span><\/a><div class=\"tve-article-cover\"><a class=\"tcb-article-cover-link\" href=\"https:\/\/www.paristouristinformation.fr\/de\/hotel\/4-sterne\/\">Die 25 besten 4-Sterne-Hotels in Paris<\/a><\/div><\/article><article id=\"post-5469\" class=\"post-5469 page type-page status-publish has-post-thumbnail hentry post-wrapper thrv_wrapper thrive-animated-item \" tcb_hover_state_parent=\"\" data-id=\"5469\" data-selector=\".post-wrapper\"><style class=\"tcb-post-list-dynamic-style\" type=\"text\/css\">@media (min-width: 300px){[].tcb-post-list #post-5469 []{background-image: url(&#8222;https:\/\/www.paristouristinformation.fr\/de\/wp-content\/uploads\/2021\/09\/25-affordable-3-star-hotels-in-Paris-1024x538.jpg&#8222;) !important;}[].tcb-post-list #post-5469 []:hover []{background-image: url(&#8222;https:\/\/www.paristouristinformation.fr\/de\/wp-content\/uploads\/2021\/09\/25-affordable-3-star-hotels-in-Paris-1024x538.jpg&#8222;) !important;}}<\/style><a href=\"https:\/\/www.paristouristinformation.fr\/de\/hotel\/3-sterne\/\" dynamic-postlink=\"tcb_post_the_permalink\" data-shortcode-id=\"5610\"><\/a><\/p>\n<h3 style=\"text-align: center; padding-top: 0px !important; margin-top: 0px !important;\"><span data-attr-link=\"1\" data-attr-rel=\"0\" data-attr-target=\"0\" data-extra_key=\"\" data-option-inline=\"1\" data-shortcode=\"tcb_post_title\" data-shortcode-name=\"Post title\" data-attr-css=\"\" data-attr-static-link=\"{&quot;className&quot;:&quot;tve-froala fr-basic&quot;,&quot;href&quot;:&quot;https:\/\/www.paristouristinformation.fr\/de\/hotel\/5-sterne\/&quot;,&quot;title&quot;:&quot;Die 25 exklusivsten 5-Sterne-Hotels in Paris ((2022))&quot;,&quot;class&quot;:&quot;tve-froala fr-basic&quot;}\"><a href=\"https:\/\/www.paristouristinformation.fr\/de\/hotel\/3-sterne\/\" title=\"25 g\u00fcnstige 3-Sterne-Hotels in Paris\" data-css=\"\" class=\"tve-froala fr-basic\">25 g\u00fcnstige 3-Sterne-Hotels in Paris<\/a><\/span><\/h3>\n<p><section class=\"tcb-post-content tcb-shortcode thrv_wrapper\" data-css=\"tve-u-5fc7c2993eaa46\"><p>Auf dieser Seite finden Sie die besten 3-Sterne-Hotels <a class=\"more-link\" href=\"https:\/\/www.paristouristinformation.fr\/de\/hotel\/3-sterne\/#more-5469\">...<\/a><\/p><\/section><a href=\"https:\/\/www.paristouristinformation.fr\/de\/hotel\/3-sterne\/\"><span style=\"\"><span style=\"\">Read More<\/span><\/span><\/a><div class=\"tve-article-cover\"><a class=\"tcb-article-cover-link\" href=\"https:\/\/www.paristouristinformation.fr\/de\/hotel\/3-sterne\/\">25 g\u00fcnstige 3-Sterne-Hotels in Paris<\/a><\/div><\/article><article id=\"post-5610\" class=\"post-5610 page type-page status-publish has-post-thumbnail hentry post-wrapper thrv_wrapper thrive-animated-item \" tcb_hover_state_parent=\"\" data-id=\"5610\" data-selector=\".post-wrapper\"><style class=\"tcb-post-list-dynamic-style\" type=\"text\/css\">@media (min-width: 300px){[].tcb-post-list #post-5610 []{background-image: url(&#8222;https:\/\/www.paristouristinformation.fr\/de\/wp-content\/uploads\/2021\/08\/The-25-most-exclusive-5-Star-hotels-in-Paris-1024x538.jpg&#8222;) !important;}[].tcb-post-list #post-5610 []:hover []{background-image: url(&#8222;https:\/\/www.paristouristinformation.fr\/de\/wp-content\/uploads\/2021\/08\/The-25-most-exclusive-5-Star-hotels-in-Paris-1024x538.jpg&#8222;) !important;}}<\/style><a href=\"https:\/\/www.paristouristinformation.fr\/de\/hotel\/5-sterne\/\" dynamic-postlink=\"tcb_post_the_permalink\" data-shortcode-id=\"5610\"><\/a><\/p>\n<h3 style=\"text-align: center; padding-top: 0px !important; margin-top: 0px !important;\"><span data-attr-link=\"1\" data-attr-rel=\"0\" data-attr-target=\"0\" data-extra_key=\"\" data-option-inline=\"1\" data-shortcode=\"tcb_post_title\" data-shortcode-name=\"Post title\" data-attr-css=\"\" data-attr-static-link=\"{&quot;className&quot;:&quot;tve-froala fr-basic&quot;,&quot;href&quot;:&quot;https:\/\/www.paristouristinformation.fr\/de\/hotel\/5-sterne\/&quot;,&quot;title&quot;:&quot;Die 25 exklusivsten 5-Sterne-Hotels in Paris ((2022))&quot;,&quot;class&quot;:&quot;tve-froala fr-basic&quot;}\"><a href=\"https:\/\/www.paristouristinformation.fr\/de\/hotel\/5-sterne\/\" title=\"25 exklusive 5-Sterne-Hotels in Paris\" data-css=\"\" class=\"tve-froala fr-basic\">25 exklusive 5-Sterne-Hotels in Paris<\/a><\/span><\/h3>\n<p><section class=\"tcb-post-content tcb-shortcode thrv_wrapper\" data-css=\"tve-u-5fc7c2993eaa46\"><p>Auf dieser Seite finden Sie die besten 5-Sterne-Hotels <a class=\"more-link\" href=\"https:\/\/www.paristouristinformation.fr\/de\/hotel\/5-sterne\/#more-5610\">...<\/a><\/p><\/section><a href=\"https:\/\/www.paristouristinformation.fr\/de\/hotel\/5-sterne\/\"><span style=\"\"><span style=\"\">Read More<\/span><\/span><\/a><div class=\"tve-article-cover\"><a class=\"tcb-article-cover-link\" href=\"https:\/\/www.paristouristinformation.fr\/de\/hotel\/5-sterne\/\">25 exklusive 5-Sterne-Hotels in Paris<\/a><\/div><\/article><\/div><a href=\"javascript:void(0)\"><span style=\"\"><span style=\"\">Load More<\/span><\/span><\/a><\/p>\n<p style=\"text-align: center;\">Hotels f\u00fcr Disneyland<\/p>\n<p style=\"text-align: center;\">Beste Resorts zum Buchen bei uns<\/p>\n<p><div class=\"tcb-post-list tve-content-list empty-list thrv_wrapper\" data-type=\"list\" data-pagination-type=\"none\" data-pages_near_current=\"2\" data-css=\"tve-u-17bf37db5e6\" data-total_post_count=\"0\" data-total_sticky_count=\"0\" data-disabled-links=\"0\" data-no_posts_text=\"There are no posts to display.\"><article id=\"post-3563\" class=\"post-3563 page type-page status-publish has-post-thumbnail hentry post-wrapper thrv_wrapper thrive-animated-item \" tcb_hover_state_parent=\"\" data-id=\"3563\" data-selector=\".post-wrapper\"><style class=\"tcb-post-list-dynamic-style\" type=\"text\/css\">@media (min-width: 300px){[].tcb-post-list #post-3563 []{background-image: url(&#8222;https:\/\/www.paristouristinformation.fr\/de\/wp-content\/uploads\/2021\/09\/Recommended-Hotels-in-Paris-1.jpg&#8222;) !important;}}<\/style><a href=\"https:\/\/www.paristouristinformation.fr\/de\/hotel\/\" dynamic-postlink=\"tcb_post_the_permalink\" data-shortcode-id=\"4999\"><\/a><\/p>\n<h2 style=\"\"><span data-shortcode=\"tcb_post_title\" data-shortcode-name=\"Post title\" data-extra_key=\"\" data-attr-link=\"1\" data-attr-target=\"0\" data-attr-rel=\"0\" data-option-inline=\"1\" data-attr-static-link=\"{&quot;className&quot;:&quot;tve-froala fr-basic&quot;,&quot;href&quot;:&quot;https:\/\/www.paristouristinformation.fr\/de\/hotel\/disneyland\/&quot;,&quot;title&quot;:&quot;Beste 15 Disneyland Hotels in Paris ((2022))&quot;,&quot;class&quot;:&quot;tve-froala fr-basic&quot;}\" data-attr-css=\"\"><a href=\"https:\/\/www.paristouristinformation.fr\/de\/hotel\/\" title=\"Empfohlene Hotels in Paris | Hotel Guide f\u00fcr Paris\" data-css=\"\" class=\"tve-froala fr-basic\">Empfohlene Hotels in Paris | Hotel Guide f\u00fcr Paris<\/a><\/span><\/h2>\n<p><section class=\"tcb-post-content tcb-shortcode thrv_wrapper\" data-css=\"tve-u-17bf37db5f5\"><p>Wo kann ich in Paris schlafen? Kontaktieren Sie uns und erhalten Sie den besten Preis f\u00fcr einen Hotelaufenthalt im Herzen von Paris. Zuverl\u00e4ssiger Buchungsservice und Support 24\/7. Gruppenreservierung Wir k\u00f6nnen Ihnen den besten Preis f\u00fcr eine Gruppenreservierung in einem komfortablen Hotel im Zentrum von Paris anbieten. Angebote f\u00fcr Paare Flitterwochen <a class=\"more-link\" href=\"https:\/\/www.paristouristinformation.fr\/de\/hotel\/#more-3563\"><\/a><\/p><\/section><a href=\"https:\/\/www.paristouristinformation.fr\/de\/hotel\/\" style=\"font-size: var(--tve-font-size, 14px)  !important;\"><span><\/span><span><span>Read More<\/span><\/span><\/a><a href=\"https:\/\/www.paristouristinformation.fr\/de\/hotel\/#comments\" dynamic-postlink=\"tcb_post_comments_link\" data-shortcode-id=\"4999\"><\/a><\/article><\/div><a href=\"javascript:void(0)\" style=\"\"><span style=\"\"><span style=\"\">Load More<\/span><\/span><\/a><a href=\"javascript:void(0)\"><span style=\"\"><span style=\"\">Load More<\/span><\/span><\/a><\/p>\n<h2 style=\"text-align: center;\">Erhalten Sie ein kostenloses Angebot f\u00fcr die besten Hotels in Paris<\/h2>\n<p style=\"text-align: center;\">Wir w\u00fcrden uns freuen, mit Ihnen \u00fcber Ihre Erwartungen zu sprechen. Erhalten Sie innerhalb von 24 Stunden ein Angebot f\u00fcr verschiedene Pariser Hotels, die Ihren Bed\u00fcrfnissen entsprechen.<\/p>\n<p style=\"text-align: center;\">Hotels im Zentrum von Paris<\/p>\n<p style=\"text-align: center;\">Bezirke f\u00fcr eine Stadtrundfahrt?<\/p>\n<p><div class=\"tcb-post-list tve-content-list thrv_wrapper\" data-type=\"grid\" data-pagination-type=\"none\" data-pages_near_current=\"2\" data-css=\"tve-u-17bf36b62ff\" data-total_post_count=\"6\" data-total_sticky_count=\"0\" data-no_posts_text=\"There are no posts to display.\"><article id=\"post-1633\" class=\"post-1633 page type-page status-publish has-post-thumbnail hentry post-wrapper thrv_wrapper thrive-animated-item \" tcb_hover_state_parent=\"\" data-id=\"1633\" data-selector=\".post-wrapper\"><style class=\"tcb-post-list-dynamic-style\" type=\"text\/css\">@media (min-width: 300px){[].tcb-post-list #post-1633 []{background-image: url(&#8222;https:\/\/www.paristouristinformation.fr\/de\/wp-content\/uploads\/2021\/01\/Latin-Quarters-top-attractions-in-Paris-150x150.jpg&#8222;) !important;}[].tcb-post-list #post-1633 []:hover []{background-image: url(&#8222;https:\/\/www.paristouristinformation.fr\/de\/wp-content\/uploads\/2021\/01\/Latin-Quarters-top-attractions-in-Paris-1024x538.jpg&#8222;) !important;}}<\/style><a href=\"https:\/\/www.paristouristinformation.fr\/de\/bezirke\/quartier-latin\/\" dynamic-postlink=\"tcb_post_the_permalink\" data-shortcode-id=\"1633\"><\/a><\/p>\n<h3 style=\"text-align: center; padding-top: 0px !important; margin-top: 0px !important;\"><span data-attr-link=\"1\" data-attr-rel=\"0\" data-attr-target=\"0\" data-extra_key=\"\" data-option-inline=\"1\" data-shortcode=\"tcb_post_title\" data-shortcode-name=\"Post title\" data-attr-css=\"\" data-attr-static-link=\"{&quot;className&quot;:&quot;tve-froala fr-basic&quot;,&quot;href&quot;:&quot;https:\/\/www.paristouristinformation.fr\/de\/bezirke\/sehenswurdigkeiten-quartier-latin\/&quot;,&quot;title&quot;:&quot;Top Sehensw\u00fcrdigkeiten Quartier Latin Viertel Paris&quot;,&quot;class&quot;:&quot;tve-froala fr-basic&quot;}\"><a href=\"https:\/\/www.paristouristinformation.fr\/de\/bezirke\/quartier-latin\/\" title=\"Quartier Latin: Geschichte, Kultur, Sehensw\u00fcrdigkeiten\" data-css=\"\" class=\"tve-froala fr-basic\">Quartier Latin: Geschichte, Kultur, Sehensw\u00fcrdigkeiten<\/a><\/span><\/h3>\n<p><\/article><article id=\"post-1665\" class=\"post-1665 page type-page status-publish has-post-thumbnail hentry post-wrapper thrv_wrapper thrive-animated-item \" tcb_hover_state_parent=\"\" data-id=\"1665\" data-selector=\".post-wrapper\"><style class=\"tcb-post-list-dynamic-style\" type=\"text\/css\">@media (min-width: 300px){[].tcb-post-list #post-1665 []{background-image: url(&#8222;https:\/\/www.paristouristinformation.fr\/de\/wp-content\/uploads\/2021\/02\/Montmartres-top-attractions-in-Paris-150x150.jpg&#8222;) !important;}[].tcb-post-list #post-1665 []:hover []{background-image: url(&#8222;https:\/\/www.paristouristinformation.fr\/de\/wp-content\/uploads\/2021\/02\/Montmartres-top-attractions-in-Paris-1024x538.jpg&#8222;) !important;}}<\/style><a href=\"https:\/\/www.paristouristinformation.fr\/de\/bezirke\/montmartre\/\" dynamic-postlink=\"tcb_post_the_permalink\" data-shortcode-id=\"1633\"><\/a><\/p>\n<h3 style=\"text-align: center; padding-top: 0px !important; margin-top: 0px !important;\"><span data-attr-link=\"1\" data-attr-rel=\"0\" data-attr-target=\"0\" data-extra_key=\"\" data-option-inline=\"1\" data-shortcode=\"tcb_post_title\" data-shortcode-name=\"Post title\" data-attr-css=\"\" data-attr-static-link=\"{&quot;className&quot;:&quot;tve-froala fr-basic&quot;,&quot;href&quot;:&quot;https:\/\/www.paristouristinformation.fr\/de\/bezirke\/sehenswurdigkeiten-quartier-latin\/&quot;,&quot;title&quot;:&quot;Top Sehensw\u00fcrdigkeiten Quartier Latin Viertel Paris&quot;,&quot;class&quot;:&quot;tve-froala fr-basic&quot;}\"><a href=\"https:\/\/www.paristouristinformation.fr\/de\/bezirke\/montmartre\/\" title=\"Montmartre: Tickets &amp; Tipps f\u00fcr gef\u00fchrte Touren\" data-css=\"\" class=\"tve-froala fr-basic\">Montmartre: Tickets &amp; Tipps f\u00fcr gef\u00fchrte Touren<\/a><\/span><\/h3>\n<p><\/article><article id=\"post-2950\" class=\"post-2950 page type-page status-publish has-post-thumbnail hentry post-wrapper thrv_wrapper thrive-animated-item \" tcb_hover_state_parent=\"\" data-id=\"2950\" data-selector=\".post-wrapper\"><style class=\"tcb-post-list-dynamic-style\" type=\"text\/css\">@media (min-width: 300px){[].tcb-post-list #post-2950 []{background-image: url(&#8222;https:\/\/www.paristouristinformation.fr\/de\/wp-content\/uploads\/2021\/01\/A-Guide-to-the-20-Arrondissements-of-Paris-150x150.jpg&#8222;) !important;}[].tcb-post-list #post-2950 []:hover []{background-image: url(&#8222;https:\/\/www.paristouristinformation.fr\/de\/wp-content\/uploads\/2021\/01\/A-Guide-to-the-20-Arrondissements-of-Paris-1024x538.jpg&#8222;) !important;}}<\/style><a href=\"https:\/\/www.paristouristinformation.fr\/de\/bezirke\/\" dynamic-postlink=\"tcb_post_the_permalink\" data-shortcode-id=\"1633\"><\/a><\/p>\n<h3 style=\"text-align: center; padding-top: 0px !important; margin-top: 0px !important;\"><span data-attr-link=\"1\" data-attr-rel=\"0\" data-attr-target=\"0\" data-extra_key=\"\" data-option-inline=\"1\" data-shortcode=\"tcb_post_title\" data-shortcode-name=\"Post title\" data-attr-css=\"\" data-attr-static-link=\"{&quot;className&quot;:&quot;tve-froala fr-basic&quot;,&quot;href&quot;:&quot;https:\/\/www.paristouristinformation.fr\/de\/bezirke\/sehenswurdigkeiten-quartier-latin\/&quot;,&quot;title&quot;:&quot;Top Sehensw\u00fcrdigkeiten Quartier Latin Viertel Paris&quot;,&quot;class&quot;:&quot;tve-froala fr-basic&quot;}\"><a href=\"https:\/\/www.paristouristinformation.fr\/de\/bezirke\/\" title=\"Die 20 Pariser Stadtbezirke (Arrondissements) | Alle Infos\" data-css=\"\" class=\"tve-froala fr-basic\">Die 20 Pariser Stadtbezirke (Arrondissements) | Alle Infos<\/a><\/span><\/h3>\n<p><\/article><article id=\"post-8387\" class=\"post-8387 page type-page status-publish has-post-thumbnail hentry post-wrapper thrv_wrapper thrive-animated-item \" tcb_hover_state_parent=\"\" data-id=\"8387\" data-selector=\".post-wrapper\"><style class=\"tcb-post-list-dynamic-style\" type=\"text\/css\">@media (min-width: 300px){[].tcb-post-list #post-8387 []{background-image: url(&#8222;https:\/\/www.paristouristinformation.fr\/de\/wp-content\/uploads\/2021\/01\/Ile-de-la-Cite-of-Pariss-top-attractions-150x150.jpg&#8222;) !important;}[].tcb-post-list #post-8387 []:hover []{background-image: url(&#8222;https:\/\/www.paristouristinformation.fr\/de\/wp-content\/uploads\/2021\/01\/Ile-de-la-Cite-of-Pariss-top-attractions-1024x538.jpg&#8222;) !important;}}<\/style><a href=\"https:\/\/www.paristouristinformation.fr\/de\/bezirke\/ile-de-la-cite\/\" dynamic-postlink=\"tcb_post_the_permalink\" data-shortcode-id=\"1633\"><\/a><\/p>\n<h3 style=\"text-align: center; padding-top: 0px !important; margin-top: 0px !important;\"><span data-attr-link=\"1\" data-attr-rel=\"0\" data-attr-target=\"0\" data-extra_key=\"\" data-option-inline=\"1\" data-shortcode=\"tcb_post_title\" data-shortcode-name=\"Post title\" data-attr-css=\"\" data-attr-static-link=\"{&quot;className&quot;:&quot;tve-froala fr-basic&quot;,&quot;href&quot;:&quot;https:\/\/www.paristouristinformation.fr\/de\/bezirke\/sehenswurdigkeiten-quartier-latin\/&quot;,&quot;title&quot;:&quot;Top Sehensw\u00fcrdigkeiten Quartier Latin Viertel Paris&quot;,&quot;class&quot;:&quot;tve-froala fr-basic&quot;}\"><a href=\"https:\/\/www.paristouristinformation.fr\/de\/bezirke\/ile-de-la-cite\/\" title=\"\u00cele de la Cit\u00e9: Guide zum Viertel mit Sehensw\u00fcrdigkeiten, Tipps &amp; mehr\" data-css=\"\" class=\"tve-froala fr-basic\">\u00cele de la Cit\u00e9: Guide zum Viertel mit Sehensw\u00fcrdigkeiten, Tipps &amp; mehr<\/a><\/span><\/h3>\n<p><\/article><article id=\"post-1457\" class=\"post-1457 page type-page status-publish has-post-thumbnail hentry post-wrapper thrv_wrapper thrive-animated-item \" tcb_hover_state_parent=\"\" data-id=\"1457\" data-selector=\".post-wrapper\"><style class=\"tcb-post-list-dynamic-style\" type=\"text\/css\">@media (min-width: 300px){[].tcb-post-list #post-1457 []{background-image: url(&#8222;https:\/\/www.paristouristinformation.fr\/de\/wp-content\/uploads\/2021\/01\/Best-Areas-to-Stay-in-Paris-in-France-150x150.jpg&#8222;) !important;}[].tcb-post-list #post-1457 []:hover []{background-image: url(&#8222;https:\/\/www.paristouristinformation.fr\/de\/wp-content\/uploads\/2021\/01\/Best-Areas-to-Stay-in-Paris-in-France-1024x538.jpg&#8222;) !important;}}<\/style><a href=\"https:\/\/www.paristouristinformation.fr\/de\/planen\/wo-soll-ich-wohnen\/\" dynamic-postlink=\"tcb_post_the_permalink\" data-shortcode-id=\"1633\"><\/a><\/p>\n<h3 style=\"text-align: center; padding-top: 0px !important; margin-top: 0px !important;\"><span data-attr-link=\"1\" data-attr-rel=\"0\" data-attr-target=\"0\" data-extra_key=\"\" data-option-inline=\"1\" data-shortcode=\"tcb_post_title\" data-shortcode-name=\"Post title\" data-attr-css=\"\" data-attr-static-link=\"{&quot;className&quot;:&quot;tve-froala fr-basic&quot;,&quot;href&quot;:&quot;https:\/\/www.paristouristinformation.fr\/de\/bezirke\/sehenswurdigkeiten-quartier-latin\/&quot;,&quot;title&quot;:&quot;Top Sehensw\u00fcrdigkeiten Quartier Latin Viertel Paris&quot;,&quot;class&quot;:&quot;tve-froala fr-basic&quot;}\"><a href=\"https:\/\/www.paristouristinformation.fr\/de\/planen\/wo-soll-ich-wohnen\/\" title=\"Wo soll ich wohnen | Beste Pariser Bezirke f\u00fcr einen angenehmen Aufenthalt\" data-css=\"\" class=\"tve-froala fr-basic\">Wo soll ich wohnen | Beste Pariser Bezirke f\u00fcr einen angenehmen Aufenthalt<\/a><\/span><\/h3>\n<p><\/article><article id=\"post-5579\" class=\"post-5579 page type-page status-publish has-post-thumbnail hentry post-wrapper thrv_wrapper thrive-animated-item \" tcb_hover_state_parent=\"\" data-id=\"5579\" data-selector=\".post-wrapper\"><style class=\"tcb-post-list-dynamic-style\" type=\"text\/css\">@media (min-width: 300px){[].tcb-post-list #post-5579 []{background-image: url(&#8222;https:\/\/www.paristouristinformation.fr\/de\/wp-content\/uploads\/2023\/04\/Le-Marais-Paris-Tourist-Information-150x150.jpg&#8222;) !important;}[].tcb-post-list #post-5579 []:hover []{background-image: url(&#8222;https:\/\/www.paristouristinformation.fr\/de\/wp-content\/uploads\/2023\/04\/Le-Marais-Paris-Tourist-Information-1024x538.jpg&#8222;) !important;}}<\/style><a href=\"https:\/\/www.paristouristinformation.fr\/de\/bezirke\/le-marais\/\" dynamic-postlink=\"tcb_post_the_permalink\" data-shortcode-id=\"1633\"><\/a><\/p>\n<h3 style=\"text-align: center; padding-top: 0px !important; margin-top: 0px !important;\"><span data-attr-link=\"1\" data-attr-rel=\"0\" data-attr-target=\"0\" data-extra_key=\"\" data-option-inline=\"1\" data-shortcode=\"tcb_post_title\" data-shortcode-name=\"Post title\" data-attr-css=\"\" data-attr-static-link=\"{&quot;className&quot;:&quot;tve-froala fr-basic&quot;,&quot;href&quot;:&quot;https:\/\/www.paristouristinformation.fr\/de\/bezirke\/sehenswurdigkeiten-quartier-latin\/&quot;,&quot;title&quot;:&quot;Top Sehensw\u00fcrdigkeiten Quartier Latin Viertel Paris&quot;,&quot;class&quot;:&quot;tve-froala fr-basic&quot;}\"><a href=\"https:\/\/www.paristouristinformation.fr\/de\/bezirke\/le-marais\/\" title=\"Die Top Attraktionen von Le Marais in Paris\" data-css=\"\" class=\"tve-froala fr-basic\">Die Top Attraktionen von Le Marais in Paris<\/a><\/span><\/h3>\n<p><\/article><\/div><a href=\"javascript:void(0)\"><span style=\"\"><span style=\"\">Load More<\/span><\/span><\/a><\/p>\n<h3 style=\"\" id=\"t-1601911056464\">YourMobileGuide f\u00fcr Paris<\/h3>\n<p>Laden Sie Ihre Handy-App herunter und h\u00f6ren Sie sich die neuesten Stadtf\u00fchrer f\u00fcr die besten Viertel von Paris an. Zeit, das Herz von Paris wirklich zu entdecken!<\/p>\n<h2 style=\"text-align: center;\">Sprechen Sie jetzt mit einem Reiseb\u00fcro<\/h2>\n<ul>\n<li style=\"\"><span style=\"\"><span><strong>Ma\u00dfgeschneidert: <\/strong>Individuelle Reiseplanung f\u00fcr Ihren idealen Urlaub in Frankreich!<\/span><\/span><\/li>\n<li><span><span><strong>Verg\u00fcnstigungen in Frankreich:<\/strong> Kostenlose VIP-Transfers f\u00fcr Pauschalreisende ab einem Buchungswert von 350 \u20ac, Vorteile in ausgew\u00e4hlten Resorts und Orten in Paris.<\/span><\/span><\/li>\n<li><span><span><strong>Mit 24\/7 WhatsApp Unterst\u00fctzung: <\/strong>Wir sind f\u00fcr unsere Pauschalreisenden 24\/7 an jedem Tag des Jahres da.<\/span><\/span><\/li>\n<\/ul>\n<h2 style=\"\">Buchungsservice<\/h2>\n<p>Buchen Sie Hotels bei Paris Tourist Information online oder \u00fcber das Kontaktformular.<\/p>\n","protected":false},"excerpt":{"rendered":"<p>Wo kann ich in Paris schlafen? Kontaktieren Sie uns und erhalten Sie den besten Preis f\u00fcr einen Hotelaufenthalt im Herzen von Paris. Zuverl\u00e4ssiger Buchungsservice und Support 24\/7. Gruppenreservierung Wir k\u00f6nnen Ihnen den besten Preis f\u00fcr eine Gruppenreservierung in einem komfortablen Hotel im Zentrum von Paris anbieten. Angebote f\u00fcr Paare Flitterwochen oder ein romantischer Aufenthalt in [&hellip;]<\/p>\n","protected":false},"author":9,"featured_media":9710,"parent":0,"menu_order":0,"comment_status":"closed","ping_status":"closed","template":"","meta":{"footnotes":""},"tags":[],"class_list":{"0":"post-3563","1":"page","2":"type-page","3":"status-publish","4":"has-post-thumbnail","5":"hentry","6":"post-wrapper","7":"thrv_wrapper","10":"thrive-animated-item"},"wp-worthy-pixel":{"ignored":false,"public":"b208b9ad5a894724a36ddd7b49564130","server":"vg07.met.vgwort.de","url":"https:\/\/vg07.met.vgwort.de\/na\/b208b9ad5a894724a36ddd7b49564130"},"wp-worthy-type":"normal","_links":{"self":[{"href":"https:\/\/www.paristouristinformation.fr\/de\/wp-json\/wp\/v2\/pages\/3563","targetHints":{"allow":["GET"]}}],"collection":[{"href":"https:\/\/www.paristouristinformation.fr\/de\/wp-json\/wp\/v2\/pages"}],"about":[{"href":"https:\/\/www.paristouristinformation.fr\/de\/wp-json\/wp\/v2\/types\/page"}],"author":[{"embeddable":true,"href":"https:\/\/www.paristouristinformation.fr\/de\/wp-json\/wp\/v2\/users\/9"}],"replies":[{"embeddable":true,"href":"https:\/\/www.paristouristinformation.fr\/de\/wp-json\/wp\/v2\/comments?post=3563"}],"version-history":[{"count":0,"href":"https:\/\/www.paristouristinformation.fr\/de\/wp-json\/wp\/v2\/pages\/3563\/revisions"}],"wp:featuredmedia":[{"embeddable":true,"href":"https:\/\/www.paristouristinformation.fr\/de\/wp-json\/wp\/v2\/media\/9710"}],"wp:attachment":[{"href":"https:\/\/www.paristouristinformation.fr\/de\/wp-json\/wp\/v2\/media?parent=3563"}],"wp:term":[{"taxonomy":"post_tag","embeddable":true,"href":"https:\/\/www.paristouristinformation.fr\/de\/wp-json\/wp\/v2\/tags?post=3563"}],"curies":[{"name":"wp","href":"https:\/\/api.w.org\/{rel}","templated":true}]}}