{"id":3589,"date":"2020-12-02T18:53:35","date_gmt":"2020-12-02T18:53:35","guid":{"rendered":"https:\/\/paristouristinformation.fr\/de\/\/100-sehenswuerdigkeiten-in-paris\/clone-of-top-10\/"},"modified":"2024-05-31T13:04:31","modified_gmt":"2024-05-31T13:04:31","slug":"top-10","status":"publish","type":"page","link":"https:\/\/www.paristouristinformation.fr\/de\/sehenswurdigkeiten\/top-10\/","title":{"rendered":"Die Top 10 Sehensw\u00fcrdigkeiten in Paris mit Tickets &#038; Tipps"},"content":{"rendered":"<p>Paris, <strong>die Stadt der Lichter und der Liebe<\/strong>, ist ein Labyrinth aus Kultur, Geschichte und au\u00dfergew\u00f6hnlicher Architektur. Jede Stra\u00dfe, jeder Platz und jedes Viertel offenbart ein neues Kapitel von Pariser Charme und Romantik. Mit seinen \u00fcber zweitausend Jahren Geschichte, die sich in jedem Winkel manifestieren, h\u00e4lt Paris stolz den Titel als <strong>eine der faszinierendsten St\u00e4dte der Welt<\/strong>.<\/p>\n<p>Viele Meisterwerke stammen aus dem <strong>k\u00f6niglich-kaiserlichen Erbe Frankreichs<\/strong>, darunter die beiden gro\u00dfen Kirchen Notre-Dame und Sacr\u00e9-C\u0153ur, der Louvre, der Arc de Triomphe d&#8217;\u00c9toile oder das Schloss von Versailles vor den Toren der Seinemetropole.<\/p>\n<p>So viel zu sehen, so wenig Zeit! Bei der riesigen Auswahl an Sehensw\u00fcrdigkeiten, kann man leicht verzweifeln, welche der Attraktionen nun die wichtigsten sind. &#8222;Qu&#8217;est-ce que la cr\u00e8me de la cr\u00e8me?&#8220; w\u00fcrde der Franzose fragen. <strong>Welche sind die Sahneh\u00e4ubchen? <\/strong>Wir helfen Ihnen, es herauszufinden.<\/p>\n<p>In diesem Artikel haben wir<strong>&nbsp;die Top 10 Sehensw\u00fcrdigkeiten&nbsp;<\/strong>zusammengestellt, die Sie&nbsp;<strong>auf keinen Fall verpassen&nbsp;<\/strong>sollten. Falls Ihre Zeit daf\u00fcr nicht reicht, suchen Sie sich Ihre Favoriten aus und besuchen Sie diese. Andernfalls werden Sie nicht sagen k\u00f6nnen, dass Sie tats\u00e4chlich in Paris waren&#8230;<\/p>\n<h3 data-placeholder=\"\u00dcbersetzung\" dir=\"ltr\" id=\"t-1690378914383\" style=\"text-align: center;\"><span lang=\"de\">Ihr pers\u00f6nlicher&nbsp;<\/span><span lang=\"de\">Paris-Guide&nbsp;<\/span><span lang=\"de\">auf Ihrem Handy!<\/span><\/h3>\n<p><span><img decoding=\"async\" alt=\"\" data-id=\"9833\" width=\"500\" data-init-width=\"1132\" height=\"225\" data-init-height=\"510\" title=\"yourmobileguide red logo\" src=\"https:\/\/paristouristinformation.fr\/de\/\/wp-content\/uploads\/2021\/09\/yourmobileguide-red-logo.png\" data-width=\"500\" data-height=\"225\" data-pin-media=\"https:\/\/paristouristinformation.fr\/de\/\/wp-content\/uploads\/2021\/03\/prag_50_sehenswuerdigkeiten_pinterest-42.jpg\" data-pin-description=\"What are the best attractions to do in Paris ? We have selected among all activities the best things to do in Paris : museums, theaters, theme parks...\" data-pin-url=\"https:\/\/paristouristinformation.fr\/de\/sehenswurdigkeiten\/attraktionen\/?tve=true&amp;tcbf=e45add7e54\" data-pinpro-key=\"mqih4uiuk\" style=\"aspect-ratio: auto 1132 \/ 510;\" loading=\"lazy\"><\/span><\/p>\n<p style=\"text-align: center;\"><span lang=\"de\" style=\"\">Entdecken Sie Paris&nbsp;<\/span><span lang=\"de\" style=\"\">in Ihrem<\/span><span lang=\"de\" style=\"\">eigenen Tempo&nbsp;<\/span><span lang=\"de\" style=\"\">mit unseren&nbsp;<\/span><span lang=\"de\" style=\"\">selbst gef\u00fchrten Audioguides.&nbsp;<\/span><span lang=\"de\" style=\"\">App downloaden und installieren,<\/span><span lang=\"de\" style=\"\">Tour g\u00fcnstig kaufen, Paris erobern!<\/span><span lang=\"de\" style=\"\"><\/span><\/p>\n<p><span><img decoding=\"async\" alt=\"\" data-id=\"12187\" width=\"598\" data-init-width=\"598\" height=\"930\" data-init-height=\"930\" title=\"YMG Paris\" src=\"https:\/\/www.paristouristinformation.fr\/de\/wp-content\/uploads\/2023\/07\/YMG-Paris.png\" data-width=\"598\" data-height=\"930\" style=\"aspect-ratio: auto 598 \/ 930;\" loading=\"lazy\"><\/span><\/p>\n<h2 id=\"t-1613770986718\" style=\"\">1. Louvre Museum<\/h2>\n<p><span><img decoding=\"async\" alt=\"Louvre Museum in Paris in France\" data-id=\"88\" width=\"1024\" data-init-width=\"1000\" height=\"683\" data-init-height=\"667\" title=\"Louvre Museum in Paris in France\" src=\"https:\/\/paristouristinformation.fr\/de\/\/wp-content\/uploads\/2020\/06\/Louvre-Museum-in-Paris-in-France.jpg\" data-width=\"1024\" data-height=\"683\" style=\"aspect-ratio: auto 1000 \/ 667;\" loading=\"lazy\"><\/span><\/p>\n<p>Das Louvre Museum, ein Juwel am Seineufer im Herzen von Paris, ist eines der gr\u00f6\u00dften und ber\u00fchmtesten Kunstmuseen der Welt. Mit \u00fcber 9 Millionen Besuchern j\u00e4hrlich ist es auch das <strong>weltweit meistbesuchte Museum<\/strong>.<\/p>\n<p>Es beherbergt eine beeindruckende Sammlung von&nbsp;<strong>\u00fcber 380.000 Kunstwerke<\/strong>n, von denen <strong>r<\/strong><strong>und 35.000 permanent ausgestellt<\/strong>&nbsp;sind. Die Sammlung umfasst Werke aus verschiedenen Epochen und Kulturen, darunter die \u00e4gyptische, griechische und r\u00f6mische Antike sowie westeurop\u00e4ische Kunst vom Mittelalter bis zum 19. Jahrhundert. Zu den bekanntesten Werken geh\u00f6ren da Vincis&nbsp;<strong>Mona Lisa<\/strong>&nbsp;und die&nbsp;<strong>Venus von Milo<\/strong>.<\/p>\n<p>Der Louvre ist ein&nbsp;<strong>architektonisches Meisterwerk&nbsp;<\/strong>und wurde urspr\u00fcnglich im 12. Jahrhundert als Festung und Residenz der franz\u00f6sischen K\u00f6nige erbaut, bevor er 1793 in ein Museum verwandelt wurde. Das Eingangsgeb\u00e4ude in Form einer&nbsp;<strong>Glaspyramide<\/strong> kam erst 1989 hinzu und symbolisiert seither die Verbindung von Historie und Moderne.<\/p>\n<p>Falls Sie Kunstlieber sind,&nbsp;<strong>m\u00fcssen<\/strong> Sie das Mus\u00e9e du Louvre unbedingt besuchen und daf\u00fcr m\u00f6glichst einen vollen Tag, mindestens aber einige Stunden reservieren.<\/p>\n<ul>\n<li>Der Louvre ist so gro\u00df, dass es fast unm\u00f6glich ist, alle Ausstellungen an einem einzigen Tag zu besichtigen. In unserem Artikel&nbsp;<span data-attr-link=\"0\" data-attr-rel=\"0\" data-attr-target=\"0\" data-extra_key=\"\" data-option-inline=\"1\" data-shortcode=\"tcb_post_title\" data-shortcode-name=\"Post title\"><a href=\"https:\/\/www.paristouristinformation.fr\/de\/sehenswurdigkeiten\/museum\/louvre\/\" target=\"_blank\" style=\"outline: none;\" rel=\"noopener\">Louvre Museum<\/a><span data-attr-link=\"0\" data-attr-rel=\"0\" data-attr-target=\"0\" data-extra_key=\"\" data-option-inline=\"1\" data-shortcode=\"tcb_post_title\" data-shortcode-name=\"Post title\">&nbsp;geben wir Ihnen eine&nbsp;<\/span><\/span>Plan an die Hand, der Ihren Rundgang effizienter machen wird.&nbsp;<\/li>\n<li>Schauen Sie sich Ihre&nbsp;<a href=\"https:\/\/www.tiqets.com\/de\/tickets-louvre-l124297\/?partner=checkfortrip\" rel=\"nofollow noopener\" target=\"_blank\" style=\"outline: none;\">Ticketoptionen f\u00fcr den Louvre<\/a> online an und buchen Sie im Voraus.<\/li>\n<\/ul>\n<h3>Adresse und Standort auf dem Stadtplan<\/h3>\n<p>Mus\u00e9e du Louvre, Rue de Rivoli, 75001 Paris<\/p>\n<h3>N\u00e4chste Metrostationen<\/h3>\n<p>Linien M1, M7: Station Palais-Royal\/Mus\u00e9e du Louvre und 2 GehminutenLinie M14: Station Pyramides und 6 Gehminuten&nbsp;<\/p>\n<h2 id=\"t-1613770986709\" style=\"\">2. Eiffelturm<\/h2>\n<p><span><img decoding=\"async\" alt=\"\" data-id=\"4523\" width=\"1024\" data-init-width=\"1000\" height=\"683\" data-init-height=\"667\" title=\"montparnasse in paris with eiffel\" src=\"https:\/\/paristouristinformation.fr\/de\/\/wp-content\/uploads\/2020\/12\/montparnasse-in-paris-with-eiffel.jpg\" data-width=\"1024\" data-height=\"683\" style=\"aspect-ratio: auto 1000 \/ 667;\" loading=\"lazy\"><\/span><\/p>\n<p>Um die franz\u00f6sische Hauptstadt aus der Vogelperspektive sehen zu k\u00f6nnen, m\u00fcssen Sie an H\u00f6he gewinnen. Der beste Ort daf\u00fcr ist zweifelsohne der <strong>Eiffelturm<\/strong>, das unverwechselbare <strong>Wahrzeichen von Paris<\/strong>. Er ragt stolze 324 Meter \u00fcber die Stadt der Lichter und der Liebe. Seit seiner Er\u00f6ffnung haben ihn fast 300 Millionen Menschen besucht. Damit ist die &#8222;Eiserne Lady&#8220;, wie der Eiffelturm liebevoll genannt wird, das <strong>meistbesuchte kostenpflichtige Denkmal der Welt<\/strong>.<\/p>\n<p>Vom renommierten Ingenieur&nbsp;<strong>Gustave Eiffel<\/strong>&nbsp;und seinem Team zur Weltausstellung von 1889 und Feier des 100-j\u00e4hrigen Jubil\u00e4ums der Franz\u00f6sischen Revolution erbaut, verk\u00f6rpert der Eiffelturm das&nbsp;<strong>technologische Genie und die k\u00fcnstlerische Eleganz<\/strong>&nbsp;des sp\u00e4ten 19. Jahrhunderts und hatte 44 Jahre lang den Titel als h\u00f6chstes Bauwerk der Welt inne.<\/p>\n<p>Die Ikone hat seinen&nbsp;<strong>festen Platz in der Geschichte und Kultur<\/strong>&nbsp;nicht nur von Frankreich, sondern der gesamten Welt und ist in jedem Spielfilm, der in Paris gedreht wurde, in jeder Dokumentation und jedem Reisebericht \u00fcber die Stadt pr\u00e4sent.<\/p>\n<p>Ein Besuch in Paris w\u00e4re ohne das Erklimmen des Riesen aus Metall unvollst\u00e4ndig. Ob bei Tag oder in voller Beleuchtung bei Nacht, <strong>sein Anblick fasziniert und bezaubert&nbsp;<\/strong>aufs Neue.<\/p>\n<ul>\n<li>Alles Wissenswerte \u00fcber die &#8222;Eiserne Lady&#8220; finden Sie in unserem Artikel<strong><a href=\"https:\/\/paristouristinformation.fr\/de\/eiffelturm\/\" target=\"_blank\" rel=\"noopener\"><\/a>&nbsp;<\/strong><span style=\"color: var(--tcb-skin-color-0);\"><a href=\"https:\/\/www.paristouristinformation.fr\/de\/eiffelturm\/\" target=\"_blank\" style=\"outline: none;\" rel=\"noopener\"><span style=\"--tcb-applied-color: var$(--tcb-skin-color-0) !important; text-decoration: underline;\">Eiffelturm<\/span><\/a><\/span>.<\/li>\n<li>Schauen Sie sich Ihre&nbsp;<a href=\"https:\/\/www.tiqets.com\/de\/paris-sehenswuerdigkeiten-c66746\/tickets-fur-eiffelturm-klettererlebnis-p978182\/?partner=checkfortrip\" target=\"_blank\" style=\"outline: none;\" rel=\"nofollow noopener\">Ticketoptionen f\u00fcr den Eiffelturm<\/a> online an und buchen Sie im Voraus.<\/li>\n<\/ul>\n<h3>Adresse und Standort auf dem Stadtplan<\/h3>\n<p>Tour Eiffel, Champ de Mars, 5 Avenue Anatole France, 75007 Paris<\/p>\n<h3>N\u00e4chste Metrostationen<\/h3>\n<p>Linie 6: Station Bir-Hakeim und 7 Gehminuten<\/p>\n<h2 id=\"t-1613770986710\" style=\"\">3. Disneyland Paris\u00ae&nbsp;<\/h2>\n<p><span><img decoding=\"async\" alt=\"\" data-id=\"5371\" width=\"1024\" data-init-width=\"1000\" height=\"683\" data-init-height=\"667\" title=\"disneyland disney world in la marne in paris\" src=\"https:\/\/paristouristinformation.fr\/de\/\/wp-content\/uploads\/2021\/01\/disneyland-disney-world-in-la-marne-in-paris.jpg\" data-width=\"1024\" data-height=\"683\" style=\"aspect-ratio: auto 1000 \/ 667;\" loading=\"lazy\"><\/span><\/p>\n<p><strong>Diese ber\u00fchmte Attraktion steht definitiv ganz oben auf der Liste der&nbsp;<\/strong><a href=\"https:\/\/paristouristinformation.fr\/de\/fur-kinder\/\" style=\"outline: none;\" target=\"_blank\" rel=\"noopener\">Aktivit\u00e4ten f\u00fcr Kinder in Paris<\/a>, und m\u00f6glicherweise auch f\u00fcr Erwachsene.<\/p>\n<p>Der&nbsp;<strong>meistbesuchte Themenpark in Europa<\/strong>&nbsp;ist gleichzeitig eines der 10 beliebtesten Ausflugsziele f\u00fcr Pariser und Touristen, die dort verweilen.Die weltber\u00fchmte Attraktion vor den Toren von Paris besteht aus zwei Themenparks,&nbsp;<strong>dem Disneyland\u00ae Park&nbsp;<\/strong>und den<strong>&nbsp;Walt Disney Studios\u00ae,<\/strong>&nbsp;die auf einer Fl\u00e4che von 2000 Hektar unz\u00e4hlige Fahrgesch\u00e4fte, Shows, Events und Paraden bieten.<\/p>\n<p>Ob Disneyfiguren, Achterbahnen oder Spukh\u00e4user, Disneyland\u00ae Paris macht sowohl kleine Prinzessinnen als auch Adrenalinjunkies gl\u00fccklich.<\/p>\n<p \"=\"\"Der gro\u00dfe Disney-Komplex vor den Toren der Stadt, umfasst auch mehrere Resort-Hotels, Einkaufs-, Essens- und Unterhaltungsm\u00f6glichkeiten sowie einen Golfplatz und Freizeiteinrichtungen.\/pulli \"=\"\">Erfahren Sie mehr \u00fcber den beliebten Themenpark in unserem Artikel&nbsp;<a href=\"https:\/\/www.paristouristinformation.fr\/de\/disneyland-paris\/\" target=\"_blank\" style=\"outline: none;\" rel=\"noopener\">Disneyland\u00ae Paris<\/a>.<\/li>\n","protected":false},"excerpt":{"rendered":"<p>Paris, die Stadt der Lichter und der Liebe, ist ein Labyrinth aus Kultur, Geschichte und au\u00dfergew\u00f6hnlicher Architektur. Jede Stra\u00dfe, jeder Platz und jedes Viertel offenbart ein neues Kapitel von Pariser Charme und Romantik. Mit seinen \u00fcber zweitausend Jahren Geschichte, die sich in jedem Winkel manifestieren, h\u00e4lt Paris stolz den Titel als eine der faszinierendsten St\u00e4dte [&hellip;]<\/p>\n","protected":false},"author":9,"featured_media":452,"parent":12302,"menu_order":0,"comment_status":"closed","ping_status":"closed","template":"","meta":{"footnotes":""},"tags":[],"class_list":["post-3589","page","type-page","status-publish","has-post-thumbnail","hentry","post-wrapper","thrv_wrapper"],"wp-worthy-pixel":{"ignored":false,"public":"2b8ad9b3ff46434ab578456c5a742c82","server":"vg07.met.vgwort.de","url":"https:\/\/vg07.met.vgwort.de\/na\/2b8ad9b3ff46434ab578456c5a742c82"},"wp-worthy-type":"normal","_links":{"self":[{"href":"https:\/\/www.paristouristinformation.fr\/de\/wp-json\/wp\/v2\/pages\/3589","targetHints":{"allow":["GET"]}}],"collection":[{"href":"https:\/\/www.paristouristinformation.fr\/de\/wp-json\/wp\/v2\/pages"}],"about":[{"href":"https:\/\/www.paristouristinformation.fr\/de\/wp-json\/wp\/v2\/types\/page"}],"author":[{"embeddable":true,"href":"https:\/\/www.paristouristinformation.fr\/de\/wp-json\/wp\/v2\/users\/9"}],"replies":[{"embeddable":true,"href":"https:\/\/www.paristouristinformation.fr\/de\/wp-json\/wp\/v2\/comments?post=3589"}],"version-history":[{"count":19,"href":"https:\/\/www.paristouristinformation.fr\/de\/wp-json\/wp\/v2\/pages\/3589\/revisions"}],"predecessor-version":[{"id":13285,"href":"https:\/\/www.paristouristinformation.fr\/de\/wp-json\/wp\/v2\/pages\/3589\/revisions\/13285"}],"up":[{"embeddable":true,"href":"https:\/\/www.paristouristinformation.fr\/de\/wp-json\/wp\/v2\/pages\/12302"}],"wp:featuredmedia":[{"embeddable":true,"href":"https:\/\/www.paristouristinformation.fr\/de\/wp-json\/wp\/v2\/media\/452"}],"wp:attachment":[{"href":"https:\/\/www.paristouristinformation.fr\/de\/wp-json\/wp\/v2\/media?parent=3589"}],"wp:term":[{"taxonomy":"post_tag","embeddable":true,"href":"https:\/\/www.paristouristinformation.fr\/de\/wp-json\/wp\/v2\/tags?post=3589"}],"curies":[{"name":"wp","href":"https:\/\/api.w.org\/{rel}","templated":true}]}}