{"id":3676,"date":"2023-01-04T07:58:00","date_gmt":"2023-01-04T07:58:00","guid":{"rendered":"https:\/\/paristouristinformation.fr\/de\/\/?page_id=3676"},"modified":"2024-01-20T10:24:00","modified_gmt":"2024-01-20T10:24:00","slug":"stade-de-france","status":"publish","type":"page","link":"https:\/\/www.paristouristinformation.fr\/de\/attraktionen\/stade-de-france\/","title":{"rendered":"Stade de France | Tickets f\u00fcr Fu\u00dfball &#038; Konzerte, Stadiontour &#038; Museum"},"content":{"rendered":"<p>Wenn Sie w\u00e4hrend Ihres Aufenthalts in Paris an einem atemberaubenden Ereignis teilnehmen m\u00f6chten, umgeben von Tausenden von Menschen, die alle zusammen feiern und jubeln, dann ist das Stade de France der richtige Ort.<\/p>\n<p>Das Stade de France ist das <strong>gr\u00f6\u00dfte Stadion in Frankreich<\/strong>. Erleben Sie hier ein erstklassiges <strong>Fu\u00dfball- oder Rugbyspiel<\/strong> oder wohnen Sie einem <strong>Konzert<\/strong> bei. Nehmen Sie an einer gef\u00fchrten <strong>Stadiontour<\/strong> teil und besuchen Sie das <strong>Museum<\/strong>.In diesem Artikel lesen Sie alles Wissenswerte \u00fcber das Stade de France, erhalten n\u00fctzlichen Informationen und lernen die Geschichte des Stadions kennen.<\/p>\n<p>Sie sind eingefleischter Fu\u00dfballfan? Dann lesen Sie unbedingt auch unseren Artikel&nbsp;<a href=\"https:\/\/paristouristinformation.fr\/de\/\/things-to-do\/parc-des-princes\/\" style=\"outline: none;\" target=\"_blank\" rel=\"noopener\">Parc des Princes (Prinzenparkstadion)<\/a>, der Heimat des weltbekannten Klubs Paris Saint-German.<\/p>\n<h2 id=\"t-1692849124165\">Was ist das Stade de France?<\/h2>\n<p>Das Stade de France, im Pariser Vorort Saint-Denis gelegen, ist <strong>das gr\u00f6\u00dfte Stadion Frankreichs<\/strong> und dient als Austragungsort f\u00fcr bedeutende Fu\u00dfball- und Rugby-Spiele, Konzerte und andere Gro\u00dfveranstaltungen.<\/p>\n<p>Es wurde <strong>anl\u00e4sslich der Fu\u00dfball-Weltmeisterschaft 1998 erbaut<\/strong>, bei der Frankreich mit einem 3:0-Sieg \u00fcber Brasilien hier in diesem Stadion den ersten WM-Titel gewann. Mit einer Kapazit\u00e4t von <strong>\u00fcber 81.000 Zuschauern ist es das siebtgr\u00f6\u00dfte Stadion Europas<\/strong>.&nbsp;<\/p>\n<p>Architektonisch besticht es durch seine <strong>elliptische Form und das bewegliche Dach<\/strong>, das je nach Veranstaltung ge\u00f6ffnet oder geschlossen werden kann. Neben sportlichen Ereignissen diente das Stade de France auch als B\u00fchne f\u00fcr Konzerte von internationalen Musikgr\u00f6\u00dfen und anderen Gro\u00dfveranstaltungen.<\/p>\n<p>Die Anlage verf\u00fcgt \u00fcber eine <strong>hervorragende Infrastruktur<\/strong>, einschlie\u00dflich zahlreicher VIP-Bereiche und modernster Technik. F\u00fcr Besucher bietet das Stadion zudem gef\u00fchrte Touren, bei denen man einen Blick hinter die Kulissen werfen und mehr \u00fcber die Geschichte und Architektur des beeindruckenden Bauwerks erfahren kann.<\/p>\n<h2 id=\"t-1692849124166\">Was kann ich im Stade de France alles machen?<\/h2>\n<p>Im Stade de France in Saint-Denis k\u00f6nnen Sie sich ein erstklassiges Fu\u00dfball- oder Rugbyspiel anschauen, einem Konzert eines ber\u00fchmten Musikers oder einer Band beiwohnen, an einer F\u00fchrung durch das Stadion teilnehmen, das Museum besuchen oder im Fanshop einkaufen. Schauen wir uns Ihre m\u00f6glichen Aktivit\u00e4ten im Detail an.<\/p>\n<h3>Stadiontour<\/h3>\n<p>Bei einer auf Englisch oder Franz\u00f6sisch gef\u00fchrten Stadiontour k\u00f6nnen Sie <strong>hinter die Kulissen des gr\u00f6\u00dften Stadions Frankreichs blicken<\/strong> und sich f\u00fcr einen Moment wie ein gro\u00dfer Fu\u00dfballstar f\u00fchlen. Die Tour f\u00fchrt Sie unter anderem durch die Umkleidekabinen und den Spielertunnel zum &#8222;Heiligen Rasen&#8220;, zu den Trib\u00fcnen, den VIP-Pl\u00e4tzen, den Presser\u00e4umen und noch viel mehr. Ihr professioneller Begleiter erz\u00e4hlt Ihnen indes <strong>interessante Fakten zur Geschichte des Stadions<\/strong>.<\/p>\n<h3>Stadionmuseum<\/h3>\n<p>Das Stade de France hat ein eigenes Museum, das Sie vor oder nach der Stadiontour mit demselben Ticket besichtigen k\u00f6nnen. Es beherbergt eine <strong>beeindruckende Sammlung von sportlichen und musikalischen Erinnerungsst\u00fccken<\/strong> wie Gitarren und Trikots, die im Laufe der Jahre im Stadion gesammelt wurden. Archive, Videos, Repliken, und B\u00fchnenbilder gew\u00e4hren einen interessanten Einblick in die Geschichte des Stadions.&nbsp;<\/p>\n<h3>Sportveranstaltungen<\/h3>\n<p>Als Hauptstadion des Landes ist das Stade de France der Austragungsort f\u00fcr bedeutende <strong>Fu\u00dfball- und Rugby-Spiele<\/strong> wie L\u00e4nderspiele, Pokalendspiele und andere gro\u00dfe Turniere.<\/p>\n<p>Pr\u00fcfen Sie viele Monate vor Ihrer Anreise auf der offiziellen <a href=\"https:\/\/www.stadefrance.com\/en\/tickets\" target=\"_blank\" rel=\"nofollow noopener\" style=\"outline: none;\">Internetseite des Stadions<\/a>, ob w\u00e4hrend Ihres Aufenthalts in Paris ein Spiel stattfindet und buchen Sie Ihre Tickets sofort, sonst sind sie vergriffen. Alternativ k\u00f6nnen Sie Ihre Tickets auch bei <a href=\"https:\/\/www.ticketmaster.fr\/en\/resultat?ipSearch=stade+de+france\" target=\"_blank\" rel=\"nofollow noopener\" style=\"outline: none;\">Ticketmaster<\/a> kaufen.&nbsp;<\/p>\n<p>Eine Last-Minute-M\u00f6glichkeit, um an Tickets zu kommen, beschreiben wir weiter unten im Abschnitt Tickets f\u00fcr das Stade de France.<\/p>\n<h3>Konzerte<\/h3>\n<p>Im Stade de France gaben schon viele Musiker von internationalem Rang gro\u00dfartige Konzerte, Die Bandbreite der Genres reichten von Rock \u00fcber Pop bis Hip Hop.<\/p>\n<p>Auch in diesem Fall gilt f\u00fcr Sie: Auf der offiziellen <a href=\"https:\/\/www.stadefrance.com\/en\/tickets\" rel=\"nofollow noopener\" target=\"_blank\" style=\"outline: none;\">Internetseite des Stadions<\/a> sehr fr\u00fch pr\u00fcfen, ob es w\u00e4hrend Ihres Paris-Abenteuers ein Konzert gibt und dort beziehungsweise auf&nbsp;<a href=\"https:\/\/www.ticketmaster.fr\/en\/resultat?ipSearch=stade+de+france\" rel=\"nofollow noopener\" target=\"_blank\" style=\"outline: none;\">Ticketmaster<\/a> sofort zuschlagen! Auch diese Tickets sind im Handumdrehen ausverkauft.&nbsp;<\/p>\n<p>Eine Last-Minute-M\u00f6glichkeit, um an Tickets zu kommen, beschreiben wir weiter unten im Abschnitt Tickets f\u00fcr das Stade de France.<\/p>\n<h3>Andere Events<\/h3>\n<p>Neben Sport und Musik werden im Stade de France auch andere Gro\u00dfveranstaltungen wie <strong>Monster Truck Shows<\/strong> oder <strong>Motorsport-Events<\/strong> organisiert. Und wieder gilt: Die offizielle <a href=\"https:\/\/www.stadefrance.com\/en\/tickets\" rel=\"nofollow noopener\" target=\"_blank\" style=\"outline: none;\">Internetseite des Stadions<\/a>&nbsp;und <a href=\"https:\/\/www.ticketmaster.fr\/en\/resultat?ipSearch=stade+de+france\" rel=\"nofollow noopener\" target=\"_blank\" style=\"outline: none;\">Ticketmaster<\/a> checken!<\/p>\n<p>Eine Last-Minute-M\u00f6glichkeit, um an Tickets zu kommen, beschreiben wir weiter unten im Abschnitt Tickets f\u00fcr das Stade de France.<\/p>\n<h3>Fanshop<\/h3>\n<p>Im Stadion gibt es einen Fanshop, in dem Sie <strong>offizielle Merchandising-Artikel <\/strong>und Souvenirs des Stade de France und der dort ausgetragenen Veranstaltungen erwerben k\u00f6nnen.<\/p>\n<p><span><img decoding=\"async\" alt=\"Stade de France in Paris\" data-id=\"6716\" width=\"702\" data-init-width=\"1000\" height=\"468\" data-init-height=\"667\" title=\"Stade de France in Paris\" src=\"https:\/\/paristouristinformation.fr\/de\/\/wp-content\/uploads\/2021\/01\/Stade-de-France-in-Paris.jpg\" data-width=\"702\" data-height=\"468\" data-pin-media=\"https:\/\/paristouristinformation.fr\/de\/\/wp-content\/uploads\/2021\/03\/prag_50_sehenswuerdigkeiten_pinterest-32.jpg\" data-pin-description=\"Amazing sport or entertainment event in Paris. Visit the Stade de France in Paris Saint-Denis, the biggest stadium of France. Tickets and Guided Tours.\" data-pin-url=\"https:\/\/paristouristinformation.fr\/de\/\/things-to-do\/attractions\/stade-de-france\/?tve=true&amp;tcbf=e9aa5eae8a\" data-pinpro-key=\"z3x5okt7s\" loading=\"lazy\" style=\"aspect-ratio: auto 1000 \/ 667;\"><\/span><\/p>\n<h2 id=\"t-1612210567040\">Tickets f\u00fcr das Stade de France<\/h2>\n<p>An dieser Stelle fassen wir zur einfachen \u00dcbersicht noch einmal Ihre Optionen f\u00fcr den Kauf von Tickets f\u00fcr eine Veranstaltung im Stade de France zusammen.<\/p>\n<h3>Stadionf\u00fchrung inklusive Museum<\/h3>\n<h3>Fu\u00dfball- oder Rugbyspiele, Konzerte und andere Events <\/h3>\n<h3>Wiederverkaufsmarktplatz<\/h3>\n<p>Falls Sie keine Zeit hatten, im Voraus zu planen, bietet das Stade de France auch einen sicheren Wiederverkaufsmarktplatz, um Tickets von Personen zu kaufen, die ihre Meinung ge\u00e4ndert haben und nicht mehr zu einer Veranstaltung gehen k\u00f6nnen.<\/p>\n<h3 style=\"\"><span data-attr-link=\"1\" data-attr-rel=\"0\" data-attr-target=\"0\" data-extra_key=\"\" data-option-inline=\"1\" data-shortcode=\"tcb_post_title\" data-shortcode-name=\"Post title\" data-attr-css=\"\" style=\"\" data-attr-static-link=\"{&quot;className&quot;:&quot;&quot;,&quot;href&quot;:&quot;https:\/\/www.paristouristinformation.fr\/de\/attraktionen\/parc-asterix\/&quot;,&quot;title&quot;:&quot;Parc Asterix: Tickets, Themenbereiche, Fahrgesch\u00e4fte, Shows, Geschichte, Anfahrt&quot;,&quot;class&quot;:&quot;&quot;}\"><a href=\"https:\/\/www.paristouristinformation.fr\/de\/sehenswurdigkeiten\/fur-kinder\/\" title=\"Paris mit Kindern | Top 27 Aktivit\u00e4ten f\u00fcr Kinder\" data-css=\"\">Paris mit Kindern | Top 27 Aktivit\u00e4ten f\u00fcr Kinder<\/a><\/span><\/h3>\n<h3 style=\"\"><span data-attr-link=\"1\" data-attr-rel=\"0\" data-attr-target=\"0\" data-extra_key=\"\" data-option-inline=\"1\" data-shortcode=\"tcb_post_title\" data-shortcode-name=\"Post title\" data-attr-css=\"\" style=\"\" data-attr-static-link=\"{&quot;className&quot;:&quot;&quot;,&quot;href&quot;:&quot;https:\/\/www.paristouristinformation.fr\/de\/attraktionen\/parc-asterix\/&quot;,&quot;title&quot;:&quot;Parc Asterix: Tickets, Themenbereiche, Fahrgesch\u00e4fte, Shows, Geschichte, Anfahrt&quot;,&quot;class&quot;:&quot;&quot;}\"><a href=\"https:\/\/www.paristouristinformation.fr\/de\/einkaufen\/einkaufszentrum\/\" title=\"10 besten Einkaufszentren in Paris\" data-css=\"\">10 besten Einkaufszentren in Paris<\/a><\/span><\/h3>\n<h3 style=\"\"><span data-attr-link=\"1\" data-attr-rel=\"0\" data-attr-target=\"0\" data-extra_key=\"\" data-option-inline=\"1\" data-shortcode=\"tcb_post_title\" data-shortcode-name=\"Post title\" data-attr-css=\"\" style=\"\" data-attr-static-link=\"{&quot;className&quot;:&quot;&quot;,&quot;href&quot;:&quot;https:\/\/www.paristouristinformation.fr\/de\/attraktionen\/parc-asterix\/&quot;,&quot;title&quot;:&quot;Parc Asterix: Tickets, Themenbereiche, Fahrgesch\u00e4fte, Shows, Geschichte, Anfahrt&quot;,&quot;class&quot;:&quot;&quot;}\"><a href=\"https:\/\/www.paristouristinformation.fr\/de\/planen\/wo-soll-ich-wohnen\/\" title=\"Wo soll ich wohnen | Beste Pariser Bezirke f\u00fcr einen angenehmen Aufenthalt\" data-css=\"\">Wo soll ich wohnen | Beste Pariser Bezirke f\u00fcr einen angenehmen Aufenthalt<\/a><\/span><\/h3>\n<h3 style=\"\"><span data-attr-link=\"1\" data-attr-rel=\"0\" data-attr-target=\"0\" data-extra_key=\"\" data-option-inline=\"1\" data-shortcode=\"tcb_post_title\" data-shortcode-name=\"Post title\" data-attr-css=\"\" style=\"\" data-attr-static-link=\"{&quot;className&quot;:&quot;&quot;,&quot;href&quot;:&quot;https:\/\/www.paristouristinformation.fr\/de\/attraktionen\/parc-asterix\/&quot;,&quot;title&quot;:&quot;Parc Asterix: Tickets, Themenbereiche, Fahrgesch\u00e4fte, Shows, Geschichte, Anfahrt&quot;,&quot;class&quot;:&quot;&quot;}\"><a href=\"https:\/\/www.paristouristinformation.fr\/de\/attraktionen\/parc-asterix\/\" title=\"Parc Asterix: Tickets, Themenbereiche, Fahrgesch\u00e4fte, Shows, Geschichte, Anfahrt\" data-css=\"\">Parc Asterix: Tickets, Themenbereiche, Fahrgesch\u00e4fte, Shows, Geschichte, Anfahrt<\/a><\/span><\/h3>\n<h2 id=\"t-1612210567041\">Wie erreiche ich das Stade de France mit \u00f6ffentlichen Verkehrsmitteln?<\/h2>\n<h3>Mit der Metro<\/h3>\n<p>Linie M13: Station Saint-Denis Porte de Paris und 7 Gehminuten<\/p>\n<h3>Mit dem Bus<\/h3>\n<p>Linien 153, 239, 255, 353: Haltestelle Pont du Canal und 1 Gehminute (Nordwestseite)Linien 239, 353: Haltestelle Delaunay-Rimet und 1 Gehminute (Nordostseite) undHaltestelle Avenue du Stade de France und 4 Gehminuten (S\u00fcdseite)Linie 153: Haltestelle Cornillon Sud und 3 Gehminuten (Westseite) Linie 170: Haltestelle Rue du Progr\u00e8s und 6 Gehminuten (Ostseite)&nbsp;Linie 302: Haltestelle La Plaine-Stade de France und 7 Gehminuten (S\u00fcdseite)&nbsp;<\/p>\n<h3>Mit dem RER<\/h3>\n<p>Linie B: Haltestelle La Plaine-Stade de France und 7 Gehminuten (S\u00fcdseite)&nbsp;Linie D: Haltestelle Stade de France-Saint Denis und 15 Gehminuten (S\u00fcdseite) Das <strong>Parken ist ein Problem<\/strong>, wenn Sie keinen reservierten Parkplatz haben. Es gibt eine begrenzte Anzahl von Parkpl\u00e4tzen, die etwa 3000 Autos fassen. Unsere Empfehlung: <strong>Lassen Sie den Wagen stehen<\/strong> und kommen Sie mit dem \u00d6PNV!<\/p>\n<h3><a href=\"https:\/\/www.ratp.fr\/plan-de-ligne\/img\/metro\/Plan-Metro.1669996027.png\" rel=\"nofollow noopener\" target=\"_blank\" style=\"outline: none;\"><span style=\"text-decoration: underline;\">Netzplan<\/span><\/a><\/h3>\n<h2 id=\"t-1612210567042\">FAQ<\/h2>\n<h2 id=\"t-1612210567043\">Geschichte des Stade de France<\/h2>\n<p><span><img decoding=\"async\" alt=\"Stade de France in Paris in France\" data-id=\"4101\" width=\"702\" data-init-width=\"1200\" height=\"369\" data-init-height=\"630\" title=\"Stade de France in Paris in France\" src=\"https:\/\/paristouristinformation.fr\/de\/\/wp-content\/uploads\/2020\/12\/Stade-de-France-in-Paris-in-Francecover.jpg\" data-width=\"702\" data-height=\"369\" data-pin-media=\"https:\/\/paristouristinformation.fr\/de\/\/wp-content\/uploads\/2021\/03\/prag_50_sehenswuerdigkeiten_pinterest-32.jpg\" data-pin-description=\"Amazing sport or entertainment event in Paris. Visit the Stade de France in Paris Saint-Denis, the biggest stadium of France. Tickets and Guided Tours.\" data-pin-url=\"https:\/\/paristouristinformation.fr\/de\/\/things-to-do\/attractions\/stade-de-france\/?tve=true&amp;tcbf=e9aa5eae8a\" data-pinpro-key=\"qc7bayz6e\" loading=\"lazy\" style=\"aspect-ratio: auto 1200 \/ 630;\"><\/span><\/p>\n<p><strong>Der Anlass f\u00fcr den Bau<\/strong> des Stade de France war die erfolgreiche Bewerbung Frankreichs f\u00fcr die <strong>Fu\u00dfball-Weltmeisterschaft 1998<\/strong>. Die Bauarbeiten begannen 1995 und dauerten drei Jahre. Eine Gruppe von Architekten namens Michel Macary, Michel Regembal, Claude Constantini und Aymeric Zublena entwarfen dieses <strong>Meisterwerk moderner Architektur<\/strong> mit einer <strong>innovativen elliptischen Struktur<\/strong>, das die Universalit\u00e4t des Sports symbolisieren soll.<\/p>\n<p>Das Stadion wurde <strong>am 28. Januar 1998 von Jacques Chirac, dem damaligen Pr\u00e4sidenten der Republik, offiziell er\u00f6ffnet<\/strong>. Gekr\u00f6nt wurden die Feierlichkeiten mit dem freundschaftlichen Fu\u00dfballspiel zwischen Frankreich und Spanien, das die Gastgeber 1:0 f\u00fcr sich entschieden.<\/p>\n<p>Das Stade de France ist das gr\u00f6\u00dfte modulare Stadion der Welt und bietet Platz f\u00fcr <strong>mehr als 81.000 Zuschauer<\/strong>. Mit seinem versenkbaren Trib\u00fcnensystem und der Rasenn\u00e4he wegen der fehlenden Laufbahn um das Spielfeld <strong>besonders fanfreundlich<\/strong>, weil man dem Spielgeschehen sehr nah ist.<\/p>\n<p><strong>Das gr\u00f6\u00dfte Ereignis<\/strong> in der relativ kurzen Geschichte des Stadions geschah nur ein halbes Jahr nach der Er\u00f6ffnung des Stadions <strong>a<\/strong><strong>m 12. Juli 1998<\/strong>, als <strong>die Franzosen<\/strong> mit einem 3:0 gegen Brasilien <strong>Fu\u00dfballweltmeister<\/strong> wurden. Zuvor wurden hier weitere acht WM-Spiele ausgetragen.<\/p>\n<p>Das Stadion erlebte danach noch viele gro\u00dfe Fu\u00dfballspiele. 2000 und 2006 fanden <strong>zwei Endspiele der UEFA Champions League<\/strong> statt. 2016 wurde die <strong>Fu\u00dfballeuropameisterschaft<\/strong> ausgetragen. Nach sechs Spielen in der Gruppen- und KO-Phase trafen im Finale Frankreich und Portugal aufeinander, doch diesmal mussten sich die Gastgeber in der Verl\u00e4ngerung mit 0:1 geschlagen geben.&nbsp;<\/p>\n<p>Weitere bedeutende Sportereignisse waren unter anderem die <strong>Rugby<\/strong>-Union-Weltmeisterschaft 1999, die Six-Nations- und November-Spiele der franz\u00f6sischen Rugbynationalmannschaft, die <strong>Leichtathletik-Weltmeisterschaften<\/strong> 2003 und die Motorsportveranstaltung Race of Champions 2004 bis 2006.<\/p>\n<p>Seit seiner Er\u00f6ffnung gab es im Stade de France auch <strong>zahlreiche Konzerte<\/strong>. So sind hier The Rolling Stones, Paul McCartney, U2, AC\/DC, Metallica, Guns&#8217;n&#8217;Roses, Bruce Springsteen, Red Hot Chilli Peppers, Depeche Mode, Coldplay, Muse, Madonna, Beyonc\u00e9, Jay-Z, Rihanna, Ed Sheeran und Eminem aufgetreten und das ist nur ein Auszug aus der <strong>Liste der gro\u00dfen Stars<\/strong>, die sich hier die Ehre gaben.<\/p>\n<p>Wir m\u00f6chten Sie daran erinnern, dass Sie, falls Sie gerade Ihre Reise nach Paris planen, von unseren Angeboten in unserem <a href=\"https:\/\/paristouristinformation.fr\/de\/touren-and-tickets\/\" style=\"outline: none;\" target=\"_blank\" rel=\"noopener\"><span style=\"text-decoration: underline;\">Ticketshop<\/span><\/a> profitieren k\u00f6nnen. Wir haben dort unter anderem Skip the Line Tickets f\u00fcr jedes wichtige <a href=\"https:\/\/paristouristinformation.fr\/de\/sehenswurdigkeiten\/museum\/\" style=\"outline: none;\" target=\"_blank\" rel=\"noopener\"><span style=\"text-decoration: underline;\">Museum in Paris<\/span><\/a>. <strong>Genie\u00dfen Sie eine problemlose Reise nach Paris!<\/strong><\/p>\n<h2 id=\"t-1612210567044\">Adresse und Standort auf der Karte<\/h2>\n<p>Stade de France, 93200 Saint-Denis, Frankreich<\/p>\n<h2 style=\"\" id=\"t-1640446914873\">Verwandte Artikel<\/h2>\n<p><a href=\"https:\/\/www.paristouristinformation.fr\/de\/sehenswurdigkeiten\/brucke\/pont-neuf\/\" dynamic-postlink=\"tcb_post_the_permalink\" data-shortcode-id=\"1206\"><\/a><\/p>\n<h3 style=\"text-align: center; padding-top: 0px !important; margin-top: 0px !important;\"><span data-attr-link=\"1\" data-attr-rel=\"0\" data-attr-target=\"0\" data-extra_key=\"\" data-option-inline=\"1\" data-shortcode=\"tcb_post_title\" data-shortcode-name=\"Post title\" data-attr-css=\"\" data-attr-static-link=\"{&quot;className&quot;:&quot;&quot;,&quot;href&quot;:&quot;https:\/\/www.paristouristinformation.fr\/de\/sehenswurdigkeiten\/brucke\/pont-neuf\/&quot;,&quot;title&quot;:&quot;Pont Neuf Br\u00fccke in Paris: Geschichte, Attraktionen, Anfahrt&quot;,&quot;class&quot;:&quot;&quot;}\" style=\"\"><a href=\"https:\/\/www.paristouristinformation.fr\/de\/sehenswurdigkeiten\/brucke\/pont-neuf\/\" title=\"Pont Neuf Br\u00fccke in Paris: Geschichte, Attraktionen, Anfahrt\" data-css=\"\">Pont Neuf Br\u00fccke in Paris: Geschichte, Attraktionen, Anfahrt<\/a><\/span><\/h3>\n<p><a href=\"https:\/\/www.paristouristinformation.fr\/de\/sehenswurdigkeiten\/parc-des-princes\/\" dynamic-postlink=\"tcb_post_the_permalink\" data-shortcode-id=\"1206\"><\/a><\/p>\n<h3 style=\"text-align: center; padding-top: 0px !important; margin-top: 0px !important;\"><span data-attr-link=\"1\" data-attr-rel=\"0\" data-attr-target=\"0\" data-extra_key=\"\" data-option-inline=\"1\" data-shortcode=\"tcb_post_title\" data-shortcode-name=\"Post title\" data-attr-css=\"\" data-attr-static-link=\"{&quot;className&quot;:&quot;&quot;,&quot;href&quot;:&quot;https:\/\/www.paristouristinformation.fr\/de\/sehenswurdigkeiten\/brucke\/pont-neuf\/&quot;,&quot;title&quot;:&quot;Pont Neuf Br\u00fccke in Paris: Geschichte, Attraktionen, Anfahrt&quot;,&quot;class&quot;:&quot;&quot;}\" style=\"\"><a href=\"https:\/\/www.paristouristinformation.fr\/de\/sehenswurdigkeiten\/parc-des-princes\/\" title=\"Parc des Princes (Prinzenpark): Stadion-Tour, Tickets\" data-css=\"\">Parc des Princes (Prinzenpark): Stadion-Tour, Tickets<\/a><\/span><\/h3>\n<p><a href=\"https:\/\/www.paristouristinformation.fr\/de\/attraktionen\/montparnasse-turm\/\" dynamic-postlink=\"tcb_post_the_permalink\" data-shortcode-id=\"1206\"><\/a><\/p>\n<h3 style=\"text-align: center; padding-top: 0px !important; margin-top: 0px !important;\"><span data-attr-link=\"1\" data-attr-rel=\"0\" data-attr-target=\"0\" data-extra_key=\"\" data-option-inline=\"1\" data-shortcode=\"tcb_post_title\" data-shortcode-name=\"Post title\" data-attr-css=\"\" data-attr-static-link=\"{&quot;className&quot;:&quot;&quot;,&quot;href&quot;:&quot;https:\/\/www.paristouristinformation.fr\/de\/sehenswurdigkeiten\/brucke\/pont-neuf\/&quot;,&quot;title&quot;:&quot;Pont Neuf Br\u00fccke in Paris: Geschichte, Attraktionen, Anfahrt&quot;,&quot;class&quot;:&quot;&quot;}\" style=\"\"><a href=\"https:\/\/www.paristouristinformation.fr\/de\/attraktionen\/montparnasse-turm\/\" title=\"Tour Montparnasse | Tickets &amp; Tipps, Infos &amp; Geschichte\" data-css=\"\">Tour Montparnasse | Tickets &amp; Tipps, Infos &amp; Geschichte<\/a><\/span><\/h3>\n<p><a href=\"https:\/\/www.paristouristinformation.fr\/de\/faq\/taschendiebe-verhindern-paris\/\" dynamic-postlink=\"tcb_post_the_permalink\" data-shortcode-id=\"1206\"><\/a><\/p>\n<h3 style=\"text-align: center; padding-top: 0px !important; margin-top: 0px !important;\"><span data-attr-link=\"1\" data-attr-rel=\"0\" data-attr-target=\"0\" data-extra_key=\"\" data-option-inline=\"1\" data-shortcode=\"tcb_post_title\" data-shortcode-name=\"Post title\" data-attr-css=\"\" data-attr-static-link=\"{&quot;className&quot;:&quot;&quot;,&quot;href&quot;:&quot;https:\/\/www.paristouristinformation.fr\/de\/sehenswurdigkeiten\/brucke\/pont-neuf\/&quot;,&quot;title&quot;:&quot;Pont Neuf Br\u00fccke in Paris: Geschichte, Attraktionen, Anfahrt&quot;,&quot;class&quot;:&quot;&quot;}\" style=\"\"><a href=\"https:\/\/www.paristouristinformation.fr\/de\/faq\/taschendiebe-verhindern-paris\/\" title=\"Taschendiebe in Paris vermeiden | Einfache &amp; N\u00fctzliche Tipps\" data-css=\"\">Taschendiebe in Paris vermeiden | Einfache &amp; N\u00fctzliche Tipps<\/a><\/span><\/h3>\n","protected":false},"excerpt":{"rendered":"<p>Wenn Sie w\u00e4hrend Ihres Aufenthalts in Paris an einem atemberaubenden Ereignis teilnehmen m\u00f6chten, umgeben von Tausenden von Menschen, die alle zusammen feiern und jubeln, dann ist das Stade de France der richtige Ort. Das Stade de France ist das gr\u00f6\u00dfte Stadion in Frankreich. Erleben Sie hier ein erstklassiges Fu\u00dfball- oder Rugbyspiel oder wohnen Sie einem [&hellip;]<\/p>\n","protected":false},"author":9,"featured_media":6715,"parent":2930,"menu_order":0,"comment_status":"closed","ping_status":"closed","template":"","meta":{"footnotes":""},"tags":[],"class_list":["post-3676","page","type-page","status-publish","has-post-thumbnail","hentry","post-wrapper","thrv_wrapper"],"wp-worthy-pixel":{"ignored":false,"public":"337308e929da40ec850a080d9a215bfd","server":"vg06.met.vgwort.de","url":"https:\/\/vg06.met.vgwort.de\/na\/337308e929da40ec850a080d9a215bfd"},"wp-worthy-type":"normal","_links":{"self":[{"href":"https:\/\/www.paristouristinformation.fr\/de\/wp-json\/wp\/v2\/pages\/3676","targetHints":{"allow":["GET"]}}],"collection":[{"href":"https:\/\/www.paristouristinformation.fr\/de\/wp-json\/wp\/v2\/pages"}],"about":[{"href":"https:\/\/www.paristouristinformation.fr\/de\/wp-json\/wp\/v2\/types\/page"}],"author":[{"embeddable":true,"href":"https:\/\/www.paristouristinformation.fr\/de\/wp-json\/wp\/v2\/users\/9"}],"replies":[{"embeddable":true,"href":"https:\/\/www.paristouristinformation.fr\/de\/wp-json\/wp\/v2\/comments?post=3676"}],"version-history":[{"count":0,"href":"https:\/\/www.paristouristinformation.fr\/de\/wp-json\/wp\/v2\/pages\/3676\/revisions"}],"up":[{"embeddable":true,"href":"https:\/\/www.paristouristinformation.fr\/de\/wp-json\/wp\/v2\/pages\/2930"}],"wp:featuredmedia":[{"embeddable":true,"href":"https:\/\/www.paristouristinformation.fr\/de\/wp-json\/wp\/v2\/media\/6715"}],"wp:attachment":[{"href":"https:\/\/www.paristouristinformation.fr\/de\/wp-json\/wp\/v2\/media?parent=3676"}],"wp:term":[{"taxonomy":"post_tag","embeddable":true,"href":"https:\/\/www.paristouristinformation.fr\/de\/wp-json\/wp\/v2\/tags?post=3676"}],"curies":[{"name":"wp","href":"https:\/\/api.w.org\/{rel}","templated":true}]}}