{"id":3753,"date":"2023-01-05T07:53:00","date_gmt":"2023-01-05T07:53:00","guid":{"rendered":"https:\/\/paristouristinformation.fr\/de\/\/?page_id=3753"},"modified":"2024-01-20T10:27:23","modified_gmt":"2024-01-20T10:27:23","slug":"museum-rodin","status":"publish","type":"page","link":"https:\/\/www.paristouristinformation.fr\/de\/sehenswurdigkeiten\/museum\/museum-rodin\/","title":{"rendered":"Rodin Museum in Paris | Ausstellung, Tipps &#038; Tickets"},"content":{"rendered":"<p>Das Rodin-Museum besitzt eine <strong>umfangreiche Sammlung von Skulpturen, Zeichnungen und Fotografien<\/strong>. Fast 300 Werke von Rodin sind in dem Museum ausgestellt. Es gibt auch Werke von anderen K\u00fcnstlern.Das Geb\u00e4ude, in dem sich das Museum Rodin befindet, ist nicht nur ein <strong>privates Stadthaus, das die Architektur des fr\u00fchen 18. Jahrhunderts widerspiegelt, <\/strong>sondern auch ein franz\u00f6sisches Kulturerbe, ein \u00dcberbleibsel des alten Regimes. Auguste Rodin mietete die R\u00e4ume im Erdgeschoss dieses Geb\u00e4udes, um sie als Atelier und Wohnsitz zu nutzen. Entdecken Sie, was dieses kostbare, typische Pariser Museum den Besuchern zu bieten hat. Hier finden Sie alle wichtigen Informationen \u00fcber das Rodin-Museum.<\/p>\n<h2 id=\"t-1612277413546\">Was kann ich im Rodin-Museum in Paris unternehmen?<\/h2>\n<p><span><img decoding=\"async\" alt=\"\" data-id=\"765\" width=\"736\" data-init-width=\"1000\" height=\"491\" data-init-height=\"667\" title=\"Rodin Museum in Paris in France\" src=\"https:\/\/paristouristinformation.fr\/de\/\/wp-content\/uploads\/2020\/06\/Rodin-Museum-in-Paris-in-France.jpg\" data-width=\"736\" data-height=\"491\" data-pinpro-key=\"txkbngwpx\" loading=\"lazy\"><\/span><\/p>\n<p>Rodins Werke waren zu seiner Zeit wegweisend f\u00fcr den realistischen Stil, der die moderne Bildhauerei stark beeinflusst hat. Hier sind die Highlights des Ortes:<\/p>\n<h3><strong data-rich-text-format-boundary=\"true\">Garten des Orpheus &amp; Garten der Quellen<\/strong><\/h3>\n<p>Die sch\u00f6nen G\u00e4rten des Museums sind ideal, um Ruhe zu finden, wo Sie Rodins ber\u00fchmte Skulpturen wie &#8222;Der Denker&#8220;, &#8222;Das H\u00f6llentor&#8220; und &#8222;Die B\u00fcrger von Calais&#8220; sehen k\u00f6nnen.<\/p>\n<h3><strong data-rich-text-format-boundary=\"true\">Der Denker (Le Penseur)<\/strong><\/h3>\n<p><span><img decoding=\"async\" alt=\"The Thinker in Paris in France\" data-id=\"6680\" width=\"702\" data-init-width=\"1000\" height=\"468\" data-init-height=\"667\" title=\"The Thinker in Paris in France\" src=\"https:\/\/paristouristinformation.fr\/de\/\/wp-content\/uploads\/2021\/01\/The-Thinker-in-Paris-in-France.jpg\" data-width=\"702\" data-height=\"468\" data-pinpro-key=\"scehz6n06\" loading=\"lazy\"><\/span><\/p>\n<p>Rodin w\u00e4hlte dieses Werk als seinen Grabstein. Die sitzende Bronzefigur scheint in Gedanken versunken zu sein und stellt Dante, den Autor der G\u00f6ttlichen Kom\u00f6die, dar.&nbsp;<\/p>\n<h3><strong data-rich-text-format-boundary=\"true\">Das Tor zur H\u00f6lle (La Porte de l&#8217;Enfer)<\/strong><\/h3>\n<p>Es hei\u00dft, dass sich Rodin bei der Schaffung dieses Werks von zwei literarischen Quellen inspirieren lie\u00df: von der G\u00f6ttlichen Kom\u00f6die von Dante Alighieri und von Die Blumen des B\u00f6sen von Charles Baudelaire. Auf dem Werk sind 180 Figuren zu sehen.<\/p>\n<h3><strong data-rich-text-format-boundary=\"true\">Portr\u00e4t von P\u00e8re Tanguy (Vincent Van Gogh)<\/strong><\/h3>\n<p>Es wurde von Vincent Van Gogh im Jahr 1887 gemalt. Er fertigte drei Portr\u00e4ts von Julien Tanguy an. Dieses Portr\u00e4t im Rodin-Museum ist das letzte der Serie und das technisch fortschrittlichste. Van Gogh wurde von der japanischen Ukiyo-e Bewegung beeinflusst. Im Hintergrund dieses Gem\u00e4ldes ist eine Ukiyo-e-Zeichnung zu sehen.<\/p>\n<h3><strong data-rich-text-format-boundary=\"true\">Camille Claudel Zimmer<\/strong><\/h3>\n<p>Rodin und Camille Claudel hatten eine leidenschaftliche und st\u00fcrmische Beziehung, die ihre Kunst beeinflusste. Claudel war auch eine begabte Bildhauerin und eine Sch\u00fclerin von Rodin. Einige ihrer Werke k\u00f6nnen Sie im Camille-Claudel-Saal sehen.<\/p>\n<h2 id=\"t-1612277413547\">Eintritt, Eintrittskarten und F\u00fchrungen<\/h2>\n<p><span><img decoding=\"async\" alt=\"Rodin Museum- The Thinker in Paris in France\" data-id=\"4122\" width=\"702\" data-init-width=\"1000\" height=\"468\" data-init-height=\"667\" title=\"Rodin Museum- The Thinker in Paris in France\" src=\"https:\/\/paristouristinformation.fr\/de\/\/wp-content\/uploads\/2020\/12\/the-thinker-rodin.jpg\" data-width=\"702\" data-height=\"468\" data-pinpro-key=\"qyap8kxqj\" loading=\"lazy\"><\/span><\/p>\n<ul>\n<li style=\"\"><span style=\"\"><strong>Eintrittskarten:<\/strong> Diese Eintrittskarte gilt f\u00fcr die St\u00e4ndige Sammlung, die Wechselausstellungen und den Skulpturengarten<\/span><\/li>\n<li><span>Holen Sie sich Ihre <a href=\"https:\/\/www.tiqets.com\/de\/paris-sehenswuerdigkeiten-c66746\/tickets-fur-musee-rodin-ohne-anstehen-p978005\/?partner=checkfortrip\" target=\"_blank\" style=\"outline: none;\" rel=\"noopener nofollow\"><strong>Online-Tickets f\u00fcr das Rodin-Museum<\/strong><\/a> und umgehen Sie die Warteschlange<\/span><\/li>\n<li><span style=\"\"><strong>F\u00fchrungen: <\/strong>Die F\u00fchrungen sind auf 8 Teilnehmer begrenzt. Es ist m\u00f6glich, die Details einiger Werke Rodins von einem professionellen F\u00fchrer zu erfahren. Informationen erhalten Sie auf der offiziellen Website des Museums.<\/span><\/li>\n<\/ul>\n<ul>\n<li><span style=\"\">Um Zeit und Geld zu sparen und Stress zu vermeiden, k\u00f6nnen Sie Ihre Reise mit dem Kauf des <a href=\"https:\/\/paristouristinformation.fr\/de\/touren-and-tickets\/\"><strong>Pariser Museumspasses<\/strong><\/a><em><strong>&nbsp;<\/strong><\/em>vorbereiten. Er erm\u00f6glicht den Zugang zu mehr als <span style=\"text-decoration: underline;\">50 Museen in Paris<\/span>. Ein Must-Have!<\/span><\/li>\n<\/ul>\n<h2 id=\"t-1612277413548\">So erreichen Sie das Rodin-Museum<\/h2>\n<p><strong data-rich-text-format-boundary=\"true\">Metro: <\/strong>Die n\u00e4chstgelegene Station ist &#8222;Varenne&#8220; auf der Metrolinie 13. Wenn Sie aus der Station aussteigen, werden Sie von Rodins Skulpturen begr\u00fc\u00dft.<\/p>\n<h2 id=\"t-1627475006144\">FAQ<\/h2>\n<h2 id=\"t-1612277413549\">Geschichte des Rodin-Museums in Paris<\/h2>\n<p>Auguste R\u00e8ne Rodin gilt als der Urvater der modernen Bildhauerei. Er schuf einige der bekanntesten Skulpturen der Geschichte wie Der Denker, Der Kuss und Die H\u00f6llenpforte.Das Museumsgeb\u00e4ude wurde als Hotel Biron bezeichnet, in dem Rodin von 1908 bis zu seinem Tod im Jahr 1917 wohnte. In den 1900er Jahren wohnten hier viele ber\u00fchmte K\u00fcnstler wie Henri Matisse, Jean Cocteau und Isadora Duncan.Der K\u00fcnstler war sehr an einer Kunstsammlung interessiert. Ein Jahr vor seinem Tod schenkte er seine gesamte Skulpturensammlung und viele wichtige Gem\u00e4lde von Van Gogh, Claude Mon\u00e9t und R\u00e9noir dem franz\u00f6sischen Staat, um ein Museum einzurichten. Seit 1919 dient es als Museum.<\/p>\n<div class=\"tcb-post-list tve-content-list thrv_wrapper\" data-type=\"grid\" data-pagination-type=\"none\" data-pages_near_current=\"2\" data-css=\"tve-u-17720a6ec0c\" data-total_post_count=\"3\" data-total_sticky_count=\"0\" data-no_posts_text=\"There are no posts to display.\"><article id=\"post-3917\" class=\"post-3917 page type-page status-publish has-post-thumbnail hentry post-wrapper thrv_wrapper thrive-animated-item \" tcb_hover_state_parent=\"\" shortcode=\"tcb_post_list\" data-id=\"3917\" data-selector=\".post-wrapper\"><style class=\"tcb-post-list-dynamic-style\" type=\"text\/css\"><\/style><\/p>\n<h3 style=\"\"><span data-attr-link=\"1\" data-attr-rel=\"0\" data-attr-target=\"0\" data-extra_key=\"\" data-option-inline=\"1\" data-shortcode=\"tcb_post_title\" data-shortcode-name=\"Post title\" data-attr-css=\"\" style=\"\" data-attr-static-link=\"{&quot;className&quot;:&quot;tve-froala fr-basic&quot;,&quot;href&quot;:&quot;https:\/\/paristouristinformation.fr\/de\/sehenswurdigkeiten\/museum\/museum-quai-branly\/&quot;,&quot;title&quot;:&quot;F\u00fchrer zum Museum Quai Branly in Paris&quot;,&quot;class&quot;:&quot;tve-froala fr-basic&quot;}\"><a href=\"https:\/\/www.paristouristinformation.fr\/de\/sehenswurdigkeiten\/eiffelturm\/\" title=\"Guide zum Eiffelturm: Tickets &amp; Tipps, Infos &amp; Fakten\" data-css=\"\" class=\"tve-froala fr-basic\">Guide zum Eiffelturm: Tickets &amp; Tipps, Infos &amp; Fakten<\/a><\/span><\/h3>\n<p><\/article><article id=\"post-3690\" class=\"post-3690 page type-page status-publish has-post-thumbnail hentry post-wrapper thrv_wrapper thrive-animated-item \" tcb_hover_state_parent=\"\" shortcode=\"tcb_post_list\" data-id=\"3690\" data-selector=\".post-wrapper\"><style class=\"tcb-post-list-dynamic-style\" type=\"text\/css\"><\/style><\/p>\n<h3 style=\"\"><span data-attr-link=\"1\" data-attr-rel=\"0\" data-attr-target=\"0\" data-extra_key=\"\" data-option-inline=\"1\" data-shortcode=\"tcb_post_title\" data-shortcode-name=\"Post title\" data-attr-css=\"\" style=\"\" data-attr-static-link=\"{&quot;className&quot;:&quot;tve-froala fr-basic&quot;,&quot;href&quot;:&quot;https:\/\/paristouristinformation.fr\/de\/sehenswurdigkeiten\/museum\/museum-quai-branly\/&quot;,&quot;title&quot;:&quot;F\u00fchrer zum Museum Quai Branly in Paris&quot;,&quot;class&quot;:&quot;tve-froala fr-basic&quot;}\"><a href=\"https:\/\/www.paristouristinformation.fr\/de\/kirche\/basilika-sacre-coeur\/\" title=\"Basilika\u00a0Sacr\u00e9-C\u0153ur de Montmartre: Infos, Fakten &amp; Attraktionen [mit Tickets]\" data-css=\"\" class=\"tve-froala fr-basic\">Basilika\u00a0Sacr\u00e9-C\u0153ur de Montmartre: Infos, Fakten &amp; Attraktionen [mit Tickets]<\/a><\/span><\/h3>\n<p><\/article><article id=\"post-3461\" class=\"post-3461 page type-page status-publish has-post-thumbnail hentry post-wrapper thrv_wrapper thrive-animated-item \" tcb_hover_state_parent=\"\" shortcode=\"tcb_post_list\" data-id=\"3461\" data-selector=\".post-wrapper\"><style class=\"tcb-post-list-dynamic-style\" type=\"text\/css\"><\/style><\/p>\n<h3 style=\"\"><span data-attr-link=\"1\" data-attr-rel=\"0\" data-attr-target=\"0\" data-extra_key=\"\" data-option-inline=\"1\" data-shortcode=\"tcb_post_title\" data-shortcode-name=\"Post title\" data-attr-css=\"\" style=\"\" data-attr-static-link=\"{&quot;className&quot;:&quot;tve-froala fr-basic&quot;,&quot;href&quot;:&quot;https:\/\/paristouristinformation.fr\/de\/sehenswurdigkeiten\/museum\/museum-quai-branly\/&quot;,&quot;title&quot;:&quot;F\u00fchrer zum Museum Quai Branly in Paris&quot;,&quot;class&quot;:&quot;tve-froala fr-basic&quot;}\"><a href=\"https:\/\/www.paristouristinformation.fr\/de\/sehenswurdigkeiten\/museum\/museum-quai-branly\/\" title=\"Museum Quai Branly | Infos, Tipps &amp; Tickets\" data-css=\"\" class=\"tve-froala fr-basic\">Museum Quai Branly | Infos, Tipps &amp; Tickets<\/a><\/span><\/h3>\n<p><\/article><\/div>\n<h2 id=\"t-1612277413550\">Kontakt<\/h2>\n<ul>\n<li><span style=\"\"><strong>Adresse:&nbsp;<\/strong>79 Rue de Varenne, 75007 Paris<\/span><\/li>\n<li><span style=\"\"><strong>\u00d6ffnungszeiten:&nbsp;<\/strong><a data-id=\"http:\/\/www.musee-rodin.fr\/en\/musee-rodin\" data-rich-text-format-boundary=\"true\" data-type=\"URL\" href=\"http:\/\/www.musee-rodin.fr\/en\/musee-rodin\" style=\"outline: none;\" rel=\"nofollow noopener\" target=\"_blank\">&nbsp;www.musee-rodin.fr\/en<\/a><\/span><\/li>\n<li><span style=\"\"><strong>\u00d6ffentliche Verkehrsmittel: <\/strong>&#8222;Varenne&#8220; auf der U-Bahn-Linie 13.<\/span><\/li>\n<li style=\"\"><span style=\"\"><strong>Webseite:&nbsp;<\/strong><a data-id=\"http:\/\/www.musee-rodin.fr\/en\/musee-rodin\" data-rich-text-format-boundary=\"true\" data-type=\"URL\" href=\"http:\/\/www.musee-rodin.fr\/en\/musee-rodin\" style=\"outline: none;\" rel=\"nofollow noopener\" target=\"_blank\">www.musee-rodin.fr\/en<\/a><\/span><\/li>\n<\/ul>\n<ul>\n<li><span style=\"\">Planen Sie Ihre Reise nach Paris? Wir haben f\u00fcr Sie eine Liste mit den <a href=\"https:\/\/paristouristinformation.fr\/de\/sehenswurdigkeiten\/museum\/\"><strong>30 besten Museen in Paris<\/strong> <\/a>zusammengestellt.<\/span><\/li>\n<\/ul>\n<p>__CONFIG_colors_palette__{&#8222;active_palette&#8220;:0,&#8220;config&#8220;:{&#8222;colors&#8220;:{&#8222;50ce5&#8220;:{&#8222;name&#8220;:&#8220;Main Accent&#8220;,&#8220;parent&#8220;:-1}},&#8220;gradients&#8220;:[]},&#8220;palettes&#8220;:[{&#8222;name&#8220;:&#8220;Default Palette&#8220;,&#8220;value&#8220;:{&#8222;colors&#8220;:{&#8222;50ce5&#8220;:{&#8222;val&#8220;:&#8220;var(&#8211;tcb-skin-color-0)&#8220;}},&#8220;gradients&#8220;:[]},&#8220;original&#8220;:{&#8222;colors&#8220;:{&#8222;50ce5&#8220;:{&#8222;val&#8220;:&#8220;rgb(19, 114, 211)&#8220;,&#8220;hsl&#8220;:{&#8222;h&#8220;:210,&#8220;s&#8220;:0.83,&#8220;l&#8220;:0.45,&#8220;a&#8220;:1}}},&#8220;gradients&#8220;:[]}}]}__CONFIG_colors_palette__ <a href=\"https:\/\/paristouristinformation.fr\/de\/\/de\/things-to-do\/museum\/\"> <span><span>Weitere sehenswerte Museen in Paris<\/span><\/span> <\/a><\/p>\n<h2 style=\"\" id=\"t-1640519899151\">Verwandte Artikel:<\/h2>\n<div class=\"tcb-post-list tve-content-list thrv_wrapper\" data-type=\"grid\" data-pagination-type=\"none\" data-pages_near_current=\"2\" data-css=\"tve-u-17df69e10aa\" data-total_post_count=\"4\" data-total_sticky_count=\"0\" data-no_posts_text=\"There are no posts to display.\"><article id=\"post-3423\" class=\"post-3423 page type-page status-publish has-post-thumbnail hentry post-wrapper thrv_wrapper thrive-animated-item  tve_evt_manager_listen tve_ea_thrive_animation tve_et_mouseover tve_anim_grow\" tcb_hover_state_parent=\"\" class=\"tve_evt_manager_listen tve_ea_thrive_animation tve_et_mouseover tve_anim_grow\" data-id=\"3423\" data-selector=\".post-wrapper\"><style class=\"tcb-post-list-dynamic-style\" type=\"text\/css\">@media (min-width: 300px){[].tcb-post-list #post-3423 []{background-image: url(&#8222;https:\/\/www.paristouristinformation.fr\/de\/wp-content\/uploads\/2021\/01\/A-Guide-to-Arts-and-Crafts-Museum-in-Paris-in-France-1024x538.jpg&#8222;) !important;}[].tcb-post-list #post-3423 []:hover []{background-image: url(&#8222;https:\/\/www.paristouristinformation.fr\/de\/wp-content\/uploads\/2021\/01\/A-Guide-to-Arts-and-Crafts-Museum-in-Paris-in-France-1024x538.jpg&#8222;) !important;}}<\/style><a href=\"https:\/\/www.paristouristinformation.fr\/de\/sehenswurdigkeiten\/museum\/musee-des-arts-et-metiers\/\" dynamic-postlink=\"tcb_post_the_permalink\" data-shortcode-id=\"4015\"><\/a><\/p>\n<h3 style=\"text-align: center; padding-top: 0px !important; margin-top: 0px !important;\"><span data-attr-link=\"1\" data-attr-rel=\"0\" data-attr-target=\"0\" data-extra_key=\"\" data-option-inline=\"1\" data-shortcode=\"tcb_post_title\" data-shortcode-name=\"Post title\" data-attr-css=\"\" data-attr-static-link=\"{&quot;className&quot;:&quot;tve-froala fr-basic&quot;,&quot;href&quot;:&quot;https:\/\/paristouristinformation.fr\/de\/sehenswurdigkeiten\/museum\/museum-orangerie\/&quot;,&quot;title&quot;:&quot;Museum Orangerie in Paris: Eintrittskarten &amp; Ausstellungen&quot;,&quot;class&quot;:&quot;tve-froala fr-basic&quot;}\" style=\"\"><a href=\"https:\/\/www.paristouristinformation.fr\/de\/sehenswurdigkeiten\/museum\/musee-des-arts-et-metiers\/\" title=\"Mus\u00e9e des Arts et M\u00e9tiers in Paris | Infos, Tipps &amp; Tickets\" data-css=\"\" class=\"tve-froala fr-basic\">Mus\u00e9e des Arts et M\u00e9tiers in Paris | Infos, Tipps &amp; Tickets<\/a><\/span><\/h3>\n<p><\/article><article id=\"post-998\" class=\"post-998 page type-page status-publish has-post-thumbnail hentry post-wrapper thrv_wrapper thrive-animated-item  tve_evt_manager_listen tve_ea_thrive_animation tve_et_mouseover tve_anim_grow\" tcb_hover_state_parent=\"\" class=\"tve_evt_manager_listen tve_ea_thrive_animation tve_et_mouseover tve_anim_grow\" data-id=\"998\" data-selector=\".post-wrapper\"><style class=\"tcb-post-list-dynamic-style\" type=\"text\/css\">@media (min-width: 300px){[].tcb-post-list #post-998 []{background-image: url(&#8222;https:\/\/www.paristouristinformation.fr\/de\/wp-content\/uploads\/2021\/01\/Louvre-Museum-in-Paris-in-France-1024x538.jpg&#8222;) !important;}[].tcb-post-list #post-998 []:hover []{background-image: url(&#8222;https:\/\/www.paristouristinformation.fr\/de\/wp-content\/uploads\/2021\/01\/Louvre-Museum-in-Paris-in-France-1024x538.jpg&#8222;) !important;}}<\/style><a href=\"https:\/\/www.paristouristinformation.fr\/de\/sehenswurdigkeiten\/museum\/louvre\/\" dynamic-postlink=\"tcb_post_the_permalink\" data-shortcode-id=\"4015\"><\/a><\/p>\n<h3 style=\"text-align: center; padding-top: 0px !important; margin-top: 0px !important;\"><span data-attr-link=\"1\" data-attr-rel=\"0\" data-attr-target=\"0\" data-extra_key=\"\" data-option-inline=\"1\" data-shortcode=\"tcb_post_title\" data-shortcode-name=\"Post title\" data-attr-css=\"\" data-attr-static-link=\"{&quot;className&quot;:&quot;tve-froala fr-basic&quot;,&quot;href&quot;:&quot;https:\/\/paristouristinformation.fr\/de\/sehenswurdigkeiten\/museum\/museum-orangerie\/&quot;,&quot;title&quot;:&quot;Museum Orangerie in Paris: Eintrittskarten &amp; Ausstellungen&quot;,&quot;class&quot;:&quot;tve-froala fr-basic&quot;}\" style=\"\"><a href=\"https:\/\/www.paristouristinformation.fr\/de\/sehenswurdigkeiten\/museum\/louvre\/\" title=\"Louvre Museum | Tickets &amp; F\u00fchrungen, Infos &amp; Tipps\" data-css=\"\" class=\"tve-froala fr-basic\">Louvre Museum | Tickets &amp; F\u00fchrungen, Infos &amp; Tipps<\/a><\/span><\/h3>\n<p><\/article><article id=\"post-8391\" class=\"post-8391 page type-page status-publish has-post-thumbnail hentry post-wrapper thrv_wrapper thrive-animated-item  tve_evt_manager_listen tve_ea_thrive_animation tve_et_mouseover tve_anim_grow\" tcb_hover_state_parent=\"\" class=\"tve_evt_manager_listen tve_ea_thrive_animation tve_et_mouseover tve_anim_grow\" data-id=\"8391\" data-selector=\".post-wrapper\"><style class=\"tcb-post-list-dynamic-style\" type=\"text\/css\">@media (min-width: 300px){[].tcb-post-list #post-8391 []{background-image: url(&#8222;https:\/\/www.paristouristinformation.fr\/de\/wp-content\/uploads\/2021\/02\/Top-30-Best-Museums-to-Visit-in-Paris-1024x538.jpg&#8222;) !important;}[].tcb-post-list #post-8391 []:hover []{background-image: url(&#8222;https:\/\/www.paristouristinformation.fr\/de\/wp-content\/uploads\/2021\/02\/Top-30-Best-Museums-to-Visit-in-Paris-1024x538.jpg&#8222;) !important;}}<\/style><a href=\"https:\/\/www.paristouristinformation.fr\/de\/sehenswurdigkeiten\/museum\/orsay-museum\/\" dynamic-postlink=\"tcb_post_the_permalink\" data-shortcode-id=\"4015\"><\/a><\/p>\n<h3 style=\"text-align: center; padding-top: 0px !important; margin-top: 0px !important;\"><span data-attr-link=\"1\" data-attr-rel=\"0\" data-attr-target=\"0\" data-extra_key=\"\" data-option-inline=\"1\" data-shortcode=\"tcb_post_title\" data-shortcode-name=\"Post title\" data-attr-css=\"\" data-attr-static-link=\"{&quot;className&quot;:&quot;tve-froala fr-basic&quot;,&quot;href&quot;:&quot;https:\/\/paristouristinformation.fr\/de\/sehenswurdigkeiten\/museum\/museum-orangerie\/&quot;,&quot;title&quot;:&quot;Museum Orangerie in Paris: Eintrittskarten &amp; Ausstellungen&quot;,&quot;class&quot;:&quot;tve-froala fr-basic&quot;}\" style=\"\"><a href=\"https:\/\/www.paristouristinformation.fr\/de\/sehenswurdigkeiten\/museum\/orsay-museum\/\" title=\"Mus\u00e9e d\u2019Orsay (Orsay Museum) | Tickets, Tipps &amp; Infos\" data-css=\"\" class=\"tve-froala fr-basic\">Mus\u00e9e d\u2019Orsay (Orsay Museum) | Tickets, Tipps &amp; Infos<\/a><\/span><\/h3>\n<p><\/article><article id=\"post-4015\" class=\"post-4015 page type-page status-publish has-post-thumbnail hentry post-wrapper thrv_wrapper thrive-animated-item  tve_evt_manager_listen tve_ea_thrive_animation tve_et_mouseover tve_anim_grow\" tcb_hover_state_parent=\"\" class=\"tve_evt_manager_listen tve_ea_thrive_animation tve_et_mouseover tve_anim_grow\" data-id=\"4015\" data-selector=\".post-wrapper\"><style class=\"tcb-post-list-dynamic-style\" type=\"text\/css\">@media (min-width: 300px){[].tcb-post-list #post-4015 []{background-image: url(&#8222;https:\/\/www.paristouristinformation.fr\/de\/wp-content\/uploads\/2021\/01\/A-Guide-to-the-Orangerie-Museum-in-Paris-in-France-1024x538.jpg&#8222;) !important;}[].tcb-post-list #post-4015 []:hover []{background-image: url(&#8222;https:\/\/www.paristouristinformation.fr\/de\/wp-content\/uploads\/2021\/01\/A-Guide-to-the-Orangerie-Museum-in-Paris-in-France-1024x538.jpg&#8222;) !important;}}<\/style><a href=\"https:\/\/www.paristouristinformation.fr\/de\/sehenswurdigkeiten\/museum\/museum-orangerie\/\" dynamic-postlink=\"tcb_post_the_permalink\" data-shortcode-id=\"4015\"><\/a><\/p>\n<h3 style=\"text-align: center; padding-top: 0px !important; margin-top: 0px !important;\"><span data-attr-link=\"1\" data-attr-rel=\"0\" data-attr-target=\"0\" data-extra_key=\"\" data-option-inline=\"1\" data-shortcode=\"tcb_post_title\" data-shortcode-name=\"Post title\" data-attr-css=\"\" data-attr-static-link=\"{&quot;className&quot;:&quot;tve-froala fr-basic&quot;,&quot;href&quot;:&quot;https:\/\/paristouristinformation.fr\/de\/sehenswurdigkeiten\/museum\/museum-orangerie\/&quot;,&quot;title&quot;:&quot;Museum Orangerie in Paris: Eintrittskarten &amp; Ausstellungen&quot;,&quot;class&quot;:&quot;tve-froala fr-basic&quot;}\" style=\"\"><a href=\"https:\/\/www.paristouristinformation.fr\/de\/sehenswurdigkeiten\/museum\/museum-orangerie\/\" title=\"Orangerie Museum in Paris | Ausstellung, Eintritt &amp; Tickets\" data-css=\"\" class=\"tve-froala fr-basic\">Orangerie Museum in Paris | Ausstellung, Eintritt &amp; Tickets<\/a><\/span><\/h3>\n<p><\/article><\/div>\n","protected":false},"excerpt":{"rendered":"<p>Das Rodin-Museum besitzt eine umfangreiche Sammlung von Skulpturen, Zeichnungen und Fotografien. Fast 300 Werke von Rodin sind in dem Museum ausgestellt. Es gibt auch Werke von anderen K\u00fcnstlern.Das Geb\u00e4ude, in dem sich das Museum Rodin befindet, ist nicht nur ein privates Stadthaus, das die Architektur des fr\u00fchen 18. Jahrhunderts widerspiegelt, sondern auch ein franz\u00f6sisches Kulturerbe, [&hellip;]<\/p>\n","protected":false},"author":9,"featured_media":4119,"parent":68,"menu_order":0,"comment_status":"closed","ping_status":"closed","template":"","meta":{"footnotes":""},"tags":[],"class_list":{"0":"post-3753","1":"page","2":"type-page","3":"status-publish","4":"has-post-thumbnail","5":"hentry","6":"post-wrapper","7":"thrv_wrapper","10":"thrive-animated-item"},"wp-worthy-pixel":{"ignored":false,"public":"9d680edadc0c436b948ed2d44659cbb3","server":"vg07.met.vgwort.de","url":"https:\/\/vg07.met.vgwort.de\/na\/9d680edadc0c436b948ed2d44659cbb3"},"wp-worthy-type":"normal","_links":{"self":[{"href":"https:\/\/www.paristouristinformation.fr\/de\/wp-json\/wp\/v2\/pages\/3753","targetHints":{"allow":["GET"]}}],"collection":[{"href":"https:\/\/www.paristouristinformation.fr\/de\/wp-json\/wp\/v2\/pages"}],"about":[{"href":"https:\/\/www.paristouristinformation.fr\/de\/wp-json\/wp\/v2\/types\/page"}],"author":[{"embeddable":true,"href":"https:\/\/www.paristouristinformation.fr\/de\/wp-json\/wp\/v2\/users\/9"}],"replies":[{"embeddable":true,"href":"https:\/\/www.paristouristinformation.fr\/de\/wp-json\/wp\/v2\/comments?post=3753"}],"version-history":[{"count":0,"href":"https:\/\/www.paristouristinformation.fr\/de\/wp-json\/wp\/v2\/pages\/3753\/revisions"}],"up":[{"embeddable":true,"href":"https:\/\/www.paristouristinformation.fr\/de\/wp-json\/wp\/v2\/pages\/68"}],"wp:featuredmedia":[{"embeddable":true,"href":"https:\/\/www.paristouristinformation.fr\/de\/wp-json\/wp\/v2\/media\/4119"}],"wp:attachment":[{"href":"https:\/\/www.paristouristinformation.fr\/de\/wp-json\/wp\/v2\/media?parent=3753"}],"wp:term":[{"taxonomy":"post_tag","embeddable":true,"href":"https:\/\/www.paristouristinformation.fr\/de\/wp-json\/wp\/v2\/tags?post=3753"}],"curies":[{"name":"wp","href":"https:\/\/api.w.org\/{rel}","templated":true}]}}