{"id":3781,"date":"2020-12-05T11:09:43","date_gmt":"2020-12-05T11:09:43","guid":{"rendered":"https:\/\/paristouristinformation.fr\/de\/\/clone-of-paris-shopping-guide\/"},"modified":"2024-01-20T10:18:22","modified_gmt":"2024-01-20T10:18:22","slug":"einkaufen","status":"publish","type":"page","link":"https:\/\/www.paristouristinformation.fr\/de\/einkaufen\/","title":{"rendered":"Paris Shopping Guide: Wo und was einkaufen?"},"content":{"rendered":"<h1 style=\"\">Paris Shopping Guide<\/h1>\n<p>Paris ist ber\u00fchmt f\u00fcr seine Modegesch\u00e4fte und Trends. Wo und was kann ich in Paris einkaufen?In unserem Guide finden Sie die besten Einkaufsstra\u00dfen, Einkaufszentren, Gesch\u00e4fte und M\u00e4rkte in Paris.<\/p>\n<h2 id=\"t-1594796653444\" style=\"text-align: center;\">Einkaufstipps<\/h2>\n<p><em><\/em>Paris ist die Einkaufsmetropole Frankreichs. Hier treffen Einkaufszentren, Einkaufsstra\u00dfen, kleine Boutiquen und M\u00e4rkte zum Vergn\u00fcgen der Einkaufss\u00fcchtigen und Liebhaber qualitativer Kleidung aufeinander. Die Mode ist ein wesentlicher Bestandteil der Pariser Kultur und wird sogar als Kunst betrachtet. Zwischen ausgefallenen Ideen, Designermode und Luxuslabels ist alles vertreten.<\/p>\n<p>Unser erster Tipp ist definitiv, <strong>gute Schuhe<\/strong> einzuplanen, wenn Sie ein paar Stunden in Paris einkaufen gehen wollen. Paris hat zwar ein sehr gut ausgebautes <a href=\"https:\/\/paristouristinformation.fr\/de\/planen\/offentliche-verkehrsmittel\/metro\/\" style=\"outline: none;\">Metrosystem<\/a>, aber irgendwie ist das Gehen sehr angenehm. Die Stra\u00dfen und sogar Einkaufszentren sind sehr gut gestaltet und k\u00f6nnen Sie schnell m\u00fcde werden.<\/p>\n<p>Hier sind einige Orte, an denen man beim Einkaufen viel laufen kann:<\/p>\n<ul>\n<li>Ber\u00fchmt sind die Einkaufsmeile <a href=\"https:\/\/paristouristinformation.fr\/de\/avenue-des-champs-elysees\/\" style=\"outline: none;\"><strong>Avenue de Champs-\u00c9lys\u00e9es<\/strong><\/a>, das Einkaufszentrum Les Galeries LaFayette und der Markt im <em><a href=\"https:\/\/paristouristinformation.fr\/de\/bezirke\/le-marais\/\" style=\"outline: none;\"><span style=\"font-style: normal;\"><strong>Viertel Le Marais<\/strong><\/span><\/a><em><strong>.<\/strong><\/em><\/em><\/li>\n<li>Die Luxusmarken haben sich im goldenen Dreieck niedergelassen, dem Gebiet zwischen der Avenue Montaigne, der Avenue George V und der Rue Fran\u00e7ois 1, dem ultimativen Ort f\u00fcr Luxus-Shopping in Paris.<\/li>\n<li>In der N\u00e4he des Zentrums befinden sich das Einkaufszentrum Printemps und das Westfield Forum des Halles. Individuelle Mode wird vor allem in den Boutiquen rund um den Boulevard Saint-Germain und im Viertel Le Marais verkauft.<\/li>\n<li>Der March\u00e9 des Enfants Rouges ist ber\u00fchmt f\u00fcr seine St\u00e4nde, Caf\u00e9s und Restaurants.<\/li>\n<\/ul>\n<h2 style=\"\">Einkaufstouren in Paris<\/h2>\n<p>[tcb-script async=&#8220;&#8220; src=&#8220;https:\/\/www.viator.com\/orion\/partner\/widget.js&#8220;][\/tcb-script]<\/p>\n<h3 id=\"t-1594796653445\">\u00d6ffnungszeiten in Paris<\/h3>\n<p>Die Gesch\u00e4fte in Paris sind in der Regel von Montag bis Samstag von 9:00 bis 20:00 Uhr ge\u00f6ffnet, Sonntag ist ein Feiertag. Lebensmittell\u00e4den sind sonntags je nach Bezirk zu bestimmten Zeiten ge\u00f6ffnet. Einige kleinere Gesch\u00e4fte schlie\u00dfen zur Mittagszeit f\u00fcr ein oder zwei Stunden. Die gro\u00dfen Einkaufszentren sind jedoch in der Regel auch sonntags ge\u00f6ffnet.<\/p>\n<p><strong><span style=\"color: var(ca1c1);\">Wochenende:&nbsp;<\/span><\/strong>Seit der Lockerung des Ladenschlussgesetzes d\u00fcrfen die Gesch\u00e4fte in den Touristengebieten auch am Sonntag \u00f6ffnen. Davon sind rund 3.000 Gesch\u00e4fte in Paris betroffen. Vor allem in den bekannten Einkaufsstra\u00dfen wie den Champs-\u00c9lys\u00e9es, der Rue Saint-Honor\u00e9 oder in Le Marais sind viele Gesch\u00e4fte sonntags ge\u00f6ffnet. Alle gro\u00dfen Einkaufszentren, darunter LaFayette, Les Halles und viele mehr, sind ebenfalls sonntags ge\u00f6ffnet.<\/p>\n<p><span><img decoding=\"async\" alt=\"Shopping at Champs Elysees in Paris in France\" data-id=\"4249\" width=\"1080\" data-init-width=\"1000\" height=\"731\" data-init-height=\"677\" title=\"Shopping at Champs Elysees in Paris in France\" src=\"https:\/\/paristouristinformation.fr\/de\/\/wp-content\/uploads\/2020\/12\/Shopping-at-Champs-Elysees-in-Paris-in-France.jpg\" data-width=\"1080\" data-height=\"731\" loading=\"lazy\" style=\"\"><\/span><\/p>\n<h2 style=\"text-align: center;\" id=\"t-1594796653446\">Typische Orte zum Einkaufen<\/h2>\n<p style=\"text-align: center;\">\u00dcbersicht der Einkaufsstra\u00dfen, Einkaufszentren und M\u00e4rkteParis ist voll von guten Gesch\u00e4ften in der ganzen Stadt. Man kann jedoch zwischen <strong>2 Arten von Einkaufsm\u00f6glichkeiten<\/strong> unterscheiden: Die Einkaufszentren und die Einkaufsstra\u00dfen. Beide haben Vorteile und Nachteile und sprechen unterschiedliche Menschen an. Ziehen Sie es vor, alle Gesch\u00e4fte in einem gro\u00dfen Zentrum zu finden? Oder sind Sie lieber an der frischen Luft und gehen an den Gesch\u00e4ften in einer Stra\u00dfe vorbei? In einem Einkaufszentrum wissen Sie dank des Plans am Eingang, was sich darin befindet, und das kann an <a href=\"https:\/\/paristouristinformation.fr\/de\/regenwetter\/\" style=\"outline: none;\"><strong>regnerischen Tagen<\/strong><\/a> in Paris sehr praktisch sein. Die Einkaufsstra\u00dfen sind offener f\u00fcr \u00dcberraschungen und lassen Sie gleichzeitig die Stadt entdecken. Um alle guten Adressen zu finden, haben wir zwei Artikel vorbereitet, die Sie durch die Einkaufsstra\u00dfen von Paris f\u00fchren:<\/p>\n<p><a href=\"https:\/\/www.paristouristinformation.fr\/de\/einkaufen\/strassen\/\" dynamic-postlink=\"tcb_post_the_permalink\" data-shortcode-id=\"424\"><\/a><\/p>\n<h3 style=\"text-align: center; padding-top: 0px !important; margin-top: 0px !important;\"><span data-attr-link=\"1\" data-attr-rel=\"0\" data-attr-target=\"0\" data-extra_key=\"\" data-option-inline=\"1\" data-shortcode=\"tcb_post_title\" data-shortcode-name=\"Post title\" data-attr-css=\"\" style=\"\" data-attr-static-link=\"{&quot;className&quot;:&quot;&quot;,&quot;href&quot;:&quot;https:\/\/www.paristouristinformation.fr\/de\/einkaufen\/strassen\/&quot;,&quot;title&quot;:&quot;Die 7 besten Einkaufsstra\u00dfen in Paris&quot;,&quot;class&quot;:&quot;&quot;}\"><a href=\"https:\/\/www.paristouristinformation.fr\/de\/einkaufen\/strassen\/\" title=\"Die 7 besten Einkaufsstra\u00dfen in Paris\" data-css=\"\">Die 7 besten Einkaufsstra\u00dfen in Paris<\/a><\/span><\/h3>\n<p><a href=\"https:\/\/www.paristouristinformation.fr\/de\/einkaufen\/strassen\/\"><span style=\"\"><span style=\"\"><strong>Mehr lesen<\/strong><\/span><\/span><\/a><a href=\"https:\/\/www.paristouristinformation.fr\/de\/einkaufen\/einkaufszentrum\/\" dynamic-postlink=\"tcb_post_the_permalink\" data-shortcode-id=\"424\"><\/a><\/p>\n<h3 style=\"text-align: center; padding-top: 0px !important; margin-top: 0px !important;\"><span data-attr-link=\"1\" data-attr-rel=\"0\" data-attr-target=\"0\" data-extra_key=\"\" data-option-inline=\"1\" data-shortcode=\"tcb_post_title\" data-shortcode-name=\"Post title\" data-attr-css=\"\" style=\"\" data-attr-static-link=\"{&quot;className&quot;:&quot;&quot;,&quot;href&quot;:&quot;https:\/\/www.paristouristinformation.fr\/de\/einkaufen\/strassen\/&quot;,&quot;title&quot;:&quot;Die 7 besten Einkaufsstra\u00dfen in Paris&quot;,&quot;class&quot;:&quot;&quot;}\"><a href=\"https:\/\/www.paristouristinformation.fr\/de\/einkaufen\/einkaufszentrum\/\" title=\"10 besten Einkaufszentren in Paris\" data-css=\"\">10 besten Einkaufszentren in Paris<\/a><\/span><\/h3>\n<p><a href=\"https:\/\/www.paristouristinformation.fr\/de\/einkaufen\/einkaufszentrum\/\"><span style=\"\"><span style=\"\"><strong>Mehr lesen<\/strong><\/span><\/span><\/a><a href=\"javascript:void(0)\"><span style=\"\"><span style=\"\">Load More<\/span><\/span><\/a><\/p>\n<h2 style=\"text-align: center; font-size: 34px !important;\" id=\"t-1613647270426\">Souvenirs aus Paris<\/h2>\n<p style=\"text-align: center;\">Was kann ich aus Paris mit nach Hause nehmen?Es gibt so viele Ideen f\u00fcr Mitbringsel aus Paris, wie es Gesch\u00e4fte gibt. Hier haben wir eine Liste mit 11 Ideen f\u00fcr Mitbringsel aus Paris zusammengestellt: Typische Pariser Kleidung, Lebensmittel, besondere Pariser Gegenst\u00e4nde und viele weitere Ideen, die Sie und Ihre Lieben sehr gl\u00fccklich machen werden!<\/p>\n<p><a href=\"https:\/\/www.paristouristinformation.fr\/de\/einkaufen\/souvenirs\/\" dynamic-postlink=\"tcb_post_the_permalink\" data-shortcode-id=\"3406\"><\/a><\/p>\n<h3 style=\"text-align: center; padding-top: 0px !important; margin-top: 0px !important;\"><span data-attr-link=\"1\" data-attr-rel=\"0\" data-attr-target=\"0\" data-extra_key=\"\" data-option-inline=\"1\" data-shortcode=\"tcb_post_title\" data-shortcode-name=\"Post title\" data-attr-css=\"\" style=\"\" data-attr-static-link=\"{&quot;className&quot;:&quot;&quot;,&quot;href&quot;:&quot;https:\/\/www.paristouristinformation.fr\/de\/einkaufen\/souvenirs\/&quot;,&quot;title&quot;:&quot;11 Souvenirs aus Paris zum Mitnehmen&quot;,&quot;class&quot;:&quot;&quot;}\"><a href=\"https:\/\/www.paristouristinformation.fr\/de\/einkaufen\/souvenirs\/\" title=\"11 Souvenirs aus Paris zum Mitnehmen\" data-css=\"\">11 Souvenirs aus Paris zum Mitnehmen<\/a><\/span><\/h3>\n<p><a href=\"https:\/\/www.paristouristinformation.fr\/de\/einkaufen\/souvenirs\/\"><span style=\"\"><span style=\"\"><strong>Mehr lesen<\/strong><\/span><\/span><\/a><a href=\"javascript:void(0)\"><span style=\"\"><span style=\"\">Load More<\/span><\/span><\/a><span><img decoding=\"async\" alt=\"\" data-id=\"372\" width=\"1080\" data-init-width=\"1200\" height=\"720\" data-init-height=\"800\" title=\"Champs Elysees Avenue in Paris in France\" src=\"https:\/\/paristouristinformation.fr\/de\/\/wp-content\/uploads\/2020\/07\/Champs-Elysees-from-Arc-X.jpg\" data-width=\"1080\" data-height=\"720\" style=\"\" loading=\"lazy\"><\/span><\/p>\n<h2 style=\"text-align: center; font-size: 34px !important;\" id=\"t-1626270649587\">Marken zum Einkaufen<\/h2>\n<p style=\"text-align: center;\">Welche Marke sollte man in Paris kaufen?<\/p>\n<p>Paris ist ein wunderbares Paradies f\u00fcr franz\u00f6sische und internationale Marken. Von luxuri\u00f6s bis mittelpreisig, in der franz\u00f6sischen Hauptstadt findet man ein Gesch\u00e4ft f\u00fcr jeden Wunsch und jedes Budget. Es gibt einige Orte, an denen man unbedingt einkaufen muss, die es nur in Paris oder in den gro\u00dfen St\u00e4dten der Welt gibt. Lassen Sie sich von uns durch diese f\u00fchren.<\/p>\n<h3><strong>Einige Gesch\u00e4fte, die man in Paris besuchen sollte :<\/strong><\/h3>\n<ul>\n<li><strong data-rich-text-format-boundary=\"true\">Luxusmarken : <\/strong>Chanel, Cartier, Louis Vuitton, Dior, Gucci, Herm\u00e8s, Versace, Balmain, C\u00e9line, YSL&#8230;<\/li>\n<li><strong>Kosmetika :&nbsp;<\/strong>Guerlain, Mac Cosmetics, Clarins, Esther Lauder, Chanel, Lanc\u00f4me, Bourgeois, Vichy, Nuxe&#8230;<\/li>\n<li><strong>Kleidung f\u00fcr Frauen :&nbsp;<\/strong>The Kooples, Sezane, Maje, Sandro, Comptoire des cotonniers, Isabel Marant&#8230;<\/li>\n<li><strong>Kleidung f\u00fcr M\u00e4nner :&nbsp;<\/strong>Celio, Kenzo, Ami Paris, Armand Thiery, Bexley, Calvin Klein, Chevignon, De Fursac, Hugo Boss&#8230;<\/li>\n<li><strong>Schmuck :<\/strong> Cartier, Chaumet, Tiffany&amp;Co, Myriades, Swarow, Mauboussin, Bulgari, Breguet&#8230;<\/li>\n<li><strong>Zubeh\u00f6r :<\/strong> Chlo\u00e9, Jaquemus, Chanel, Dior, Lancel, Longchamps, Louis Vuitton, Lanvin, Lancaster&#8230;<\/li>\n<li><strong>Sport :<\/strong> Adidas, Nike, Magasin Fifa&#8230;<\/li>\n<li><strong>Einkaufszentren :<\/strong> La Fayette, BHV, Le Bon March\u00e9, Le Printemps<\/li>\n<li><strong>Andere Gesch\u00e4fte :<\/strong> Disney Store, Apple Store, Marks&amp;Spencer, Banana Republic, Ferrari Store<\/li>\n<\/ul>\n<p><a href=\"javascript:void(0)\"><span style=\"\"><span style=\"\">Load More<\/span><\/span><\/a><\/p>\n<h2 style=\"text-align: center; font-size: 34px !important;\" id=\"t-1594796653442\">3 Bekannte Orte zum Einkaufen<\/h2>\n<p style=\"text-align: center;\">3 Orte : Die gr\u00f6\u00dfte Einkaufsstra\u00dfe. Das ber\u00fchmteste Einkaufszentrum. Der wichtigste Markt.<\/p>\n<h4 style=\"\">Avenue de Champs-\u00c9lys\u00e9es<\/h4>\n<p>Die <strong>ber\u00fchmteste Einkaufsstra\u00dfe in Paris <\/strong>und weit dar\u00fcber hinaus ist die Avenue de Champs-\u00c9lys\u00e9es mit ihren Luxusboutiquen, Flagship-Stores, Designerlabels und kleinen Boutiquen in den Seitenstra\u00dfen. Mehr als 300.000 Menschen flanieren t\u00e4glich \u00fcber diesen fast 2 Kilometer langen Prachtboulevard. Auch wenn Sie nicht vorhaben, viel zu kaufen, sollten Sie sich den <a href=\"https:\/\/paristouristinformation.fr\/de\/attraktionen\/arc-de-triomphe\/\" style=\"outline: none;\"><strong>Arc de Triomphe<\/strong><\/a> nicht entgehen lassen.Lesen Sie auch unseren Artikel \u00fcber Aktivit\u00e4ten auf der <a href=\"https:\/\/paristouristinformation.fr\/de\/avenue-des-champs-elysees\/\" style=\"outline: none;\"><strong>Avenue Champs-\u00c9lys\u00e9es in Paris<\/strong><\/a><em><strong>.<\/strong><\/em><\/p>\n<p><span><img decoding=\"async\" alt=\"\" data-id=\"816\" width=\"1040\" data-init-width=\"1200\" height=\"693\" data-init-height=\"800\" title=\"Champs Elysees Avenue in Paris in France\" src=\"https:\/\/paristouristinformation.fr\/de\/\/wp-content\/uploads\/2020\/07\/Champs-Elysees-from-Arc-X.jpg\" data-width=\"1040\" data-height=\"693\" loading=\"lazy\"><\/span><\/p>\n<h4 style=\"\">Einkaufszentrum Les Galeries LaFayette<\/h4>\n<p>Das Einkaufszentrum Les Galeries LaFayette bietet auf einer Gesamtfl\u00e4che von 70.000 m\u00b2 alle Arten von Gesch\u00e4ften, von Billigl\u00e4den bis zu Luxusmarken der Spitzenklasse. Die Dachterrasse der Galeries LaFayette ist ber\u00fchmt f\u00fcr ihre Champagnerbar, die Ice Cube Bar, von der aus man einen herrlichen Blick auf Paris hat.<\/p>\n<p><span><img decoding=\"async\" alt=\"Galerie Lafayette in Paris in France\" data-id=\"157\" width=\"730\" data-init-width=\"1000\" height=\"487\" data-init-height=\"667\" title=\"Galerie Lafayette in Paris in France\" src=\"https:\/\/paristouristinformation.fr\/de\/\/wp-content\/uploads\/2020\/06\/Galerie-Lafayette-in-Paris-in-France.jpg\" data-width=\"730\" data-height=\"487\" loading=\"lazy\"><\/span><\/p>\n<h4>March\u00e9 des Enfants Rouges<\/h4>\n<p><em><\/em>Der \u00e4lteste Markt von Paris, der March\u00e9 des Enfants Rouges, &#8222;Markt der roten Kinder&#8220;, geht auf das Jahr 1615 zur\u00fcck. Die Kinder des nahe gelegenen Waisenhauses trugen fr\u00fcher rote Kleider, die Farbe der N\u00e4chstenliebe, die dem Markt seinen Namen gab. Die lebhafte Marktatmosph\u00e4re und die zahlreichen gastronomischen Angebote ziehen Besucher aus der ganzen Welt an. Der Markt befindet sich im <a href=\"https:\/\/paristouristinformation.fr\/de\/bezirke\/le-marais\/\" style=\"outline: none;\"><strong>Viertel Le Marais<\/strong><\/a> und es ist leicht, einen Marktbesuch mit dem Besuch einer Sehensw\u00fcrdigkeit zu verbinden.<\/p>\n<p><span><img decoding=\"async\" alt=\"\" data-id=\"4471\" data-init-width=\"1000\" data-init-height=\"678\" title=\"bercy village shopping in paris in france\" src=\"https:\/\/paristouristinformation.fr\/de\/\/wp-content\/uploads\/2020\/12\/bercy-village-shopping-in-paris-in-france.jpg\" data-width=\"1080\" data-height=\"732\" width=\"1080\" height=\"732\" style=\"\" loading=\"lazy\"><\/span><\/p>\n<h2 style=\"text-align: center;\" id=\"t-1613647270427\">Was kann ich mit dem Einkaufen verbinden?<\/h2>\n<p>Paris ist eine Hauptstadt mit etwa 12,5 Millionen Einwohnern. Deshalb sind die Einkaufsstra\u00dfen, -viertel und -zentren \u00fcber die ganze Stadt verteilt und es gibt zahlreiche Fu\u00dfg\u00e4ngerzonen in Paris. So l\u00e4sst sich der Besuch der wichtigsten Sehensw\u00fcrdigkeiten leicht mit einer kurzen Shoppingpause verbinden.<\/p>\n<p>Beispiele hierf\u00fcr sind die Avenue de Champs-\u00c9lys\u00e9es, die sich vom Place de la Concorde bis zum <a href=\"https:\/\/paristouristinformation.fr\/de\/attraktionen\/arc-de-triomphe\/\" style=\"outline: none;\"><strong>Arc de Triomphe<\/strong><\/a> erstreckt, oder die Rue Saint-Honor\u00e9, die sich bis zum Viertel Le Marais mit dem Picasso-Museum und dem <a href=\"https:\/\/paristouristinformation.fr\/de\/sehenswurdigkeiten\/museum\/centre-pompidou\/\" style=\"outline: none;\"><strong>Centre Pompidou<\/strong><\/a><em><strong>&nbsp;<\/strong><\/em>und seinem <a href=\"https:\/\/paristouristinformation.fr\/de\/sehenswurdigkeiten\/museum\/nationalmuseum\/\" style=\"outline: none;\"><strong>Nationalmuseum<\/strong><strong>&nbsp;<\/strong>f\u00fcr moderne Kunst<\/a> erstreckt.Au\u00dferdem k\u00f6nnen Sie die Pariser Wochenm\u00e4rkte besuchen.<\/p>\n<h3>Einkaufsm\u00f6glichkeiten in der N\u00e4he von Sehensw\u00fcrdigkeiten<\/h3>\n<ul>\n<li style=\"\"><span style=\"\"><strong>Avenue de Champs-\u00c9lys\u00e9es: <\/strong>Die ber\u00fchmteste Einkaufsstra\u00dfe von Paris ist fast 2 Kilometer lang. Ihre Lage im Herzen des Stadtzentrums macht diesen Prachtboulevard zum idealen Ort f\u00fcr einen Einkaufsbummel w\u00e4hrend einer St\u00e4dtereise. Wenn Sie m\u00f6chten, k\u00f6nnen Sie vom Arc de Triomphe entlang der Camps-\u00c9lys\u00e9es bis zum Place de la Concorde schlendern. Alternativen zu den internationalen Markengesch\u00e4ften finden sich in den Seitenstra\u00dfen.<\/span><\/li>\n<li><span><strong>Le Bon March\u00e9: <\/strong>Das Kaufhaus Le Bon March\u00e9 befindet sich nur wenige Gehminuten vom ber\u00fchmten Viertel Saint-Germain entfernt. Auch wenn sein Name &#8222;gutes Gesch\u00e4ft&#8220; bedeutet, finden Sie hier Gesch\u00e4fte der gehobenen Klasse. Saint-Germain hingegen mit seinen Boutiquen und Kunstgalerien war zu Beginn des 20. Jahrhunderts ein beliebter Treffpunkt f\u00fcr K\u00fcnstler, Schriftsteller und Politiker, weshalb es heute als das intellektuelle Viertel von Paris bekannt ist.<\/span><\/li>\n<li><span><strong>Rue de Rivoli: <\/strong>Wenn Sie alle Gesch\u00e4fte besuchen wollen, m\u00fcssen Sie mindestens einen ganzen Tag hier verbringen. Die Rue de Rivoli erstreckt sich zwischen dem alten, authentischen Viertel Le Marais und dem ehemaligen Palast, der heute das Louvre-Museum ist. Eine gute Alternative, wenn Sie Shopping und Sightseeing miteinander verbinden m\u00f6chten.<\/span><\/li>\n<\/ul>\n<p><span><img decoding=\"async\" alt=\"\" data-id=\"4714\" width=\"808\" data-init-width=\"1200\" height=\"539\" data-init-height=\"801\" title=\"style women walks in paris\" src=\"https:\/\/paristouristinformation.fr\/de\/\/wp-content\/uploads\/2020\/12\/style-women-walks-in-paris.jpg\" data-width=\"808\" data-height=\"539\" loading=\"lazy\" style=\"\"><\/span><\/p>\n<h2 style=\"text-align: center;\" id=\"t-1613651616786\">FAQ<\/h2>\n","protected":false},"excerpt":{"rendered":"<p>Paris Shopping Guide Paris ist ber\u00fchmt f\u00fcr seine Modegesch\u00e4fte und Trends. Wo und was kann ich in Paris einkaufen?In unserem Guide finden Sie die besten Einkaufsstra\u00dfen, Einkaufszentren, Gesch\u00e4fte und M\u00e4rkte in Paris. Einkaufstipps Paris ist die Einkaufsmetropole Frankreichs. Hier treffen Einkaufszentren, Einkaufsstra\u00dfen, kleine Boutiquen und M\u00e4rkte zum Vergn\u00fcgen der Einkaufss\u00fcchtigen und Liebhaber qualitativer Kleidung aufeinander. [&hellip;]<\/p>\n","protected":false},"author":9,"featured_media":4717,"parent":0,"menu_order":0,"comment_status":"closed","ping_status":"closed","template":"","meta":{"footnotes":"","tve_updated_post":"","tve_custom_css":"","tve_user_custom_css":"","tve_globals":{},"tcb2_ready":1,"tcb_editor_enabled":1,"tve_landing_page":"tcb2-blank-page","_tve_header":"2742","_tve_footer":"2743"},"tags":[],"class_list":["post-3781","page","type-page","status-publish","has-post-thumbnail","hentry","post-wrapper","thrv_wrapper"],"wp-worthy-pixel":{"ignored":false,"public":"b70da2d3e9a14d119fd0179a837502d6","server":"vg07.met.vgwort.de","url":"https:\/\/vg07.met.vgwort.de\/na\/b70da2d3e9a14d119fd0179a837502d6"},"wp-worthy-type":"normal","_links":{"self":[{"href":"https:\/\/www.paristouristinformation.fr\/de\/wp-json\/wp\/v2\/pages\/3781","targetHints":{"allow":["GET"]}}],"collection":[{"href":"https:\/\/www.paristouristinformation.fr\/de\/wp-json\/wp\/v2\/pages"}],"about":[{"href":"https:\/\/www.paristouristinformation.fr\/de\/wp-json\/wp\/v2\/types\/page"}],"author":[{"embeddable":true,"href":"https:\/\/www.paristouristinformation.fr\/de\/wp-json\/wp\/v2\/users\/9"}],"replies":[{"embeddable":true,"href":"https:\/\/www.paristouristinformation.fr\/de\/wp-json\/wp\/v2\/comments?post=3781"}],"version-history":[{"count":0,"href":"https:\/\/www.paristouristinformation.fr\/de\/wp-json\/wp\/v2\/pages\/3781\/revisions"}],"wp:featuredmedia":[{"embeddable":true,"href":"https:\/\/www.paristouristinformation.fr\/de\/wp-json\/wp\/v2\/media\/4717"}],"wp:attachment":[{"href":"https:\/\/www.paristouristinformation.fr\/de\/wp-json\/wp\/v2\/media?parent=3781"}],"wp:term":[{"taxonomy":"post_tag","embeddable":true,"href":"https:\/\/www.paristouristinformation.fr\/de\/wp-json\/wp\/v2\/tags?post=3781"}],"curies":[{"name":"wp","href":"https:\/\/api.w.org\/{rel}","templated":true}]}}