{"id":3930,"date":"2020-12-08T08:59:29","date_gmt":"2020-12-08T08:59:29","guid":{"rendered":"https:\/\/paristouristinformation.fr\/de\/\/?page_id=3930"},"modified":"2024-01-20T10:27:59","modified_gmt":"2024-01-20T10:27:59","slug":"parc-des-princes","status":"publish","type":"page","link":"https:\/\/www.paristouristinformation.fr\/de\/sehenswurdigkeiten\/parc-des-princes\/","title":{"rendered":"Parc des Princes (Prinzenpark): Stadion-Tour, Tickets"},"content":{"rendered":"<p>Messi, Neymar, Mbapp\u00e9, Ronaldinho, Ibrahimovi\u0107, Su\u0161i\u0107, Di Maria, und und und&#8230;Die Liste der ganz gro\u00dfen Fu\u00dfballer, die das Trikot von Paris Saint Germain \u00fcberstreiften ist sehr, sehr lang.<\/p>\n<p>Manche haben ihre Schuhe inzwischen an den Nagel geh\u00e4ngt, andere schn\u00fcren sie mittlerweile f\u00fcr rivalisierende Klubs, Manche kicken noch im aktuellen Kader und manch ein anderer wird sehr bald kommen, um auf dem altehrw\u00fcrdigen Rasen des Prinzenparkstadions das Runde ins Eckige zu treten.&nbsp;<\/p>\n<p>Kommen Sie mit uns auf eine Tour durch den Parc des Princes, dem vielleicht bekanntesten Stadion Frankreichs. Wir geben Ihnen alle wichtigen Informationen zu dem 1897 erbauten Fu\u00dfballtempel mit einer Kapazit\u00e4t von knapp 49.000 Zuschauern. Viel Spa\u00df!<\/p>\n<ul>\n<li><a href=\"https:\/\/www.paristouristinformation.fr\/de\/attraktionen\/stade-de-france\/\" target=\"_blank\" style=\"outline: none;\" rel=\"noopener\"><\/a><a href=\"https:\/\/www.paristouristinformation.fr\/de\/hotel\/\" target=\"_blank\" style=\"outline: none;\" rel=\"noopener\"><span data-attr-link=\"0\" data-attr-rel=\"0\" data-attr-target=\"0\" data-extra_key=\"\" data-option-inline=\"1\" data-shortcode=\"tcb_post_title\" data-shortcode-name=\"Post title\" style=\"text-decoration: underline;\">Stade de France<\/span><\/a><\/li>\n<li><a href=\"https:\/\/www.paristouristinformation.fr\/de\/nachtleben\/\" target=\"_blank\" style=\"outline: none;\" rel=\"noopener\">Nightlife in Paris<\/a><\/li>\n<li><a href=\"https:\/\/www.paristouristinformation.fr\/de\/top-10\/\" target=\"_blank\" style=\"outline: none;\" rel=\"noopener\"><span style=\"text-decoration: underline;\">Die Top 10 Sehensw\u00fcrdigkeiten in Paris<\/span><\/a><\/li>\n<li><a href=\"https:\/\/www.paristouristinformation.fr\/de\/fur-kinder\/\" target=\"_blank\" style=\"outline: none;\" rel=\"noopener\"><span style=\"text-decoration: underline;\">Paris mit Kindern<\/span><\/a><\/li>\n<li><a href=\"https:\/\/www.paristouristinformation.fr\/de\/einkaufen\/\" target=\"_blank\" style=\"outline: none;\" rel=\"noopener\"><span style=\"text-decoration: underline;\">Paris Shopping Guide<\/span><\/a><\/li>\n<\/ul>\n<h2 id=\"t-1612426812612\">Was kann ich im Parc des Princes machen?<\/h2>\n<p>Im Parc des Princes, dem Heimstadion des ber\u00fchmten Fu\u00dfballclubs Paris Saint-Germain (PSG), k\u00f6nnen Sie an einer Stadion Tour teilnehmen und dabei einen Blick hinter die Kulissen werfen. Diese Tour ist nicht nur f\u00fcr ausgemachte Fu\u00dfballfans von Interesse.&nbsp;<\/p>\n<h2 id=\"t-1692161791215\">Stadion- und Museumstour<\/h2>\n<p>Bei der \u00f6ffentlichen Stadion Tour, bei der Sie von einem deutschsprachigen Audioguide begleitet werden, f\u00fchlen Sie sich f\u00fcr einen Moment wie ein Spieler von PSG, wenn Sie den &#8222;Heilige Rasen&#8220; und R\u00e4umlichkeiten betreten, die f\u00fcr die \u00d6ffentlichkeit normalerweise nicht zug\u00e4nglich sind, zum Bespiel den Spielertunnel, die Umkleidekabinen, die Ersatzspielerb\u00e4nke.<\/p>\n<p>Sie erhalten auch einen Einblick in die Presser\u00e4ume und verweilen auf der Trib\u00fcne und im VIP-Bereich. Das PSG Museum erwartet Sie mit \u00fcber 50 Jahren Vereinsgeschichte, Troph\u00e4en, historische Trikots, Fotos, Videos und anderen Erinnerungsst\u00fccken. Im Fanshop schlie\u00dflich, k\u00f6nnen Sie Souvenirs und offizielle PSG-Merchandising-Artikel erwerben.<\/p>\n<h2 id=\"t-1692161791216\">Tickets f\u00fcr eine Stadion- und Museumstour<\/h2>\n<p>Sie m\u00f6chten an einer F\u00fchrung durch den Parc des Princes teilnehmen und das PSG Museum besuchen? Klicken Sie auf die rote Box unten und sichern Sie sich Ihre Tickets ohne Zwischenh\u00e4ndler direkt beim Pariser Klub.<\/p>\n<h2 id=\"t-1692161791217\">Ein Heimspiel von PSG besuchen<\/h2>\n<p>Falls Sie Fu\u00dfballfan sind, sollten Sie sich ein Heimspiel der Les Rouge-et-bleu, der Rot-Blauen anschauen, um die Pariser Fu\u00dfballverr\u00fcckten beim Anfeuern ihrer Elf, die mit den teuersten Spielern der Welt gespickt ist, zu erleben.&nbsp;<\/p>\n<p><span><img decoding=\"async\" alt=\"Stade de France in Paris (Editorial)\" data-id=\"6716\" width=\"702\" data-init-width=\"1000\" height=\"468\" data-init-height=\"667\" title=\"Stade de France in Paris (Editorial)\" src=\"https:\/\/paristouristinformation.fr\/de\/\/wp-content\/uploads\/2021\/01\/Stade-de-France-in-Paris.jpg\" data-width=\"702\" data-height=\"468\" data-pin-media=\"https:\/\/paristouristinformation.fr\/de\/\/wp-content\/uploads\/2021\/03\/prag_50_sehenswuerdigkeiten_pinterest-32.jpg\" data-pin-description=\"Know everything about le Parc des Princes stadium experience, the stadium of PSG in Paris : Tickets and Tours, Entrance and History.\" data-pin-url=\"https:\/\/paristouristinformation.fr\/de\/\/things-to-do\/parc-des-princes\/?tve=true&amp;tcbf=e9aa5eae8a\" data-pinpro-key=\"ni4jcxneq\" style=\"aspect-ratio: auto 1000 \/ 667;\" loading=\"lazy\"><\/span><\/p>\n<h2 id=\"t-1692161791218\">Tickets f\u00fcr ein Heimspiel von PSG<\/h2>\n<p>Falls Sie ein Spiel der Rot-Blauen miterleben m\u00f6chten, empfehlen wir, Ihre Tickets lange vor Ihrem geplanten Paris-Besuch zu sichern. Klicken Sie auf die rote Box unten und kaufen Sie, ebenfalls ohne Zwischenh\u00e4ndler, direkt bei PSG.<\/p>\n<p><strong>Sie planen gerade Ihre Reise nach Paris?<\/strong> Profitieren Sie doch von unseren tollen Angeboten in unserem offiziellen <a href=\"https:\/\/paristouristinformation.fr\/de\/touren-and-tickets\/\" style=\"outline: none;\" target=\"_blank\" rel=\"noopener\"><span style=\"text-decoration: underline;\">Paris Ticket Shop<\/span><\/a> mit Skip the Line Tickets f\u00fcr <a href=\"https:\/\/paristouristinformation.fr\/de\/sehenswurdigkeiten\/museum\/\" target=\"_blank\" style=\"outline: none;\" rel=\"noopener\">jedes wichtige Museum<\/a> oder <a href=\"https:\/\/www.paristouristinformation.fr\/de\/sehenswurdigkeiten\/\" target=\"_blank\" style=\"outline: none;\" rel=\"noopener\">Top-Sehensw\u00fcrdigkeiten<\/a> in Paris. <strong>Genie\u00dfen Sie eine problemlose Reise nach Paris!<\/strong><\/p>\n<h2 id=\"t-1612426812614\">So erreichen Sie den Parc des Princes<\/h2>\n<p>Das Prinzenparktadion befindet sich im 16. Arrondissement von Paris, in der N\u00e4he des Stadtrings (P\u00e9riph\u00e9rique) in Boulogne-Billancourt, einem Au\u00dfenbezirk von Paris, rund 9 Kilometer vom Eiffelturm entfernt.<\/p>\n<h3>Mit der Metro<\/h3>\n<p>Linie M9: Station Porte de Saint-Cloud und 5 GehminutenLinie M10: Station Porte d\u2019Auteuil und 10 Gehminuten<\/p>\n<h3>Mit dem Bus<\/h3>\n<p>Linien 22, 62, 72: Haltestelle Porte de Saint-Cloud Linien 32, 52: Haltestelle Porte d&#8217;Auteuil<\/p>\n<h3 data-placeholder=\"\u00dcbersetzung\" dir=\"ltr\" style=\"text-align: center;\"><span lang=\"de\">Ihr pers\u00f6nlicher&nbsp;<\/span><span lang=\"de\">Paris-Guide&nbsp;<\/span><span lang=\"de\">auf Ihrem Handy!<\/span><\/h3>\n<p><span><img decoding=\"async\" alt=\"\" data-id=\"9833\" width=\"500\" data-init-width=\"1132\" height=\"225\" data-init-height=\"510\" title=\"yourmobileguide red logo\" src=\"https:\/\/paristouristinformation.fr\/de\/\/wp-content\/uploads\/2021\/09\/yourmobileguide-red-logo.png\" data-width=\"500\" data-height=\"225\" data-pin-media=\"https:\/\/paristouristinformation.fr\/de\/\/wp-content\/uploads\/2021\/03\/prag_50_sehenswuerdigkeiten_pinterest.jpg\" data-pin-description=\"What are the best attractions to do in Paris ? We have selected among all activities the best things to do in Paris : museums, theaters, theme parks...\" data-pin-url=\"https:\/\/paristouristinformation.fr\/de\/sehenswurdigkeiten\/attraktionen\/?tve=true&amp;tcbf=e45add7e54\" data-pinpro-key=\"3tu35ilwf\" style=\"aspect-ratio: auto 1132 \/ 510;\" loading=\"lazy\"><\/span><\/p>\n<p style=\"text-align: center;\"><span lang=\"de\">Entdecken Sie Paris&nbsp;<\/span><span lang=\"de\">in Ihrem<\/span><span lang=\"de\">eigenen Tempo&nbsp;<\/span><span lang=\"de\">mit unseren&nbsp;<\/span><span lang=\"de\">selbst gef\u00fchrten Audioguides.&nbsp;<\/span><strong><span lang=\"de\">App downloaden und installieren,<\/span><span lang=\"de\">Tour g\u00fcnstig kaufen, Paris erobern!<\/span><\/strong><\/p>\n<p><span><img decoding=\"async\" alt=\"\" data-id=\"12472\" width=\"324\" data-init-width=\"606\" height=\"493\" data-init-height=\"923\" title=\"YMG Paris - Alle Touren\" src=\"https:\/\/www.paristouristinformation.fr\/de\/wp-content\/uploads\/2023\/08\/YMG-Paris-Alle-Touren.png\" data-width=\"324\" data-height=\"493\" style=\"aspect-ratio: auto 606 \/ 923;\" data-pin-media=\"https:\/\/paristouristinformation.fr\/de\/\/wp-content\/uploads\/2021\/03\/prag_50_sehenswuerdigkeiten_pinterest.jpg\" data-pin-description=\"Find 100 ideas of fun things to do in Paris, create your own list and experience Paris in a unique way ! Museums, shops, parks, squares... and many more !\" data-pin-url=\"https:\/\/www.paristouristinformation.fr\/de\/?page_id=12302&amp;tve=true&amp;tcbf=10e44bb774\" data-pinpro-key=\"nmdi8m6em\" loading=\"lazy\"><\/span><\/p>\n<h2 id=\"t-1612426812616\">Geschichte des Parc des Princes<\/h2>\n<p>Der Parc des Princes, gelegen im 16. Arrondissement von Paris, ist ein historisches und ikonisches Stadion, das tief in der franz\u00f6sischen Sportkultur verwurzelt ist. Urspr\u00fcnglich war das Areal ein Freizeit- und Jagdgel\u00e4nde f\u00fcr die franz\u00f6sische K\u00f6nigsfamilie, daher der Name Parc des Princes, zu Deutsch Prinzenpark.<\/p>\n<h3>Vom Velodrom zum &#8222;Schiff&#8220;<\/h3>\n<p>Im Jahr 1897 wurde hier ein Velodrom er\u00f6ffnet, das von 1903 bis 1967 als Zieleinlauf der Tour de France diente. Das erste Fu\u00dfballspiel im Parc des Princes fand am 18. M\u00e4rz 1897 statt. In diesem Match trafen die Teams von Standard Athletic Club und dem Racing Club de France aufeinander.&nbsp;<\/p>\n<p>Im Laufe der Jahre durchlief es mehrere Umbauten, die bedeutendste im Jahr 1972 unter der Leitung des Architekten Roger Taillibert, der dem Stadion sein charakteristisches &#8222;Schiff&#8220;-Design gab.<\/p>\n<h3>Internationale Fu\u00dfballspiele auf h\u00f6chster Ebene<\/h3>\n<p>In dieser Form wurde es am 25. Mai 1972 vom franz\u00f6sischen Staatspr\u00e4sidenten Georges Pompidou zum Finale des Europapokals der Landesmeister, der Vorl\u00e4ufer der heutigen UEFA Champions League, zwischen Ajax Amsterdam und Inter Mailand offiziell er\u00f6ffnet. Seitdem ist es als eines der modernsten und komfortabelsten Stadien Europas bekannt.<\/p>\n<p>In seiner reichen Geschichte war der Prinzenpark Gastgeber von vier UEFA-Champions-League-Finalen und diente als Austragungsort w\u00e4hrend der Fu\u00dfball-Weltmeisterschaften 1938 und 1998 sowie den Europameisterschaften 1984 und 2016. Zur letztgenannten Meisterschaft wurde das Stadion nochmals renoviert.<\/p>\n<p><span><img decoding=\"async\" alt=\"psg flag in Paris in France\" data-id=\"4164\" width=\"702\" data-init-width=\"1000\" height=\"468\" data-init-height=\"667\" title=\"psg flag\" src=\"https:\/\/paristouristinformation.fr\/de\/\/wp-content\/uploads\/2020\/12\/psg-flag.jpg\" data-width=\"702\" data-height=\"468\" data-pin-media=\"https:\/\/paristouristinformation.fr\/de\/\/wp-content\/uploads\/2021\/03\/prag_50_sehenswuerdigkeiten_pinterest-32.jpg\" data-pin-description=\"Know everything about le Parc des Princes stadium experience, the stadium of PSG in Paris : Tickets and Tours, Entrance and History.\" data-pin-url=\"https:\/\/paristouristinformation.fr\/de\/\/things-to-do\/parc-des-princes\/?tve=true&amp;tcbf=e9aa5eae8a\" data-pinpro-key=\"ilxd3fdfd\" style=\"aspect-ratio: auto 1000 \/ 667;\" loading=\"lazy\"><\/span><\/p>\n<h3>Rugby, Konzerte und PSG<\/h3>\n<p>Das Stadion war nicht nur Schauplatz wichtiger Fu\u00dfballspiele, sondern auch Austragungsort von sechs Rugby-Weltcup-Finalspielen und zahlreichen Konzerten. Unter anderem spielten hier The Rolling Stones 1976 , U2 1987 und 1997, Michael Jackson 1988, Coldplay 2009 und Beyonc\u00e9 gemeinsam mit Jay-Z 2014 auf. &nbsp;<\/p>\n<p>Seit 1974 ist der Parc des Princes die Heimst\u00e4tte des Paris Saint-Germain (PSG), einem der erfolgreichsten Fu\u00dfballclubs Frankreichs.<\/p>\n<h3>&#8222;Le Parc&#8220; &#8211; Mehr als nur ein Stadion<\/h3>\n<p>Der Parc des Princes ist mehr als nur ein Sportstadion; er ist ein Symbol f\u00fcr Paris und ein wichtiges Element der Stadtidentit\u00e4t. Die Fans nennen es liebevoll &#8222;Le Parc&#8220;, und es bleibt ein pulsierendes Herz der Fu\u00dfballkultur in der Stadt. Mit einer Kapazit\u00e4t von knapp 49.000 Zuschauern ist es ein Ort, der Emotionen, Leidenschaft und Geschichte vereint und ein unvergessliches Erlebnis f\u00fcr jeden Besucher bietet.<\/p>\n<h2 id=\"t-1612426812615\">FAQ<\/h2>\n<h2 id=\"t-1612426812617\">Adresse und Standort auf dem Stadtplan<\/h2>\n<ul>\n<li><span style=\"\">Parc des Princes 24 Rue du Commandant Guilbaud, 75781 Paris Cedex 16<\/span><\/li>\n<\/ul>\n<h2 style=\"\" id=\"t-1692161791219\">Verwandte Artikel<\/h2>\n<p><a href=\"https:\/\/www.paristouristinformation.fr\/de\/attraktionen\/stade-de-france\/\" dynamic-postlink=\"tcb_post_the_permalink\" data-shortcode-id=\"3676\"><\/a><\/p>\n<h3 style=\"text-align: center; padding-top: 0px !important; margin-top: 0px !important;\"><span data-attr-link=\"1\" data-attr-rel=\"0\" data-attr-target=\"0\" data-extra_key=\"\" data-option-inline=\"1\" data-shortcode=\"tcb_post_title\" data-shortcode-name=\"Post title\" data-attr-css=\"\" data-attr-static-link=\"{&quot;className&quot;:&quot;&quot;,&quot;href&quot;:&quot;https:\/\/www.paristouristinformation.fr\/de\/attraktionen\/stade-de-france\/&quot;,&quot;title&quot;:&quot;Stade de France in Paris | Guide mit Tickets &amp; Tipps&quot;,&quot;class&quot;:&quot;&quot;}\" style=\"\"><a href=\"https:\/\/www.paristouristinformation.fr\/de\/attraktionen\/stade-de-france\/\" title=\"Stade de France in Paris | Guide mit Tickets &amp; Tipps\" data-css=\"\">Stade de France in Paris | Guide mit Tickets &amp; Tipps<\/a><\/span><\/h3>\n","protected":false},"excerpt":{"rendered":"<p>Messi, Neymar, Mbapp\u00e9, Ronaldinho, Ibrahimovi\u0107, Su\u0161i\u0107, Di Maria, und und und&#8230;Die Liste der ganz gro\u00dfen Fu\u00dfballer, die das Trikot von Paris Saint Germain \u00fcberstreiften ist sehr, sehr lang. Manche haben ihre Schuhe inzwischen an den Nagel geh\u00e4ngt, andere schn\u00fcren sie mittlerweile f\u00fcr rivalisierende Klubs, Manche kicken noch im aktuellen Kader und manch ein anderer wird [&hellip;]<\/p>\n","protected":false},"author":9,"featured_media":4161,"parent":12302,"menu_order":0,"comment_status":"closed","ping_status":"closed","template":"","meta":{"footnotes":""},"tags":[],"class_list":["post-3930","page","type-page","status-publish","has-post-thumbnail","hentry","post-wrapper","thrv_wrapper"],"wp-worthy-pixel":{"ignored":false,"public":"811a5650c51644bc9c13dbd59660a866","server":"vg07.met.vgwort.de","url":"https:\/\/vg07.met.vgwort.de\/na\/811a5650c51644bc9c13dbd59660a866"},"wp-worthy-type":"normal","_links":{"self":[{"href":"https:\/\/www.paristouristinformation.fr\/de\/wp-json\/wp\/v2\/pages\/3930","targetHints":{"allow":["GET"]}}],"collection":[{"href":"https:\/\/www.paristouristinformation.fr\/de\/wp-json\/wp\/v2\/pages"}],"about":[{"href":"https:\/\/www.paristouristinformation.fr\/de\/wp-json\/wp\/v2\/types\/page"}],"author":[{"embeddable":true,"href":"https:\/\/www.paristouristinformation.fr\/de\/wp-json\/wp\/v2\/users\/9"}],"replies":[{"embeddable":true,"href":"https:\/\/www.paristouristinformation.fr\/de\/wp-json\/wp\/v2\/comments?post=3930"}],"version-history":[{"count":0,"href":"https:\/\/www.paristouristinformation.fr\/de\/wp-json\/wp\/v2\/pages\/3930\/revisions"}],"up":[{"embeddable":true,"href":"https:\/\/www.paristouristinformation.fr\/de\/wp-json\/wp\/v2\/pages\/12302"}],"wp:featuredmedia":[{"embeddable":true,"href":"https:\/\/www.paristouristinformation.fr\/de\/wp-json\/wp\/v2\/media\/4161"}],"wp:attachment":[{"href":"https:\/\/www.paristouristinformation.fr\/de\/wp-json\/wp\/v2\/media?parent=3930"}],"wp:term":[{"taxonomy":"post_tag","embeddable":true,"href":"https:\/\/www.paristouristinformation.fr\/de\/wp-json\/wp\/v2\/tags?post=3930"}],"curies":[{"name":"wp","href":"https:\/\/api.w.org\/{rel}","templated":true}]}}