{"id":4015,"date":"2023-01-11T12:23:00","date_gmt":"2023-01-11T12:23:00","guid":{"rendered":"https:\/\/paristouristinformation.fr\/de\/\/?page_id=4015"},"modified":"2024-01-20T10:27:15","modified_gmt":"2024-01-20T10:27:15","slug":"museum-orangerie","status":"publish","type":"page","link":"https:\/\/www.paristouristinformation.fr\/de\/sehenswurdigkeiten\/museum\/museum-orangerie\/","title":{"rendered":"Orangerie Museum in Paris | Ausstellung, Eintritt &#038; Tickets"},"content":{"rendered":"<p>Das Orangerie-Museum befindet sich in der linken Ecke des zentralen Parks von Paris, dem Parc des Tuileries, und zeigt impressionistische und postimpressionistische Gem\u00e4lde.Es ist gut zu wissen, bevor Sie gehen, dieses Museum ist allgemein bekannt als &#8222;<strong>die Sixtinische Kapelle des Impressionismus<\/strong>&#8222;. Auf dieser Seite erfahren Sie, was Sie im Mus\u00e9e de l&#8217;Orangerie sehen k\u00f6nnen, wie Sie dorthin gelangen, wie der Eingang funktioniert oder welches das ber\u00fchmteste Kunstwerk des Museums ist. Sind Sie bereit f\u00fcr einen Rundgang durch das Orangerie-Museum mit Ihrem Lieblingsf\u00fchrer?<\/p>\n<h2 id=\"t-1612273576282\">Was kann ich im Orangeriemuseum unternehmen?<\/h2>\n<p>Das Museum zeichnet sich durch seine reiche Sammlung des Impressionismus, Postimpressionismus und der <strong>\u00c9cole de Paris<\/strong> aus.Das Museum umfasst Werke ber\u00fchmter K\u00fcnstler wie Paul C\u00e9zanne, Henri Matisse, Amedeo Modigliani, Claude Monet, Pablo Picasso, Pierre-Auguste Renoir, Henri Rousseau, Marie Laurencin, Chaim Soutine, Alfred Sisley und Maurice Utrillo.Das Museum der Orangerie, das als ehemaliges Gew\u00e4chshaus des Tuilerienpalastes genutzt wird, befindet sich im Tuileriengarten, einer der sch\u00f6nsten Gr\u00fcnanlagen von Paris.Wenn Sie dieses ganz besondere Museum betreten, tauchen Sie in die Welt der impressionistischen K\u00fcnstler des 19. Jahrhunderts ein und sehen, wie sie ihre visuellen Eindr\u00fccke in Gem\u00e4lden umsetzen, die vor allem durch Licht und Farbe wirken.Ein zeitloses Erlebnis&#8230;<\/p>\n<h3 data-block=\"940276b2-8e5f-407a-b55b-ed6e9d0e61f3\" data-title=\"Heading\" data-type=\"core\/heading\" tabindex=\"0\">Dauerausstellung<\/h3>\n<p><span><img decoding=\"async\" alt=\"\" data-id=\"1044\" width=\"702\" data-init-width=\"2500\" height=\"468\" data-init-height=\"1665\" title=\"orangerie_-_sharon_odegaard4\" src=\"https:\/\/paristouristinformation.fr\/de\/\/wp-content\/uploads\/2020\/09\/orangerie_-_sharon_odegaard4.jpg\" data-width=\"702\" data-height=\"468\" data-pinpro-key=\"s5ac2ucvn\" loading=\"lazy\"><\/span><\/p>\n<p>Im Erdgeschoss k\u00f6nnen Sie direkt in den <strong>ber\u00fchmtesten Raum des Museums, den Seerosenzyklus von Monet<\/strong>, gehen, so dass Sie nicht die ganze Zeit umherwandern m\u00fcssen.Oder Sie k\u00f6nnen es sich bis zum Schluss aufsparen und Ihren Besuch in diesen ovalen R\u00e4umen, die mit 8 einzigartigen Kompositionen gef\u00fcllt sind, abschlie\u00dfen und so lange in diesem Traumland verweilen, wie Sie wollen.Der impressionistische Stil steht in diesem Museum au\u00dfer Frage.Sie werden auch verschiedene Stile sehen, die Maler im Laufe der Zeit ausprobiert haben, wie die Werke von Marie Laurencin, einer Pariserin, die viele kubistische Maler inspirierte. Ihre Gem\u00e4lde sind speziell auf die Themen Weiblichkeit und weibliche \u00c4sthetik ausgerichtet.Die Skulpturensammlung des Museums ist zwar nicht sehr umfangreich, sollte aber dennoch nicht untersch\u00e4tzt werden. Eine von ihnen ist Auguste Rodins Le Baisier, die vor dem Eingang des Museums zu sehen ist.Der Besuch des Orangerie-Museums dauert durchschnittlich 1,5 bis 2 Stunden. Es besteht die M\u00f6glichkeit, einen Audioguide zu mieten, um mehr \u00fcber die Details der Kunstwerke zu erfahren.<\/p>\n<h4 data-block=\"46ef9861-c673-40a4-8820-b3f6afd686cb\" data-title=\"Heading\" data-type=\"core\/heading\" tabindex=\"0\"><strong><em data-rich-text-format-boundary=\"true\">Seerosen-Zyklus von Claude Monet<\/em><\/strong><\/h4>\n<p><span><img decoding=\"async\" alt=\"Water Lilies cycle by Claude Monet in Paris in France\" data-id=\"6639\" width=\"702\" data-init-width=\"1000\" height=\"468\" data-init-height=\"667\" title=\"Water Lilies cycle by Claude Monet in Paris in France\" src=\"https:\/\/paristouristinformation.fr\/de\/\/wp-content\/uploads\/2021\/01\/Water-Lilies-cycle-by-Claude-Monet-in-Paris-in-France.jpg\" data-width=\"702\" data-height=\"468\" data-pinpro-key=\"nl1hfrd2q\" loading=\"lazy\"><\/span><\/p>\n<ul>\n<li>Der franz\u00f6sische Impressionist Claude Monet hat so viel Liebe und Leidenschaft f\u00fcr die Natur, Blumen und vor allem Seerosen empfunden, dass er sie in mehr als 200 seiner Gem\u00e4lde dargestellt hat.<\/li>\n<li>Am Ende des 1. Weltkriegs, am Tag nach dem Waffenstillstand im Jahr 1918, schenkte Monet dem franz\u00f6sischen Staat zur Feier des Friedens seine Werke in Form von Seerosen.<\/li>\n<li>In den 1920er Jahren errichtete die franz\u00f6sische Regierung zwei ovale Ausstellungss\u00e4le im Musee de l&#8217;Orangerie in Paris, um seine gewaltigen Gem\u00e4lde als Hommage an diesen gro\u00dfen Impressionisten zu pr\u00e4sentieren.<\/li>\n<li>Heute sind acht einzigartige Kompositionen, die zwischen 1918 und 1926 entstanden sind, jeweils 2 Meter hoch und insgesamt 91 Meter lang, in zwei ovalen S\u00e4len ausgestellt, die eine faszinierende Atmosph\u00e4re schaffen.<\/li>\n<li>Stellen Sie sich vor, Sie bef\u00e4nden sich in einem runden Raum, dessen W\u00e4nde mit Wasser gef\u00fcllt und mit Natursch\u00f6nheiten geschm\u00fcckt sind. Man kann sehen, wie er mit verschiedenen Gr\u00fcn-, Blau- und Violettt\u00f6nen an einigen Stellen besondere Lichteffekte in der Natur erzeugt hat. Die Stille und Ruhe des Wassers spiegelt die Harmonie und den Frieden in der Natur wider. Die T\u00f6ne sind etwas wolkig, subtil und vertr\u00e4umt.<\/li>\n<li>Diese beiden R\u00e4ume des Museums sind ein besonderer Zufluchtsort f\u00fcr die Besucher, die beim Betrachten der gekonnt eingesetzten Farben im Wasser und in der Natur zur Ruhe kommen.<\/li>\n<\/ul>\n<h4 data-block=\"3e82b769-86db-450e-9975-ff6253437950\" data-title=\"Heading\" data-type=\"core\/heading\" tabindex=\"0\"><strong data-rich-text-format-boundary=\"true\">Die Sammlung Jean Walter und Paul Guillaume<\/strong><\/h4>\n<p><span><img decoding=\"async\" alt=\"The Jean Walter and Paul Guillaume Collection in Paris in France\" data-id=\"6641\" width=\"702\" data-init-width=\"1000\" height=\"914\" data-init-height=\"1302\" title=\"The Jean Walter and Paul Guillaume Collection in Paris in France\" src=\"https:\/\/paristouristinformation.fr\/de\/\/wp-content\/uploads\/2021\/01\/The-Jean-Walter-and-Paul-Guillaume-Collection-in-Paris-in-France.jpg\" data-width=\"702\" data-height=\"914\" data-pinpro-key=\"3xie53b4p\" loading=\"lazy\"><\/span><\/p>\n<p>Nach dem pl\u00f6tzlichen Tod des ber\u00fchmten Kunsth\u00e4ndlers Paul Guillaume, der Hunderte von Gem\u00e4lden von Europa bis Afrika gesammelt hatte, folgte seine Witwe Domenica seinem Traum, ein Museum zu gr\u00fcnden. Sie war wieder mit dem Architekten Jean Walter verheiratet, und gemeinsam richteten sie die Sammlung ein.Diese Sammlung umfasst Werke zahlreicher K\u00fcnstler der impressionistischen Epoche wie Renoir, C\u00e9zanne, Gauguin, Monet und Sisley.<\/p>\n<h3 data-block=\"8d5b170d-fc32-45d1-b895-1ad8528b13b4\" data-title=\"Heading\" data-type=\"core\/heading\" tabindex=\"0\">Tempor\u00e4re Ausstellungen<\/h3>\n<p>Es gibt immer eine tempor\u00e4re Ausstellung, die normalerweise mit der Kunst des 19. Jahrhunderts und dem Impressionismus zu tun hat und die die Aufmerksamkeit sowohl der Pariser als auch vieler kunstinteressierter Reisender auf sich zieht.Z\u00f6gern Sie nicht, die offizielle <a href=\"https:\/\/www.musee-orangerie.fr\/en\" target=\"_blank\" style=\"outline: none;\" rel=\"noopener nofollow\">Webseite <\/a>des Orangerie-Museums f\u00fcr aktuelle Informationen zu besuchen.<\/p>\n<h2 id=\"t-1612273576283\">Eintritt, Eintrittskarten und F\u00fchrungen im Orangeriemuseum<\/h2>\n<p><span><img decoding=\"async\" alt=\"Orangerie Museum in Paris in France\" data-id=\"6643\" width=\"702\" data-init-width=\"1000\" height=\"468\" data-init-height=\"667\" title=\"Orangerie Museum in Paris in France\" src=\"https:\/\/paristouristinformation.fr\/de\/\/wp-content\/uploads\/2021\/01\/Orangerie-Museum-in-Paris-in-France.jpg\" data-width=\"702\" data-height=\"468\" data-pinpro-key=\"kqgvyzp09\" loading=\"lazy\"><\/span><\/p>\n<ul>\n<li style=\"\"><span style=\"\"><strong>Eintrittskarten: <\/strong>Sie k\u00f6nnen Ihre <a href=\"https:\/\/www.tiqets.com\/de\/paris-sehenswuerdigkeiten-c66746\/tickets-fur-musee-de-lorangerie-p974438\/?partner=checkfortrip\" target=\"_blank\" style=\"outline: none;\" rel=\"noopener nofollow\"><strong>Online-Tickets f\u00fcr Orangerie<\/strong><\/a> und Skip the Line erhalten.<\/span><\/li>\n<li><span style=\"\"><strong>F\u00fchrungen: <\/strong>Genie\u00dfen Sie eine gef\u00fchrte Tour auf Englisch. Sie dauert etwa 1,5 Stunden. Sie k\u00f6nnen sich 15 Minuten vor dem Besuch an der Kasse melden, ohne online zu buchen. Sie erhalten Informationen \u00fcber die Meisterwerke des Museums von einem fachkundigen F\u00fchrer.<\/span><\/li>\n<li><span>Kennen Sie den Pariser Museumspass? Dank dieses speziellen Passes haben Sie Zugang zu allen wichtigen Museen von Paris, ohne Schlange stehen zu m\u00fcssen und ohne Geld zu sparen. Entdecken Sie die verschiedenen Optionen und holen Sie sich Ihren <a href=\"https:\/\/paristouristinformation.fr\/de\/touren-and-tickets\/\"><strong>Pariser Museumspass<\/strong><\/a> in unserem Shop!<\/span><\/li>\n<\/ul>\n<h2 id=\"t-1612273576284\">So erreichen Sie das Mus\u00e9e de l&#8217;Orangerie<\/h2>\n<p>Das Mus\u00e9e de l&#8217;Orangerie befindet sich in der N\u00e4he der Seine, am s\u00fcdwestlichen Eingang des Tuileriengartens am Concorde-Platz.<strong>Metro:<\/strong> Sie erreichen das Museum, indem Sie an der Haltestelle <strong>Concorde <\/strong>aussteigen und eine der Metrolinien 1, 8 und 12 benutzen.<\/p>\n<h2 id=\"t-1612273576285\">FAQ<\/h2>\n<h2 id=\"t-1612273576286\">Geschichte des Pariser Orangerie-Museums<\/h2>\n<p><span><img decoding=\"async\" alt=\"History of Paris Orangerie Museum in Paris in France\" data-id=\"6645\" width=\"702\" data-init-width=\"1000\" height=\"468\" data-init-height=\"667\" title=\"History of Paris Orangerie Museum in Paris in France\" src=\"https:\/\/paristouristinformation.fr\/de\/\/wp-content\/uploads\/2021\/01\/History-of-Paris-Orangerie-Museum-in-Paris-in-France.jpg\" data-width=\"702\" data-height=\"468\" data-pinpro-key=\"t7x2h3j2g\" loading=\"lazy\"><\/span><\/p>\n<p>Das neoklassizistische Geb\u00e4ude wurde 1852 von dem Architekten Firmin Bourgeois auf Wunsch von Napoleon III. errichtet. In den Jahren 1852-1870 wurde es als Gew\u00e4chshaus zum Schutz der Pflanzen vor der K\u00e4lte genutzt.Ende des 19. Jahrhunderts wurde es als Lagerhaus und auch als Veranstaltungssaal f\u00fcr Konzerte, verschiedene Sportwettbewerbe und Ausstellungen genutzt.Mit dem Ende des Ersten Weltkriegs und dem bedeutungsvollen Geschenk von Monet \u00e4nderte sich auch der Verwendungszweck des Geb\u00e4udes. Monet und sein politischer Freund Georges Clemencau trugen wesentlich dazu bei, dass das Geb\u00e4ude als Museum genutzt wird.Monets Seerosenzyklus (oder <strong>Nymph\u00e9as<\/strong>) wurde dem franz\u00f6sischen Volk geschenkt, um in diesem Geb\u00e4ude ausgestellt zu werden.Zwischen 1959 und 1963 ging die Sammlung Jean Walter und Paul Guillaume in den Besitz des Museums \u00fcber und es wurde eine umfassende Renovierung durchgef\u00fchrt, um die 144 Gem\u00e4lde der Sammlung auszustellen.Die letzte Renovierung wurde von Olivier Brochet zwischen 2000-2006 durchgef\u00fchrt. Au\u00dferdem wurden tempor\u00e4re Ausstellungss\u00e4le, ein Auditorium, ein Bildungsraum und eine Bibliothek eingerichtet.<\/p>\n<h2 id=\"t-1612273576287\">Kontakt &amp; Karte<\/h2>\n<ul>\n<li><span style=\"\"><strong>Adresse:&nbsp;<\/strong>Jardin des Tuileries, Place de la Concorde, 75001 PARIS<\/span><\/li>\n<li><span style=\"\"><strong>\u00d6ffnungszeiten: <\/strong>9 bis 18:00 Uhr &#8211; dienstags geschlossen<\/span><\/li>\n<li><span style=\"\"><strong>\u00d6ffentliche Verkehrsmittel: <\/strong>Station &#8222;Concorde&#8220; der Metrolinien 1, 8 und 12<\/span><\/li>\n<li style=\"\"><span style=\"\"><strong>Webseite:<a href=\"https:\/\/www.musee-orangerie.fr\/en\" target=\"_blank\" style=\"outline: none;\" rel=\"noopener nofollow\"><strong>&nbsp;<\/strong><\/a><\/strong><a href=\"https:\/\/www.musee-orangerie.fr\/en\" target=\"_blank\" style=\"outline: none;\" rel=\"noopener nofollow\">https:\/\/www.musee-orangerie.fr\/en<\/a><\/span><\/li>\n<\/ul>\n<ul>\n<li><span style=\"\">Planen Sie Ihre Reise nach Paris? Wir haben f\u00fcr Sie eine Liste mit den&nbsp;<a href=\"https:\/\/paristouristinformation.fr\/de\/\/things-to-do\/museum\/\" style=\"outline: none;\">30 besten Museen in Paris<\/a> zusammengestellt.<a href=\"https:\/\/paristouristinformation.fr\/de\/\/things-to-do\/museum\/\" style=\"outline: none;\"><\/a><\/span><\/li>\n<\/ul>\n<p>__CONFIG_colors_palette__{&#8222;active_palette&#8220;:0,&#8220;config&#8220;:{&#8222;colors&#8220;:{&#8222;50ce5&#8220;:{&#8222;name&#8220;:&#8220;Main Accent&#8220;,&#8220;parent&#8220;:-1}},&#8220;gradients&#8220;:[]},&#8220;palettes&#8220;:[{&#8222;name&#8220;:&#8220;Default Palette&#8220;,&#8220;value&#8220;:{&#8222;colors&#8220;:{&#8222;50ce5&#8220;:{&#8222;val&#8220;:&#8220;var(&#8211;tcb-skin-color-0)&#8220;}},&#8220;gradients&#8220;:[]},&#8220;original&#8220;:{&#8222;colors&#8220;:{&#8222;50ce5&#8220;:{&#8222;val&#8220;:&#8220;rgb(19, 114, 211)&#8220;,&#8220;hsl&#8220;:{&#8222;h&#8220;:210,&#8220;s&#8220;:0.83,&#8220;l&#8220;:0.45,&#8220;a&#8220;:1}}},&#8220;gradients&#8220;:[]}}]}__CONFIG_colors_palette__ <a href=\"https:\/\/paristouristinformation.fr\/de\/\/de\/things-to-do\/museum\/\"> <span><span>Weitere sehenswerte Museen in Paris<\/span><\/span> <\/a><\/p>\n<h2 style=\"\" id=\"t-1640525842154\">Verwandte Artikel:<\/h2>\n<div class=\"tcb-post-list tve-content-list thrv_wrapper\" data-type=\"grid\" data-pagination-type=\"none\" data-pages_near_current=\"2\" data-css=\"tve-u-17df6fb6b18\" data-total_post_count=\"4\" data-total_sticky_count=\"0\" data-no_posts_text=\"There are no posts to display.\"><article id=\"post-8635\" class=\"post-8635 page type-page status-publish has-post-thumbnail hentry post-wrapper thrv_wrapper thrive-animated-item  tve_evt_manager_listen tve_ea_thrive_animation tve_et_mouseover tve_anim_grow\" tcb_hover_state_parent=\"\" class=\"tve_evt_manager_listen tve_ea_thrive_animation tve_et_mouseover tve_anim_grow\" data-id=\"8635\" data-selector=\".post-wrapper\"><style class=\"tcb-post-list-dynamic-style\" type=\"text\/css\">@media (min-width: 300px){[].tcb-post-list #post-8635 []{background-image: url(&#8222;https:\/\/www.paristouristinformation.fr\/de\/wp-content\/uploads\/2021\/07\/Guide-to-Grevin-Museum-in-Paris-1024x538.jpg&#8222;) !important;}[].tcb-post-list #post-8635 []:hover []{background-image: url(&#8222;https:\/\/www.paristouristinformation.fr\/de\/wp-content\/uploads\/2021\/07\/Guide-to-Grevin-Museum-in-Paris-1024x538.jpg&#8222;) !important;}}<\/style><a href=\"https:\/\/www.paristouristinformation.fr\/de\/sehenswurdigkeiten\/museum\/grevin-museum\/\" dynamic-postlink=\"tcb_post_the_permalink\" data-shortcode-id=\"8381\"><\/a><\/p>\n<h3 style=\"text-align: center; padding-top: 0px !important; margin-top: 0px !important;\"><span data-attr-link=\"1\" data-attr-rel=\"0\" data-attr-target=\"0\" data-extra_key=\"\" data-option-inline=\"1\" data-shortcode=\"tcb_post_title\" data-shortcode-name=\"Post title\" data-attr-css=\"\" data-attr-static-link=\"{&quot;className&quot;:&quot;tve-froala fr-basic&quot;,&quot;href&quot;:&quot;https:\/\/paristouristinformation.fr\/de\/versailles\/&quot;,&quot;title&quot;:&quot;F\u00fchrer zum Schloss Versailles in Paris: Tickets, Geschichte und Tipps&quot;,&quot;class&quot;:&quot;tve-froala fr-basic&quot;}\" style=\"\"><a href=\"https:\/\/www.paristouristinformation.fr\/de\/sehenswurdigkeiten\/museum\/grevin-museum\/\" title=\"Gr\u00e9vin Museum in Paris | Ausstellung, Tickets &amp; Touren\" data-css=\"\" class=\"tve-froala fr-basic\">Gr\u00e9vin Museum in Paris | Ausstellung, Tickets &amp; Touren<\/a><\/span><\/h3>\n<p><\/article><article id=\"post-998\" class=\"post-998 page type-page status-publish has-post-thumbnail hentry post-wrapper thrv_wrapper thrive-animated-item  tve_evt_manager_listen tve_ea_thrive_animation tve_et_mouseover tve_anim_grow\" tcb_hover_state_parent=\"\" class=\"tve_evt_manager_listen tve_ea_thrive_animation tve_et_mouseover tve_anim_grow\" data-id=\"998\" data-selector=\".post-wrapper\"><style class=\"tcb-post-list-dynamic-style\" type=\"text\/css\">@media (min-width: 300px){[].tcb-post-list #post-998 []{background-image: url(&#8222;https:\/\/www.paristouristinformation.fr\/de\/wp-content\/uploads\/2021\/01\/Louvre-Museum-in-Paris-in-France-1024x538.jpg&#8222;) !important;}[].tcb-post-list #post-998 []:hover []{background-image: url(&#8222;https:\/\/www.paristouristinformation.fr\/de\/wp-content\/uploads\/2021\/01\/Louvre-Museum-in-Paris-in-France-1024x538.jpg&#8222;) !important;}}<\/style><a href=\"https:\/\/www.paristouristinformation.fr\/de\/sehenswurdigkeiten\/museum\/louvre\/\" dynamic-postlink=\"tcb_post_the_permalink\" data-shortcode-id=\"8381\"><\/a><\/p>\n<h3 style=\"text-align: center; padding-top: 0px !important; margin-top: 0px !important;\"><span data-attr-link=\"1\" data-attr-rel=\"0\" data-attr-target=\"0\" data-extra_key=\"\" data-option-inline=\"1\" data-shortcode=\"tcb_post_title\" data-shortcode-name=\"Post title\" data-attr-css=\"\" data-attr-static-link=\"{&quot;className&quot;:&quot;tve-froala fr-basic&quot;,&quot;href&quot;:&quot;https:\/\/paristouristinformation.fr\/de\/versailles\/&quot;,&quot;title&quot;:&quot;F\u00fchrer zum Schloss Versailles in Paris: Tickets, Geschichte und Tipps&quot;,&quot;class&quot;:&quot;tve-froala fr-basic&quot;}\" style=\"\"><a href=\"https:\/\/www.paristouristinformation.fr\/de\/sehenswurdigkeiten\/museum\/louvre\/\" title=\"Louvre Museum | Tickets &amp; F\u00fchrungen, Infos &amp; Tipps\" data-css=\"\" class=\"tve-froala fr-basic\">Louvre Museum | Tickets &amp; F\u00fchrungen, Infos &amp; Tipps<\/a><\/span><\/h3>\n<p><\/article><article id=\"post-8641\" class=\"post-8641 page type-page status-publish has-post-thumbnail hentry post-wrapper thrv_wrapper thrive-animated-item  tve_evt_manager_listen tve_ea_thrive_animation tve_et_mouseover tve_anim_grow\" tcb_hover_state_parent=\"\" class=\"tve_evt_manager_listen tve_ea_thrive_animation tve_et_mouseover tve_anim_grow\" data-id=\"8641\" data-selector=\".post-wrapper\"><style class=\"tcb-post-list-dynamic-style\" type=\"text\/css\">@media (min-width: 300px){[].tcb-post-list #post-8641 []{background-image: url(&#8222;https:\/\/www.paristouristinformation.fr\/de\/wp-content\/uploads\/2021\/07\/chateau-des-vincennes-in-Paris-in-France-4-1024x538.jpg&#8222;) !important;}[].tcb-post-list #post-8641 []:hover []{background-image: url(&#8222;https:\/\/www.paristouristinformation.fr\/de\/wp-content\/uploads\/2021\/07\/chateau-des-vincennes-in-Paris-in-France-4-1024x538.jpg&#8222;) !important;}}<\/style><a href=\"https:\/\/www.paristouristinformation.fr\/de\/sehenswurdigkeiten\/museum\/vincennes\/\" dynamic-postlink=\"tcb_post_the_permalink\" data-shortcode-id=\"8381\"><\/a><\/p>\n<h3 style=\"text-align: center; padding-top: 0px !important; margin-top: 0px !important;\"><span data-attr-link=\"1\" data-attr-rel=\"0\" data-attr-target=\"0\" data-extra_key=\"\" data-option-inline=\"1\" data-shortcode=\"tcb_post_title\" data-shortcode-name=\"Post title\" data-attr-css=\"\" data-attr-static-link=\"{&quot;className&quot;:&quot;tve-froala fr-basic&quot;,&quot;href&quot;:&quot;https:\/\/paristouristinformation.fr\/de\/versailles\/&quot;,&quot;title&quot;:&quot;F\u00fchrer zum Schloss Versailles in Paris: Tickets, Geschichte und Tipps&quot;,&quot;class&quot;:&quot;tve-froala fr-basic&quot;}\" style=\"\"><a href=\"https:\/\/www.paristouristinformation.fr\/de\/sehenswurdigkeiten\/museum\/vincennes\/\" title=\"Ch\u00e2teau de Vincennes in Paris | Tipps, Infos &amp; Tickets\" data-css=\"\" class=\"tve-froala fr-basic\">Ch\u00e2teau de Vincennes in Paris | Tipps, Infos &amp; Tickets<\/a><\/span><\/h3>\n<p><\/article><article id=\"post-8381\" class=\"post-8381 page type-page status-publish has-post-thumbnail hentry post-wrapper thrv_wrapper thrive-animated-item  tve_evt_manager_listen tve_ea_thrive_animation tve_et_mouseover tve_anim_grow\" tcb_hover_state_parent=\"\" class=\"tve_evt_manager_listen tve_ea_thrive_animation tve_et_mouseover tve_anim_grow\" data-id=\"8381\" data-selector=\".post-wrapper\"><style class=\"tcb-post-list-dynamic-style\" type=\"text\/css\">@media (min-width: 300px){[].tcb-post-list #post-8381 []{background-image: url(&#8222;https:\/\/www.paristouristinformation.fr\/de\/wp-content\/uploads\/2021\/01\/Guide-to-Versailles-Palace-in-Paris-in-France-1024x538.jpg&#8222;) !important;}[].tcb-post-list #post-8381 []:hover []{background-image: url(&#8222;https:\/\/www.paristouristinformation.fr\/de\/wp-content\/uploads\/2021\/01\/Guide-to-Versailles-Palace-in-Paris-in-France-1024x538.jpg&#8222;) !important;}}<\/style><a href=\"https:\/\/www.paristouristinformation.fr\/de\/versailles\/\" dynamic-postlink=\"tcb_post_the_permalink\" data-shortcode-id=\"8381\"><\/a><\/p>\n<h3 style=\"text-align: center; padding-top: 0px !important; margin-top: 0px !important;\"><span data-attr-link=\"1\" data-attr-rel=\"0\" data-attr-target=\"0\" data-extra_key=\"\" data-option-inline=\"1\" data-shortcode=\"tcb_post_title\" data-shortcode-name=\"Post title\" data-attr-css=\"\" data-attr-static-link=\"{&quot;className&quot;:&quot;tve-froala fr-basic&quot;,&quot;href&quot;:&quot;https:\/\/paristouristinformation.fr\/de\/versailles\/&quot;,&quot;title&quot;:&quot;F\u00fchrer zum Schloss Versailles in Paris: Tickets, Geschichte und Tipps&quot;,&quot;class&quot;:&quot;tve-froala fr-basic&quot;}\" style=\"\"><a href=\"https:\/\/www.paristouristinformation.fr\/de\/versailles\/\" title=\"Schloss Versailles &amp; Garten | Tickets, Tipps &amp; Infos\" data-css=\"\" class=\"tve-froala fr-basic\">Schloss Versailles &amp; Garten | Tickets, Tipps &amp; Infos<\/a><\/span><\/h3>\n<p><\/article><\/div>\n","protected":false},"excerpt":{"rendered":"<p>Das Orangerie-Museum befindet sich in der linken Ecke des zentralen Parks von Paris, dem Parc des Tuileries, und zeigt impressionistische und postimpressionistische Gem\u00e4lde.Es ist gut zu wissen, bevor Sie gehen, dieses Museum ist allgemein bekannt als &#8222;die Sixtinische Kapelle des Impressionismus&#8222;. Auf dieser Seite erfahren Sie, was Sie im Mus\u00e9e de l&#8217;Orangerie sehen k\u00f6nnen, wie [&hellip;]<\/p>\n","protected":false},"author":9,"featured_media":6638,"parent":68,"menu_order":0,"comment_status":"closed","ping_status":"closed","template":"","meta":{"footnotes":""},"tags":[],"class_list":{"0":"post-4015","1":"page","2":"type-page","3":"status-publish","4":"has-post-thumbnail","5":"hentry","6":"post-wrapper","7":"thrv_wrapper","10":"thrive-animated-item"},"wp-worthy-pixel":{"ignored":false,"public":"4fab50630feb449d81b8b7f6380c4f07","server":"vg07.met.vgwort.de","url":"https:\/\/vg07.met.vgwort.de\/na\/4fab50630feb449d81b8b7f6380c4f07"},"wp-worthy-type":"normal","_links":{"self":[{"href":"https:\/\/www.paristouristinformation.fr\/de\/wp-json\/wp\/v2\/pages\/4015","targetHints":{"allow":["GET"]}}],"collection":[{"href":"https:\/\/www.paristouristinformation.fr\/de\/wp-json\/wp\/v2\/pages"}],"about":[{"href":"https:\/\/www.paristouristinformation.fr\/de\/wp-json\/wp\/v2\/types\/page"}],"author":[{"embeddable":true,"href":"https:\/\/www.paristouristinformation.fr\/de\/wp-json\/wp\/v2\/users\/9"}],"replies":[{"embeddable":true,"href":"https:\/\/www.paristouristinformation.fr\/de\/wp-json\/wp\/v2\/comments?post=4015"}],"version-history":[{"count":0,"href":"https:\/\/www.paristouristinformation.fr\/de\/wp-json\/wp\/v2\/pages\/4015\/revisions"}],"up":[{"embeddable":true,"href":"https:\/\/www.paristouristinformation.fr\/de\/wp-json\/wp\/v2\/pages\/68"}],"wp:featuredmedia":[{"embeddable":true,"href":"https:\/\/www.paristouristinformation.fr\/de\/wp-json\/wp\/v2\/media\/6638"}],"wp:attachment":[{"href":"https:\/\/www.paristouristinformation.fr\/de\/wp-json\/wp\/v2\/media?parent=4015"}],"wp:term":[{"taxonomy":"post_tag","embeddable":true,"href":"https:\/\/www.paristouristinformation.fr\/de\/wp-json\/wp\/v2\/tags?post=4015"}],"curies":[{"name":"wp","href":"https:\/\/api.w.org\/{rel}","templated":true}]}}