{"id":4035,"date":"2020-12-11T13:13:08","date_gmt":"2020-12-11T13:13:08","guid":{"rendered":"https:\/\/paristouristinformation.fr\/de\/\/gruppenreisen\/clone-of-executive-transfer-limousinen-vip-transfer\/"},"modified":"2025-12-29T14:42:02","modified_gmt":"2025-12-29T14:42:02","slug":"exekutiv-transfer","status":"publish","type":"page","link":"https:\/\/www.paristouristinformation.fr\/de\/gruppenreisen\/exekutiv-transfer\/","title":{"rendered":"Paris Transfer Service: Flughafentransfer Paris f\u00fcr Gruppen &amp; VIPs"},"content":{"rendered":"<h1>Paris Transfer Service: Flughafentransfer Paris f\u00fcr Gruppen &amp; VIPs<\/h1>\n<p>24\/7 Limousinenservice mit Festpreisen von den Flugh\u00e4fen Paris-Charles-de-Gaulle, Paris-Orly, Paris-Beauvais-Till\u00e9 und Le Bourget.<\/p>\n<h2>Bei uns sind Sie in guten H\u00e4nden<\/h2>\n<p>Es ist die Art und Weise, wie Sie Ihre Mitarbeiter behandeln, die ein Unternehmen auszeichnet.Gerne organisieren wir Ihren Transfer von den Flugh\u00e4fen Paris-Charles-de-Gaulle [CDG], Paris-Orly [ORY], Paris-Beauvais-Till\u00e9 [BVA], dem Privatflughafen Le Bourget [LBG], dem Bahnhof, dem Fernverkehr, dem Business-Service oder einem individuell gew\u00e4hlten Ort.Die Gew\u00e4hrleistung eines reibungslosen Ablaufs ist die oberste Priorit\u00e4t unseres 24\/7-Limousinen-Service in Paris.Als Full-Service-Agentur k\u00fcmmert sich die Paris Tourist Information um alle Fragen im Zusammenhang mit Gesch\u00e4ftsreisen. Wir k\u00fcmmern uns um den Executive-Transfer bis hin zum Rahmenprogramm inklusive Tagungshotel.<\/p>\n<h3>Pers\u00f6nlicher Service, exklusive Limousinen<\/h3>\n<p>Unsere zuverl\u00e4ssigen Fahrer in Anz\u00fcgen werden Sie vor dem Ausgang des Flughafens mit einem Schild mit Ihrem Namen begr\u00fc\u00dfen.Ihr Fahrer wird Ihr Gep\u00e4ck zu unseren mit WIFI ausgestatteten Limousinen bringen.<\/p>\n<ul>\n<li><span style=\"\"><strong><span style=\"\">Feste Preise<\/span><\/strong><\/span><\/li>\n<li style=\"\"><span style=\"\"><strong><span style=\"\">24\/7 Kundenbetreuung<\/span><\/strong><\/span><\/li>\n<li style=\"\"><span style=\"\"><strong><span style=\"\"><strong><span>Zuverl\u00e4ssige \u00dcbertragung<\/span><\/strong><\/span><\/strong><\/span><\/li>\n<\/ul>\n<h2>FAQ<\/h2>\n<h2 style=\"text-align: center;\">Unser Bestseller<\/h2>\n<p><a href=\"#\"><span><span>Instance 1<\/span><\/span><\/a><\/p>\n<h5 style=\"\">Business Van<\/h5>\n<p>&nbsp;<span><img decoding=\"async\" alt=\"Business Van\" data-id=\"2919\" width=\"284\" data-init-width=\"1000\" height=\"189\" data-init-height=\"667\" title=\"Business Van\" src=\"https:\/\/paristouristinformation.fr\/de\/\/wp-content\/uploads\/2020\/11\/Business-Van.jpg\" data-width=\"284\" data-height=\"189\" style=\"aspect-ratio: auto 1000 \/ 667;\" loading=\"lazy\"><\/span><\/p>\n<p><em>Unternehmensgruppe<\/em><\/p>\n<p>Ausgehend von<\/p>\n<p>\u20ac 79.00 <\/p>\n<ul>\n<li><span>24 Stunden am Tag<\/span><\/li>\n<li><span>max. 8 Passagiere<\/span><\/li>\n<li><span>max. 10 Gep\u00e4ckst\u00fccke<\/span><\/li>\n<li><span>get\u00f6nte Scheiben<\/span><\/li>\n<li><span>extra langer Radstand<\/span><\/li>\n<\/ul>\n<h5>Mercedes e-class<\/h5>\n<p><span><img decoding=\"async\" alt=\"Mercedes E\" data-id=\"2921\" width=\"284\" data-init-width=\"1000\" height=\"189\" data-init-height=\"667\" title=\"Mercedes E\" src=\"https:\/\/paristouristinformation.fr\/de\/\/wp-content\/uploads\/2020\/11\/Mercedes-E.jpg\" data-width=\"284\" data-height=\"189\" style=\"aspect-ratio: auto 1000 \/ 667;\" loading=\"lazy\"><\/span><\/p>\n<p><em>Business Class<\/em><\/p>\n<p>Ausgehend von<\/p>\n<p>\u20ac 79.00<\/p>\n<p>&nbsp;<\/p>\n<ul>\n<li><span>24 Stunden am Tag<\/span><\/li>\n<li><span>max. 4 Passagiere<\/span><\/li>\n<li><span>max. 3 Gep\u00e4ckst\u00fccke<\/span><\/li>\n<li><span>get\u00f6nte Scheiben<\/span><\/li>\n<li><span>4-Matic, langer Radstand<\/span><\/li>\n<li><span>Climatronic<\/span><\/li>\n<\/ul>\n<h5 style=\"\">BMW 7 Series<\/h5>\n<p>&nbsp;<span><img decoding=\"async\" alt=\"7ER BMW\" data-id=\"2922\" width=\"284\" data-init-width=\"1000\" height=\"189\" data-init-height=\"667\" title=\"7ER BMW\" src=\"https:\/\/paristouristinformation.fr\/de\/\/wp-content\/uploads\/2020\/11\/7ER-BMW.jpg\" data-width=\"284\" data-height=\"189\" style=\"aspect-ratio: auto 1000 \/ 667;\" loading=\"lazy\"><\/span><\/p>\n<p><em>First Class<\/em><\/p>\n<p>Ausgehend von<\/p>\n<p>\u20ac 99.00<\/p>\n<ul>\n<li><span>24 Stunden am Tag<\/span><\/li>\n<li><span>max. 4 Passagiere<\/span><\/li>\n<li><span>max. 3 Gep\u00e4ckst\u00fccke<\/span><\/li>\n<li><span>get\u00f6nte Scheiben<\/span><\/li>\n<li><span>Executive-Fahrer-Pro<\/span><\/li>\n<\/ul>\n<h2 style=\"text-align: center;\">Welche Arten von \u00dcberweisungen sind m\u00f6glich?<\/h2>\n<p style=\"text-align: center;\">Von Limousinen \u00fcber gepanzerte Fahrzeuge bis hin zu Bussen f\u00fcr Gruppen bieten wir das richtige Fahrzeug f\u00fcr Ihre Zwecke. Dar\u00fcber hinaus arbeiten viele unserer Fahrer als Bodyguards.<\/p>\n<h3 style=\"\">1. Limousinen-Service<\/h3>\n<p style=\"\">Wir haben exklusive Limousinen, von der Mercedes-Benz E-Klasse \u00fcber den 5er BMW bis hin zu umweltfreundlichen Fahrzeugen mit Elektromotor.<\/p>\n<p style=\"\">Keines der Fahrzeuge ist \u00e4lter als drei Jahre. Die Fahrzeuge sind voll ausgestattet und dunkel gef\u00e4rbt. Je nach Vorliebe k\u00f6nnen sie auff\u00e4llig oder zur\u00fcckhaltend sein. Wir stellen uns ganz auf Ihre Anforderungen ein.<\/p>\n<h3 style=\"\">2. Gepanzerte Fahrzeuge<\/h3>\n<p style=\"\">Wir arbeiten mit Fahrern, die auch als Bodyguards in Paris t\u00e4tig sind.<\/p>\n<p style=\"\">Auf Wunsch vermitteln wir Fahrzeuge entsprechend den Sicherheitsanforderungen sowie zus\u00e4tzlichen Personenschutz.<\/p>\n<h3 style=\"\">3. Exklusive Busse oder Business-Vans f\u00fcr Gruppen<\/h3>\n<p style=\"\">F\u00fcr Delegationen organisieren wir Gruppentransfers mit exklusiven Bussen oder Kleinbussen. Au\u00dferdem k\u00f6nnen Kollegen Paris mit unserem exklusiven Bustransfer erkunden.<\/p>\n<p style=\"\">Bei der Wahl des Busses gehen wir ganz auf Ihre W\u00fcnsche und Bed\u00fcrfnisse ein, z. B. Busse mit get\u00f6nten Scheiben und Ledersitzen.<\/p>\n<h2>Reibungsloser Ablauf mit VIP-Erfahrung<\/h2>\n<p>P\u00fcnktliches Erscheinen ist f\u00fcr VIPs von gr\u00f6\u00dfter Bedeutung.Dieser Faktor ist entscheidend f\u00fcr den reibungslosen Ablauf von Tagungen, Veranstaltungen und Kongressen. Auch unsere erfahrenen Chauffeure in Paris legen gro\u00dfen Wert auf P\u00fcnktlichkeit.Als Full-Service-Agentur k\u00fcmmert sich die Paris Tourist Information um den gesamten Ablauf in Paris. Mit uns k\u00f6nnen Sie Meetings, Events und Gesch\u00e4ftsreisen mit einem Ansprechpartner vor Ort koordinieren. Ihr Flug ist versp\u00e4tet? Kein Problem! Wir k\u00fcmmern uns um den Veranstaltungsort oder geplante Incentives und verschieben das Catering.Selbstverst\u00e4ndlich ist es auch m\u00f6glich, Transfers und Limousinenservice separat zu buchen.Die Fahrzeuge werden zu einem Festpreis pro Stunde oder Tag abgerechnet. F\u00fcr den Transfer von Gruppen in der Stadt stehen exklusive Busse zur Verf\u00fcgung.Wenn Sie spezielle W\u00fcnsche haben, kontaktieren Sie uns bitte f\u00fcr eine kostenlose Erstberatung, in der wir Ihre W\u00fcnsche und Bed\u00fcrfnisse analysieren.<\/p>\n<h3>Full-Service aus einer Hand:<\/h3>\n<ul>\n<li style=\"\"><span style=\"\"><strong>24\/7 Kundenbetreuung: <\/strong>Hotline, die 24 Stunden am Tag erreichbar ist, zum Beispiel bei Flugversp\u00e4tungen.<\/span><\/li>\n<li><span><strong>Alles aus einer Hand: <\/strong>Bei uns haben Sie nur einen Ansprechpartner in Paris, der sich um alle weiteren Schritte k\u00fcmmert. Die Konferenz wird verschoben? Der Flug ist versp\u00e4tet? Der Transfer wird fr\u00fcher ben\u00f6tigt? Kein Problem! Wir sorgen f\u00fcr die reibungslose Abwicklung vor Ort.<\/span><\/li>\n<li><span><strong>Kostenlose Erstberatung:<\/strong> Suchen Sie einen Spezialtransfer in Paris oder m\u00f6chten Sie ein individuelles Komplettangebot f\u00fcr die Abwicklung Ihrer Veranstaltung? Der erste Schritt ist eine kostenlose Erstberatung mit Pr\u00fcfung Ihrer Anforderungen.<\/span><\/li>\n<\/ul>\n<h2 style=\"text-align: center;\">Kostenlose Erstberatung<\/h2>\n<p style=\"text-align: center;\">Wir w\u00fcrden uns freuen, mit Ihnen \u00fcber Ihre Erwartungen zu sprechen. Sie k\u00f6nnen uns kontaktieren \u00fcber <span data-shortcode=\"thrive_global_fields\" data-shortcode-name=\"[Company] MICE Telefonnummer\" data-extra_key=\"1\" data-attr-id=\"19\" data-option-inline=\"1\"><\/span>, E-Mail zu&nbsp;<span data-shortcode=\"thrive_global_fields\" data-shortcode-name=\"[Company] MICE E-Mail\" data-extra_key=\"1\" data-attr-id=\"20\" data-option-inline=\"1\"><\/span> oder \u00fcber das Kontaktformular.<\/p>\n","protected":false},"excerpt":{"rendered":"<p>Paris Transfer Service: Flughafentransfer Paris f\u00fcr Gruppen &amp; VIPs 24\/7 Limousinenservice mit Festpreisen von den Flugh\u00e4fen Paris-Charles-de-Gaulle, Paris-Orly, Paris-Beauvais-Till\u00e9 und Le Bourget. Bei uns sind Sie in guten H\u00e4nden Es ist die Art und Weise, wie Sie Ihre Mitarbeiter behandeln, die ein Unternehmen auszeichnet.Gerne organisieren wir Ihren Transfer von den Flugh\u00e4fen Paris-Charles-de-Gaulle [CDG], Paris-Orly [ORY], [&hellip;]<\/p>\n","protected":false},"author":9,"featured_media":2219,"parent":3970,"menu_order":0,"comment_status":"closed","ping_status":"closed","template":"","meta":{"footnotes":"","tve_updated_post":"","tve_custom_css":"","tve_user_custom_css":"","tve_globals":{},"tcb2_ready":1,"tcb_editor_enabled":1,"tve_landing_page":"tcb2-blank-page","_tve_header":"2742","_tve_footer":"2743"},"tags":[],"class_list":["post-4035","page","type-page","status-publish","has-post-thumbnail","hentry","post-wrapper","thrv_wrapper"],"wp-worthy-pixel":{"ignored":false,"public":"443936c87d924bf58bbce6b306cdd75c","server":"vg06.met.vgwort.de","url":"https:\/\/vg06.met.vgwort.de\/na\/443936c87d924bf58bbce6b306cdd75c"},"wp-worthy-type":"normal","_links":{"self":[{"href":"https:\/\/www.paristouristinformation.fr\/de\/wp-json\/wp\/v2\/pages\/4035","targetHints":{"allow":["GET"]}}],"collection":[{"href":"https:\/\/www.paristouristinformation.fr\/de\/wp-json\/wp\/v2\/pages"}],"about":[{"href":"https:\/\/www.paristouristinformation.fr\/de\/wp-json\/wp\/v2\/types\/page"}],"author":[{"embeddable":true,"href":"https:\/\/www.paristouristinformation.fr\/de\/wp-json\/wp\/v2\/users\/9"}],"replies":[{"embeddable":true,"href":"https:\/\/www.paristouristinformation.fr\/de\/wp-json\/wp\/v2\/comments?post=4035"}],"version-history":[{"count":3,"href":"https:\/\/www.paristouristinformation.fr\/de\/wp-json\/wp\/v2\/pages\/4035\/revisions"}],"predecessor-version":[{"id":14809,"href":"https:\/\/www.paristouristinformation.fr\/de\/wp-json\/wp\/v2\/pages\/4035\/revisions\/14809"}],"up":[{"embeddable":true,"href":"https:\/\/www.paristouristinformation.fr\/de\/wp-json\/wp\/v2\/pages\/3970"}],"wp:featuredmedia":[{"embeddable":true,"href":"https:\/\/www.paristouristinformation.fr\/de\/wp-json\/wp\/v2\/media\/2219"}],"wp:attachment":[{"href":"https:\/\/www.paristouristinformation.fr\/de\/wp-json\/wp\/v2\/media?parent=4035"}],"wp:term":[{"taxonomy":"post_tag","embeddable":true,"href":"https:\/\/www.paristouristinformation.fr\/de\/wp-json\/wp\/v2\/tags?post=4035"}],"curies":[{"name":"wp","href":"https:\/\/api.w.org\/{rel}","templated":true}]}}