{"id":4049,"date":"2023-01-10T09:51:00","date_gmt":"2023-01-10T09:51:00","guid":{"rendered":"https:\/\/paristouristinformation.fr\/de\/\/?page_id=4049"},"modified":"2024-01-20T10:26:19","modified_gmt":"2024-01-20T10:26:19","slug":"museum-montmartre","status":"publish","type":"page","link":"https:\/\/www.paristouristinformation.fr\/de\/sehenswurdigkeiten\/museum\/museum-montmartre\/","title":{"rendered":"Montmartre Museum in Paris | Tipps, Touren &#038; Geschichte"},"content":{"rendered":"<p>Bei Ihrem Besuch in Paris werden Sie das K\u00fcnstlerviertel Montmartre nicht verpassen k\u00f6nnen. <a href=\"https:\/\/paristouristinformation.fr\/de\/bezirke\/montmartre\/\" style=\"outline: none;\"><strong>Montmartre <\/strong><\/a><strong>ist das Viertel<\/strong> von Paris, das dem Boh\u00e8me-Leben, der Kunst, den Tr\u00e4umen und den M\u00e4rchen gewidmet ist.Das Montmartre-Museum ist ein idealer Ort, um die Geschichte des Montmartre Viertels kennenzulernen, das im 19. und 20. Jahrhundert auch die Arbeitsumgebung vieler impressionistischer K\u00fcnstler war.In diesem Artikel finden Sie alle wichtigen Informationen, die Sie vor dem Besuch des Montmartre-Museums wissen sollten.<\/p>\n<h2 id=\"t-1612272670079\">Was kann ich im Montmartre-Museum unternehmen?<\/h2>\n<p><span><img decoding=\"async\" alt=\"\" data-id=\"1740\" width=\"702\" data-init-width=\"1200\" height=\"456\" data-init-height=\"779\" title=\"Paris Montmartre Souvenir Shop\" src=\"https:\/\/paristouristinformation.fr\/de\/\/wp-content\/uploads\/2020\/10\/Paris-Montmartre-Souvenir-Shop.jpg\" data-width=\"702\" data-height=\"456\" data-pinpro-key=\"meehzs5db\" loading=\"lazy\"><\/span><\/p>\n<p>Der Besuch des Montmartre-Museums mit seinem historischen Geb\u00e4ude, den G\u00e4rten und den Ausstellungen vermittelt einen besseren Eindruck von dem H\u00fcgel \u00fcber Paris.Sie k\u00f6nnen alte Fotos der Menschen sehen, die einst hier lebten, und \u00fcber die <strong>Erinnerungen des Viertels<\/strong> lesen.Es erwartet Sie eine thematische Pr\u00e4sentation, die die <strong>Chronologie des Montmartre<\/strong> zeigt, von der Zeit, als es ein kleines Dorf am Rande von Paris war, bis hin zum heutigen beliebten Touristenziel. Neben seiner einzigartigen st\u00e4ndigen Sammlung zeigt das Museum h\u00e4ufig Wechselausstellungen.Das Montmartre-Museum verf\u00fcgt \u00fcber sch\u00f6ne G\u00e4rten und H\u00f6fe, die nach Gem\u00e4lden von Renoir renoviert wurden, sowie \u00fcber einen <strong>sch\u00f6nen Weinberg<\/strong>, auf dem Sie Montmartre-Wein probieren und kaufen k\u00f6nnen.<\/p>\n<h3 data-block=\"f4f678cb-771d-429a-b36b-253ed3b5b398\" data-title=\"Heading\" data-type=\"core\/heading\" tabindex=\"0\">Caf\u00e9 Renoir<\/h3>\n<p>Es gibt ein kleines Caf\u00e9, in dem Sie bei Ihrem Besuch auf dem Montmartre ein leichtes und leckeres Mittagessen mit Blick auf die sch\u00f6nen Weinberge einnehmen k\u00f6nnen.<\/p>\n<h2 id=\"t-1612272670080\">Eintritt, Eintrittskarten und F\u00fchrungen im Montmartre-Museum<\/h2>\n<ul>\n<li><strong>Das Museum<\/strong> ist wochentags von 11:00 bis 18:00 Uhr und am Wochenende von 11:00 bis 19:00 Uhr ge\u00f6ffnet.<\/li>\n<li><strong>Caf\u00e9 Renoir<\/strong> ist wochentags von 11:30-17:00 Uhr und am Wochenende von 11:30-18:00 Uhr ge\u00f6ffnet.<\/li>\n<\/ul>\n<ul>\n<li style=\"\"><span style=\"\"><strong>Eintrittskarten: <\/strong>Eintrittskarten f\u00fcr das Montmartre-Museum sind auf der <a href=\"https:\/\/museedemontmartre.tickeasy.com\/en-GB\/home\" target=\"_blank\" style=\"outline: none;\" rel=\"noopener nofollow\">offiziellen Webseite<\/a> erh\u00e4ltlich.<strong><\/strong>Das Online-Ticket beinhaltet einen Audioguide auf Englisch, Franz\u00f6sisch, Deutsch, Italienisch, Spanisch, Russisch und Japanisch. Die Audiotour dauert etwa 90 Minuten.<\/span><\/li>\n<\/ul>\n<ul>\n<li><span style=\"\">Um Zeit und Geld zu sparen und Stress zu vermeiden, k\u00f6nnen Sie Ihre Reise vorbereiten, indem Sie alle ben\u00f6tigten Online-Tickets im Voraus in unserem offiziellen <a href=\"https:\/\/paristouristinformation.fr\/de\/touren-and-tickets\/\">Paris Tickets Shop<\/a> kaufen.<\/span><\/li>\n<\/ul>\n<p>__CONFIG_colors_palette__{&#8222;active_palette&#8220;:0,&#8220;config&#8220;:{&#8222;colors&#8220;:{&#8222;f8570&#8220;:{&#8222;name&#8220;:&#8220;Main Accent&#8220;,&#8220;parent&#8220;:-1}},&#8220;gradients&#8220;:[]},&#8220;palettes&#8220;:[{&#8222;name&#8220;:&#8220;Default Palette&#8220;,&#8220;value&#8220;:{&#8222;colors&#8220;:{&#8222;f8570&#8220;:{&#8222;val&#8220;:&#8220;var(&#8211;tcb-skin-color-0)&#8220;}},&#8220;gradients&#8220;:[]},&#8220;original&#8220;:{&#8222;colors&#8220;:{&#8222;f8570&#8220;:{&#8222;val&#8220;:&#8220;rgb(19, 114, 211)&#8220;,&#8220;hsl&#8220;:{&#8222;h&#8220;:210,&#8220;s&#8220;:0.83,&#8220;l&#8220;:0.45}}},&#8220;gradients&#8220;:[]}}]}__CONFIG_colors_palette__ <a href=\"https:\/\/paristouristinformation.fr\/de\/touren-and-tickets\/\" target=\"_blank\" rel=\"noopener\"> <span><span style=\"\">Zum Paris Tickets Shop&nbsp;<\/span><\/span> <\/a><\/p>\n<h2 id=\"t-1612272670081\">Wie erreiche ich das Montmartre-Museum?<\/h2>\n<p><span><img decoding=\"async\" alt=\"Montmartre Funicular in Paris in France\" data-id=\"4107\" width=\"702\" data-init-width=\"1000\" height=\"468\" data-init-height=\"667\" title=\"Montmartre Funicular in Paris in France\" src=\"https:\/\/paristouristinformation.fr\/de\/\/wp-content\/uploads\/2020\/12\/shutterstock_1104835676.jpg\" data-width=\"702\" data-height=\"468\" data-pinpro-key=\"6u01i76xi\" loading=\"lazy\"><\/span><\/p>\n<p><strong data-rich-text-format-boundary=\"true\">Metro: <\/strong>Es gibt keine Metro, die auf den H\u00fcgel f\u00e4hrt. Sie k\u00f6nnen an der Haltestelle &#8222;Anvers&#8220; aussteigen und mit der Montmartre-Seilbahn nach oben fahren. Eine andere M\u00f6glichkeit ist, an der Station &#8222;Pigalle&#8220; der Linie 2 auszusteigen, den Montmartobus zu nehmen und an der Haltestelle Saules-Cortot zu halten.<\/p>\n<p>__CONFIG_colors_palette__{&#8222;active_palette&#8220;:0,&#8220;config&#8220;:{&#8222;colors&#8220;:{&#8222;50ce5&#8220;:{&#8222;name&#8220;:&#8220;Main Accent&#8220;,&#8220;parent&#8220;:-1}},&#8220;gradients&#8220;:[]},&#8220;palettes&#8220;:[{&#8222;name&#8220;:&#8220;Default Palette&#8220;,&#8220;value&#8220;:{&#8222;colors&#8220;:{&#8222;50ce5&#8220;:{&#8222;val&#8220;:&#8220;var(&#8211;tcb-skin-color-0)&#8220;}},&#8220;gradients&#8220;:[]},&#8220;original&#8220;:{&#8222;colors&#8220;:{&#8222;50ce5&#8220;:{&#8222;val&#8220;:&#8220;rgb(19, 114, 211)&#8220;,&#8220;hsl&#8220;:{&#8222;h&#8220;:210,&#8220;s&#8220;:0.83,&#8220;l&#8220;:0.45,&#8220;a&#8220;:1}}},&#8220;gradients&#8220;:[]}}]}__CONFIG_colors_palette__ <a href=\"https:\/\/paristouristinformation.fr\/de\/\/de\/plan\/public-transport\"> <span><span style=\"\">F\u00fchrer f\u00fcr \u00f6ffentliche Verkehrsmittel in Paris<\/span><\/span> <\/a><\/p>\n<h2 id=\"t-1612272670082\">FAQ<\/h2>\n<h2 id=\"t-1612272670083\">Geschichte des Montmartre-Museums<\/h2>\n<p><span><img decoding=\"async\" alt=\"\" data-id=\"1737\" width=\"702\" data-init-width=\"1200\" height=\"468\" data-init-height=\"800\" title=\"Paris Montmartre Museum Water Tower\" src=\"https:\/\/paristouristinformation.fr\/de\/\/wp-content\/uploads\/2020\/10\/Paris-Montmartre-Museum-Water-Tower.jpg\" data-width=\"702\" data-height=\"468\" data-pinpro-key=\"rjvsqy1zd\" loading=\"lazy\"><\/span><\/p>\n<p>Das historische Museumsgeb\u00e4ude, das im 17. Jahrhundert als &#8222;Bel Air House&#8220; errichtet wurde, ist das \u00e4lteste Haus des Viertels.Viele K\u00fcnstler fanden hier ein Umfeld, das Freude, Humor und Kreativit\u00e4t erm\u00f6glichte, als sie nach Montmartre kamen.<strong>Das Bell Air House<\/strong> wurde zu Beginn des 20. Jahrhunderts zu einem Zufluchtsort f\u00fcr K\u00fcnstler, die dem Aufstieg der b\u00fcrgerlichen Klasse, die ihr Leben gro\u00dfen Idealen widmete, und dem \u00fcberw\u00e4ltigenden Druck in der Gesellschaft entfliehen wollten.Viele ber\u00fchmte K\u00fcnstler wie Auguste Renoir, Suzanne Valadon und Maurice Utrillo nutzten es als Wohnsitz oder Atelier.Auguste Renoir mietete hier in den Jahren 1875 &#8211; 1877 ein Atelier. W\u00e4hrend seines Aufenthalts malte er einige seiner ber\u00fchmten Gem\u00e4lde wie &#8222;Die Wiege&#8220;, eine Szene im Garten des Hauses, und &#8222;Der Tanz in der Moulin de la Galette&#8220;.Das Museum von Montmartre wurde 1960 gegr\u00fcndet. Im Jahr 2014 fand eine umfassende Renovierung statt und es wurden neue R\u00e4ume er\u00f6ffnet, darunter die Wohnung von Suzanne Valadon und Maurice Utrillo, das Hotel Demarne f\u00fcr die Wechselausstellungen.<\/p>\n<h2 id=\"t-1612272670084\">Kontakt &amp; Karte<\/h2>\n<ul>\n<li><span style=\"\"><strong>Adresse:&nbsp;<\/strong>12, rue Cortot 75018 Paris &#8211; France<\/span><\/li>\n<li><span style=\"\"><strong>\u00d6ffnungszeiten: <\/strong>T\u00e4glich von 11 bis 18 Uhr unter der Woche, bis 19 Uhr am Wochenende. Am Dienstag geschlossen.<\/span><\/li>\n<li><span style=\"\"><strong>\u00d6ffentliche Verkehrsmittel: <\/strong>Sie k\u00f6nnen an der Metrostation &#8222;Anvers&#8220; aussteigen und mit der Montmartre-Seilbahn nach oben fahren.<\/span><\/li>\n<li style=\"\"><span style=\"\"><strong>Webseite:&nbsp;<\/strong><a href=\"https:\/\/museedemontmartre.fr\/en\/le-musee\/\" target=\"_blank\" style=\"outline: none;\" rel=\"noopener nofollow\">www.museedemontmartre.fr\/en\/<\/a><\/span><\/li>\n<\/ul>\n<ul>\n<li><span style=\"\">Suchen Sie nach anderen Museen in Paris? Sehen Sie sich unsere Liste der <a href=\"https:\/\/paristouristinformation.fr\/de\/sehenswurdigkeiten\/museum\/\"><strong>30 besten Museen in Paris<\/strong><\/a> an.<\/span><\/li>\n<\/ul>\n<p>__CONFIG_colors_palette__{&#8222;active_palette&#8220;:0,&#8220;config&#8220;:{&#8222;colors&#8220;:{&#8222;50ce5&#8220;:{&#8222;name&#8220;:&#8220;Main Accent&#8220;,&#8220;parent&#8220;:-1}},&#8220;gradients&#8220;:[]},&#8220;palettes&#8220;:[{&#8222;name&#8220;:&#8220;Default Palette&#8220;,&#8220;value&#8220;:{&#8222;colors&#8220;:{&#8222;50ce5&#8220;:{&#8222;val&#8220;:&#8220;var(&#8211;tcb-skin-color-0)&#8220;}},&#8220;gradients&#8220;:[]},&#8220;original&#8220;:{&#8222;colors&#8220;:{&#8222;50ce5&#8220;:{&#8222;val&#8220;:&#8220;rgb(19, 114, 211)&#8220;,&#8220;hsl&#8220;:{&#8222;h&#8220;:210,&#8220;s&#8220;:0.83,&#8220;l&#8220;:0.45,&#8220;a&#8220;:1}}},&#8220;gradients&#8220;:[]}}]}__CONFIG_colors_palette__ <a href=\"https:\/\/paristouristinformation.fr\/de\/\/de\/things-to-do\/museum\/\"> <span><span>Weitere sehenswerte Museen in Paris<\/span><\/span> <\/a><\/p>\n<h2 style=\"\" id=\"t-1640599781289\">Verwandte Artikel:<\/h2>\n<div class=\"tcb-post-list tve-content-list thrv_wrapper\" data-type=\"grid\" data-pagination-type=\"none\" data-pages_near_current=\"2\" data-css=\"tve-u-17dfbee4ea5\" data-total_post_count=\"4\" data-total_sticky_count=\"0\" data-no_posts_text=\"There are no posts to display.\"><article id=\"post-1665\" class=\"post-1665 page type-page status-publish has-post-thumbnail hentry post-wrapper thrv_wrapper thrive-animated-item  tve_evt_manager_listen tve_ea_thrive_animation tve_et_mouseover tve_anim_grow\" tcb_hover_state_parent=\"\" class=\"tve_evt_manager_listen tve_ea_thrive_animation tve_et_mouseover tve_anim_grow\" data-id=\"1665\" data-selector=\".post-wrapper\"><style class=\"tcb-post-list-dynamic-style\" type=\"text\/css\">@media (min-width: 300px){[].tcb-post-list #post-1665 []{background-image: url(&#8222;https:\/\/www.paristouristinformation.fr\/de\/wp-content\/uploads\/2021\/02\/Montmartres-top-attractions-in-Paris-1024x538.jpg&#8222;) !important;}[].tcb-post-list #post-1665 []:hover []{background-image: url(&#8222;https:\/\/www.paristouristinformation.fr\/de\/wp-content\/uploads\/2021\/02\/Montmartres-top-attractions-in-Paris-1024x538.jpg&#8222;) !important;}}<\/style><a href=\"https:\/\/www.paristouristinformation.fr\/de\/bezirke\/montmartre\/\" dynamic-postlink=\"tcb_post_the_permalink\" data-shortcode-id=\"1665\"><\/a><\/p>\n<h3 style=\"text-align: center; padding-top: 0px !important; margin-top: 0px !important;\"><span data-attr-link=\"1\" data-attr-rel=\"0\" data-attr-target=\"0\" data-extra_key=\"\" data-option-inline=\"1\" data-shortcode=\"tcb_post_title\" data-shortcode-name=\"Post title\" data-attr-css=\"\" data-attr-static-link=\"{&quot;className&quot;:&quot;tve-froala fr-basic&quot;,&quot;href&quot;:&quot;https:\/\/paristouristinformation.fr\/de\/bezirke\/montmartre\/&quot;,&quot;title&quot;:&quot;Sehensw\u00fcrdigkeiten Montmartre | Keine Attraktion verpassen&quot;,&quot;class&quot;:&quot;tve-froala fr-basic&quot;}\" style=\"\"><a href=\"https:\/\/www.paristouristinformation.fr\/de\/bezirke\/montmartre\/\" title=\"Montmartre: Tickets &amp; Tipps f\u00fcr gef\u00fchrte Touren\" data-css=\"\" class=\"tve-froala fr-basic\">Montmartre: Tickets &amp; Tipps f\u00fcr gef\u00fchrte Touren<\/a><\/span><\/h3>\n<p><\/article><article id=\"post-8635\" class=\"post-8635 page type-page status-publish has-post-thumbnail hentry post-wrapper thrv_wrapper thrive-animated-item  tve_evt_manager_listen tve_ea_thrive_animation tve_et_mouseover tve_anim_grow\" tcb_hover_state_parent=\"\" class=\"tve_evt_manager_listen tve_ea_thrive_animation tve_et_mouseover tve_anim_grow\" data-id=\"8635\" data-selector=\".post-wrapper\"><style class=\"tcb-post-list-dynamic-style\" type=\"text\/css\">@media (min-width: 300px){[].tcb-post-list #post-8635 []{background-image: url(&#8222;https:\/\/www.paristouristinformation.fr\/de\/wp-content\/uploads\/2021\/07\/Guide-to-Grevin-Museum-in-Paris-1024x538.jpg&#8222;) !important;}[].tcb-post-list #post-8635 []:hover []{background-image: url(&#8222;https:\/\/www.paristouristinformation.fr\/de\/wp-content\/uploads\/2021\/07\/Guide-to-Grevin-Museum-in-Paris-1024x538.jpg&#8222;) !important;}}<\/style><a href=\"https:\/\/www.paristouristinformation.fr\/de\/sehenswurdigkeiten\/museum\/grevin-museum\/\" dynamic-postlink=\"tcb_post_the_permalink\" data-shortcode-id=\"1665\"><\/a><\/p>\n<h3 style=\"text-align: center; padding-top: 0px !important; margin-top: 0px !important;\"><span data-attr-link=\"1\" data-attr-rel=\"0\" data-attr-target=\"0\" data-extra_key=\"\" data-option-inline=\"1\" data-shortcode=\"tcb_post_title\" data-shortcode-name=\"Post title\" data-attr-css=\"\" data-attr-static-link=\"{&quot;className&quot;:&quot;tve-froala fr-basic&quot;,&quot;href&quot;:&quot;https:\/\/paristouristinformation.fr\/de\/bezirke\/montmartre\/&quot;,&quot;title&quot;:&quot;Sehensw\u00fcrdigkeiten Montmartre | Keine Attraktion verpassen&quot;,&quot;class&quot;:&quot;tve-froala fr-basic&quot;}\" style=\"\"><a href=\"https:\/\/www.paristouristinformation.fr\/de\/sehenswurdigkeiten\/museum\/grevin-museum\/\" title=\"Gr\u00e9vin Museum in Paris | Ausstellung, Tickets &amp; Touren\" data-css=\"\" class=\"tve-froala fr-basic\">Gr\u00e9vin Museum in Paris | Ausstellung, Tickets &amp; Touren<\/a><\/span><\/h3>\n<p><\/article><article id=\"post-998\" class=\"post-998 page type-page status-publish has-post-thumbnail hentry post-wrapper thrv_wrapper thrive-animated-item  tve_evt_manager_listen tve_ea_thrive_animation tve_et_mouseover tve_anim_grow\" tcb_hover_state_parent=\"\" class=\"tve_evt_manager_listen tve_ea_thrive_animation tve_et_mouseover tve_anim_grow\" data-id=\"998\" data-selector=\".post-wrapper\"><style class=\"tcb-post-list-dynamic-style\" type=\"text\/css\">@media (min-width: 300px){[].tcb-post-list #post-998 []{background-image: url(&#8222;https:\/\/www.paristouristinformation.fr\/de\/wp-content\/uploads\/2021\/01\/Louvre-Museum-in-Paris-in-France-1024x538.jpg&#8222;) !important;}[].tcb-post-list #post-998 []:hover []{background-image: url(&#8222;https:\/\/www.paristouristinformation.fr\/de\/wp-content\/uploads\/2021\/01\/Louvre-Museum-in-Paris-in-France-1024x538.jpg&#8222;) !important;}}<\/style><a href=\"https:\/\/www.paristouristinformation.fr\/de\/sehenswurdigkeiten\/museum\/louvre\/\" dynamic-postlink=\"tcb_post_the_permalink\" data-shortcode-id=\"1665\"><\/a><\/p>\n<h3 style=\"text-align: center; padding-top: 0px !important; margin-top: 0px !important;\"><span data-attr-link=\"1\" data-attr-rel=\"0\" data-attr-target=\"0\" data-extra_key=\"\" data-option-inline=\"1\" data-shortcode=\"tcb_post_title\" data-shortcode-name=\"Post title\" data-attr-css=\"\" data-attr-static-link=\"{&quot;className&quot;:&quot;tve-froala fr-basic&quot;,&quot;href&quot;:&quot;https:\/\/paristouristinformation.fr\/de\/bezirke\/montmartre\/&quot;,&quot;title&quot;:&quot;Sehensw\u00fcrdigkeiten Montmartre | Keine Attraktion verpassen&quot;,&quot;class&quot;:&quot;tve-froala fr-basic&quot;}\" style=\"\"><a href=\"https:\/\/www.paristouristinformation.fr\/de\/sehenswurdigkeiten\/museum\/louvre\/\" title=\"Louvre Museum | Tickets &amp; F\u00fchrungen, Infos &amp; Tipps\" data-css=\"\" class=\"tve-froala fr-basic\">Louvre Museum | Tickets &amp; F\u00fchrungen, Infos &amp; Tipps<\/a><\/span><\/h3>\n<p><\/article><article id=\"post-8391\" class=\"post-8391 page type-page status-publish has-post-thumbnail hentry post-wrapper thrv_wrapper thrive-animated-item  tve_evt_manager_listen tve_ea_thrive_animation tve_et_mouseover tve_anim_grow\" tcb_hover_state_parent=\"\" class=\"tve_evt_manager_listen tve_ea_thrive_animation tve_et_mouseover tve_anim_grow\" data-id=\"8391\" data-selector=\".post-wrapper\"><style class=\"tcb-post-list-dynamic-style\" type=\"text\/css\">@media (min-width: 300px){[].tcb-post-list #post-8391 []{background-image: url(&#8222;https:\/\/www.paristouristinformation.fr\/de\/wp-content\/uploads\/2021\/02\/Top-30-Best-Museums-to-Visit-in-Paris-1024x538.jpg&#8222;) !important;}[].tcb-post-list #post-8391 []:hover []{background-image: url(&#8222;https:\/\/www.paristouristinformation.fr\/de\/wp-content\/uploads\/2021\/02\/Top-30-Best-Museums-to-Visit-in-Paris-1024x538.jpg&#8222;) !important;}}<\/style><a href=\"https:\/\/www.paristouristinformation.fr\/de\/sehenswurdigkeiten\/museum\/orsay-museum\/\" dynamic-postlink=\"tcb_post_the_permalink\" data-shortcode-id=\"1665\"><\/a><\/p>\n<h3 style=\"text-align: center; padding-top: 0px !important; margin-top: 0px !important;\"><span data-attr-link=\"1\" data-attr-rel=\"0\" data-attr-target=\"0\" data-extra_key=\"\" data-option-inline=\"1\" data-shortcode=\"tcb_post_title\" data-shortcode-name=\"Post title\" data-attr-css=\"\" data-attr-static-link=\"{&quot;className&quot;:&quot;tve-froala fr-basic&quot;,&quot;href&quot;:&quot;https:\/\/paristouristinformation.fr\/de\/bezirke\/montmartre\/&quot;,&quot;title&quot;:&quot;Sehensw\u00fcrdigkeiten Montmartre | Keine Attraktion verpassen&quot;,&quot;class&quot;:&quot;tve-froala fr-basic&quot;}\" style=\"\"><a href=\"https:\/\/www.paristouristinformation.fr\/de\/sehenswurdigkeiten\/museum\/orsay-museum\/\" title=\"Mus\u00e9e d\u2019Orsay (Orsay Museum) | Tickets, Tipps &amp; Infos\" data-css=\"\" class=\"tve-froala fr-basic\">Mus\u00e9e d\u2019Orsay (Orsay Museum) | Tickets, Tipps &amp; Infos<\/a><\/span><\/h3>\n<p><\/article><\/div>\n","protected":false},"excerpt":{"rendered":"<p>Bei Ihrem Besuch in Paris werden Sie das K\u00fcnstlerviertel Montmartre nicht verpassen k\u00f6nnen. Montmartre ist das Viertel von Paris, das dem Boh\u00e8me-Leben, der Kunst, den Tr\u00e4umen und den M\u00e4rchen gewidmet ist.Das Montmartre-Museum ist ein idealer Ort, um die Geschichte des Montmartre Viertels kennenzulernen, das im 19. und 20. Jahrhundert auch die Arbeitsumgebung vieler impressionistischer K\u00fcnstler [&hellip;]<\/p>\n","protected":false},"author":9,"featured_media":6652,"parent":68,"menu_order":0,"comment_status":"closed","ping_status":"closed","template":"","meta":{"footnotes":""},"tags":[],"class_list":{"0":"post-4049","1":"page","2":"type-page","3":"status-publish","4":"has-post-thumbnail","5":"hentry","6":"post-wrapper","7":"thrv_wrapper","10":"thrive-animated-item"},"wp-worthy-pixel":{"ignored":false,"public":"65e7ba44957843a880124313ef8f91e6","server":"vg07.met.vgwort.de","url":"https:\/\/vg07.met.vgwort.de\/na\/65e7ba44957843a880124313ef8f91e6"},"wp-worthy-type":"normal","_links":{"self":[{"href":"https:\/\/www.paristouristinformation.fr\/de\/wp-json\/wp\/v2\/pages\/4049","targetHints":{"allow":["GET"]}}],"collection":[{"href":"https:\/\/www.paristouristinformation.fr\/de\/wp-json\/wp\/v2\/pages"}],"about":[{"href":"https:\/\/www.paristouristinformation.fr\/de\/wp-json\/wp\/v2\/types\/page"}],"author":[{"embeddable":true,"href":"https:\/\/www.paristouristinformation.fr\/de\/wp-json\/wp\/v2\/users\/9"}],"replies":[{"embeddable":true,"href":"https:\/\/www.paristouristinformation.fr\/de\/wp-json\/wp\/v2\/comments?post=4049"}],"version-history":[{"count":0,"href":"https:\/\/www.paristouristinformation.fr\/de\/wp-json\/wp\/v2\/pages\/4049\/revisions"}],"up":[{"embeddable":true,"href":"https:\/\/www.paristouristinformation.fr\/de\/wp-json\/wp\/v2\/pages\/68"}],"wp:featuredmedia":[{"embeddable":true,"href":"https:\/\/www.paristouristinformation.fr\/de\/wp-json\/wp\/v2\/media\/6652"}],"wp:attachment":[{"href":"https:\/\/www.paristouristinformation.fr\/de\/wp-json\/wp\/v2\/media?parent=4049"}],"wp:term":[{"taxonomy":"post_tag","embeddable":true,"href":"https:\/\/www.paristouristinformation.fr\/de\/wp-json\/wp\/v2\/tags?post=4049"}],"curies":[{"name":"wp","href":"https:\/\/api.w.org\/{rel}","templated":true}]}}