{"id":4140,"date":"2023-01-04T09:23:00","date_gmt":"2023-01-04T09:23:00","guid":{"rendered":"https:\/\/paristouristinformation.fr\/de\/\/gruppenreisen\/clone-of-teambuilding\/"},"modified":"2025-12-26T15:03:27","modified_gmt":"2025-12-26T15:03:27","slug":"teambildung","status":"publish","type":"page","link":"https:\/\/www.paristouristinformation.fr\/de\/gruppenreisen\/teambildung\/","title":{"rendered":"Teambuilding Paris: Passende Ideen &amp; professionelle Organisation"},"content":{"rendered":"<h1>Teambuilding Paris: Passende Ideen &amp; professionelle Organisation<\/h1>\n<p data-pm-slice=\"1 1 []\" style=\"\"><strong>Teambuilding Paris stressfrei planen&nbsp;<\/strong><\/p>\n<p data-pm-slice=\"1 1 []\">Sie m\u00f6chten ein Teambuilding in Paris organisieren, wissen aber nicht, welche Aktivit\u00e4ten wirklich passen oder wie die Planung vor Ort funktioniert?<\/p>\n<p><strong>Wir zeigen Ihnen bew\u00e4hrte Teambuilding-Ideen und unterst\u00fctzen Sie auf Wunsch bei der kompletten Organisation \u2013 einfach, zuverl\u00e4ssig und lokal.<\/strong><\/p>\n<h4 style=\"\">Ein Ansprechpartner von der Idee bis zur Durchf\u00fchrung<\/h4>\n<h4 style=\"\">Erprobte Aktivit\u00e4ten f\u00fcr Firmen, Schulen &amp; private Gruppen<\/h4>\n<h4>Lokale Planungsexpertise f\u00fcr Teambuilding in Paris<\/h4>\n<h2 style=\"text-align: center;\">Teambuilding Paris: Welches Event eignet sich f\u00fcr mein Team?<\/h2>\n<p>Ein gutes Teambuilding-Event <strong>belohnt die Mitarbeiter, lockert auf und integriert neue Kollegen in das Unternehmen.<\/strong>Pers\u00f6nliche Kommunikation ist in schnelllebigen Zeiten wichtig. Auch f\u00fcr Mitarbeiter, die von zu Hause aus arbeiten oder unter Stress leiden, spielt sie eine besonders wichtige Rolle.Gemeinsam mit unseren Experten analysieren wir Ihren Bedarf und <strong>unterbreiten Ihnen innerhalb von 24 bis 48 Stunden ein unverbindliches Angebot.<\/strong> F\u00fcr Gruppen jeder Gr\u00f6\u00dfe k\u00f6nnen geeignete Teambuilding-Events in Paris organisiert werden.<\/p>\n<h3>Teambuilding Paris: Full-Service aus einer Hand<\/h3>\n<p>Bei uns, der Paris Tourist Information, ist das gesamte Begleitprogramm aus einer Hand m\u00f6glich. Vom Bus und <a href=\"https:\/\/www.paristouristinformation.fr\/de\/gruppenreisen\/exekutiv-transfer\/\">Flughafentransfer<\/a> \u00fcber das Tagungshotel bis hin zum Catering k\u00f6nnen wir uns um den gesamten Ablauf k\u00fcmmern.<\/p>\n<ul>\n<li style=\"\"><span><strong>24\/7 Kundenbetreuung<\/strong><\/span><\/li>\n<li style=\"\"><span><strong>Individuelle Beratung<\/strong><\/span><\/li>\n<li style=\"\"><span><strong>Das gesamte Begleitprogramm<\/strong><\/span><\/li>\n<\/ul>\n<h2 style=\"\">Teambuilding Paris &#8211; H\u00e4ufig gestellte Fragen:<\/h2>\n<h2 style=\"text-align: center;\">Teambuilding Paris: Klassisch oder individuell?<\/h2>\n<p style=\"text-align: center;\">Hier sind unsere 10 beliebtesten und bew\u00e4hrtesten Teambuilding-Aktivit\u00e4ten in Paris:<\/p>\n<h3 style=\"\">1. Schnitzeljagd<\/h3>\n<p style=\"\">Mitten im Trubel von Paris folgen Sie den Hinweisen, arbeiten im Team und entdecken dabei Paris und besondere Attraktionen. Welches Team wird als erstes die Ziellinie erreichen und zum Sieger gek\u00fcrt werden?<\/p>\n<h3 style=\"\">2. Wein-Kasino<\/h3>\n<p data-pm-slice=\"1 1 []\">Interaktive Verkostung von Wein, Bier und Schokolade in Casino-Atmosph\u00e4re. Ideal f\u00fcr stilvolle Teamevents oder als Programmpunkt bei einem Gala-Dinner.<\/p>\n<h3 style=\"\">3. Virtual-Reality-Abenteuer<\/h3>\n<p style=\"\">Dieses Virtual-Reality-Abenteuer, bei dem die Welt gerettet werden muss, f\u00f6rdert Kooperation, Kommunikation und gegenseitige Unterst\u00fctzung. Ultimativer Nervenkitzel mit Aha-Effekt!<\/p>\n<h3 style=\"\">4. Parf\u00fcm-Workshop<\/h3>\n<p style=\"\">Kreieren Sie Ihr eigenes Parf\u00fcm bei dieser kreativen Gruppenveranstaltung! Wo k\u00f6nnte man besser in die Welt der D\u00fcfte eintauchen als in Paris?<\/p>\n<h3 style=\"\">5. Kulinarische Tour durch Paris<\/h3>\n<p style=\"\">Ein lokaler Stadtf\u00fchrer zeigt der Gruppe die besten Restaurants der Stadt. Der Rundgang gibt nicht nur einen Einblick in die franz\u00f6sische K\u00fcche und Paris selbst, sondern schafft auch bleibende Erinnerungen!<\/p>\n<h3 style=\"\">6. Laser Tag<\/h3>\n<p style=\"\">Ein Teambuilding-Event mit hohem Spa\u00dffaktor! Dar\u00fcber hinaus werden Teamwork, Kommunikation und Unterst\u00fctzung gest\u00e4rkt.<\/p>\n<h3 style=\"\">7. Bauchtanz-Workshop<\/h3>\n<p style=\"\">Nat\u00fcrlich auch f\u00fcr M\u00e4nner geeignet, damit auch sie ihre H\u00fcften kreisen lassen k\u00f6nnen. Lachen, Kichern und Spa\u00df sind garantiert. Wer traut sich zuerst? Die Veranstaltung ist auch in Ihren eigenen Konferenzr\u00e4umen m\u00f6glich.<\/p>\n<h3 style=\"\">8. Escape Room<\/h3>\n<p style=\"\">Um einen Ausweg aus deinem Escape Room in Paris zu finden, ist Zusammenarbeit gefragt. Schwierige R\u00e4tsel und der Wettlauf gegen die Zeit machen die Flucht ziemlich schwierig.<\/p>\n<h3 style=\"\">9. P\u00e9tanque<\/h3>\n<p style=\"\">Diese franz\u00f6sische Pr\u00e4zisionssportart, die dem Boule-Spiel \u00e4hnelt, ist ein lustiges Gruppenerlebnis. Lassen Sie mehrere Mannschaften in einem Turnier gegeneinander antreten. Das Spielfeld kann an einem beliebigen flachen Ort aufgebaut werden.<\/p>\n<h3 style=\"\">10. Die Klassiker<\/h3>\n<p style=\"\">Ein Flo\u00df bauen? Feuerwandeln? Highland Games? Karaoke? Nat\u00fcrlich k\u00f6nnen wir auch klassische Veranstaltungen organisieren. Dar\u00fcber hinaus gibt es viele weitere M\u00f6glichkeiten f\u00fcr individuelle Teambuilding-Events.<\/p>\n<h2 style=\"text-align: center;\">Warum Teambuilding in Paris wirkt<\/h2>\n<p data-pm-slice=\"0 0 []\"><span style=\"color: rgb(61, 24, 5);\">Im hektischen Arbeitsalltag und bei Remote-Work<strong> fehlt oft die Zeit, echte Beziehungen im Team aufzubauen<\/strong>.<\/span><\/p>\n<p>Ein Teambuilding in Paris bietet daf\u00fcr den idealen Rahmen:<strong> inspirierende Umgebung, neue Eindr\u00fccke und gemeinsame Erlebnisse abseits des B\u00fcros.<\/strong><\/p>\n<p>Gezielt geplante Teambuilding-Aktivit\u00e4ten in Paris s<strong>t\u00e4rken den Teamgeist, f\u00f6rdern Kommunikation<\/strong> und integrieren auch ruhigere Mitarbeitende auf nat\u00fcrliche Weise. Gleichzeitig bringen sie neue Energie in Meetings, <a href=\"https:\/\/www.paristouristinformation.fr\/de\/gruppenreisen\/incentives\/\">Incentives<\/a> oder Firmenreisen.<\/p>\n<p>Wir unterst\u00fctzen Sie dabei, das passende Teambuilding in Paris <strong>einfach und professionell umzusetzen.<\/strong><\/p>\n<h3>Teambuilding Paris aus einer Hand:<\/h3>\n<ul>\n<li style=\"\"><span style=\"\"><strong>Das gesamte Begleitprogramm: <\/strong>Vom Bus vom Flughafen \u00fcber Veranstaltungsorte und Hotels bis hin zum Catering ist alles m\u00f6glich.<\/span><\/li>\n<li><span><strong>24\/7 Kundenbetreuung: <\/strong>Die Veranstaltung dauert bis in den fr\u00fchen Morgen? Kein Problem! Wir sind 24\/7 f\u00fcr alle Ihre Fragen w\u00e4hrend Ihres Teambuilding-Events erreichbar.<\/span><\/li>\n<li><span><strong>Individuelle Beratung: <\/strong>Nachdem wir Ihre Anfrage erhalten haben, analysieren wir Ihre Anforderungen und senden Ihnen innerhalb von 24 bis 48 Stunden ein auf Ihre Bed\u00fcrfnisse zugeschnittenes Angebot zu.<\/span><\/li>\n<\/ul>\n<h2 data-pm-slice=\"1 1 []\">Nicht sicher, welches Teambuilding in Paris zu Ihrer Gruppe passt?<\/h2>\n<p>Jede Gruppe ist anders \u2013 Gruppengr\u00f6\u00dfe, Ziel, Zeitrahmen und Budget spielen eine gro\u00dfe Rolle.<\/p>\n<p>Statt unz\u00e4hlige Optionen zu vergleichen,<strong> erhalten Sie von uns konkrete, passende Teambuilding-Vorschl\u00e4ge f\u00fcr Paris, abgestimmt auf Ihre Anforderungen.<\/strong><\/p>\n<p>Die Anfrage ist kostenlos, unverbindlich und <strong>dauert<\/strong> <strong>weniger als 2 Minuten.<\/strong><\/p>\n<h2 style=\"text-align: center;\">Unverbindliche Anfrage f\u00fcr Teambuilding in Paris<\/h2>\n<p style=\"text-align: center;\">Wir w\u00fcrden uns freuen, mit Ihnen \u00fcber Ihre Erwartungen zu sprechen. Sie k\u00f6nnen uns per E-Mail an <em>support@paristouristinformation.fr<\/em> oder \u00fcber das Kontaktformular erreichen.<\/p>\n<p style=\"text-align: center;\">\n<p style=\"text-align: center;\">Wir melden uns <strong>innerhalb von 24\u201348 Stunden <\/strong>mit konkreten Teambuilding-Ideen f\u00fcr Paris<strong>&nbsp;<\/strong>und einem <strong>unverbindlichen<\/strong><strong>Angebot<\/strong>.<\/p>\n","protected":false},"excerpt":{"rendered":"<p>Teambuilding Paris: Passende Ideen &amp; professionelle Organisation Teambuilding Paris stressfrei planen&nbsp; Sie m\u00f6chten ein Teambuilding in Paris organisieren, wissen aber nicht, welche Aktivit\u00e4ten wirklich passen oder wie die Planung vor Ort funktioniert? Wir zeigen Ihnen bew\u00e4hrte Teambuilding-Ideen und unterst\u00fctzen Sie auf Wunsch bei der kompletten Organisation \u2013 einfach, zuverl\u00e4ssig und lokal. Ein Ansprechpartner von der [&hellip;]<\/p>\n","protected":false},"author":9,"featured_media":4783,"parent":3970,"menu_order":0,"comment_status":"closed","ping_status":"closed","template":"","meta":{"footnotes":"","tve_updated_post":"","tve_custom_css":"","tve_user_custom_css":"","tve_globals":{},"tcb2_ready":1,"tcb_editor_enabled":1,"tve_landing_page":"tcb2-blank-page","_tve_header":"2742","_tve_footer":"2743"},"tags":[],"class_list":["post-4140","page","type-page","status-publish","has-post-thumbnail","hentry","post-wrapper","thrv_wrapper"],"wp-worthy-pixel":{"ignored":false,"public":"c654035ee7f34b39822cb28e31b9c8e5","server":"vg06.met.vgwort.de","url":"https:\/\/vg06.met.vgwort.de\/na\/c654035ee7f34b39822cb28e31b9c8e5"},"wp-worthy-type":"normal","_links":{"self":[{"href":"https:\/\/www.paristouristinformation.fr\/de\/wp-json\/wp\/v2\/pages\/4140","targetHints":{"allow":["GET"]}}],"collection":[{"href":"https:\/\/www.paristouristinformation.fr\/de\/wp-json\/wp\/v2\/pages"}],"about":[{"href":"https:\/\/www.paristouristinformation.fr\/de\/wp-json\/wp\/v2\/types\/page"}],"author":[{"embeddable":true,"href":"https:\/\/www.paristouristinformation.fr\/de\/wp-json\/wp\/v2\/users\/9"}],"replies":[{"embeddable":true,"href":"https:\/\/www.paristouristinformation.fr\/de\/wp-json\/wp\/v2\/comments?post=4140"}],"version-history":[{"count":13,"href":"https:\/\/www.paristouristinformation.fr\/de\/wp-json\/wp\/v2\/pages\/4140\/revisions"}],"predecessor-version":[{"id":14784,"href":"https:\/\/www.paristouristinformation.fr\/de\/wp-json\/wp\/v2\/pages\/4140\/revisions\/14784"}],"up":[{"embeddable":true,"href":"https:\/\/www.paristouristinformation.fr\/de\/wp-json\/wp\/v2\/pages\/3970"}],"wp:featuredmedia":[{"embeddable":true,"href":"https:\/\/www.paristouristinformation.fr\/de\/wp-json\/wp\/v2\/media\/4783"}],"wp:attachment":[{"href":"https:\/\/www.paristouristinformation.fr\/de\/wp-json\/wp\/v2\/media?parent=4140"}],"wp:term":[{"taxonomy":"post_tag","embeddable":true,"href":"https:\/\/www.paristouristinformation.fr\/de\/wp-json\/wp\/v2\/tags?post=4140"}],"curies":[{"name":"wp","href":"https:\/\/api.w.org\/{rel}","templated":true}]}}