{"id":416,"date":"2020-12-26T01:04:14","date_gmt":"2020-12-26T01:04:14","guid":{"rendered":"https:\/\/paristouristinformation.fr\/de\/\/?page_id=416"},"modified":"2024-01-20T10:21:30","modified_gmt":"2024-01-20T10:21:30","slug":"romantisch","status":"publish","type":"page","link":"https:\/\/www.paristouristinformation.fr\/de\/restaurants\/romantisch\/","title":{"rendered":"7 romantische Restaurants in Paris"},"content":{"rendered":"<p>Paris ist bekannt als eine Stadt der Lichter, der Kunst, der Geschichte und der Liebe. Es gibt viele besondere Ecken in Paris, die die Momente von reisenden Paaren unvergesslich machen.<\/p>\n<p>Die B\u00fchne k\u00f6nnte ein perfekter Ausblick von einem hoch gelegenen Ort oder eine historische Stra\u00dfe mit einem gewissen Charakter sein. Aber ein franz\u00f6sisches Restaurant ist eindeutig das beste Ph\u00e4nomen, das man mit Romantik in Paris verbinden kann.<\/p>\n<p>Deshalb haben wir eine Liste erstellt, um Ihnen eine Vorstellung von den M\u00f6glichkeiten zu geben, die Sie haben, wenn Sie auf der Suche nach einem netten Lokal f\u00fcr ein Essen mit Ihrem Partner sind.<\/p>\n<p>Viel Spa\u00df!<\/p>\n<p>Bevor wir beginnen, m\u00f6chten wir Sie an unsere Liste der&nbsp;<a href=\"https:\/\/paristouristinformation.fr\/de\/hotel\/flitterwochen\/\"><strong>15 Hotels f\u00fcr die perfekten Flitterwochen in Paris<\/strong><\/a> erinnern. Diese Liste wird Sie begeistern&#8230; Viel Spa\u00df!<\/p>\n<h2 id=\"t-1612198614190\">1. La Terrasse at H\u00f4tel Raphael<\/h2>\n<blockquote data-instgrm-permalink=\"https:\/\/www.instagram.com\/p\/BziZq5SIYth\/?utm_source=ig_embed&amp;utm_campaign=loading\" data-instgrm-version=\"13\" style=\" background:#FFF; border:0; border-radius:3px; box-shadow:0 0 1px 0 rgba(0,0,0,0.5),0 1px 10px 0 rgba(0,0,0,0.15); margin: 1px; max-width:750px; min-width:326px; padding:0; width:99.375%; width:-webkit-calc(100% - 2px); width:calc(100% - 2px);\"><p> <a href=\"https:\/\/www.instagram.com\/p\/BziZq5SIYth\/?utm_source=ig_embed&amp;utm_campaign=loading\" target=\"_blank\" rel=\"noopener nofollow\">        Bu g\u00f6nderiyi Instagram&#8217;da g\u00f6r            <\/a><\/p>\n<p style=\" color:#c9c8cd; font-family:Arial,sans-serif; font-size:14px; line-height:17px; margin-bottom:0; margin-top:8px; overflow:hidden; padding:8px 0 7px; text-align:center; text-overflow:ellipsis; white-space:nowrap;\"><a href=\"https:\/\/www.instagram.com\/p\/BziZq5SIYth\/?utm_source=ig_embed&amp;utm_campaign=loading\" target=\"_blank\" rel=\"noopener nofollow\">Hotel Raphael Paris (@hotelraphaelparis)&#8217;in payla\u015ft\u0131\u011f\u0131 bir g\u00f6nderi<\/a><\/p>\n<\/blockquote>\n<p>[tcb-script async=&#8220;&#8220; src=&#8220;\/\/www.instagram.com\/embed.js&#8220;][\/tcb-script]<\/p>\n<p>Das Hotel Raphael liegt fast in der N\u00e4he des <a href=\"https:\/\/paristouristinformation.fr\/de\/sehenswurdigkeiten\/attraktionen\/arc-de-triomphe\/\" style=\"outline: none;\"><strong>Arc de Triumph<\/strong><\/a> an der <a href=\"https:\/\/paristouristinformation.fr\/de\/sehenswurdigkeiten\/avenue-des-champs-elysees\/\" style=\"outline: none;\"><strong>Avenue Champs-\u00c9lys\u00e9es<\/strong><\/a>. In der 7. Etage befindet sich eine der besten Dachterrassen. Es ist ein gr\u00fcner Garten mit Blick vom <a href=\"https:\/\/paristouristinformation.fr\/de\/sehenswurdigkeiten\/eiffelturm\/\"><strong>Eiffelturm<\/strong> <\/a>auf die <a href=\"https:\/\/paristouristinformation.fr\/de\/kirche\/sacre-coeur-basilika\/\" style=\"outline: none;\"><strong>Basilika Sacr\u00e9-Coeur<\/strong><\/a>.<\/p>\n<p>Die Champagnerbar und das Restaurant sind in der Regel zwischen April und September ge\u00f6ffnet. Kurz gesagt, La Terrasse ist eine gute Wahl, wenn das Wetter sch\u00f6n ist. Dieser Ort bietet verschiedene Spezialit\u00e4ten der klassischen franz\u00f6sischen K\u00fcche in einer gem\u00fctlichen und luxuri\u00f6sen Atmosph\u00e4re.<\/p>\n<h2 id=\"t-1612198614191\">2. Les Ombres<\/h2>\n<blockquote data-instgrm-permalink=\"https:\/\/www.instagram.com\/p\/BurUdAEHgTI\/?utm_source=ig_embed&amp;utm_campaign=loading\" data-instgrm-version=\"13\" style=\" background:#FFF; border:0; border-radius:3px; box-shadow:0 0 1px 0 rgba(0,0,0,0.5),0 1px 10px 0 rgba(0,0,0,0.15); margin: 1px; max-width:750px; min-width:326px; padding:0; width:99.375%; width:-webkit-calc(100% - 2px); width:calc(100% - 2px);\"><p> <a href=\"https:\/\/www.instagram.com\/p\/BurUdAEHgTI\/?utm_source=ig_embed&amp;utm_campaign=loading\" target=\"_blank\" rel=\"noopener nofollow\">        Bu g\u00f6nderiyi Instagram&#8217;da g\u00f6r            <\/a><\/p>\n<p style=\" color:#c9c8cd; font-family:Arial,sans-serif; font-size:14px; line-height:17px; margin-bottom:0; margin-top:8px; overflow:hidden; padding:8px 0 7px; text-align:center; text-overflow:ellipsis; white-space:nowrap;\"><a href=\"https:\/\/www.instagram.com\/p\/BurUdAEHgTI\/?utm_source=ig_embed&amp;utm_campaign=loading\" target=\"_blank\" rel=\"noopener nofollow\">travelhouse (@travelhousecy)&#8217;in payla\u015ft\u0131\u011f\u0131 bir g\u00f6nderi<\/a><\/p>\n<\/blockquote>\n<p>[tcb-script async=&#8220;&#8220; src=&#8220;\/\/www.instagram.com\/embed.js&#8220;][\/tcb-script]<\/p>\n<p>Das Les Ombres steht auf unserer Liste f\u00fcr Reisende, die einen perfekten Blick auf den Eiffelturm von der anderen Seite des Flusses aus suchen. Es befindet sich im <a href=\"https:\/\/paristouristinformation.fr\/de\/sehenswurdigkeiten\/museum\/museum-quai-branly\/\"><strong>Museum Quai Branly<\/strong><\/a>, das die beste Sammlung au\u00dfereurop\u00e4ischer Objekte aus der ganzen Welt beherbergt. Die Terrasse ist den ganzen Tag \u00fcber ge\u00f6ffnet, unabh\u00e4ngig von der \u00d6ffnung oder Schlie\u00dfung des Museums. Les Ombres pr\u00e4sentiert eine zeitgen\u00f6ssische Weltk\u00fcche aus der Hand eines franz\u00f6sischen Meisters.<\/p>\n<h2 id=\"t-1612198614192\">3. Les Deux Magots<\/h2>\n<blockquote data-instgrm-permalink=\"https:\/\/www.instagram.com\/p\/CJCBHxBhCf-\/?utm_source=ig_embed&amp;utm_campaign=loading\" data-instgrm-version=\"13\" style=\" background:#FFF; border:0; border-radius:3px; box-shadow:0 0 1px 0 rgba(0,0,0,0.5),0 1px 10px 0 rgba(0,0,0,0.15); margin: 1px; max-width:750px; min-width:326px; padding:0; width:99.375%; width:-webkit-calc(100% - 2px); width:calc(100% - 2px);\"><p> <a href=\"https:\/\/www.instagram.com\/p\/CJCBHxBhCf-\/?utm_source=ig_embed&amp;utm_campaign=loading\" target=\"_blank\" rel=\"noopener nofollow\">        Bu g\u00f6nderiyi Instagram&#8217;da g\u00f6r            <\/a><\/p>\n<p style=\" color:#c9c8cd; font-family:Arial,sans-serif; font-size:14px; line-height:17px; margin-bottom:0; margin-top:8px; overflow:hidden; padding:8px 0 7px; text-align:center; text-overflow:ellipsis; white-space:nowrap;\"><a href=\"https:\/\/www.instagram.com\/p\/CJCBHxBhCf-\/?utm_source=ig_embed&amp;utm_campaign=loading\" target=\"_blank\" rel=\"noopener nofollow\">Matthieu (@checkmatt59)&#8217;in payla\u015ft\u0131\u011f\u0131 bir g\u00f6nderi<\/a><\/p>\n<\/blockquote>\n<p>[tcb-script async=&#8220;&#8220; src=&#8220;\/\/www.instagram.com\/embed.js&#8220;][\/tcb-script]<\/p>\n<p>Les Deux Magots war der Tempel der weltber\u00fchmten Intellektuellen, K\u00fcnstler und Philosophen in Paris. Unter diesen Menschen hat ein Paar seine Spuren als Symbol der Pariser Boh\u00e8me hinterlassen: Simone de Beauvoir und Jean Paul Sartre. Oscar Wilde und Albert Camus geh\u00f6rten ebenfalls zu den Stammg\u00e4sten des Ortes.<\/p>\n<p>Wenn Sie Saint Germain oder das <a href=\"https:\/\/paristouristinformation.fr\/de\/bezirke\/sehenswurdigkeiten-quartier-latin\/\"><strong>Quartier Latin<\/strong><\/a><strong><em> <\/em><\/strong> besuchen, sollten Sie unbedingt in diesem traditionsreichsten Caf\u00e9 der Stadt einen Kaffee trinken oder wie ein ph\u00e4nomenales Pariser Liebespaar zu Mittag essen. Und wenn Sie dort eine Jazzvorstellung besuchen, k\u00f6nnen Sie einen perfekten Pariser Abend erleben. Und nicht zuletzt ist auch die Qualit\u00e4t des Essens wirklich gut.<\/p>\n<h2 id=\"t-1612198614193\">4. Le Valentin<\/h2>\n<blockquote data-instgrm-permalink=\"https:\/\/www.instagram.com\/p\/CIyPJnGhZWw\/?utm_source=ig_embed&amp;utm_campaign=loading\" data-instgrm-version=\"13\" style=\" background:#FFF; border:0; border-radius:3px; box-shadow:0 0 1px 0 rgba(0,0,0,0.5),0 1px 10px 0 rgba(0,0,0,0.15); margin: 1px; max-width:750px; min-width:326px; padding:0; width:99.375%; width:-webkit-calc(100% - 2px); width:calc(100% - 2px);\"><p> <a href=\"https:\/\/www.instagram.com\/p\/CIyPJnGhZWw\/?utm_source=ig_embed&amp;utm_campaign=loading\" target=\"_blank\" rel=\"noopener nofollow\">        Bu g\u00f6nderiyi Instagram&#8217;da g\u00f6r            <\/a><\/p>\n<p style=\" color:#c9c8cd; font-family:Arial,sans-serif; font-size:14px; line-height:17px; margin-bottom:0; margin-top:8px; overflow:hidden; padding:8px 0 7px; text-align:center; text-overflow:ellipsis; white-space:nowrap;\"><a href=\"https:\/\/www.instagram.com\/p\/CIyPJnGhZWw\/?utm_source=ig_embed&amp;utm_campaign=loading\" target=\"_blank\" rel=\"noopener nofollow\">Le Valentin Jouffroy Vivienne (@levalentin.paris)&#8217;in payla\u015ft\u0131\u011f\u0131 bir g\u00f6nderi<\/a><\/p>\n<\/blockquote>\n<p>[tcb-script async=&#8220;&#8220; src=&#8220;\/\/www.instagram.com\/embed.js&#8220;][\/tcb-script]<\/p>\n<p>Die \u00fcberdachten Passagen oder Arkaden sind voll von netten \u00dcberraschungen. Sie sind immer eine echte Option f\u00fcr verschiedene Sachen wie Shopping, Souvenirs und sogar Gastronomie. Sie eignen sich auch f\u00fcr einen romantischen Spaziergang zwischen dem <a href=\"https:\/\/paristouristinformation.fr\/de\/sehenswurdigkeiten\/museum\/louvre\/\"><strong>Louvre<\/strong> <\/a>und <a href=\"https:\/\/paristouristinformation.fr\/de\/bezirke\/montmartre\/\"><strong>Montmartre<\/strong><\/a>. Das Le Valentin in der Passage Jouffroy ist ein klassisches <a href=\"https:\/\/paristouristinformation.fr\/de\/restaurants\/cafe\/\"><strong>franz\u00f6sisches<\/strong><strong>Caf\u00e9<\/strong><\/a>, in dem man sehr gute Tees, Kaffees oder Kakaos trinken kann, w\u00e4hrend man hochwertige franz\u00f6sische Leckereien, insbesondere S\u00fc\u00dfigkeiten, probiert.<\/p>\n<h2 id=\"t-1612198614194\">5. Jules Verne<\/h2>\n<blockquote data-instgrm-permalink=\"https:\/\/www.instagram.com\/p\/CBkmzQrpJ4s\/?utm_source=ig_embed&amp;utm_campaign=loading\" data-instgrm-version=\"13\" style=\" background:#FFF; border:0; border-radius:3px; box-shadow:0 0 1px 0 rgba(0,0,0,0.5),0 1px 10px 0 rgba(0,0,0,0.15); margin: 1px; max-width:750px; min-width:326px; padding:0; width:99.375%; width:-webkit-calc(100% - 2px); width:calc(100% - 2px);\"><p> <a href=\"https:\/\/www.instagram.com\/p\/CBkmzQrpJ4s\/?utm_source=ig_embed&amp;utm_campaign=loading\" target=\"_blank\" rel=\"noopener nofollow\">        Bu g\u00f6nderiyi Instagram&#8217;da g\u00f6r            <\/a><\/p>\n<p style=\" color:#c9c8cd; font-family:Arial,sans-serif; font-size:14px; line-height:17px; margin-bottom:0; margin-top:8px; overflow:hidden; padding:8px 0 7px; text-align:center; text-overflow:ellipsis; white-space:nowrap;\"><a href=\"https:\/\/www.instagram.com\/p\/CBkmzQrpJ4s\/?utm_source=ig_embed&amp;utm_campaign=loading\" target=\"_blank\" rel=\"noopener nofollow\">Le Jules Verne (@lejulesverneparis)&#8217;in payla\u015ft\u0131\u011f\u0131 bir g\u00f6nderi<\/a><\/p>\n<\/blockquote>\n<p>[tcb-script async=&#8220;&#8220; src=&#8220;\/\/www.instagram.com\/embed.js&#8220;][\/tcb-script]<\/p>\n<p>Was gibt es Romantischeres als ein Mittagessen auf dem <a href=\"https:\/\/paristouristinformation.fr\/de\/sehenswurdigkeiten\/eiffelturm\/\"><strong>Eiffelturm<\/strong><\/a>, der auch die Eiserne Lady genannt wird? Das Restaurant Le Jules Verne im zweiten Stock dieses Denkmals ist ein mit einem <a href=\"https:\/\/paristouristinformation.fr\/de\/restaurants\/michelin-stern\/\"><strong>Michelin-Stern ausgezeichnetes Restaurant<\/strong>.<\/a> Wo exklusive Speisen und Wein auf den Panoramablick \u00fcber ganz Paris treffen, entsteht eine der romantischsten Kombinationen.<\/p>\n<h2 id=\"t-1612198614195\">6. Caff\u00e9 Stern<\/h2>\n<blockquote data-instgrm-permalink=\"https:\/\/www.instagram.com\/p\/CDnu68clmrq\/?utm_source=ig_embed&amp;utm_campaign=loading\" data-instgrm-version=\"13\" style=\" background:#FFF; border:0; border-radius:3px; box-shadow:0 0 1px 0 rgba(0,0,0,0.5),0 1px 10px 0 rgba(0,0,0,0.15); margin: 1px; max-width:750px; min-width:326px; padding:0; width:99.375%; width:-webkit-calc(100% - 2px); width:calc(100% - 2px);\"><p> <a href=\"https:\/\/www.instagram.com\/p\/CDnu68clmrq\/?utm_source=ig_embed&amp;utm_campaign=loading\" target=\"_blank\" rel=\"noopener nofollow\">        Bu g\u00f6nderiyi Instagram&#8217;da g\u00f6r            <\/a><\/p>\n<p style=\" color:#c9c8cd; font-family:Arial,sans-serif; font-size:14px; line-height:17px; margin-bottom:0; margin-top:8px; overflow:hidden; padding:8px 0 7px; text-align:center; text-overflow:ellipsis; white-space:nowrap;\"><a href=\"https:\/\/www.instagram.com\/p\/CDnu68clmrq\/?utm_source=ig_embed&amp;utm_campaign=loading\" target=\"_blank\" rel=\"noopener nofollow\">ITALIAN CULINARY EXPERIENCES (@alajmo)&#8217;in payla\u015ft\u0131\u011f\u0131 bir g\u00f6nderi<\/a><\/p>\n<\/blockquote>\n<p>[tcb-script async=&#8220;&#8220; src=&#8220;\/\/www.instagram.com\/embed.js&#8220;][\/tcb-script]<\/p>\n<p>Die Passage de Panoramas ist mehr als 200 Jahrhunderte alt und die \u00e4lteste Einkaufspassage von Paris. Darin befindet sich ein italienisches &#8222;Ristoranti e Caffee&#8220; der alten Schule, das Stern. Das Lokal ist eine alte Gravurwerkstatt, in der man sich wie ein Zeitreisender f\u00fchlt. Noch wichtiger ist, dass die traditionellen italienischen Men\u00fcs, Kaffees und Kuchen perfekt sind.<\/p>\n<h2 id=\"t-1612198614196\">7. Le Grand V\u00e9four<\/h2>\n<blockquote data-instgrm-permalink=\"https:\/\/www.instagram.com\/p\/CJp8SHVhJut\/?utm_source=ig_embed&amp;utm_campaign=loading\" data-instgrm-version=\"13\" style=\" background:#FFF; border:0; border-radius:3px; box-shadow:0 0 1px 0 rgba(0,0,0,0.5),0 1px 10px 0 rgba(0,0,0,0.15); margin: 1px; max-width:750px; min-width:326px; padding:0; width:99.375%; width:-webkit-calc(100% - 2px); width:calc(100% - 2px);\"><p> <a href=\"https:\/\/www.instagram.com\/p\/CJp8SHVhJut\/?utm_source=ig_embed&amp;utm_campaign=loading\" target=\"_blank\" rel=\"noopener nofollow\">        Bu g\u00f6nderiyi Instagram&#8217;da g\u00f6r            <\/a><\/p>\n<p style=\" color:#c9c8cd; font-family:Arial,sans-serif; font-size:14px; line-height:17px; margin-bottom:0; margin-top:8px; overflow:hidden; padding:8px 0 7px; text-align:center; text-overflow:ellipsis; white-space:nowrap;\"><a href=\"https:\/\/www.instagram.com\/p\/CJp8SHVhJut\/?utm_source=ig_embed&amp;utm_campaign=loading\" target=\"_blank\" rel=\"noopener nofollow\">Annalee &amp; Tommy (@inseparable.couple)&#8217;in payla\u015ft\u0131\u011f\u0131 bir g\u00f6nderi<\/a><\/p>\n<\/blockquote>\n<p>[tcb-script async=&#8220;&#8220; src=&#8220;\/\/www.instagram.com\/embed.js&#8220;][\/tcb-script]<\/p>\n<p>Ein jahrhundertealtes Restaurant in der Residenz rund um den ehemaligen k\u00f6niglichen Garten, kurz <em>Palais Royal<\/em>! Als das K\u00f6nigshaus nach Versailles verlegt wurde, war dies das Herz des gesellschaftlichen Lebens in Paris. Und es gibt ein Restaurant, in dem Napoleon Bonaparte seiner Josephine einen Antrag machte. Wenn Sie Luxus und Romantik miteinander verbinden m\u00f6chten, ist das Le Grand V\u00e9four vielleicht die richtige Wahl, die mit Michelin-Sternen ausgezeichnet ist.<\/p>\n<p style=\"text-align: center;\"><a href=\"https:\/\/www.google.com\/maps\/d\/u\/2\/viewer?hl=tr&amp;mid=1MA_R3bOcuN8RuYJgiH-PDa7e4EeFEsA9&amp;ll=48.863200335979464%2C2.3179139499999923&amp;z=15\" target=\"_blank\" style=\"outline: none;\" rel=\"noopener nofollow\"><\/a><a href=\"https:\/\/www.google.com\/maps\/d\/u\/2\/viewer?hl=tr&amp;mid=1MA_R3bOcuN8RuYJgiH-PDa7e4EeFEsA9&amp;ll=48.86320033597949%2C2.3179139499999923&amp;z=15\" style=\"outline: none;\" rel=\"nofollow noopener\" target=\"_blank\">(Link zur Karte)<\/a><\/p>\n<p>Nach Ihrem romantischen Abendessen haben Sie die Wahl zwischen dem Besuch einer der beliebtesten <a href=\"https:\/\/paristouristinformation.fr\/de\/sehenswurdigkeiten\/theater\/\" style=\"outline: none;\"><strong>Cabaret-Shows in Paris<\/strong><\/a> oder dem Ausklang des Abends in Ihrem <a href=\"https:\/\/paristouristinformation.fr\/de\/hotel\/5-sterne\/\"><strong>5-Sterne-Hotel in Paris<\/strong><\/a><em><strong>.<\/strong><\/em><\/p>\n<h2 style=\"\" id=\"t-1640934453306\">Verwandte Artikel:<\/h2>\n<div class=\"tcb-post-list tve-content-list thrv_wrapper\" data-type=\"grid\" data-pagination-type=\"none\" data-pages_near_current=\"2\" data-css=\"tve-u-17e0f59521c\" data-total_post_count=\"4\" data-total_sticky_count=\"0\" data-no_posts_text=\"There are no posts to display.\"><article id=\"post-422\" class=\"post-422 page type-page status-publish has-post-thumbnail hentry post-wrapper thrv_wrapper thrive-animated-item  tve_evt_manager_listen tve_ea_thrive_animation tve_et_mouseover tve_anim_grow\" tcb_hover_state_parent=\"\" class=\"tve_evt_manager_listen tve_ea_thrive_animation tve_et_mouseover tve_anim_grow\" data-id=\"422\" data-selector=\".post-wrapper\"><style class=\"tcb-post-list-dynamic-style\" type=\"text\/css\">@media (min-width: 300px){[].tcb-post-list #post-422 []{background-image: url(&#8222;https:\/\/www.paristouristinformation.fr\/de\/wp-content\/uploads\/2021\/01\/15-Best-Restaurants-with-Michelin-Stars-in-Paris-1024x538.jpg&#8222;) !important;}[].tcb-post-list #post-422 []:hover []{background-image: url(&#8222;https:\/\/www.paristouristinformation.fr\/de\/wp-content\/uploads\/2021\/01\/15-Best-Restaurants-with-Michelin-Stars-in-Paris-1024x538.jpg&#8222;) !important;}}<\/style><a href=\"https:\/\/www.paristouristinformation.fr\/de\/restaurants\/michelin-stern\/\" dynamic-postlink=\"tcb_post_the_permalink\" data-shortcode-id=\"422\"><\/a><\/p>\n<h3 style=\"text-align: center; padding-top: 0px !important; margin-top: 0px !important;\"><span data-attr-link=\"1\" data-attr-rel=\"0\" data-attr-target=\"0\" data-extra_key=\"\" data-option-inline=\"1\" data-shortcode=\"tcb_post_title\" data-shortcode-name=\"Post title\" data-attr-css=\"\" data-attr-static-link=\"{&quot;className&quot;:&quot;tve-froala fr-basic&quot;,&quot;href&quot;:&quot;https:\/\/paristouristinformation.fr\/de\/restaurants\/michelin-stern\/&quot;,&quot;title&quot;:&quot;Die 15 besten Restaurants mit Michelin-Sternen in Paris&quot;,&quot;class&quot;:&quot;tve-froala fr-basic&quot;}\" style=\"\"><a href=\"https:\/\/www.paristouristinformation.fr\/de\/restaurants\/michelin-stern\/\" title=\"15 Restaurants mit Michelin-Sternen in Paris\" data-css=\"\" class=\"tve-froala fr-basic\">15 Restaurants mit Michelin-Sternen in Paris<\/a><\/span><\/h3>\n<p><\/article><article id=\"post-410\" class=\"post-410 page type-page status-publish has-post-thumbnail hentry post-wrapper thrv_wrapper thrive-animated-item  tve_evt_manager_listen tve_ea_thrive_animation tve_et_mouseover tve_anim_grow\" tcb_hover_state_parent=\"\" class=\"tve_evt_manager_listen tve_ea_thrive_animation tve_et_mouseover tve_anim_grow\" data-id=\"410\" data-selector=\".post-wrapper\"><style class=\"tcb-post-list-dynamic-style\" type=\"text\/css\">@media (min-width: 300px){[].tcb-post-list #post-410 []{background-image: url(&#8222;https:\/\/www.paristouristinformation.fr\/de\/wp-content\/uploads\/2021\/01\/8-Dishes-from-French-Cuisine-to-Try-in-Paris-in-France-1024x538.jpg&#8222;) !important;}[].tcb-post-list #post-410 []:hover []{background-image: url(&#8222;https:\/\/www.paristouristinformation.fr\/de\/wp-content\/uploads\/2021\/01\/8-Dishes-from-French-Cuisine-to-Try-in-Paris-in-France-1024x538.jpg&#8222;) !important;}}<\/style><a href=\"https:\/\/www.paristouristinformation.fr\/de\/restaurants\/franzosische-kuche\/\" dynamic-postlink=\"tcb_post_the_permalink\" data-shortcode-id=\"422\"><\/a><\/p>\n<h3 style=\"text-align: center; padding-top: 0px !important; margin-top: 0px !important;\"><span data-attr-link=\"1\" data-attr-rel=\"0\" data-attr-target=\"0\" data-extra_key=\"\" data-option-inline=\"1\" data-shortcode=\"tcb_post_title\" data-shortcode-name=\"Post title\" data-attr-css=\"\" data-attr-static-link=\"{&quot;className&quot;:&quot;tve-froala fr-basic&quot;,&quot;href&quot;:&quot;https:\/\/paristouristinformation.fr\/de\/restaurants\/michelin-stern\/&quot;,&quot;title&quot;:&quot;Die 15 besten Restaurants mit Michelin-Sternen in Paris&quot;,&quot;class&quot;:&quot;tve-froala fr-basic&quot;}\" style=\"\"><a href=\"https:\/\/www.paristouristinformation.fr\/de\/restaurants\/franzosische-kuche\/\" title=\"8 leckere Gerichte der franz\u00f6sischen K\u00fcche\" data-css=\"\" class=\"tve-froala fr-basic\">8 leckere Gerichte der franz\u00f6sischen K\u00fcche<\/a><\/span><\/h3>\n<p><\/article><article id=\"post-8389\" class=\"post-8389 page type-page status-publish has-post-thumbnail hentry post-wrapper thrv_wrapper thrive-animated-item  tve_evt_manager_listen tve_ea_thrive_animation tve_et_mouseover tve_anim_grow\" tcb_hover_state_parent=\"\" class=\"tve_evt_manager_listen tve_ea_thrive_animation tve_et_mouseover tve_anim_grow\" data-id=\"8389\" data-selector=\".post-wrapper\"><style class=\"tcb-post-list-dynamic-style\" type=\"text\/css\">@media (min-width: 300px){[].tcb-post-list #post-8389 []{background-image: url(&#8222;https:\/\/www.paristouristinformation.fr\/de\/wp-content\/uploads\/2021\/01\/10-Rooftop-Bars-and-Restaurants-with-a-view-in-Paris-1024x538.jpg&#8222;) !important;}[].tcb-post-list #post-8389 []:hover []{background-image: url(&#8222;https:\/\/www.paristouristinformation.fr\/de\/wp-content\/uploads\/2021\/01\/10-Rooftop-Bars-and-Restaurants-with-a-view-in-Paris-1024x538.jpg&#8222;) !important;}}<\/style><a href=\"https:\/\/www.paristouristinformation.fr\/de\/restaurants\/rooftop\/\" dynamic-postlink=\"tcb_post_the_permalink\" data-shortcode-id=\"422\"><\/a><\/p>\n<h3 style=\"text-align: center; padding-top: 0px !important; margin-top: 0px !important;\"><span data-attr-link=\"1\" data-attr-rel=\"0\" data-attr-target=\"0\" data-extra_key=\"\" data-option-inline=\"1\" data-shortcode=\"tcb_post_title\" data-shortcode-name=\"Post title\" data-attr-css=\"\" data-attr-static-link=\"{&quot;className&quot;:&quot;tve-froala fr-basic&quot;,&quot;href&quot;:&quot;https:\/\/paristouristinformation.fr\/de\/restaurants\/michelin-stern\/&quot;,&quot;title&quot;:&quot;Die 15 besten Restaurants mit Michelin-Sternen in Paris&quot;,&quot;class&quot;:&quot;tve-froala fr-basic&quot;}\" style=\"\"><a href=\"https:\/\/www.paristouristinformation.fr\/de\/restaurants\/rooftop\/\" title=\"Top 10 Rooftop Bars &amp; Restaurants in Paris\" data-css=\"\" class=\"tve-froala fr-basic\">Top 10 Rooftop Bars &amp; Restaurants in Paris<\/a><\/span><\/h3>\n<p><\/article><article id=\"post-6038\" class=\"post-6038 page type-page status-publish has-post-thumbnail hentry post-wrapper thrv_wrapper thrive-animated-item  tve_evt_manager_listen tve_ea_thrive_animation tve_et_mouseover tve_anim_grow\" tcb_hover_state_parent=\"\" class=\"tve_evt_manager_listen tve_ea_thrive_animation tve_et_mouseover tve_anim_grow\" data-id=\"6038\" data-selector=\".post-wrapper\"><style class=\"tcb-post-list-dynamic-style\" type=\"text\/css\">@media (min-width: 300px){[].tcb-post-list #post-6038 []{background-image: url(&#8222;https:\/\/www.paristouristinformation.fr\/de\/wp-content\/uploads\/2021\/01\/7-Best-Vegetarians-and-Vegans-Restaurants-in-Paris-in-France-1024x538.jpg&#8222;) !important;}[].tcb-post-list #post-6038 []:hover []{background-image: url(&#8222;https:\/\/www.paristouristinformation.fr\/de\/wp-content\/uploads\/2021\/01\/7-Best-Vegetarians-and-Vegans-Restaurants-in-Paris-in-France-1024x538.jpg&#8222;) !important;}}<\/style><a href=\"https:\/\/www.paristouristinformation.fr\/de\/restaurants\/vegetarisch\/\" dynamic-postlink=\"tcb_post_the_permalink\" data-shortcode-id=\"422\"><\/a><\/p>\n<h3 style=\"text-align: center; padding-top: 0px !important; margin-top: 0px !important;\"><span data-attr-link=\"1\" data-attr-rel=\"0\" data-attr-target=\"0\" data-extra_key=\"\" data-option-inline=\"1\" data-shortcode=\"tcb_post_title\" data-shortcode-name=\"Post title\" data-attr-css=\"\" data-attr-static-link=\"{&quot;className&quot;:&quot;tve-froala fr-basic&quot;,&quot;href&quot;:&quot;https:\/\/paristouristinformation.fr\/de\/restaurants\/michelin-stern\/&quot;,&quot;title&quot;:&quot;Die 15 besten Restaurants mit Michelin-Sternen in Paris&quot;,&quot;class&quot;:&quot;tve-froala fr-basic&quot;}\" style=\"\"><a href=\"https:\/\/www.paristouristinformation.fr\/de\/restaurants\/vegetarisch\/\" title=\"7 beste vegetarisch-vegane Restaurants in Paris\" data-css=\"\" class=\"tve-froala fr-basic\">7 beste vegetarisch-vegane Restaurants in Paris<\/a><\/span><\/h3>\n<p><\/article><\/div>\n","protected":false},"excerpt":{"rendered":"<p>Paris ist bekannt als eine Stadt der Lichter, der Kunst, der Geschichte und der Liebe. Es gibt viele besondere Ecken in Paris, die die Momente von reisenden Paaren unvergesslich machen. Die B\u00fchne k\u00f6nnte ein perfekter Ausblick von einem hoch gelegenen Ort oder eine historische Stra\u00dfe mit einem gewissen Charakter sein. Aber ein franz\u00f6sisches Restaurant ist [&hellip;]<\/p>\n","protected":false},"author":9,"featured_media":6368,"parent":3762,"menu_order":0,"comment_status":"closed","ping_status":"closed","template":"","meta":{"footnotes":""},"tags":[],"class_list":{"0":"post-416","1":"page","2":"type-page","3":"status-publish","4":"has-post-thumbnail","5":"hentry","6":"post-wrapper","7":"thrv_wrapper","10":"thrive-animated-item"},"wp-worthy-pixel":{"ignored":false,"public":"7e5584dfecbf400c9464fd11bc27e89a","server":"vg07.met.vgwort.de","url":"https:\/\/vg07.met.vgwort.de\/na\/7e5584dfecbf400c9464fd11bc27e89a"},"wp-worthy-type":"normal","_links":{"self":[{"href":"https:\/\/www.paristouristinformation.fr\/de\/wp-json\/wp\/v2\/pages\/416","targetHints":{"allow":["GET"]}}],"collection":[{"href":"https:\/\/www.paristouristinformation.fr\/de\/wp-json\/wp\/v2\/pages"}],"about":[{"href":"https:\/\/www.paristouristinformation.fr\/de\/wp-json\/wp\/v2\/types\/page"}],"author":[{"embeddable":true,"href":"https:\/\/www.paristouristinformation.fr\/de\/wp-json\/wp\/v2\/users\/9"}],"replies":[{"embeddable":true,"href":"https:\/\/www.paristouristinformation.fr\/de\/wp-json\/wp\/v2\/comments?post=416"}],"version-history":[{"count":0,"href":"https:\/\/www.paristouristinformation.fr\/de\/wp-json\/wp\/v2\/pages\/416\/revisions"}],"up":[{"embeddable":true,"href":"https:\/\/www.paristouristinformation.fr\/de\/wp-json\/wp\/v2\/pages\/3762"}],"wp:featuredmedia":[{"embeddable":true,"href":"https:\/\/www.paristouristinformation.fr\/de\/wp-json\/wp\/v2\/media\/6368"}],"wp:attachment":[{"href":"https:\/\/www.paristouristinformation.fr\/de\/wp-json\/wp\/v2\/media?parent=416"}],"wp:term":[{"taxonomy":"post_tag","embeddable":true,"href":"https:\/\/www.paristouristinformation.fr\/de\/wp-json\/wp\/v2\/tags?post=416"}],"curies":[{"name":"wp","href":"https:\/\/api.w.org\/{rel}","templated":true}]}}