{"id":5111,"date":"2023-01-05T11:02:00","date_gmt":"2023-01-05T11:02:00","guid":{"rendered":"https:\/\/paristouristinformation.fr\/de\/\/?page_id=5111"},"modified":"2024-09-12T10:46:30","modified_gmt":"2024-09-12T10:46:30","slug":"flughaefen","status":"publish","type":"page","link":"https:\/\/www.paristouristinformation.fr\/de\/planen\/flughaefen\/","title":{"rendered":"Pariser Flugh\u00e4fen | \u00dcbersicht mit Infos &#038; Tipps"},"content":{"rendered":"<h1>Informationen zu den Pariser Flugh\u00e4fen<\/h1>\n<p>Auf dieser Seite finden Sie alle wichtigen Informationen \u00fcber die Pariser Flugh\u00e4fen: Transfer, Fl\u00fcge, Terminals&#8230;<\/p>\n<p><span><img loading=\"lazy\" decoding=\"async\" alt=\"\" data-id=\"4624\" width=\"700\" height=\"467\" title=\"COVER airport plane landing paris\" src=\"https:\/\/paristouristinformation.fr\/de\/\/wp-content\/uploads\/2020\/12\/COVER-airport-plane-landing-paris.jpg\" style=\"aspect-ratio: auto 1200 \/ 800;\" data-width=\"700\" data-height=\"467\" data-init-width=\"1200\" data-init-height=\"800\"><\/span><\/p>\n<h2 id=\"t-1613559342277\" style=\"text-align: center;\">Pariser Flugh\u00e4fen<\/h2>\n<p>Paris hat offiziell 2 gro\u00dfe Flugh\u00e4fen: Roissy Charles de Gaulle und Orly. Ein dritter, Beauvais-Till\u00e9, gewinnt jedoch immer mehr an Aufmerksamkeit, auch wenn er sehr weit vom Stadtzentrum entfernt ist. Er soll in den n\u00e4chsten Jahren ausgebaut werden. Hier sind die 3 Flugh\u00e4fen:<\/p>\n<p>01. Flughafen Roissy Charles de Gaulle (CDG)<\/p>\n<p>Der wichtigste und gr\u00f6\u00dfte Flughafen Frankreichs und zweitgr\u00f6\u00dfte Flughafen Europas, der von den Parisern nur &#8222;Roissy&#8220; genannt wird, befindet sich im n\u00f6rdlichen Teil der Pariser Vorstadt. Er fertigt jedes Jahr mehr als 75 Millionen Passagiere ab.<\/p>\n<p>02. Flughafen Orly (ORY)<\/p>\n<p>Der Flughafen Orly liegt etwa 9 Kilometer s\u00fcdlich von Paris, teils in Orly, teils in Villeneuve-le-Roi, und ist der zweitgr\u00f6\u00dfte internationale Verkehrsflughafen von Paris und Frankreich. J\u00e4hrlich werden hier 30 Millionen Passagiere abgefertigt.<\/p>\n<p>03. Flughafen Beauvais-Till\u00e9 (BVA)<\/p>\n<p>Beauvais-Till\u00e9 ist ein Verkehrsflughafen, der 1954 f\u00fcr die zivile Luftfahrt er\u00f6ffnet wurde. Er ist f\u00fcr Charterfl\u00fcge bestimmt und liegt 80 km n\u00f6rdlich vom Zentrum von Paris. Er fertigt rund 30 000 Passagiere pro Jahr ab und plant, seine Kapazit\u00e4t in den kommenden Jahren zu erweitern.<\/p>\n<p><span><img loading=\"lazy\" decoding=\"async\" alt=\"\" data-id=\"4622\" width=\"1080\" data-init-width=\"1200\" height=\"731\" data-init-height=\"812\" title=\"airport drives in paris in france\" src=\"https:\/\/paristouristinformation.fr\/de\/\/wp-content\/uploads\/2020\/12\/airport-drives-in-paris-in-france.jpg\" data-width=\"1080\" data-height=\"731\" style=\"aspect-ratio: auto 1200 \/ 812;\"><\/span><\/p>\n<h2 id=\"t-1613560533611\">Roissy Charles de Gaulle Flughafen (CDG) Informationen<\/h2>\n<p style=\"text-align: justify;\">Der Flughafen Paris-Charles de Gaulle (CDG) ist der gr\u00f6\u00dfte internationale Verkehrsflughafen Frankreichs und der zweitgr\u00f6\u00dfte Passagierflughafen in Europa mit rund 76 Millionen Flugg\u00e4sten pro Jahr.Er befindet sich etwa 23 Kilometer n\u00f6rdlich von Paris im Vorort Roissy und wird daher von den Parisern einfach &#8222;Roissy&#8220; genannt. Benannt ist er nach dem franz\u00f6sischen General und Staatsmann Charles de Gaulle.<\/p>\n<ul>\n<li><span><strong>Terminal 1 :<\/strong> Zentrales Abfertigungsgeb\u00e4ude, das haupts\u00e4chlich den Fluggesellschaften der Star Alliance vorbehalten ist<\/span><\/li>\n<li><span><strong>Terminal 2 :<\/strong> Ankunfts- und Abflugterminal von Air France und ihren Sky Team-Partnern<\/span><\/li>\n<li><span><strong>Terminal 3 :<\/strong> Ankunfts- und Abflugterminal der meisten Charterfluggesellschaften und Billigflieger<\/span><\/li>\n<\/ul>\n<p><strong><span>Ankunft und Abflug: <\/span><\/strong><span>Die aktuellen Ankunfts- und Abflugzeiten finden Sie auf der <\/span><a href=\"https:\/\/www.parisaeroport.fr\/en\/passengers\/flights\" target=\"_blank\" style=\"outline: none;\" rel=\"noopener nofollow\"><span>Homepage <\/span><\/a><span>des Flughafens Paris Charles de Gaulle.<\/span><\/p>\n<p><strong><span>Einzelheiten zu Ihrem Flug k\u00f6nnen Sie auch auf <\/span><\/strong><span>der&nbsp;<\/span><span>Website der f\u00fcr Ihre Fluggesellschaft zust\u00e4ndigen Fluggesellschaft nachlesen.<\/span><\/p>\n<p><span><img loading=\"lazy\" decoding=\"async\" alt=\"\" data-id=\"4617\" width=\"1000\" data-init-width=\"1000\" height=\"663\" data-init-height=\"663\" title=\"Orly-Oest front in paris in france\" src=\"https:\/\/paristouristinformation.fr\/de\/\/wp-content\/uploads\/2020\/12\/Orly-Oest-front-in-paris-in-france.jpg\" data-width=\"1000\" data-height=\"663\" style=\"aspect-ratio: auto 1000 \/ 663;\"><\/span><\/p>\n<h2 id=\"t-1613559342279\" style=\"text-align: center;\">Orly Flughafen (ORY) Informationen<\/h2>\n<p>Der Flughafen Paris Orly ist der <strong>zweitgr\u00f6\u00dfte internationale Verkehrsflughafen in Paris<\/strong> mit einem j\u00e4hrlichen Passagieraufkommen von \u00fcber 35 Millionen. Er liegt etwa 9 Kilometer s\u00fcdlich von Paris, teilweise in Orly und teilweise in Villeneuve-le-Roi. Die Entfernung zum Stadtzentrum von Paris betr\u00e4gt etwa 18 Kilometer.Bevor Air France zum Flughafen Charles de Gaulle umzog, hatte das Unternehmen sein Drehkreuz am Flughafen Orly. Heute f\u00fchrt Air France von Orly aus haupts\u00e4chlich Inlandsfl\u00fcge sowie Fl\u00fcge in die franz\u00f6sischsprachigen L\u00e4nder Afrikas durch. Die einzige deutsche Fluggesellschaft am Flughafen Paris Orly ist Air Berlin. Paris Orly dient als Drehkreuz f\u00fcr Corsair International, Transavia France und Easyjet. Air France nutzt ihn f\u00fcr Inlandsfl\u00fcge.<\/p>\n<ul>\n<li><span><strong>Terminal 1 :<\/strong> ehemaliges Westterminal mit den Flugsteigen A, B und C<\/span><\/li>\n<li><span><strong>Terminal 2 :&nbsp;<\/strong>Teil des ehemaligen Westterminals<\/span><\/li>\n<li><span><strong>Terminal 3 :<\/strong> verbindet die Terminals miteinander, hier befindet sich der Flugsteig D<\/span><\/li>\n<li><span><strong>Terminal 4 :<\/strong> ehemaliges S\u00fcdterminal mit den Flugsteigen E und F<\/span><\/li>\n<\/ul>\n<h2 style=\"text-align: center;\" id=\"t-1613559342280\">Beauvais Flughafen (BVA) Informationen<\/h2>\n<p>Beauvais-Till\u00e9 wurde 1954 f\u00fcr die zivile Luftfahrt er\u00f6ffnet. Heute ist er ein Verkehrsflughafen, auf dem j\u00e4hrlich \u00fcber 30 000 Passagiere abgefertigt werden und der in den kommenden Jahren noch weiter ausgebaut werden soll.Paris Beauvais-Till\u00e9 liegt 84 Kilometer n\u00f6rdlich von Paris und wird nicht ganz als Pariser Flughafen angesehen. Er wird haupts\u00e4chlich von Billigfluggesellschaften angeflogen, wobei Ryanair und Wizzair dominieren, aber auch Blue Air und Air Moldava nutzen diesen Flughafen. Insgesamt fliegen etwa 6 Fluggesellschaften von zwei Terminals aus 60 Ziele an, eines der Hauptziele ist Bukarest. Es gibt Verbindungen nach Paris mit dem Bus, einem Shuttle-Service oder \u00fcber die Autobahn.<\/p>\n<p style=\"text-align: right;\">Latest post<\/p>\n<p style=\"text-align: left;\"><span data-attr-date-format=\"F j\" data-attr-date-format-select=\"custom\" data-attr-link=\"0\" data-attr-rel=\"0\" data-attr-show-time=\"0\" data-attr-target=\"1\" data-attr-time-format=\"\" data-attr-time-format-select=\"g:i a\" data-attr-type=\"published\" data-extra_key=\"\" data-option-inline=\"1\" data-shortcode=\"tcb_post_published_date\" data-shortcode-name=\"Post date\">Januar 5 <\/span><\/p>\n<h2><span data-attr-css=\"tve-u-177b48bb058\" data-attr-link=\"1\" data-attr-rel=\"0\" data-attr-target=\"0\" data-extra_key=\"\" data-option-inline=\"1\" data-shortcode=\"tcb_post_title\" data-shortcode-name=\"Post title\" data-attr-static-link=\"{&quot;className&quot;:&quot;&quot;,&quot;href&quot;:&quot;#&quot;,&quot;title&quot;:&quot;Pariser Flugh\u00e4fen | \u00dcbersicht mit Infos &amp; Tipps&quot;,&quot;data-css&quot;:&quot;tve-u-177b48bb058&quot;,&quot;class&quot;:&quot;&quot;}\"><a href=\"https:\/\/www.paristouristinformation.fr\/de\/planen\/flughaefen\/\" title=\"Pariser Flugh\u00e4fen | \u00dcbersicht mit Infos &amp; Tipps\">Pariser Flugh\u00e4fen | \u00dcbersicht mit Infos &amp; Tipps<\/a><\/span><\/h2>\n<p><a href=\"https:\/\/www.paristouristinformation.fr\/de\/planen\/flughaefen\/\" style=\"font-size: var(--tve-font-size, 14px)  !important;\"><span style=\"\"><span style=\"\">Read More<\/span><\/span><\/a><\/p>\n<p style=\"text-align: left;\">Previous posts<\/p>\n<h4 id=\"t-1613639328080\" style=\"text-align: center;\"><span data-attr-css=\"tve-u-177b48bb065\" data-attr-link=\"1\" data-attr-rel=\"0\" data-attr-target=\"0\" data-option-inline=\"1\" data-shortcode=\"tcb_post_title\" data-shortcode-name=\"Post title\" data-attr-static-link=\"{&quot;className&quot;:&quot;&quot;,&quot;href&quot;:&quot;https:\/\/www.paristouristinformation.fr\/de\/planen\/flughaefen\/beauvais-tille\/&quot;,&quot;title&quot;:&quot;Flughafen Paris Beauvais-Till\u00e9 | Infos, Transfer &amp; Fl\u00fcge&quot;,&quot;data-css&quot;:&quot;tve-u-177b48bb065&quot;,&quot;class&quot;:&quot;&quot;}\"><a href=\"https:\/\/www.paristouristinformation.fr\/de\/planen\/flughaefen\/beauvais-tille\/\" title=\"Flughafen Paris Beauvais-Till\u00e9 | Infos, Transfer &amp; Fl\u00fcge\">Flughafen Paris Beauvais-Till\u00e9 | Infos, Transfer &amp; Fl\u00fcge<\/a><\/span><\/h4>\n<p><a href=\"https:\/\/www.paristouristinformation.fr\/de\/planen\/flughaefen\/beauvais-tille\/\" style=\"\"><span style=\"\"><span style=\"\">Mehr lesen<\/span><\/span><\/a><\/p>\n<h4 id=\"t-1613639328080\" style=\"text-align: center;\"><span data-attr-css=\"tve-u-177b48bb065\" data-attr-link=\"1\" data-attr-rel=\"0\" data-attr-target=\"0\" data-option-inline=\"1\" data-shortcode=\"tcb_post_title\" data-shortcode-name=\"Post title\" data-attr-static-link=\"{&quot;className&quot;:&quot;&quot;,&quot;href&quot;:&quot;https:\/\/www.paristouristinformation.fr\/de\/planen\/flughaefen\/beauvais-tille\/&quot;,&quot;title&quot;:&quot;Flughafen Paris Beauvais-Till\u00e9 | Infos, Transfer &amp; Fl\u00fcge&quot;,&quot;data-css&quot;:&quot;tve-u-177b48bb065&quot;,&quot;class&quot;:&quot;&quot;}\"><a href=\"https:\/\/www.paristouristinformation.fr\/de\/hotel\/flitterwochen\/\" title=\"15 romantische Hotels f\u00fcr Flitterwochen in Paris\">15 romantische Hotels f\u00fcr Flitterwochen in Paris<\/a><\/span><\/h4>\n<p><a href=\"https:\/\/www.paristouristinformation.fr\/de\/hotel\/flitterwochen\/\" style=\"\"><span style=\"\"><span style=\"\">Mehr lesen<\/span><\/span><\/a><\/p>\n<h4 id=\"t-1613639328080\" style=\"text-align: center;\"><span data-attr-css=\"tve-u-177b48bb065\" data-attr-link=\"1\" data-attr-rel=\"0\" data-attr-target=\"0\" data-option-inline=\"1\" data-shortcode=\"tcb_post_title\" data-shortcode-name=\"Post title\" data-attr-static-link=\"{&quot;className&quot;:&quot;&quot;,&quot;href&quot;:&quot;https:\/\/www.paristouristinformation.fr\/de\/planen\/flughaefen\/beauvais-tille\/&quot;,&quot;title&quot;:&quot;Flughafen Paris Beauvais-Till\u00e9 | Infos, Transfer &amp; Fl\u00fcge&quot;,&quot;data-css&quot;:&quot;tve-u-177b48bb065&quot;,&quot;class&quot;:&quot;&quot;}\"><a href=\"https:\/\/www.paristouristinformation.fr\/de\/hotel\/3-sterne\/\" title=\"25 g\u00fcnstige 3-Sterne-Hotels in Paris\">25 g\u00fcnstige 3-Sterne-Hotels in Paris<\/a><\/span><\/h4>\n<p><a href=\"https:\/\/www.paristouristinformation.fr\/de\/hotel\/3-sterne\/\" style=\"\"><span style=\"\"><span style=\"\">Mehr lesen<\/span><\/span><\/a><span><img loading=\"lazy\" decoding=\"async\" alt=\"Executive-Transfer-vom-Flughafen-Wien-Schwechat-VIE\" data-id=\"2219\" width=\"1080\" data-init-width=\"1200\" height=\"567\" data-init-height=\"630\" title=\"Executive-Transfer-vom-Flughafen-Wien-Schwechat-VIE\" src=\"https:\/\/paristouristinformation.fr\/de\/\/wp-content\/uploads\/2020\/11\/Executive-Transfer-vom-Flughafen-Wien-Schwechat-VIE.jpg\" data-width=\"1080\" data-height=\"567\" style=\"aspect-ratio: auto 1200 \/ 630;\"><\/span><\/p>\n<h2 style=\"text-align: center;\" id=\"t-1613560533615\">Private Transferoptionen<\/h2>\n<p>Die Option des privaten Transfers ist immer die effizientere und einfachere Art, zu Flugh\u00e4fen in einem anderen Land zu reisen. Sie ersparen sich den \u00c4rger \u00fcber Versp\u00e4tungen oder den Umgang mit <a href=\"https:\/\/paristouristinformation.fr\/de\/planen\/offentliche-verkehrsmittel\/\" style=\"outline: none;\"><strong>\u00f6ffentlichen Verkehrsmitteln<\/strong><\/a>. Wir bieten Ihnen in unserem offiziellen <a href=\"https:\/\/paristouristinformation.fr\/de\/touren-and-tickets\/\">Paris Shop<\/a> g\u00fcnstige Angebote f\u00fcr private Transfers an.&nbsp;<\/p>\n<h2 style=\"text-align: center;\" id=\"t-1613560533620\">Shuttle-Transfer-Optionen<\/h2>\n<p>Wenn Sie eine kosteng\u00fcnstigere und einfachere M\u00f6glichkeit suchen, zu den Flugh\u00e4fen in Paris zu gelangen, k\u00f6nnen Sie auch den Shuttle-Bus-Transfer w\u00e4hlen. Dieser ist weniger schnell als der Privattransfer, bringt Sie aber bequem zum Zielort. Hier sind die verf\u00fcgbaren Optionen in unserem offiziellen <a href=\"https:\/\/paristouristinformation.fr\/de\/touren-and-tickets\/\">Shop<\/a> f\u00fcr jeden Pariser Flughafen.<\/p>\n<h2 id=\"t-1613642090948\">FAQ<\/h2>\n<p style=\"text-align: center;\">Verwandte Artikel<\/p>\n<p><a href=\"https:\/\/www.paristouristinformation.fr\/de\/planen\/offentliche-verkehrsmittel\/metro\/\" dynamic-postlink=\"tcb_post_the_permalink\" data-shortcode-id=\"5613\"><\/a><\/p>\n<h3 style=\"text-align: center; padding-top: 0px !important; margin-top: 0px !important;\"><span data-attr-link=\"1\" data-attr-rel=\"0\" data-attr-target=\"0\" data-extra_key=\"\" data-option-inline=\"1\" data-shortcode=\"tcb_post_title\" data-shortcode-name=\"Post title\" data-attr-css=\"\" data-attr-static-link=\"{&quot;className&quot;:&quot;&quot;,&quot;href&quot;:&quot;https:\/\/www.paristouristinformation.fr\/de\/planen\/offentliche-verkehrsmittel\/metro\/&quot;,&quot;title&quot;:&quot;Metro in Paris | Infos, Tipps, Fahrkarten &amp; mehr&quot;,&quot;class&quot;:&quot;&quot;}\"><a href=\"https:\/\/www.paristouristinformation.fr\/de\/planen\/offentliche-verkehrsmittel\/metro\/\" title=\"Metro in Paris | Infos, Tipps, Fahrkarten &amp; mehr\" data-css=\"\">Metro in Paris | Infos, Tipps, Fahrkarten &amp; mehr<\/a><\/span><\/h3>\n<p><a href=\"https:\/\/www.paristouristinformation.fr\/de\/planen\/offentliche-verkehrsmittel\/metro\/\" style=\"\"><span style=\"\"><span style=\"\">Mehr lesen<\/span><\/span><\/a><a href=\"https:\/\/www.paristouristinformation.fr\/de\/sehenswurdigkeiten\/theater\/\" dynamic-postlink=\"tcb_post_the_permalink\" data-shortcode-id=\"5613\"><\/a><\/p>\n<h3 style=\"text-align: center; padding-top: 0px !important; margin-top: 0px !important;\"><span data-attr-link=\"1\" data-attr-rel=\"0\" data-attr-target=\"0\" data-extra_key=\"\" data-option-inline=\"1\" data-shortcode=\"tcb_post_title\" data-shortcode-name=\"Post title\" data-attr-css=\"\" data-attr-static-link=\"{&quot;className&quot;:&quot;&quot;,&quot;href&quot;:&quot;https:\/\/www.paristouristinformation.fr\/de\/planen\/offentliche-verkehrsmittel\/metro\/&quot;,&quot;title&quot;:&quot;Metro in Paris | Infos, Tipps, Fahrkarten &amp; mehr&quot;,&quot;class&quot;:&quot;&quot;}\"><a href=\"https:\/\/www.paristouristinformation.fr\/de\/sehenswurdigkeiten\/theater\/\" title=\"12 Theater &amp; Kabaretts f\u00fcr Shows in Paris [mit Tickets]\" data-css=\"\">12 Theater &amp; Kabaretts f\u00fcr Shows in Paris [mit Tickets]<\/a><\/span><\/h3>\n<p><a href=\"https:\/\/www.paristouristinformation.fr\/de\/sehenswurdigkeiten\/theater\/\" style=\"\"><span style=\"\"><span style=\"\">Mehr lesen<\/span><\/span><\/a><a href=\"https:\/\/www.paristouristinformation.fr\/de\/sehenswurdigkeiten\/museum\/louvre\/\" dynamic-postlink=\"tcb_post_the_permalink\" data-shortcode-id=\"5613\"><\/a><\/p>\n<h3 style=\"text-align: center; padding-top: 0px !important; margin-top: 0px !important;\"><span data-attr-link=\"1\" data-attr-rel=\"0\" data-attr-target=\"0\" data-extra_key=\"\" data-option-inline=\"1\" data-shortcode=\"tcb_post_title\" data-shortcode-name=\"Post title\" data-attr-css=\"\" data-attr-static-link=\"{&quot;className&quot;:&quot;&quot;,&quot;href&quot;:&quot;https:\/\/www.paristouristinformation.fr\/de\/planen\/offentliche-verkehrsmittel\/metro\/&quot;,&quot;title&quot;:&quot;Metro in Paris | Infos, Tipps, Fahrkarten &amp; mehr&quot;,&quot;class&quot;:&quot;&quot;}\"><a href=\"https:\/\/www.paristouristinformation.fr\/de\/sehenswurdigkeiten\/museum\/louvre\/\" title=\"Louvre Museum | Tickets &amp; F\u00fchrungen, Infos &amp; Tipps\" data-css=\"\">Louvre Museum | Tickets &amp; F\u00fchrungen, Infos &amp; Tipps<\/a><\/span><\/h3>\n<p><a href=\"https:\/\/www.paristouristinformation.fr\/de\/sehenswurdigkeiten\/museum\/louvre\/\" style=\"\"><span style=\"\"><span style=\"\">Mehr lesen<\/span><\/span><\/a><a href=\"https:\/\/www.paristouristinformation.fr\/de\/restaurants\/michelin-stern\/\" dynamic-postlink=\"tcb_post_the_permalink\" data-shortcode-id=\"5613\"><\/a><\/p>\n<h3 style=\"text-align: center; padding-top: 0px !important; margin-top: 0px !important;\"><span data-attr-link=\"1\" data-attr-rel=\"0\" data-attr-target=\"0\" data-extra_key=\"\" data-option-inline=\"1\" data-shortcode=\"tcb_post_title\" data-shortcode-name=\"Post title\" data-attr-css=\"\" data-attr-static-link=\"{&quot;className&quot;:&quot;&quot;,&quot;href&quot;:&quot;https:\/\/www.paristouristinformation.fr\/de\/planen\/offentliche-verkehrsmittel\/metro\/&quot;,&quot;title&quot;:&quot;Metro in Paris | Infos, Tipps, Fahrkarten &amp; mehr&quot;,&quot;class&quot;:&quot;&quot;}\"><a href=\"https:\/\/www.paristouristinformation.fr\/de\/restaurants\/michelin-stern\/\" title=\"15 Restaurants mit Michelin-Sternen in Paris\" data-css=\"\">15 Restaurants mit Michelin-Sternen in Paris<\/a><\/span><\/h3>\n<p><a href=\"https:\/\/www.paristouristinformation.fr\/de\/restaurants\/michelin-stern\/\" style=\"\"><span style=\"\"><span style=\"\">Mehr lesen<\/span><\/span><\/a><a href=\"https:\/\/www.paristouristinformation.fr\/de\/planen\/3-tage\/\" dynamic-postlink=\"tcb_post_the_permalink\" data-shortcode-id=\"5613\"><\/a><\/p>\n<h3 style=\"text-align: center; padding-top: 0px !important; margin-top: 0px !important;\"><span data-attr-link=\"1\" data-attr-rel=\"0\" data-attr-target=\"0\" data-extra_key=\"\" data-option-inline=\"1\" data-shortcode=\"tcb_post_title\" data-shortcode-name=\"Post title\" data-attr-css=\"\" data-attr-static-link=\"{&quot;className&quot;:&quot;&quot;,&quot;href&quot;:&quot;https:\/\/www.paristouristinformation.fr\/de\/planen\/offentliche-verkehrsmittel\/metro\/&quot;,&quot;title&quot;:&quot;Metro in Paris | Infos, Tipps, Fahrkarten &amp; mehr&quot;,&quot;class&quot;:&quot;&quot;}\"><a href=\"https:\/\/www.paristouristinformation.fr\/de\/planen\/3-tage\/\" title=\"3 Tage in Paris: Beste Reiseroute &amp; Tipps f\u00fcr Erstbesucher\" data-css=\"\">3 Tage in Paris: Beste Reiseroute &amp; Tipps f\u00fcr Erstbesucher<\/a><\/span><\/h3>\n<p><a href=\"https:\/\/www.paristouristinformation.fr\/de\/planen\/3-tage\/\" style=\"\"><span style=\"\"><span style=\"\">Mehr lesen<\/span><\/span><\/a><a href=\"https:\/\/www.paristouristinformation.fr\/de\/sehenswurdigkeiten\/disneyland\/\" dynamic-postlink=\"tcb_post_the_permalink\" data-shortcode-id=\"5613\"><\/a><\/p>\n<h3 style=\"text-align: center; padding-top: 0px !important; margin-top: 0px !important;\"><span data-attr-link=\"1\" data-attr-rel=\"0\" data-attr-target=\"0\" data-extra_key=\"\" data-option-inline=\"1\" data-shortcode=\"tcb_post_title\" data-shortcode-name=\"Post title\" data-attr-css=\"\" data-attr-static-link=\"{&quot;className&quot;:&quot;&quot;,&quot;href&quot;:&quot;https:\/\/www.paristouristinformation.fr\/de\/planen\/offentliche-verkehrsmittel\/metro\/&quot;,&quot;title&quot;:&quot;Metro in Paris | Infos, Tipps, Fahrkarten &amp; mehr&quot;,&quot;class&quot;:&quot;&quot;}\"><a href=\"https:\/\/www.paristouristinformation.fr\/de\/sehenswurdigkeiten\/disneyland\/\" title=\"Disneyland Paris\u00ae: Tickets, Preise, Attraktionen, Hotels\" data-css=\"\">Disneyland Paris\u00ae: Tickets, Preise, Attraktionen, Hotels<\/a><\/span><\/h3>\n<p><a href=\"https:\/\/www.paristouristinformation.fr\/de\/sehenswurdigkeiten\/disneyland\/\" style=\"\"><span style=\"\"><span style=\"\">Mehr lesen<\/span><\/span><\/a><a href=\"javascript:void(0)\" style=\"\"><span style=\"\"><span style=\"\">Load More<\/span><\/span><\/a><\/p>\n","protected":false},"excerpt":{"rendered":"<p>Informationen zu den Pariser Flugh\u00e4fen Auf dieser Seite finden Sie alle wichtigen Informationen \u00fcber die Pariser Flugh\u00e4fen: Transfer, Fl\u00fcge, Terminals&#8230; Pariser Flugh\u00e4fen Paris hat offiziell 2 gro\u00dfe Flugh\u00e4fen: Roissy Charles de Gaulle und Orly. Ein dritter, Beauvais-Till\u00e9, gewinnt jedoch immer mehr an Aufmerksamkeit, auch wenn er sehr weit vom Stadtzentrum entfernt ist. Er soll in [&hellip;]<\/p>\n","protected":false},"author":9,"featured_media":4624,"parent":3544,"menu_order":0,"comment_status":"closed","ping_status":"closed","template":"","meta":{"footnotes":""},"tags":[],"class_list":["post-5111","page","type-page","status-publish","has-post-thumbnail","hentry","post-wrapper","thrv_wrapper"],"wp-worthy-pixel":{"ignored":false,"public":"b28ac26d9324425c906eaedef923d8c9","server":"vg07.met.vgwort.de","url":"https:\/\/vg07.met.vgwort.de\/na\/b28ac26d9324425c906eaedef923d8c9"},"wp-worthy-type":"normal","_links":{"self":[{"href":"https:\/\/www.paristouristinformation.fr\/de\/wp-json\/wp\/v2\/pages\/5111","targetHints":{"allow":["GET"]}}],"collection":[{"href":"https:\/\/www.paristouristinformation.fr\/de\/wp-json\/wp\/v2\/pages"}],"about":[{"href":"https:\/\/www.paristouristinformation.fr\/de\/wp-json\/wp\/v2\/types\/page"}],"author":[{"embeddable":true,"href":"https:\/\/www.paristouristinformation.fr\/de\/wp-json\/wp\/v2\/users\/9"}],"replies":[{"embeddable":true,"href":"https:\/\/www.paristouristinformation.fr\/de\/wp-json\/wp\/v2\/comments?post=5111"}],"version-history":[{"count":6,"href":"https:\/\/www.paristouristinformation.fr\/de\/wp-json\/wp\/v2\/pages\/5111\/revisions"}],"predecessor-version":[{"id":13508,"href":"https:\/\/www.paristouristinformation.fr\/de\/wp-json\/wp\/v2\/pages\/5111\/revisions\/13508"}],"up":[{"embeddable":true,"href":"https:\/\/www.paristouristinformation.fr\/de\/wp-json\/wp\/v2\/pages\/3544"}],"wp:featuredmedia":[{"embeddable":true,"href":"https:\/\/www.paristouristinformation.fr\/de\/wp-json\/wp\/v2\/media\/4624"}],"wp:attachment":[{"href":"https:\/\/www.paristouristinformation.fr\/de\/wp-json\/wp\/v2\/media?parent=5111"}],"wp:term":[{"taxonomy":"post_tag","embeddable":true,"href":"https:\/\/www.paristouristinformation.fr\/de\/wp-json\/wp\/v2\/tags?post=5111"}],"curies":[{"name":"wp","href":"https:\/\/api.w.org\/{rel}","templated":true}]}}