{"id":5160,"date":"2023-01-05T14:57:00","date_gmt":"2023-01-05T14:57:00","guid":{"rendered":"https:\/\/paristouristinformation.fr\/de\/\/?page_id=5160"},"modified":"2024-01-20T10:27:26","modified_gmt":"2024-01-20T10:27:26","slug":"brucke","status":"publish","type":"page","link":"https:\/\/www.paristouristinformation.fr\/de\/sehenswurdigkeiten\/brucke\/","title":{"rendered":"5 ber\u00fchmtesten Br\u00fccken in Paris | Karte, Lage, Tipps"},"content":{"rendered":"<p>Paris ist eine dieser wunderbaren St\u00e4dte, die an jeder Ecke mit erstaunlichen \u00dcberresten der Geschichte gef\u00fcllt ist. Denkm\u00e4ler, Pl\u00e4tze, Geb\u00e4ude, Museen, Kirchen&#8230; aber auch viele erstaunliche Br\u00fccken, die auf der ganzen Welt einen Namen gemacht haben. Sie \u00fcberqueren die Seine und geben einen sch\u00f6nen Blick auf die Stadt frei. In Paris gibt es 37 Br\u00fccken. 5 davon sind nur f\u00fcr Fu\u00dfg\u00e4nger zug\u00e4nglich, 8 erm\u00f6glichen den Zugang zur<a href=\"https:\/\/paristouristinformation.fr\/de\/bezirke\/ile-de-la-cite\/\" style=\"outline: none;\"><strong>&nbsp;\u00cele de la Cit\u00e9<\/strong><\/a><em><strong>,<\/strong><\/em> 4 zur \u00cele Saint-Louis und 2 sind Eisenbahnbr\u00fccken.Sie k\u00f6nnen sie bei Ihren Aktivit\u00e4ten in Paris nicht \u00fcbersehen, sollten die beliebtesten kennen und eine Pause einlegen, um sie aus der N\u00e4he zu bewundern. Deshalb finden Sie in unserer Liste unten die 5 beliebtesten Br\u00fccken von Paris.<strong>Tipp:<\/strong> Wir empfehlen Ihnen, ein Ticket f\u00fcr eine <a href=\"https:\/\/www.tiqets.com\/de\/paris-sehenswuerdigkeiten-c66746\/tickets-fur-seine-flussfahrt-mit-bateaux-mouches-p982823\/?partner=checkfortrip\" target=\"_blank\" rel=\"noopener nofollow\"><strong>Seine Kreuzfahrt<\/strong><\/a> zu kaufen und das einzigartige Gef\u00fchl zu genie\u00dfen, unter diesen Br\u00fccken hindurchzufahren.<\/p>\n<h2 id=\"t-1612280042332\" style=\"\">1. Pont Neuf<\/h2>\n<p><span><img decoding=\"async\" alt=\"\" data-id=\"6189\" width=\"702\" data-init-width=\"1200\" height=\"368\" data-init-height=\"630\" title=\"Pont Neuf cover\" src=\"https:\/\/paristouristinformation.fr\/de\/\/wp-content\/uploads\/2021\/01\/Pont-Neuf-cover.jpg\" data-width=\"702\" data-height=\"368\" data-pin-media=\"https:\/\/paristouristinformation.fr\/de\/\/wp-content\/uploads\/2021\/03\/prag_50_sehenswuerdigkeiten_pinterest-40.jpg\" data-pin-description=\"Which bridges are worth to see in Paris ? Check our list of the 5 most famous bridges of Paris and discover their history.\" data-pin-url=\"https:\/\/paristouristinformation.fr\/de\/\/things-to-do\/bridge\/?tve=true&amp;tcbf=e9aa5eae8a\" data-pinpro-key=\"8lz83ke2o\" loading=\"lazy\"><\/span><\/p>\n<p>Die Br\u00fccke <a href=\"https:\/\/paristouristinformation.fr\/de\/brucke\/pont-neuf\/\" style=\"outline: none;\"><strong>Pont Neuf <\/strong><\/a>befindet sich im 1. Arrondissement von Paris und wurde 1607 erbaut. Ein perfekter Ort, um Ihre Entdeckungen in Paris zu beginnen. Nach einem anstrengenden Tag in Paris kann man von hier aus den Sonnenuntergang \u00fcber der Seine beobachten. Sie befindet sich an der Spitze der<em><strong>&nbsp;<\/strong><\/em><a href=\"https:\/\/paristouristinformation.fr\/de\/bezirke\/ile-de-la-cite\/\" style=\"outline: none;\"><strong>\u00cele de la Cit\u00e9<\/strong><\/a>, die sie von beiden Seiten durchquert.Vergessen Sie nicht, die 12 Rundbogengesimse mit in Stein gehauenen Maskarons zu sehen. Diese Art der Verzierung wurde bei alten r\u00f6mischen Geb\u00e4uden verwendet und wird in der Architektur als &#8222;Groteske&#8220; bezeichnet. Insgesamt gibt es 384 Gesichter mit seltsamen Merkmalen, die menschliche, tierische und florale Motive kombinieren.<\/p>\n<p>Stehen Sie auf der Br\u00fccke, beobachten Sie die Schiffe, die auf- und abfahren, warten Sie, bis es dunkel wird, und sehen Sie die Lichtreflexe der historischen Geb\u00e4ude auf dem Wasser. Es ist unm\u00f6glich, sich nicht von den beleuchteten Landschaften von <a href=\"https:\/\/paristouristinformation.fr\/de\/kirche\/notre-dame\/\"><strong>Notre-Dame<\/strong><\/a> und dem <a href=\"https:\/\/paristouristinformation.fr\/de\/sehenswurdigkeiten\/museum\/louvre\/\" style=\"outline: none;\"><strong>Louvre Museum<\/strong><\/a><em><strong>&nbsp;<\/strong><\/em>verzaubern zu lassen.<\/p>\n<ul>\n<li><strong>Adresse: &nbsp;<\/strong>Pont Neuf, 1. Arrondissement von Paris &#8211; 75001<\/li>\n<\/ul>\n<h2 id=\"t-1612280042333\" style=\"\">2. Pont Alexandre III<\/h2>\n<p><span><img decoding=\"async\" alt=\"\" data-id=\"6192\" width=\"702\" data-init-width=\"1000\" height=\"468\" data-init-height=\"667\" title=\"Pont Alexandre III in Paris in France\" src=\"https:\/\/paristouristinformation.fr\/de\/\/wp-content\/uploads\/2021\/01\/Pont-Alexandre-III-in-Paris-in-France.jpg\" data-width=\"702\" data-height=\"468\" data-pin-media=\"https:\/\/paristouristinformation.fr\/de\/\/wp-content\/uploads\/2021\/03\/prag_50_sehenswuerdigkeiten_pinterest-40.jpg\" data-pin-description=\"Which bridges are worth to see in Paris ? Check our list of the 5 most famous bridges of Paris and discover their history.\" data-pin-url=\"https:\/\/paristouristinformation.fr\/de\/\/things-to-do\/bridge\/?tve=true&amp;tcbf=e9aa5eae8a\" data-pinpro-key=\"ax1yyxwaz\" loading=\"lazy\"><\/span><\/p>\n<p>Die Pont Alexandre III ist eine der pr\u00e4chtigsten der 37 Seine-Br\u00fccken im 8. Arrondissement von Paris. Sie verbindet die <a href=\"https:\/\/paristouristinformation.fr\/de\/sehenswurdigkeiten\/avenue-des-champs-elysees\/\" style=\"outline: none;\"><strong>Avenue Champs-\u00c9lys\u00e9es<\/strong><\/a> mit dem historischen Komplex Les Invalides.Der <strong>Bau wurde im Jahr 1900 abgeschlossen<\/strong>. Sie tr\u00e4gt den Namen von Alexander, dem Vater von Nikolaus II, dem damaligen russischen Zaren. Die gew\u00f6lbte Stahlbr\u00fccke ist 107 Meter lang und 40 Meter breit.An den Eing\u00e4ngen der Br\u00fccke befinden sich vier L\u00f6wenstatuen. Dann erheben sich vier beeindruckende vergoldete Bronzestatuen an der Spitze von vier Pfeilern rechts und links. In der Mitte befinden sich auf beiden Seiten Bronzestatuen von Nymphen (Wasserfeen in der griechischen Mythologie), auf der einen Seite &#8222;Nymphen der Seine&#8220; und auf der anderen Seite &#8222;Nymphen der Newa&#8220; in St. Petersburg, zu Ehren der franz\u00f6sisch-russischen Allianz.<\/p>\n<ul>\n<li><strong>Adresse :&nbsp;<\/strong>Pont Alexandre III, 75008 Paris<\/li>\n<\/ul>\n<ul>\n<li><span style=\"\">Planen Sie Ihre Reise nach Paris? Wir haben f\u00fcr Sie eine Liste mit den <a href=\"https:\/\/paristouristinformation.fr\/de\/sehenswurdigkeiten\/museum\/\" style=\"outline: none;\"><strong>30 besten Museen in Paris<\/strong><\/a><em><strong>&nbsp;<\/strong><\/em>zusammengestellt.<\/span><\/li>\n<\/ul>\n<h2 id=\"t-1612280042334\" style=\"\">3. Pont des Arts<\/h2>\n<p><span><img decoding=\"async\" alt=\"\" data-id=\"6194\" width=\"702\" data-init-width=\"1000\" height=\"468\" data-init-height=\"667\" title=\"Pont des Arts in Paris in France\" src=\"https:\/\/paristouristinformation.fr\/de\/\/wp-content\/uploads\/2021\/01\/Pont-des-Arts-in-Paris-in-France.jpg\" data-width=\"702\" data-height=\"468\" style=\"\" data-pin-media=\"https:\/\/paristouristinformation.fr\/de\/\/wp-content\/uploads\/2021\/03\/prag_50_sehenswuerdigkeiten_pinterest-40.jpg\" data-pin-description=\"Which bridges are worth to see in Paris ? Check our list of the 5 most famous bridges of Paris and discover their history.\" data-pin-url=\"https:\/\/paristouristinformation.fr\/de\/\/things-to-do\/bridge\/?tve=true&amp;tcbf=e9aa5eae8a\" data-pinpro-key=\"f7o7rrd9q\" loading=\"lazy\"><\/span><\/p>\n<p>Die Br\u00fccke Le Pont des Arts befindet sich zwischen dem <a href=\"https:\/\/paristouristinformation.fr\/de\/sehenswurdigkeiten\/museum\/louvre\/\"><strong>Louvre<\/strong><\/a><em><strong>&nbsp;<\/strong><\/em>und dem Institut de France. Sie wurde 1884 w\u00e4hrend der Herrschaft von Napoleon Bonaparte als erste Eisenbr\u00fccke \u00fcber die Seine gebaut. Im Jahr 1984 wurde sie nach den urspr\u00fcnglichen Pl\u00e4nen des damaligen B\u00fcrgermeisters Jacques Chirac wiederaufgebaut.Sie wird <strong>nur noch als Fu\u00dfg\u00e4nger\u00fcbergang genutzt <\/strong>und ist zu jeder Tageszeit ein beliebter Ort. Nach einem Besuch des Louvre-Museums oder einem Bummel durch das Viertel St. Germain k\u00f6nnen Sie zur Pont des Arts gehen und von dort aus die wundersch\u00f6ne Pont Neuf und viele andere Denkm\u00e4ler sehen.Diese Br\u00fccke ist auch unter dem Namen &#8222;Liebesschlossbr\u00fccke&#8220; bekannt. Paare aus der ganzen Welt kommen hierher, um ihre pers\u00f6nlichen Vorh\u00e4ngeschl\u00f6sser anzubringen, auch wenn die Stadt sie seit 2015 alle entfernt und verboten hat.<\/p>\n<ul>\n<li><strong>Adresse:<\/strong> Quai Fran\u00e7ois Mitterand, 75006 Paris<\/li>\n<li>Holen Sie sich Ihre <a href=\"https:\/\/www.tiqets.com\/de\/paris-sehenswuerdigkeiten-c66746\/tickets-fur-louvre-e-ticket-p973698\/?partner=checkfortrip\" target=\"_blank\" rel=\"noopener nofollow\"><strong>Louvre Museum Tickets<\/strong><\/a> in der N\u00e4he dieser Br\u00fccke und \u00fcberspringen Sie die Warteschlange!<\/li>\n<\/ul>\n<h2 id=\"t-1612280042335\" style=\"\">4. Pont de l&#8217;Alma<\/h2>\n<p><span><img decoding=\"async\" alt=\"\" data-id=\"6241\" width=\"702\" data-init-width=\"1000\" height=\"468\" data-init-height=\"667\" title=\"Pont de l'Alma in Paris in France\" src=\"https:\/\/paristouristinformation.fr\/de\/\/wp-content\/uploads\/2021\/01\/Pont-de-lAlma-in-Paris-in-France.jpg\" data-width=\"702\" data-height=\"468\" data-pin-media=\"https:\/\/paristouristinformation.fr\/de\/\/wp-content\/uploads\/2021\/03\/prag_50_sehenswuerdigkeiten_pinterest-40.jpg\" data-pin-description=\"Which bridges are worth to see in Paris ? Check our list of the 5 most famous bridges of Paris and discover their history.\" data-pin-url=\"https:\/\/paristouristinformation.fr\/de\/\/things-to-do\/bridge\/?tve=true&amp;tcbf=e9aa5eae8a\" data-pinpro-key=\"fognybayo\" loading=\"lazy\"><\/span><\/p>\n<p>Sie wurde zwischen 1854 und 1856 erbaut und von Napoleon III. eingeweiht. Danach wurde sie von 1970 bis 1974 wegen ihrer Enge komplett umgebaut. Der Name der Br\u00fccke &#8222;Pont de l&#8217;Alma&#8220; <strong>erinnert an die Schlacht von Alma<\/strong> (1854) w\u00e4hrend des Krimkriegs. Am 31. August 1997 ereignete sich im Tunnel der Pont de l&#8217;Alma ein Unfall, bei dem Prinzessin Diana, ihr Freund und ihr Fahrer ums Leben kamen. \u00dcber diesem Tunnel erhebt sich die Flamme der Freiheit, eine lebensgro\u00dfe Nachbildung der Flamme der Freiheitsstatue.<\/p>\n<ul>\n<li><strong>Adresse:<\/strong> Pont de l&#8217;Alma, 75008 Paris<\/li>\n<\/ul>\n<h2 id=\"t-1612280042336\" style=\"\">5. Pont de Bir-Hakeim<\/h2>\n<p><span><img decoding=\"async\" alt=\"\" data-id=\"6247\" width=\"702\" data-init-width=\"1000\" height=\"468\" data-init-height=\"667\" title=\"Pont de Bir-Hakeim in Paris in France\" src=\"https:\/\/paristouristinformation.fr\/de\/\/wp-content\/uploads\/2021\/01\/Pont-de-Bir-Hakeim-in-Paris-in-France.jpg\" data-width=\"702\" data-height=\"468\" data-pin-media=\"https:\/\/paristouristinformation.fr\/de\/\/wp-content\/uploads\/2021\/03\/prag_50_sehenswuerdigkeiten_pinterest-40.jpg\" data-pin-description=\"Which bridges are worth to see in Paris ? Check our list of the 5 most famous bridges of Paris and discover their history.\" data-pin-url=\"https:\/\/paristouristinformation.fr\/de\/\/things-to-do\/bridge\/?tve=true&amp;tcbf=e9aa5eae8a\" data-pinpro-key=\"srg0p9ff8\" loading=\"lazy\"><\/span><\/p>\n<p>Die Pont de Bir-Hakeim befindet sich an der Nordspitze der \u00cele aux Cygnes. Sie besteht aus Stahl und Stein und ist die zweite Br\u00fccke, die in diesem Gebiet gebaut wurde.Die Pont de Bir-Hakeim wurde zwischen 1903 und 1905 gebaut und ersetzte eine fr\u00fchere Br\u00fccke aus dem Jahr 1878. Sie ist 237 Meter lang und 24,7 Meter breit. Seit 1986 ist sie als historisches Denkmal eingetragen.Sie wurde 1948 zum Gedenken an die Schlacht von Bir Hakim umbenannt, einem strategischen Punkt in der libyschen W\u00fcste, an dem die Freien Franz\u00f6sischen Streitkr\u00e4fte im Juni 1942 w\u00e4hrend des Zweiten Weltkriegs gegen die deutschen Truppen k\u00e4mpften. Von hier aus hat man einen tollen Blick auf den Eiffelturm.Vielleicht haben Sie diese Br\u00fccke schon in mehreren Filmen gesehen, unter anderem in Inception. Klingelt&#8217;s da bei Ihnen?<\/p>\n<ul>\n<li><strong>Adresse:<\/strong> Pont de Bir-Hakeim, 75015 Paris<\/li>\n<\/ul>\n<h2 id=\"t-1625481133494\">Karte &amp; Standort<\/h2>\n<p style=\"text-align: center;\"><a href=\"https:\/\/www.google.com\/maps\/d\/u\/1\/viewer?hl=tr&amp;mid=12CCH2REnXU2_mlJK3dSbvXPpgY39ou9Z&amp;ll=48.85974797218291%2C2.3144584500000143&amp;z=15\" target=\"_blank\" style=\"outline: none;\" rel=\"noopener nofollow\">(Link zur Karte)<\/a><\/p>\n<ul>\n<li><span style=\"\">Wenn Sie Ihre Reise nach Paris vorbereiten, sparen Sie Zeit und Geld und vermeiden Sie Stress, indem Sie alle Online Tickets im Voraus in unserem offiziellen <em><strong>Paris Tickets Shop<\/strong><\/em> kaufen.<\/span><\/li>\n<\/ul>\n<p>__CONFIG_colors_palette__{&#8222;active_palette&#8220;:0,&#8220;config&#8220;:{&#8222;colors&#8220;:{&#8222;f8570&#8220;:{&#8222;name&#8220;:&#8220;Main Accent&#8220;,&#8220;parent&#8220;:-1}},&#8220;gradients&#8220;:[]},&#8220;palettes&#8220;:[{&#8222;name&#8220;:&#8220;Default Palette&#8220;,&#8220;value&#8220;:{&#8222;colors&#8220;:{&#8222;f8570&#8220;:{&#8222;val&#8220;:&#8220;var(&#8211;tcb-skin-color-0)&#8220;}},&#8220;gradients&#8220;:[]},&#8220;original&#8220;:{&#8222;colors&#8220;:{&#8222;f8570&#8220;:{&#8222;val&#8220;:&#8220;rgb(19, 114, 211)&#8220;,&#8220;hsl&#8220;:{&#8222;h&#8220;:210,&#8220;s&#8220;:0.83,&#8220;l&#8220;:0.45}}},&#8220;gradients&#8220;:[]}}]}__CONFIG_colors_palette__ <a href=\"https:\/\/paristouristinformation.fr\/de\/touren-and-tickets\/\" target=\"_blank\" rel=\"noopener\"> <span><span style=\"\">Zum Paris Tickets Shop&nbsp;<\/span><\/span> <\/a><\/p>\n<p>Jetzt kennen Sie die romantischen, ber\u00fchmten Br\u00fccken, die Sie in Paris nicht verpassen sollten. <strong>Welche ist die Pariser Br\u00fccke, die Sie am meisten sehen m\u00f6chten?<\/strong> Sagen Sie es uns in den Kommentaren unten!<\/p>\n<h2 style=\"\" id=\"t-1640445627152\">Verwandte Artikel:<\/h2>\n<div class=\"tcb-post-list tve-content-list thrv_wrapper\" data-type=\"grid\" data-pagination-type=\"none\" data-pages_near_current=\"2\" data-css=\"tve-u-17df23ce857\" data-total_post_count=\"4\" data-total_sticky_count=\"0\" data-no_posts_text=\"There are no posts to display.\"><article id=\"post-3676\" class=\"post-3676 page type-page status-publish has-post-thumbnail hentry post-wrapper thrv_wrapper thrive-animated-item  tve_evt_manager_listen tve_ea_thrive_animation tve_et_mouseover tve_anim_grow\" tcb_hover_state_parent=\"\" class=\"tve_evt_manager_listen tve_ea_thrive_animation tve_et_mouseover tve_anim_grow\" data-id=\"3676\" data-selector=\".post-wrapper\"><style class=\"tcb-post-list-dynamic-style\" type=\"text\/css\">@media (min-width: 300px){[].tcb-post-list #post-3676 []{background-image: url(&#8222;https:\/\/www.paristouristinformation.fr\/de\/wp-content\/uploads\/2021\/01\/Stade-de-France-in-Paris-Saint-Denis-1024x538.jpg&#8222;) !important;}[].tcb-post-list #post-3676 []:hover []{background-image: url(&#8222;https:\/\/www.paristouristinformation.fr\/de\/wp-content\/uploads\/2021\/01\/Stade-de-France-in-Paris-Saint-Denis-1024x538.jpg&#8222;) !important;}}<\/style><a href=\"https:\/\/www.paristouristinformation.fr\/de\/attraktionen\/stade-de-france\/\" dynamic-postlink=\"tcb_post_the_permalink\" data-shortcode-id=\"3676\"><\/a><\/p>\n<h3 style=\"text-align: center; padding-top: 0px !important; margin-top: 0px !important;\"><span data-attr-link=\"1\" data-attr-rel=\"0\" data-attr-target=\"0\" data-extra_key=\"\" data-option-inline=\"1\" data-shortcode=\"tcb_post_title\" data-shortcode-name=\"Post title\" data-attr-css=\"\" data-attr-static-link=\"{&quot;className&quot;:&quot;tve-froala fr-basic&quot;,&quot;href&quot;:&quot;https:\/\/paristouristinformation.fr\/de\/attraktionen\/stade-de-france\/&quot;,&quot;title&quot;:&quot;Besuchen Sie das Stade de France in Paris Saint-Denis&quot;,&quot;class&quot;:&quot;tve-froala fr-basic&quot;}\" style=\"\"><a href=\"https:\/\/www.paristouristinformation.fr\/de\/attraktionen\/stade-de-france\/\" title=\"Stade de France | Tickets f\u00fcr Fu\u00dfball &amp; Konzerte, Stadiontour &amp; Museum\" data-css=\"\" class=\"tve-froala fr-basic\">Stade de France | Tickets f\u00fcr Fu\u00dfball &amp; Konzerte, Stadiontour &amp; Museum<\/a><\/span><\/h3>\n<p><\/article><article id=\"post-8391\" class=\"post-8391 page type-page status-publish has-post-thumbnail hentry post-wrapper thrv_wrapper thrive-animated-item  tve_evt_manager_listen tve_ea_thrive_animation tve_et_mouseover tve_anim_grow\" tcb_hover_state_parent=\"\" class=\"tve_evt_manager_listen tve_ea_thrive_animation tve_et_mouseover tve_anim_grow\" data-id=\"8391\" data-selector=\".post-wrapper\"><style class=\"tcb-post-list-dynamic-style\" type=\"text\/css\">@media (min-width: 300px){[].tcb-post-list #post-8391 []{background-image: url(&#8222;https:\/\/www.paristouristinformation.fr\/de\/wp-content\/uploads\/2021\/02\/Top-30-Best-Museums-to-Visit-in-Paris-1024x538.jpg&#8222;) !important;}[].tcb-post-list #post-8391 []:hover []{background-image: url(&#8222;https:\/\/www.paristouristinformation.fr\/de\/wp-content\/uploads\/2021\/02\/Top-30-Best-Museums-to-Visit-in-Paris-1024x538.jpg&#8222;) !important;}}<\/style><a href=\"https:\/\/www.paristouristinformation.fr\/de\/sehenswurdigkeiten\/museum\/orsay-museum\/\" dynamic-postlink=\"tcb_post_the_permalink\" data-shortcode-id=\"3676\"><\/a><\/p>\n<h3 style=\"text-align: center; padding-top: 0px !important; margin-top: 0px !important;\"><span data-attr-link=\"1\" data-attr-rel=\"0\" data-attr-target=\"0\" data-extra_key=\"\" data-option-inline=\"1\" data-shortcode=\"tcb_post_title\" data-shortcode-name=\"Post title\" data-attr-css=\"\" data-attr-static-link=\"{&quot;className&quot;:&quot;tve-froala fr-basic&quot;,&quot;href&quot;:&quot;https:\/\/paristouristinformation.fr\/de\/attraktionen\/stade-de-france\/&quot;,&quot;title&quot;:&quot;Besuchen Sie das Stade de France in Paris Saint-Denis&quot;,&quot;class&quot;:&quot;tve-froala fr-basic&quot;}\" style=\"\"><a href=\"https:\/\/www.paristouristinformation.fr\/de\/sehenswurdigkeiten\/museum\/orsay-museum\/\" title=\"Mus\u00e9e d\u2019Orsay (Orsay Museum) | Tickets, Tipps &amp; Infos\" data-css=\"\" class=\"tve-froala fr-basic\">Mus\u00e9e d\u2019Orsay (Orsay Museum) | Tickets, Tipps &amp; Infos<\/a><\/span><\/h3>\n<p><\/article><article id=\"post-1521\" class=\"post-1521 page type-page status-publish has-post-thumbnail hentry post-wrapper thrv_wrapper thrive-animated-item  tve_evt_manager_listen tve_ea_thrive_animation tve_et_mouseover tve_anim_grow\" tcb_hover_state_parent=\"\" class=\"tve_evt_manager_listen tve_ea_thrive_animation tve_et_mouseover tve_anim_grow\" data-id=\"1521\" data-selector=\".post-wrapper\"><style class=\"tcb-post-list-dynamic-style\" type=\"text\/css\">@media (min-width: 300px){[].tcb-post-list #post-1521 []{background-image: url(&#8222;https:\/\/www.paristouristinformation.fr\/de\/wp-content\/uploads\/2020\/07\/Paris-Landscape-Notre-Dame-Bridge-Sihouette-1024x684.jpg&#8222;) !important;}[].tcb-post-list #post-1521 []:hover []{background-image: url(&#8222;https:\/\/www.paristouristinformation.fr\/de\/wp-content\/uploads\/2020\/07\/Paris-Landscape-Notre-Dame-Bridge-Sihouette-1024x684.jpg&#8222;) !important;}}<\/style><a href=\"https:\/\/www.paristouristinformation.fr\/de\/kirche\/notre-dame\/\" dynamic-postlink=\"tcb_post_the_permalink\" data-shortcode-id=\"3676\"><\/a><\/p>\n<h3 style=\"text-align: center; padding-top: 0px !important; margin-top: 0px !important;\"><span data-attr-link=\"1\" data-attr-rel=\"0\" data-attr-target=\"0\" data-extra_key=\"\" data-option-inline=\"1\" data-shortcode=\"tcb_post_title\" data-shortcode-name=\"Post title\" data-attr-css=\"\" data-attr-static-link=\"{&quot;className&quot;:&quot;tve-froala fr-basic&quot;,&quot;href&quot;:&quot;https:\/\/paristouristinformation.fr\/de\/attraktionen\/stade-de-france\/&quot;,&quot;title&quot;:&quot;Besuchen Sie das Stade de France in Paris Saint-Denis&quot;,&quot;class&quot;:&quot;tve-froala fr-basic&quot;}\" style=\"\"><a href=\"https:\/\/www.paristouristinformation.fr\/de\/kirche\/notre-dame\/\" title=\"Kathedrale Notre-Dame de Paris | Brand, Wiederer\u00f6ffnung, Geschichte &amp; Fakten\" data-css=\"\" class=\"tve-froala fr-basic\">Kathedrale Notre-Dame de Paris | Brand, Wiederer\u00f6ffnung, Geschichte &amp; Fakten<\/a><\/span><\/h3>\n<p><\/article><article id=\"post-4203\" class=\"post-4203 page type-page status-publish has-post-thumbnail hentry post-wrapper thrv_wrapper thrive-animated-item  tve_evt_manager_listen tve_ea_thrive_animation tve_et_mouseover tve_anim_grow\" tcb_hover_state_parent=\"\" class=\"tve_evt_manager_listen tve_ea_thrive_animation tve_et_mouseover tve_anim_grow\" data-id=\"4203\" data-selector=\".post-wrapper\"><style class=\"tcb-post-list-dynamic-style\" type=\"text\/css\">@media (min-width: 300px){[].tcb-post-list #post-4203 []{background-image: url(&#8222;https:\/\/www.paristouristinformation.fr\/de\/wp-content\/uploads\/2020\/12\/Arc-de-Triomphe-cover-1024x538.jpg&#8222;) !important;}[].tcb-post-list #post-4203 []:hover []{background-image: url(&#8222;https:\/\/www.paristouristinformation.fr\/de\/wp-content\/uploads\/2020\/12\/Arc-de-Triomphe-cover-1024x538.jpg&#8222;) !important;}}<\/style><a href=\"https:\/\/www.paristouristinformation.fr\/de\/attraktionen\/arc-de-triomphe\/\" dynamic-postlink=\"tcb_post_the_permalink\" data-shortcode-id=\"3676\"><\/a><\/p>\n<h3 style=\"text-align: center; padding-top: 0px !important; margin-top: 0px !important;\"><span data-attr-link=\"1\" data-attr-rel=\"0\" data-attr-target=\"0\" data-extra_key=\"\" data-option-inline=\"1\" data-shortcode=\"tcb_post_title\" data-shortcode-name=\"Post title\" data-attr-css=\"\" data-attr-static-link=\"{&quot;className&quot;:&quot;tve-froala fr-basic&quot;,&quot;href&quot;:&quot;https:\/\/paristouristinformation.fr\/de\/attraktionen\/stade-de-france\/&quot;,&quot;title&quot;:&quot;Besuchen Sie das Stade de France in Paris Saint-Denis&quot;,&quot;class&quot;:&quot;tve-froala fr-basic&quot;}\" style=\"\"><a href=\"https:\/\/www.paristouristinformation.fr\/de\/attraktionen\/arc-de-triomphe\/\" title=\"Arc de Triomphe de l\u2019\u00c9toile: Tickets, Tipps &amp; Infos\" data-css=\"\" class=\"tve-froala fr-basic\">Arc de Triomphe de l\u2019\u00c9toile: Tickets, Tipps &amp; Infos<\/a><\/span><\/h3>\n<p><\/article><\/div>\n","protected":false},"excerpt":{"rendered":"<p>Paris ist eine dieser wunderbaren St\u00e4dte, die an jeder Ecke mit erstaunlichen \u00dcberresten der Geschichte gef\u00fcllt ist. Denkm\u00e4ler, Pl\u00e4tze, Geb\u00e4ude, Museen, Kirchen&#8230; aber auch viele erstaunliche Br\u00fccken, die auf der ganzen Welt einen Namen gemacht haben. Sie \u00fcberqueren die Seine und geben einen sch\u00f6nen Blick auf die Stadt frei. In Paris gibt es 37 Br\u00fccken. [&hellip;]<\/p>\n","protected":false},"author":9,"featured_media":6244,"parent":12302,"menu_order":0,"comment_status":"closed","ping_status":"closed","template":"","meta":{"footnotes":""},"tags":[],"class_list":{"0":"post-5160","1":"page","2":"type-page","3":"status-publish","4":"has-post-thumbnail","5":"hentry","6":"post-wrapper","7":"thrv_wrapper","10":"thrive-animated-item"},"wp-worthy-pixel":{"ignored":false,"public":"96d34d63782e4214acd99c9b557c492a","server":"vg07.met.vgwort.de","url":"https:\/\/vg07.met.vgwort.de\/na\/96d34d63782e4214acd99c9b557c492a"},"wp-worthy-type":"normal","_links":{"self":[{"href":"https:\/\/www.paristouristinformation.fr\/de\/wp-json\/wp\/v2\/pages\/5160","targetHints":{"allow":["GET"]}}],"collection":[{"href":"https:\/\/www.paristouristinformation.fr\/de\/wp-json\/wp\/v2\/pages"}],"about":[{"href":"https:\/\/www.paristouristinformation.fr\/de\/wp-json\/wp\/v2\/types\/page"}],"author":[{"embeddable":true,"href":"https:\/\/www.paristouristinformation.fr\/de\/wp-json\/wp\/v2\/users\/9"}],"replies":[{"embeddable":true,"href":"https:\/\/www.paristouristinformation.fr\/de\/wp-json\/wp\/v2\/comments?post=5160"}],"version-history":[{"count":0,"href":"https:\/\/www.paristouristinformation.fr\/de\/wp-json\/wp\/v2\/pages\/5160\/revisions"}],"up":[{"embeddable":true,"href":"https:\/\/www.paristouristinformation.fr\/de\/wp-json\/wp\/v2\/pages\/12302"}],"wp:featuredmedia":[{"embeddable":true,"href":"https:\/\/www.paristouristinformation.fr\/de\/wp-json\/wp\/v2\/media\/6244"}],"wp:attachment":[{"href":"https:\/\/www.paristouristinformation.fr\/de\/wp-json\/wp\/v2\/media?parent=5160"}],"wp:term":[{"taxonomy":"post_tag","embeddable":true,"href":"https:\/\/www.paristouristinformation.fr\/de\/wp-json\/wp\/v2\/tags?post=5160"}],"curies":[{"name":"wp","href":"https:\/\/api.w.org\/{rel}","templated":true}]}}