{"id":6038,"date":"2021-01-15T13:49:29","date_gmt":"2021-01-15T13:49:29","guid":{"rendered":"https:\/\/paristouristinformation.fr\/de\/\/restaurants\/clone-of-clone-of-7-best-vegetarians-and-vegans-restaurants-in-paris-de\/"},"modified":"2024-01-20T10:21:26","modified_gmt":"2024-01-20T10:21:26","slug":"vegetarisch","status":"publish","type":"page","link":"https:\/\/www.paristouristinformation.fr\/de\/restaurants\/vegetarisch\/","title":{"rendered":"7 beste vegetarisch-vegane Restaurants in Paris"},"content":{"rendered":"<p>In fast jedem Restaurant und Bistro in Paris gibt es vegetarische Optionen, und der Anteil vegetarischer Gerichte auf den Speisekarten nimmt rapide zu.<\/p>\n<p>Die geografische Vielfalt Frankreichs erlaubt es den franz\u00f6sischen K\u00f6chen, viele Bohnen, Kr\u00e4uter, Gem\u00fcse und Oliven zu verwenden.<\/p>\n<p>In den ber\u00fchmten <a href=\"https:\/\/paristouristinformation.fr\/de\/sehenswurdigkeiten\/bezirke\/\"><strong>Vierteln von Paris<\/strong><\/a> gibt es stilvolle und moderne Cantinas und konventionelle Caf\u00e9s. Das Konzept einer ausschlie\u00dflich vegetarischen K\u00fcche ist auch in Paris immer mehr in den Vordergrund ger\u00fcckt.<\/p>\n<p>Wir haben f\u00fcr Sie eine Liste der besten Optionen f\u00fcr Vegetarier und Veganer in Paris zusammengestellt, die Sie genie\u00dfen k\u00f6nnen, egal ob Sie Vegetarier oder Veganer sind oder nicht.<\/p>\n<h2 id=\"t-1612224789204\">1. Le Potager du Marais<\/h2>\n<blockquote data-instgrm-permalink=\"https:\/\/www.instagram.com\/p\/CEK6RPspNsh\/?utm_source=ig_embed&amp;utm_campaign=loading\" data-instgrm-version=\"13\" style=\" background:#FFF; border:0; border-radius:3px; box-shadow:0 0 1px 0 rgba(0,0,0,0.5),0 1px 10px 0 rgba(0,0,0,0.15); margin: 1px; max-width:750px; min-width:326px; padding:0; width:99.375%; width:-webkit-calc(100% - 2px); width:calc(100% - 2px);\"><p> <a href=\"https:\/\/www.instagram.com\/p\/CEK6RPspNsh\/?utm_source=ig_embed&amp;utm_campaign=loading\" style=\" background:#FFFFFF; line-height:0; padding:0 0; text-align:center; text-decoration:none; width:100%;\" target=\"_blank\" rel=\"noopener nofollow\">        Bu g\u00f6nderiyi Instagram&#8217;da g\u00f6r            <\/a><\/p>\n<p style=\" color:#c9c8cd; font-family:Arial,sans-serif; font-size:14px; line-height:17px; margin-bottom:0; margin-top:8px; overflow:hidden; padding:8px 0 7px; text-align:center; text-overflow:ellipsis; white-space:nowrap;\"><a href=\"https:\/\/www.instagram.com\/p\/CEK6RPspNsh\/?utm_source=ig_embed&amp;utm_campaign=loading\" style=\" color:#c9c8cd; font-family:Arial,sans-serif; font-size:14px; font-style:normal; font-weight:normal; line-height:17px; text-decoration:none;\" target=\"_blank\" rel=\"noopener nofollow\">Le Potager du Marais (@lepotagerdumarais)&#8217;in payla\u015ft\u0131\u011f\u0131 bir g\u00f6nderi<\/a><\/p>\n<\/blockquote>\n<p>[tcb-script async=&#8220;&#8220; src=&#8220;\/\/www.instagram.com\/embed.js&#8220;][\/tcb-script]<\/p>\n<p>Der &#8222;Gem\u00fcsegarten des Marais&#8220;, wie der Name \u00fcbersetzt lautet, ist eines <strong>der \u00e4ltesten vegetarischen Restaurants in Paris.<\/strong> Die Dekoration spiegelt den Namen wider: gem\u00fctliche Deckenbalken, eine Steinmauer mit \u00fcppigen Pflanzen, gro\u00dfe K\u00fcrbisse und kleine Puttenbrunnen, und davor Tische mit Kerzenleuchtern&#8230; Insgesamt bietet dieses kleine, charmante Restaurant 26 Personen Platz.<\/p>\n<p>Die Speisekarte des Le Potager du Marais ist eher begrenzt, aber die meisten der angebotenen Vorspeisen sowie sieben der elf Hauptgerichte sind vegetarisch und bestehen haupts\u00e4chlich aus H\u00fclsenfr\u00fcchten, Tofu, frischem, knackigem Gem\u00fcse und Bohnen. Die K\u00fcche setzt auf die Verwendung von Bioprodukten und bietet auch glutenfreie Gerichte an.<\/p>\n<p><strong>Adresse :<\/strong> Le Potager du Marais, 22, Rue Rambuteau, 75003 Paris<\/p>\n<h2 id=\"t-1612224789205\">2. Arpege Restaurant<\/h2>\n<blockquote data-instgrm-permalink=\"https:\/\/www.instagram.com\/p\/B_BZ_2OJsjQ\/?utm_source=ig_embed&amp;utm_campaign=loading\" data-instgrm-version=\"13\" style=\" background:#FFF; border:0; border-radius:3px; box-shadow:0 0 1px 0 rgba(0,0,0,0.5),0 1px 10px 0 rgba(0,0,0,0.15); margin: 1px; max-width:750px; min-width:326px; padding:0; width:99.375%; width:-webkit-calc(100% - 2px); width:calc(100% - 2px);\"><p> <a href=\"https:\/\/www.instagram.com\/p\/B_BZ_2OJsjQ\/?utm_source=ig_embed&amp;utm_campaign=loading\" style=\" background:#FFFFFF; line-height:0; padding:0 0; text-align:center; text-decoration:none; width:100%;\" target=\"_blank\" rel=\"noopener nofollow\">        Bu g\u00f6nderiyi Instagram&#8217;da g\u00f6r            <\/a><\/p>\n<p style=\" color:#c9c8cd; font-family:Arial,sans-serif; font-size:14px; line-height:17px; margin-bottom:0; margin-top:8px; overflow:hidden; padding:8px 0 7px; text-align:center; text-overflow:ellipsis; white-space:nowrap;\"><a href=\"https:\/\/www.instagram.com\/p\/B_BZ_2OJsjQ\/?utm_source=ig_embed&amp;utm_campaign=loading\" style=\" color:#c9c8cd; font-family:Arial,sans-serif; font-size:14px; font-style:normal; font-weight:normal; line-height:17px; text-decoration:none;\" target=\"_blank\" rel=\"noopener nofollow\">little_meg_siu_meg (@little_meg_siu_meg)&#8217;in payla\u015ft\u0131\u011f\u0131 bir g\u00f6nderi<\/a><\/p>\n<\/blockquote>\n<p>[tcb-script async=&#8220;&#8220; src=&#8220;\/\/www.instagram.com\/embed.js&#8220;][\/tcb-script]<\/p>\n<p>Feines Essen auf vegetarisch, Haut Cousin auf vegan. Das <strong>L&#8217;Arp\u00e8ge wurde 1986 mit einem Michelin-Stern ausgezeichnet<\/strong>, bald darauf mit dem zweiten und hat seit 1996 durchgehend 3 Michelin-Sterne. The World&#8217;s Best Restaurants w\u00e4hlte es 2018 zum achtbesten Restaurant der Welt.<\/p>\n<p>Bis 2001 war das L&#8217;Arp\u00e8ge ein Fleischrestaurant, doch dann \u00e4nderte der <strong>ber\u00fchmte Sternekoch Alain Passard<\/strong> sein Konzept grundlegend, verbannte Fleisch von der Speisekarte und kaufte einen Bauernhof, von dem das Gem\u00fcse bis heute t\u00e4glich frisch geliefert wird.<\/p>\n<p>Obwohl einige Fleischgerichte auf die Speisekarte zur\u00fcckgekehrt sind, sind die <strong>vegetarischen und veganen Men\u00fcs von Alain Passard weltber\u00fchmt<\/strong>. Die innovativen Kreationen werden in 12 G\u00e4ngen serviert. Die abwechslungsreichen Kombinationen zeichnen sich durch interessante W\u00fcrzungen aus und werden auf h\u00f6chstem Niveau gekonnt abgewandelt und neu definiert.<\/p>\n<p>Das Ambiente ist angemessen, elegant, unaufdringlich und doch gem\u00fctlich, der Service ebenso h\u00f6flich-professionell wie die Preisgestaltung selbstbewusst.<\/p>\n<p><strong>Address :<\/strong> L\u2019Arp\u00e8ge, 84 Rue de Varenne, 75007 Paris<\/p>\n<ul>\n<li><span style=\"\">Entdecken Sie 15 weitere mit dem <a href=\"https:\/\/paristouristinformation.fr\/de\/restaurants\/michelin-stern\/\"><strong>Michelin-Stern ausgezeichnete franz\u00f6sische Restaurants<\/strong><strong> in Paris <\/strong><\/a>und g\u00f6nnen Sie sich ein feines Abendessen.<\/span><\/li>\n<\/ul>\n<h2 id=\"t-1612224789206\">3. Maoz Vegetarian<\/h2>\n<blockquote data-instgrm-permalink=\"https:\/\/www.instagram.com\/p\/CIy6QmlJJHy\/?utm_source=ig_embed&amp;utm_campaign=loading\" data-instgrm-version=\"13\" style=\" background:#FFF; border:0; border-radius:3px; box-shadow:0 0 1px 0 rgba(0,0,0,0.5),0 1px 10px 0 rgba(0,0,0,0.15); margin: 1px; max-width:750px; min-width:326px; padding:0; width:99.375%; width:-webkit-calc(100% - 2px); width:calc(100% - 2px);\"><p> <a href=\"https:\/\/www.instagram.com\/p\/CIy6QmlJJHy\/?utm_source=ig_embed&amp;utm_campaign=loading\" style=\" background:#FFFFFF; line-height:0; padding:0 0; text-align:center; text-decoration:none; width:100%;\" target=\"_blank\" rel=\"noopener nofollow\">        Bu g\u00f6nderiyi Instagram&#8217;da g\u00f6r            <\/a><\/p>\n<p style=\" color:#c9c8cd; font-family:Arial,sans-serif; font-size:14px; line-height:17px; margin-bottom:0; margin-top:8px; overflow:hidden; padding:8px 0 7px; text-align:center; text-overflow:ellipsis; white-space:nowrap;\"><a href=\"https:\/\/www.instagram.com\/p\/CIy6QmlJJHy\/?utm_source=ig_embed&amp;utm_campaign=loading\" style=\" color:#c9c8cd; font-family:Arial,sans-serif; font-size:14px; font-style:normal; font-weight:normal; line-height:17px; text-decoration:none;\" target=\"_blank\" rel=\"noopener nofollow\">Maoz Vegetarian (@maozvegetarian)&#8217;in payla\u015ft\u0131\u011f\u0131 bir g\u00f6nderi<\/a><\/p>\n<\/blockquote>\n<p>[tcb-script async=&#8220;&#8220; src=&#8220;\/\/www.instagram.com\/embed.js&#8220;][\/tcb-script]<\/p>\n<p>Maoz Vegeterian hat zwei Filialen in Paris am linken Seine-Ufer. Es geh\u00f6rt zu einer internationalen <strong>Fast-Food-Kette<\/strong> und ist auf <strong>nah\u00f6stliche Gerichte <\/strong>wie Falafel und Pita spezialisiert. Au\u00dferdem gibt es unter anderem Hummus, Pommes frites und eine Salatbar mit einer gro\u00dfen Auswahl. Auch vegane Gerichte werden angeboten.<\/p>\n<p>Die Zahl der Sitzpl\u00e4tze ist sehr begrenzt, und die meisten Leute essen im Stehen. Die moderaten Preise und die stets frischen und k\u00f6stlich zubereiteten Produkte machen das Restaurant sehr beliebt.<\/p>\n<p><strong>Adresse : <\/strong>Maoz Vegeterian, 8 Rue Xavier Privas, 75005 Paris \/\/ 36 Rue Saint-Andr\u00e9 des Arts, 75006 Paris<\/p>\n<h2 id=\"t-1612224789207\">4. Carmen Ragosta<\/h2>\n<blockquote data-instgrm-permalink=\"https:\/\/www.instagram.com\/p\/BKxqwVpDsrm\/?utm_source=ig_embed&amp;utm_campaign=loading\" data-instgrm-version=\"13\" style=\" background:#FFF; border:0; border-radius:3px; box-shadow:0 0 1px 0 rgba(0,0,0,0.5),0 1px 10px 0 rgba(0,0,0,0.15); margin: 1px; max-width:750px; min-width:326px; padding:0; width:99.375%; width:-webkit-calc(100% - 2px); width:calc(100% - 2px);\"><p> <a href=\"https:\/\/www.instagram.com\/p\/BKxqwVpDsrm\/?utm_source=ig_embed&amp;utm_campaign=loading\" style=\" background:#FFFFFF; line-height:0; padding:0 0; text-align:center; text-decoration:none; width:100%;\" target=\"_blank\" rel=\"noopener nofollow\">        Bu g\u00f6nderiyi Instagram&#8217;da g\u00f6r            <\/a><\/p>\n<p style=\" color:#c9c8cd; font-family:Arial,sans-serif; font-size:14px; line-height:17px; margin-bottom:0; margin-top:8px; overflow:hidden; padding:8px 0 7px; text-align:center; text-overflow:ellipsis; white-space:nowrap;\"><a href=\"https:\/\/www.instagram.com\/p\/BKxqwVpDsrm\/?utm_source=ig_embed&amp;utm_campaign=loading\" style=\" color:#c9c8cd; font-family:Arial,sans-serif; font-size:14px; font-style:normal; font-weight:normal; line-height:17px; text-decoration:none;\" target=\"_blank\" rel=\"noopener nofollow\">Carmen Ragosta (@carmen.ragosta)&#8217;in payla\u015ft\u0131\u011f\u0131 bir g\u00f6nderi<\/a><\/p>\n<\/blockquote>\n<p>[tcb-script async=&#8220;&#8220; src=&#8220;\/\/www.instagram.com\/embed.js&#8220;][\/tcb-script]<\/p>\n<p>Wenn Sie nicht wissen, dass diese <strong>Modeboutique im Viertel Canal Saint-Martin auch ein kleines Restaurant hat<\/strong>, werden Sie es nie finden. Was von au\u00dfen wie ein normales Gesch\u00e4ft aussieht, \u00fcberrascht den Besucher im Inneren umso mehr, denn hier kann man nicht nur die von der Inhaberin Carmen entworfenen Kleider kaufen, sondern auch ihr Essen genie\u00dfen.<\/p>\n<p>Carmen ist Bekleidungsdesignerin und K\u00f6chin und hat es geschafft, beides in ihrer kleinen Boutique auf sehr charmante Weise zu verbinden.<\/p>\n<p>Die Auswahl der Gerichte ist ebenso \u00fcbersichtlich wie gut und liebevoll zubereitet. <strong>Vegane oder vegetarische Kost<\/strong> auf der Basis von Linsen und Eiwei\u00df wird zu exzellenten Kreationen auf h\u00f6chstem Niveau verarbeitet. Carmen kocht in der Regel nur zum Mittagessen, sonntags wird Brunch angeboten. Die Sitzpl\u00e4tze sind sehr begrenzt, daher wird eine Reservierung empfohlen.<\/p>\n<p><strong>Adresse:<\/strong> Carmen Ragosta, 8 Rue de la Grange aux Belles, 75010 Paris<\/p>\n<h2 id=\"t-1612224789208\">5. Wild &amp; the Moon<\/h2>\n<blockquote data-instgrm-permalink=\"https:\/\/www.instagram.com\/p\/CI-htYcDw_Z\/?utm_source=ig_embed&amp;utm_campaign=loading\" data-instgrm-version=\"13\" style=\" background:#FFF; border:0; border-radius:3px; box-shadow:0 0 1px 0 rgba(0,0,0,0.5),0 1px 10px 0 rgba(0,0,0,0.15); margin: 1px; max-width:750px; min-width:326px; padding:0; width:99.375%; width:-webkit-calc(100% - 2px); width:calc(100% - 2px);\"><p> <a href=\"https:\/\/www.instagram.com\/p\/CI-htYcDw_Z\/?utm_source=ig_embed&amp;utm_campaign=loading\" style=\" background:#FFFFFF; line-height:0; padding:0 0; text-align:center; text-decoration:none; width:100%;\" target=\"_blank\" rel=\"noopener nofollow\">        Bu g\u00f6nderiyi Instagram&#8217;da g\u00f6r            <\/a><\/p>\n<p style=\" color:#c9c8cd; font-family:Arial,sans-serif; font-size:14px; line-height:17px; margin-bottom:0; margin-top:8px; overflow:hidden; padding:8px 0 7px; text-align:center; text-overflow:ellipsis; white-space:nowrap;\"><a href=\"https:\/\/www.instagram.com\/p\/CI-htYcDw_Z\/?utm_source=ig_embed&amp;utm_campaign=loading\" style=\" color:#c9c8cd; font-family:Arial,sans-serif; font-size:14px; font-style:normal; font-weight:normal; line-height:17px; text-decoration:none;\" target=\"_blank\" rel=\"noopener nofollow\">Wild &amp; The Moon (@wildandthemoon)&#8217;in payla\u015ft\u0131\u011f\u0131 bir g\u00f6nderi<\/a><\/p>\n<\/blockquote>\n<p>[tcb-script async=&#8220;&#8220; src=&#8220;\/\/www.instagram.com\/embed.js&#8220;][\/tcb-script]<\/p>\n<p>Wild &amp; The Moon hat mehrere Filialen am rechten Seine-Ufer im 2. und 3. Pariser Arrondissement. Die Standorte sind im <strong>Hipster-Stil eingerichtet<\/strong>. Das Konzept ist komplett vegan, es wird gro\u00dfer Wert auf Nachhaltigkeit gelegt, es gibt kein Plastik. Ziel ist es, den Gast mit gutem Geschmack und Moral zugleich zu \u00fcberzeugen, das Motto lautet: &#8222;Gut f\u00fcr dich, gut f\u00fcr den Planeten, lecker&#8220;.<\/p>\n<p>Angeboten werden <strong>kaltgepresste S\u00e4fte, Gem\u00fcsedrinks, Smoothies, Salate und kleine Snacks<\/strong>. Alle Produkte sind hausgemacht, es werden nur Zutaten aus biologischem und regionalem Anbau verwendet. Auf Zucker, Konservierungsstoffe, Gluten oder Milchprodukte wird komplett verzichtet. Es werden Saftkuren f\u00fcr eine 3-, 5- oder 7-t\u00e4gige Entschlackung angeboten, und die Produkte k\u00f6nnen bestellt und nach Hause geliefert werden.<strong> Den Veggie-Burger m\u00fcssen Sie unbedingt probieren<\/strong>, er ist unglaublich!<\/p>\n<p><strong>Adresse: <\/strong>Wild &amp; The Moon, 19 Place du March\u00e9 Saint-Honor\u00e9, 75001 Paris<\/p>\n<div class=\"tcb-post-list tve-content-list thrv_wrapper\" data-type=\"grid\" data-pagination-type=\"none\" data-pages_near_current=\"2\" data-css=\"tve-u-17a71ded5bd\" data-total_post_count=\"3\" data-total_sticky_count=\"0\" data-no_posts_text=\"There are no posts to display.\"><article id=\"post-416\" class=\"post-416 page type-page status-publish has-post-thumbnail hentry post-wrapper thrv_wrapper thrive-animated-item \" tcb_hover_state_parent=\"\" shortcode=\"tcb_post_list\" data-id=\"416\" data-selector=\".post-wrapper\"><style class=\"tcb-post-list-dynamic-style\" type=\"text\/css\"><\/style><\/p>\n<h3 style=\"\"><span data-attr-link=\"1\" data-attr-rel=\"0\" data-attr-target=\"0\" data-extra_key=\"\" data-option-inline=\"1\" data-shortcode=\"tcb_post_title\" data-shortcode-name=\"Post title\" data-attr-css=\"\" style=\"\" data-attr-static-link=\"{&quot;className&quot;:&quot;tve-froala fr-basic&quot;,&quot;href&quot;:&quot;https:\/\/paristouristinformation.fr\/de\/restaurants\/romantisch\/&quot;,&quot;title&quot;:&quot;7 Romantische Restaurants f\u00fcr ein Date in Paris&quot;,&quot;class&quot;:&quot;tve-froala fr-basic&quot;}\"><a href=\"https:\/\/www.paristouristinformation.fr\/de\/restaurants\/romantisch\/\" title=\"7 romantische Restaurants in Paris\" data-css=\"\" class=\"tve-froala fr-basic\">7 romantische Restaurants in Paris<\/a><\/span><\/h3>\n<p><\/article><article id=\"post-410\" class=\"post-410 page type-page status-publish has-post-thumbnail hentry post-wrapper thrv_wrapper thrive-animated-item \" tcb_hover_state_parent=\"\" shortcode=\"tcb_post_list\" data-id=\"410\" data-selector=\".post-wrapper\"><style class=\"tcb-post-list-dynamic-style\" type=\"text\/css\"><\/style><\/p>\n<h3 style=\"\"><span data-attr-link=\"1\" data-attr-rel=\"0\" data-attr-target=\"0\" data-extra_key=\"\" data-option-inline=\"1\" data-shortcode=\"tcb_post_title\" data-shortcode-name=\"Post title\" data-attr-css=\"\" style=\"\" data-attr-static-link=\"{&quot;className&quot;:&quot;tve-froala fr-basic&quot;,&quot;href&quot;:&quot;https:\/\/paristouristinformation.fr\/de\/restaurants\/romantisch\/&quot;,&quot;title&quot;:&quot;7 Romantische Restaurants f\u00fcr ein Date in Paris&quot;,&quot;class&quot;:&quot;tve-froala fr-basic&quot;}\"><a href=\"https:\/\/www.paristouristinformation.fr\/de\/restaurants\/franzosische-kuche\/\" title=\"8 leckere Gerichte der franz\u00f6sischen K\u00fcche\" data-css=\"\" class=\"tve-froala fr-basic\">8 leckere Gerichte der franz\u00f6sischen K\u00fcche<\/a><\/span><\/h3>\n<p><\/article><article id=\"post-3762\" class=\"post-3762 page type-page status-publish has-post-thumbnail hentry post-wrapper thrv_wrapper thrive-animated-item \" tcb_hover_state_parent=\"\" shortcode=\"tcb_post_list\" data-id=\"3762\" data-selector=\".post-wrapper\"><style class=\"tcb-post-list-dynamic-style\" type=\"text\/css\"><\/style><\/p>\n<h3 style=\"\"><span data-attr-link=\"1\" data-attr-rel=\"0\" data-attr-target=\"0\" data-extra_key=\"\" data-option-inline=\"1\" data-shortcode=\"tcb_post_title\" data-shortcode-name=\"Post title\" data-attr-css=\"\" style=\"\" data-attr-static-link=\"{&quot;className&quot;:&quot;tve-froala fr-basic&quot;,&quot;href&quot;:&quot;https:\/\/paristouristinformation.fr\/de\/restaurants\/romantisch\/&quot;,&quot;title&quot;:&quot;7 Romantische Restaurants f\u00fcr ein Date in Paris&quot;,&quot;class&quot;:&quot;tve-froala fr-basic&quot;}\"><a href=\"https:\/\/www.paristouristinformation.fr\/de\/restaurants\/\" title=\"Top Restaurants in Paris: Gerichte, Caf\u00e9s und beste Locations\" data-css=\"\" class=\"tve-froala fr-basic\">Top Restaurants in Paris: Gerichte, Caf\u00e9s und beste Locations<\/a><\/span><\/h3>\n<p><\/article><\/div>\n<h2 id=\"t-1612224789209\">6. Kitchen<\/h2>\n<blockquote data-instgrm-permalink=\"https:\/\/www.instagram.com\/p\/CGrglpeJJho\/?utm_source=ig_embed&amp;utm_campaign=loading\" data-instgrm-version=\"13\" style=\" background:#FFF; border:0; border-radius:3px; box-shadow:0 0 1px 0 rgba(0,0,0,0.5),0 1px 10px 0 rgba(0,0,0,0.15); margin: 1px; max-width:750px; min-width:326px; padding:0; width:99.375%; width:-webkit-calc(100% - 2px); width:calc(100% - 2px);\"><p> <a href=\"https:\/\/www.instagram.com\/p\/CGrglpeJJho\/?utm_source=ig_embed&amp;utm_campaign=loading\" style=\" background:#FFFFFF; line-height:0; padding:0 0; text-align:center; text-decoration:none; width:100%;\" target=\"_blank\" rel=\"noopener nofollow\">        Bu g\u00f6nderiyi Instagram&#8217;da g\u00f6r            <\/a><\/p>\n<p style=\" color:#c9c8cd; font-family:Arial,sans-serif; font-size:14px; line-height:17px; margin-bottom:0; margin-top:8px; overflow:hidden; padding:8px 0 7px; text-align:center; text-overflow:ellipsis; white-space:nowrap;\"><a href=\"https:\/\/www.instagram.com\/p\/CGrglpeJJho\/?utm_source=ig_embed&amp;utm_campaign=loading\" style=\" color:#c9c8cd; font-family:Arial,sans-serif; font-size:14px; font-style:normal; font-weight:normal; line-height:17px; text-decoration:none;\" target=\"_blank\" rel=\"noopener nofollow\">Kitchen (@kitchenparis)&#8217;in payla\u015ft\u0131\u011f\u0131 bir g\u00f6nderi<\/a><\/p>\n<\/blockquote>\n<p>[tcb-script async=&#8220;&#8220; src=&#8220;\/\/www.instagram.com\/embed.js&#8220;][\/tcb-script]<\/p>\n<p>Dieses kleine, gem\u00fctliche Lokal in der N\u00e4he von<em><strong>&nbsp;<\/strong><\/em><a href=\"https:\/\/paristouristinformation.fr\/de\/bezirke\/le-marais\/\"><strong>Le Marais<\/strong><\/a> mit seinem freundlichen Personal serviert S\u00e4fte, Acai, Smoothies, Latte Drinks, veganen Apfelkuchen und Bananenbrot, Veggie-Toast, Salat und Suppe. Das Hauptgericht ist ein Eintopf aus verschiedenen Gem\u00fcsesorten und K\u00f6rnern.<\/p>\n<p>Die Atmosph\u00e4re hat etwas von einer Kantine, aber die Speisen sind alle sehr frisch und lecker. Es gibt eine reiche Auswahl an vegetarischen Produkten und auch eine gro\u00dfe Anzahl veganer Gerichte, wobei die glutenfreien veganen Pfannkuchen sehr zu empfehlen sind.<\/p>\n<p><strong>Adresse: <\/strong>K\u00fcche, 74, Rue des Gravilliers 75003 Paris<\/p>\n<h2 id=\"t-1612224789210\">7. Le Potager de Charlotte<\/h2>\n<blockquote data-instgrm-permalink=\"https:\/\/www.instagram.com\/p\/B4nPVg4CEzS\/?utm_source=ig_embed&amp;utm_campaign=loading\" data-instgrm-version=\"13\" style=\" background:#FFF; border:0; border-radius:3px; box-shadow:0 0 1px 0 rgba(0,0,0,0.5),0 1px 10px 0 rgba(0,0,0,0.15); margin: 1px; max-width:750px; min-width:326px; padding:0; width:99.375%; width:-webkit-calc(100% - 2px); width:calc(100% - 2px);\"><p> <a href=\"https:\/\/www.instagram.com\/p\/B4nPVg4CEzS\/?utm_source=ig_embed&amp;utm_campaign=loading\" style=\" background:#FFFFFF; line-height:0; padding:0 0; text-align:center; text-decoration:none; width:100%;\" target=\"_blank\" rel=\"noopener nofollow\">        Bu g\u00f6nderiyi Instagram&#8217;da g\u00f6r            <\/a><\/p>\n<p style=\" color:#c9c8cd; font-family:Arial,sans-serif; font-size:14px; line-height:17px; margin-bottom:0; margin-top:8px; overflow:hidden; padding:8px 0 7px; text-align:center; text-overflow:ellipsis; white-space:nowrap;\"><a href=\"https:\/\/www.instagram.com\/p\/B4nPVg4CEzS\/?utm_source=ig_embed&amp;utm_campaign=loading\" style=\" color:#c9c8cd; font-family:Arial,sans-serif; font-size:14px; font-style:normal; font-weight:normal; line-height:17px; text-decoration:none;\" target=\"_blank\" rel=\"noopener nofollow\">David Valentin (@lepotagerdecharlotte)&#8217;in payla\u015ft\u0131\u011f\u0131 bir g\u00f6nderi<\/a><\/p>\n<\/blockquote>\n<p>[tcb-script async=&#8220;&#8220; src=&#8220;\/\/www.instagram.com\/embed.js&#8220;][\/tcb-script]<\/p>\n<p>\u00dcbersetzt &#8222;Charlottes Gem\u00fcsegarten&#8220;, bietet dieses erstaunliche Restaurant, das von zwei leidenschaftlichen Br\u00fcdern gegr\u00fcndet wurde, raffinierte und dennoch erschwingliche vegetarische und vegane Optionen.<\/p>\n<p>Es ist nicht nur f\u00fcr seine gro\u00dfartigen und ungew\u00f6hnlichen Rezepte bekannt, sondern auch f\u00fcr die farbenfrohen, mit Liebe, Fr\u00fcchten und Blumen dekorierten Teller&#8230; Z\u00f6gern Sie nicht, die fantastischen veganen Desserts zu probieren, sie geh\u00f6ren zu den besten der Stadt.<\/p>\n<p><strong>Adresse : <\/strong>12 Rue Louise-\u00c9milie de la Tour d&#8217;Auvergne, 75009 Paris<\/p>\n<p style=\"text-align: center;\"><a href=\"https:\/\/www.google.com\/maps\/d\/u\/2\/viewer?hl=tr&amp;mid=1uSN6spnc7sOy1Xtb_d54x-UsA7ojc7bo&amp;ll=48.87312873094433%2C2.3018965500000066&amp;z=13\" target=\"_blank\" style=\"outline: none;\" rel=\"noopener nofollow\"><\/a><a href=\"https:\/\/www.google.com\/maps\/d\/u\/2\/viewer?hl=tr&amp;mid=1uSN6spnc7sOy1Xtb_d54x-UsA7ojc7bo&amp;ll=48.87312873094433%2C2.3018965500000066&amp;z=13\" style=\"outline: none;\" rel=\"nofollow noopener\" target=\"_blank\">(Link zur Karte)<\/a><\/p>\n<p>In welchem franz\u00f6sischen vegetarischen Restaurant w\u00fcrden Sie gerne essen gehen? &nbsp;Lassen Sie es uns in den Kommentaren wissen!<\/p>\n<p>Wenn Ihnen diese Liste gefallen hat, z\u00f6gern Sie nicht, auch unsere anderen Empfehlungen zum Essen, Einkaufen und Spa\u00df haben in Paris zu lesen.<\/p>\n<ul>\n<li><span style=\"\"><a href=\"https:\/\/paristouristinformation.fr\/de\/einkaufen\/strassen\/\"><strong>Die 7 besten Einkaufsstra\u00dfen in Paris<\/strong><\/a><\/span><\/li>\n<li style=\"\"><span style=\"\"><a href=\"https:\/\/paristouristinformation.fr\/de\/sehenswurdigkeiten\/theater\/\"><strong>12 beste Theater und Kabaretts f\u00fcr eine Show in Paris<\/strong><\/a><\/span><\/li>\n<li><span style=\"\"><a href=\"https:\/\/paristouristinformation.fr\/de\/sehenswurdigkeiten\/museum\/\"><strong>TOP 30 der besten Museen in Paris<\/strong><\/a><\/span><\/li>\n<\/ul>\n","protected":false},"excerpt":{"rendered":"<p>In fast jedem Restaurant und Bistro in Paris gibt es vegetarische Optionen, und der Anteil vegetarischer Gerichte auf den Speisekarten nimmt rapide zu. Die geografische Vielfalt Frankreichs erlaubt es den franz\u00f6sischen K\u00f6chen, viele Bohnen, Kr\u00e4uter, Gem\u00fcse und Oliven zu verwenden. In den ber\u00fchmten Vierteln von Paris gibt es stilvolle und moderne Cantinas und konventionelle Caf\u00e9s. [&hellip;]<\/p>\n","protected":false},"author":9,"featured_media":6630,"parent":3762,"menu_order":0,"comment_status":"closed","ping_status":"closed","template":"","meta":{"footnotes":""},"tags":[],"class_list":{"0":"post-6038","1":"page","2":"type-page","3":"status-publish","4":"has-post-thumbnail","5":"hentry","6":"post-wrapper","7":"thrv_wrapper","10":"thrive-animated-item"},"wp-worthy-pixel":{"ignored":false,"public":"8836898402234145afe6063560fe5d09","server":"vg07.met.vgwort.de","url":"https:\/\/vg07.met.vgwort.de\/na\/8836898402234145afe6063560fe5d09"},"wp-worthy-type":"normal","_links":{"self":[{"href":"https:\/\/www.paristouristinformation.fr\/de\/wp-json\/wp\/v2\/pages\/6038","targetHints":{"allow":["GET"]}}],"collection":[{"href":"https:\/\/www.paristouristinformation.fr\/de\/wp-json\/wp\/v2\/pages"}],"about":[{"href":"https:\/\/www.paristouristinformation.fr\/de\/wp-json\/wp\/v2\/types\/page"}],"author":[{"embeddable":true,"href":"https:\/\/www.paristouristinformation.fr\/de\/wp-json\/wp\/v2\/users\/9"}],"replies":[{"embeddable":true,"href":"https:\/\/www.paristouristinformation.fr\/de\/wp-json\/wp\/v2\/comments?post=6038"}],"version-history":[{"count":0,"href":"https:\/\/www.paristouristinformation.fr\/de\/wp-json\/wp\/v2\/pages\/6038\/revisions"}],"up":[{"embeddable":true,"href":"https:\/\/www.paristouristinformation.fr\/de\/wp-json\/wp\/v2\/pages\/3762"}],"wp:featuredmedia":[{"embeddable":true,"href":"https:\/\/www.paristouristinformation.fr\/de\/wp-json\/wp\/v2\/media\/6630"}],"wp:attachment":[{"href":"https:\/\/www.paristouristinformation.fr\/de\/wp-json\/wp\/v2\/media?parent=6038"}],"wp:term":[{"taxonomy":"post_tag","embeddable":true,"href":"https:\/\/www.paristouristinformation.fr\/de\/wp-json\/wp\/v2\/tags?post=6038"}],"curies":[{"name":"wp","href":"https:\/\/api.w.org\/{rel}","templated":true}]}}