{"id":6884,"date":"2023-01-04T12:04:00","date_gmt":"2023-01-04T12:04:00","guid":{"rendered":"https:\/\/paristouristinformation.fr\/de\/\/?page_id=6884"},"modified":"2025-07-10T12:59:07","modified_gmt":"2025-07-10T12:59:07","slug":"grand-palais","status":"publish","type":"page","link":"https:\/\/www.paristouristinformation.fr\/de\/sehenswurdigkeiten\/museum\/grand-palais\/","title":{"rendered":"Grand Palais in Paris | Ausstellung, Tickets &#038; Infos"},"content":{"rendered":"<p>Das Grand Palais, das auf eine \u00fcber 100-j\u00e4hrige Geschichte zur\u00fcckblicken kann, wird heute als hybrider Veranstaltungsort f\u00fcr verschiedene Ausstellungen und Events genutzt.Der Grand Palais, was auf Englisch &#8222;Gro\u00dfer Palast&#8220; bedeutet, ist <strong>eines der pr\u00e4chtigsten Denkm\u00e4ler von Paris<\/strong>, das bei Modeamateuren und -profis aus aller Welt f\u00fcr die allj\u00e4hrlich stattfindenden Modeschauen namens &#8222;La Fashion Week Parisienne&#8220; sehr beliebt ist.Dieser prestigetr\u00e4chtige Ort ist eines der Geb\u00e4ude, die Sie zumindest von au\u00dfen sehen sollten, und wenn Sie das Gl\u00fcck haben, eine Veranstaltung zu sehen, auch von innen.In diesem Artikel geben wir Ihnen n\u00fctzliche <strong>Informationen \u00fcber den Grand Palais<\/strong>: Ausstellungen, Veranstaltungen, Eintrittskarten und Geschichte.<\/p>\n<p><span><img decoding=\"async\" alt=\"\" data-id=\"7200\" width=\"702\" data-init-width=\"1000\" height=\"468\" data-init-height=\"667\" title=\"Grand Palais interior in Paris in France\" src=\"https:\/\/paristouristinformation.fr\/de\/\/wp-content\/uploads\/2021\/02\/Grand-Palais-interior-in-Paris-in-France.jpg\" data-width=\"702\" data-height=\"468\" data-pinpro-key=\"7xonzja85\" data-pin-media=\"https:\/\/paristouristinformation.fr\/de\/\/wp-content\/uploads\/2021\/03\/prag_50_sehenswuerdigkeiten_pinterest-19.jpg\" data-pin-description=\"Visit the Grand Palais monument, a landmark of Paris, thanks to our guide filled with useful information about exhibitions, events, tickets...\" data-pin-url=\"https:\/\/paristouristinformation.fr\/de\/\/things-to-do\/museum\/grand-palais\/?tve=true&amp;tcbf=4a45f62508\" loading=\"lazy\" style=\"aspect-ratio: auto 1000 \/ 667;\"><\/span><\/p>\n<h2 id=\"t-1610539832044\">Was kann ich im Grand Palais unternehmen?<\/h2>\n<p>Das Grand Palais zeichnet sich durch seine klassizistische Fassade aus, die mit Statuen von Paul Gasq und Alfred Boucher geschm\u00fcckt ist. Das Grand Palais umfasst drei gro\u00dfe S\u00e4le: den Hauptsaal, die Nationalgalerien und den Palais de la Decourt.Der Hauptsaal ist ein riesiger Raum mit einer Fl\u00e4che von etwa 240 Metern. Hier finden <strong>Veranstaltungen wie die j\u00e4hrlichen Reitturniere, Fotografie-, Mode- und Kunstausstellungen<\/strong> statt. Wenn man unter dem 6000 Tonnen schweren Dach aus Glas und Stahl spazieren geht, kann man den riesigen Raum besser verstehen. Das Palais de la Decourt dient als Museum und Kulturzentrum mit st\u00e4ndigen und tempor\u00e4ren Sammlungen. F\u00fcr Kinder gibt es wissenschaftliche und unterhaltsame p\u00e4dagogische Aktivit\u00e4ten.<\/p>\n<h3>Veranstaltungen im Grand Palais<\/h3>\n<p>Zahlreiche Veranstaltungen wie die Laufstegshows w\u00e4hrend der Modewoche, FIAC, Paris Photo, das Reitturnier Saut Herm\u00e8s usw. finden im Grand Palais statt und ziehen jedes Jahr Tausende von Menschen an.<\/p>\n<p><span><img decoding=\"async\" alt=\"\" data-id=\"7203\" width=\"702\" data-init-width=\"1000\" height=\"468\" data-init-height=\"667\" title=\"Grand Palais architectural details in Paris in France\" src=\"https:\/\/paristouristinformation.fr\/de\/\/wp-content\/uploads\/2021\/02\/Grand-Palais-architectural-details-in-Paris-in-France.jpg\" data-width=\"702\" data-height=\"468\" data-pinpro-key=\"k159st8mp\" data-pin-media=\"https:\/\/paristouristinformation.fr\/de\/\/wp-content\/uploads\/2021\/03\/prag_50_sehenswuerdigkeiten_pinterest-19.jpg\" data-pin-description=\"Visit the Grand Palais monument, a landmark of Paris, thanks to our guide filled with useful information about exhibitions, events, tickets...\" data-pin-url=\"https:\/\/paristouristinformation.fr\/de\/\/things-to-do\/museum\/grand-palais\/?tve=true&amp;tcbf=4a45f62508\" loading=\"lazy\" style=\"aspect-ratio: auto 1000 \/ 667;\"><\/span><\/p>\n<h2 id=\"t-1610539832045\">Eintritt, Eintrittskarten und F\u00fchrungen<\/h2>\n<p>Es handelt sich um ein<strong> Ausstellungszentrum mit tempor\u00e4ren Veranstaltungen<\/strong>, in dem in der Regel gro\u00dfe Kunstausstellungen stattfinden, die regelm\u00e4\u00dfig wechseln. Aus diesem Grund ist es am besten, sich auf der offiziellen Webseite \u00fcber die \u00d6ffnungszeiten und das aktuelle Programm zu informieren.Wie viele andere<strong> Museen in Paris <\/strong>ist es dienstags geschlossen. Es wird dringend empfohlen, im Voraus Eintrittskarten f\u00fcr tempor\u00e4re Ausstellungen zu kaufen, da die Pl\u00e4tze pro Tag begrenzt sind.<\/p>\n<p><span><img decoding=\"async\" alt=\"\" data-id=\"7198\" width=\"702\" data-init-width=\"1000\" height=\"468\" data-init-height=\"667\" title=\"Grand Palais aerial in Paris in France\" src=\"https:\/\/paristouristinformation.fr\/de\/\/wp-content\/uploads\/2021\/02\/Grand-Palais-aerial-in-Paris-in-France.jpg\" data-width=\"702\" data-height=\"468\" style=\"aspect-ratio: auto 1000 \/ 667;\" data-pinpro-key=\"uzhofeokl\" data-pin-media=\"https:\/\/paristouristinformation.fr\/de\/\/wp-content\/uploads\/2021\/03\/prag_50_sehenswuerdigkeiten_pinterest-19.jpg\" data-pin-description=\"Visit the Grand Palais monument, a landmark of Paris, thanks to our guide filled with useful information about exhibitions, events, tickets...\" data-pin-url=\"https:\/\/paristouristinformation.fr\/de\/\/things-to-do\/museum\/grand-palais\/?tve=true&amp;tcbf=4a45f62508\" loading=\"lazy\"><\/span><\/p>\n<h2 id=\"t-1610539832046\">Wie man zum Grand Palais kommt<\/h2>\n<ul>\n<li><strong>Metro:<\/strong> &#8222;<strong>Champs-\u00c9lys\u00e9es-Clemenceau<\/strong>&#8220; ist die n\u00e4chstgelegene Station zum Grand Palais auf der Linie 1 und der Linie 13. Auch die Station &#8222;<strong>Franklin D. Roosevelt<\/strong>&#8220; der Metrolinien 1 und 9 liegt in der N\u00e4he.<strong><\/strong><\/li>\n<li><strong>Bus: <\/strong>28 42, 52, 63, 72, 73, 80, 83 and 93<\/li>\n<\/ul>\n<h2 id=\"t-1627466532194\">FAQ&nbsp;<\/h2>\n<p><span><img decoding=\"async\" alt=\"\" data-id=\"7204\" width=\"702\" data-init-width=\"1000\" height=\"468\" data-init-height=\"667\" title=\"Gr Palace in Paris in France\" src=\"https:\/\/paristouristinformation.fr\/de\/\/wp-content\/uploads\/2021\/02\/Gr-Palace-in-Paris-in-France.jpg\" data-width=\"702\" data-height=\"468\" data-pinpro-key=\"vyi4v1xln\" data-pin-media=\"https:\/\/paristouristinformation.fr\/de\/\/wp-content\/uploads\/2021\/03\/prag_50_sehenswuerdigkeiten_pinterest-19.jpg\" data-pin-description=\"Visit the Grand Palais monument, a landmark of Paris, thanks to our guide filled with useful information about exhibitions, events, tickets...\" data-pin-url=\"https:\/\/paristouristinformation.fr\/de\/\/things-to-do\/museum\/grand-palais\/?tve=true&amp;tcbf=4a45f62508\" loading=\"lazy\" style=\"aspect-ratio: auto 1000 \/ 667;\"><\/span><\/p>\n<h2 id=\"t-1610539832048\">Geschichte des Grand Palais<\/h2>\n<p>Der Bau des Grand Palais begann 1897 und wurde am 1. Mai 1900 eingeweiht. Wie viele andere Geb\u00e4ude wurde es zur Vorbereitung der Weltausstellung im Jahr 1900 gebaut.Nach der Er\u00f6ffnung wurde es zum Schauplatz f\u00fcr verschiedene Ausstellungen, wie z. B. Reitwettbewerbe, die von 1901 bis 1957 j\u00e4hrlich stattfanden. Es wurden Ausstellungen \u00fcber Innovationen und Modernisierungen wie Automobile, Luftfahrt, neue Erfindungen usw. gezeigt. Nach dem Tod des ber\u00fchmten K\u00fcnstlers Henri Matisse fand im Grand Palais seine erste retrospektive Ausstellung statt.W\u00e4hrend des Ersten Weltkriegs diente das Grand Palais als Lazarett. W\u00e4hrend der Besetzung Frankreichs im Zweiten Weltkrieg besetzten die Nazis das Geb\u00e4ude. Das Grand Palais wird jedes Jahr<strong> von mehr als 2 Millionen Menschen besucht<\/strong>, und jedes Jahr finden dort etwa 40 Veranstaltungen statt.<\/p>\n<h2 id=\"t-1610539832049\" style=\"\">Kontakt &amp; Karte<\/h2>\n<ul>\n<li><span style=\"\"><strong>Adresse:&nbsp;<\/strong>3, avenue du G\u00e9n\u00e9ral Eisenhower 75008 Paris<\/span><\/li>\n<li><span style=\"\"><strong>\u00d6ffnungszeiten:<a href=\"https:\/\/www.grandpalais.fr\/en\/plan-your-visit#opening-hours\" target=\"_blank\" style=\"outline: none;\" rel=\"nofollow noopener\">&nbsp;Grand Palais Official website<\/a><\/strong><\/span><\/li>\n<li><span style=\"\"><strong>\u00d6ffentliche Verkehrsmittel: <\/strong>Champs-\u00c9lys\u00e9es-Clemenceau ist die n\u00e4chstgelegene Station der Linie 1 und der Linie 13<\/span><\/li>\n<li style=\"\"><span style=\"\"><strong>Webseite:&nbsp;<\/strong><a href=\"https:\/\/www.grandpalais.fr\/en\/\" target=\"_blank\" style=\"outline: none;\" rel=\"nofollow noopener\">www.grandpalais.fr\/en<\/a><\/span><\/li>\n<\/ul>\n<p>Wir m\u00f6chten Sie daran erinnern, dass Sie bei der Planung Ihrer Parisreise von unseren Angeboten in unserem offiziellen <a href=\"https:\/\/paristouristinformation.fr\/de\/touren-and-tickets\/\" style=\"outline: none;\"><strong>Paris Ticket Shop<\/strong><\/a> profitieren k\u00f6nnen. Wir haben tolle praktische Angebote mit Skip the Line Eintrittskarten f\u00fcr jedes wichtige <a href=\"https:\/\/paristouristinformation.fr\/de\/sehenswurdigkeiten\/museum\/\"><strong>Museum in Paris<\/strong><\/a><em><strong>.<\/strong><\/em><strong>Genie\u00dfen Sie eine problemlose Reise nach Paris!<\/strong><\/p>\n<h2 style=\"\" id=\"t-1640516992394\">Verwandte Artikel:<\/h2>\n<p><a href=\"https:\/\/www.paristouristinformation.fr\/de\/planen\/3-tage\/\" dynamic-postlink=\"tcb_post_the_permalink\" data-shortcode-id=\"447\"><\/a><\/p>\n<h3 style=\"text-align: center; padding-top: 0px !important; margin-top: 0px !important;\"><span data-attr-link=\"1\" data-attr-rel=\"0\" data-attr-target=\"0\" data-extra_key=\"\" data-option-inline=\"1\" data-shortcode=\"tcb_post_title\" data-shortcode-name=\"Post title\" data-attr-css=\"\" data-attr-static-link=\"{&quot;className&quot;:&quot;&quot;,&quot;href&quot;:&quot;https:\/\/www.paristouristinformation.fr\/de\/planen\/3-tage\/&quot;,&quot;title&quot;:&quot;3 Tage in Paris: Beste Reiseroute &amp; Tipps f\u00fcr Erstbesucher&quot;,&quot;class&quot;:&quot;&quot;}\" style=\"\"><a href=\"https:\/\/www.paristouristinformation.fr\/de\/planen\/3-tage\/\" title=\"3 Tage in Paris: Beste Reiseroute &amp; Tipps f\u00fcr Erstbesucher\" data-css=\"\">3 Tage in Paris: Beste Reiseroute &amp; Tipps f\u00fcr Erstbesucher<\/a><\/span><\/h3>\n<p><a href=\"https:\/\/www.paristouristinformation.fr\/de\/sehenswurdigkeiten\/museum\/petit-palais\/\" dynamic-postlink=\"tcb_post_the_permalink\" data-shortcode-id=\"447\"><\/a><\/p>\n<h3 style=\"text-align: center; padding-top: 0px !important; margin-top: 0px !important;\"><span data-attr-link=\"1\" data-attr-rel=\"0\" data-attr-target=\"0\" data-extra_key=\"\" data-option-inline=\"1\" data-shortcode=\"tcb_post_title\" data-shortcode-name=\"Post title\" data-attr-css=\"\" data-attr-static-link=\"{&quot;className&quot;:&quot;&quot;,&quot;href&quot;:&quot;https:\/\/www.paristouristinformation.fr\/de\/planen\/3-tage\/&quot;,&quot;title&quot;:&quot;3 Tage in Paris: Beste Reiseroute &amp; Tipps f\u00fcr Erstbesucher&quot;,&quot;class&quot;:&quot;&quot;}\" style=\"\"><a href=\"https:\/\/www.paristouristinformation.fr\/de\/sehenswurdigkeiten\/museum\/petit-palais\/\" title=\"Petit Palais in Paris | Ausstellung, Tickets &amp; Infos\" data-css=\"\">Petit Palais in Paris | Ausstellung, Tickets &amp; Infos<\/a><\/span><\/h3>\n<p><a href=\"https:\/\/www.paristouristinformation.fr\/de\/seine-flusskreuzfahrt\/\" dynamic-postlink=\"tcb_post_the_permalink\" data-shortcode-id=\"447\"><\/a><\/p>\n<h3 style=\"text-align: center; padding-top: 0px !important; margin-top: 0px !important;\"><span data-attr-link=\"1\" data-attr-rel=\"0\" data-attr-target=\"0\" data-extra_key=\"\" data-option-inline=\"1\" data-shortcode=\"tcb_post_title\" data-shortcode-name=\"Post title\" data-attr-css=\"\" data-attr-static-link=\"{&quot;className&quot;:&quot;&quot;,&quot;href&quot;:&quot;https:\/\/www.paristouristinformation.fr\/de\/planen\/3-tage\/&quot;,&quot;title&quot;:&quot;3 Tage in Paris: Beste Reiseroute &amp; Tipps f\u00fcr Erstbesucher&quot;,&quot;class&quot;:&quot;&quot;}\" style=\"\"><a href=\"https:\/\/www.paristouristinformation.fr\/de\/seine-flusskreuzfahrt\/\" title=\"Seine Bootstour | Tickets &amp; Tipps \u2013 Sehensw\u00fcrdigkeiten\" data-css=\"\">Seine Bootstour | Tickets &amp; Tipps \u2013 Sehensw\u00fcrdigkeiten<\/a><\/span><\/h3>\n<p><a href=\"https:\/\/www.paristouristinformation.fr\/de\/kirche\/\" dynamic-postlink=\"tcb_post_the_permalink\" data-shortcode-id=\"447\"><\/a><\/p>\n<h3 style=\"text-align: center; padding-top: 0px !important; margin-top: 0px !important;\"><span data-attr-link=\"1\" data-attr-rel=\"0\" data-attr-target=\"0\" data-extra_key=\"\" data-option-inline=\"1\" data-shortcode=\"tcb_post_title\" data-shortcode-name=\"Post title\" data-attr-css=\"\" data-attr-static-link=\"{&quot;className&quot;:&quot;&quot;,&quot;href&quot;:&quot;https:\/\/www.paristouristinformation.fr\/de\/planen\/3-tage\/&quot;,&quot;title&quot;:&quot;3 Tage in Paris: Beste Reiseroute &amp; Tipps f\u00fcr Erstbesucher&quot;,&quot;class&quot;:&quot;&quot;}\" style=\"\"><a href=\"https:\/\/www.paristouristinformation.fr\/de\/kirche\/\" title=\"15 meistbesuchte Kirchen in Paris [mit Eintritt-  und Konzerttickets]\" data-css=\"\">15 meistbesuchte Kirchen in Paris [mit Eintritt-  und Konzerttickets]<\/a><\/span><\/h3>\n","protected":false},"excerpt":{"rendered":"<p>Das Grand Palais, das auf eine \u00fcber 100-j\u00e4hrige Geschichte zur\u00fcckblicken kann, wird heute als hybrider Veranstaltungsort f\u00fcr verschiedene Ausstellungen und Events genutzt.Der Grand Palais, was auf Englisch &#8222;Gro\u00dfer Palast&#8220; bedeutet, ist eines der pr\u00e4chtigsten Denkm\u00e4ler von Paris, das bei Modeamateuren und -profis aus aller Welt f\u00fcr die allj\u00e4hrlich stattfindenden Modeschauen namens &#8222;La Fashion Week Parisienne&#8220; [&hellip;]<\/p>\n","protected":false},"author":9,"featured_media":8198,"parent":68,"menu_order":0,"comment_status":"closed","ping_status":"closed","template":"","meta":{"footnotes":""},"tags":[],"class_list":["post-6884","page","type-page","status-publish","has-post-thumbnail","hentry","post-wrapper","thrv_wrapper"],"wp-worthy-pixel":{"ignored":false,"public":"477d1080f4524eccabb0849342133d94","server":"vg07.met.vgwort.de","url":"https:\/\/vg07.met.vgwort.de\/na\/477d1080f4524eccabb0849342133d94"},"wp-worthy-type":"normal","_links":{"self":[{"href":"https:\/\/www.paristouristinformation.fr\/de\/wp-json\/wp\/v2\/pages\/6884","targetHints":{"allow":["GET"]}}],"collection":[{"href":"https:\/\/www.paristouristinformation.fr\/de\/wp-json\/wp\/v2\/pages"}],"about":[{"href":"https:\/\/www.paristouristinformation.fr\/de\/wp-json\/wp\/v2\/types\/page"}],"author":[{"embeddable":true,"href":"https:\/\/www.paristouristinformation.fr\/de\/wp-json\/wp\/v2\/users\/9"}],"replies":[{"embeddable":true,"href":"https:\/\/www.paristouristinformation.fr\/de\/wp-json\/wp\/v2\/comments?post=6884"}],"version-history":[{"count":1,"href":"https:\/\/www.paristouristinformation.fr\/de\/wp-json\/wp\/v2\/pages\/6884\/revisions"}],"predecessor-version":[{"id":14672,"href":"https:\/\/www.paristouristinformation.fr\/de\/wp-json\/wp\/v2\/pages\/6884\/revisions\/14672"}],"up":[{"embeddable":true,"href":"https:\/\/www.paristouristinformation.fr\/de\/wp-json\/wp\/v2\/pages\/68"}],"wp:featuredmedia":[{"embeddable":true,"href":"https:\/\/www.paristouristinformation.fr\/de\/wp-json\/wp\/v2\/media\/8198"}],"wp:attachment":[{"href":"https:\/\/www.paristouristinformation.fr\/de\/wp-json\/wp\/v2\/media?parent=6884"}],"wp:term":[{"taxonomy":"post_tag","embeddable":true,"href":"https:\/\/www.paristouristinformation.fr\/de\/wp-json\/wp\/v2\/tags?post=6884"}],"curies":[{"name":"wp","href":"https:\/\/api.w.org\/{rel}","templated":true}]}}