{"id":6886,"date":"2021-01-29T12:05:43","date_gmt":"2021-01-29T12:05:43","guid":{"rendered":"https:\/\/paristouristinformation.fr\/de\/\/?page_id=6886"},"modified":"2024-01-20T10:24:02","modified_gmt":"2024-01-20T10:24:02","slug":"montparnasse-turm","status":"publish","type":"page","link":"https:\/\/www.paristouristinformation.fr\/de\/attraktionen\/montparnasse-turm\/","title":{"rendered":"Tour Montparnasse | Tickets &amp; Tipps, Infos &amp; Geschichte"},"content":{"rendered":"<p>Der Tour Montparnasse, ist ein 59-st\u00f6ckiger Wolkenkratzer in Montparnasse im 15. Arrondissement von Paris.Er ist auf <strong>Platz 28 der Liste der <\/strong><strong>h\u00f6chsten Geb\u00e4ude Europas<\/strong> und ist der einzige Wolkenkratzer im Zentrum von Paris, denn die meisten Hochh\u00e4user der Stadt befinden sich im Finanzviertel La D\u00e9fense.Der Montparnasse-Turm ist aufgrund seiner Aussichtsplattformen in der 56. und 59 Etage eine gro\u00dfe Pariser Attraktion, denn von den beiden Etagen auf rund 190 beziehungsweise 200 H\u00f6henmetern hat man einen <strong>herrlichen Blick auf Paris,&nbsp;<\/strong>vor allem auf den <a href=\"https:\/\/paristouristinformation.fr\/de\/sehenswurdigkeiten\/eiffelturm\/\" style=\"outline: none;\" target=\"_blank\" rel=\"noopener\"><span style=\"text-decoration: underline;\">Eiffelturm<\/span><\/a>.<\/p>\n<h2 id=\"t-1688981275003\">Ticketoptionen f\u00fcr den Tour Montparnasse<\/h2>\n<p>Es gibt viele Internetportale, die Tickets f\u00fcr den Montparnasse Turm anbieten. Da f\u00e4llt es bisweilen schwer, sich f\u00fcr die richtigen zu entscheiden. Deshalb haben wir Ihnen die Arbeit abgenommen und <strong>alle Tickets, die angeboten werden, f\u00fcr Sie verglichen<\/strong>.<\/p>\n<p>Nachfolgend haben wir&nbsp;<strong>die besten Tickets<\/strong> f\u00fcr den den Tour Montparnasse zusammengestellt. Diese sind nicht nur reine Eintrittstickets mit oder ohne F\u00fchrung, sondern auch solche, die mit anderen Pariser Attraktionen wie dem <a href=\"https:\/\/www.paristouristinformation.fr\/de\/attraktionen\/arc-de-triomphe\/\" target=\"_blank\" style=\"outline: none;\" rel=\"noopener\">Arc de Triomphe<\/a>, der&nbsp;<a href=\"https:\/\/www.paristouristinformation.fr\/de\/seine-bootstour\/\" target=\"_blank\" style=\"outline: none;\" rel=\"noopener\">Seine Bootstour<\/a>&nbsp;oder dem&nbsp;<a href=\"https:\/\/www.paristouristinformation.fr\/de\/theater\/opera-garnier\/\" target=\"_blank\" style=\"outline: none;\" rel=\"noopener\">Op\u00e9ra Garnier<\/a>&nbsp;kombiniert sind.<\/p>\n<p><strong>Klicken Sie einfach auf die Option Ihrer Wahl und kaufen Sie Ihre bevorzugten Tickets.<\/strong><\/p>\n<h3>Tour Montparnasse auf eigene Faust<\/h3>\n<ul>\n<li><a href=\"https:\/\/www.tiqets.com\/de\/paris-sehenswuerdigkeiten-c66746\/tickets-fur-tour-montparnasse-aussichtsterrasse-im-56-stock-p973821\/?partner=checkfortrip\" target=\"_blank\" style=\"outline: none;\" rel=\"nofollow noopener\"><span style=\"text-decoration: underline;\">Tour Montparnasse: direkter Zugang zu den Aufz\u00fcgen und zur Aussichtsetage auf der 56. Etage, Zugang zur Terrasse auf der 59. Etage<\/span><\/a><\/li>\n<\/ul>\n<h3>Kombiticket Tour Montparnasse und Katakomben<\/h3>\n<p>Ganz in der N\u00e4he des Turms befinden sich die <a href=\"https:\/\/www.paristouristinformation.fr\/de\/attraktionen\/katakomben\/\" target=\"_blank\" style=\"outline: none;\" rel=\"noopener\"><span style=\"text-decoration: underline;\">Katakomben von Paris<\/span><\/a>. M\u00f6chten Sie zun\u00e4chst ganz hoch hinaus und danach tief unter die Erde, um die Gebeine von \u00fcber sechs Millionen Toten zu entdecken?<\/p>\n<ul>\n<li><a href=\"https:\/\/www.tiqets.com\/de\/turm-montparnasse-dachterrasse-katakomben-von-paris-b28622\/?partner=checkfortrip\" target=\"_blank\" rel=\"nofollow noopener\" style=\"outline: none;\"><span style=\"text-decoration: underline;\">Montparnasse mit 360\u00b0 Blick \u00fcber Paris aus dem 56. Stockwerk + Katakomben: Ohne Anstehen, inklusive Audioguide auf Deutsch&nbsp;<\/span><\/a><\/li>\n<\/ul>\n<h3>Kombitickets Tour Montparnasse + andere Pariser Attraktionen<\/h3>\n<ul>\n<li><a href=\"https:\/\/www.tiqets.com\/de\/tour-montparnasse-tickets-aussicht-bootsfahrt-auf-der-seine-mit-guide-b11542\/?partner=checkfortrip\" target=\"_blank\" style=\"outline: none;\" rel=\"nofollow noopener\"><span style=\"text-decoration: underline;\">Tour Montparnasse + Einst\u00fcndige Bootsfahrt auf der Seine<\/span><\/a><\/li>\n<li><a href=\"https:\/\/www.tiqets.com\/de\/tour-montparnasse-tickets-aussicht-arc-de-triomphe-tickets-eintritt-b9521\/?partner=checkfortrip\" target=\"_blank\" style=\"outline: none;\" rel=\"nofollow noopener\"><span style=\"text-decoration: underline;\">Tour Montparnasse + Arc de Triomphe de l&#8217;\u00c8toile<\/span><\/a><\/li>\n<li><a href=\"https:\/\/www.tiqets.com\/de\/tour-montparnasse-tickets-aussicht-opera-garnier-b9651\/?partner=checkfortrip\" target=\"_blank\" style=\"outline: none;\" rel=\"nofollow noopener\"><span style=\"text-decoration: underline;\">Tour Montparnasse + Op\u00e9ra Garnier<\/span><\/a><\/li>\n<\/ul>\n<h2 id=\"t-1610539832044\">Was kann ich im Montparnasse Turm unternehmen?<\/h2>\n<p><span><img decoding=\"async\" alt=\"\" data-id=\"7053\" width=\"702\" data-init-width=\"1000\" height=\"468\" data-init-height=\"667\" title=\"Montparnasse Tower view in Paris in France\" src=\"https:\/\/paristouristinformation.fr\/de\/\/wp-content\/uploads\/2021\/02\/Montparnasse-Tower-view-in-Paris-in-France.jpg\" data-width=\"702\" data-height=\"468\" data-pinpro-key=\"fs455zs5i\" data-pin-media=\"https:\/\/paristouristinformation.fr\/de\/\/wp-content\/uploads\/2021\/03\/prag_50_sehenswuerdigkeiten_pinterest-13.jpg\" data-pin-description=\"Visit Montparnasse Tower in Paris and learn about the History, Facts and Tickets to the Top in this article.\" data-pin-url=\"https:\/\/paristouristinformation.fr\/de\/\/things-to-do\/attractions\/montparnasse-tower\/?tve=true&amp;tcbf=e9aa5eae8a\" style=\"aspect-ratio: auto 1000 \/ 667;\" loading=\"lazy\"><\/span><\/p>\n<p>Der Montparnasse-Turm ist ein 210 m hoher Wolkenkratzer, von dessen 56. Etage aus man einen herrlichen Blick auf die ber\u00fchmtesten Geb\u00e4ude von Paris hat, darunter den Eiffelturm. In der <strong>56. Etage<\/strong> befinden sich ein Restaurant, ein Ausstellungsraum und ein Kino.Montparnasse ist ein sehr <strong>lebendiges Viertel mit vielen Restaurants, Einkaufsm\u00f6glichkeiten, Caf\u00e9s, Theatern und Kinos.<\/strong>Nach einem Blick aus der Vogelperspektive vom Montparnasse-Turm k\u00f6nnen Sie viele Dinge in diesem Viertel entdecken. Der Montparnasse-Friedhof (Cimeti\u00e8re du Montparnasse) befindet sich ganz in der N\u00e4he des Turms.Er zieht viele Touristen an, denn hier befinden sich die Gr\u00e4ber vieler ber\u00fchmter Pers\u00f6nlichkeiten wie Serge Gainsbourg, Jean-Paul Sartre, Simone de Beauvoir und Charles Baudelaire.<\/p>\n<h3>Le Cilel de Paris<\/h3>\n<p>Le Cilel de Paris ist <strong>ein Restaurant in der 56. Etage des Montparnasse Turms<\/strong>. Der Zugang erfolgt \u00fcber einen separaten Aufzug. Das Restaurant bietet einen spektakul\u00e4ren Blick auf die Stadt.Das Restaurant ist von Dienstag bis Sonntag von 8 Uhr bis 22:30 Uhr ge\u00f6ffnet.Die Bar ist von 8 Uhr bis Mitternacht ge\u00f6ffnet.<\/p>\n<p>Falls Sie ein ausgemachter Museumsg\u00e4nger sind, sollten Sie, um Zeit und Geld zu sparen, den&nbsp;<a href=\"https:\/\/www.getyourguide.de\/paris-l16\/paris-museum-pass-t49746\/?partner_id=0F6NPGN&amp;placement=button-cta&amp;cmp=ParisTouristInformation\" rel=\"nofollow noopener\" target=\"_blank\" style=\"outline: none;\">Museumspass f\u00fcr 2, 4 oder 6 Tage<\/a>&nbsp;kaufen. Er erm\u00f6glicht Ihnen den Zugang zu mehr als 50 Museen in Paris. In diesem Zusammenhang empfehlen wir, unseren Artikel&nbsp;<a href=\"https:\/\/www.paristouristinformation.fr\/de\/?s=museen&amp;tcb_sf_post_type%5B%5D=post&amp;tcb_sf_post_type%5B%5D=page\" target=\"_blank\" style=\"outline: none;\" rel=\"noopener\">Die 30 besten Museen in Paris<\/a> zu lesen.<\/p>\n<p><span><img decoding=\"async\" alt=\"\" data-id=\"7059\" width=\"702\" data-init-width=\"1000\" height=\"468\" data-init-height=\"667\" title=\"tour de Montparnasse birdeye in Paris in France\" src=\"https:\/\/paristouristinformation.fr\/de\/\/wp-content\/uploads\/2021\/02\/tour-de-Montparnasse-birdeye-in-Paris-in-France.jpg\" data-width=\"702\" data-height=\"468\" data-pinpro-key=\"28v85joar\" data-pin-media=\"https:\/\/paristouristinformation.fr\/de\/\/wp-content\/uploads\/2021\/03\/prag_50_sehenswuerdigkeiten_pinterest-13.jpg\" data-pin-description=\"Visit Montparnasse Tower in Paris and learn about the History, Facts and Tickets to the Top in this article.\" data-pin-url=\"https:\/\/paristouristinformation.fr\/de\/\/things-to-do\/attractions\/montparnasse-tower\/?tve=true&amp;tcbf=e9aa5eae8a\" style=\"aspect-ratio: auto 1000 \/ 667;\" loading=\"lazy\"><\/span><\/p>\n<h2 id=\"t-1688804479795\">Wie erreiche ich den Montparnasse Turm mit \u00f6ffentlichen Verkehrsmitteln?<\/h2>\n<h3>Mit der Metro<\/h3>\n<p>Linien M4, M6, M12, M13: Station Montparnasse Hall 1 &#8211; 2 und 4 Gehminuten<\/p>\n<h3>Mit dem Bus<\/h3>\n<p>Linien 94, 96: Haltestelle Gare Montparnasse und 2 GehminutenLinien 39, 95: Haltestelle Gare Montparnasse und 3 GehminutenLinien 58, 91, 92: Haltestelle Gare Montparnasse und 4 GehminutenLinien 28: Haltestelle Montparnasse\/Rue de l&#8217;Arriv\u00e9e und 4 GehminutenLinie 82: Haltestelle Montparnasse\/Alencon und 5 Gehminuten<\/p>\n<h3>Mit dem Zug<\/h3>\n<p>Linie N: Bahnhof Montparnasse Hall 1 &#8211; 2 und 4 Gehminuten<\/p>\n<h3 style=\"\"><a href=\"https:\/\/www.ratp.fr\/plan-de-ligne\/img\/metro\/Plan-Metro.1669996027.png\" target=\"_blank\" style=\"outline: none;\" rel=\"noopener nofollow\"><span style=\"text-decoration: underline;\">Netzplan<\/span><\/a><\/h3>\n<h3 data-placeholder=\"\u00dcbersetzung\" dir=\"ltr\" style=\"text-align: center;\"><span lang=\"de\">Ihr pers\u00f6nlicher&nbsp;<\/span><span lang=\"de\">Paris-Guide&nbsp;<\/span><span lang=\"de\">auf Ihrem Handy!<\/span><\/h3>\n<p><span><img decoding=\"async\" alt=\"\" data-id=\"9833\" width=\"500\" data-init-width=\"1132\" height=\"225\" data-init-height=\"510\" title=\"yourmobileguide red logo\" src=\"https:\/\/paristouristinformation.fr\/de\/\/wp-content\/uploads\/2021\/09\/yourmobileguide-red-logo.png\" data-width=\"500\" data-height=\"225\" data-pin-media=\"https:\/\/paristouristinformation.fr\/de\/\/wp-content\/uploads\/2021\/03\/prag_50_sehenswuerdigkeiten_pinterest.jpg\" data-pin-description=\"What are the best attractions to do in Paris ? We have selected among all activities the best things to do in Paris : museums, theaters, theme parks...\" data-pin-url=\"https:\/\/paristouristinformation.fr\/de\/sehenswurdigkeiten\/attraktionen\/?tve=true&amp;tcbf=e45add7e54\" data-pinpro-key=\"87oky4bwa\" style=\"aspect-ratio: auto 1132 \/ 510;\" loading=\"lazy\"><\/span><\/p>\n<p style=\"text-align: center;\"><span lang=\"de\">Entdecken Sie Paris&nbsp;<\/span><span lang=\"de\">in Ihrem<\/span><span lang=\"de\">eigenen Tempo&nbsp;<\/span><span lang=\"de\">mit unseren&nbsp;<\/span><span lang=\"de\">selbst gef\u00fchrten Audioguides.&nbsp;<\/span><strong><span lang=\"de\">App downloaden und installieren,<\/span><span lang=\"de\">Tour g\u00fcnstig kaufen, Paris erobern!<\/span><\/strong><\/p>\n<p><span><img decoding=\"async\" alt=\"\" data-id=\"12472\" width=\"324\" data-init-width=\"606\" height=\"493\" data-init-height=\"923\" title=\"YMG Paris - Alle Touren\" src=\"https:\/\/www.paristouristinformation.fr\/de\/wp-content\/uploads\/2023\/08\/YMG-Paris-Alle-Touren.png\" data-width=\"324\" data-height=\"493\" style=\"aspect-ratio: auto 606 \/ 923;\" data-pin-media=\"https:\/\/paristouristinformation.fr\/de\/\/wp-content\/uploads\/2021\/03\/prag_50_sehenswuerdigkeiten_pinterest.jpg\" data-pin-description=\"Find 100 ideas of fun things to do in Paris, create your own list and experience Paris in a unique way ! Museums, shops, parks, squares... and many more !\" data-pin-url=\"https:\/\/www.paristouristinformation.fr\/de\/?page_id=12302&amp;tve=true&amp;tcbf=10e44bb774\" data-pinpro-key=\"msh3z42w4\" loading=\"lazy\"><\/span><span><img decoding=\"async\" alt=\"\" data-id=\"7060\" width=\"702\" data-init-width=\"1000\" height=\"468\" data-init-height=\"667\" title=\"Montparnasse Neihgbourhood and Tower in Paris in France\" src=\"https:\/\/paristouristinformation.fr\/de\/\/wp-content\/uploads\/2021\/02\/Montparnasse-Neihgbourhood-and-Tower-in-Paris-in-France.jpg\" data-width=\"702\" data-height=\"468\" data-pinpro-key=\"s9asyjn85\" data-pin-media=\"https:\/\/paristouristinformation.fr\/de\/\/wp-content\/uploads\/2021\/03\/prag_50_sehenswuerdigkeiten_pinterest-13.jpg\" data-pin-description=\"Visit Montparnasse Tower in Paris and learn about the History, Facts and Tickets to the Top in this article.\" data-pin-url=\"https:\/\/paristouristinformation.fr\/de\/\/things-to-do\/attractions\/montparnasse-tower\/?tve=true&amp;tcbf=e9aa5eae8a\" style=\"aspect-ratio: auto 1000 \/ 667;\" loading=\"lazy\"><\/span><\/p>\n<h3 style=\"\"><span data-attr-link=\"1\" data-attr-rel=\"0\" data-attr-target=\"0\" data-extra_key=\"\" data-option-inline=\"1\" data-shortcode=\"tcb_post_title\" data-shortcode-name=\"Post title\" data-attr-css=\"\" style=\"\" data-attr-static-link=\"{&quot;className&quot;:&quot;&quot;,&quot;href&quot;:&quot;https:\/\/www.paristouristinformation.fr\/de\/attraktionen\/&quot;,&quot;title&quot;:&quot;15 ausgesuchte Attraktionen in Paris \u2013 Tickets &amp; Tipps&quot;,&quot;class&quot;:&quot;&quot;}\"><a href=\"https:\/\/www.paristouristinformation.fr\/de\/attraktionen\/\" title=\"15 ausgesuchte Attraktionen in Paris \u2013 Tickets &amp; Tipps\" data-css=\"\">15 ausgesuchte Attraktionen in Paris \u2013 Tickets &amp; Tipps<\/a><\/span><\/h3>\n<h3 style=\"\"><span data-attr-link=\"1\" data-attr-rel=\"0\" data-attr-target=\"0\" data-extra_key=\"\" data-option-inline=\"1\" data-shortcode=\"tcb_post_title\" data-shortcode-name=\"Post title\" data-attr-css=\"\" style=\"\" data-attr-static-link=\"{&quot;className&quot;:&quot;&quot;,&quot;href&quot;:&quot;https:\/\/www.paristouristinformation.fr\/de\/attraktionen\/&quot;,&quot;title&quot;:&quot;15 ausgesuchte Attraktionen in Paris \u2013 Tickets &amp; Tipps&quot;,&quot;class&quot;:&quot;&quot;}\"><a href=\"https:\/\/www.paristouristinformation.fr\/de\/regenwetter\/\" title=\"Paris bei Regenwetter: 15 Schlechtwetter Aktivit\u00e4ten [mit Karte]\" data-css=\"\">Paris bei Regenwetter: 15 Schlechtwetter Aktivit\u00e4ten [mit Karte]<\/a><\/span><\/h3>\n<h3 style=\"\"><span data-attr-link=\"1\" data-attr-rel=\"0\" data-attr-target=\"0\" data-extra_key=\"\" data-option-inline=\"1\" data-shortcode=\"tcb_post_title\" data-shortcode-name=\"Post title\" data-attr-css=\"\" style=\"\" data-attr-static-link=\"{&quot;className&quot;:&quot;&quot;,&quot;href&quot;:&quot;https:\/\/www.paristouristinformation.fr\/de\/attraktionen\/&quot;,&quot;title&quot;:&quot;15 ausgesuchte Attraktionen in Paris \u2013 Tickets &amp; Tipps&quot;,&quot;class&quot;:&quot;&quot;}\"><a href=\"https:\/\/www.paristouristinformation.fr\/de\/sehenswurdigkeiten\/\" title=\"100 besten Sehensw\u00fcrdigkeiten in Paris\" data-css=\"\">100 besten Sehensw\u00fcrdigkeiten in Paris<\/a><\/span><\/h3>\n<h3 style=\"\"><span data-attr-link=\"1\" data-attr-rel=\"0\" data-attr-target=\"0\" data-extra_key=\"\" data-option-inline=\"1\" data-shortcode=\"tcb_post_title\" data-shortcode-name=\"Post title\" data-attr-css=\"\" style=\"\" data-attr-static-link=\"{&quot;className&quot;:&quot;&quot;,&quot;href&quot;:&quot;https:\/\/www.paristouristinformation.fr\/de\/attraktionen\/&quot;,&quot;title&quot;:&quot;15 ausgesuchte Attraktionen in Paris \u2013 Tickets &amp; Tipps&quot;,&quot;class&quot;:&quot;&quot;}\"><a href=\"https:\/\/www.paristouristinformation.fr\/de\/einkaufen\/einkaufszentrum\/\" title=\"10 besten Einkaufszentren in Paris\" data-css=\"\">10 besten Einkaufszentren in Paris<\/a><\/span><\/h3>\n<h3 style=\"\"><span data-attr-link=\"1\" data-attr-rel=\"0\" data-attr-target=\"0\" data-extra_key=\"\" data-option-inline=\"1\" data-shortcode=\"tcb_post_title\" data-shortcode-name=\"Post title\" data-attr-css=\"\" style=\"\" data-attr-static-link=\"{&quot;className&quot;:&quot;&quot;,&quot;href&quot;:&quot;https:\/\/www.paristouristinformation.fr\/de\/attraktionen\/&quot;,&quot;title&quot;:&quot;15 ausgesuchte Attraktionen in Paris \u2013 Tickets &amp; Tipps&quot;,&quot;class&quot;:&quot;&quot;}\"><a href=\"https:\/\/www.paristouristinformation.fr\/de\/restaurants\/rooftop\/\" title=\"Top 10 Rooftop Bars &amp; Restaurants in Paris\" data-css=\"\">Top 10 Rooftop Bars &amp; Restaurants in Paris<\/a><\/span><\/h3>\n<h2 id=\"t-1627505145227\">FAQ<\/h2>\n<p>Wir m\u00f6chten Sie daran erinnern, dass Sie bei der Planung Ihrer Reise nach Paris von unseren Angeboten in unserem offiziellen&nbsp;<a href=\"https:\/\/paristouristinformation.fr\/de\/touren-and-tickets\/\" style=\"outline: none;\" target=\"_blank\" rel=\"noopener\">Paris Ticket Shop<\/a><em><strong>&nbsp;<\/strong><\/em>profitieren k\u00f6nnen. Wir haben tolle Angebote mit Skip the Line Eintrittskarten f\u00fcr jedes wichtige Museum in Paris. Genie\u00dfen Sie eine problemlose Reise nach Paris!<\/p>\n<h2 id=\"t-1610539832048\">Geschichte des Montparnasse-Turms<\/h2>\n<p><span><img decoding=\"async\" alt=\"\" data-id=\"7050\" width=\"702\" data-init-width=\"1000\" height=\"468\" data-init-height=\"667\" title=\"Montparnasse Tower \u0130n Paris in France\" src=\"https:\/\/paristouristinformation.fr\/de\/\/wp-content\/uploads\/2021\/02\/Montparnasse-Tower-In-Paris-in-France.jpg\" data-width=\"702\" data-height=\"468\" data-pinpro-key=\"jk79esqbz\" data-pin-media=\"https:\/\/paristouristinformation.fr\/de\/\/wp-content\/uploads\/2021\/03\/prag_50_sehenswuerdigkeiten_pinterest-13.jpg\" data-pin-description=\"Visit Montparnasse Tower in Paris and learn about the History, Facts and Tickets to the Top in this article.\" data-pin-url=\"https:\/\/paristouristinformation.fr\/de\/\/things-to-do\/attractions\/montparnasse-tower\/?tve=true&amp;tcbf=e9aa5eae8a\" style=\"aspect-ratio: auto 1000 \/ 667;\" loading=\"lazy\"><\/span><\/p>\n<p>Der Tour de Montparnasse hat seinen Namen von dem Viertel, in dem er liegt. Montparnasse ist ein wichtiger Stadtteil, in dem sich der Gare Montparnasse befindet. Er wurde zwischen 1969 und 1973 von dem Architekten Robert Saubot an der Stelle des alten Bahnhofs Montparnasse errichtet. Der Montparnasse-Turm war bis 2011 der h\u00f6chste Wolkenkratzer Frankreichs, wurde dann aber vom Tour First mit 231 m \u00fcbertroffen. Nach der massiven Kritik an der Zerst\u00f6rung des Pariser Stadtbildes wurde der Bau von Wolkenkratzern im Zentrum von Paris untersagt.Es wird von mehr als einer Million Menschen im Jahr besucht.<\/p>\n<h2 id=\"t-1688804479796\"><strong>Adresse und Standort auf dem Stadtplan<\/strong><\/h2>\n<p>Tour Montparnasse, 33 Avenue du Maine75015 Paris<\/p>\n<h3 id=\"t-1641903514172\" style=\"\">Verwandte Artikel<\/h3>\n<p><a href=\"https:\/\/www.paristouristinformation.fr\/de\/restaurants\/cafe\/\" dynamic-postlink=\"tcb_post_the_permalink\" data-shortcode-id=\"2975\"><\/a><\/p>\n<h3 style=\"text-align: center; padding-top: 0px !important; margin-top: 0px !important;\"><span data-attr-link=\"1\" data-attr-rel=\"0\" data-attr-target=\"0\" data-extra_key=\"\" data-option-inline=\"1\" data-shortcode=\"tcb_post_title\" data-shortcode-name=\"Post title\" data-attr-css=\"\" data-attr-static-link=\"{&quot;className&quot;:&quot;&quot;,&quot;href&quot;:&quot;https:\/\/www.paristouristinformation.fr\/de\/restaurants\/cafe\/&quot;,&quot;title&quot;:&quot;Die 20 besten Pariser Caf\u00e9s | Locations &amp; Tipps&quot;,&quot;class&quot;:&quot;&quot;}\" style=\"\"><a href=\"https:\/\/www.paristouristinformation.fr\/de\/restaurants\/cafe\/\" title=\"Die 20 besten Pariser Caf\u00e9s | Locations &amp; Tipps\" data-css=\"\">Die 20 besten Pariser Caf\u00e9s | Locations &amp; Tipps<\/a><\/span><\/h3>\n<p><a href=\"https:\/\/www.paristouristinformation.fr\/de\/aussichtspunkte\/\" dynamic-postlink=\"tcb_post_the_permalink\" data-shortcode-id=\"2975\"><\/a><\/p>\n<h3 style=\"text-align: center; padding-top: 0px !important; margin-top: 0px !important;\"><span data-attr-link=\"1\" data-attr-rel=\"0\" data-attr-target=\"0\" data-extra_key=\"\" data-option-inline=\"1\" data-shortcode=\"tcb_post_title\" data-shortcode-name=\"Post title\" data-attr-css=\"\" data-attr-static-link=\"{&quot;className&quot;:&quot;&quot;,&quot;href&quot;:&quot;https:\/\/www.paristouristinformation.fr\/de\/restaurants\/cafe\/&quot;,&quot;title&quot;:&quot;Die 20 besten Pariser Caf\u00e9s | Locations &amp; Tipps&quot;,&quot;class&quot;:&quot;&quot;}\" style=\"\"><a href=\"https:\/\/www.paristouristinformation.fr\/de\/aussichtspunkte\/\" title=\"7 besten Aussichtspunkte von Paris [mit Karte]\" data-css=\"\">7 besten Aussichtspunkte von Paris [mit Karte]<\/a><\/span><\/h3>\n<p><a href=\"https:\/\/www.paristouristinformation.fr\/de\/sehenswurdigkeiten\/museum\/louvre\/\" dynamic-postlink=\"tcb_post_the_permalink\" data-shortcode-id=\"2975\"><\/a><\/p>\n<h3 style=\"text-align: center; padding-top: 0px !important; margin-top: 0px !important;\"><span data-attr-link=\"1\" data-attr-rel=\"0\" data-attr-target=\"0\" data-extra_key=\"\" data-option-inline=\"1\" data-shortcode=\"tcb_post_title\" data-shortcode-name=\"Post title\" data-attr-css=\"\" data-attr-static-link=\"{&quot;className&quot;:&quot;&quot;,&quot;href&quot;:&quot;https:\/\/www.paristouristinformation.fr\/de\/restaurants\/cafe\/&quot;,&quot;title&quot;:&quot;Die 20 besten Pariser Caf\u00e9s | Locations &amp; Tipps&quot;,&quot;class&quot;:&quot;&quot;}\" style=\"\"><a href=\"https:\/\/www.paristouristinformation.fr\/de\/sehenswurdigkeiten\/museum\/louvre\/\" title=\"Louvre Museum | Tickets &amp; F\u00fchrungen, Infos &amp; Tipps\" data-css=\"\">Louvre Museum | Tickets &amp; F\u00fchrungen, Infos &amp; Tipps<\/a><\/span><\/h3>\n<p><a href=\"https:\/\/www.paristouristinformation.fr\/de\/planen\/flughaefen\/\" dynamic-postlink=\"tcb_post_the_permalink\" data-shortcode-id=\"2975\"><\/a><\/p>\n<h3 style=\"text-align: center; padding-top: 0px !important; margin-top: 0px !important;\"><span data-attr-link=\"1\" data-attr-rel=\"0\" data-attr-target=\"0\" data-extra_key=\"\" data-option-inline=\"1\" data-shortcode=\"tcb_post_title\" data-shortcode-name=\"Post title\" data-attr-css=\"\" data-attr-static-link=\"{&quot;className&quot;:&quot;&quot;,&quot;href&quot;:&quot;https:\/\/www.paristouristinformation.fr\/de\/restaurants\/cafe\/&quot;,&quot;title&quot;:&quot;Die 20 besten Pariser Caf\u00e9s | Locations &amp; Tipps&quot;,&quot;class&quot;:&quot;&quot;}\" style=\"\"><a href=\"https:\/\/www.paristouristinformation.fr\/de\/planen\/flughaefen\/\" title=\"Pariser Flugh\u00e4fen | \u00dcbersicht mit Infos &amp; Tipps\" data-css=\"\">Pariser Flugh\u00e4fen | \u00dcbersicht mit Infos &amp; Tipps<\/a><\/span><\/h3>\n","protected":false},"excerpt":{"rendered":"<p>Der Tour Montparnasse, ist ein 59-st\u00f6ckiger Wolkenkratzer in Montparnasse im 15. Arrondissement von Paris.Er ist auf Platz 28 der Liste der h\u00f6chsten Geb\u00e4ude Europas und ist der einzige Wolkenkratzer im Zentrum von Paris, denn die meisten Hochh\u00e4user der Stadt befinden sich im Finanzviertel La D\u00e9fense.Der Montparnasse-Turm ist aufgrund seiner Aussichtsplattformen in der 56. und 59 [&hellip;]<\/p>\n","protected":false},"author":9,"featured_media":7056,"parent":2930,"menu_order":0,"comment_status":"closed","ping_status":"closed","template":"","meta":{"footnotes":""},"tags":[],"class_list":["post-6886","page","type-page","status-publish","has-post-thumbnail","hentry","post-wrapper","thrv_wrapper"],"wp-worthy-pixel":{"ignored":false,"public":"f6ed452ff6ed48daabefb03aefafeea1","server":"vg06.met.vgwort.de","url":"https:\/\/vg06.met.vgwort.de\/na\/f6ed452ff6ed48daabefb03aefafeea1"},"wp-worthy-type":"normal","_links":{"self":[{"href":"https:\/\/www.paristouristinformation.fr\/de\/wp-json\/wp\/v2\/pages\/6886","targetHints":{"allow":["GET"]}}],"collection":[{"href":"https:\/\/www.paristouristinformation.fr\/de\/wp-json\/wp\/v2\/pages"}],"about":[{"href":"https:\/\/www.paristouristinformation.fr\/de\/wp-json\/wp\/v2\/types\/page"}],"author":[{"embeddable":true,"href":"https:\/\/www.paristouristinformation.fr\/de\/wp-json\/wp\/v2\/users\/9"}],"replies":[{"embeddable":true,"href":"https:\/\/www.paristouristinformation.fr\/de\/wp-json\/wp\/v2\/comments?post=6886"}],"version-history":[{"count":0,"href":"https:\/\/www.paristouristinformation.fr\/de\/wp-json\/wp\/v2\/pages\/6886\/revisions"}],"up":[{"embeddable":true,"href":"https:\/\/www.paristouristinformation.fr\/de\/wp-json\/wp\/v2\/pages\/2930"}],"wp:featuredmedia":[{"embeddable":true,"href":"https:\/\/www.paristouristinformation.fr\/de\/wp-json\/wp\/v2\/media\/7056"}],"wp:attachment":[{"href":"https:\/\/www.paristouristinformation.fr\/de\/wp-json\/wp\/v2\/media?parent=6886"}],"wp:term":[{"taxonomy":"post_tag","embeddable":true,"href":"https:\/\/www.paristouristinformation.fr\/de\/wp-json\/wp\/v2\/tags?post=6886"}],"curies":[{"name":"wp","href":"https:\/\/api.w.org\/{rel}","templated":true}]}}