{"id":7552,"date":"2023-01-10T11:44:00","date_gmt":"2023-01-10T11:44:00","guid":{"rendered":"https:\/\/paristouristinformation.fr\/de\/\/?page_id=7552"},"modified":"2024-01-20T10:25:47","modified_gmt":"2024-01-20T10:25:47","slug":"atelier-des-lumieres","status":"publish","type":"page","link":"https:\/\/www.paristouristinformation.fr\/de\/sehenswurdigkeiten\/museum\/atelier-des-lumieres\/","title":{"rendered":"Atelier des Lumi\u00e8res in Paris | Info, Ausstellung &#038; Tickets"},"content":{"rendered":"<p>M\u00f6gen Sie Lichtshows? Wenn ja, dann ist das Atelier des Lumi\u00e8res einer der H\u00f6hepunkte Ihrer Reise, denn es ist eine der beliebtesten <a href=\"https:\/\/paristouristinformation.fr\/de\/attraktionen\/\"><strong>Attraktionen in Pari<\/strong><strong>s<\/strong>.<\/a> Dieses Museum erm\u00f6glicht es den Besuchern, die Kunst auf eine ganz neue und interessante Weise zu erleben. Wenn Sie den Raum betreten, werden Sie v\u00f6llig von der Realit\u00e4t abgeschnitten und entdecken die lichtvollen Tr\u00e4ume, Bilder, Videos und andere Kunstformen, die sich die Autoren der Werke ausgedacht haben.Machen Sie sich bereit f\u00fcr das <strong>erste Museum f\u00fcr digitale Kunst in Paris<\/strong>. Es wird eine kunstvolle Reise sein, die Sie in die dreidimensionale Welt f\u00fchrt.Unten finden Sie alle n\u00fctzlichen Informationen \u00fcber Eintritt, Eintrittskarten und Ausstellungen!<\/p>\n<h2 id=\"t-1610539832044\">Was kann ich im Atelier des Lumi\u00e8res unternehmen?<\/h2>\n<p>Die Gem\u00e4lde werden durch die Farben, die Sie umgeben, lebendig und die begleitende Musik entf\u00fchrt Sie aus allen Gedanken des Alltags. Dieses auditive und visuelle Fest spricht viele Ihrer Sinne gleichzeitig an.Wenn Sie den Raum betreten, werden Sie von den digitalen Ausstellungen fasziniert sein, die aus <strong>Tausenden von Bildern von Kunstwerken<\/strong> bestehen, die zusammen mit einer wundersch\u00f6n ausgew\u00e4hlten Musik in Bewegung gesetzt werden.Der riesige Raum entf\u00fchrt Sie in die <strong>magische Welt der weltber\u00fchmten K\u00fcnstler<\/strong>. Dies ist eine entspannende Erfahrung, die Ihnen das Gef\u00fchl gibt, in den Gem\u00e4lden selbst zu sein, mit all den Kl\u00e4ngen und Sehensw\u00fcrdigkeiten, die Sie umgeben.Wenn man sich m\u00fcde f\u00fchlt, kann man sich auf den B\u00e4nken ausruhen, aber da es nicht allzu viele davon gibt, sitzt man einfach auf dem Boden und konzentriert sich auf die Kunst, die sich auf dem Boden, an den W\u00e4nden und an der Decke bewegt.Die gesamte Show <strong>dauert etwa eine Stunde, aber man kann so lange drinnen bleiben, wie man m\u00f6chte.<\/strong> Es ist sehr gut m\u00f6glich, an einem solchen Ort die Zeit zu vergessen.Deshalb k\u00f6nnen Sie die Show zun\u00e4chst einfach nur genie\u00dfen und die Zeit nutzen, um in der zweiten Runde Fotos zu machen. Wenn Sie Zeit haben, k\u00f6nnen Sie die Shows auch aus anderen Blickwinkeln sehen, wenn Sie l\u00e4nger bleiben. In der Regel sitzen die Besucher auf dem Boden und bewundern die Ausstellung, w\u00e4hrend sie sich ausruhen und die Zeit nutzen, um die Kunst zu verdauen.Sie werden feststellen, dass die meisten Besucher Franzosen sind, entweder Pariser, die ihre Eintrittskarten gleich zu Beginn der Ausstellung gekauft haben, oder Franzosen aus der Provinz.Ausl\u00e4nder sollten dem Museum auf jeden Fall in den sozialen Medien folgen, um zu wissen, wann eine Ausstellung stattfindet.Im Inneren des Museums gibt es eine Bar, an der man einen Drink oder einen Snack bekommen kann. Es gibt auch einen Souvenirladen mit vielen sch\u00f6nen Souvenirs und B\u00fcchern.&nbsp;<\/p>\n<p><span><img decoding=\"async\" alt=\"Atelier des Lumieres in Paris in France (Editorial)\" data-id=\"8204\" width=\"702\" data-init-width=\"1000\" height=\"470\" data-init-height=\"667\" title=\"Atelier des Lumieres in Paris in France (Editorial)\" src=\"https:\/\/paristouristinformation.fr\/de\/\/wp-content\/uploads\/2021\/03\/Atelier-des-Lumieres-in-Paris-in-France.jpg\" data-width=\"702\" data-height=\"470\" style=\"aspect-ratio: auto 1000 \/ 667;\" data-pin-media=\"https:\/\/paristouristinformation.fr\/de\/wp-content\/uploads\/2021\/03\/prag_50_sehenswuerdigkeiten_pinterest-18.jpg\" data-pin-description=\"Learn details about Atelier des Lumi\u00e8res museum in Paris : Exhibitions, Entrance, Tickets, History and useful information about the place.\" data-pin-url=\"https:\/\/paristouristinformation.fr\/de\/\/things-to-do\/museum\/atelier-des-lumieres\/?tve=true&amp;tcbf=8044109120\" loading=\"lazy\"><\/span><\/p>\n<h2 id=\"t-1610539832045\">Eintritt, Eintrittskarten und F\u00fchrungen<\/h2>\n<p>Der Kauf von Eintrittskarten im Voraus wird dringend empfohlen, da die <strong>Besucherzahl nach Zeitfenstern begrenzt<\/strong> ist. Da die Attraktion auch bei den Einheimischen beliebt ist, sind die Karten oft schnell ausverkauft, vor allem in der Hochsaison.Das Atelier des Lumi\u00e8res ist jeden Tag ge\u00f6ffnet:<\/p>\n<ul>\n<li>Montag, Dienstag, Mittwoch, Donnerstag und Sonntag: 10 Uhr bis 19 Uhr, letzter Einlass um 18 Uhr&nbsp;<\/li>\n<li>Freitag und Samstag: 22.00 bis 21.00 Uhr<\/li>\n<\/ul>\n<ul>\n<li><span style=\"\"><strong>Einlass: <\/strong>Bitte beachten Sie, dass die Eintrittskarten zeitlich begrenzt sind und Sie zur angegebenen Zeit eintreten k\u00f6nnen. Nach dem Einlass k\u00f6nnen Sie so lange drinnen bleiben, wie Sie m\u00f6chten, und sich die Wiederholung der Shows ansehen.<\/span><\/li>\n<li><span><strong>Eintrittskarten: <\/strong><a href=\"https:\/\/www.tiqets.com\/de\/paris-sehenswuerdigkeiten-c66746\/tickets-fur-atelier-des-lumieres-skip-the-line-p1033140\/?partner=checkfortrip\" target=\"_blank\" rel=\"nofollow noopener\" style=\"outline: none;\"><strong>Online-Ticket f\u00fcr das Atelier des Lumi\u00e8res gibt es hier.<\/strong><\/a>Sie k\u00f6nnen Ihre Tickets mit Ihrem Smartphone vor Ort vorzeigen.<\/span><\/li>\n<\/ul>\n<ul>\n<li><span style=\"\"><strong>Tipp: <\/strong>Um Zeit und Geld zu sparen und Stress zu vermeiden, k\u00f6nnen Sie Ihre Reise vorbereiten, indem Sie alle ben\u00f6tigten Online-Tickets im Voraus in unserem offiziellen <a href=\"https:\/\/paristouristinformation.fr\/de\/touren-and-tickets\/\" style=\"outline: none;\"><strong>Paris Tickets Shop<\/strong><\/a> kaufen.<\/span><\/li>\n<\/ul>\n<p>__CONFIG_colors_palette__{&#8222;active_palette&#8220;:0,&#8220;config&#8220;:{&#8222;colors&#8220;:{&#8222;f8570&#8220;:{&#8222;name&#8220;:&#8220;Main Accent&#8220;,&#8220;parent&#8220;:-1}},&#8220;gradients&#8220;:[]},&#8220;palettes&#8220;:[{&#8222;name&#8220;:&#8220;Default Palette&#8220;,&#8220;value&#8220;:{&#8222;colors&#8220;:{&#8222;f8570&#8220;:{&#8222;val&#8220;:&#8220;var(&#8211;tcb-skin-color-0)&#8220;}},&#8220;gradients&#8220;:[]},&#8220;original&#8220;:{&#8222;colors&#8220;:{&#8222;f8570&#8220;:{&#8222;val&#8220;:&#8220;rgb(19, 114, 211)&#8220;,&#8220;hsl&#8220;:{&#8222;h&#8220;:210,&#8220;s&#8220;:0.83,&#8220;l&#8220;:0.45}}},&#8220;gradients&#8220;:[]}}]}__CONFIG_colors_palette__ <a href=\"https:\/\/paristouristinformation.fr\/de\/touren-and-tickets\/\" target=\"_blank\" rel=\"noopener\"> <span><span style=\"\">Tickets f\u00fcr die wichtigsten Sehensw\u00fcrdigkeiten in Paris finden Sie in unserem Ticketshop&nbsp;<\/span><\/span> <\/a> <\/p>\n<h2 id=\"t-1610539832046\">So erreichen Sie das Atelier des Lumi\u00e8res<\/h2>\n<ul>\n<li><strong>Metro: <\/strong>Station &#8222;St. Maur&#8220; auf der Metrolinie 3 oder Station &#8222;P\u00e8re Lachaise&#8220; auf den Metrolinien 2, 3 und 11.<strong><\/strong><\/li>\n<li><strong>Bus:<\/strong> 20,46,56,69<\/li>\n<\/ul>\n<p><span><img decoding=\"async\" alt=\"How to get to Atelier des Lumi\u00e8res in Paris (Editorial)\" data-id=\"8206\" width=\"702\" data-init-width=\"1000\" height=\"470\" data-init-height=\"667\" title=\"How to get to Atelier des Lumi\u00e8res in Paris (Editorial)\" src=\"https:\/\/paristouristinformation.fr\/de\/\/wp-content\/uploads\/2021\/03\/How-to-get-to-Atelier-des-Lumieres-in-Paris.jpg\" data-width=\"702\" data-height=\"470\" style=\"aspect-ratio: auto 1000 \/ 667;\" data-pin-media=\"https:\/\/paristouristinformation.fr\/de\/wp-content\/uploads\/2021\/03\/prag_50_sehenswuerdigkeiten_pinterest-18.jpg\" data-pin-description=\"Learn details about Atelier des Lumi\u00e8res museum in Paris : Exhibitions, Entrance, Tickets, History and useful information about the place.\" data-pin-url=\"https:\/\/paristouristinformation.fr\/de\/\/things-to-do\/museum\/atelier-des-lumieres\/?tve=true&amp;tcbf=8044109120\" loading=\"lazy\"><\/span><\/p>\n<h3 style=\"\"><span data-attr-link=\"1\" data-attr-rel=\"0\" data-attr-target=\"0\" data-extra_key=\"\" data-option-inline=\"1\" data-shortcode=\"tcb_post_title\" data-shortcode-name=\"Post title\" data-attr-css=\"\" style=\"\" data-attr-static-link=\"{&quot;className&quot;:&quot;&quot;,&quot;href&quot;:&quot;#&quot;,&quot;title&quot;:&quot;Atelier des Lumi\u00e8res in Paris | Info, Ausstellung &amp; Tickets&quot;,&quot;class&quot;:&quot;&quot;}\"><a href=\"https:\/\/www.paristouristinformation.fr\/de\/sehenswurdigkeiten\/museum\/atelier-des-lumieres\/\" title=\"Atelier des Lumi\u00e8res in Paris | Info, Ausstellung &amp; Tickets\" data-css=\"\">Atelier des Lumi\u00e8res in Paris | Info, Ausstellung &amp; Tickets<\/a><\/span><\/h3>\n<h2 id=\"t-1610539832048\">Geschichte des Atelier des Lumi\u00e8res<\/h2>\n<p>Das Atelier des Lumi\u00e8res wurde am 13. April 2018 als <strong>Kunstzentrum mit Schwerpunkt auf digitaler Kunst <\/strong>in Paris er\u00f6ffnet. Es wurde von Culturespaces gegr\u00fcndet, einer privaten Einrichtung, die sich um die Verwaltung historischer Denkm\u00e4ler und Museen sowie die Einrichtung von Kunstzentren k\u00fcmmert.Bruno Monnier, der Gr\u00fcnder von Culturspaces, entdeckte das Industriegel\u00e4nde, das als ehemalige Gie\u00dferei genutzt wurde, und beschloss, es in ein Zentrum f\u00fcr zeitgen\u00f6ssische\/digitale Kunst umzuwandeln, in dem immersive Ausstellungen zu den gr\u00f6\u00dften K\u00fcnstlern der Kunstgeschichte gezeigt werden sollen.Das Atelier des Lumi\u00e8res wurde so zu einem einzigartigen Ort, der Kultur, Kunst und Vergn\u00fcgen miteinander verbindet.Das Atelier des Lumi\u00e8res hat bereits im ersten Jahr seiner Er\u00f6ffnung <strong>mehr als eine Million Besucher <\/strong>empfangen.<\/p>\n<h2 id=\"t-1640518409372\">FAQ<\/h2>\n<h2 id=\"t-1610539832049\" style=\"\" data-alt-text=\"Contact\">Kontakt &amp; Karte<\/h2>\n<ul>\n<li><span style=\"\"><strong>Adresse:&nbsp;<\/strong>38 rue Saint Maur, 75011<\/span><\/li>\n<li><span style=\"\"><strong>\u00d6ffnungszeiten: <\/strong>Auf der offiziellen Webseite des Museums k\u00f6nnen Sie sich \u00fcber die aktuellen \u00d6ffnungszeiten informieren.<\/span><\/li>\n<li><span style=\"\"><strong>\u00d6ffentliche Verkehrsmittel:<\/strong> Metro: St. Maur (Linie 3) oder P\u00e8re Lachaise (Linie 2, 3, 11) Bus: 20,46,56,69<\/span><\/li>\n<li style=\"\"><span style=\"\"><strong>Webseite:&nbsp;<\/strong><a href=\"https:\/\/www.atelier-lumieres.com\" target=\"_blank\" style=\"outline: none;\" rel=\"noopener nofollow\">www.atelier-lumieres.com<\/a><\/span><\/li>\n<\/ul>\n<p>__CONFIG_colors_palette__{&#8222;active_palette&#8220;:0,&#8220;config&#8220;:{&#8222;colors&#8220;:{&#8222;50ce5&#8220;:{&#8222;name&#8220;:&#8220;Main Accent&#8220;,&#8220;parent&#8220;:-1}},&#8220;gradients&#8220;:[]},&#8220;palettes&#8220;:[{&#8222;name&#8220;:&#8220;Default Palette&#8220;,&#8220;value&#8220;:{&#8222;colors&#8220;:{&#8222;50ce5&#8220;:{&#8222;val&#8220;:&#8220;var(&#8211;tcb-skin-color-0)&#8220;}},&#8220;gradients&#8220;:[]},&#8220;original&#8220;:{&#8222;colors&#8220;:{&#8222;50ce5&#8220;:{&#8222;val&#8220;:&#8220;rgb(19, 114, 211)&#8220;,&#8220;hsl&#8220;:{&#8222;h&#8220;:210,&#8220;s&#8220;:0.83,&#8220;l&#8220;:0.45,&#8220;a&#8220;:1}}},&#8220;gradients&#8220;:[]}}]}__CONFIG_colors_palette__ <a href=\"https:\/\/paristouristinformation.fr\/de\/\/de\/things-to-do\/museum\/\"> <span><span>Weitere sehenswerte Museen in Paris<\/span><\/span> <\/a> <\/p>\n","protected":false},"excerpt":{"rendered":"<p>M\u00f6gen Sie Lichtshows? Wenn ja, dann ist das Atelier des Lumi\u00e8res einer der H\u00f6hepunkte Ihrer Reise, denn es ist eine der beliebtesten Attraktionen in Paris. Dieses Museum erm\u00f6glicht es den Besuchern, die Kunst auf eine ganz neue und interessante Weise zu erleben. Wenn Sie den Raum betreten, werden Sie v\u00f6llig von der Realit\u00e4t abgeschnitten und [&hellip;]<\/p>\n","protected":false},"author":9,"featured_media":8201,"parent":68,"menu_order":0,"comment_status":"closed","ping_status":"closed","template":"","meta":{"footnotes":""},"tags":[],"class_list":["post-7552","page","type-page","status-publish","has-post-thumbnail","hentry","post-wrapper","thrv_wrapper"],"wp-worthy-pixel":{"ignored":false,"public":"e476f7e9b84046d48e64cc0e603c1026","server":"vg07.met.vgwort.de","url":"https:\/\/vg07.met.vgwort.de\/na\/e476f7e9b84046d48e64cc0e603c1026"},"wp-worthy-type":"normal","_links":{"self":[{"href":"https:\/\/www.paristouristinformation.fr\/de\/wp-json\/wp\/v2\/pages\/7552","targetHints":{"allow":["GET"]}}],"collection":[{"href":"https:\/\/www.paristouristinformation.fr\/de\/wp-json\/wp\/v2\/pages"}],"about":[{"href":"https:\/\/www.paristouristinformation.fr\/de\/wp-json\/wp\/v2\/types\/page"}],"author":[{"embeddable":true,"href":"https:\/\/www.paristouristinformation.fr\/de\/wp-json\/wp\/v2\/users\/9"}],"replies":[{"embeddable":true,"href":"https:\/\/www.paristouristinformation.fr\/de\/wp-json\/wp\/v2\/comments?post=7552"}],"version-history":[{"count":0,"href":"https:\/\/www.paristouristinformation.fr\/de\/wp-json\/wp\/v2\/pages\/7552\/revisions"}],"up":[{"embeddable":true,"href":"https:\/\/www.paristouristinformation.fr\/de\/wp-json\/wp\/v2\/pages\/68"}],"wp:featuredmedia":[{"embeddable":true,"href":"https:\/\/www.paristouristinformation.fr\/de\/wp-json\/wp\/v2\/media\/8201"}],"wp:attachment":[{"href":"https:\/\/www.paristouristinformation.fr\/de\/wp-json\/wp\/v2\/media?parent=7552"}],"wp:term":[{"taxonomy":"post_tag","embeddable":true,"href":"https:\/\/www.paristouristinformation.fr\/de\/wp-json\/wp\/v2\/tags?post=7552"}],"curies":[{"name":"wp","href":"https:\/\/api.w.org\/{rel}","templated":true}]}}