{"id":7624,"date":"2023-01-10T14:59:00","date_gmt":"2023-01-10T14:59:00","guid":{"rendered":"https:\/\/paristouristinformation.fr\/de\/\/?page_id=7624"},"modified":"2024-01-20T10:27:13","modified_gmt":"2024-01-20T10:27:13","slug":"museum-jacquemart-andre","status":"publish","type":"page","link":"https:\/\/www.paristouristinformation.fr\/de\/sehenswurdigkeiten\/museum\/museum-jacquemart-andre\/","title":{"rendered":"Museum Jacquemart Andre in Paris | Infos &#038; Tickets"},"content":{"rendered":"<p>Paris ist bekannt daf\u00fcr, dass es die sch\u00f6nsten Kunstmuseen der Welt gibt.Wenn Sie sich f\u00fcr Kunst und Gem\u00e4lde begeistern, sollten Sie dieses private Museum unbedingt auf Ihrer Liste der <a href=\"https:\/\/paristouristinformation.fr\/de\/sehenswurdigkeiten\/museum\/\"><strong>Museen in Paris<\/strong><\/a> stehen haben. Das Mus\u00e9e Jacquemart Andr\u00e9 befindet sich auf dem Boulevard Haussmann, in einem sehr <strong>luxuri\u00f6sen und einzigartigen Geb\u00e4ude.<\/strong>Das Museum wurde in der Privatresidenz von Edouard Andr\u00e9 und seiner Frau eingerichtet und beherbergt die Kunstwerke, die sie im Laufe ihres Lebens gesammelt haben. In diesem Artikel f\u00fchren wir Sie durch dieses Wahrzeichen von Paris und geben Ihnen n\u00fctzliche Informationen \u00fcber seine Geschichte, Eintrittskarten und Besichtigungsinformationen&#8230; Los geht&#8217;s!<\/p>\n<h2 id=\"t-1610539832044\">Was kann ich im Mus\u00e9e Jacquemart-Andr\u00e9 unternehmen?<\/h2>\n<p>Das Mus\u00e9e Jacquemart-Andr\u00e9 ist eine der Stationen auf der Kunstreise durch Paris mit <strong>Hunderten von \u00d6lgem\u00e4lden und Skulpturen aus verschiedenen Teilen der Welt.<\/strong> Das pr\u00e4chtige Herrenhaus aus dem 19. Jahrhundert vermittelt seinen Besuchern einen Eindruck davon, wie die Oberschicht in Frankreich w\u00e4hrend der Belle \u00c9poque lebte.Das Museum beherbergt die <strong>Kunstwerke vieler ber\u00fchmter Meister <\/strong>wie Paolo Uccello, Gian Lorenzo Bernini, Sandro Botticelli, Andrea Mantegna, Jean-Honor\u00e9 Fragonard, Jean-Baptiste-Sim\u00e9on Chardin, \u00c9lisabeth-Louise Vig\u00e9e Le Brun, Canaletto, Jean-Marc Nattier, Alfred Boucher, Rembrandt, Anthony van Dyck, Frans Hals, Giovanni Battista Tiepolo, Jacques-Louis David, Thomas Lawrence, Joshua Reynolds und Thomas Gainsborough.Die auff\u00e4llige Dekoration dieses Museums zeugt vom <strong>Reichtum des Pariser Kulturerbes <\/strong>und der Kunst im Allgemeinen.<\/p>\n<h3>Wer war Edouard Andr\u00e9?<\/h3>\n<p>Er wurde 1833 in Paris geboren und schied 1863 aus der Armee aus, um sich von der Politik abzuwenden und <strong>eine Sammlung von Gem\u00e4lden, M\u00f6beln und Kunstobjekten aufzubauen. <\/strong><\/p>\n<h3>Verschiedene R\u00e4ume und Abteilungen des Museums<\/h3>\n<p><strong>Die Privatwohnungen :<\/strong> Im Erdgeschoss befindet sich das Schlafzimmer von Edouard und Neli\u00e9 sowie der Raum, in dem sie morgens ihr Fr\u00fchst\u00fcck einnahmen.<strong><\/strong><\/p>\n<p><strong>Die informellen Wohnungen :<\/strong> In diesem Bereich k\u00f6nnen die Besucher die Bibliothek des Herrenhauses und die Zimmer, in denen sie ihre G\u00e4ste empfangen, besichtigen. Die W\u00e4nde sind mit Gem\u00e4lden fl\u00e4mischer und niederl\u00e4ndischer Maler aus dem 17. Jahrhundert, wie Anton Van Dyck und Rembrandt Van Rijn, geschm\u00fcckt.<\/p>\n<p><strong>Der Wintergarten: <\/strong>Der Wintergarten befand sich hinter dem Musikzimmer und war ein ruhiger Ort, der mit exotischen Pflanzen unter einem Glasdach geschm\u00fcckt war.<\/p>\n<p><strong>Italienische Renaissance: <\/strong>Die Besitzer der Sammlung und der Villa waren ein gro\u00dfartiges Team, das die gemeinsame Leidenschaft f\u00fcr die Kunst der italienischen Renaissance teilte. Sie schufen eine einzigartige Sammlung mit vielen wertvollen St\u00fccken italienischer Meister von ihren Reisen nach Italien. Dieser Bereich ist in drei R\u00e4ume unterteilt, den Florentiner Saal, den Venezianischen Saal und den Skulpturensaal.<\/p>\n<p><strong>&nbsp;Florentiner Zimmer: <\/strong>Das Zimmer beherbergte fr\u00fcher kleine Gegenst\u00e4nde wie Schmuck und Keramik, wurde aber sp\u00e4ter nach dem Geschmack von N\u00e9lie dekoriert, die eine gro\u00dfe Leidenschaft f\u00fcr Florenz hatte. Neben den unsch\u00e4tzbaren Gem\u00e4lden, die in Florenz gesammelt wurden, wurde auch eine kleine Kapelle f\u00fcr die Anbetung eingerichtet. Hier k\u00f6nnen die Besucher Meisterwerke wie Botticellis Jungfrau mit Kind oder Paolo Uccellos Heiliger Georg, der den Drachen besiegt, bewundern.<strong>Venezianischer Saal: <\/strong>Der Saal beherbergt die Gem\u00e4lde, die aus Venedig und vielen Kunstschulen Norditaliens stammen. Einige wichtige Gem\u00e4lde, die hier ausgestellt sind, stammen von Carpaccio und Bellini.<\/p>\n<p><span><img decoding=\"async\" alt=\"\" data-id=\"7782\" width=\"702\" data-init-width=\"1000\" height=\"470\" data-init-height=\"670\" title=\"The Mus\u00e9e Jacquemart-Andr\u00e9 in Paris in France courtyard\" src=\"https:\/\/paristouristinformation.fr\/de\/\/wp-content\/uploads\/2021\/02\/The-Musee-Jacquemart-Andre-in-Paris-in-France-courtyard.jpg\" data-width=\"702\" data-height=\"470\" style=\"\" loading=\"lazy\"><\/span><\/p>\n<ul>\n<li><a rel=\"noreferrer noopener nofollow\" href=\"https:\/\/pinterest.com\/pin\/create\/button\/?url=https:\/\/paristouristinformation.fr\/de\/sehenswurdigkeiten\/museum\/museum-jacquemart-andre\/?tve=true&amp;tcbf=abdbdf6a32&amp;is_video=false&amp;media=https:\/\/paristouristinformation.fr\/de\/\/wp-content\/uploads\/2021\/02\/The-Musee-Jacquemart-Andre-in-Paris-in-France-courtyard.jpg&amp;description=F%C3%BChrer%20zum%20Museum%20Jacquemart%20Andre%20%7C%20ParisTouristInformation.fr\" onclick=\"essb.window('https:\/\/pinterest.com\/pin\/create\/button\/?url=https:\/\/paristouristinformation.fr\/de\/sehenswurdigkeiten\/museum\/museum-jacquemart-andre\/?tve=true&amp;tcbf=abdbdf6a32&amp;is_video=false&amp;media=https:\/\/paristouristinformation.fr\/de\/\/wp-content\/uploads\/2021\/02\/The-Musee-Jacquemart-Andre-in-Paris-in-France-courtyard.jpg&amp;description=F%C3%BChrer%20zum%20Museum%20Jacquemart%20Andre%20%7C%20ParisTouristInformation.fr','pinpro','kyejgam2'); return false;\" target=\"_blank\"><span><\/span><span>Pin<\/span><\/a><\/li>\n<\/ul>\n<p><b>Caf\u00e9 und Bibliothek: <span style=\"font-weight: normal;\">Es gibt ein kleines, h\u00fcbsches Teezimmer\/Caf\u00e9 mit Blick auf den Innenhof, das sich auch gut f\u00fcr ein Mittagessen oder einen Brunch eignet. Hier finden Sie auch einen netten kulturellen Geschenkeladen, in dem Sie B\u00fccher und Kataloge sowie Dekorationsgegenst\u00e4nde und Schmuck kaufen k\u00f6nnen.<\/span><\/b><\/p>\n<p>Neben der st\u00e4ndigen Sammlung bietet das Museum zweimal im Jahr gro\u00dfe <strong>Wechselausstellungen<\/strong> an.<\/p>\n<h2 id=\"t-1610539832045\">Eintritt, Eintrittskarten und F\u00fchrungen<\/h2>\n<ul>\n<li><span style=\"\"><strong>Eingang : <\/strong>Das Museum Jacquemart Andr\u00e9 ist jeden Tag, auch an Feiertagen, von 10 bis 18 Uhr ge\u00f6ffnet. W\u00e4hrend der Ausstellungen bleibt das Museum montags bis 20:30 Uhr ge\u00f6ffnet.<\/span><\/li>\n<li><span><strong>Ein Audioguide <\/strong>ist im regul\u00e4ren Eintrittspreis enthalten. Ein durchschnittlicher Besuch im Mus\u00e9e Jacquemart Andr\u00e9 dauert etwa 60 bis 90 Minuten.<\/span><\/li>\n<li style=\"\"><span style=\"\"><strong>Tickets : <\/strong>Holen Sie sich Ihr<em><strong> J<\/strong><\/em><em><strong>acquemart-Andr\u00e9 Skip The Line Ticket<\/strong><\/em> in unserem Paris Tickets Shop und vermeiden Sie das Gedr\u00e4nge!<\/span><\/li>\n<\/ul>\n<h2 id=\"t-1610539832046\">Wie erreiche ich das Mus\u00e9e Jacquemart-Andr\u00e9?<\/h2>\n<p>Das Museum liegt ganz in der N\u00e4he der <a href=\"https:\/\/paristouristinformation.fr\/de\/sehenswurdigkeiten\/avenue-des-champs-elysees\/\" style=\"outline: none;\"><strong>Avenue Champs-Elys\u00e9es<\/strong><\/a> und der Kaufh\u00e4user.<\/p>\n<ul>\n<li><strong>Metro: <\/strong>Linie 9 und 13, &#8222;Saint-Augustin&#8220;, &#8222;Miromesnil&#8220; oder &#8222;Saint-Philippe du Roule&#8220; Stationen.<strong><\/strong><\/li>\n<li><strong>RER : <\/strong>Line A, &#8222;Charles de Gaulle-\u00c9toile&#8220; station.<\/li>\n<li><strong>Bus :<\/strong> Lines 22, 43, 52, 54, 28, 80, 83, 84, 93<\/li>\n<li><strong>V<\/strong><strong>elib :&nbsp;<\/strong>Station &#8222;Rue de Berri&#8220;<\/li>\n<\/ul>\n<p>__CONFIG_colors_palette__{&#8222;active_palette&#8220;:0,&#8220;config&#8220;:{&#8222;colors&#8220;:{&#8222;50ce5&#8220;:{&#8222;name&#8220;:&#8220;Main Accent&#8220;,&#8220;parent&#8220;:-1}},&#8220;gradients&#8220;:[]},&#8220;palettes&#8220;:[{&#8222;name&#8220;:&#8220;Default Palette&#8220;,&#8220;value&#8220;:{&#8222;colors&#8220;:{&#8222;50ce5&#8220;:{&#8222;val&#8220;:&#8220;var(&#8211;tcb-skin-color-0)&#8220;}},&#8220;gradients&#8220;:[]},&#8220;original&#8220;:{&#8222;colors&#8220;:{&#8222;50ce5&#8220;:{&#8222;val&#8220;:&#8220;rgb(19, 114, 211)&#8220;,&#8220;hsl&#8220;:{&#8222;h&#8220;:210,&#8220;s&#8220;:0.83,&#8220;l&#8220;:0.45,&#8220;a&#8220;:1}}},&#8220;gradients&#8220;:[]}}]}__CONFIG_colors_palette__ <a href=\"https:\/\/paristouristinformation.fr\/de\/\/de\/plan\/public-transport\"> <span><span style=\"\">F\u00fchrer f\u00fcr \u00f6ffentliche Verkehrsmittel in Paris<\/span><\/span> <\/a><\/p>\n<h2 id=\"t-1627471836135\">FAQ<\/h2>\n<p><span><img decoding=\"async\" alt=\"History of the The Mus\u00e9e Jacquemart-Andr\u00e9 in Paris (Editorial)\" data-id=\"8210\" width=\"702\" data-init-width=\"1000\" height=\"468\" data-init-height=\"667\" title=\"History of the The Mus\u00e9e Jacquemart-Andr\u00e9 in Paris (Editorial)\" src=\"https:\/\/paristouristinformation.fr\/de\/\/wp-content\/uploads\/2021\/03\/History-of-the-The-Musee-Jacquemart-Andre-in-Paris.jpg\" data-width=\"702\" data-height=\"468\" data-pinpro-key=\"vlalhgjf1\" loading=\"lazy\"><\/span><\/p>\n<h2 id=\"t-1610539832048\">Geschichte des Mus\u00e9e Jacquemart-Andr\u00e9<\/h2>\n<p>\u00c9douard Andr\u00e9 stammte aus einer wohlhabenden protestantischen Bankiersfamilie. Er war mit N\u00e9lie Jacquemart verheiratet, die selbst eine prominente Gesellschaftsmalerin war.Sie waren ein ehrgeiziges Paar, das ein gro\u00dfes Verm\u00f6gen in den Kauf von Kunstwerken aus verschiedenen Teilen der Welt steckte. Auf ihren zahlreichen Reisen nach Italien sammelten sie vor allem die Werke italienischer Meister und legten in Frankreich eine enorme Sammlung italienischer Kunst an.\u00c9douard Andr\u00e9 beauftragte den Architekten Henri Parent mit dem Entwurf eines pr\u00e4chtigen und sch\u00f6nen Hauses, das sich stark an klassischen Vorbildern orientierte. Das Haus, in dem sich heute das Museum befindet, wurde zwischen 1869 und 1876 erbaut.Nach dem Tod von Edouard Andr\u00e9 \u00fcbernahm N\u00e9lie Jacquemart die Verantwortung f\u00fcr die Fertigstellung der Dekoration des Museums und baute die Sammlung weiter aus. Auf ihren Reisen in den Osten fand sie weitere wertvolle St\u00fccke, die sie in die Sammlung des Museums einbrachte. 1912 vermachte N\u00e9lie Jacquemart dem Institut de France das Herrenhaus und die darin befindliche Sammlung. Ein Jahr nach dem Tod von N\u00e9lie Jacquemart wurde das Haus 1913 vom franz\u00f6sischen Staatspr\u00e4sidenten Raymond Poincar\u00e9 als Museum f\u00fcr die \u00d6ffentlichkeit zug\u00e4nglich gemacht.<\/p>\n<div class=\"tcb-post-list tve-content-list empty-list thrv_wrapper\" data-type=\"grid\" data-pagination-type=\"none\" data-pages_near_current=\"2\" data-css=\"tve-u-177a535c8a4\" data-total_post_count=\"0\" data-total_sticky_count=\"0\" data-no_posts_text=\"There are no posts to display.\"><article id=\"post-7624\" class=\"post-7624 page type-page status-publish has-post-thumbnail hentry post-wrapper thrv_wrapper thrive-animated-item \" tcb_hover_state_parent=\"\" shortcode=\"tcb_post_list\" data-id=\"7624\" data-selector=\".post-wrapper\"><style class=\"tcb-post-list-dynamic-style\" type=\"text\/css\"><\/style><\/p>\n<h3 style=\"\"><span data-attr-link=\"1\" data-attr-rel=\"0\" data-attr-target=\"0\" data-extra_key=\"\" data-option-inline=\"1\" data-shortcode=\"tcb_post_title\" data-shortcode-name=\"Post title\" data-attr-css=\"\" style=\"\" data-attr-static-link=\"{&quot;className&quot;:&quot;tve-froala fr-basic&quot;,&quot;href&quot;:&quot;https:\/\/paristouristinformation.fr\/de\/sehenswurdigkeiten\/museum\/grand-palais\/&quot;,&quot;title&quot;:&quot;F\u00fchrer zum Grand Palais in Paris: Ausstellungen, Tickets und Infos&quot;,&quot;class&quot;:&quot;tve-froala fr-basic&quot;}\"><a href=\"https:\/\/www.paristouristinformation.fr\/de\/sehenswurdigkeiten\/museum\/museum-jacquemart-andre\/\" title=\"Museum Jacquemart Andre in Paris | Infos &amp; Tickets\" data-css=\"\" class=\"tve-froala fr-basic\">Museum Jacquemart Andre in Paris | Infos &amp; Tickets<\/a><\/span><\/h3>\n<p><\/article><\/div>\n<h2 id=\"t-1610539832049\" style=\"\">Kontakt<\/h2>\n<ul>\n<li><span style=\"\"><strong>Adresse:&nbsp;<\/strong>158 Boulevard Haussmann, 75008 Paris<\/span><\/li>\n<li><span style=\"\"><strong>\u00d6ffnungszeiten:<a href=\"https:\/\/www.musee-jacquemart-andre.com\/\" target=\"_blank\" style=\"outline: none;\" rel=\"noopener nofollow\">&nbsp;www.musee-jacquemart-andre.com<\/a>&nbsp;<\/strong><\/span><\/li>\n<li><span style=\"\"><strong>\u00d6ffentlicher Verkehr: <\/strong>Metro: Linie 9 und 13, &#8222;Saint-Augustin&#8220;, &#8222;Miromesnil&#8220; oder &#8222;Saint-Philippe du Roule&#8220;. RER: Linie A, &#8222;Charles de Gaulle-\u00c9toile&#8220; station. Bus: Linien 22, 43, 52, 54, 28, 80, 83, 84, 93<\/span><\/li>\n<li style=\"\"><span style=\"\"><strong>Webseite:&nbsp;<\/strong><a href=\"https:\/\/www.musee-jacquemart-andre.com\" target=\"_blank\" style=\"outline: none;\" rel=\"noopener nofollow\">www.musee-jacquemart-andre.com<\/a><\/span><\/li>\n<\/ul>\n<p>Wir m\u00f6chten wir Sie daran erinnern, dass Sie bei der Planung Ihrer Parisreise von unseren Angeboten in unserem offiziellen <a href=\"https:\/\/paristouristinformation.fr\/de\/touren-and-tickets\/\" style=\"outline: none;\"><strong>Paris Ticket Shop<\/strong><\/a> profitieren k\u00f6nnen. Wir haben tolle praktische Angebote mit Skip the Line Eintrittskarten f\u00fcr jedes wichtige<a href=\"https:\/\/paristouristinformation.fr\/de\/sehenswurdigkeiten\/museum\/\" style=\"outline: none;\"> <strong>Museum in Paris<\/strong><\/a><em><strong>.<\/strong><\/em><strong>Genie\u00dfen Sie eine problemlose Reise nach Paris!<\/strong><\/p>\n<h2 style=\"\" id=\"t-1640518711120\">Verwandte Artikel:<\/h2>\n<div class=\"tcb-post-list tve-content-list thrv_wrapper\" data-type=\"grid\" data-pagination-type=\"none\" data-pages_near_current=\"2\" data-css=\"tve-u-17df68e90c3\" data-total_post_count=\"2\" data-total_sticky_count=\"0\" data-no_posts_text=\"There are no posts to display.\"><article id=\"post-3384\" class=\"post-3384 page type-page status-publish has-post-thumbnail hentry post-wrapper thrv_wrapper thrive-animated-item  tve_evt_manager_listen tve_ea_thrive_animation tve_et_mouseover tve_anim_grow\" tcb_hover_state_parent=\"\" class=\"tve_evt_manager_listen tve_ea_thrive_animation tve_et_mouseover tve_anim_grow\" data-id=\"3384\" data-selector=\".post-wrapper\"><style class=\"tcb-post-list-dynamic-style\" type=\"text\/css\">@media (min-width: 300px){[].tcb-post-list #post-3384 []{background-image: url(&#8222;https:\/\/www.paristouristinformation.fr\/de\/wp-content\/uploads\/2021\/01\/A-Guide-to-Army-Museum-in-Paris-in-France-1024x538.jpg&#8222;) !important;}[].tcb-post-list #post-3384 []:hover []{background-image: url(&#8222;https:\/\/www.paristouristinformation.fr\/de\/wp-content\/uploads\/2021\/01\/A-Guide-to-Army-Museum-in-Paris-in-France-1024x538.jpg&#8222;) !important;}}<\/style><a href=\"https:\/\/www.paristouristinformation.fr\/de\/sehenswurdigkeiten\/museum\/armeemuseum\/\" dynamic-postlink=\"tcb_post_the_permalink\" data-shortcode-id=\"3384\"><\/a><\/p>\n<h3 style=\"text-align: center; padding-top: 0px !important; margin-top: 0px !important;\"><span data-attr-link=\"1\" data-attr-rel=\"0\" data-attr-target=\"0\" data-extra_key=\"\" data-option-inline=\"1\" data-shortcode=\"tcb_post_title\" data-shortcode-name=\"Post title\" data-attr-css=\"\" data-attr-static-link=\"{&quot;className&quot;:&quot;tve-froala fr-basic&quot;,&quot;href&quot;:&quot;https:\/\/paristouristinformation.fr\/de\/sehenswurdigkeiten\/museum\/armeemuseum\/&quot;,&quot;title&quot;:&quot;Armeemuseum in Paris: Ausstellungen &amp; Geschichte&quot;,&quot;class&quot;:&quot;tve-froala fr-basic&quot;}\" style=\"\"><a href=\"https:\/\/www.paristouristinformation.fr\/de\/sehenswurdigkeiten\/museum\/armeemuseum\/\" title=\"Armeemuseum in Paris &amp; Grab von Napoleon | Alle Infos\" data-css=\"\" class=\"tve-froala fr-basic\">Armeemuseum in Paris &amp; Grab von Napoleon | Alle Infos<\/a><\/span><\/h3>\n<p><\/article><article id=\"post-5920\" class=\"post-5920 page type-page status-publish has-post-thumbnail hentry post-wrapper thrv_wrapper thrive-animated-item  tve_evt_manager_listen tve_ea_thrive_animation tve_et_mouseover tve_anim_grow\" tcb_hover_state_parent=\"\" class=\"tve_evt_manager_listen tve_ea_thrive_animation tve_et_mouseover tve_anim_grow\" data-id=\"5920\" data-selector=\".post-wrapper\"><style class=\"tcb-post-list-dynamic-style\" type=\"text\/css\">@media (min-width: 300px){[].tcb-post-list #post-5920 []{background-image: url(&#8222;https:\/\/www.paristouristinformation.fr\/de\/wp-content\/uploads\/2021\/02\/palais-garnier-in-Paris-in-France-1024x538.jpg&#8222;) !important;}[].tcb-post-list #post-5920 []:hover []{background-image: url(&#8222;https:\/\/www.paristouristinformation.fr\/de\/wp-content\/uploads\/2021\/02\/palais-garnier-in-Paris-in-France-1024x538.jpg&#8222;) !important;}}<\/style><a href=\"https:\/\/www.paristouristinformation.fr\/de\/sehenswurdigkeiten\/theater\/opera-garnier\/\" dynamic-postlink=\"tcb_post_the_permalink\" data-shortcode-id=\"3384\"><\/a><\/p>\n<h3 style=\"text-align: center; padding-top: 0px !important; margin-top: 0px !important;\"><span data-attr-link=\"1\" data-attr-rel=\"0\" data-attr-target=\"0\" data-extra_key=\"\" data-option-inline=\"1\" data-shortcode=\"tcb_post_title\" data-shortcode-name=\"Post title\" data-attr-css=\"\" data-attr-static-link=\"{&quot;className&quot;:&quot;tve-froala fr-basic&quot;,&quot;href&quot;:&quot;https:\/\/paristouristinformation.fr\/de\/sehenswurdigkeiten\/museum\/armeemuseum\/&quot;,&quot;title&quot;:&quot;Armeemuseum in Paris: Ausstellungen &amp; Geschichte&quot;,&quot;class&quot;:&quot;tve-froala fr-basic&quot;}\" style=\"\"><a href=\"https:\/\/www.paristouristinformation.fr\/de\/sehenswurdigkeiten\/theater\/opera-garnier\/\" title=\"Op\u00e9ra Garnier in Paris | Info, Tickets &amp; Touren\" data-css=\"\" class=\"tve-froala fr-basic\">Op\u00e9ra Garnier in Paris | Info, Tickets &amp; Touren<\/a><\/span><\/h3>\n<p><\/article><\/div>\n","protected":false},"excerpt":{"rendered":"<p>Paris ist bekannt daf\u00fcr, dass es die sch\u00f6nsten Kunstmuseen der Welt gibt.Wenn Sie sich f\u00fcr Kunst und Gem\u00e4lde begeistern, sollten Sie dieses private Museum unbedingt auf Ihrer Liste der Museen in Paris stehen haben. Das Mus\u00e9e Jacquemart Andr\u00e9 befindet sich auf dem Boulevard Haussmann, in einem sehr luxuri\u00f6sen und einzigartigen Geb\u00e4ude.Das Museum wurde in der [&hellip;]<\/p>\n","protected":false},"author":9,"featured_media":7780,"parent":68,"menu_order":0,"comment_status":"closed","ping_status":"closed","template":"","meta":{"footnotes":""},"tags":[],"class_list":{"0":"post-7624","1":"page","2":"type-page","3":"status-publish","4":"has-post-thumbnail","5":"hentry","6":"post-wrapper","7":"thrv_wrapper","10":"thrive-animated-item"},"wp-worthy-pixel":{"ignored":false,"public":"48810e61e0a94b57ae7f620c4db8940f","server":"vg07.met.vgwort.de","url":"https:\/\/vg07.met.vgwort.de\/na\/48810e61e0a94b57ae7f620c4db8940f"},"wp-worthy-type":"normal","_links":{"self":[{"href":"https:\/\/www.paristouristinformation.fr\/de\/wp-json\/wp\/v2\/pages\/7624","targetHints":{"allow":["GET"]}}],"collection":[{"href":"https:\/\/www.paristouristinformation.fr\/de\/wp-json\/wp\/v2\/pages"}],"about":[{"href":"https:\/\/www.paristouristinformation.fr\/de\/wp-json\/wp\/v2\/types\/page"}],"author":[{"embeddable":true,"href":"https:\/\/www.paristouristinformation.fr\/de\/wp-json\/wp\/v2\/users\/9"}],"replies":[{"embeddable":true,"href":"https:\/\/www.paristouristinformation.fr\/de\/wp-json\/wp\/v2\/comments?post=7624"}],"version-history":[{"count":0,"href":"https:\/\/www.paristouristinformation.fr\/de\/wp-json\/wp\/v2\/pages\/7624\/revisions"}],"up":[{"embeddable":true,"href":"https:\/\/www.paristouristinformation.fr\/de\/wp-json\/wp\/v2\/pages\/68"}],"wp:featuredmedia":[{"embeddable":true,"href":"https:\/\/www.paristouristinformation.fr\/de\/wp-json\/wp\/v2\/media\/7780"}],"wp:attachment":[{"href":"https:\/\/www.paristouristinformation.fr\/de\/wp-json\/wp\/v2\/media?parent=7624"}],"wp:term":[{"taxonomy":"post_tag","embeddable":true,"href":"https:\/\/www.paristouristinformation.fr\/de\/wp-json\/wp\/v2\/tags?post=7624"}],"curies":[{"name":"wp","href":"https:\/\/api.w.org\/{rel}","templated":true}]}}