{"id":7850,"date":"2023-01-04T19:35:00","date_gmt":"2023-01-04T19:35:00","guid":{"rendered":"https:\/\/paristouristinformation.fr\/de\/\/?page_id=7850"},"modified":"2024-01-20T10:18:41","modified_gmt":"2024-01-20T10:18:41","slug":"autovermietung","status":"publish","type":"page","link":"https:\/\/www.paristouristinformation.fr\/de\/planen\/autovermietung\/","title":{"rendered":"Auto mieten in Paris | Infos, Preise &#038; Tipps f\u00fcr Mietwagen"},"content":{"rendered":"<p>Wir haben diesen Leitfaden erstellt, um Sie \u00fcber die Vor- und Nachteile eines <strong>Mietwagens <\/strong>in Paris zu informieren, sowie \u00fcber Preise, Unternehmen, Buchungsm\u00f6glichkeiten und andere Tipps, die f\u00fcr Sie n\u00fctzlich sein k\u00f6nnten.<\/p>\n<p><span><img decoding=\"async\" alt=\"rent a car in Paris in France 1\" data-id=\"8918\" width=\"736\" data-init-width=\"1000\" height=\"493\" data-init-height=\"670\" title=\"rent a car in Paris in France 1\" src=\"https:\/\/paristouristinformation.fr\/de\/wp-content\/uploads\/2021\/07\/rent-a-car-in-Paris-in-France-1.jpg\" data-width=\"736\" data-height=\"493\" style=\"\" loading=\"lazy\"><\/span><\/p>\n<ul>\n<li><a rel=\"noreferrer noopener nofollow\" href=\"https:\/\/pinterest.com\/pin\/create\/button\/?url=https:\/\/paristouristinformation.fr\/de\/planen\/autovermietung\/?tve=true&amp;tcbf=0b17be7e4d&amp;is_video=false&amp;media=https:\/\/paristouristinformation.fr\/de\/wp-content\/uploads\/2021\/07\/rent-a-car-in-Paris-in-France-1.jpg&amp;description=Wie%20mietet%20man%20ein%20Auto%20in%20Paris%3F%20%7C%20ParisTouristInformation.fr\" onclick=\"essb.window('https:\/\/pinterest.com\/pin\/create\/button\/?url=https:\/\/paristouristinformation.fr\/de\/planen\/autovermietung\/?tve=true&amp;tcbf=0b17be7e4d&amp;is_video=false&amp;media=https:\/\/paristouristinformation.fr\/de\/wp-content\/uploads\/2021\/07\/rent-a-car-in-Paris-in-France-1.jpg&amp;description=Wie%20mietet%20man%20ein%20Auto%20in%20Paris%3F%20%7C%20ParisTouristInformation.fr','pinpro','kxzrgc4v'); return false;\" target=\"_blank\"><span><\/span><span>Pin<\/span><\/a><\/li>\n<\/ul>\n<h2 id=\"t-1610539832048\">Vorteile und Nachteile eines Mietwagens in Paris<\/h2>\n<p>Lassen Sie uns gemeinsam herausfinden, ob es sich lohnt, in Paris ein Auto zu mieten. In welchen F\u00e4llen k\u00f6nnten die Nachteile die Vorteile \u00fcberwiegen?Beginnen wir mit der positiven Seite. Mit einem Mietwagen k\u00f6nnen Sie die Stadt und ihre Umgebung vollst\u00e4ndig erkunden. Vor allem, wenn Sie planen, nahe gelegene St\u00e4dte oder Sehensw\u00fcrdigkeiten au\u00dferhalb von Paris zu besuchen, bietet Ihnen ein Auto Flexibilit\u00e4t und Komfort.Wenn die Unterkunft, die Sie gefunden haben, in einem abgelegenen Viertel von Paris liegt, wird Ihr Auto Ihre Rettung sein. Auch wenn Sie oder Ihre Mitreisenden nur eingeschr\u00e4nkt mobil sind, ist ein Mietwagen der einfachste Weg, um sich fortzubewegen.Andererseits wissen wir alle, dass das Pariser Stadtzentrum klein und extrem gesch\u00e4ftig ist. Alles ist nach einem Ampelsystem geordnet, an das viele Ausl\u00e4nder nicht gew\u00f6hnt sind. In Paris gibt es ein ziemlich p\u00fcnktliches und gut funktionierendes Verkehrssystem mit Bussen, U-Bahnen, Stra\u00dfenbahnen, RER und Vorortz\u00fcgen. Daher ist die Benutzung eines Autos im Vergleich zu vielen anderen St\u00e4dten weniger wichtig.Die franz\u00f6sische Hauptstadt ist die verkehrsreichste Stadt des Landes und hat ein gro\u00dfes <strong>Parkplatzproblem<\/strong>. Es ist sehr schwierig (physisch und psychisch), in den Stra\u00dfen von Paris einen Parkplatz zu finden, vor allem, wenn man die strengen Vorschriften beachtet. <strong>Lesen Sie mehr:<\/strong><a href=\"https:\/\/paristouristinformation.fr\/de\/planen\/offentliche-verkehrsmittel\/parkplatz\/\" style=\"outline: none;\"><strong>Parken in Paris: Wo kann ich parken und wie viel kostet es?<\/strong><\/a><\/p>\n<p><span><img decoding=\"async\" alt=\"rent a car in Paris in France 2\" data-id=\"8917\" width=\"736\" data-init-width=\"1000\" height=\"493\" data-init-height=\"670\" title=\"rent a car in Paris in France 2\" src=\"https:\/\/paristouristinformation.fr\/de\/wp-content\/uploads\/2021\/07\/rent-a-car-in-Paris-in-France-2.jpg\" data-width=\"736\" data-height=\"493\" style=\"\" loading=\"lazy\"><\/span><\/p>\n<ul>\n<li><a rel=\"noreferrer noopener nofollow\" href=\"https:\/\/pinterest.com\/pin\/create\/button\/?url=https:\/\/paristouristinformation.fr\/de\/planen\/autovermietung\/?tve=true&amp;tcbf=0b17be7e4d&amp;is_video=false&amp;media=https:\/\/paristouristinformation.fr\/de\/wp-content\/uploads\/2021\/07\/rent-a-car-in-Paris-in-France-2.jpg&amp;description=Wie%20mietet%20man%20ein%20Auto%20in%20Paris%3F%20%7C%20ParisTouristInformation.fr\" onclick=\"essb.window('https:\/\/pinterest.com\/pin\/create\/button\/?url=https:\/\/paristouristinformation.fr\/de\/planen\/autovermietung\/?tve=true&amp;tcbf=0b17be7e4d&amp;is_video=false&amp;media=https:\/\/paristouristinformation.fr\/de\/wp-content\/uploads\/2021\/07\/rent-a-car-in-Paris-in-France-2.jpg&amp;description=Wie%20mietet%20man%20ein%20Auto%20in%20Paris%3F%20%7C%20ParisTouristInformation.fr','pinpro','kxzrgc4y'); return false;\" target=\"_blank\"><span><\/span><span>Pin<\/span><\/a><\/li>\n<\/ul>\n<h2 id=\"t-1610539832044\">Finden Sie Ihren Autovermieter<\/h2>\n<p>Wenn Sie alles bedenken, k\u00f6nnte die Anmietung eines Autos Ihre endg\u00fcltige Entscheidung sein. Jetzt m\u00fcssen Sie nur noch Ihren F\u00fchrerschein und Ihre Versicherungspapiere mitnehmen.&nbsp;<\/p>\n<p>Zu den gro\u00dfen Autovermietungen geh\u00f6ren <a href=\"https:\/\/www.hertz.com\/rentacar\/reservation\/\" target=\"_blank\" style=\"outline: none;\" rel=\"noopener nofollow\">Hertz<\/a>, <a href=\"https:\/\/www.ttcar.com\" target=\"_blank\" style=\"outline: none;\" rel=\"noopener nofollow\">TT Car Transit<\/a>, <a href=\"https:\/\/www.sixt.com\/#\/\" target=\"_blank\" style=\"outline: none;\" rel=\"noopener nofollow\">Sixt<\/a>, <a href=\"https:\/\/www.europcar.com\/en-us\" target=\"_blank\" style=\"outline: none;\" rel=\"noopener nofollow\">Europcar<\/a>, Alamo and <a href=\"https:\/\/www.avis.com\/en\/home\" target=\"_blank\" style=\"outline: none;\" rel=\"noopener nofollow\">Avis<\/a>. Diese Unternehmen sind mit zahlreichen B\u00fcros in Frankreich und Europa sowie an vielen Flugh\u00e4fen und Bahnh\u00f6fen leicht zu erreichen.<\/p>\n<p>Eine fr\u00fchzeitige Buchung ist wichtig, um die besten Angebote und Preise zu erhalten. Im Zweifelsfall k\u00f6nnen Sie von Vergleichsseiten wie <a href=\"https:\/\/www.rentalcars.com\/\" target=\"_blank\" style=\"outline: none;\" rel=\"noopener nofollow\">Rentalcars<\/a> profitieren, um eine Entscheidung unter mehreren Autovermietungen zu treffen, die Ihnen pr\u00e4sentiert werden.<strong>Tipp:<\/strong> Es k\u00f6nnte ratsam sein, ein Auto mit GPS zu w\u00e4hlen, um sich in Paris leichter zurechtzufinden, da die Stra\u00dfen manchmal sehr komplex sein k\u00f6nnen.<\/p>\n<p><span><img decoding=\"async\" alt=\"rent a car in Paris in France\" data-id=\"8919\" width=\"736\" data-init-width=\"1000\" height=\"493\" data-init-height=\"670\" title=\"rent a car in Paris in France\" src=\"https:\/\/paristouristinformation.fr\/de\/wp-content\/uploads\/2021\/07\/rent-a-car-in-Paris-in-France.jpg\" data-width=\"736\" data-height=\"493\" style=\"\" loading=\"lazy\"><\/span><\/p>\n<ul>\n<li><a rel=\"noreferrer noopener nofollow\" href=\"https:\/\/pinterest.com\/pin\/create\/button\/?url=https:\/\/paristouristinformation.fr\/de\/planen\/autovermietung\/?tve=true&amp;tcbf=0b17be7e4d&amp;is_video=false&amp;media=https:\/\/paristouristinformation.fr\/de\/wp-content\/uploads\/2021\/07\/rent-a-car-in-Paris-in-France.jpg&amp;description=Wie%20mietet%20man%20ein%20Auto%20in%20Paris%3F%20%7C%20ParisTouristInformation.fr\" onclick=\"essb.window(&#039;https:\/\/pinterest.com\/pin\/create\/button\/?url=https:\/\/paristouristinformation.fr\/de\/planen\/autovermietung\/?tve=true&amp;tcbf=0b17be7e4d&amp;is_video=false&amp;media=https:\/\/paristouristinformation.fr\/de\/wp-content\/uploads\/2021\/07\/rent-a-car-in-Paris-in-France.jpg&amp;description=Wie%20mietet%20man%20ein%20Auto%20in%20Paris%3F%20%7C%20ParisTouristInformation.fr&#039;,&#039;pinpro&#039;,&#039;kxzrgc51&#039;); return false;\" target=\"_blank\"><span><\/span><span>Pin<\/span><\/a><\/li>\n<\/ul>\n<h2 id=\"t-1610539832050\">FAQ<\/h2>\n","protected":false},"excerpt":{"rendered":"<p>Wir haben diesen Leitfaden erstellt, um Sie \u00fcber die Vor- und Nachteile eines Mietwagens in Paris zu informieren, sowie \u00fcber Preise, Unternehmen, Buchungsm\u00f6glichkeiten und andere Tipps, die f\u00fcr Sie n\u00fctzlich sein k\u00f6nnten. Pin Vorteile und Nachteile eines Mietwagens in Paris Lassen Sie uns gemeinsam herausfinden, ob es sich lohnt, in Paris ein Auto zu mieten. [&hellip;]<\/p>\n","protected":false},"author":9,"featured_media":8915,"parent":3544,"menu_order":0,"comment_status":"closed","ping_status":"closed","template":"","meta":{"footnotes":""},"tags":[],"class_list":["post-7850","page","type-page","status-publish","has-post-thumbnail","hentry","post-wrapper","thrv_wrapper"],"wp-worthy-pixel":{"ignored":false,"public":"77597e0766ce42668454ef2ee697fb63","server":"vg07.met.vgwort.de","url":"https:\/\/vg07.met.vgwort.de\/na\/77597e0766ce42668454ef2ee697fb63"},"wp-worthy-type":"normal","_links":{"self":[{"href":"https:\/\/www.paristouristinformation.fr\/de\/wp-json\/wp\/v2\/pages\/7850","targetHints":{"allow":["GET"]}}],"collection":[{"href":"https:\/\/www.paristouristinformation.fr\/de\/wp-json\/wp\/v2\/pages"}],"about":[{"href":"https:\/\/www.paristouristinformation.fr\/de\/wp-json\/wp\/v2\/types\/page"}],"author":[{"embeddable":true,"href":"https:\/\/www.paristouristinformation.fr\/de\/wp-json\/wp\/v2\/users\/9"}],"replies":[{"embeddable":true,"href":"https:\/\/www.paristouristinformation.fr\/de\/wp-json\/wp\/v2\/comments?post=7850"}],"version-history":[{"count":0,"href":"https:\/\/www.paristouristinformation.fr\/de\/wp-json\/wp\/v2\/pages\/7850\/revisions"}],"up":[{"embeddable":true,"href":"https:\/\/www.paristouristinformation.fr\/de\/wp-json\/wp\/v2\/pages\/3544"}],"wp:featuredmedia":[{"embeddable":true,"href":"https:\/\/www.paristouristinformation.fr\/de\/wp-json\/wp\/v2\/media\/8915"}],"wp:attachment":[{"href":"https:\/\/www.paristouristinformation.fr\/de\/wp-json\/wp\/v2\/media?parent=7850"}],"wp:term":[{"taxonomy":"post_tag","embeddable":true,"href":"https:\/\/www.paristouristinformation.fr\/de\/wp-json\/wp\/v2\/tags?post=7850"}],"curies":[{"name":"wp","href":"https:\/\/api.w.org\/{rel}","templated":true}]}}