{"id":8115,"date":"2023-01-04T12:22:00","date_gmt":"2023-01-04T12:22:00","guid":{"rendered":"https:\/\/paristouristinformation.fr\/de\/\/?page_id=8115"},"modified":"2024-01-20T10:25:03","modified_gmt":"2024-01-20T10:25:03","slug":"airbnb-vermietungen","status":"publish","type":"page","link":"https:\/\/www.paristouristinformation.fr\/de\/airbnb-vermietungen\/","title":{"rendered":"Airbnb in Paris mieten | Infos &#038; Tipps zur Vermietung"},"content":{"rendered":"<p>Wenn Sie auf Ihren Reisen nach einem gem\u00fctlichen Zuhause suchen, k\u00f6nnen Sie Ihre Unterkunft aus den H\u00e4usern w\u00e4hlen, die auf der Airbnb Webseite aufgelistet sind. In der Regel haben Sie den Vorteil, dass Sie im Vergleich zu Hotels in derselben Lage und Gr\u00f6\u00dfe g\u00fcnstigere Preise finden.<\/p>\n<p><span><img decoding=\"async\" alt=\"balconies in Paris in France\" data-id=\"9051\" width=\"736\" data-init-width=\"1000\" height=\"493\" data-init-height=\"670\" title=\"balconies in Paris in France\" src=\"https:\/\/paristouristinformation.fr\/de\/wp-content\/uploads\/2021\/07\/apartemnt-balcony-in-Paris-in-France.jpg\" data-width=\"736\" data-height=\"493\" style=\"\" loading=\"lazy\"><\/span><\/p>\n<ul>\n<li><a rel=\"noreferrer noopener nofollow\" href=\"https:\/\/pinterest.com\/pin\/create\/button\/?url=https:\/\/paristouristinformation.fr\/de\/airbnb-vermietungen\/?tve=true&amp;tcbf=0b17be7e4d&amp;is_video=false&amp;media=https:\/\/paristouristinformation.fr\/de\/wp-content\/uploads\/2021\/07\/apartemnt-balcony-in-Paris-in-France.jpg&amp;description=Leitfaden%20Pariser%20Gesetze%20f%C3%BCr%20Airbnb-Vermietungen%20%7C%20ParisTouristInformation.fr\" onclick=\"essb.window('https:\/\/pinterest.com\/pin\/create\/button\/?url=https:\/\/paristouristinformation.fr\/de\/airbnb-vermietungen\/?tve=true&amp;tcbf=0b17be7e4d&amp;is_video=false&amp;media=https:\/\/paristouristinformation.fr\/de\/wp-content\/uploads\/2021\/07\/apartemnt-balcony-in-Paris-in-France.jpg&amp;description=Leitfaden%20Pariser%20Gesetze%20f%C3%BCr%20Airbnb-Vermietungen%20%7C%20ParisTouristInformation.fr','pinpro','kxzu3rgo'); return false;\" target=\"_blank\"><span><\/span><span>Pin<\/span><\/a><\/li>\n<\/ul>\n<h2>Wo kann man ein Airbnb in Paris mieten?<\/h2>\n<p>Als Erstes sollten Sie Ihre eigene Reiseroute zusammenstellen und dann entscheiden, wo Sie wohnen m\u00f6chten. Wenn Sie die ber\u00fchmtesten Museen und Sehensw\u00fcrdigkeiten wie das Louvre-Museum und die Kathedrale Notre Dame besuchen m\u00f6chten, sollten Sie im 1. oder 2. Wenn Sie sich im Zentrum aufhalten, k\u00f6nnen Sie in kurzer Zeit so viel wie m\u00f6glich sehen. Von hier aus k\u00f6nnen Sie mit der Metro zum Eiffelturm oder in das Viertel Montmartre fahren.Die Verkehrsmittel in Paris sind recht einfach. Selbst wenn Sie in der N\u00e4he des 8. und 9. Arrondissements wohnen, dauert es nicht l\u00e4nger als eine halbe Stunde, um mit der Metro das Stadtzentrum zu erreichen.<\/p>\n<p><strong>Lesen Sie mehr: <\/strong><a href=\"https:\/\/paristouristinformation.fr\/de\/planen\/wo-soll-ich-wohnen\/\" style=\"outline: none;\"><strong>Die besten Gegenden f\u00fcr einen Aufenthalt in Paris<\/strong><\/a><\/p>\n<p><strong>Lesen Sie mehr: <\/strong><a href=\"https:\/\/paristouristinformation.fr\/de\/planen\/3-tage\/\"><strong>Beste 3-Tage-Reise f\u00fcr Anf\u00e4nger in Paris<\/strong><\/a><\/p>\n<p><span><img decoding=\"async\" alt=\"paris apartments in Paris in France\" data-id=\"9049\" width=\"736\" data-init-width=\"1000\" height=\"493\" data-init-height=\"670\" title=\"paris apartments in Paris in France\" src=\"https:\/\/paristouristinformation.fr\/de\/wp-content\/uploads\/2021\/07\/paris-apartments-in-Paris-in-France.jpg\" data-width=\"736\" data-height=\"493\" style=\"\" loading=\"lazy\"><\/span><\/p>\n<ul>\n<li><a rel=\"noreferrer noopener nofollow\" href=\"https:\/\/pinterest.com\/pin\/create\/button\/?url=https:\/\/paristouristinformation.fr\/de\/airbnb-vermietungen\/?tve=true&amp;tcbf=0b17be7e4d&amp;is_video=false&amp;media=https:\/\/paristouristinformation.fr\/de\/wp-content\/uploads\/2021\/07\/paris-apartments-in-Paris-in-France.jpg&amp;description=Leitfaden%20Pariser%20Gesetze%20f%C3%BCr%20Airbnb-Vermietungen%20%7C%20ParisTouristInformation.fr\" onclick=\"essb.window('https:\/\/pinterest.com\/pin\/create\/button\/?url=https:\/\/paristouristinformation.fr\/de\/airbnb-vermietungen\/?tve=true&amp;tcbf=0b17be7e4d&amp;is_video=false&amp;media=https:\/\/paristouristinformation.fr\/de\/wp-content\/uploads\/2021\/07\/paris-apartments-in-Paris-in-France.jpg&amp;description=Leitfaden%20Pariser%20Gesetze%20f%C3%BCr%20Airbnb-Vermietungen%20%7C%20ParisTouristInformation.fr','pinpro','kxzu3rgq'); return false;\" target=\"_blank\"><span><\/span><span>Pin<\/span><\/a><\/li>\n<\/ul>\n<h2>Kurzfristige Inserate finden<\/h2>\n<p><span lang=\"en\"><span data-language-for-alternatives=\"en\" data-language-to-translate-into=\"tr\" data-phrase-index=\"0\">Geben Sie das Datum ein, an dem Sie einchecken und auschecken m\u00f6chten, sowie die Anzahl der Personen, die dort \u00fcbernachten werden, und sehen Sie sich die f\u00fcr Sie passenden Optionen an. In einer bezaubernden Stadt wie Paris m\u00fcssen Sie sich auf eine Vielzahl von Optionen einstellen. Erstellen Sie eine Favoritenliste und grenzen Sie die Liste nach Ihren Priorit\u00e4ten ein.<\/span><\/span><\/p>\n<h2>Langfristige Inserate finden<\/h2>\n<p>Nachdem Sie die Stadt ausgew\u00e4hlt haben, k\u00f6nnen Sie auf der Airbnb Webseite nach der Kategorie &#8222;Monatsmiete&#8220; suchen und nach Unterk\u00fcnften f\u00fcr l\u00e4ngere Aufenthalte Ausschau halten. Airbnb hatte die Funktion &#8222;Einfachere monatliche Vermietungen&#8220; eingef\u00fchrt, mit der Reisende eine Unterkunft f\u00fcr einen Zeitraum von achtundzwanzig Tagen bis sechs Monaten finden konnten.Bei Aufenthalten von weniger als 28 N\u00e4chten k\u00f6nnen die Gastgeber w\u00e4hlen, welche Stornierungsoptionen sie ihren G\u00e4sten anbieten m\u00f6chten. F\u00fcr Aufenthalte von 28 N\u00e4chten oder mehr gilt automatisch die langfristige Stornierungspolitik.<\/p>\n<h2>Sicherheitsma\u00dfnahmen bei Airbnb-Vermietungen in Paris<\/h2>\n<p>Paris hat mit 60.000 verf\u00fcgbaren Unterk\u00fcnften die h\u00f6chste Anzahl von Angeboten auf der Airbnb-Liste, mehr als jede andere Stadt der Welt. Die Stadtverwaltung erlaubt es Vermietern, ihre Wohnungen f\u00fcr maximal 120 Tage pro Jahr zu vermieten.<\/p>\n<p><a href=\"https:\/\/www.airbnb.co.uk\/help\/article\/1383\/responsible-hosting-in-france?_set_bev_on_new_domain=1625766456_MGI3MmFkN2U4NzIy\" target=\"_blank\" style=\"outline: none;\" rel=\"noopener nofollow\">Verantwortungsvolles Hosting in Frankreich<\/a><\/p>\n<p><span><img decoding=\"async\" alt=\"paris view in Paris in France\" data-id=\"9050\" width=\"736\" data-init-width=\"1200\" height=\"386\" data-init-height=\"630\" title=\"paris view in Paris in France\" src=\"https:\/\/paristouristinformation.fr\/de\/wp-content\/uploads\/2021\/07\/paris-view-in-Paris-in-France.jpg\" data-width=\"736\" data-height=\"386\" style=\"\" loading=\"lazy\"><\/span><\/p>\n<ul>\n<li><a rel=\"noreferrer noopener nofollow\" href=\"https:\/\/pinterest.com\/pin\/create\/button\/?url=https:\/\/paristouristinformation.fr\/de\/airbnb-vermietungen\/?tve=true&amp;tcbf=0b17be7e4d&amp;is_video=false&amp;media=https:\/\/paristouristinformation.fr\/de\/wp-content\/uploads\/2021\/07\/paris-view-in-Paris-in-France.jpg&amp;description=Leitfaden%20Pariser%20Gesetze%20f%C3%BCr%20Airbnb-Vermietungen%20%7C%20ParisTouristInformation.fr\" onclick=\"essb.window(&#039;https:\/\/pinterest.com\/pin\/create\/button\/?url=https:\/\/paristouristinformation.fr\/de\/airbnb-vermietungen\/?tve=true&amp;tcbf=0b17be7e4d&amp;is_video=false&amp;media=https:\/\/paristouristinformation.fr\/de\/wp-content\/uploads\/2021\/07\/paris-view-in-Paris-in-France.jpg&amp;description=Leitfaden%20Pariser%20Gesetze%20f%C3%BCr%20Airbnb-Vermietungen%20%7C%20ParisTouristInformation.fr&#039;,&#039;pinpro&#039;,&#039;kxzu3rgt&#039;); return false;\" target=\"_blank\"><span><\/span><span>Pin<\/span><\/a><\/li>\n<\/ul>\n<h2>Tipps f\u00fcr einen angenehmen Aufenthalt in einem Pariser Airbnb<\/h2>\n<p>Wenn Sie Gastgeber mit vielen guten Bewertungen auf Airbnb und in der Kategorie &#8222;Superhost&#8220; w\u00e4hlen, verringern Sie das Risiko negativer Erfahrungen erheblich.Vergewissern Sie sich, dass die Unterkunft, die Sie gefunden haben, einen offiziellen 13-stelligen Registrierungscode hat, der mit 75 beginnt.Einige Gastgeber geben die Lage der Unterkunft mit &#8222;nahe dem Stadtzentrum&#8220; an. Es ist jedoch immer sinnvoll, den Wahrheitsgehalt dieser Angabe zu hinterfragen und eine gute Recherche dar\u00fcber anzustellen. Die vermeintlich nahe Lage kann manchmal sogar eine halbe Stunde entfernt sein.Denken Sie daran, dass das Bewertungssystem auf Gegenseitigkeit beruht. Das bedeutet, dass Sie auch von Ihrem Gastgeber bewertet werden, genauso wie Sie einen Kommentar zu Ihrem Aufenthalt abgeben k\u00f6nnen. Es ist n\u00fctzlich zu wissen, dass nicht jeder Service, der in Hotels angeboten wird, auch bei Airbnb verf\u00fcgbar ist. Die G\u00e4ste sollten sich so aufmerksam wie m\u00f6glich um den Ort k\u00fcmmern.Tun Sie Ihr Bestes, um p\u00fcnktlich zu sein und niemanden unn\u00f6tig warten zu lassen. Wenn es aufgrund einer unerwarteten Situation zu einer Verz\u00f6gerung kommt, w\u00e4re es h\u00f6flicher, die Situation zu melden.<\/p>\n<h2 style=\"\">Verwandte Artikel:<\/h2>\n<div class=\"tcb-post-list tve-content-list thrv_wrapper\" data-type=\"grid\" data-pagination-type=\"none\" data-pages_near_current=\"2\" data-css=\"tve-u-17df38ebe99\" data-total_post_count=\"1\" data-total_sticky_count=\"0\" data-no_posts_text=\"There are no posts to display.\"><article id=\"post-8889\" class=\"post-8889 page type-page status-publish has-post-thumbnail hentry post-wrapper thrv_wrapper thrive-animated-item  tve_evt_manager_listen tve_ea_thrive_animation tve_et_mouseover tve_anim_grow\" tcb_hover_state_parent=\"\" class=\"tve_evt_manager_listen tve_ea_thrive_animation tve_et_mouseover tve_anim_grow\" data-id=\"8889\" data-selector=\".post-wrapper\"><style class=\"tcb-post-list-dynamic-style\" type=\"text\/css\">@media (min-width: 300px){[].tcb-post-list #post-8889 []{background-image: url(&#8222;https:\/\/www.paristouristinformation.fr\/de\/wp-content\/uploads\/2021\/07\/pickpockets-in-Paris-in-France-1024x538.jpg&#8222;) !important;}[].tcb-post-list #post-8889 []:hover []{background-image: url(&#8222;https:\/\/www.paristouristinformation.fr\/de\/wp-content\/uploads\/2021\/07\/pickpockets-in-Paris-in-France-1024x538.jpg&#8222;) !important;}}<\/style><a href=\"https:\/\/www.paristouristinformation.fr\/de\/faq\/taschendiebe-verhindern-paris\/\" dynamic-postlink=\"tcb_post_the_permalink\" data-shortcode-id=\"6888\"><\/a><\/p>\n<h3 style=\"text-align: center; padding-top: 0px !important; margin-top: 0px !important;\"><span data-attr-link=\"1\" data-attr-rel=\"0\" data-attr-target=\"0\" data-extra_key=\"\" data-option-inline=\"1\" data-shortcode=\"tcb_post_title\" data-shortcode-name=\"Post title\" data-attr-css=\"\" data-attr-static-link=\"{&quot;className&quot;:&quot;tve-froala fr-basic&quot;,&quot;href&quot;:&quot;https:\/\/paristouristinformation.fr\/de\/faq\/apps-2\/&quot;,&quot;title&quot;:&quot;TOP 12 der besten Apps f\u00fcr einen Besuch in Paris: Transport, Entdeckungen, Tipps&quot;,&quot;class&quot;:&quot;tve-froala fr-basic&quot;}\" style=\"\"><a href=\"https:\/\/www.paristouristinformation.fr\/de\/faq\/taschendiebe-verhindern-paris\/\" title=\"Taschendiebe in Paris vermeiden | Einfache &amp; N\u00fctzliche Tipps\" data-css=\"\" class=\"tve-froala fr-basic\">Taschendiebe in Paris vermeiden | Einfache &amp; N\u00fctzliche Tipps<\/a><\/span><\/h3>\n<p><\/article><\/div>\n","protected":false},"excerpt":{"rendered":"<p>Wenn Sie auf Ihren Reisen nach einem gem\u00fctlichen Zuhause suchen, k\u00f6nnen Sie Ihre Unterkunft aus den H\u00e4usern w\u00e4hlen, die auf der Airbnb Webseite aufgelistet sind. In der Regel haben Sie den Vorteil, dass Sie im Vergleich zu Hotels in derselben Lage und Gr\u00f6\u00dfe g\u00fcnstigere Preise finden. Pin Wo kann man ein Airbnb in Paris mieten? [&hellip;]<\/p>\n","protected":false},"author":9,"featured_media":9047,"parent":0,"menu_order":0,"comment_status":"closed","ping_status":"closed","template":"","meta":{"footnotes":""},"tags":[],"class_list":{"0":"post-8115","1":"page","2":"type-page","3":"status-publish","4":"has-post-thumbnail","5":"hentry","6":"post-wrapper","7":"thrv_wrapper","10":"thrive-animated-item"},"wp-worthy-pixel":{"ignored":false,"public":"9e39e81c70254805a31f5fea09fc507c","server":"vg07.met.vgwort.de","url":"https:\/\/vg07.met.vgwort.de\/na\/9e39e81c70254805a31f5fea09fc507c"},"wp-worthy-type":"normal","_links":{"self":[{"href":"https:\/\/www.paristouristinformation.fr\/de\/wp-json\/wp\/v2\/pages\/8115","targetHints":{"allow":["GET"]}}],"collection":[{"href":"https:\/\/www.paristouristinformation.fr\/de\/wp-json\/wp\/v2\/pages"}],"about":[{"href":"https:\/\/www.paristouristinformation.fr\/de\/wp-json\/wp\/v2\/types\/page"}],"author":[{"embeddable":true,"href":"https:\/\/www.paristouristinformation.fr\/de\/wp-json\/wp\/v2\/users\/9"}],"replies":[{"embeddable":true,"href":"https:\/\/www.paristouristinformation.fr\/de\/wp-json\/wp\/v2\/comments?post=8115"}],"version-history":[{"count":0,"href":"https:\/\/www.paristouristinformation.fr\/de\/wp-json\/wp\/v2\/pages\/8115\/revisions"}],"wp:featuredmedia":[{"embeddable":true,"href":"https:\/\/www.paristouristinformation.fr\/de\/wp-json\/wp\/v2\/media\/9047"}],"wp:attachment":[{"href":"https:\/\/www.paristouristinformation.fr\/de\/wp-json\/wp\/v2\/media?parent=8115"}],"wp:term":[{"taxonomy":"post_tag","embeddable":true,"href":"https:\/\/www.paristouristinformation.fr\/de\/wp-json\/wp\/v2\/tags?post=8115"}],"curies":[{"name":"wp","href":"https:\/\/api.w.org\/{rel}","templated":true}]}}