{"id":8125,"date":"2021-03-03T21:06:29","date_gmt":"2021-03-03T21:06:29","guid":{"rendered":"https:\/\/paristouristinformation.fr\/de\/\/?page_id=8125"},"modified":"2024-01-20T10:27:54","modified_gmt":"2024-01-20T10:27:54","slug":"hop-on-hop-off-paris","status":"publish","type":"page","link":"https:\/\/www.paristouristinformation.fr\/de\/sehenswurdigkeiten\/hop-on-hop-off-paris\/","title":{"rendered":"Hop On Hop Off Paris: Tickets f\u00fcr Bus &#038; Boot Touren"},"content":{"rendered":"<p>Unter St\u00e4dtereisenden ist <strong>eine der beliebtesten Arten, eine fremde Stadt kennenzulernen<\/strong>, das Sightseeing nach dem Hop On Hop Off Prinzip, bei dem man w\u00e4hrend der Tour <strong>an einer beliebigen Haltestelle aussteigen und sp\u00e4ter an derselben oder irgendeiner anderen Haltestelle wieder einsteigen<\/strong> kann.<\/p>\n<p>In Paris fahren <strong>nicht nur Busse<\/strong> nach diesem Grundsatz, <strong>sondern auch Boote<\/strong> auf der Seine. Das bietet Ihnen die M\u00f6glichkeit, die franz\u00f6sische Hauptstadt zu Lande und zu Wasser kennenzulernen.<\/p>\n<p>Mehrere Anbieter streiten sich um die Gunst der Touristen. Sie bieten Touren an, die sich sehr \u00e4hneln. In diesem Artikel erfahren Sie <strong>alles zum Thema Hop On Hop Off Paris<\/strong>.&nbsp;<\/p>\n<p>Wir stellen Ihnen die Anbieter f\u00fcr Hop On Hop Off Touren und deren <strong>Ticketoptionen<\/strong> vor, aus denen Sie <strong>Ihre Favoriten aussuchen<\/strong> k\u00f6nnen, auch solche, die in Kombination mit Eintrittskarten zu Museen oder anderen Attraktionen in der Seine-Metropole angeboten werden.<\/p>\n<p><span><img decoding=\"async\" alt=\"tour bus in Paris in France\" data-id=\"9068\" width=\"736\" data-init-width=\"1000\" height=\"493\" data-init-height=\"670\" title=\"tour bus in Paris in France\" src=\"https:\/\/paristouristinformation.fr\/de\/wp-content\/uploads\/2021\/07\/tour-bus-in-Paris-in-France.jpg\" data-width=\"736\" data-height=\"493\" style=\"aspect-ratio: auto 1000 \/ 670;\" loading=\"lazy\"><\/span><\/p>\n<h2 id=\"t-1689762157850\">Ticketoptionen f\u00fcr Hop On Hop Off Touren in Paris<\/h2>\n<p>Es gibt viele Internetportale, die Tickets f\u00fcr Hop On Hop Off Touren anbieten. Da f\u00e4llt es bisweilen schwer, sich f\u00fcr die richtigen zu entscheiden. Deshalb haben wir Ihnen die Arbeit abgenommen und <strong>alle Tickets, die angeboten werden, f\u00fcr Sie verglichen<\/strong>.<\/p>\n<p>Damit Sie Ihre Stadtbesichtigung nach dem Hop On Hop Off Prinzip in aller Ruhe und ohne Stress genie\u00dfen k\u00f6nnen, empfehlen wir, <strong>Tickets bereits im Vorfeld Ihres geplanten Besuches online zu besorgen<\/strong>. Klicken Sie einfach auf die Option Ihrer Wahl und kaufen Sie Ihre bevorzugten Tickets.<\/p>\n<h2 id=\"t-1610539832045\">Hop On Hop Off mit Tootbus Paris<\/h2>\n<blockquote data-instgrm-permalink=\"https:\/\/www.instagram.com\/p\/CvrIybzv-Nc\/?utm_source=ig_embed&amp;utm_campaign=loading\" data-instgrm-version=\"14\" style=\" background:#FFF; border:0; border-radius:3px; box-shadow:0 0 1px 0 rgba(0,0,0,0.5),0 1px 10px 0 rgba(0,0,0,0.15); margin: 1px; max-width:540px; min-width:326px; padding:0; width:99.375%; width:-webkit-calc(100% - 2px); width:calc(100% - 2px);\"><p> <a href=\"https:\/\/www.instagram.com\/p\/CvrIybzv-Nc\/?utm_source=ig_embed&amp;utm_campaign=loading\" style=\" background:#FFFFFF; line-height:0; padding:0 0; text-align:center; text-decoration:none; width:100%;\" target=\"_blank\" rel=\"noopener nofollow\">       Bu g\u00f6nderiyi Instagram&#8217;da g\u00f6r            <\/a><\/p>\n<p style=\" color:#c9c8cd; font-family:Arial,sans-serif; font-size:14px; line-height:17px; margin-bottom:0; margin-top:8px; overflow:hidden; padding:8px 0 7px; text-align:center; text-overflow:ellipsis; white-space:nowrap;\"><a href=\"https:\/\/www.instagram.com\/p\/CvrIybzv-Nc\/?utm_source=ig_embed&amp;utm_campaign=loading\" style=\" color:#c9c8cd; font-family:Arial,sans-serif; font-size:14px; font-style:normal; font-weight:normal; line-height:17px; text-decoration:none;\" target=\"_blank\" rel=\"noopener nofollow\">Tootbus Paris (@tootbusparis)&#8217;in payla\u015ft\u0131\u011f\u0131 bir g\u00f6nderi<\/a><\/p>\n<\/blockquote>\n<p>[tcb-script async=&#8220;&#8220; src=&#8220;\/\/www.instagram.com\/embed.js&#8220;][\/tcb-script]<\/p>\n<p>Die Doppeldeckerbusse von Tootbus Paris in den Farben der franz\u00f6sischen Trikolore verkehren auf einer Route mit 10 Stationen. An Bord gibt es einen Audioguide in 5 Sprachen, inklusive Deutsch, Einwegkopfh\u00f6rer und WLAN gratis.&nbsp;<\/p>\n<h2 id=\"t-1691571071209\">Tickets f\u00fcr Hop On Hop Off Touren mit Tootbus<\/h2>\n<h2 id=\"t-1691571071210\">Kombi-Tickets f\u00fcr Hop On Hop Off Touren mit Tootbus<\/h2>\n<p><span><img decoding=\"async\" alt=\"hop-on hop-off bus in Paris in France\" data-id=\"9069\" width=\"736\" data-init-width=\"1000\" height=\"493\" data-init-height=\"670\" title=\"hop-on hop-off bus in Paris in France\" src=\"https:\/\/paristouristinformation.fr\/de\/wp-content\/uploads\/2021\/07\/hop-on-hop-off-bus-in-Paris-in-France-1.jpg\" data-width=\"736\" data-height=\"493\" style=\"aspect-ratio: auto 1000 \/ 670;\" loading=\"lazy\"><\/span><\/p>\n<h3 style=\"\"><a href=\"https:\/\/www.tootbus.com\/en\/paris\/map\" target=\"_blank\" rel=\"nofollow noopener\" style=\"outline: none;\"><span style=\"text-decoration: underline;\">Klassische Route (Blaue Route) von Tootbus<\/span><\/a><\/h3>\n<p>Sehen Sie die ikonischen Sehensw\u00fcrdigkeiten im Herzen der Stadt, darunter Eiffelturm, Champs-Elys\u00e9es, Grand Palais und Notre Dame.<\/p>\n<ul>\n<li><strong>Haltestellen:&nbsp;<\/strong>1: Printemps\/Galerie Lafayette2: Opera Garnier 3: Mus\u00e9e du Louvre 4: Notre Dame\/Quartier Latin5: Musee d&#8217;Orsay 6: Concorde7: Champs-Elys\u00e9es\/Lido8: Trocad\u00e9ro9: Tour Eiffel10: Pont Alexandre III\/Invalides<\/li>\n<li><strong>Fahrtdauer:&nbsp;<\/strong>Eine komplette Tour ohne Ausstieg dauert rund 135 Minuten.<\/li>\n<li><strong>Abfahrtszeiten:&nbsp;<\/strong>Die Busse fahren in der Hauptsaison t\u00e4glich von 9:30 bis 18:30 Uhr, auch an Feiertagen. In der Nebensaison startet der letzte Bus bereits um 16:30 Uhr.<\/li>\n<li><strong>Taktung:&nbsp;<\/strong>Die Busse fahren je nach Verkehrslage alle 10 bis 15 Minuten.<\/li>\n<\/ul>\n<p><strong>Tipp:&nbsp;<\/strong>Laden Sie die kostenlose Mobile App von Tootbus Paris im <a href=\"https:\/\/apps.apple.com\/de\/app\/tootbus-city-guide\/id1539663642\" style=\"outline: none;\" target=\"_blank\" rel=\"nofollow noopener\"><span style=\"text-decoration: underline;\">Apple Store<\/span><\/a>&nbsp;&nbsp;und&nbsp;<a href=\"https:\/\/play.google.com\/store\/apps\/details?id=com.ratpdev.esight\" style=\"outline: none;\" target=\"_blank\" rel=\"nofollow noopener\">Google Play Store<\/a> herunter, um detaillierte Stadtpl\u00e4ne und Live-Ankunftszeiten der Busse zu sehen.<\/p>\n<h2 id=\"t-1610539832044\">Hop On Hop Off mit Big Bus Paris<\/h2>\n<blockquote data-instgrm-permalink=\"https:\/\/www.instagram.com\/p\/CuOyfuBI7Kc\/?utm_source=ig_embed&amp;utm_campaign=loading\" data-instgrm-version=\"14\" style=\" background:#FFF; border:0; border-radius:3px; box-shadow:0 0 1px 0 rgba(0,0,0,0.5),0 1px 10px 0 rgba(0,0,0,0.15); margin: 1px; max-width:540px; min-width:326px; padding:0; width:99.375%; width:-webkit-calc(100% - 2px); width:calc(100% - 2px);\"><p> <a href=\"https:\/\/www.instagram.com\/p\/CuOyfuBI7Kc\/?utm_source=ig_embed&amp;utm_campaign=loading\" style=\" background:#FFFFFF; line-height:0; padding:0 0; text-align:center; text-decoration:none; width:100%;\" target=\"_blank\" rel=\"noopener nofollow\">       Bu g\u00f6nderiyi Instagram&#8217;da g\u00f6r            <\/a><\/p>\n<p style=\" color:#c9c8cd; font-family:Arial,sans-serif; font-size:14px; line-height:17px; margin-bottom:0; margin-top:8px; overflow:hidden; padding:8px 0 7px; text-align:center; text-overflow:ellipsis; white-space:nowrap;\"><a href=\"https:\/\/www.instagram.com\/p\/CuOyfuBI7Kc\/?utm_source=ig_embed&amp;utm_campaign=loading\" style=\" color:#c9c8cd; font-family:Arial,sans-serif; font-size:14px; font-style:normal; font-weight:normal; line-height:17px; text-decoration:none;\" target=\"_blank\" rel=\"noopener nofollow\">@bigbustours&#8217;in payla\u015ft\u0131\u011f\u0131 bir g\u00f6nderi<\/a><\/p>\n<\/blockquote>\n<p>[tcb-script async=&#8220;&#8220; src=&#8220;\/\/www.instagram.com\/embed.js&#8220;][\/tcb-script]<\/p>\n<p>Die weinroten Doppeldeckerbusse von Big Bus Paris verkehren auf einer Route mit 10 Stationen. An Bord gibt es einen Audioguide in 11 Sprachen, inklusive Deutsch, Einwegkopfh\u00f6rer und WLAN gratis.&nbsp;<\/p>\n<h2 id=\"t-1691571071211\">Tickets f\u00fcr Hop On Hop Off Touren mit Big Bus<\/h2>\n<p><span><img decoding=\"async\" alt=\"boat tour on Seine in Paris in France\" data-id=\"9071\" width=\"736\" data-init-width=\"1000\" height=\"493\" data-init-height=\"670\" title=\"boat tour on Seine in Paris in France\" src=\"https:\/\/paristouristinformation.fr\/de\/wp-content\/uploads\/2021\/07\/boat-tour-on-Seine-in-Paris-in-France.jpg\" data-width=\"736\" data-height=\"493\" style=\"aspect-ratio: auto 1000 \/ 670;\" loading=\"lazy\"><\/span><\/p>\n<h2 id=\"t-1691571071212\">Kombi-Tickets f\u00fcr Hop On Hop Off Touren mit Big Bus<\/h2>\n<h3><span style=\"text-decoration: underline;\"><a href=\"https:\/\/www.bigbustours.com\/de\/paris\/paris-routen-karten\" target=\"_blank\" rel=\"nofollow noopener\" style=\"outline: none;\"><span>Klassische Route (Rote Route) von&nbsp;<\/span>Big Bus<\/a><\/span><\/h3>\n<p><a href=\"https:\/\/www.bigbustours.com\/de\/paris\/paris-routen-karten\" style=\"outline: none;\" target=\"_blank\" rel=\"noopener nofollow\"><\/a>Sehen Sie die ikonischen Sehensw\u00fcrdigkeiten im Herzen der Stadt, darunter Eiffelturm, Arc de Triomphe, Louvre und Notre Dame.<\/p>\n<ul>\n<li><strong>Haltestellen:&nbsp;<\/strong>1: Tour Eiffel &#8211; Quai Branly2: Champ de Mars &#8211; Avenue Joseph Bouvard3: Opera Garnier &#8211; gegen\u00fcber der Rue Scribe 15 4: Louvre &#8211; Pyramide \/ Big-Bus-Informationszentrum 5: Louvre &#8211; Pont des Arts &#8211; Quai Francois Mitterrand 6: Notre Dame &#8211; 3 Rue Lagrange 7: Musee d&#8217;Orsay &#8211; 58 Place Henry de Montherlant 8: Champs-Elysees &#8211; 156 Avenue des Champs-Elysees 9: Grand Palais &#8211; Avenue Winston Churchill 10: Trocadero &#8211; Avenue Paul Doumer<\/li>\n<li><strong>Fahrtdauer:&nbsp;<\/strong>Eine komplette Tour ohne Ausstieg dauert rund 135 Minuten.<\/li>\n<li><strong>Abfahrtszeiten:&nbsp;<\/strong>Die Busse fahren t\u00e4glich von 9:45 bis 17:30 Uhr, auch an Feiertagen.<\/li>\n<li><strong>Taktung:&nbsp;<\/strong>Die Busse fahren je nach Verkehrslage alle 7 bis 15 Minuten.<\/li>\n<\/ul>\n<p><strong>Tipp: <\/strong>Laden Sie die kostenlose Mobile App von Big Bus Tours im <a href=\"https:\/\/apps.apple.com\/de\/app\/big-bus-tours\/id590746945\" style=\"outline: none;\" target=\"_blank\" rel=\"nofollow noopener\">Apple Store<\/a> und <a href=\"https:\/\/play.google.com\/store\/apps\/details?id=com.bigbustours.bbt&amp;hl=de&amp;gl=US\" style=\"outline: none;\" target=\"_blank\" rel=\"nofollow noopener\">Google Play Store<\/a> herunter, um detaillierte Stadtpl\u00e4ne und Live-Ankunftszeiten der Busse zu sehen.<\/p>\n<h3 data-placeholder=\"\u00dcbersetzung\" dir=\"ltr\" style=\"text-align: center;\"><span lang=\"de\">Ihr pers\u00f6nlicher&nbsp;<\/span><span lang=\"de\">Paris-Guide&nbsp;<\/span><span lang=\"de\">auf Ihrem Handy!<\/span><\/h3>\n<p><span><img decoding=\"async\" alt=\"\" data-id=\"9833\" width=\"500\" data-init-width=\"1132\" height=\"225\" data-init-height=\"510\" title=\"yourmobileguide red logo\" src=\"https:\/\/paristouristinformation.fr\/de\/\/wp-content\/uploads\/2021\/09\/yourmobileguide-red-logo.png\" data-width=\"500\" data-height=\"225\" data-pin-media=\"https:\/\/paristouristinformation.fr\/de\/\/wp-content\/uploads\/2021\/03\/prag_50_sehenswuerdigkeiten_pinterest.jpg\" data-pin-description=\"What are the best attractions to do in Paris ? We have selected among all activities the best things to do in Paris : museums, theaters, theme parks...\" data-pin-url=\"https:\/\/paristouristinformation.fr\/de\/sehenswurdigkeiten\/attraktionen\/?tve=true&amp;tcbf=e45add7e54\" data-pinpro-key=\"e3fts6xiw\" style=\"aspect-ratio: auto 1132 \/ 510;\" loading=\"lazy\"><\/span><\/p>\n<p style=\"text-align: center;\"><span lang=\"de\">Entdecken Sie Paris&nbsp;<\/span><span lang=\"de\">in Ihrem<\/span><span lang=\"de\">eigenen Tempo&nbsp;<\/span><span lang=\"de\">mit unseren&nbsp;<\/span><span lang=\"de\">selbst gef\u00fchrten Audioguides.&nbsp;<\/span><strong><span lang=\"de\">App downloaden und installieren,<\/span><span lang=\"de\">Tour g\u00fcnstig kaufen, Paris erobern!<\/span><\/strong><\/p>\n<p><span><img decoding=\"async\" alt=\"\" data-id=\"12472\" width=\"324\" data-init-width=\"606\" height=\"493\" data-init-height=\"923\" title=\"YMG Paris - Alle Touren\" src=\"https:\/\/www.paristouristinformation.fr\/de\/wp-content\/uploads\/2023\/08\/YMG-Paris-Alle-Touren.png\" data-width=\"324\" data-height=\"493\" style=\"aspect-ratio: auto 606 \/ 923;\" data-pin-media=\"https:\/\/paristouristinformation.fr\/de\/\/wp-content\/uploads\/2021\/03\/prag_50_sehenswuerdigkeiten_pinterest.jpg\" data-pin-description=\"Find 100 ideas of fun things to do in Paris, create your own list and experience Paris in a unique way ! Museums, shops, parks, squares... and many more !\" data-pin-url=\"https:\/\/www.paristouristinformation.fr\/de\/?page_id=12302&amp;tve=true&amp;tcbf=10e44bb774\" data-pinpro-key=\"8ifst8x4o\" loading=\"lazy\"><\/span><\/p>\n<h2 id=\"t-1640459424642\">Hop On Hop Off mit Go City Paris All Inclusive Pass<\/h2>\n<p>Falls Sie in Paris so viel wie m\u00f6glich sehen und erleben und gleichzeitig so viel wie nur m\u00f6glich Geld einsparen m\u00f6chten, sollte der All Inclusive Pass von Go City sehr interessant f\u00fcr Sie sein.&nbsp;<\/p>\n<p>Mit dem Pass k\u00f6nnen Sie nicht nur die \u00f6ffentlichen Verkehrsmittel unbegrenzt benutzen, sondern haben freien Zugang zu 95 Sehensw\u00fcrdigkeiten, Attraktionen und Aktivit\u00e4ten. Dabei haben Sie den Vorteil, die Warteschlangen \u00fcberspringen zu k\u00f6nnen.Je nach Dauer Ihres Aufenthalts in Paris, k\u00f6nnen Sie zwischen 2, 3, 4 oder 6 Tagen w\u00e4hlen. Jeder Pass ist f\u00fcr die erworbene Anzahl von Kalendertagen ab der ersten Nutzung einer Attraktion g\u00fcltig. Im Preis ist ein 24-Stunden-Ticket f\u00fcr Hop On Hop Off mit Big Bus inbegriffen.<\/p>\n<h2 id=\"t-1691571071213\">Go City Paris All Inclusive Pass kaufen<\/h2>\n<h2 id=\"t-1689855637108\">Hop On Hop Off auf der Seine mit Batobus<\/h2>\n<blockquote data-instgrm-permalink=\"https:\/\/www.instagram.com\/p\/CsS-mhxo-Vk\/?utm_source=ig_embed&amp;utm_campaign=loading\" data-instgrm-version=\"14\" style=\" background:#FFF; border:0; border-radius:3px; box-shadow:0 0 1px 0 rgba(0,0,0,0.5),0 1px 10px 0 rgba(0,0,0,0.15); margin: 1px; max-width:540px; min-width:326px; padding:0; width:99.375%; width:-webkit-calc(100% - 2px); width:calc(100% - 2px);\"><p> <a href=\"https:\/\/www.instagram.com\/p\/CsS-mhxo-Vk\/?utm_source=ig_embed&amp;utm_campaign=loading\" style=\" background:#FFFFFF; line-height:0; padding:0 0; text-align:center; text-decoration:none; width:100%;\" target=\"_blank\" rel=\"noopener nofollow\">       Bu g\u00f6nderiyi Instagram&#8217;da g\u00f6r            <\/a><\/p>\n<p style=\" color:#c9c8cd; font-family:Arial,sans-serif; font-size:14px; line-height:17px; margin-bottom:0; margin-top:8px; overflow:hidden; padding:8px 0 7px; text-align:center; text-overflow:ellipsis; white-space:nowrap;\"><a href=\"https:\/\/www.instagram.com\/p\/CsS-mhxo-Vk\/?utm_source=ig_embed&amp;utm_campaign=loading\" style=\" color:#c9c8cd; font-family:Arial,sans-serif; font-size:14px; font-style:normal; font-weight:normal; line-height:17px; text-decoration:none;\" target=\"_blank\" rel=\"noopener nofollow\">Batobus Paris (@batobus_paris)&#8217;in payla\u015ft\u0131\u011f\u0131 bir g\u00f6nderi<\/a><\/p>\n<\/blockquote>\n<p>[tcb-script async=&#8220;&#8220; src=&#8220;\/\/www.instagram.com\/embed.js&#8220;][\/tcb-script]<\/p>\n<p>Batobus Paris ist ein einzigartiger Anbieter f\u00fcr Hop-On-Hop-Off-Touren, da seine Touren auf dem Fluss Seine stattfinden. Statt in einem Bus durch die Stadt zu fahren, haben Sie die M\u00f6glichkeit, Paris von der Seine aus zu erleben.<\/p>\n<p>Es ist eine sch\u00f6ne und entspannte Art, die Stadt zu sehen, und erm\u00f6glicht Ihnen, einige der bekanntesten Sehensw\u00fcrdigkeiten aus einer anderen Perspektive zu betrachten.<\/p>\n<p>Batobus hat neun Haltestellen, die an oder in der N\u00e4he von wichtigen Sehensw\u00fcrdigkeiten liegen. Diese sind:<\/p>\n<ol>\n<li>Eiffelturm<\/li>\n<li>Mus\u00e9e d&#8217;Orsay<\/li>\n<li>Saint-Germain-des-Pr\u00e9s<\/li>\n<li>Notre-Dame<\/li>\n<li>Jardin des Plantes \/ Cit\u00e9 de la Mode et du Design<\/li>\n<li>H\u00f4tel de Ville<\/li>\n<li>Louvre<\/li>\n<li>Champs-\u00c9lys\u00e9es<\/li>\n<li>Beaugrenelle<\/li>\n<\/ol>\n<p>Wie bei den Bustouren, k\u00f6nnen Sie beliebig oft ein- und aussteigen, um die Sehensw\u00fcrdigkeiten aus der N\u00e4he zu erkunden. Es gibt verschiedene Ticketoptionen, einschlie\u00dflich 24-Stunden- und 48-Stunden-P\u00e4ssen. Die Boote fahren in der Regel alle 20-30 Minuten ab.&nbsp;<\/p>\n<h2 id=\"t-1693473209917\">Tickets f\u00fcr Hop On Hop Off auf der Seine mit Batobus<\/h2>\n<h2 id=\"t-1693473209918\">Kombi-Tickets f\u00fcr Hop On Hop Off auf der Seine mit Batobus<\/h2>\n<h2 id=\"t-1689857943519\">Wie erreiche ich die Hop On Hop Off Tour Anbieter mit \u00f6ffentlichen Verkehrsmitteln?<\/h2>\n<p>Zwar k\u00f6nnen Sie Ihre Hop On Hop Off Tour an irgendeiner beliebigen Haltestelle beginnen, doch haben die Anbieter eine zentrale Starthaltestelle, an der Sie auch eventuelle Anliegen zur Sprache bringen k\u00f6nnen.<\/p>\n<h3>Tootbus Paris<\/h3>\n<p>Haltestelle 1 Printemps\/Galerie Lafayette: 11, Rue Auber, 75009 Paris&nbsp;<\/p>\n<ul>\n<li><strong>Mit der Metro<\/strong>Linien M3, M9 Station Havre-Caumartin und 3 Gehminuten<\/li>\n<li><strong>Mit dem Bus<\/strong>Linien 20, 21, 27, 29, 32, 66, 95 Haltestelle Auber und 1 Gehminute<\/li>\n<li><strong>Mit dem Zug<\/strong>RER A Bahnhof Auber und 1 Gehminute<\/li>\n<\/ul>\n<p><strong>Standort auf dem Stadtplan<\/strong><\/p>\n<h3>Big Bus Paris&nbsp;<\/h3>\n<p>Haltestelle Louvre\/Pyramide: 11 Avenue de l&#8217;Op\u00e9ra, 75001 Paris<\/p>\n<ul>\n<li><strong>Mit der Metro<\/strong>Linien M7, M14 Station Pyramides und 1 GehminuteLinie M1 Station Tuileries und 7 GehminutenLinie M3 Station Quatre-Septembre und 7 Gehminuten<\/li>\n<li><strong>Mit dem Bus<\/strong>Linien 21, 27, 95 Haltestelle Pyramides und 1 GehminuteLinien 39, 68 Haltestelle Palais Royal-Com\u00e9die Fran\u00e7aise und 2 GehminutenLinien 69, 72 Haltestelle Palais Royal-Mus\u00e9e du Louvre und 4 Gehminuten<\/li>\n<li><strong>Mit dem Zug<\/strong>RER A Bahnhof Auber und 1 Gehminute<\/li>\n<\/ul>\n<p><strong>Standort auf dem Stadtplan<\/strong><\/p>\n<h3>Batobus Paris<\/h3>\n<p>Anlegestelle Eiffelturm: Port de la Bourdonnais, 75007 Paris<\/p>\n<ul>\n<li><strong>Mit der Metro<\/strong>Linie M6 Station Bir-Hakeim und 11 GehminutenLinie M9 Station I\u00e9na und 12 Gehminuten<\/li>\n<li><strong>Mit dem Bus<\/strong>Linien 30, 42, 82 Haltestelle Tour Eiffel und 1 GehminuteLinie 72 Haltestelle Pont d&#8217;I\u00e9na und 4 Gehminuten<\/li>\n<li><strong>Mit dem Zug<\/strong>RER C Bahnhof Bir-Hakeim und 11 Gehminuten<\/li>\n<\/ul>\n<p><strong>Standort auf dem Stadtplan<\/strong><\/p>\n<h3 id=\"t-1640459424643\" style=\"\">Verwandte Artikel<\/h3>\n<p><a href=\"https:\/\/www.paristouristinformation.fr\/de\/sehenswurdigkeiten\/disneyland\/\" dynamic-postlink=\"tcb_post_the_permalink\" data-shortcode-id=\"1003\"><\/a><\/p>\n<h3 style=\"text-align: center; padding-top: 0px !important; margin-top: 0px !important;\"><span data-attr-link=\"1\" data-attr-rel=\"0\" data-attr-target=\"0\" data-extra_key=\"\" data-option-inline=\"1\" data-shortcode=\"tcb_post_title\" data-shortcode-name=\"Post title\" data-attr-css=\"\" data-attr-static-link=\"{&quot;className&quot;:&quot;&quot;,&quot;href&quot;:&quot;https:\/\/www.paristouristinformation.fr\/de\/sehenswurdigkeiten\/disneyland\/&quot;,&quot;title&quot;:&quot;Disneyland Paris\u00ae: Tickets, Preise, Attraktionen, Hotels&quot;,&quot;class&quot;:&quot;&quot;}\" style=\"\"><a href=\"https:\/\/www.paristouristinformation.fr\/de\/sehenswurdigkeiten\/disneyland\/\" title=\"Disneyland Paris\u00ae: Tickets, Preise, Attraktionen, Hotels\" data-css=\"\">Disneyland Paris\u00ae: Tickets, Preise, Attraktionen, Hotels<\/a><\/span><\/h3>\n<p><a href=\"https:\/\/www.paristouristinformation.fr\/de\/kostenlos\/\" dynamic-postlink=\"tcb_post_the_permalink\" data-shortcode-id=\"1003\"><\/a><\/p>\n<h3 style=\"text-align: center; padding-top: 0px !important; margin-top: 0px !important;\"><span data-attr-link=\"1\" data-attr-rel=\"0\" data-attr-target=\"0\" data-extra_key=\"\" data-option-inline=\"1\" data-shortcode=\"tcb_post_title\" data-shortcode-name=\"Post title\" data-attr-css=\"\" data-attr-static-link=\"{&quot;className&quot;:&quot;&quot;,&quot;href&quot;:&quot;https:\/\/www.paristouristinformation.fr\/de\/sehenswurdigkeiten\/disneyland\/&quot;,&quot;title&quot;:&quot;Disneyland Paris\u00ae: Tickets, Preise, Attraktionen, Hotels&quot;,&quot;class&quot;:&quot;&quot;}\" style=\"\"><a href=\"https:\/\/www.paristouristinformation.fr\/de\/kostenlos\/\" title=\"Top 10 kostenlose Attraktionen in Paris\" data-css=\"\">Top 10 kostenlose Attraktionen in Paris<\/a><\/span><\/h3>\n<p><a href=\"https:\/\/www.paristouristinformation.fr\/de\/sehenswurdigkeiten\/brucke\/\" dynamic-postlink=\"tcb_post_the_permalink\" data-shortcode-id=\"1003\"><\/a><\/p>\n<h3 style=\"text-align: center; padding-top: 0px !important; margin-top: 0px !important;\"><span data-attr-link=\"1\" data-attr-rel=\"0\" data-attr-target=\"0\" data-extra_key=\"\" data-option-inline=\"1\" data-shortcode=\"tcb_post_title\" data-shortcode-name=\"Post title\" data-attr-css=\"\" data-attr-static-link=\"{&quot;className&quot;:&quot;&quot;,&quot;href&quot;:&quot;https:\/\/www.paristouristinformation.fr\/de\/sehenswurdigkeiten\/disneyland\/&quot;,&quot;title&quot;:&quot;Disneyland Paris\u00ae: Tickets, Preise, Attraktionen, Hotels&quot;,&quot;class&quot;:&quot;&quot;}\" style=\"\"><a href=\"https:\/\/www.paristouristinformation.fr\/de\/sehenswurdigkeiten\/brucke\/\" title=\"5 ber\u00fchmtesten Br\u00fccken in Paris | Karte, Lage, Tipps\" data-css=\"\">5 ber\u00fchmtesten Br\u00fccken in Paris | Karte, Lage, Tipps<\/a><\/span><\/h3>\n<p><a href=\"https:\/\/www.paristouristinformation.fr\/de\/sehenswurdigkeiten\/eiffelturm\/\" dynamic-postlink=\"tcb_post_the_permalink\" data-shortcode-id=\"1003\"><\/a><\/p>\n<h3 style=\"text-align: center; padding-top: 0px !important; margin-top: 0px !important;\"><span data-attr-link=\"1\" data-attr-rel=\"0\" data-attr-target=\"0\" data-extra_key=\"\" data-option-inline=\"1\" data-shortcode=\"tcb_post_title\" data-shortcode-name=\"Post title\" data-attr-css=\"\" data-attr-static-link=\"{&quot;className&quot;:&quot;&quot;,&quot;href&quot;:&quot;https:\/\/www.paristouristinformation.fr\/de\/sehenswurdigkeiten\/disneyland\/&quot;,&quot;title&quot;:&quot;Disneyland Paris\u00ae: Tickets, Preise, Attraktionen, Hotels&quot;,&quot;class&quot;:&quot;&quot;}\" style=\"\"><a href=\"https:\/\/www.paristouristinformation.fr\/de\/sehenswurdigkeiten\/eiffelturm\/\" title=\"Guide zum Eiffelturm: Tickets &amp; Tipps, Infos &amp; Fakten\" data-css=\"\">Guide zum Eiffelturm: Tickets &amp; Tipps, Infos &amp; Fakten<\/a><\/span><\/h3>\n","protected":false},"excerpt":{"rendered":"<p>Unter St\u00e4dtereisenden ist eine der beliebtesten Arten, eine fremde Stadt kennenzulernen, das Sightseeing nach dem Hop On Hop Off Prinzip, bei dem man w\u00e4hrend der Tour an einer beliebigen Haltestelle aussteigen und sp\u00e4ter an derselben oder irgendeiner anderen Haltestelle wieder einsteigen kann. In Paris fahren nicht nur Busse nach diesem Grundsatz, sondern auch Boote auf [&hellip;]<\/p>\n","protected":false},"author":9,"featured_media":9066,"parent":12302,"menu_order":0,"comment_status":"closed","ping_status":"closed","template":"","meta":{"footnotes":""},"tags":[],"class_list":["post-8125","page","type-page","status-publish","has-post-thumbnail","hentry","post-wrapper","thrv_wrapper"],"wp-worthy-pixel":{"ignored":false,"public":"72992780576a43e795aad5d385688366","server":"vg07.met.vgwort.de","url":"https:\/\/vg07.met.vgwort.de\/na\/72992780576a43e795aad5d385688366"},"wp-worthy-type":"normal","_links":{"self":[{"href":"https:\/\/www.paristouristinformation.fr\/de\/wp-json\/wp\/v2\/pages\/8125","targetHints":{"allow":["GET"]}}],"collection":[{"href":"https:\/\/www.paristouristinformation.fr\/de\/wp-json\/wp\/v2\/pages"}],"about":[{"href":"https:\/\/www.paristouristinformation.fr\/de\/wp-json\/wp\/v2\/types\/page"}],"author":[{"embeddable":true,"href":"https:\/\/www.paristouristinformation.fr\/de\/wp-json\/wp\/v2\/users\/9"}],"replies":[{"embeddable":true,"href":"https:\/\/www.paristouristinformation.fr\/de\/wp-json\/wp\/v2\/comments?post=8125"}],"version-history":[{"count":0,"href":"https:\/\/www.paristouristinformation.fr\/de\/wp-json\/wp\/v2\/pages\/8125\/revisions"}],"up":[{"embeddable":true,"href":"https:\/\/www.paristouristinformation.fr\/de\/wp-json\/wp\/v2\/pages\/12302"}],"wp:featuredmedia":[{"embeddable":true,"href":"https:\/\/www.paristouristinformation.fr\/de\/wp-json\/wp\/v2\/media\/9066"}],"wp:attachment":[{"href":"https:\/\/www.paristouristinformation.fr\/de\/wp-json\/wp\/v2\/media?parent=8125"}],"wp:term":[{"taxonomy":"post_tag","embeddable":true,"href":"https:\/\/www.paristouristinformation.fr\/de\/wp-json\/wp\/v2\/tags?post=8125"}],"curies":[{"name":"wp","href":"https:\/\/api.w.org\/{rel}","templated":true}]}}