{"id":8370,"date":"2023-01-18T11:10:00","date_gmt":"2023-01-18T11:10:00","guid":{"rendered":"https:\/\/paristouristinformation.fr\/de\/\/?page_id=406"},"modified":"2024-01-20T10:19:38","modified_gmt":"2024-01-20T10:19:38","slug":"parkplatz","status":"publish","type":"page","link":"https:\/\/www.paristouristinformation.fr\/de\/planen\/offentliche-verkehrsmittel\/parkplatz\/","title":{"rendered":"Parken in Paris | Hilfreiche Tipps, Infos &#038; Kosten"},"content":{"rendered":"<p>Sie wollen Paris mit dem Auto besuchen? Wir wollen ehrlich zu Ihnen sein: <strong>Autofahren ist wirklich NICHT der beste Weg<\/strong>, um die altmodischen Stra\u00dfen von Paris zu entdecken und sich in Paris zurechtzufinden.Die franz\u00f6sische Hauptstadt ist die verkehrsreichste Stadt des Landes mit einem ernsthaften <strong>Parkplatzproblem <\/strong>f\u00fcr Autos. Es ist eine gro\u00dfe Herausforderung (k\u00f6rperlich und geistig), in den Stra\u00dfen von Paris einen Parkplatz zu finden, vor allem, wenn man die strengen Vorschriften beachtet. Zum Gl\u00fcck gibt es einige M\u00f6glichkeiten, die Sie in diesem Artikel lesen werden.Dank dieses Artikels werden Sie wissen, <strong>wo Sie parken k\u00f6nnen, wie viel das kostet und welche Hilfsmittel Sie verwenden k\u00f6nnen,<\/strong> um Zeit und Geld zu sparen. Viel Spa\u00df mit den Informationen und eine sichere Reise!<\/p>\n<h2 style=\"\" id=\"t-1612205940980\">Parken auf den Stra\u00dfen von Paris<\/h2>\n<p>Es gibt zwei Hauptalternativen: Parkpl\u00e4tze <strong>auf der Stra\u00dfe und in der Tiefgarage.<\/strong> Eine sehr seltene M\u00f6glichkeit ist die Suche nach einem kostenlosen Parkplatz. Wir empfehlen Ihnen, nicht danach zu suchen, denn diese wenigen Pl\u00e4tze sind fast nie verf\u00fcgbar.Sie werden das franz\u00f6sische Wort <strong>&#8222;payant&#8220;<\/strong> sehen, das die wei\u00df gestreiften Bereiche markiert, die Sie bezahlen m\u00fcssen. Die <strong>gelben Streifen <\/strong>weisen darauf hin, dass dieser Bereich f\u00fcr Busse und Taxis bestimmt ist, so dass Sie diese meiden sollten.Vielleicht brauchen Sie Ihr Auto ein paar Tage nach Ihrer Ankunft in Paris nicht, aber bedenken Sie, dass Sie Ihr Auto <strong>nicht l\u00e4nger als 24 Stunden <\/strong>auf den Stra\u00dfen von Paris stehen lassen d\u00fcrfen.In diesem Fall sollten Sie also besser den Platz wechseln oder eine langfristig verf\u00fcgbare Tiefgarage w\u00e4hlen.<\/p>\n<h3 style=\"\">Preise und Bezahlung<\/h3>\n<p>Zun\u00e4chst sollten Sie wissen, dass das Parken auf den Stra\u00dfen von Paris <strong>sonntags und nachts <\/strong>(zwischen 20:00 und 9:00 Uhr) v\u00f6llig kostenlos ist, sofern Sie einen Parkplatz finden.W\u00e4hrend der regul\u00e4ren Tageszeiten m\u00fcssen Sie ein <strong>Ticket kaufen.<\/strong> Sie werden die Parkautomaten auf dem Gel\u00e4nde sehen. Ziehen Sie Ihr Ticket an diesen Automaten und haben Sie etwas Geduld, es kann einige Zeit dauern.Vergessen Sie nicht, <span style=\"text-decoration: underline;\">Ihr Ticket f\u00fcr die Kontrolleure sichtbar hinter Ihre Windschutzscheibe zu legen.<\/span>Wenn Sie zur\u00fcckkommen, k\u00f6nnen Sie die Zeit, die Sie geblieben sind, mit Ihrer Kreditkarte aus dem mit &#8222;CB&#8220; gekennzeichneten Schlitz bezahlen, was &#8222;Card Bancaire&#8220; bedeutet. In Paris gibt es <strong>zwei verschiedene Tarife<\/strong>. In den zentralsten Vierteln (vom 1. bis 11. Arrondissement) kostet es <span style=\"text-decoration: underline;\">4 \u20ac pro Stunde, <\/span>w\u00e4hrend es in der zweiten Zone, die bis zum Ende des 20. Arrondissements reicht, <span style=\"text-decoration: underline;\">2,4 \u20ac kostet.<\/span><\/p>\n<ul>\n<li><span style=\"\">Planen Sie Ihre Reise nach Paris? Wir haben f\u00fcr Sie eine Liste mit den<em><strong>&nbsp;<\/strong><\/em><a href=\"https:\/\/paristouristinformation.fr\/de\/sehenswurdigkeiten\/museum\/\"><strong>30 besten Museen in Paris<\/strong> <\/a>zusammengestellt.<\/span><\/li>\n<\/ul>\n<p><span><img decoding=\"async\" alt=\"Parking Underground in Paris\" data-id=\"6723\" width=\"702\" data-init-width=\"1000\" height=\"468\" data-init-height=\"667\" title=\"Parking Underground in Paris\" src=\"https:\/\/paristouristinformation.fr\/de\/wp-content\/uploads\/2021\/01\/Parking-Underground-in-Paris.jpg\" data-width=\"702\" data-height=\"468\" data-pinpro-key=\"272tq0cbv\" loading=\"lazy\"><\/span><\/p>\n<h2 style=\"color: rgb(4, 4, 4) !important; --tcb-applied-color:  rgb(4, 4, 4)  !important;\" id=\"t-1612205940981\">Tiefgaragen in Paris<\/h2>\n<p>Tiefgaragen sind <strong>\u00fcberall in den zentralen Vierteln von Paris<\/strong> zu finden. Sie erkennen die Einfahrten an den <strong><span style=\"color: var(--tcb-skin-color-18);\">blauen quadratischen &#8222;P&#8220;<\/span><\/strong>-Schildern an den Stra\u00dfen. Sie sind alle rund um die Uhr in Betrieb.<\/p>\n<h3 style=\"color: rgb(11, 11, 11) !important; --tcb-applied-color:  rgb(11, 11, 11)  !important;\">Preise und Bezahlung<\/h3>\n<p>Die <strong>Preise <\/strong>liegen zwischen <span style=\"text-decoration: underline;\">2,50 und 5 \u20ac pro Stunde<\/span> oder <span style=\"text-decoration: underline;\">20-25 \u20ac f\u00fcr einen Tag<\/span>. Sie m\u00fcssen Ihr Ticket an den Eing\u00e4ngen ziehen, um hineinzufahren. Vor der Ausfahrt m\u00fcssen Sie an den Automaten bezahlen. Mit der Quittung wird die Schranke bei der Ausfahrt ge\u00f6ffnet.Aufgrund der hohen Nachfrage reservieren viele Pariser B\u00fcrger ihre Parkpl\u00e4tze im Voraus \u00fcber Websites und Apps.In Paris gibt es Dutzende von Tiefgaragenpl\u00e4tzen, angefangen bei denen im Stadtzentrum.<\/p>\n<p><strong>Tipp:<\/strong> Es gibt einen direkt unter dem Nullpunkt von Paris, wo die Kathedrale Notre Dame steht.<\/p>\n<h3 style=\"color: rgb(0, 0, 0) !important; --tcb-applied-color:  rgb(0, 0, 0)  !important;\">5 zentrale U-Bahn-Parkpl\u00e4tze in wichtigen Stadtvierteln von Paris:<\/h3>\n<h4>In der N\u00e4he des Eiffelturms :<\/h4>\n<ul>\n<li>Interparking Pullman Tour Eiffel, 18 Avenue de Suffren, 75015 Paris, Frankreich<\/li>\n<\/ul>\n<h4>In der N\u00e4he des Louvre-Museums:<\/h4>\n<ul>\n<li>Saemes Parking Pyramides, 15 Rue des Pyramides, 75001 Paris, Frankreich<\/li>\n<\/ul>\n<h4>In Saint-Germain Bereich :<\/h4>\n<ul>\n<li>Indigo Parking, 9 Rue de Montalembert, 75007 Paris, Frankreich<\/li>\n<\/ul>\n<h4>In der N\u00e4he von Montmartre :<\/h4>\n<ul>\n<li>One Park Anvers, 41 Blvd de Rochechouart, 75009 Paris, Frankreich<\/li>\n<\/ul>\n<h4>In der N\u00e4he von Le Marais :<\/h4>\n<ul>\n<li>Interparking Temple, 132 Rue du Temple, 75003 Paris, Frankreich<\/li>\n<\/ul>\n<p><span><img decoding=\"async\" alt=\"\" data-id=\"4852\" width=\"702\" data-init-width=\"1000\" height=\"468\" data-init-height=\"667\" title=\"parking signs in paris france\" src=\"https:\/\/paristouristinformation.fr\/de\/wp-content\/uploads\/2020\/12\/parking-signs-in-paris-france.jpg\" data-width=\"702\" data-height=\"468\" data-pinpro-key=\"fi1iveirh\" loading=\"lazy\"><\/span><div class=\"tcb-post-list tve-content-list thrv_wrapper\" data-type=\"grid\" data-pagination-type=\"none\" data-pages_near_current=\"2\" data-css=\"tve-u-17743cf55e4\" data-total_post_count=\"3\" data-total_sticky_count=\"0\" data-no_posts_text=\"There are no posts to display.\"><article id=\"post-3563\" class=\"post-3563 page type-page status-publish has-post-thumbnail hentry post-wrapper thrv_wrapper thrive-animated-item \" tcb_hover_state_parent=\"\" shortcode=\"tcb_post_list\" data-id=\"3563\" data-selector=\".post-wrapper\"><style class=\"tcb-post-list-dynamic-style\" type=\"text\/css\"><\/style><\/p>\n<h3 style=\"\"><span data-attr-link=\"1\" data-attr-rel=\"0\" data-attr-target=\"0\" data-extra_key=\"\" data-option-inline=\"1\" data-shortcode=\"tcb_post_title\" data-shortcode-name=\"Post title\" data-attr-css=\"\" style=\"\" data-attr-static-link=\"{&quot;className&quot;:&quot;tve-froala fr-basic&quot;,&quot;href&quot;:&quot;https:\/\/paristouristinformation.fr\/de\/hotel\/&quot;,&quot;title&quot;:&quot;Empfohlene Hotels in Paris&quot;,&quot;class&quot;:&quot;tve-froala fr-basic&quot;}\"><a href=\"https:\/\/www.paristouristinformation.fr\/de\/hotel\/\" title=\"Empfohlene Hotels in Paris | Hotel Guide f\u00fcr Paris\" data-css=\"\" class=\"tve-froala fr-basic\">Empfohlene Hotels in Paris | Hotel Guide f\u00fcr Paris<\/a><\/span><\/h3>\n<p><\/article><article id=\"post-8388\" class=\"post-8388 page type-page status-publish has-post-thumbnail hentry post-wrapper thrv_wrapper thrive-animated-item \" tcb_hover_state_parent=\"\" shortcode=\"tcb_post_list\" data-id=\"8388\" data-selector=\".post-wrapper\"><style class=\"tcb-post-list-dynamic-style\" type=\"text\/css\"><\/style><\/p>\n<h3 style=\"\"><span data-attr-link=\"1\" data-attr-rel=\"0\" data-attr-target=\"0\" data-extra_key=\"\" data-option-inline=\"1\" data-shortcode=\"tcb_post_title\" data-shortcode-name=\"Post title\" data-attr-css=\"\" style=\"\" data-attr-static-link=\"{&quot;className&quot;:&quot;tve-froala fr-basic&quot;,&quot;href&quot;:&quot;https:\/\/paristouristinformation.fr\/de\/hotel\/&quot;,&quot;title&quot;:&quot;Empfohlene Hotels in Paris&quot;,&quot;class&quot;:&quot;tve-froala fr-basic&quot;}\"><a href=\"https:\/\/www.paristouristinformation.fr\/de\/planen\/offentliche-verkehrsmittel\/taxi\/\" title=\"Taxi in Paris | Preise, Infos &amp; Tipps zur Buchung\" data-css=\"\" class=\"tve-froala fr-basic\">Taxi in Paris | Preise, Infos &amp; Tipps zur Buchung<\/a><\/span><\/h3>\n<p><\/article><article id=\"post-8370\" class=\"post-8370 page type-page status-publish has-post-thumbnail hentry post-wrapper thrv_wrapper thrive-animated-item \" tcb_hover_state_parent=\"\" shortcode=\"tcb_post_list\" data-id=\"8370\" data-selector=\".post-wrapper\"><style class=\"tcb-post-list-dynamic-style\" type=\"text\/css\"><\/style><\/p>\n<h3 style=\"\"><span data-attr-link=\"1\" data-attr-rel=\"0\" data-attr-target=\"0\" data-extra_key=\"\" data-option-inline=\"1\" data-shortcode=\"tcb_post_title\" data-shortcode-name=\"Post title\" data-attr-css=\"\" style=\"\" data-attr-static-link=\"{&quot;className&quot;:&quot;tve-froala fr-basic&quot;,&quot;href&quot;:&quot;https:\/\/paristouristinformation.fr\/de\/hotel\/&quot;,&quot;title&quot;:&quot;Empfohlene Hotels in Paris&quot;,&quot;class&quot;:&quot;tve-froala fr-basic&quot;}\"><a href=\"https:\/\/www.paristouristinformation.fr\/de\/planen\/offentliche-verkehrsmittel\/parkplatz\/\" title=\"Parken in Paris | Hilfreiche Tipps, Infos &amp; Kosten\" data-css=\"\" class=\"tve-froala fr-basic\">Parken in Paris | Hilfreiche Tipps, Infos &amp; Kosten<\/a><\/span><\/h3>\n<p><\/article><\/div><\/p>\n<h2 style=\"\" id=\"t-1612205940982\">Die besten mobilen Apps zum Parken in Paris<\/h2>\n<p>Es gibt mehrere Smartphone-Apps, die Ihnen helfen k\u00f6nnen, <strong>einen Parkplatz zu finden<\/strong> oder einen <strong>Parkplatz im Voraus zu buchen.<\/strong> Die Einheimischen nutzen sie in der Regel, um zu wissen, welcher Bahnhof freie Pl\u00e4tze hat, bevor sie dorthin fahren. Das spart in der Regel auch Zeit. Hier sind die Namen der beliebtesten Apps f\u00fcr das Parken in Paris:<\/p>\n<ul>\n<li><strong>Parclick<\/strong> &#8211; <a href=\"https:\/\/parclick.com\/parking-paris\" style=\"outline: none;\" target=\"_blank\" rel=\"noopener nofollow\">www.parclick.com\/parking-paris<\/a>, eine n\u00fctzliche interaktive Karte mit Preisen<\/li>\n<li><strong>Parkingside<\/strong> &#8211; <a href=\"http:\/\/ParkingsdeParis.com\" style=\"outline: none;\" target=\"_blank\" rel=\"noopener nofollow\">www.ParkingsdeParis.com<\/a>, einen g\u00fcnstigen Parkplatz im Voraus zu buchen<\/li>\n<li><strong>One Park<\/strong> &#8211; <a href=\"https:\/\/www.onepark.fr\/en\" style=\"outline: none;\" target=\"_blank\" rel=\"noopener nofollow\">www.onepark.fr\/en<\/a>,vergleicht die Parkpl\u00e4tze in der Umgebung<\/li>\n<li><strong>Q-Park Paris<\/strong> &#8211; <a href=\"https:\/\/www.q-park-resa.fr\/en\/car-park\" style=\"outline: none;\" target=\"_blank\" rel=\"noopener nofollow\">www.q-park-resa.fr\/en\/car-park<\/a>, listet Ihnen alle Einrichtungen mit Parkplatz um Sie herum<\/li>\n<li><strong>Zen Park<\/strong> &#8211; <a href=\"http:\/\/www.zenpark.com\" style=\"outline: none;\" target=\"_blank\" rel=\"noopener nofollow\">www.zenpark.com<\/a>, einen Parkplatz zu teilen<\/li>\n<li><strong>Polly<\/strong> &#8211; <a href=\"http:\/\/www.parking-polly.com\" style=\"outline: none;\" target=\"_blank\" rel=\"noopener nofollow\">www.parking-polly.com<\/a>, bringt Sie in 10 Minuten zum Parken.&nbsp;<\/li>\n<\/ul>\n<h2 style=\"color: rgb(0, 0, 0) !important; --tcb-applied-color:  rgb(0, 0, 0)  !important;\" id=\"t-1612205940983\">Hotels mit Parkplatz in Paris<\/h2>\n<p>Es gibt viele Hotels im Zentrum von Paris, <strong>die Parkpl\u00e4tze anbieten.<\/strong> Wenn Sie einen Parkplatz f\u00fcr Ihr Auto ben\u00f6tigen, w\u00e4hrend Sie Paris erkunden, sollten Sie die Hotels, die diesen Service anbieten, \u00fcberpr\u00fcfen. Hier finden Sie ein paar solcher Hotels:<\/p>\n<ul>\n<li><span itemprop=\"name\"><strong>B&amp;B H\u00f4tel Disneyland Paris<\/strong>, am Disneyland<\/span><\/li>\n<li><strong>Le Bristol<\/strong>, am Faubourg St Honor\u00e9 (Champs-\u00c9lys\u00e9es)<\/li>\n<li><strong>H\u00f4tel LB<\/strong>, am Louis Blanc (Sacr\u00e9-Coeur)<\/li>\n<li><strong>H\u00f4tel Ibis Cambronne<\/strong>, am Eiffelturm<\/li>\n<\/ul>\n<h2 style=\"color: rgb(0, 0, 0) !important; --tcb-applied-color:  rgb(0, 0, 0)  !important;\" id=\"t-1612205940984\">Sicherheit und Diebstahl in Paris<\/h2>\n<p>Autodiebst\u00e4hle sind in Paris nicht \u00fcblich, aber wenn Sie Wertsachen von au\u00dfen sichtbar liegen lassen, kann es passieren, dass eine Ihrer Scheiben eingeschlagen wird (auch bei Kleidung, einer schicken Sporttasche, einer Brille oder Handschuhen, die wertvoll sind oder wertvoll erscheinen).Wenn Sie Hilfe von der Polizei ben\u00f6tigen, ist die <strong>112 <\/strong>f\u00fcr allgemeine Notrufe und die <strong>17 <\/strong>speziell f\u00fcr die Polizei zust\u00e4ndig.Jetzt wissen Sie alles, was Sie brauchen, um bei Ihren Reisen mit dem Auto in Paris sehr klug vorzugehen. Teilen Sie uns Ihre Erfahrungen und Fragen in den Kommentaren unten mit!<\/p>\n<p>__CONFIG_colors_palette__{&#8222;active_palette&#8220;:0,&#8220;config&#8220;:{&#8222;colors&#8220;:{&#8222;f8570&#8220;:{&#8222;name&#8220;:&#8220;Main Accent&#8220;,&#8220;parent&#8220;:-1}},&#8220;gradients&#8220;:[]},&#8220;palettes&#8220;:[{&#8222;name&#8220;:&#8220;Default Palette&#8220;,&#8220;value&#8220;:{&#8222;colors&#8220;:{&#8222;f8570&#8220;:{&#8222;val&#8220;:&#8220;var(&#8211;tcb-skin-color-0)&#8220;}},&#8220;gradients&#8220;:[]},&#8220;original&#8220;:{&#8222;colors&#8220;:{&#8222;f8570&#8220;:{&#8222;val&#8220;:&#8220;rgb(19, 114, 211)&#8220;,&#8220;hsl&#8220;:{&#8222;h&#8220;:210,&#8220;s&#8220;:0.83,&#8220;l&#8220;:0.45}}},&#8220;gradients&#8220;:[]}}]}__CONFIG_colors_palette__ <a href=\"https:\/\/www.tiqets.com\/de\/paris-sehenswuerdigkeiten-c66746\/tickets-fur-seine-flussfahrt-mit-bateaux-mouches-p982823\/?partner=checkfortrip\" target=\"_blank\" rel=\"noopener nofollow\"> <span><span>Buchen Sie hier Ihre Seine-Kreuzfahrt mit Bateaux Mouches<\/span><\/span> <\/a> __CONFIG_colors_palette__{&#8222;active_palette&#8220;:0,&#8220;config&#8220;:{&#8222;colors&#8220;:{&#8222;f8570&#8220;:{&#8222;name&#8220;:&#8220;Main Accent&#8220;,&#8220;parent&#8220;:-1}},&#8220;gradients&#8220;:[]},&#8220;palettes&#8220;:[{&#8222;name&#8220;:&#8220;Default Palette&#8220;,&#8220;value&#8220;:{&#8222;colors&#8220;:{&#8222;f8570&#8220;:{&#8222;val&#8220;:&#8220;var(&#8211;tcb-skin-color-0)&#8220;}},&#8220;gradients&#8220;:[]},&#8220;original&#8220;:{&#8222;colors&#8220;:{&#8222;f8570&#8220;:{&#8222;val&#8220;:&#8220;rgb(19, 114, 211)&#8220;,&#8220;hsl&#8220;:{&#8222;h&#8220;:210,&#8220;s&#8220;:0.83,&#8220;l&#8220;:0.45}}},&#8220;gradients&#8220;:[]}}]}__CONFIG_colors_palette__ <a href=\"https:\/\/www.tiqets.com\/de\/paris-sehenswuerdigkeiten-c66746\/tickets-fur-hop-on-hop-off-bus-und-boot-p974812\/?partner=checkfortrip\" target=\"_blank\" rel=\"noopener nofollow\"> <span><span>Buchen Sie hier Ihre Hop-on Hop-off Bus &amp; Boot Tour<\/span><\/span> <\/a><\/p>\n<h2 style=\"\" id=\"t-1640503989394\">Verwandte Artikel:<\/h2>\n<div class=\"tcb-post-list tve-content-list thrv_wrapper\" data-type=\"grid\" data-pagination-type=\"none\" data-pages_near_current=\"2\" data-css=\"tve-u-17df5aec373\" data-total_post_count=\"4\" data-total_sticky_count=\"0\" data-no_posts_text=\"There are no posts to display.\"><article id=\"post-3806\" class=\"post-3806 page type-page status-publish has-post-thumbnail hentry post-wrapper thrv_wrapper thrive-animated-item  tve_evt_manager_listen tve_ea_thrive_animation tve_et_mouseover tve_anim_grow\" tcb_hover_state_parent=\"\" class=\"tve_evt_manager_listen tve_ea_thrive_animation tve_et_mouseover tve_anim_grow\" data-id=\"3806\" data-selector=\".post-wrapper\"><style class=\"tcb-post-list-dynamic-style\" type=\"text\/css\">@media (min-width: 300px){[].tcb-post-list #post-3806 []{background-image: url(&#8222;https:\/\/www.paristouristinformation.fr\/de\/wp-content\/uploads\/2020\/12\/COVER-paris-metro-red-sign-paris-in-france-1024x683.jpg&#8222;) !important;}[].tcb-post-list #post-3806 []:hover []{background-image: url(&#8222;https:\/\/www.paristouristinformation.fr\/de\/wp-content\/uploads\/2020\/12\/COVER-paris-metro-red-sign-paris-in-france-1024x683.jpg&#8222;) !important;}}<\/style><a href=\"https:\/\/www.paristouristinformation.fr\/de\/planen\/offentliche-verkehrsmittel\/\" dynamic-postlink=\"tcb_post_the_permalink\" data-shortcode-id=\"3095\"><\/a><\/p>\n<h3 style=\"text-align: center; padding-top: 0px !important; margin-top: 0px !important;\"><span data-attr-link=\"1\" data-attr-rel=\"0\" data-attr-target=\"0\" data-extra_key=\"\" data-option-inline=\"1\" data-shortcode=\"tcb_post_title\" data-shortcode-name=\"Post title\" data-attr-css=\"\" data-attr-static-link=\"{&quot;className&quot;:&quot;tve-froala fr-basic&quot;,&quot;href&quot;:&quot;https:\/\/paristouristinformation.fr\/de\/planen\/gare-de-lest\/&quot;,&quot;title&quot;:&quot;F\u00fchrer des Bahnhofs Gare de l\u2019Est in Paris&quot;,&quot;class&quot;:&quot;tve-froala fr-basic&quot;}\" style=\"\"><a href=\"https:\/\/www.paristouristinformation.fr\/de\/planen\/offentliche-verkehrsmittel\/\" title=\"\u00d6ffentliche Verkehrsmittel in Paris | Tickets &amp; Fahrpl\u00e4ne [+ Rabatt]\" data-css=\"\" class=\"tve-froala fr-basic\">\u00d6ffentliche Verkehrsmittel in Paris | Tickets &amp; Fahrpl\u00e4ne [+ Rabatt]<\/a><\/span><\/h3>\n<p><\/article><article id=\"post-3149\" class=\"post-3149 page type-page status-publish has-post-thumbnail hentry post-wrapper thrv_wrapper thrive-animated-item  tve_evt_manager_listen tve_ea_thrive_animation tve_et_mouseover tve_anim_grow\" tcb_hover_state_parent=\"\" class=\"tve_evt_manager_listen tve_ea_thrive_animation tve_et_mouseover tve_anim_grow\" data-id=\"3149\" data-selector=\".post-wrapper\"><style class=\"tcb-post-list-dynamic-style\" type=\"text\/css\">@media (min-width: 300px){[].tcb-post-list #post-3149 []{background-image: url(&#8222;https:\/\/www.paristouristinformation.fr\/de\/wp-content\/uploads\/2020\/12\/COVER-gare-de-lyon-tower-in-paris-in-france-1024x684.jpg&#8222;) !important;}[].tcb-post-list #post-3149 []:hover []{background-image: url(&#8222;https:\/\/www.paristouristinformation.fr\/de\/wp-content\/uploads\/2020\/12\/COVER-gare-de-lyon-tower-in-paris-in-france-1024x684.jpg&#8222;) !important;}}<\/style><a href=\"https:\/\/www.paristouristinformation.fr\/de\/planen\/gare-de-lyon\/\" dynamic-postlink=\"tcb_post_the_permalink\" data-shortcode-id=\"3095\"><\/a><\/p>\n<h3 style=\"text-align: center; padding-top: 0px !important; margin-top: 0px !important;\"><span data-attr-link=\"1\" data-attr-rel=\"0\" data-attr-target=\"0\" data-extra_key=\"\" data-option-inline=\"1\" data-shortcode=\"tcb_post_title\" data-shortcode-name=\"Post title\" data-attr-css=\"\" data-attr-static-link=\"{&quot;className&quot;:&quot;tve-froala fr-basic&quot;,&quot;href&quot;:&quot;https:\/\/paristouristinformation.fr\/de\/planen\/gare-de-lest\/&quot;,&quot;title&quot;:&quot;F\u00fchrer des Bahnhofs Gare de l\u2019Est in Paris&quot;,&quot;class&quot;:&quot;tve-froala fr-basic&quot;}\" style=\"\"><a href=\"https:\/\/www.paristouristinformation.fr\/de\/planen\/gare-de-lyon\/\" title=\"Bahnhof Gare de Lyon in Paris | Anreise, Fahrplan &amp; Infos\" data-css=\"\" class=\"tve-froala fr-basic\">Bahnhof Gare de Lyon in Paris | Anreise, Fahrplan &amp; Infos<\/a><\/span><\/h3>\n<p><\/article><article id=\"post-3095\" class=\"post-3095 page type-page status-publish has-post-thumbnail hentry post-wrapper thrv_wrapper thrive-animated-item  tve_evt_manager_listen tve_ea_thrive_animation tve_et_mouseover tve_anim_grow\" tcb_hover_state_parent=\"\" class=\"tve_evt_manager_listen tve_ea_thrive_animation tve_et_mouseover tve_anim_grow\" data-id=\"3095\" data-selector=\".post-wrapper\"><style class=\"tcb-post-list-dynamic-style\" type=\"text\/css\">@media (min-width: 300px){[].tcb-post-list #post-3095 []{background-image: url(&#8222;https:\/\/www.paristouristinformation.fr\/de\/wp-content\/uploads\/2020\/12\/COVER-gare-de-lest-in-paris-1024x683.jpg&#8222;) !important;}[].tcb-post-list #post-3095 []:hover []{background-image: url(&#8222;https:\/\/www.paristouristinformation.fr\/de\/wp-content\/uploads\/2020\/12\/COVER-gare-de-lest-in-paris-1024x683.jpg&#8222;) !important;}}<\/style><a href=\"https:\/\/www.paristouristinformation.fr\/de\/planen\/gare-de-lest\/\" dynamic-postlink=\"tcb_post_the_permalink\" data-shortcode-id=\"3095\"><\/a><\/p>\n<h3 style=\"text-align: center; padding-top: 0px !important; margin-top: 0px !important;\"><span data-attr-link=\"1\" data-attr-rel=\"0\" data-attr-target=\"0\" data-extra_key=\"\" data-option-inline=\"1\" data-shortcode=\"tcb_post_title\" data-shortcode-name=\"Post title\" data-attr-css=\"\" data-attr-static-link=\"{&quot;className&quot;:&quot;tve-froala fr-basic&quot;,&quot;href&quot;:&quot;https:\/\/paristouristinformation.fr\/de\/planen\/gare-de-lest\/&quot;,&quot;title&quot;:&quot;F\u00fchrer des Bahnhofs Gare de l\u2019Est in Paris&quot;,&quot;class&quot;:&quot;tve-froala fr-basic&quot;}\" style=\"\"><a href=\"https:\/\/www.paristouristinformation.fr\/de\/planen\/gare-de-lest\/\" title=\"Bahnhof Paris Gare de l\u2019Est: Anreise, Fahrpl\u00e4ne, Hotels\" data-css=\"\" class=\"tve-froala fr-basic\">Bahnhof Paris Gare de l\u2019Est: Anreise, Fahrpl\u00e4ne, Hotels<\/a><\/span><\/h3>\n<p><\/article><article id=\"post-706\" class=\"post-706 page type-page status-publish has-post-thumbnail hentry post-wrapper thrv_wrapper thrive-animated-item  tve_evt_manager_listen tve_ea_thrive_animation tve_et_mouseover tve_anim_grow\" tcb_hover_state_parent=\"\" class=\"tve_evt_manager_listen tve_ea_thrive_animation tve_et_mouseover tve_anim_grow\" data-id=\"706\" data-selector=\".post-wrapper\"><style class=\"tcb-post-list-dynamic-style\" type=\"text\/css\">@media (min-width: 300px){[].tcb-post-list #post-706 []{background-image: url(&#8222;https:\/\/www.paristouristinformation.fr\/de\/wp-content\/uploads\/2021\/01\/How-to-Use-the-Metro-in-Paris-1024x538.jpg&#8222;) !important;}[].tcb-post-list #post-706 []:hover []{background-image: url(&#8222;https:\/\/www.paristouristinformation.fr\/de\/wp-content\/uploads\/2021\/01\/How-to-Use-the-Metro-in-Paris-1024x538.jpg&#8222;) !important;}}<\/style><a href=\"https:\/\/www.paristouristinformation.fr\/de\/planen\/offentliche-verkehrsmittel\/metro\/\" dynamic-postlink=\"tcb_post_the_permalink\" data-shortcode-id=\"3095\"><\/a><\/p>\n<h3 style=\"text-align: center; padding-top: 0px !important; margin-top: 0px !important;\"><span data-attr-link=\"1\" data-attr-rel=\"0\" data-attr-target=\"0\" data-extra_key=\"\" data-option-inline=\"1\" data-shortcode=\"tcb_post_title\" data-shortcode-name=\"Post title\" data-attr-css=\"\" data-attr-static-link=\"{&quot;className&quot;:&quot;tve-froala fr-basic&quot;,&quot;href&quot;:&quot;https:\/\/paristouristinformation.fr\/de\/planen\/gare-de-lest\/&quot;,&quot;title&quot;:&quot;F\u00fchrer des Bahnhofs Gare de l\u2019Est in Paris&quot;,&quot;class&quot;:&quot;tve-froala fr-basic&quot;}\" style=\"\"><a href=\"https:\/\/www.paristouristinformation.fr\/de\/planen\/offentliche-verkehrsmittel\/metro\/\" title=\"Metro in Paris | Infos, Tipps, Fahrkarten &amp; mehr\" data-css=\"\" class=\"tve-froala fr-basic\">Metro in Paris | Infos, Tipps, Fahrkarten &amp; mehr<\/a><\/span><\/h3>\n<p><\/article><\/div>\n","protected":false},"excerpt":{"rendered":"<p>Sie wollen Paris mit dem Auto besuchen? Wir wollen ehrlich zu Ihnen sein: Autofahren ist wirklich NICHT der beste Weg, um die altmodischen Stra\u00dfen von Paris zu entdecken und sich in Paris zurechtzufinden.Die franz\u00f6sische Hauptstadt ist die verkehrsreichste Stadt des Landes mit einem ernsthaften Parkplatzproblem f\u00fcr Autos. Es ist eine gro\u00dfe Herausforderung (k\u00f6rperlich und geistig), [&hellip;]<\/p>\n","protected":false},"author":9,"featured_media":6722,"parent":3806,"menu_order":0,"comment_status":"closed","ping_status":"closed","template":"","meta":{"footnotes":""},"tags":[],"class_list":{"0":"post-8370","1":"page","2":"type-page","3":"status-publish","4":"has-post-thumbnail","5":"hentry","6":"post-wrapper","7":"thrv_wrapper","10":"thrive-animated-item"},"wp-worthy-pixel":{"ignored":false,"public":"2c8dca4fc509456ab6752067260e816f","server":"vg07.met.vgwort.de","url":"https:\/\/vg07.met.vgwort.de\/na\/2c8dca4fc509456ab6752067260e816f"},"wp-worthy-type":"normal","_links":{"self":[{"href":"https:\/\/www.paristouristinformation.fr\/de\/wp-json\/wp\/v2\/pages\/8370","targetHints":{"allow":["GET"]}}],"collection":[{"href":"https:\/\/www.paristouristinformation.fr\/de\/wp-json\/wp\/v2\/pages"}],"about":[{"href":"https:\/\/www.paristouristinformation.fr\/de\/wp-json\/wp\/v2\/types\/page"}],"author":[{"embeddable":true,"href":"https:\/\/www.paristouristinformation.fr\/de\/wp-json\/wp\/v2\/users\/9"}],"replies":[{"embeddable":true,"href":"https:\/\/www.paristouristinformation.fr\/de\/wp-json\/wp\/v2\/comments?post=8370"}],"version-history":[{"count":0,"href":"https:\/\/www.paristouristinformation.fr\/de\/wp-json\/wp\/v2\/pages\/8370\/revisions"}],"up":[{"embeddable":true,"href":"https:\/\/www.paristouristinformation.fr\/de\/wp-json\/wp\/v2\/pages\/3806"}],"wp:featuredmedia":[{"embeddable":true,"href":"https:\/\/www.paristouristinformation.fr\/de\/wp-json\/wp\/v2\/media\/6722"}],"wp:attachment":[{"href":"https:\/\/www.paristouristinformation.fr\/de\/wp-json\/wp\/v2\/media?parent=8370"}],"wp:term":[{"taxonomy":"post_tag","embeddable":true,"href":"https:\/\/www.paristouristinformation.fr\/de\/wp-json\/wp\/v2\/tags?post=8370"}],"curies":[{"name":"wp","href":"https:\/\/api.w.org\/{rel}","templated":true}]}}