{"id":8384,"date":"2020-12-14T09:20:34","date_gmt":"2020-12-14T09:20:34","guid":{"rendered":"https:\/\/paristouristinformation.fr\/de\/\/gruppenreisen\/clone-of-incentives-beratung-support-inspiration\/"},"modified":"2023-05-31T13:11:56","modified_gmt":"2023-05-31T13:11:56","slug":"incentives","status":"publish","type":"page","link":"https:\/\/www.paristouristinformation.fr\/de\/gruppenreisen\/incentives\/","title":{"rendered":"Incentives in Paris: Beratung, Unterst\u00fctzung und Inspiration"},"content":{"rendered":"<h1>Incentives in Paris: Beratung, Unterst\u00fctzung und Inspiration<\/h1>\n<p>Wir beraten Sie \u00fcber die richtigen Incentives und das gesamte Begleitprogramm in Paris.<\/p>\n<ul>\n<li style=\"\"><span style=\"\">004361423306670<\/span><\/li>\n<li style=\"\"><span style=\"\"><span data-attr-id=\"17\" data-extra_key=\"1\" data-option-inline=\"1\" data-shortcode=\"thrive_global_fields\" data-shortcode-name=\"[Company] MICE E-Mail\" style=\"\"><\/span><\/span><\/li>\n<\/ul>\n<h2 style=\"\">Welche Incentives sind m\u00f6glich?<\/h2>\n<p style=\"\">Von einem Galadinner mit franz\u00f6sischer K\u00fcche \u00fcber eine private Seine-Flussfahrt bis hin zu einer Kabarett-Show im weltber\u00fchmten Moulin Rouge ist alles m\u00f6glich.Auch auf individuelle W\u00fcnsche gehen wir gerne ein.Die Paris Tourist Information begleitet die gesamte Auswahl, Planung und Durchf\u00fchrung von Incentives. Dazu geh\u00f6rt auf Wunsch auch das gesamte Rahmenprogramm.<\/p>\n<h3>Individuelle Anfragen:<\/h3>\n<p>Meetings, Konferenzen und Firmenveranstaltungen aus einer Hand in Paris. Von kleinen bis gro\u00dfen Veranstaltungen mit mehreren hundert Teilnehmern ist alles m\u00f6glich.Wir machen auch individuelle Ideen in Paris m\u00f6glich.<\/p>\n<ul>\n<li><span><strong>24\/7 Kundenbetreuung<\/strong><\/span><\/li>\n<li><span><strong>Kostenlose Erstberatung<\/strong><\/span><\/li>\n<li><span><strong>Aus einer einzigen Quelle<\/strong><\/span><\/li>\n<\/ul>\n<h2 style=\"\">FAQ<\/h2>\n<h2 style=\"text-align: center;\">10 m\u00f6gliche Incentives als Beispiel<\/h2>\n<p style=\"text-align: center;\">Was soll es sein? Eine Oper in der Op\u00e9ra Garnier, eine Weinverkostung in den Pariser Weinbergen, ein Galadinner in einem historischen Palast oder eine extravagante Kabarett-Show im Moulin Rouge?<\/p>\n<h3 style=\"\">1. Zum Wohl!<\/h3>\n<p style=\"\">Exklusive Weinverkostung in einem Weinkeller im Stadtzentrum, in den Weinbergen am Stadtrand oder in der Umgebung.<\/p>\n<h3 style=\"\">2. Op\u00e9ra Garnier<\/h3>\n<p>Eine klassische Opern- oder Ballettauff\u00fchrung im prachtvollen Ambiente der ber\u00fchmten Op\u00e9ra Garnier.<\/p>\n<h3 style=\"\">3. Seine-Kreuzfahrt<\/h3>\n<p style=\"\">Kreuzfahrt entlang der Seine und zahlreicher Pariser Sehensw\u00fcrdigkeiten mit Ihrem eigenen Schiff, inklusive Catering, Party und DJ.<\/p>\n<h3 style=\"\">4. Gala-Dinner<\/h3>\n<p style=\"\">Franz\u00f6sische Gourmetk\u00fcche in einem noblen Palast mit Kammermusik oder vielleicht in einem exklusiven Club mit einem DJ?<\/p>\n<h3 style=\"\">5. Verborgene Geheimnisse von Paris<\/h3>\n<p style=\"\">Ein privater Rundgang f\u00fchrt Sie zu den versteckten Winkeln von Paris &#8211; von Sehensw\u00fcrdigkeiten bis zu Restaurants &#8230;<\/p>\n<h3>6. Dinner Cruise Rallye<\/h3>\n<p style=\"\">Ausgestattet mit kniffligen Aufgaben und franz\u00f6sischen K\u00f6stlichkeiten werden Sie Paris mit dem Kultfahrzeug Citroen 2CV Ente entdecken.<\/p>\n<h3 style=\"\">7. H\u00f6hepunkte Tour<\/h3>\n<p style=\"\">Erkunden Sie die Highlights von Paris auf einer privaten Stadtrundfahrt.<\/p>\n<h3 style=\"\">8. Feiern wie ein K\u00f6nig<\/h3>\n<p style=\"\">Pr\u00e4chtige Locations f\u00fcr au\u00dfergew\u00f6hnliche Abendveranstaltungen. Alles ist m\u00f6glich wie ein Ball oder Kost\u00fcmball.<\/p>\n<h3 style=\"\">9. Moulin Rouge<\/h3>\n<p>Eine atemberaubende Show im ber\u00fchmtesten Kabarett der Welt! Auf Wunsch mit Champagner oder einem Abendmen\u00fc.<\/p>\n<h3 style=\"\">10. Die Klassiker<\/h3>\n<p style=\"\">Feuerspaziergang, Klettergarten, Flo\u00dfbau? Oder Paris mit einem Segway erkunden? Nat\u00fcrlich k\u00f6nnen wir auch solche Klassiker planen.<\/p>\n<h2>Sie haben noch nichts gefunden?<\/h2>\n<p>Wir helfen Ihnen gerne bei der Umsetzung ungew\u00f6hnlicher Ideen. In einem kostenlosen Erstgespr\u00e4ch beraten wir Sie \u00fcber die M\u00f6glichkeiten in Paris.<\/p>\n<ul>\n<li style=\"\"><span style=\"\"><span data-attr-id=\"19\" data-extra_key=\"1\" data-option-inline=\"1\" data-shortcode=\"thrive_global_fields\" data-shortcode-name=\"[Company] MICE Telefonnummer\"><\/span><\/span><\/li>\n<li style=\"\"><span style=\"\"><span data-shortcode=\"thrive_global_fields\" data-shortcode-name=\"[Company] MICE E-Mail\" data-extra_key=\"1\" data-attr-id=\"20\" data-option-inline=\"1\"><\/span><\/span><\/li>\n<\/ul>\n<h2 style=\"text-align: center;\"><strong>Vom Antrag zur Umsetzung<\/strong><\/h2>\n<p>1. Anfrage<\/p>\n<p>Sie teilen uns Ihre W\u00fcnsche telefonisch oder \u00fcber unser Kontaktformular mit. Wir rufen Sie gerne zur\u00fcck. Nach der ersten Kontaktaufnahme erhalten Sie innerhalb von 24 bis 48 Stunden ein unverbindliches Angebot.<\/p>\n<p>2. Planung<\/p>\n<p>Wir planen die Incentive-Reise in Paris oder, wenn Sie es w\u00fcnschen, das gesamte Rahmenprogramm. Wir \u00fcbernehmen die Koordinationsarbeit mit einem Ansprechpartner aus einer Hand.<\/p>\n<p>3. Umsetzung<\/p>\n<p>Wir unterst\u00fctzen Sie gerne bei Ihrer Veranstaltung. Sie haben w\u00e4hrend der gesamten Planung und Durchf\u00fchrung von Incentives denselben Ansprechpartner. Unser Support ist 24 Stunden am Tag erreichbar.<\/p>\n<h2>Kostenlose Erstberatung<\/h2>\n<p>Unsere Incentive-Spezialisten arbeiten mit Ihnen zusammen, um unvergessliche Erlebnisse in Paris zu planen. Von einer Weinprobe in den Pariser Weinbergen \u00fcber eine Kreuzfahrt auf der Seine bis hin zu einem Galadinner in einer exklusiven Location ist alles m\u00f6glich.Auch auf individuelle W\u00fcnsche gehen wir gerne ein.Es besteht die M\u00f6glichkeit, das gesamte Rahmenprogramm, vom Gruppenhotel bis zum Catering, \u00fcber einen zentralen Ansprechpartner zu buchen.<\/p>\n<h3>Voller Service<\/h3>\n<ul>\n<li style=\"\"><span style=\"\"><strong>Alles aus einer Hand:<\/strong> Bei uns gibt es keine unterschiedlichen Ansprechpartner.<\/span><\/li>\n<li><span><strong><strong>24\/7 Kundenbetreuung: <\/strong><\/strong>Wir sind bei der Planung und Durchf\u00fchrung von Veranstaltungen immer erreichbar, auch nachts und an Wochenenden.<\/span><\/li>\n<li><span><strong>Kostenlose Erstberatung: <\/strong>Gerne analysieren wir in einem ersten Gespr\u00e4ch Ihre Erwartungen.<\/span><\/li>\n<\/ul>\n<h2 style=\"text-align: center;\">Kostenlose Erstberatung<\/h2>\n<p style=\"text-align: center;\">Wir w\u00fcrden uns freuen, mit Ihnen \u00fcber Ihre Pl\u00e4ne zu sprechen. Sie k\u00f6nnen uns telefonisch erreichen unter<span data-shortcode=\"thrive_global_fields\" data-shortcode-name=\"[Company] MICE Telefonnummer\" data-extra_key=\"1\" data-attr-id=\"19\" data-option-inline=\"1\"><\/span>, E-Mail zum&nbsp;<span data-shortcode=\"thrive_global_fields\" data-shortcode-name=\"[Company] MICE E-Mail\" data-extra_key=\"1\" data-attr-id=\"20\" data-option-inline=\"1\"><\/span> oder \u00fcber das Kontaktformular.<\/p>\n","protected":false},"excerpt":{"rendered":"<p>Incentives in Paris: Beratung, Unterst\u00fctzung und Inspiration Wir beraten Sie \u00fcber die richtigen Incentives und das gesamte Begleitprogramm in Paris. 004361423306670 Welche Incentives sind m\u00f6glich? Von einem Galadinner mit franz\u00f6sischer K\u00fcche \u00fcber eine private Seine-Flussfahrt bis hin zu einer Kabarett-Show im weltber\u00fchmten Moulin Rouge ist alles m\u00f6glich.Auch auf individuelle W\u00fcnsche gehen wir gerne ein.Die Paris [&hellip;]<\/p>\n","protected":false},"author":9,"featured_media":0,"parent":3970,"menu_order":0,"comment_status":"closed","ping_status":"closed","template":"","meta":{"footnotes":"","tve_updated_post":"","tve_custom_css":"","tve_user_custom_css":"","tve_globals":{},"tcb2_ready":1,"tcb_editor_enabled":1,"tve_landing_page":"tcb2-blank-page","_tve_header":"2742","_tve_footer":"2743"},"tags":[],"class_list":["post-8384","page","type-page","status-publish","hentry","post-wrapper","thrv_wrapper"],"wp-worthy-pixel":{"ignored":false,"public":"4fea799c56b9442f9167d25bd94a099c","server":"vg06.met.vgwort.de","url":"https:\/\/vg06.met.vgwort.de\/na\/4fea799c56b9442f9167d25bd94a099c"},"wp-worthy-type":"normal","_links":{"self":[{"href":"https:\/\/www.paristouristinformation.fr\/de\/wp-json\/wp\/v2\/pages\/8384","targetHints":{"allow":["GET"]}}],"collection":[{"href":"https:\/\/www.paristouristinformation.fr\/de\/wp-json\/wp\/v2\/pages"}],"about":[{"href":"https:\/\/www.paristouristinformation.fr\/de\/wp-json\/wp\/v2\/types\/page"}],"author":[{"embeddable":true,"href":"https:\/\/www.paristouristinformation.fr\/de\/wp-json\/wp\/v2\/users\/9"}],"replies":[{"embeddable":true,"href":"https:\/\/www.paristouristinformation.fr\/de\/wp-json\/wp\/v2\/comments?post=8384"}],"version-history":[{"count":0,"href":"https:\/\/www.paristouristinformation.fr\/de\/wp-json\/wp\/v2\/pages\/8384\/revisions"}],"up":[{"embeddable":true,"href":"https:\/\/www.paristouristinformation.fr\/de\/wp-json\/wp\/v2\/pages\/3970"}],"wp:attachment":[{"href":"https:\/\/www.paristouristinformation.fr\/de\/wp-json\/wp\/v2\/media?parent=8384"}],"wp:term":[{"taxonomy":"post_tag","embeddable":true,"href":"https:\/\/www.paristouristinformation.fr\/de\/wp-json\/wp\/v2\/tags?post=8384"}],"curies":[{"name":"wp","href":"https:\/\/api.w.org\/{rel}","templated":true}]}}