{"id":8385,"date":"2020-12-14T13:29:44","date_gmt":"2020-12-14T13:29:44","guid":{"rendered":"https:\/\/paristouristinformation.fr\/de\/\/gruppenreisen\/clone-of-tagungsraum-konferenzsaal-meetingraum\/"},"modified":"2023-05-31T13:11:27","modified_gmt":"2023-05-31T13:11:27","slug":"meetingraum-konferenz","status":"publish","type":"page","link":"https:\/\/www.paristouristinformation.fr\/de\/gruppenreisen\/meetingraum-konferenz\/","title":{"rendered":"Full-Service Meetingraum, Konferenzsaal oder Tagungsraum in Paris"},"content":{"rendered":"<h1 style=\"\">Full-Service-Meetingraum, Konferenzsaal oder Tagungsraum in Paris<\/h1>\n<p>Wir bei Paris Tourist Information k\u00f6nnen Ihnen bei der Suche, Buchung und Planung des gesamten Begleitprogramms in Paris helfen.<\/p>\n<h2>Was ist der richtige Ort f\u00fcr Ihre Veranstaltung in Paris?<\/h2>\n<p>Wir sind Ihr kompetenter Partner, wenn es darum geht, R\u00e4ume f\u00fcr kleine Gruppen und Veranstaltungen f\u00fcr mehr als 1.000 Teilnehmer zu organisieren.Von Firmenveranstaltungen bis hin zu Modeschauen wie der Paris Fashion Week ist alles m\u00f6glich. Die R\u00e4ume, darunter der beliebte &#8222;Gustave Eiffel Reception Room&#8220; im 1. Stock des Eiffelturms, k\u00f6nnen f\u00fcr Pr\u00e4sentationen, Kundengespr\u00e4che und Seminare genutzt werden. Ob Konferenz, Seminar, Produktpr\u00e4sentation oder Modenschau, wir finden den richtigen Raum f\u00fcr Ihre individuellen Bed\u00fcrfnisse.Auf Wunsch \u00fcbernehmen wir f\u00fcr Sie die Full-Service-Buchung von Tagungsr\u00e4umen mit dem gesamten Rahmenprogramm.Die Bestuhlung k\u00f6nnen wir nach Ihren individuellen W\u00fcnschen organisieren. Zur Standardtechnik geh\u00f6ren Flipcharts und Anschl\u00fcsse f\u00fcr Pr\u00e4sentationen. Bei speziellen Meetingr\u00e4umen in 5-Sterne-Hotels sind Techniker vor Ort, die Sie mit Mikrofonen, Pr\u00e4sentationstechnik und dem Ablauf der Veranstaltung unterst\u00fctzen.In Zeiten der sozialen Distanzierung sind Videokonferenzen von Teambesprechungen an verschiedenen Orten von enormer Bedeutung. Wir bieten M\u00f6glichkeiten f\u00fcr Videokonferenzen und schaffen einen virtuellen Besprechungsraum. Ihr Unternehmen hat B\u00fcros in Wien, Paris und San Francisco? Das ist kein Problem. Jedes Team trifft sich in seinem B\u00fcro und ist virtuell \u00fcber eine Videokonferenzschaltung verbunden.<\/p>\n<h3>Lebensmittel und Catering<\/h3>\n<p>Optional k\u00f6nnen auch Verpflegungspakete angeboten werden, z. B. Fr\u00fchst\u00fcck und Kaffee am Morgen, ein offenes Buffet zum Mittagessen und eine Kaffeepause am Nachmittag.Das Korkgeld ist kein Problem. M\u00f6chten Sie Ihren eigenen Wein, Sekt oder Whiskey mitbringen? Wir k\u00f6nnen uns darum k\u00fcmmern.<\/p>\n<ul>\n<li style=\"\"><span><strong>24\/7 Kundenbetreuung<\/strong><\/span><\/li>\n<li style=\"\"><span><strong>Catering-Pakete<\/strong><\/span><\/li>\n<li><span><strong>Vollst\u00e4ndige Handhabung<\/strong><\/span><\/li>\n<\/ul>\n<h2 style=\"\">FAQ:<\/h2>\n<h2 style=\"text-align: center;\">Wir finden den richtigen Raum f\u00fcr alle Anl\u00e4sse<\/h2>\n<p style=\"text-align: center;\">Von Firmenveranstaltungen bis hin zu Modeschauen. Sie k\u00f6nnen aus einem breiten Angebot an Konferenz- und Meetingr\u00e4umen f\u00fcr Ihre Veranstaltung in Paris w\u00e4hlen.<\/p>\n<h3 style=\"\">1. Meetingraum in Paris<\/h3>\n<p>Die Meetingr\u00e4ume sind mit der gew\u00fcnschten Sitzordnung ausgestattet. Im Allgemeinen sind die R\u00e4ume mit der gesamten Technik ausgestattet, die Sie f\u00fcr Konferenzen oder \u00c4hnliches ben\u00f6tigen.<\/p>\n<p>Gerne organisieren wir auch das Rahmenprogramm, das Catering vor Ort und Teamevents nach oder w\u00e4hrend Ihrer Veranstaltung.<\/p>\n<h3 style=\"\">2. Konferenzsaal in Paris<\/h3>\n<p>Sie sind auf der Suche nach einem Konferenzsaal? Wir finden den richtigen Raum f\u00fcr Sie, egal ob es sich um eine Produktpr\u00e4sentation, die Einladung von Mitarbeitern aus verschiedenen L\u00e4ndern oder einen Kongress handelt.<\/p>\n<p>Als Full-Service-Agentur k\u00fcmmern wir uns gerne um die Teilnehmer, den Executive-Transfer, das Catering und das gesamte Rahmenprogramm.<\/p>\n<h3 style=\"\">3. Tagungsraum in Paris<\/h3>\n<p>Wir haben den richtigen Raum f\u00fcr Ihre Tagung in Paris, der sich in unmittelbarer N\u00e4he zu allen wichtigen Orten befindet, einschlie\u00dflich des Gustave-Eiffel-Empfangsraums im Eiffelturm.<\/p>\n<p>Sie m\u00f6chten ein Treffen nach einer Messe organisieren? Sich mit Ihren Vertriebsmitarbeitern treffen? Einen Veranstaltungsort f\u00fcr ein internes Meeting buchen?Oder planen Sie ein Incentive, eine Teambuilding-Veranstaltung oder einfach nur ein Treffen?Wir finden den richtigen Raum f\u00fcr Sie.<\/p>\n<h2>Kostenlose Erstberatung und Begleitprogramm<\/h2>\n<p style=\"\">Wir von Paris Tourist Information sind nicht nur Ihr kompetenter Partner, wenn es um die richtige Rauml\u00f6sung geht, sondern k\u00fcmmern uns auch um das gesamte Rahmenprogramm.Ob Catering, Transport, Hotel, Referentenbetreuung, Executive Transfer, Incentives, Dolmetscher f\u00fcr Fachbereiche oder Reiseleiter, mit unserem Full-Service werden wir allen Anspr\u00fcchen gerecht.Dar\u00fcber hinaus k\u00f6nnen wir Indoor-Teamevents organisieren, damit sich alle nach der Konferenz auflockern k\u00f6nnen.Selbstverst\u00e4ndlich k\u00f6nnen die Meetingr\u00e4ume, Konferenzs\u00e4le und Tagungsr\u00e4ume auch separat gebucht werden.Wir w\u00fcnschen Ihnen ein sch\u00f6nes und erfolgreiches Meeting in Paris.<\/p>\n<h3>Meetingraum mit vollem Serviceangebot<\/h3>\n<ul>\n<li style=\"\"><span style=\"\"><strong>Ein Ansprechpartner: <\/strong>Bei uns k\u00f6nnen Sie das gesamte Begleitprogramm aus einer Hand planen.<\/span><\/li>\n<li><span><strong>Sonderkonditionen: <\/strong>Dank unserer 22-j\u00e4hrigen Erfahrung k\u00f6nnen wir Ihnen Sonderkonditionen, technisches Know-how und zahlreiche Kontakte in Paris bieten.<\/span><\/li>\n<li><span><strong>24\/7 Kundenbetreuung: <\/strong>Sie haben von der ersten Anfrage bis zur Umsetzung denselben Ansprechpartner. Unser Kundensupport ist 24\/7 verf\u00fcgbar.<\/span><\/li>\n<\/ul>\n<h2 style=\"text-align: center;\">Kostenlose Erstberatung<\/h2>\n<p style=\"text-align: center;\">Wir w\u00fcrden uns freuen, mit Ihnen \u00fcber Ihre Erwartungen zu sprechen. Sie k\u00f6nnen uns telefonisch erreichen unter <span data-shortcode=\"thrive_global_fields\" data-shortcode-name=\"[Company] MICE Telefonnummer\" data-extra_key=\"1\" data-attr-id=\"19\" data-option-inline=\"1\"><\/span>, E-Mail zum&nbsp;<span data-shortcode=\"thrive_global_fields\" data-shortcode-name=\"[Company] MICE E-Mail\" data-extra_key=\"1\" data-attr-id=\"20\" data-option-inline=\"1\"><\/span> oder \u00fcber das Kontaktformular.&nbsp;<\/p>\n","protected":false},"excerpt":{"rendered":"<p>Full-Service-Meetingraum, Konferenzsaal oder Tagungsraum in Paris Wir bei Paris Tourist Information k\u00f6nnen Ihnen bei der Suche, Buchung und Planung des gesamten Begleitprogramms in Paris helfen. Was ist der richtige Ort f\u00fcr Ihre Veranstaltung in Paris? Wir sind Ihr kompetenter Partner, wenn es darum geht, R\u00e4ume f\u00fcr kleine Gruppen und Veranstaltungen f\u00fcr mehr als 1.000 Teilnehmer [&hellip;]<\/p>\n","protected":false},"author":9,"featured_media":4780,"parent":3970,"menu_order":0,"comment_status":"closed","ping_status":"closed","template":"","meta":{"footnotes":"","tve_updated_post":"","tve_custom_css":"","tve_user_custom_css":"","tve_globals":{},"tcb2_ready":1,"tcb_editor_enabled":1,"tve_landing_page":"tcb2-blank-page","_tve_header":"2742","_tve_footer":"2743"},"tags":[],"class_list":["post-8385","page","type-page","status-publish","has-post-thumbnail","hentry","post-wrapper","thrv_wrapper"],"wp-worthy-pixel":{"ignored":false,"public":"8e81975cc65041a6a8a249997cd94bf5","server":"vg06.met.vgwort.de","url":"https:\/\/vg06.met.vgwort.de\/na\/8e81975cc65041a6a8a249997cd94bf5"},"wp-worthy-type":"normal","_links":{"self":[{"href":"https:\/\/www.paristouristinformation.fr\/de\/wp-json\/wp\/v2\/pages\/8385","targetHints":{"allow":["GET"]}}],"collection":[{"href":"https:\/\/www.paristouristinformation.fr\/de\/wp-json\/wp\/v2\/pages"}],"about":[{"href":"https:\/\/www.paristouristinformation.fr\/de\/wp-json\/wp\/v2\/types\/page"}],"author":[{"embeddable":true,"href":"https:\/\/www.paristouristinformation.fr\/de\/wp-json\/wp\/v2\/users\/9"}],"replies":[{"embeddable":true,"href":"https:\/\/www.paristouristinformation.fr\/de\/wp-json\/wp\/v2\/comments?post=8385"}],"version-history":[{"count":0,"href":"https:\/\/www.paristouristinformation.fr\/de\/wp-json\/wp\/v2\/pages\/8385\/revisions"}],"up":[{"embeddable":true,"href":"https:\/\/www.paristouristinformation.fr\/de\/wp-json\/wp\/v2\/pages\/3970"}],"wp:featuredmedia":[{"embeddable":true,"href":"https:\/\/www.paristouristinformation.fr\/de\/wp-json\/wp\/v2\/media\/4780"}],"wp:attachment":[{"href":"https:\/\/www.paristouristinformation.fr\/de\/wp-json\/wp\/v2\/media?parent=8385"}],"wp:term":[{"taxonomy":"post_tag","embeddable":true,"href":"https:\/\/www.paristouristinformation.fr\/de\/wp-json\/wp\/v2\/tags?post=8385"}],"curies":[{"name":"wp","href":"https:\/\/api.w.org\/{rel}","templated":true}]}}