{"id":8395,"date":"2021-01-15T12:47:49","date_gmt":"2021-01-15T12:47:49","guid":{"rendered":"https:\/\/paristouristinformation.fr\/de\/\/?page_id=6032"},"modified":"2024-01-20T10:23:58","modified_gmt":"2024-01-20T10:23:58","slug":"parc-asterix","status":"publish","type":"page","link":"https:\/\/www.paristouristinformation.fr\/de\/attraktionen\/parc-asterix\/","title":{"rendered":"Parc Asterix: Tickets, Themenbereiche, Fahrgesch\u00e4fte, Shows, Geschichte, Anfahrt"},"content":{"rendered":"<p>Der Parc Asterix ist nach dem<a href=\"https:\/\/paristouristinformation.fr\/de\/sehenswurdigkeiten\/disneyland\/\" style=\"outline: none;\"> <strong>Disneyland Paris<\/strong><\/a> der <strong>zweitgr\u00f6\u00dfte Freizeitpark von Weltrang in Paris.<\/strong> Er befindet sich etwa 40 Kilometer nord\u00f6stlich von Paris und ist im Fr\u00fchling und Sommer der beliebteste Ort f\u00fcr Kinder, um einen ganzen Tag voller Vergn\u00fcgen zu verbringen.Auf einer riesigen Fl\u00e4che erwartet der Asterix-Park Besucher aller Altersgruppen, die sich in die Zeit der R\u00f6mer zur\u00fcckversetzen lassen, durch das Dorf der Gallier spazieren und den beliebten Comicfiguren begegnen, die den gleichen Namen wie der Park tragen. Obwohl das Thema des Parks f\u00fcr die Franzosen sehr gel\u00e4ufig ist, k\u00f6nnen Sie eine ganz neue Welt entdecken, die die Vorfahren der Franzosen verk\u00f6rpert, mit einem Hauch von Humor.Der Vorteil dieses Parks ist, dass er sowohl f\u00fcr Jugendliche als auch f\u00fcr Eltern sehr unterhaltsam ist und viele Wasserspiele und attraktive Shows bietet, die es in keinem anderen Park in Paris gibt. Asterix ist auf jeden Fall einen Besuch an einem warmen Tag wert. Hier finden Sie alle n\u00fctzlichen Informationen, die Sie \u00fcber diesen Ort wissen m\u00fcssen.<\/p>\n<p><span><img decoding=\"async\" alt=\"\" data-id=\"7496\" width=\"702\" data-init-width=\"1000\" height=\"470\" data-init-height=\"670\" title=\"Parc D'Asterix in Paris in France\" src=\"https:\/\/paristouristinformation.fr\/de\/wp-content\/uploads\/2021\/02\/Parc-DAsterix-in-Paris-in-France.jpg\" data-width=\"702\" data-height=\"470\" style=\"\" data-pin-media=\"https:\/\/paristouristinformation.fr\/de\/wp-content\/uploads\/2021\/03\/prag_50_sehenswuerdigkeiten_pinterest-14.jpg\" data-pin-description=\"Visit the theme amusement and water park Asterix in Paris and enjoy a full day of fun with your children. Learn about tickets, information and attractions.\" data-pin-url=\"https:\/\/paristouristinformation.fr\/de\/\/de\/things-to-do\/attractions\/parc-asterix\/?tve=true&amp;tcbf=dae1f43835\" loading=\"lazy\"><\/span><\/p>\n<ul>\n<li><a rel=\"noreferrer noopener nofollow\" href=\"https:\/\/pinterest.com\/pin\/create\/button\/?url=https:\/\/paristouristinformation.fr\/de\/attraktionen\/parc-asterix\/?tve=true&amp;tcbf=7ae1625827&amp;is_video=false&amp;media=https:\/\/paristouristinformation.fr\/de\/wp-content\/uploads\/2021\/03\/prag_50_sehenswuerdigkeiten_pinterest-14.jpg&amp;description=Visit%20the%20theme%20amusement%20and%20water%20park%20Asterix%20in%20Paris%20and%20enjoy%20a%20full%20day%20of%20fun%20with%20your%20children.%20Learn%20about%20tickets%2C%20information%20and%20attractions.\" onclick=\"essb.window('https:\/\/pinterest.com\/pin\/create\/button\/?url=https:\/\/paristouristinformation.fr\/de\/attraktionen\/parc-asterix\/?tve=true&amp;tcbf=7ae1625827&amp;is_video=false&amp;media=https:\/\/paristouristinformation.fr\/de\/wp-content\/uploads\/2021\/03\/prag_50_sehenswuerdigkeiten_pinterest-14.jpg&amp;description=Visit%20the%20theme%20amusement%20and%20water%20park%20Asterix%20in%20Paris%20and%20enjoy%20a%20full%20day%20of%20fun%20with%20your%20children.%20Learn%20about%20tickets%2C%20information%20and%20attractions.','pinpro','kya31ypj'); return false;\" target=\"_blank\"><span><\/span><span>Pin<\/span><\/a><\/li>\n<\/ul>\n<h2 id=\"t-1610539832044\">Was kann ich im Parc Asterix tun?<\/h2>\n<p>Parc Ast\u00e9rix ist ein Park, in dem man <strong>alle Ast\u00e9rix-Figuren<\/strong> wie Asterix, Obelix, Panoramix, Cacophonix, Mimina und den Rest ihrer Truppe sehen kann. Ein magischer Tag im Park erwartet die Besucher mit einem einzigartigen Konzept, das sie in das Dorf der Gallier in den Jahren des R\u00f6mischen Reiches zur\u00fcckversetzt.Der Park besteht aus verschiedenen <strong>Vergn\u00fcgungsparks, Spielpl\u00e4tzen und Pisten.<\/strong> Der Asterix-Park verf\u00fcgt \u00fcber insgesamt <strong>39 verschiedene Attraktionen. <\/strong>Es ist m\u00f6glich, viele Erwachsene zu sehen, da der Park so viele spannende Attraktionen, <strong>atemberaubende Achterbahnen<\/strong> f\u00fcr sie hat. Eine davon ist die gr\u00f6\u00dfte Holzachterbahn in Europa, die Tonnerre de Zeus. Aus diesem Grund w\u00e4re es eine falsche Idee, den Parc Asterix ausschlie\u00dflich f\u00fcr Kinder zu nutzen.Die Besucher k\u00f6nnen durch das gallische Dorf schlendern, die Shows genie\u00dfen und die besten Fotos mit den beliebten Comicfiguren machen. <strong>Es gibt verschiedene Welten im Park,<\/strong> jede hat ihre eigene besondere Dekoration und viele Attraktionen:<\/p>\n<ul>\n<li>Galatien, das ber\u00fchmte Dorf von Asterix und Obelix<\/li>\n<li>Das R\u00f6mische Reich<\/li>\n<li>Das antike Griechenland<\/li>\n<li>\u00c4gypten<\/li>\n<li>Das Dorf der Wikinger<\/li>\n<li>Zeitreisen<\/li>\n<\/ul>\n<p>Der Pass Rapidus ist ein Skip-the-Line-Pass, der sehr n\u00fctzlich ist, wenn Sie alle Hauptfahrgesch\u00e4fte an einem einzigen Tag ausprobieren m\u00f6chten. Andernfalls k\u00f6nnten Sie in der langen Warteschlange f\u00fcr jedes einzelne Fahrgesch\u00e4ft warten und es nicht schaffen, alle zu fahren, besonders w\u00e4hrend der Hochsaison. Denken Sie daran, dass Sie einen Sonderpreis erhalten, wenn Sie den Pass online kaufen.<\/p>\n<div class=\"tcb-post-list tve-content-list empty-list thrv_wrapper\" data-type=\"grid\" data-pagination-type=\"none\" data-pages_near_current=\"2\" data-css=\"tve-u-1778c1aa8dc\" data-total_post_count=\"0\" data-total_sticky_count=\"0\" data-no_posts_text=\"There are no posts to display.\"><article id=\"post-8395\" class=\"post-8395 page type-page status-publish has-post-thumbnail hentry post-wrapper thrv_wrapper thrive-animated-item \" tcb_hover_state_parent=\"\" shortcode=\"tcb_post_list\" data-id=\"8395\" data-selector=\".post-wrapper\"><style class=\"tcb-post-list-dynamic-style\" type=\"text\/css\"><\/style><\/p>\n<h3><span data-attr-css=\"\" data-attr-link=\"1\" data-attr-rel=\"0\" data-attr-static-link=\"{&quot;className&quot;:&quot;tve-froala fr-basic&quot;,&quot;href&quot;:&quot;https:\/\/paristouristinformation.fr\/things-to-do\/theaters\/&quot;,&quot;title&quot;:&quot;12 Theaters and Cabarets for Shows in Paris&quot;,&quot;class&quot;:&quot;tve-froala fr-basic&quot;}\" data-attr-target=\"0\" data-extra_key=\"\" data-option-inline=\"1\" data-shortcode=\"tcb_post_title\" data-shortcode-name=\"Post title\"><a href=\"https:\/\/paristouristinformation.fr\/things-to-do\/theaters\/\" title=\"12 Theaters and Cabarets for Shows in Paris [with Tickets]\" style=\"outline: none;\">12 Theater und Kabaretts f\u00fcr Shows in Paris [mit Tickets]<\/a><\/span><\/h3>\n<p><\/article><\/div>\n<h2 id=\"t-1610539832045\">Eintritt, Eintrittskarten und F\u00fchrungen<\/h2>\n<p><strong>Wichtig: <\/strong>Auf den Eintrittskarten ist angegeben, dass der Zugang w\u00e4hrend der Spitzenzeiten nicht garantiert ist. In der Hochsaison ist hier besondere Vorsicht geboten. Im Falle einer Schlie\u00dfung aufgrund hoher Besucherzahlen hat kein Ticket Vorrang. Auch wenn die Schlie\u00dfungen selten sind, finden sie meist sonntags statt. Aus diesem Grund ist es empfehlenswert, vor 10 Uhr morgens im Park einzutreffen.<\/p>\n<ul>\n<li><span style=\"\"><strong>Eintritt : <\/strong>Ein normaler Tag geht von 10 bis 18 Uhr, au\u00dfer an Tagen mit verl\u00e4ngerten \u00d6ffnungszeiten.<\/span><\/li>\n<li style=\"\"><span style=\"\"><strong>Eintrittskarten: <\/strong>Es gibt erm\u00e4\u00dfigte Preise f\u00fcr Senioren ab 6 Jahren und ein Kind unter 12 Jahren ist frei, wenn ein Erwachsener den vollen Preis bezahlt.<\/span><\/li>\n<li><span>Holen Sie sich Ihr Online&nbsp;<a href=\"https:\/\/www.tiqets.com\/de\/plailly-sehenswuerdigkeiten-c178892\/tickets-fur-parc-asterix-p974657\/?partner=checkfortrip\" target=\"_blank\" rel=\"noopener nofollow\"><strong>Ticket f\u00fcr Park Asterix<\/strong><\/a> im Voraus<\/span><\/li>\n<\/ul>\n<h2 id=\"t-1610539832046\">Wie erreiche ich den Parc Ast\u00e9rix?<\/h2>\n<p><strong>Shuttles : <\/strong>Leider ist es nicht m\u00f6glich, den Park direkt mit der RER oder dem Vorortzug zu erreichen, wie Sie es in Disneyland tun w\u00fcrden, aber Sie k\u00f6nnen einen dieser Shuttlebusse nehmen. Es gibt einen Shuttle vom Pariser Zentrum und einen weiteren vom Flughafen Charles de Gaulle. Die Fahrt mit dem Shuttle kostet 16 \u20ac pro Person. Einzelheiten zu den <em><strong>Shuttle-Optionen zu Asterix<\/strong><\/em> finden Sie hier.<strong><\/strong><\/p>\n<p><strong>Wegbeschreibung f\u00fcr Privatfahrzeuge: <\/strong>Wenn Sie in Richtung Lille fahren, passieren Sie zun\u00e4chst den Flughafen Charles de Gaulle, fahren dann auf die Mautstra\u00dfe und nehmen die Ausfahrt Parc Asterix. Die Autobahn zwischen Paris und Parc Ast\u00e9rix ist kostenlos. F\u00fcr das Parken wird eine Geb\u00fchr von 15 \u20ac erhoben.<\/p>\n<h2 id=\"t-1610539832050\">FAQ<\/h2>\n<h2 id=\"t-1610539832048\">Geschichte des Parc Asterix<\/h2>\n<p>Der Asterix-Park liegt nur 30 Kilometer n\u00f6rdlich von Paris im Wald von Plailly im Departement Oise.<strong>Asterix und Obelix sind die Hauptfiguren der ber\u00fchmtesten europ\u00e4ischen Graphic Novels<\/strong>, die 1959 von Albert Uderzo und Ren\u00e9 Goscinny geschrieben wurden. Die Asterix-Comics wurden in 15 Sprachen \u00fcbersetzt und \u00fcber 350 Millionen Mal verkauft. Albert Uderzo war der erste, der Anfang 1981 auf die Idee kam, einen Freizeitpark zum Thema Asterix zu errichten. Aufgrund der wirtschaftlichen Probleme nach den Pr\u00e4sidentschaftswahlen wurde das Projekt jedoch verschoben.Der Park \u00f6ffnete am 30. April 1989 seine Pforten und umfasst heute 39 verschiedene Attraktionen sowie weitere Einrichtungen. Der Park wurde in sechs Jahren von den beiden Architekten Michel Kalt und Jean-Michel Ruols in Zusammenarbeit mit sechs Designern und den Mitarbeitern des Duos Goscinny-Uderzo entworfen.Er ist einer der Themenparks in Europa, die von der Themed Entertainment Association mit einem Thea Award ausgezeichnet wurden.Der Park ist f\u00fcr 15 000 Besucher pro Tag ausgelegt, und im Er\u00f6ffnungsjahr werden zwei Millionen Besucher erwartet. Gegenw\u00e4rtig z\u00e4hlt der Parc Asterix durchschnittlich 1,8 Millionen Besucher pro Jahr, womit er nach <a href=\"https:\/\/paristouristinformation.fr\/de\/sehenswurdigkeiten\/disneyland\/\"><strong>Disneyland Paris<\/strong><\/a> an zweiter Stelle der besten Themenparks von Paris steht.<\/p>\n<h2 id=\"t-1610539832049\" style=\"\">Kontakt &amp; Karte<\/h2>\n<ul>\n<li><span style=\"\"><strong>Adresse:&nbsp;<\/strong>60128 Plailly, Paris<\/span><\/li>\n<li><span style=\"\"><strong>\u00d6ffnungszeiten:&nbsp;<\/strong><a href=\"https:\/\/www.parcasterix.fr\/en\" target=\"_blank\" style=\"outline: none;\" rel=\"noopener nofollow\">www.parcasterix.fr\/en<\/a><\/span><\/li>\n<li><span style=\"\"><strong>\u00d6ffentliche Verkehrsmittel: <\/strong>Shuttlebusse vom Flughafen Charles de Gaulle und vom Stadtzentrum von Paris<\/span><\/li>\n<li style=\"\"><span style=\"\"><strong>Webseite:&nbsp;<\/strong><a href=\"https:\/\/www.parcasterix.fr\/en\" target=\"_blank\" style=\"outline: none;\" rel=\"noopener nofollow\">www.parcasterix.fr\/en<\/a><\/span><\/li>\n<\/ul>\n<p>Wenn Sie gerade Ihre Reise nach Paris planen, k\u00f6nnen Sie von unseren Angeboten in unserem offiziellen <a href=\"https:\/\/paristouristinformation.fr\/de\/touren-and-tickets\/\"><strong>Paris Ticket Shop<\/strong><\/a><em><strong>&nbsp;<\/strong><\/em>profitieren. Wir haben tolle praktische Angebote mit Skip the Line-Eintrittskarten f\u00fcr alle wichtigen Parks und <a href=\"https:\/\/paristouristinformation.fr\/de\/sehenswurdigkeiten\/museum\/\"><strong>Museen in Paris<\/strong><\/a>. <strong>Genie\u00dfen Sie eine problemlose Reise nach Paris!<\/strong><\/p>\n<h2 style=\"\" id=\"t-1640458403304\">Verwandte Artikel:<\/h2>\n<div class=\"tcb-post-list tve-content-list thrv_wrapper\" data-type=\"grid\" data-pagination-type=\"none\" data-pages_near_current=\"2\" data-css=\"tve-u-17df2f6b45e\" data-total_post_count=\"4\" data-total_sticky_count=\"0\" data-no_posts_text=\"There are no posts to display.\"><article id=\"post-1003\" class=\"post-1003 page type-page status-publish has-post-thumbnail hentry post-wrapper thrv_wrapper thrive-animated-item  tve_evt_manager_listen tve_ea_thrive_animation tve_et_mouseover tve_anim_grow\" tcb_hover_state_parent=\"\" class=\"tve_evt_manager_listen tve_ea_thrive_animation tve_et_mouseover tve_anim_grow\" data-id=\"1003\" data-selector=\".post-wrapper\"><style class=\"tcb-post-list-dynamic-style\" type=\"text\/css\">@media (min-width: 300px){[].tcb-post-list #post-1003 []{background-image: url(&#8222;https:\/\/www.paristouristinformation.fr\/de\/wp-content\/uploads\/2020\/06\/Disneyland-Paris-in-France.jpg&#8222;) !important;}[].tcb-post-list #post-1003 []:hover []{background-image: url(&#8222;https:\/\/www.paristouristinformation.fr\/de\/wp-content\/uploads\/2020\/06\/Disneyland-Paris-in-France.jpg&#8222;) !important;}}<\/style><a href=\"https:\/\/www.paristouristinformation.fr\/de\/sehenswurdigkeiten\/disneyland\/\" dynamic-postlink=\"tcb_post_the_permalink\" data-shortcode-id=\"1003\"><\/a><\/p>\n<h3 style=\"text-align: center; padding-top: 0px !important; margin-top: 0px !important;\"><span data-attr-link=\"1\" data-attr-rel=\"0\" data-attr-target=\"0\" data-extra_key=\"\" data-option-inline=\"1\" data-shortcode=\"tcb_post_title\" data-shortcode-name=\"Post title\" data-attr-css=\"\" data-attr-static-link=\"{&quot;className&quot;:&quot;tve-froala fr-basic&quot;,&quot;href&quot;:&quot;https:\/\/paristouristinformation.fr\/de\/disneyland\/&quot;,&quot;title&quot;:&quot;Disneyland Paris: Tickets, Fahrten, Hotels und Angebote&quot;,&quot;class&quot;:&quot;tve-froala fr-basic&quot;}\" style=\"\"><a href=\"https:\/\/www.paristouristinformation.fr\/de\/sehenswurdigkeiten\/disneyland\/\" title=\"Disneyland Paris\u00ae: Tickets, Preise, Attraktionen, Hotels\" data-css=\"\" class=\"tve-froala fr-basic\">Disneyland Paris\u00ae: Tickets, Preise, Attraktionen, Hotels<\/a><\/span><\/h3>\n<p><\/article><article id=\"post-4254\" class=\"post-4254 page type-page status-publish has-post-thumbnail hentry post-wrapper thrv_wrapper thrive-animated-item  tve_evt_manager_listen tve_ea_thrive_animation tve_et_mouseover tve_anim_grow\" tcb_hover_state_parent=\"\" class=\"tve_evt_manager_listen tve_ea_thrive_animation tve_et_mouseover tve_anim_grow\" data-id=\"4254\" data-selector=\".post-wrapper\"><style class=\"tcb-post-list-dynamic-style\" type=\"text\/css\">@media (min-width: 300px){[].tcb-post-list #post-4254 []{background-image: url(&#8222;https:\/\/www.paristouristinformation.fr\/de\/wp-content\/uploads\/2020\/12\/Concorde-Square-at-Sunrise-in-Paris-in-France-cover-1024x538.jpg&#8222;) !important;}[].tcb-post-list #post-4254 []:hover []{background-image: url(&#8222;https:\/\/www.paristouristinformation.fr\/de\/wp-content\/uploads\/2020\/12\/Concorde-Square-at-Sunrise-in-Paris-in-France-cover-1024x538.jpg&#8222;) !important;}}<\/style><a href=\"https:\/\/www.paristouristinformation.fr\/de\/platze\/\" dynamic-postlink=\"tcb_post_the_permalink\" data-shortcode-id=\"1003\"><\/a><\/p>\n<h3 style=\"text-align: center; padding-top: 0px !important; margin-top: 0px !important;\"><span data-attr-link=\"1\" data-attr-rel=\"0\" data-attr-target=\"0\" data-extra_key=\"\" data-option-inline=\"1\" data-shortcode=\"tcb_post_title\" data-shortcode-name=\"Post title\" data-attr-css=\"\" data-attr-static-link=\"{&quot;className&quot;:&quot;tve-froala fr-basic&quot;,&quot;href&quot;:&quot;https:\/\/paristouristinformation.fr\/de\/disneyland\/&quot;,&quot;title&quot;:&quot;Disneyland Paris: Tickets, Fahrten, Hotels und Angebote&quot;,&quot;class&quot;:&quot;tve-froala fr-basic&quot;}\" style=\"\"><a href=\"https:\/\/www.paristouristinformation.fr\/de\/platze\/\" title=\"Die 7 sch\u00f6nsten Pl\u00e4tze in Paris\" data-css=\"\" class=\"tve-froala fr-basic\">Die 7 sch\u00f6nsten Pl\u00e4tze in Paris<\/a><\/span><\/h3>\n<p><\/article><article id=\"post-7650\" class=\"post-7650 page type-page status-publish has-post-thumbnail hentry post-wrapper thrv_wrapper thrive-animated-item  tve_evt_manager_listen tve_ea_thrive_animation tve_et_mouseover tve_anim_grow\" tcb_hover_state_parent=\"\" class=\"tve_evt_manager_listen tve_ea_thrive_animation tve_et_mouseover tve_anim_grow\" data-id=\"7650\" data-selector=\".post-wrapper\"><style class=\"tcb-post-list-dynamic-style\" type=\"text\/css\">@media (min-width: 300px){[].tcb-post-list #post-7650 []{background-image: url(&#8222;https:\/\/www.paristouristinformation.fr\/de\/wp-content\/uploads\/2020\/12\/Notre-Dame-Cruise-Seine-in-Paris-in-France.jpg&#8222;) !important;}[].tcb-post-list #post-7650 []:hover []{background-image: url(&#8222;https:\/\/www.paristouristinformation.fr\/de\/wp-content\/uploads\/2020\/12\/Notre-Dame-Cruise-Seine-in-Paris-in-France.jpg&#8222;) !important;}}<\/style><a href=\"https:\/\/www.paristouristinformation.fr\/de\/seine-flusskreuzfahrt\/\" dynamic-postlink=\"tcb_post_the_permalink\" data-shortcode-id=\"1003\"><\/a><\/p>\n<h3 style=\"text-align: center; padding-top: 0px !important; margin-top: 0px !important;\"><span data-attr-link=\"1\" data-attr-rel=\"0\" data-attr-target=\"0\" data-extra_key=\"\" data-option-inline=\"1\" data-shortcode=\"tcb_post_title\" data-shortcode-name=\"Post title\" data-attr-css=\"\" data-attr-static-link=\"{&quot;className&quot;:&quot;tve-froala fr-basic&quot;,&quot;href&quot;:&quot;https:\/\/paristouristinformation.fr\/de\/disneyland\/&quot;,&quot;title&quot;:&quot;Disneyland Paris: Tickets, Fahrten, Hotels und Angebote&quot;,&quot;class&quot;:&quot;tve-froala fr-basic&quot;}\" style=\"\"><a href=\"https:\/\/www.paristouristinformation.fr\/de\/seine-flusskreuzfahrt\/\" title=\"Seine Bootstour | Tickets &amp; Tipps \u2013 Sehensw\u00fcrdigkeiten\" data-css=\"\" class=\"tve-froala fr-basic\">Seine Bootstour | Tickets &amp; Tipps \u2013 Sehensw\u00fcrdigkeiten<\/a><\/span><\/h3>\n<p><\/article><article id=\"post-4237\" class=\"post-4237 page type-page status-publish has-post-thumbnail hentry post-wrapper thrv_wrapper thrive-animated-item  tve_evt_manager_listen tve_ea_thrive_animation tve_et_mouseover tve_anim_grow\" tcb_hover_state_parent=\"\" class=\"tve_evt_manager_listen tve_ea_thrive_animation tve_et_mouseover tve_anim_grow\" data-id=\"4237\" data-selector=\".post-wrapper\"><style class=\"tcb-post-list-dynamic-style\" type=\"text\/css\">@media (min-width: 300px){[].tcb-post-list #post-4237 []{background-image: url(&#8222;https:\/\/www.paristouristinformation.fr\/de\/wp-content\/uploads\/2021\/01\/Best-Things-to-do-when-Visiting-Champs-Elysees-Avenue-in-Paris-1024x538.jpg&#8222;) !important;}[].tcb-post-list #post-4237 []:hover []{background-image: url(&#8222;https:\/\/www.paristouristinformation.fr\/de\/wp-content\/uploads\/2021\/01\/Best-Things-to-do-when-Visiting-Champs-Elysees-Avenue-in-Paris-1024x538.jpg&#8222;) !important;}}<\/style><a href=\"https:\/\/www.paristouristinformation.fr\/de\/sehenswurdigkeiten\/avenue-des-champs-elysees\/\" dynamic-postlink=\"tcb_post_the_permalink\" data-shortcode-id=\"1003\"><\/a><\/p>\n<h3 style=\"text-align: center; padding-top: 0px !important; margin-top: 0px !important;\"><span data-attr-link=\"1\" data-attr-rel=\"0\" data-attr-target=\"0\" data-extra_key=\"\" data-option-inline=\"1\" data-shortcode=\"tcb_post_title\" data-shortcode-name=\"Post title\" data-attr-css=\"\" data-attr-static-link=\"{&quot;className&quot;:&quot;tve-froala fr-basic&quot;,&quot;href&quot;:&quot;https:\/\/paristouristinformation.fr\/de\/disneyland\/&quot;,&quot;title&quot;:&quot;Disneyland Paris: Tickets, Fahrten, Hotels und Angebote&quot;,&quot;class&quot;:&quot;tve-froala fr-basic&quot;}\" style=\"\"><a href=\"https:\/\/www.paristouristinformation.fr\/de\/sehenswurdigkeiten\/avenue-des-champs-elysees\/\" title=\"Top-Aktivit\u00e4ten in der Champs-\u00c9lys\u00e9es: Highlights &amp; Tipps\" data-css=\"\" class=\"tve-froala fr-basic\">Top-Aktivit\u00e4ten in der Champs-\u00c9lys\u00e9es: Highlights &amp; Tipps<\/a><\/span><\/h3>\n<p><\/article><\/div>\n","protected":false},"excerpt":{"rendered":"<p>Der Parc Asterix ist nach dem Disneyland Paris der zweitgr\u00f6\u00dfte Freizeitpark von Weltrang in Paris. Er befindet sich etwa 40 Kilometer nord\u00f6stlich von Paris und ist im Fr\u00fchling und Sommer der beliebteste Ort f\u00fcr Kinder, um einen ganzen Tag voller Vergn\u00fcgen zu verbringen.Auf einer riesigen Fl\u00e4che erwartet der Asterix-Park Besucher aller Altersgruppen, die sich in [&hellip;]<\/p>\n","protected":false},"author":9,"featured_media":6503,"parent":2930,"menu_order":0,"comment_status":"closed","ping_status":"closed","template":"","meta":{"footnotes":""},"tags":[],"class_list":{"0":"post-8395","1":"page","2":"type-page","3":"status-publish","4":"has-post-thumbnail","5":"hentry","6":"post-wrapper","7":"thrv_wrapper","10":"thrive-animated-item"},"wp-worthy-pixel":{"ignored":false,"public":"e13d995a9a1d4166a8324b49812e00e5","server":"vg06.met.vgwort.de","url":"https:\/\/vg06.met.vgwort.de\/na\/e13d995a9a1d4166a8324b49812e00e5"},"wp-worthy-type":"normal","_links":{"self":[{"href":"https:\/\/www.paristouristinformation.fr\/de\/wp-json\/wp\/v2\/pages\/8395","targetHints":{"allow":["GET"]}}],"collection":[{"href":"https:\/\/www.paristouristinformation.fr\/de\/wp-json\/wp\/v2\/pages"}],"about":[{"href":"https:\/\/www.paristouristinformation.fr\/de\/wp-json\/wp\/v2\/types\/page"}],"author":[{"embeddable":true,"href":"https:\/\/www.paristouristinformation.fr\/de\/wp-json\/wp\/v2\/users\/9"}],"replies":[{"embeddable":true,"href":"https:\/\/www.paristouristinformation.fr\/de\/wp-json\/wp\/v2\/comments?post=8395"}],"version-history":[{"count":0,"href":"https:\/\/www.paristouristinformation.fr\/de\/wp-json\/wp\/v2\/pages\/8395\/revisions"}],"up":[{"embeddable":true,"href":"https:\/\/www.paristouristinformation.fr\/de\/wp-json\/wp\/v2\/pages\/2930"}],"wp:featuredmedia":[{"embeddable":true,"href":"https:\/\/www.paristouristinformation.fr\/de\/wp-json\/wp\/v2\/media\/6503"}],"wp:attachment":[{"href":"https:\/\/www.paristouristinformation.fr\/de\/wp-json\/wp\/v2\/media?parent=8395"}],"wp:term":[{"taxonomy":"post_tag","embeddable":true,"href":"https:\/\/www.paristouristinformation.fr\/de\/wp-json\/wp\/v2\/tags?post=8395"}],"curies":[{"name":"wp","href":"https:\/\/api.w.org\/{rel}","templated":true}]}}