{"id":8635,"date":"2023-01-04T07:58:00","date_gmt":"2023-01-04T07:58:00","guid":{"rendered":"https:\/\/paristouristinformation.fr\/de\/\/things-to-do\/museum\/clone-of-guide-to-atelier-des-lumieres-in-paris-exhibitions-and-tickets\/"},"modified":"2024-01-20T10:26:05","modified_gmt":"2024-01-20T10:26:05","slug":"grevin-museum","status":"publish","type":"page","link":"https:\/\/www.paristouristinformation.fr\/de\/sehenswurdigkeiten\/museum\/grevin-museum\/","title":{"rendered":"Gr\u00e9vin Museum in Paris | Ausstellung, Tickets &#038; Touren"},"content":{"rendered":"<p>Das Gr\u00e9vin-Museum ist ein privates Wachsfigurenkabinett in Paris, im 9. Arrondissement am rechten Seine-Ufer.Machen Sie sich bereit, <strong>eines der \u00e4ltesten Wachsmuseen der Welt<\/strong> zu besuchen. Es wird eine unterhaltsame Reise sein, die Menschen jeden Alters anspricht.Unten finden Sie alle n\u00fctzlichen Informationen \u00fcber Eintritt, Eintrittskarten und Ausstellungen!<\/p>\n<h2 id=\"t-1610539832044\">Was kann ich im Museum Gr\u00e9vin unternehmen?<\/h2>\n<p>Das von Arthur Meyer gegr\u00fcndete Museum ist nach dem ber\u00fchmten Direktor Alfred Gr\u00e9vin benannt, der die ersten Wachsskulpturen herstellte.Die Besucher werden in Gruppen hineingef\u00fchrt. Nachdem man als Gruppe in den Saal eingelassen wurde, schlie\u00dfen sich die T\u00fcren und die Show beginnt mit erstaunlichen Lichtern und Kl\u00e4ngen.Es gibt mehr als 200 lebensechte Wachsfiguren bekannter Pers\u00f6nlichkeiten aus verschiedenen Bereichen, sowohl aus der Vergangenheit als auch aus der Gegenwart. Sie haben die M\u00f6glichkeit, Fotos mit Ihren Lieblingsstars, Wissenschaftlern oder Politikern wie Albert Einstein, Michael Jackson, Mahatma Gandhi oder dem Papst zu machen. Es gibt auch viele Szenen aus der Geschichte Frankreichs, wie z. B. Ludwig XIV. in Versailles, die Gefangennahme von Ludwig XVI. und der k\u00f6niglichen Familie oder Johanna von Lothringen in Flammen.<\/p>\n<p><span><img decoding=\"async\" alt=\"What can I do at Gr\u00e9vin Museum in Paris in France\" data-id=\"9270\" width=\"736\" data-init-width=\"1000\" height=\"493\" data-init-height=\"667\" title=\"What can I do at Gr\u00e9vin Museum in Paris in France\" src=\"https:\/\/paristouristinformation.fr\/de\/wp-content\/uploads\/2021\/07\/What-can-I-do-at-Grevin-Museum.jpg\" data-width=\"736\" data-height=\"493\" style=\"\" data-pin-media=\"https:\/\/paristouristinformation.fr\/de\/wp-content\/uploads\/2021\/03\/prag_50_sehenswuerdigkeiten_pinterest-18.jpg\" data-pin-description=\"Learn details about Atelier des Lumi\u00e8res museum in Paris : Exhibitions, Entrance, Tickets, History and useful information about the place.\" data-pin-url=\"https:\/\/paristouristinformation.fr\/de\/\/de\/?page_id=8635&amp;tve=true&amp;tcbf=0ccb1d3258\" loading=\"lazy\"><\/span><\/p>\n<ul>\n<li><a rel=\"noreferrer noopener nofollow\" href=\"https:\/\/pinterest.com\/pin\/create\/button\/?url=https:\/\/paristouristinformation.fr\/de\/sehenswurdigkeiten\/museum\/grevin-museum\/?tve=true&amp;tcbf=abdbdf6a32&amp;is_video=false&amp;media=https:\/\/paristouristinformation.fr\/de\/wp-content\/uploads\/2021\/03\/prag_50_sehenswuerdigkeiten_pinterest-18.jpg&amp;description=Learn%20details%20about%20Atelier%20des%20Lumi%C3%A8res%20museum%20in%20Paris%20%3A%20Exhibitions%2C%20Entrance%2C%20Tickets%2C%20History%20and%20useful%20information%20about%20the%20place.\" onclick=\"essb.window('https:\/\/pinterest.com\/pin\/create\/button\/?url=https:\/\/paristouristinformation.fr\/de\/sehenswurdigkeiten\/museum\/grevin-museum\/?tve=true&amp;tcbf=abdbdf6a32&amp;is_video=false&amp;media=https:\/\/paristouristinformation.fr\/de\/wp-content\/uploads\/2021\/03\/prag_50_sehenswuerdigkeiten_pinterest-18.jpg&amp;description=Learn%20details%20about%20Atelier%20des%20Lumi%C3%A8res%20museum%20in%20Paris%20%3A%20Exhibitions%2C%20Entrance%2C%20Tickets%2C%20History%20and%20useful%20information%20about%20the%20place.','pinpro','kyejr5xq'); return false;\" target=\"_blank\"><span><\/span><span>Pin<\/span><\/a><\/li>\n<\/ul>\n<h2 id=\"t-1610539832045\">Eintritt, Eintrittskarten und F\u00fchrungen<\/h2>\n<p>Um Zeit zu sparen, empfiehlt es sich, die Eintrittskarten im Voraus zu kaufen. Das Gr\u00e9vin-Museum ist f\u00fcr Inhaber des Paris-Passes kostenlos.<\/p>\n<p>Das Gr\u00e9vin-Museum ist jeden Tag ge\u00f6ffnet:&nbsp;<\/p>\n<ul>\n<li>Montag bis Freitag: von 10 Uhr bis 18.30 Uhr<\/li>\n<li>Wochenenden, Feiertage und Schulferien: von 10 bis 19 Uhr<\/li>\n<\/ul>\n<ul>\n<li><span><strong>Eintrittskarten: <a href=\"https:\/\/www.tiqets.com\/de\/paris-sehenswuerdigkeiten-c66746\/tickets-fur-musee-grevin-wachsfigurenkabinett-paris-p974024\/?partner=checkfortrip\" target=\"_blank\" style=\"outline: none;\" rel=\"noopener nofollow\"><strong>Online-Ticket f\u00fcr das Gr\u00e9vin-Museum<\/strong><\/a><\/strong>Sie k\u00f6nnen Ihre Tickets vor Ort mit Ihrem Smartphone vorzeigen.<\/span><\/li>\n<\/ul>\n<ul>\n<li><span style=\"\"><strong>Tipp: <\/strong>Um Zeit und Geld zu sparen und Stress zu vermeiden, k\u00f6nnen Sie Ihre Reise vorbereiten, indem Sie alle ben\u00f6tigten Online-Tickets im Voraus in unserem offiziellen <a href=\"https:\/\/paristouristinformation.fr\/de\/touren-and-tickets\/\"><strong>Paris Tickets Shop<\/strong><\/a><em><strong>&nbsp;<\/strong><\/em>kaufen.<\/span><\/li>\n<\/ul>\n<p>__CONFIG_colors_palette__{&#8222;active_palette&#8220;:0,&#8220;config&#8220;:{&#8222;colors&#8220;:{&#8222;f8570&#8220;:{&#8222;name&#8220;:&#8220;Main Accent&#8220;,&#8220;parent&#8220;:-1}},&#8220;gradients&#8220;:[]},&#8220;palettes&#8220;:[{&#8222;name&#8220;:&#8220;Default Palette&#8220;,&#8220;value&#8220;:{&#8222;colors&#8220;:{&#8222;f8570&#8220;:{&#8222;val&#8220;:&#8220;var(&#8211;tcb-skin-color-0)&#8220;}},&#8220;gradients&#8220;:[]},&#8220;original&#8220;:{&#8222;colors&#8220;:{&#8222;f8570&#8220;:{&#8222;val&#8220;:&#8220;rgb(19, 114, 211)&#8220;,&#8220;hsl&#8220;:{&#8222;h&#8220;:210,&#8220;s&#8220;:0.83,&#8220;l&#8220;:0.45}}},&#8220;gradients&#8220;:[]}}]}__CONFIG_colors_palette__ <a href=\"https:\/\/paristouristinformation.fr\/de\/touren-and-tickets\/\" target=\"_blank\" rel=\"noopener\"> <span><span style=\"\">Zum Paris Tickets Shop&nbsp;<\/span><\/span> <\/a><\/p>\n<h2 id=\"t-1610539832046\">So erreichen Sie das Gr\u00e9vin-Museum<\/h2>\n<ul>\n<li><strong>Metro: <\/strong>Station &#8222;Grands Boulevards&#8220; der Metrolinien 8 und 9.<strong><\/strong><\/li>\n<li><strong>Bus:<\/strong> Lines 20, 39, 48, 67, 74 and 85.<\/li>\n<\/ul>\n<div class=\"tcb-post-list tve-content-list empty-list thrv_wrapper\" data-type=\"grid\" data-pagination-type=\"none\" data-pages_near_current=\"2\" data-css=\"tve-u-60d981118d8cc2\" data-total_post_count=\"0\" data-total_sticky_count=\"0\" data-no_posts_text=\"There are no posts to display.\"><article id=\"post-8635\" class=\"post-8635 page type-page status-publish has-post-thumbnail hentry post-wrapper thrv_wrapper thrive-animated-item \" tcb_hover_state_parent=\"\" shortcode=\"tcb_post_list\" data-id=\"8635\" data-selector=\".post-wrapper\"><style class=\"tcb-post-list-dynamic-style\" type=\"text\/css\"><\/style><\/p>\n<h3 style=\"\"><span data-attr-link=\"1\" data-attr-rel=\"0\" data-attr-target=\"0\" data-extra_key=\"\" data-option-inline=\"1\" data-shortcode=\"tcb_post_title\" data-shortcode-name=\"Post title\" data-attr-css=\"\" style=\"\" data-attr-static-link=\"{&quot;className&quot;:&quot;tve-froala fr-basic&quot;,&quot;href&quot;:&quot;https:\/\/paristouristinformation.fr\/de\/theater\/&quot;,&quot;title&quot;:&quot;12 Theater und Kabaretts f\u00fcr Shows in Paris ((mit Tickets))&quot;,&quot;class&quot;:&quot;tve-froala fr-basic&quot;}\"><a href=\"https:\/\/www.paristouristinformation.fr\/de\/sehenswurdigkeiten\/museum\/grevin-museum\/\" title=\"Gr\u00e9vin Museum in Paris | Ausstellung, Tickets &amp; Touren\" data-css=\"\" class=\"tve-froala fr-basic\">Gr\u00e9vin Museum in Paris | Ausstellung, Tickets &amp; Touren<\/a><\/span><\/h3>\n<p><\/article><\/div>\n<h2 id=\"t-1610539832048\">Geschichte des Gr\u00e9vin-Museums<\/h2>\n<p><span><img decoding=\"async\" alt=\"History of the Gr\u00e9vin Museum in Paris in France\" data-id=\"9271\" width=\"736\" data-init-width=\"1000\" height=\"493\" data-init-height=\"667\" title=\"History of the Gr\u00e9vin Museum in Paris in France\" src=\"https:\/\/paristouristinformation.fr\/de\/wp-content\/uploads\/2021\/07\/History-of-the-Grevin-Museum.jpg\" data-width=\"736\" data-height=\"493\" style=\"\" data-pin-media=\"https:\/\/paristouristinformation.fr\/de\/wp-content\/uploads\/2021\/03\/prag_50_sehenswuerdigkeiten_pinterest-18.jpg\" data-pin-description=\"Learn details about Atelier des Lumi\u00e8res museum in Paris : Exhibitions, Entrance, Tickets, History and useful information about the place.\" data-pin-url=\"https:\/\/paristouristinformation.fr\/de\/\/de\/?page_id=8635&amp;tve=true&amp;tcbf=0ccb1d3258\" loading=\"lazy\"><\/span><\/p>\n<ul>\n<li><a rel=\"noreferrer noopener nofollow\" href=\"https:\/\/pinterest.com\/pin\/create\/button\/?url=https:\/\/paristouristinformation.fr\/de\/sehenswurdigkeiten\/museum\/grevin-museum\/?tve=true&amp;tcbf=abdbdf6a32&amp;is_video=false&amp;media=https:\/\/paristouristinformation.fr\/de\/wp-content\/uploads\/2021\/03\/prag_50_sehenswuerdigkeiten_pinterest-18.jpg&amp;description=Learn%20details%20about%20Atelier%20des%20Lumi%C3%A8res%20museum%20in%20Paris%20%3A%20Exhibitions%2C%20Entrance%2C%20Tickets%2C%20History%20and%20useful%20information%20about%20the%20place.\" onclick=\"essb.window(&#039;https:\/\/pinterest.com\/pin\/create\/button\/?url=https:\/\/paristouristinformation.fr\/de\/sehenswurdigkeiten\/museum\/grevin-museum\/?tve=true&amp;tcbf=abdbdf6a32&amp;is_video=false&amp;media=https:\/\/paristouristinformation.fr\/de\/wp-content\/uploads\/2021\/03\/prag_50_sehenswuerdigkeiten_pinterest-18.jpg&amp;description=Learn%20details%20about%20Atelier%20des%20Lumi%C3%A8res%20museum%20in%20Paris%20%3A%20Exhibitions%2C%20Entrance%2C%20Tickets%2C%20History%20and%20useful%20information%20about%20the%20place.&#039;,&#039;pinpro&#039;,&#039;kyejr5y2&#039;); return false;\" target=\"_blank\"><span><\/span><span>Pin<\/span><\/a><\/li>\n<\/ul>\n<p>Das Museum wurde 1882 von dem Journalisten Arthur Meyer als eines der \u00e4ltesten Wachsfigurenkabinette Europas gegr\u00fcndet. Benannt wurde es nach seinem ersten k\u00fcnstlerischen Leiter, dem Karikaturisten Alfred Gr\u00e9ven. Das Gr\u00e9vin-Museum hat zwei weitere Zweigstellen in Montreal und Seoul.<\/p>\n<h2 id=\"t-1640516294230\">FAQ<\/h2>\n<h2 id=\"t-1610539832049\" style=\"\">Kontakt &amp; Karte<\/h2>\n<ul>\n<li><span style=\"\"><strong>Adresse:&nbsp;<\/strong>10 Boulevard Montmartre, 75009 Paris<\/span><\/li>\n<li><span style=\"\"><strong>\u00d6ffnungszeiten: <\/strong>Auf der offiziellen Webseite des Museums k\u00f6nnen Sie sich \u00fcber die aktuellen \u00d6ffnungszeiten informieren.<\/span><\/li>\n<li><span style=\"\"><strong>\u00d6ffentliche Verkehrsmittel: <\/strong>Metro: Station &#8222;Grands Boulevards&#8220; der Metrolinien 8 und 9.<\/span><\/li>\n<li style=\"\"><span style=\"\"><strong>Webseite:&nbsp;<\/strong><a href=\"https:\/\/www.atelier-lumieres.com\" target=\"_blank\" style=\"outline: none;\" rel=\"noopener nofollow\">www.grevin-paris.com\/enom<\/a><\/span><\/li>\n<\/ul>\n<p>__CONFIG_colors_palette__{&#8222;active_palette&#8220;:0,&#8220;config&#8220;:{&#8222;colors&#8220;:{&#8222;50ce5&#8220;:{&#8222;name&#8220;:&#8220;Main Accent&#8220;,&#8220;parent&#8220;:-1}},&#8220;gradients&#8220;:[]},&#8220;palettes&#8220;:[{&#8222;name&#8220;:&#8220;Default Palette&#8220;,&#8220;value&#8220;:{&#8222;colors&#8220;:{&#8222;50ce5&#8220;:{&#8222;val&#8220;:&#8220;var(&#8211;tcb-skin-color-0)&#8220;}},&#8220;gradients&#8220;:[]},&#8220;original&#8220;:{&#8222;colors&#8220;:{&#8222;50ce5&#8220;:{&#8222;val&#8220;:&#8220;rgb(19, 114, 211)&#8220;,&#8220;hsl&#8220;:{&#8222;h&#8220;:210,&#8220;s&#8220;:0.83,&#8220;l&#8220;:0.45,&#8220;a&#8220;:1}}},&#8220;gradients&#8220;:[]}}]}__CONFIG_colors_palette__ <a href=\"https:\/\/paristouristinformation.fr\/de\/\/de\/things-to-do\/museum\/\"> <span><span>Weitere sehenswerte Museen in Paris<\/span><\/span> <\/a><\/p>\n<h2 style=\"\" id=\"t-1640516294231\">Verwandte Artikel:<\/h2>\n<div class=\"tcb-post-list tve-content-list thrv_wrapper\" data-type=\"grid\" data-pagination-type=\"none\" data-pages_near_current=\"2\" data-css=\"tve-u-17df6662c2d\" data-total_post_count=\"3\" data-total_sticky_count=\"0\" data-no_posts_text=\"There are no posts to display.\"><article id=\"post-6884\" class=\"post-6884 page type-page status-publish has-post-thumbnail hentry post-wrapper thrv_wrapper thrive-animated-item  tve_evt_manager_listen tve_ea_thrive_animation tve_et_mouseover tve_anim_grow\" tcb_hover_state_parent=\"\" class=\"tve_evt_manager_listen tve_ea_thrive_animation tve_et_mouseover tve_anim_grow\" data-id=\"6884\" data-selector=\".post-wrapper\"><style class=\"tcb-post-list-dynamic-style\" type=\"text\/css\">@media (min-width: 300px){[].tcb-post-list #post-6884 []{background-image: url(&#8222;https:\/\/www.paristouristinformation.fr\/de\/wp-content\/uploads\/2021\/03\/Guide-to-Grand-Palais-in-Paris-1024x538.jpg&#8222;) !important;}[].tcb-post-list #post-6884 []:hover []{background-image: url(&#8222;https:\/\/www.paristouristinformation.fr\/de\/wp-content\/uploads\/2021\/03\/Guide-to-Grand-Palais-in-Paris-1024x538.jpg&#8222;) !important;}}<\/style><a href=\"https:\/\/www.paristouristinformation.fr\/de\/sehenswurdigkeiten\/museum\/grand-palais\/\" dynamic-postlink=\"tcb_post_the_permalink\" data-shortcode-id=\"4282\"><\/a><\/p>\n<h3 style=\"text-align: center; padding-top: 0px !important; margin-top: 0px !important;\"><span data-attr-link=\"1\" data-attr-rel=\"0\" data-attr-target=\"0\" data-extra_key=\"\" data-option-inline=\"1\" data-shortcode=\"tcb_post_title\" data-shortcode-name=\"Post title\" data-attr-css=\"\" data-attr-static-link=\"{&quot;className&quot;:&quot;tve-froala fr-basic&quot;,&quot;href&quot;:&quot;https:\/\/paristouristinformation.fr\/de\/regenwetter\/&quot;,&quot;title&quot;:&quot;Paris bei Regenwetter: 15 Schlechtwetter Aktivit\u00e4ten 2022&quot;,&quot;class&quot;:&quot;tve-froala fr-basic&quot;}\" style=\"\"><a href=\"https:\/\/www.paristouristinformation.fr\/de\/sehenswurdigkeiten\/museum\/grand-palais\/\" title=\"Grand Palais in Paris | Ausstellung, Tickets &amp; Infos\" data-css=\"\" class=\"tve-froala fr-basic\">Grand Palais in Paris | Ausstellung, Tickets &amp; Infos<\/a><\/span><\/h3>\n<p><\/article><article id=\"post-7624\" class=\"post-7624 page type-page status-publish has-post-thumbnail hentry post-wrapper thrv_wrapper thrive-animated-item  tve_evt_manager_listen tve_ea_thrive_animation tve_et_mouseover tve_anim_grow\" tcb_hover_state_parent=\"\" class=\"tve_evt_manager_listen tve_ea_thrive_animation tve_et_mouseover tve_anim_grow\" data-id=\"7624\" data-selector=\".post-wrapper\"><style class=\"tcb-post-list-dynamic-style\" type=\"text\/css\">@media (min-width: 300px){[].tcb-post-list #post-7624 []{background-image: url(&#8222;https:\/\/www.paristouristinformation.fr\/de\/wp-content\/uploads\/2021\/02\/Musee-Jacquemart-Andre-in-Paris-in-France-1024x538.jpg&#8222;) !important;}[].tcb-post-list #post-7624 []:hover []{background-image: url(&#8222;https:\/\/www.paristouristinformation.fr\/de\/wp-content\/uploads\/2021\/02\/Musee-Jacquemart-Andre-in-Paris-in-France-1024x538.jpg&#8222;) !important;}}<\/style><a href=\"https:\/\/www.paristouristinformation.fr\/de\/sehenswurdigkeiten\/museum\/museum-jacquemart-andre\/\" dynamic-postlink=\"tcb_post_the_permalink\" data-shortcode-id=\"4282\"><\/a><\/p>\n<h3 style=\"text-align: center; padding-top: 0px !important; margin-top: 0px !important;\"><span data-attr-link=\"1\" data-attr-rel=\"0\" data-attr-target=\"0\" data-extra_key=\"\" data-option-inline=\"1\" data-shortcode=\"tcb_post_title\" data-shortcode-name=\"Post title\" data-attr-css=\"\" data-attr-static-link=\"{&quot;className&quot;:&quot;tve-froala fr-basic&quot;,&quot;href&quot;:&quot;https:\/\/paristouristinformation.fr\/de\/regenwetter\/&quot;,&quot;title&quot;:&quot;Paris bei Regenwetter: 15 Schlechtwetter Aktivit\u00e4ten 2022&quot;,&quot;class&quot;:&quot;tve-froala fr-basic&quot;}\" style=\"\"><a href=\"https:\/\/www.paristouristinformation.fr\/de\/sehenswurdigkeiten\/museum\/museum-jacquemart-andre\/\" title=\"Museum Jacquemart Andre in Paris | Infos &amp; Tickets\" data-css=\"\" class=\"tve-froala fr-basic\">Museum Jacquemart Andre in Paris | Infos &amp; Tickets<\/a><\/span><\/h3>\n<p><\/article><article id=\"post-4282\" class=\"post-4282 page type-page status-publish has-post-thumbnail hentry post-wrapper thrv_wrapper thrive-animated-item  tve_evt_manager_listen tve_ea_thrive_animation tve_et_mouseover tve_anim_grow\" tcb_hover_state_parent=\"\" class=\"tve_evt_manager_listen tve_ea_thrive_animation tve_et_mouseover tve_anim_grow\" data-id=\"4282\" data-selector=\".post-wrapper\"><style class=\"tcb-post-list-dynamic-style\" type=\"text\/css\">@media (min-width: 300px){[].tcb-post-list #post-4282 []{background-image: url(&#8222;https:\/\/www.paristouristinformation.fr\/de\/wp-content\/uploads\/2020\/12\/Rainy-day-in-Paris-in-France-1024x538.jpg&#8222;) !important;}[].tcb-post-list #post-4282 []:hover []{background-image: url(&#8222;https:\/\/www.paristouristinformation.fr\/de\/wp-content\/uploads\/2020\/12\/Rainy-day-in-Paris-in-France-1024x538.jpg&#8222;) !important;}}<\/style><a href=\"https:\/\/www.paristouristinformation.fr\/de\/sehenswurdigkeiten\/regenwetter\/\" dynamic-postlink=\"tcb_post_the_permalink\" data-shortcode-id=\"4282\"><\/a><\/p>\n<h3 style=\"text-align: center; padding-top: 0px !important; margin-top: 0px !important;\"><span data-attr-link=\"1\" data-attr-rel=\"0\" data-attr-target=\"0\" data-extra_key=\"\" data-option-inline=\"1\" data-shortcode=\"tcb_post_title\" data-shortcode-name=\"Post title\" data-attr-css=\"\" data-attr-static-link=\"{&quot;className&quot;:&quot;tve-froala fr-basic&quot;,&quot;href&quot;:&quot;https:\/\/paristouristinformation.fr\/de\/regenwetter\/&quot;,&quot;title&quot;:&quot;Paris bei Regenwetter: 15 Schlechtwetter Aktivit\u00e4ten 2022&quot;,&quot;class&quot;:&quot;tve-froala fr-basic&quot;}\" style=\"\"><a href=\"https:\/\/www.paristouristinformation.fr\/de\/sehenswurdigkeiten\/regenwetter\/\" title=\"Paris bei Regenwetter: 15 Schlechtwetter Aktivit\u00e4ten [mit Karte]\" data-css=\"\" class=\"tve-froala fr-basic\">Paris bei Regenwetter: 15 Schlechtwetter Aktivit\u00e4ten [mit Karte]<\/a><\/span><\/h3>\n<p><\/article><\/div>\n","protected":false},"excerpt":{"rendered":"<p>Das Gr\u00e9vin-Museum ist ein privates Wachsfigurenkabinett in Paris, im 9. Arrondissement am rechten Seine-Ufer.Machen Sie sich bereit, eines der \u00e4ltesten Wachsmuseen der Welt zu besuchen. Es wird eine unterhaltsame Reise sein, die Menschen jeden Alters anspricht.Unten finden Sie alle n\u00fctzlichen Informationen \u00fcber Eintritt, Eintrittskarten und Ausstellungen! Was kann ich im Museum Gr\u00e9vin unternehmen? Das von [&hellip;]<\/p>\n","protected":false},"author":9,"featured_media":9268,"parent":68,"menu_order":0,"comment_status":"closed","ping_status":"closed","template":"","meta":{"footnotes":""},"tags":[],"class_list":{"0":"post-8635","1":"page","2":"type-page","3":"status-publish","4":"has-post-thumbnail","5":"hentry","6":"post-wrapper","7":"thrv_wrapper","10":"thrive-animated-item"},"wp-worthy-pixel":{"ignored":false,"public":"e34740327fb445ea994eaefc67d7a562","server":"vg07.met.vgwort.de","url":"https:\/\/vg07.met.vgwort.de\/na\/e34740327fb445ea994eaefc67d7a562"},"wp-worthy-type":"normal","_links":{"self":[{"href":"https:\/\/www.paristouristinformation.fr\/de\/wp-json\/wp\/v2\/pages\/8635","targetHints":{"allow":["GET"]}}],"collection":[{"href":"https:\/\/www.paristouristinformation.fr\/de\/wp-json\/wp\/v2\/pages"}],"about":[{"href":"https:\/\/www.paristouristinformation.fr\/de\/wp-json\/wp\/v2\/types\/page"}],"author":[{"embeddable":true,"href":"https:\/\/www.paristouristinformation.fr\/de\/wp-json\/wp\/v2\/users\/9"}],"replies":[{"embeddable":true,"href":"https:\/\/www.paristouristinformation.fr\/de\/wp-json\/wp\/v2\/comments?post=8635"}],"version-history":[{"count":0,"href":"https:\/\/www.paristouristinformation.fr\/de\/wp-json\/wp\/v2\/pages\/8635\/revisions"}],"up":[{"embeddable":true,"href":"https:\/\/www.paristouristinformation.fr\/de\/wp-json\/wp\/v2\/pages\/68"}],"wp:featuredmedia":[{"embeddable":true,"href":"https:\/\/www.paristouristinformation.fr\/de\/wp-json\/wp\/v2\/media\/9268"}],"wp:attachment":[{"href":"https:\/\/www.paristouristinformation.fr\/de\/wp-json\/wp\/v2\/media?parent=8635"}],"wp:term":[{"taxonomy":"post_tag","embeddable":true,"href":"https:\/\/www.paristouristinformation.fr\/de\/wp-json\/wp\/v2\/tags?post=8635"}],"curies":[{"name":"wp","href":"https:\/\/api.w.org\/{rel}","templated":true}]}}