{"id":8641,"date":"2023-01-05T08:07:00","date_gmt":"2023-01-05T08:07:00","guid":{"rendered":"https:\/\/paristouristinformation.fr\/de\/\/things-to-do\/museum\/clone-of-guide-to-rodin-museum-in-paris\/"},"modified":"2024-01-20T10:25:55","modified_gmt":"2024-01-20T10:25:55","slug":"vincennes","status":"publish","type":"page","link":"https:\/\/www.paristouristinformation.fr\/de\/sehenswurdigkeiten\/museum\/vincennes\/","title":{"rendered":"Ch\u00e2teau de Vincennes in Paris | Tipps, Infos &#038; Tickets"},"content":{"rendered":"<p>Das Ch\u00e2teau de Vincennes ist ein beeindruckendes mittelalterliches Schloss in der Stadt Vincennes, \u00f6stlich von Paris. Es diente vom 14. bis zum 17. Jahrhundert als k\u00f6nigliche Residenz in Frankreich.Bei einem Aufenthalt im Ch\u00e2teau de Vincennes, das mit der Pariser Metro leicht zu erreichen ist, k\u00f6nnen Sie sich in das Mittelalter zur\u00fcckversetzen lassen.Entdecken wir, was die Besucher im Ch\u00e2teau de Vincennes erwartet.<\/p>\n<ul>\n<li><span style=\"\">Planen Sie Ihre Reise nach Paris? Wir haben f\u00fcr Sie eine<em><strong>&nbsp;<\/strong><\/em>Liste von den<em><strong>&nbsp;<\/strong><\/em><a href=\"https:\/\/paristouristinformation.fr\/de\/sehenswurdigkeiten\/museum\/\"><strong>30 besten Museen in Paris<\/strong><\/a> zusammengestellt.<\/span><\/li>\n<\/ul>\n<p><span><img decoding=\"async\" alt=\"chateau des vincennes in Paris in France 2\" data-id=\"8710\" width=\"736\" data-init-width=\"1000\" height=\"493\" data-init-height=\"670\" title=\"chateau des vincennes in Paris in France 2\" src=\"https:\/\/paristouristinformation.fr\/de\/wp-content\/uploads\/2021\/07\/chateau-des-vincennes-in-Paris-in-France-2.jpg\" data-width=\"736\" data-height=\"493\" style=\"\" loading=\"lazy\"><\/span><\/p>\n<ul>\n<li><a rel=\"noreferrer noopener nofollow\" href=\"https:\/\/pinterest.com\/pin\/create\/button\/?url=https:\/\/paristouristinformation.fr\/de\/sehenswurdigkeiten\/museum\/vincennes\/?tve=true&amp;tcbf=abdbdf6a32&amp;is_video=false&amp;media=https:\/\/paristouristinformation.fr\/de\/wp-content\/uploads\/2021\/07\/chateau-des-vincennes-in-Paris-in-France-2.jpg&amp;description=F%C3%BChrer%20zum%20Ch%C3%A2teau%20de%20Vincennes%20%7C%20ParisTouristInformation.fr\" onclick=\"essb.window('https:\/\/pinterest.com\/pin\/create\/button\/?url=https:\/\/paristouristinformation.fr\/de\/sehenswurdigkeiten\/museum\/vincennes\/?tve=true&amp;tcbf=abdbdf6a32&amp;is_video=false&amp;media=https:\/\/paristouristinformation.fr\/de\/wp-content\/uploads\/2021\/07\/chateau-des-vincennes-in-Paris-in-France-2.jpg&amp;description=F%C3%BChrer%20zum%20Ch%C3%A2teau%20de%20Vincennes%20%7C%20ParisTouristInformation.fr','pinpro','kyejzi4m'); return false;\" target=\"_blank\"><span><\/span><span>Pin<\/span><\/a><\/li>\n<\/ul>\n<h2 id=\"t-1612277413546\">Was kann ich im Ch\u00e2teau de Vincennes unternehmen?<\/h2>\n<p>Sie k\u00f6nnen entweder kostenlos durch den sch\u00f6nen Innenhof spazieren oder eine Eintrittskarte kaufen, um das Innere zu besichtigen. Die Mauern, die das Schloss umgeben, sind etwa 1200 Meter lang. Das Schloss Vincennes diente bis zum 17. Jahrhundert als k\u00f6nigliche Residenz, als Versailles von Ludwig XIV. gebaut wurde. Das Schloss besteht aus mehreren Geb\u00e4udekomplexen. Der 52 Meter hohe Donjonturm ist das h\u00f6chste mittelalterliche Festungsbauwerk in Europa. Im Donjon ist ein Museum des Historischen Verteidigungsdienstes Frankreichs zu sehen.Es gibt sechs T\u00fcrme und drei Tore, die von einem tiefen, mit Steinen ausgekleideten Graben umgeben sind. Der riesige Wassergraben war einst mit Wasser gef\u00fcllt. Im ersten und zweiten Stockwerk befanden sich die k\u00f6niglichen Gem\u00e4cher. In den anderen drei oberen Stockwerken waren Bedienstete und Soldaten untergebracht.<\/p>\n<h3>Sainte-Chapelle de Vincennes<\/h3>\n<p>Die Sainte-Chapelle de Vincennes ist eine gotische Kapelle im mittelalterlichen Stil, die im 14. Jahrhundert auf Wunsch von K\u00f6nig Karl V. auf dem Gel\u00e4nde des Schlosses Vincennes gegr\u00fcndet wurde.Die Kapelle beherbergt die Gr\u00e4ber von Bernardin Gigault und Louis Antoine, Herzog von Enghien.Wenn Sie sich f\u00fcr eine gef\u00fchrte Tour entscheiden, k\u00f6nnen Sie auch die oberen Etagen des Kerkers besichtigen, wo Sie fantastische Fotos vom Schloss machen und den gr\u00fcnen Park von Vincennes betrachten k\u00f6nnen.<\/p>\n<p><span><img decoding=\"async\" alt=\"chateau des vincennes in Paris in France 3\" data-id=\"8708\" width=\"736\" data-init-width=\"1000\" height=\"493\" data-init-height=\"670\" title=\"chateau des vincennes in Paris in France 3\" src=\"https:\/\/paristouristinformation.fr\/de\/wp-content\/uploads\/2021\/07\/chateau-des-vincennes-in-Paris-in-France-3.jpg\" data-width=\"736\" data-height=\"493\" style=\"\" loading=\"lazy\"><\/span><\/p>\n<ul>\n<li><a rel=\"noreferrer noopener nofollow\" href=\"https:\/\/pinterest.com\/pin\/create\/button\/?url=https:\/\/paristouristinformation.fr\/de\/sehenswurdigkeiten\/museum\/vincennes\/?tve=true&amp;tcbf=abdbdf6a32&amp;is_video=false&amp;media=https:\/\/paristouristinformation.fr\/de\/wp-content\/uploads\/2021\/07\/chateau-des-vincennes-in-Paris-in-France-3.jpg&amp;description=F%C3%BChrer%20zum%20Ch%C3%A2teau%20de%20Vincennes%20%7C%20ParisTouristInformation.fr\" onclick=\"essb.window('https:\/\/pinterest.com\/pin\/create\/button\/?url=https:\/\/paristouristinformation.fr\/de\/sehenswurdigkeiten\/museum\/vincennes\/?tve=true&amp;tcbf=abdbdf6a32&amp;is_video=false&amp;media=https:\/\/paristouristinformation.fr\/de\/wp-content\/uploads\/2021\/07\/chateau-des-vincennes-in-Paris-in-France-3.jpg&amp;description=F%C3%BChrer%20zum%20Ch%C3%A2teau%20de%20Vincennes%20%7C%20ParisTouristInformation.fr','pinpro','kyejzi4y'); return false;\" target=\"_blank\"><span><\/span><span>Pin<\/span><\/a><\/li>\n<\/ul>\n<h2 id=\"t-1612277413547\">Eintritt, Tickets und Touren zum Ch\u00e2teau de Vincennes<\/h2>\n<ul>\n<li style=\"\"><span style=\"\"><strong>Eintrittskarten:<\/strong><a href=\"https:\/\/ticket.monuments-nationaux.fr\/Accueil.aspx?anchor=tarif\" target=\"_blank\" style=\"outline: none;\" rel=\"noopener nofollow\">Online-Ticket f\u00fcr das Schloss<\/a><\/span><\/li>\n<li><span>Das Schloss Vincennes kann vom 22. September bis zum 20. Mai von 10 bis 17 Uhr und vom 21. Mai bis zum 21. September von 10 bis 18 Uhr besichtigt werden.<\/span><\/li>\n<li><span>Das Schloss von Vincennes kann an den ersten Sonntagen im November, Dezember, Januar, Februar und M\u00e4rz kostenlos besichtigt werden.<\/span><\/li>\n<li><span style=\"\"><strong>F\u00fchrungen : <\/strong>Es gibt selbstgef\u00fchrte Audiotouren in vielen Sprachen. Die F\u00fchrungen werden derzeit nur auf Franz\u00f6sisch angeboten und dauern etwa 1,5 Stunden. (t\u00e4glich: 10:30 Uhr, 14:15 Uhr, 15 Uhr &#8211; keine Reservierung erforderlich)<\/span><\/li>\n<\/ul>\n<ul>\n<li><span style=\"\">Um Zeit und Geld zu sparen und Stress zu vermeiden, k\u00f6nnen Sie Ihre Reise mit dem Kauf des <a href=\"https:\/\/paristouristinformation.fr\/de\/touren-and-tickets\/\"><strong>Pariser Museumspasse<\/strong><strong>s<\/strong><\/a> vorbereiten. Er erm\u00f6glicht den Zugang zu mehr als <span style=\"text-decoration: underline;\">50 Museen in Paris<\/span>. Ein Must-Have!<\/span><\/li>\n<\/ul>\n<p><span><img decoding=\"async\" alt=\"chateau des vincennes in Paris in France 1\" data-id=\"8709\" width=\"736\" data-init-width=\"1000\" height=\"493\" data-init-height=\"670\" title=\"chateau des vincennes in Paris in France 1\" src=\"https:\/\/paristouristinformation.fr\/de\/wp-content\/uploads\/2021\/07\/chateau-des-vincennes-in-Paris-in-France-1-1.jpg\" data-width=\"736\" data-height=\"493\" style=\"\" loading=\"lazy\"><\/span><\/p>\n<ul>\n<li><a rel=\"noreferrer noopener nofollow\" href=\"https:\/\/pinterest.com\/pin\/create\/button\/?url=https:\/\/paristouristinformation.fr\/de\/sehenswurdigkeiten\/museum\/vincennes\/?tve=true&amp;tcbf=abdbdf6a32&amp;is_video=false&amp;media=https:\/\/paristouristinformation.fr\/de\/wp-content\/uploads\/2021\/07\/chateau-des-vincennes-in-Paris-in-France-1-1.jpg&amp;description=F%C3%BChrer%20zum%20Ch%C3%A2teau%20de%20Vincennes%20%7C%20ParisTouristInformation.fr\" onclick=\"essb.window(&#039;https:\/\/pinterest.com\/pin\/create\/button\/?url=https:\/\/paristouristinformation.fr\/de\/sehenswurdigkeiten\/museum\/vincennes\/?tve=true&amp;tcbf=abdbdf6a32&amp;is_video=false&amp;media=https:\/\/paristouristinformation.fr\/de\/wp-content\/uploads\/2021\/07\/chateau-des-vincennes-in-Paris-in-France-1-1.jpg&amp;description=F%C3%BChrer%20zum%20Ch%C3%A2teau%20de%20Vincennes%20%7C%20ParisTouristInformation.fr&#039;,&#039;pinpro&#039;,&#039;kyejzi5b&#039;); return false;\" target=\"_blank\"><span><\/span><span>Pin<\/span><\/a><\/li>\n<\/ul>\n<h2 id=\"t-1612277413548\">So erreichen Sie das Ch\u00e2teau de Vincennes&nbsp;<\/h2>\n<p><strong data-rich-text-format-boundary=\"true\">Metro : <\/strong>Die n\u00e4chstgelegene Station ist &#8222;Ch\u00e2teau de Vincennes&#8220; auf der Metrolinie 1. Dies ist die letzte Station auf der Ostseite der Linie 1.<\/p>\n<p><strong>RER A: <\/strong>Sie k\u00f6nnen die RER von den Stationen Chatelet-les-Halles oder Nation nehmen, um nach Vincennes zu gelangen.<\/p>\n<p><strong>Bus:<\/strong> 46, 56, und 86<\/p>\n<p><span><img decoding=\"async\" alt=\"chateau des vincennes in Paris in France\" data-id=\"8707\" width=\"736\" data-init-width=\"1000\" height=\"493\" data-init-height=\"670\" title=\"chateau des vincennes in Paris in France\" src=\"https:\/\/paristouristinformation.fr\/de\/wp-content\/uploads\/2021\/07\/chateau-des-vincennes-in-Paris-in-France.jpg\" data-width=\"736\" data-height=\"493\" style=\"\" loading=\"lazy\"><\/span><\/p>\n<ul>\n<li><a rel=\"noreferrer noopener nofollow\" href=\"https:\/\/pinterest.com\/pin\/create\/button\/?url=https:\/\/paristouristinformation.fr\/de\/sehenswurdigkeiten\/museum\/vincennes\/?tve=true&amp;tcbf=abdbdf6a32&amp;is_video=false&amp;media=https:\/\/paristouristinformation.fr\/de\/wp-content\/uploads\/2021\/07\/chateau-des-vincennes-in-Paris-in-France.jpg&amp;description=F%C3%BChrer%20zum%20Ch%C3%A2teau%20de%20Vincennes%20%7C%20ParisTouristInformation.fr\" onclick=\"essb.window(&#039;https:\/\/pinterest.com\/pin\/create\/button\/?url=https:\/\/paristouristinformation.fr\/de\/sehenswurdigkeiten\/museum\/vincennes\/?tve=true&amp;tcbf=abdbdf6a32&amp;is_video=false&amp;media=https:\/\/paristouristinformation.fr\/de\/wp-content\/uploads\/2021\/07\/chateau-des-vincennes-in-Paris-in-France.jpg&amp;description=F%C3%BChrer%20zum%20Ch%C3%A2teau%20de%20Vincennes%20%7C%20ParisTouristInformation.fr&#039;,&#039;pinpro&#039;,&#039;kyejzi5m&#039;); return false;\" target=\"_blank\"><span><\/span><span>Pin<\/span><\/a><\/li>\n<\/ul>\n<h2 id=\"t-1612277413549\">Geschichte des Ch\u00e2teau de Vincennes<\/h2>\n<p>Das Ch\u00e2teau de Vincennes gilt als Symbol des modernen Frankreichs. Es diente w\u00e4hrend der Napoleonischen Kriege und des Zweiten Weltkriegs als Residenz f\u00fcr die franz\u00f6sischen K\u00f6nige. Chateau de Vincennes war im Mittelalter eher eine befestigte Stadt, in deren Mauern mehrere tausend Menschen lebten.Die Hauptaufgabe des Schlosses bestand darin, den K\u00f6nig zu sch\u00fctzen. Es war Schauplatz vieler wichtiger Ereignisse wie Hochzeiten und Geburten mehrerer Monarchen.Das Schloss ist als &#8222;Nationales Monument Frankreichs&#8220; gelistet.<\/p>\n<div class=\"tcb-post-list tve-content-list thrv_wrapper\" data-type=\"grid\" data-pagination-type=\"none\" data-pages_near_current=\"2\" data-css=\"tve-u-60d98346054f57\" data-total_post_count=\"3\" data-total_sticky_count=\"0\" data-no_posts_text=\"There are no posts to display.\"><article id=\"post-4004\" class=\"post-4004 page type-page status-publish has-post-thumbnail hentry post-wrapper thrv_wrapper thrive-animated-item \" tcb_hover_state_parent=\"\" shortcode=\"tcb_post_list\" data-id=\"4004\" data-selector=\".post-wrapper\"><style class=\"tcb-post-list-dynamic-style\" type=\"text\/css\"><\/style><\/p>\n<h3 style=\"\"><span data-attr-link=\"1\" data-attr-rel=\"0\" data-attr-target=\"0\" data-extra_key=\"\" data-option-inline=\"1\" data-shortcode=\"tcb_post_title\" data-shortcode-name=\"Post title\" data-attr-css=\"\" style=\"\" data-attr-static-link=\"{&quot;className&quot;:&quot;tve-froala fr-basic&quot;,&quot;href&quot;:&quot;https:\/\/paristouristinformation.fr\/de\/sehenswurdigkeiten\/museum\/museum-quai-branly\/&quot;,&quot;title&quot;:&quot;F\u00fchrer zum Museum Quai Branly in Paris&quot;,&quot;class&quot;:&quot;tve-froala fr-basic&quot;}\"><a href=\"https:\/\/www.paristouristinformation.fr\/de\/sehenswurdigkeiten\/museum\/picasso-museum\/\" title=\"Picasso Museum in Paris | Infos, Tipps &amp; Tickets\" data-css=\"\" class=\"tve-froala fr-basic\">Picasso Museum in Paris | Infos, Tipps &amp; Tickets<\/a><\/span><\/h3>\n<p><\/article><article id=\"post-3690\" class=\"post-3690 page type-page status-publish has-post-thumbnail hentry post-wrapper thrv_wrapper thrive-animated-item \" tcb_hover_state_parent=\"\" shortcode=\"tcb_post_list\" data-id=\"3690\" data-selector=\".post-wrapper\"><style class=\"tcb-post-list-dynamic-style\" type=\"text\/css\"><\/style><\/p>\n<h3 style=\"\"><span data-attr-link=\"1\" data-attr-rel=\"0\" data-attr-target=\"0\" data-extra_key=\"\" data-option-inline=\"1\" data-shortcode=\"tcb_post_title\" data-shortcode-name=\"Post title\" data-attr-css=\"\" style=\"\" data-attr-static-link=\"{&quot;className&quot;:&quot;tve-froala fr-basic&quot;,&quot;href&quot;:&quot;https:\/\/paristouristinformation.fr\/de\/sehenswurdigkeiten\/museum\/museum-quai-branly\/&quot;,&quot;title&quot;:&quot;F\u00fchrer zum Museum Quai Branly in Paris&quot;,&quot;class&quot;:&quot;tve-froala fr-basic&quot;}\"><a href=\"https:\/\/www.paristouristinformation.fr\/de\/kirche\/basilika-sacre-coeur\/\" title=\"Basilika\u00a0Sacr\u00e9-C\u0153ur de Montmartre: Infos, Fakten &amp; Attraktionen [mit Tickets]\" data-css=\"\" class=\"tve-froala fr-basic\">Basilika\u00a0Sacr\u00e9-C\u0153ur de Montmartre: Infos, Fakten &amp; Attraktionen [mit Tickets]<\/a><\/span><\/h3>\n<p><\/article><article id=\"post-3461\" class=\"post-3461 page type-page status-publish has-post-thumbnail hentry post-wrapper thrv_wrapper thrive-animated-item \" tcb_hover_state_parent=\"\" shortcode=\"tcb_post_list\" data-id=\"3461\" data-selector=\".post-wrapper\"><style class=\"tcb-post-list-dynamic-style\" type=\"text\/css\"><\/style><\/p>\n<h3 style=\"\"><span data-attr-link=\"1\" data-attr-rel=\"0\" data-attr-target=\"0\" data-extra_key=\"\" data-option-inline=\"1\" data-shortcode=\"tcb_post_title\" data-shortcode-name=\"Post title\" data-attr-css=\"\" style=\"\" data-attr-static-link=\"{&quot;className&quot;:&quot;tve-froala fr-basic&quot;,&quot;href&quot;:&quot;https:\/\/paristouristinformation.fr\/de\/sehenswurdigkeiten\/museum\/museum-quai-branly\/&quot;,&quot;title&quot;:&quot;F\u00fchrer zum Museum Quai Branly in Paris&quot;,&quot;class&quot;:&quot;tve-froala fr-basic&quot;}\"><a href=\"https:\/\/www.paristouristinformation.fr\/de\/sehenswurdigkeiten\/museum\/museum-quai-branly\/\" title=\"Museum Quai Branly | Infos, Tipps &amp; Tickets\" data-css=\"\" class=\"tve-froala fr-basic\">Museum Quai Branly | Infos, Tipps &amp; Tickets<\/a><\/span><\/h3>\n<p><\/article><\/div>\n<h2 id=\"t-1612277413550\">Kontakt<\/h2>\n<ul>\n<li><span style=\"\"><strong>Adresse:&nbsp;<\/strong>Avenue de Paris, 94300 Vincennes, Frankreich<\/span><\/li>\n<li><span style=\"\"><strong>\u00d6ffnungszeiten:&nbsp;<\/strong><a data-id=\"http:\/\/www.musee-rodin.fr\/en\/musee-rodin\" data-rich-text-format-boundary=\"true\" data-type=\"URL\" href=\"http:\/\/www.chateau-de-vincennes.fr\" style=\"outline: none;\" target=\"_blank\" rel=\"noopener nofollow\"> http:\/\/www.chateau-de-vincennes.fr<\/a><\/span><\/li>\n<li><span style=\"\"><strong>\u00d6ffentliche Verkehrsmittel: <\/strong>Haltestelle &#8222;Ch\u00e2teau de Vincennes&#8220; der Metrolinie 1<\/span><\/li>\n<li style=\"\"><span style=\"\"><strong>Website:&nbsp;<\/strong><a data-id=\"http:\/\/www.musee-rodin.fr\/en\/musee-rodin\" data-rich-text-format-boundary=\"true\" data-type=\"URL\" href=\"http:\/\/www.chateau-de-vincennes.fr\" style=\"outline: none;\" target=\"_blank\" rel=\"noopener nofollow\">http:\/\/www.chateau-de-vincennes.fr <\/a><\/span><\/li>\n<\/ul>\n<h2 style=\"\" id=\"t-1640513391533\">Verwandte Artikel:<\/h2>\n<div class=\"tcb-post-list tve-content-list thrv_wrapper\" data-type=\"grid\" data-pagination-type=\"none\" data-pages_near_current=\"2\" data-css=\"tve-u-17df63cf25f\" data-total_post_count=\"3\" data-total_sticky_count=\"0\" data-no_posts_text=\"There are no posts to display.\"><article id=\"post-73\" class=\"post-73 page type-page status-publish has-post-thumbnail hentry post-wrapper thrv_wrapper thrive-animated-item  tve_evt_manager_listen tve_ea_thrive_animation tve_et_mouseover tve_anim_grow\" tcb_hover_state_parent=\"\" class=\"tve_evt_manager_listen tve_ea_thrive_animation tve_et_mouseover tve_anim_grow\" data-id=\"73\" data-selector=\".post-wrapper\"><style class=\"tcb-post-list-dynamic-style\" type=\"text\/css\">@media (min-width: 300px){[].tcb-post-list #post-73 []{background-image: url(&#8222;https:\/\/www.paristouristinformation.fr\/de\/wp-content\/uploads\/2021\/01\/10-Best-Free-Things-To-Do-in-Paris-1024x538.jpg&#8222;) !important;}[].tcb-post-list #post-73 []:hover []{background-image: url(&#8222;https:\/\/www.paristouristinformation.fr\/de\/wp-content\/uploads\/2021\/01\/10-Best-Free-Things-To-Do-in-Paris-1024x538.jpg&#8222;) !important;}}<\/style><a href=\"https:\/\/www.paristouristinformation.fr\/de\/kostenlos\/\" dynamic-postlink=\"tcb_post_the_permalink\" data-shortcode-id=\"2930\"><\/a><\/p>\n<h3 style=\"text-align: center; padding-top: 0px !important; margin-top: 0px !important;\"><span data-attr-link=\"1\" data-attr-rel=\"0\" data-attr-target=\"0\" data-extra_key=\"\" data-option-inline=\"1\" data-shortcode=\"tcb_post_title\" data-shortcode-name=\"Post title\" data-attr-css=\"\" data-attr-static-link=\"{&quot;className&quot;:&quot;tve-froala fr-basic&quot;,&quot;href&quot;:&quot;https:\/\/paristouristinformation.fr\/de\/attraktionen\/&quot;,&quot;title&quot;:&quot;15 hochkar\u00e4tige Attraktionen in Paris&quot;,&quot;class&quot;:&quot;tve-froala fr-basic&quot;}\" style=\"\"><a href=\"https:\/\/www.paristouristinformation.fr\/de\/kostenlos\/\" title=\"Top 10 kostenlose Attraktionen in Paris\" data-css=\"\" class=\"tve-froala fr-basic\">Top 10 kostenlose Attraktionen in Paris<\/a><\/span><\/h3>\n<p><\/article><article id=\"post-78\" class=\"post-78 page type-page status-publish has-post-thumbnail hentry post-wrapper thrv_wrapper thrive-animated-item  tve_evt_manager_listen tve_ea_thrive_animation tve_et_mouseover tve_anim_grow\" tcb_hover_state_parent=\"\" class=\"tve_evt_manager_listen tve_ea_thrive_animation tve_et_mouseover tve_anim_grow\" data-id=\"78\" data-selector=\".post-wrapper\"><style class=\"tcb-post-list-dynamic-style\" type=\"text\/css\">@media (min-width: 300px){[].tcb-post-list #post-78 []{background-image: url(&#8222;https:\/\/www.paristouristinformation.fr\/de\/wp-content\/uploads\/2021\/01\/27-Things-to-do-with-Kids-in-Paris-in-France-1024x538.jpg&#8222;) !important;}[].tcb-post-list #post-78 []:hover []{background-image: url(&#8222;https:\/\/www.paristouristinformation.fr\/de\/wp-content\/uploads\/2021\/01\/27-Things-to-do-with-Kids-in-Paris-in-France-1024x538.jpg&#8222;) !important;}}<\/style><a href=\"https:\/\/www.paristouristinformation.fr\/de\/sehenswurdigkeiten\/fur-kinder\/\" dynamic-postlink=\"tcb_post_the_permalink\" data-shortcode-id=\"2930\"><\/a><\/p>\n<h3 style=\"text-align: center; padding-top: 0px !important; margin-top: 0px !important;\"><span data-attr-link=\"1\" data-attr-rel=\"0\" data-attr-target=\"0\" data-extra_key=\"\" data-option-inline=\"1\" data-shortcode=\"tcb_post_title\" data-shortcode-name=\"Post title\" data-attr-css=\"\" data-attr-static-link=\"{&quot;className&quot;:&quot;tve-froala fr-basic&quot;,&quot;href&quot;:&quot;https:\/\/paristouristinformation.fr\/de\/attraktionen\/&quot;,&quot;title&quot;:&quot;15 hochkar\u00e4tige Attraktionen in Paris&quot;,&quot;class&quot;:&quot;tve-froala fr-basic&quot;}\" style=\"\"><a href=\"https:\/\/www.paristouristinformation.fr\/de\/sehenswurdigkeiten\/fur-kinder\/\" title=\"Paris mit Kindern | Top 27 Aktivit\u00e4ten f\u00fcr Kinder\" data-css=\"\" class=\"tve-froala fr-basic\">Paris mit Kindern | Top 27 Aktivit\u00e4ten f\u00fcr Kinder<\/a><\/span><\/h3>\n<p><\/article><article id=\"post-2930\" class=\"post-2930 page type-page status-publish has-post-thumbnail hentry post-wrapper thrv_wrapper thrive-animated-item  tve_evt_manager_listen tve_ea_thrive_animation tve_et_mouseover tve_anim_grow\" tcb_hover_state_parent=\"\" class=\"tve_evt_manager_listen tve_ea_thrive_animation tve_et_mouseover tve_anim_grow\" data-id=\"2930\" data-selector=\".post-wrapper\"><style class=\"tcb-post-list-dynamic-style\" type=\"text\/css\">@media (min-width: 300px){[].tcb-post-list #post-2930 []{background-image: url(&#8222;https:\/\/www.paristouristinformation.fr\/de\/wp-content\/uploads\/2021\/01\/15-Best-Attractions-in-Paris-in-France-1024x538.jpg&#8222;) !important;}[].tcb-post-list #post-2930 []:hover []{background-image: url(&#8222;https:\/\/www.paristouristinformation.fr\/de\/wp-content\/uploads\/2021\/01\/15-Best-Attractions-in-Paris-in-France-1024x538.jpg&#8222;) !important;}}<\/style><a href=\"https:\/\/www.paristouristinformation.fr\/de\/attraktionen\/\" dynamic-postlink=\"tcb_post_the_permalink\" data-shortcode-id=\"2930\"><\/a><\/p>\n<h3 style=\"text-align: center; padding-top: 0px !important; margin-top: 0px !important;\"><span data-attr-link=\"1\" data-attr-rel=\"0\" data-attr-target=\"0\" data-extra_key=\"\" data-option-inline=\"1\" data-shortcode=\"tcb_post_title\" data-shortcode-name=\"Post title\" data-attr-css=\"\" data-attr-static-link=\"{&quot;className&quot;:&quot;tve-froala fr-basic&quot;,&quot;href&quot;:&quot;https:\/\/paristouristinformation.fr\/de\/attraktionen\/&quot;,&quot;title&quot;:&quot;15 hochkar\u00e4tige Attraktionen in Paris&quot;,&quot;class&quot;:&quot;tve-froala fr-basic&quot;}\" style=\"\"><a href=\"https:\/\/www.paristouristinformation.fr\/de\/attraktionen\/\" title=\"15 ausgesuchte Attraktionen in Paris \u2013 Tickets &amp; Tipps\" data-css=\"\" class=\"tve-froala fr-basic\">15 ausgesuchte Attraktionen in Paris \u2013 Tickets &amp; Tipps<\/a><\/span><\/h3>\n<p><\/article><\/div>\n","protected":false},"excerpt":{"rendered":"<p>Das Ch\u00e2teau de Vincennes ist ein beeindruckendes mittelalterliches Schloss in der Stadt Vincennes, \u00f6stlich von Paris. Es diente vom 14. bis zum 17. Jahrhundert als k\u00f6nigliche Residenz in Frankreich.Bei einem Aufenthalt im Ch\u00e2teau de Vincennes, das mit der Pariser Metro leicht zu erreichen ist, k\u00f6nnen Sie sich in das Mittelalter zur\u00fcckversetzen lassen.Entdecken wir, was die [&hellip;]<\/p>\n","protected":false},"author":9,"featured_media":8695,"parent":68,"menu_order":0,"comment_status":"closed","ping_status":"closed","template":"","meta":{"footnotes":""},"tags":[],"class_list":{"0":"post-8641","1":"page","2":"type-page","3":"status-publish","4":"has-post-thumbnail","5":"hentry","6":"post-wrapper","7":"thrv_wrapper","10":"thrive-animated-item"},"wp-worthy-pixel":{"ignored":false,"public":"3d8ee67207e24ab9b43fb6019cb52ce3","server":"vg07.met.vgwort.de","url":"https:\/\/vg07.met.vgwort.de\/na\/3d8ee67207e24ab9b43fb6019cb52ce3"},"wp-worthy-type":"normal","_links":{"self":[{"href":"https:\/\/www.paristouristinformation.fr\/de\/wp-json\/wp\/v2\/pages\/8641","targetHints":{"allow":["GET"]}}],"collection":[{"href":"https:\/\/www.paristouristinformation.fr\/de\/wp-json\/wp\/v2\/pages"}],"about":[{"href":"https:\/\/www.paristouristinformation.fr\/de\/wp-json\/wp\/v2\/types\/page"}],"author":[{"embeddable":true,"href":"https:\/\/www.paristouristinformation.fr\/de\/wp-json\/wp\/v2\/users\/9"}],"replies":[{"embeddable":true,"href":"https:\/\/www.paristouristinformation.fr\/de\/wp-json\/wp\/v2\/comments?post=8641"}],"version-history":[{"count":0,"href":"https:\/\/www.paristouristinformation.fr\/de\/wp-json\/wp\/v2\/pages\/8641\/revisions"}],"up":[{"embeddable":true,"href":"https:\/\/www.paristouristinformation.fr\/de\/wp-json\/wp\/v2\/pages\/68"}],"wp:featuredmedia":[{"embeddable":true,"href":"https:\/\/www.paristouristinformation.fr\/de\/wp-json\/wp\/v2\/media\/8695"}],"wp:attachment":[{"href":"https:\/\/www.paristouristinformation.fr\/de\/wp-json\/wp\/v2\/media?parent=8641"}],"wp:term":[{"taxonomy":"post_tag","embeddable":true,"href":"https:\/\/www.paristouristinformation.fr\/de\/wp-json\/wp\/v2\/tags?post=8641"}],"curies":[{"name":"wp","href":"https:\/\/api.w.org\/{rel}","templated":true}]}}