{"id":8889,"date":"2021-07-08T17:24:11","date_gmt":"2021-07-08T17:24:11","guid":{"rendered":"https:\/\/paristouristinformation.fr\/de\/\/?page_id=8889"},"modified":"2024-01-20T10:18:00","modified_gmt":"2024-01-20T10:18:00","slug":"taschendiebe-verhindern-paris","status":"publish","type":"page","link":"https:\/\/www.paristouristinformation.fr\/de\/faq\/taschendiebe-verhindern-paris\/","title":{"rendered":"Taschendiebe in Paris vermeiden | Einfache &#038; N\u00fctzliche Tipps"},"content":{"rendered":"<p>Niemand m\u00f6chte mitten im Urlaub in einem fl\u00fcchtigen Moment der Ablenkung ausgeraubt werden. Taschendiebe sind in vielen F\u00e4llen schwer zu vermeiden. Sie tun ihr Bestes, um mit ihrer Umgebung zu verschmelzen und nicht gesehen zu werden.Wir haben Ihnen in diesem Artikel einige einfache Tipps zur Vermeidung von Taschendieben in Paris gegeben.<\/p>\n<h2>Was kann ich unternehmen, um Taschendiebe zu vermeiden?<\/h2>\n<p>Die Pariser Polizei warnt Ausl\u00e4nder vor den engen Stra\u00dfen von Monmarte und Pigalle, rund um den Eiffelturm und den Bahnhof Gar du Nord. Sie sagen, dass es hier Diebe gibt. Seien Sie an belebten Orten wie \u00f6ffentlichen Verkehrsmitteln immer wachsam. Der Eiffelturm in Paris zum Beispiel wird jeden Tag von Zehntausenden von Touristen besucht. Die Metrolinie 6, die durch den Turm f\u00fchrt, ist eine Hochrisikostrecke f\u00fcr diese Art von Verbrechen.Einige Fremde k\u00f6nnen versuchen, ein Gespr\u00e4ch zu f\u00fchren und besonders gespr\u00e4chig zu sein, um Touristen zu t\u00e4uschen.<\/p>\n<p><span><img decoding=\"async\" alt=\"pickpockets in Paris in France.j.pg\" data-id=\"9029\" width=\"736\" data-init-width=\"1000\" height=\"493\" data-init-height=\"670\" title=\"pickpockets in Paris in France.j.pg\" loading=\"lazy\" src=\"https:\/\/paristouristinformation.fr\/de\/wp-content\/uploads\/2021\/07\/pickpockets-in-Paris-in-France.j.pg_.jpg\" data-width=\"736\" data-height=\"493\" style=\"\"><\/span><\/p>\n<ul>\n<li><a rel=\"noreferrer noopener nofollow\" href=\"https:\/\/pinterest.com\/pin\/create\/button\/?url=https:\/\/paristouristinformation.fr\/de\/faq\/taschendiebe-verhindern-paris\/?tve=true&amp;tcbf=3f40ae11da&amp;is_video=false&amp;media=https:\/\/paristouristinformation.fr\/de\/wp-content\/uploads\/2021\/07\/pickpockets-in-Paris-in-France.j.pg_.jpg&amp;description=Wie%20k%C3%B6nnen%20Sie%20Taschendiebe%20in%20Paris%20vermeiden%3F%20Einfache%2C%20aber%20n%C3%BCtzliche%20Tipps%20%7C%20ParisTouristInformation.fr\" onclick=\"essb.window('https:\/\/pinterest.com\/pin\/create\/button\/?url=https:\/\/paristouristinformation.fr\/de\/faq\/taschendiebe-verhindern-paris\/?tve=true&amp;tcbf=3f40ae11da&amp;is_video=false&amp;media=https:\/\/paristouristinformation.fr\/de\/wp-content\/uploads\/2021\/07\/pickpockets-in-Paris-in-France.j.pg_.jpg&amp;description=Wie%20k%C3%B6nnen%20Sie%20Taschendiebe%20in%20Paris%20vermeiden%3F%20Einfache%2C%20aber%20n%C3%BCtzliche%20Tipps%20%7C%20ParisTouristInformation.fr','pinpro','kxmca7or'); return false;\" target=\"_blank\"><span><\/span><span>Pin<\/span><\/a><\/li>\n<\/ul>\n<h3 style=\"\">Wie Sie Ihre Tasche tragen sollten<\/h3>\n<ul>\n<li><span style=\"\">Die G\u00fcrteltaschen sind in den letzten Jahren wieder in Mode gekommen. Obwohl sie ein guter Artikel ist, um wichtige Gegenst\u00e4nde auf Reisen sicher zu transportieren, ist es sinnvoll, diebstahlsichere Modelle anstelle von Modellen mit Plastikverschluss zu w\u00e4hlen. Sie sind ideal f\u00fcr kurze Ausfl\u00fcge, wenn man nichts Gr\u00f6\u00dferes braucht.<\/span><\/li>\n<li style=\"\"><span style=\"\">Je kleiner die Taschen sind, desto besser. Vor allem in den Pausen sollten Sie Ihre Tasche auf dem Scho\u00df tragen, anstatt sie aufzuh\u00e4ngen oder auf den Boden zu stellen.<\/span><\/li>\n<li><span style=\"\">Sie k\u00f6nnen eine sichere Reisetasche verwenden, die wie ein Kreuz geschnallt werden kann, was es schwer macht, sie zu packen und wegzulaufen. Das ist der sicherste Weg, um Ihre pers\u00f6nlichen Gegenst\u00e4nde immer bei sich zu tragen.<\/span><\/li>\n<\/ul>\n<h3 style=\"\">Wie Sie Ihr Portemonnaie tragen sollten<\/h3>\n<ul>\n<li><span style=\"\">Wenn Sie ein Kleidungsst\u00fcck mit einer versteckten Tasche haben, bewahren Sie Ihre Brieftasche dort auf. Taschendiebe suchen in der Regel an sichtbaren Stellen nach Wertsachen und Geld und wissen nicht, wo sie suchen m\u00fcssen, wenn sich die Brieftasche in der Jacke, in einer unsichtbaren Tasche oder in der N\u00e4he der Brusttasche befindet.<\/span><\/li>\n<li style=\"\"><span style=\"\">Eine clevere Methode, Diebe zu t\u00e4uschen, ist das Mitf\u00fchren einer gef\u00e4lschten Brieftasche mit leeren Karten und Quittungen. Sie kann als K\u00f6der dienen, wenn jemand versucht, Sie abzureiben. Werfen Sie die gef\u00e4lschte Brieftasche einfach auf den Boden und laufen Sie weg. Aber ermutigen Sie Taschendiebe nicht, sich Ihnen zu n\u00e4hern, indem Sie Ihre gef\u00e4lschte Brieftasche sichtbar tragen.<\/span><\/li>\n<li><span style=\"\">Bewahren Sie Ihr Portemonnaie immer in Ihrer Vordertasche auf. Ein Portemonnaie mit Klettverschluss oder aus Stoff anstelle von Glattleder ist viel besser, da es schwierig ist, sie unbemerkt zu entfernen.<\/span><\/li>\n<\/ul>\n<p><span><img decoding=\"async\" alt=\"pickpockets in Paris in France-\" data-id=\"9030\" width=\"736\" data-init-width=\"1000\" height=\"493\" data-init-height=\"670\" title=\"pickpockets in Paris in France-\" loading=\"lazy\" src=\"https:\/\/paristouristinformation.fr\/de\/wp-content\/uploads\/2021\/07\/pickpockets-in-Paris-in-France-.jpg\" data-width=\"736\" data-height=\"493\" style=\"\"><\/span><\/p>\n<ul>\n<li><a rel=\"noreferrer noopener nofollow\" href=\"https:\/\/pinterest.com\/pin\/create\/button\/?url=https:\/\/paristouristinformation.fr\/de\/faq\/taschendiebe-verhindern-paris\/?tve=true&amp;tcbf=3f40ae11da&amp;is_video=false&amp;media=https:\/\/paristouristinformation.fr\/de\/wp-content\/uploads\/2021\/07\/pickpockets-in-Paris-in-France-.jpg&amp;description=Wie%20k%C3%B6nnen%20Sie%20Taschendiebe%20in%20Paris%20vermeiden%3F%20Einfache%2C%20aber%20n%C3%BCtzliche%20Tipps%20%7C%20ParisTouristInformation.fr\" onclick=\"essb.window('https:\/\/pinterest.com\/pin\/create\/button\/?url=https:\/\/paristouristinformation.fr\/de\/faq\/taschendiebe-verhindern-paris\/?tve=true&amp;tcbf=3f40ae11da&amp;is_video=false&amp;media=https:\/\/paristouristinformation.fr\/de\/wp-content\/uploads\/2021\/07\/pickpockets-in-Paris-in-France-.jpg&amp;description=Wie%20k%C3%B6nnen%20Sie%20Taschendiebe%20in%20Paris%20vermeiden%3F%20Einfache%2C%20aber%20n%C3%BCtzliche%20Tipps%20%7C%20ParisTouristInformation.fr','pinpro','kxmca7ou'); return false;\" target=\"_blank\"><span><\/span><span>Pin<\/span><\/a><\/li>\n<\/ul>\n<h3 style=\"\"><strong>Vorsichtig mit einigen wohlbekannten Methoden<\/strong><\/h3>\n<ul>\n<li><span style=\"\">Nehmen Sie mit, was Sie brauchen, und lassen Sie den Rest im Hotelsafe. Bevor Sie ausgehen, legen Sie Ihren Reisepass, die Hausschl\u00fcssel, \u00fcbersch\u00fcssiges Geld und teuren Schmuck in den Safe und schlie\u00dfen ihn ab.<\/span><\/li>\n<li style=\"\"><span style=\"\">Als Reisende haben wir oft das Bed\u00fcrfnis, das Handy zu benutzen, um nach dem Weg zu suchen oder Fotos zu machen. Lassen Sie sich jedoch nicht zu lange von Ihrem Handy ablenken. Wenn Sie Ihr Handy herausnehmen m\u00fcssen, halten Sie es mit beiden H\u00e4nden fest und schauen Sie nicht l\u00e4nger als 5-10 Sekunden am St\u00fcck darauf.<\/span><\/li>\n<li><span style=\"\">Um Geld abzuheben, sollten Sie ruhigere Orte wie Restaurants und Hotels bevorzugen, die nicht so \u00fcberlaufen sind.<\/span><\/li>\n<\/ul>\n<p><span><img decoding=\"async\" alt=\"pickpockets in Paris in France\" data-id=\"9031\" width=\"736\" data-init-width=\"1000\" height=\"493\" data-init-height=\"670\" title=\"pickpockets in Paris in France\" loading=\"lazy\" src=\"https:\/\/paristouristinformation.fr\/de\/wp-content\/uploads\/2021\/07\/pickpockets-in-Paris-in-France-1-1.jpg\" data-width=\"736\" data-height=\"493\" style=\"\"><\/span><\/p>\n<ul>\n<li><a rel=\"noreferrer noopener nofollow\" href=\"https:\/\/pinterest.com\/pin\/create\/button\/?url=https:\/\/paristouristinformation.fr\/de\/faq\/taschendiebe-verhindern-paris\/?tve=true&amp;tcbf=3f40ae11da&amp;is_video=false&amp;media=https:\/\/paristouristinformation.fr\/de\/wp-content\/uploads\/2021\/07\/pickpockets-in-Paris-in-France-1-1.jpg&amp;description=Wie%20k%C3%B6nnen%20Sie%20Taschendiebe%20in%20Paris%20vermeiden%3F%20Einfache%2C%20aber%20n%C3%BCtzliche%20Tipps%20%7C%20ParisTouristInformation.fr\" onclick=\"essb.window('https:\/\/pinterest.com\/pin\/create\/button\/?url=https:\/\/paristouristinformation.fr\/de\/faq\/taschendiebe-verhindern-paris\/?tve=true&amp;tcbf=3f40ae11da&amp;is_video=false&amp;media=https:\/\/paristouristinformation.fr\/de\/wp-content\/uploads\/2021\/07\/pickpockets-in-Paris-in-France-1-1.jpg&amp;description=Wie%20k%C3%B6nnen%20Sie%20Taschendiebe%20in%20Paris%20vermeiden%3F%20Einfache%2C%20aber%20n%C3%BCtzliche%20Tipps%20%7C%20ParisTouristInformation.fr','pinpro','kxmca7ow'); return false;\" target=\"_blank\"><span><\/span><span>Pin<\/span><\/a><\/li>\n<\/ul>\n<h2>FAQ<\/h2>\n<h2 style=\"\">Verwandte Artikel:<\/h2>\n<div class=\"tcb-post-list tve-content-list thrv_wrapper\" data-type=\"grid\" data-pagination-type=\"none\" data-pages_near_current=\"2\" data-css=\"tve-u-17df3893a88\" data-total_post_count=\"1\" data-total_sticky_count=\"0\" data-no_posts_text=\"There are no posts to display.\"><article id=\"post-8115\" class=\"post-8115 page type-page status-publish has-post-thumbnail hentry post-wrapper thrv_wrapper thrive-animated-item  tve_evt_manager_listen tve_ea_thrive_animation tve_et_mouseover tve_anim_grow\" tcb_hover_state_parent=\"\" class=\"tve_evt_manager_listen tve_ea_thrive_animation tve_et_mouseover tve_anim_grow\" data-id=\"8115\" data-selector=\".post-wrapper\"><style class=\"tcb-post-list-dynamic-style\" type=\"text\/css\">@media (min-width: 300px){[].tcb-post-list #post-8115 []{background-image: url(&#8222;https:\/\/www.paristouristinformation.fr\/de\/wp-content\/uploads\/2021\/07\/paris-street-in-Paris-in-France.jpg&#8222;) !important;}[].tcb-post-list #post-8115 []:hover []{background-image: url(&#8222;https:\/\/www.paristouristinformation.fr\/de\/wp-content\/uploads\/2021\/07\/paris-street-in-Paris-in-France.jpg&#8222;) !important;}}<\/style><a href=\"https:\/\/www.paristouristinformation.fr\/de\/airbnb-vermietungen\/\" dynamic-postlink=\"tcb_post_the_permalink\" data-shortcode-id=\"6888\"><\/a><\/p>\n<h3 style=\"text-align: center; padding-top: 0px !important; margin-top: 0px !important;\"><span data-attr-link=\"1\" data-attr-rel=\"0\" data-attr-target=\"0\" data-extra_key=\"\" data-option-inline=\"1\" data-shortcode=\"tcb_post_title\" data-shortcode-name=\"Post title\" data-attr-css=\"\" data-attr-static-link=\"{&quot;className&quot;:&quot;tve-froala fr-basic&quot;,&quot;href&quot;:&quot;https:\/\/paristouristinformation.fr\/de\/theater\/&quot;,&quot;title&quot;:&quot;12 Theater und Kabaretts f\u00fcr Shows in Paris ((mit Tickets))&quot;,&quot;class&quot;:&quot;tve-froala fr-basic&quot;}\" style=\"\"><a href=\"https:\/\/www.paristouristinformation.fr\/de\/airbnb-vermietungen\/\" title=\"Airbnb in Paris mieten | Infos &amp; Tipps zur Vermietung\" data-css=\"\" class=\"tve-froala fr-basic\">Airbnb in Paris mieten | Infos &amp; Tipps zur Vermietung<\/a><\/span><\/h3>\n<p><\/article><\/div>\n","protected":false},"excerpt":{"rendered":"<p>Niemand m\u00f6chte mitten im Urlaub in einem fl\u00fcchtigen Moment der Ablenkung ausgeraubt werden. Taschendiebe sind in vielen F\u00e4llen schwer zu vermeiden. Sie tun ihr Bestes, um mit ihrer Umgebung zu verschmelzen und nicht gesehen zu werden.Wir haben Ihnen in diesem Artikel einige einfache Tipps zur Vermeidung von Taschendieben in Paris gegeben. Was kann ich unternehmen, [&hellip;]<\/p>\n","protected":false},"author":9,"featured_media":9027,"parent":6992,"menu_order":0,"comment_status":"closed","ping_status":"closed","template":"","meta":{"footnotes":""},"tags":[],"class_list":{"0":"post-8889","1":"page","2":"type-page","3":"status-publish","4":"has-post-thumbnail","5":"hentry","6":"post-wrapper","7":"thrv_wrapper","10":"thrive-animated-item"},"wp-worthy-pixel":{"ignored":false,"public":"b814d598644e4b798a12c131ac653ae6","server":"vg07.met.vgwort.de","url":"https:\/\/vg07.met.vgwort.de\/na\/b814d598644e4b798a12c131ac653ae6"},"wp-worthy-type":"normal","_links":{"self":[{"href":"https:\/\/www.paristouristinformation.fr\/de\/wp-json\/wp\/v2\/pages\/8889","targetHints":{"allow":["GET"]}}],"collection":[{"href":"https:\/\/www.paristouristinformation.fr\/de\/wp-json\/wp\/v2\/pages"}],"about":[{"href":"https:\/\/www.paristouristinformation.fr\/de\/wp-json\/wp\/v2\/types\/page"}],"author":[{"embeddable":true,"href":"https:\/\/www.paristouristinformation.fr\/de\/wp-json\/wp\/v2\/users\/9"}],"replies":[{"embeddable":true,"href":"https:\/\/www.paristouristinformation.fr\/de\/wp-json\/wp\/v2\/comments?post=8889"}],"version-history":[{"count":0,"href":"https:\/\/www.paristouristinformation.fr\/de\/wp-json\/wp\/v2\/pages\/8889\/revisions"}],"up":[{"embeddable":true,"href":"https:\/\/www.paristouristinformation.fr\/de\/wp-json\/wp\/v2\/pages\/6992"}],"wp:featuredmedia":[{"embeddable":true,"href":"https:\/\/www.paristouristinformation.fr\/de\/wp-json\/wp\/v2\/media\/9027"}],"wp:attachment":[{"href":"https:\/\/www.paristouristinformation.fr\/de\/wp-json\/wp\/v2\/media?parent=8889"}],"wp:term":[{"taxonomy":"post_tag","embeddable":true,"href":"https:\/\/www.paristouristinformation.fr\/de\/wp-json\/wp\/v2\/tags?post=8889"}],"curies":[{"name":"wp","href":"https:\/\/api.w.org\/{rel}","templated":true}]}}