{"id":9433,"date":"2021-08-25T07:55:12","date_gmt":"2021-08-25T07:55:12","guid":{"rendered":"https:\/\/paristouristinformation.fr\/de\/\/?page_id=9433"},"modified":"2024-01-20T10:21:02","modified_gmt":"2024-01-20T10:21:02","slug":"planen-sie-ihren-urlaub","status":"publish","type":"page","link":"https:\/\/www.paristouristinformation.fr\/de\/planen-sie-ihren-urlaub\/","title":{"rendered":"Planen Sie Ihren Urlaub in Paris"},"content":{"rendered":"<p style=\"\">LIZENZIERT<\/p>\n<p style=\"\">International<\/p>\n<p style=\"\">KOSTENLOSES ANGEBOT<\/p>\n<p style=\"\">Mehrsprachig<\/p>\n<p style=\"\">BENEFITS<\/p>\n<p style=\"\">Vertrauensw\u00fcrdige Agenten<\/p>\n<p style=\"text-align: center;\">GENIESSEN SIE PRIVILEGIEN IN DEN BESTEN RESORTS IN PARIS<\/p>\n<h2 style=\"text-align: center;\">Planen Sie Ihren idealen Urlaub<\/h2>\n<p style=\"text-align: center; font-size: 18px !important;\">Genie\u00dfen Sie die Hilfe der besten Paris-Reiseplaner, mit exklusiven, ma\u00dfgeschneiderten Programmen und einzigartigen Erlebnissen.<\/p>\n<p style=\"text-align: center;\">Unsere Mitarbeiter schicken Ihnen innerhalb von 24 Stunden einen unverbindlichen Reiseplan und ein Angebot.<\/p>\n<h2 style=\"text-align: center;\">Unsere ma\u00dfgeschneiderte Reiseplanung<\/h2>\n<p style=\"text-align: center;\">Mit Reiseb\u00fcros in Frankreich, Deutschland, \u00d6sterreich, Russland und der T\u00fcrkei sind wir in der Lage, Kunden auf der ganzen Welt in ihrer Muttersprache mit ma\u00dfgeschneiderter Reiseplanung zu unterst\u00fctzen.<\/p>\n<p style=\"font-size: 24px !important;\"><span style=\"color: var(fc58e);\">47<\/span><\/p>\n<p style=\"line-height: 1.5em !important;\"><span style=\"\">Pariser Reiseexperten<\/span><\/p>\n<p style=\"line-height: 1.5em !important;\"><span style=\"color: var(fc58e);\">6<\/span><\/p>\n<p style=\"line-height: 1.5em !important;\"><span style=\"\">Gesprochene und geschriebene Sprachen<\/span><\/p>\n<p style=\"line-height: 1.5em !important; font-size: 24px !important;\"><span style=\"color: var(fc58e);\">2<\/span><\/p>\n<p style=\"line-height: 1.5em !important;\"><span style=\"font-weight: normal;\">Zugelassen in der EU<\/span><\/p>\n<h2 style=\"text-align: center;\">Sprechen Sie noch heute mit einem vertrauensw\u00fcrdigen Reiseb\u00fcro<\/h2>\n<p style=\"text-align: center;\">Haben Sie noch Fragen? Kontaktieren Sie uns!<\/p>\n<h4>Dienstleistungen buchen<\/h4>\n<p style=\"font-size: 16px !important;\">Buchen Sie Resorts, Hotels und Unterk\u00fcnfte in Paris und in Frankreich mit lokalen Experten und Vorteilen.<\/p>\n<h4 style=\"\">Pauschalreisen<\/h4>\n<p style=\"font-size: 16px !important;\">Planen Sie noch heute Ihre ideale Reise nach Frankreich mit unseren empfohlenen mehrsprachigen Reiseb\u00fcros und genie\u00dfen Sie die Vorteile.<\/p>\n<h4 style=\"\">Veranstaltungsdienste<\/h4>\n<p style=\"font-size: 16px !important;\">Individuelle Planung f\u00fcr Ihren pers\u00f6nlichen oder gesch\u00e4ftlichen Anlass, zum Beispiel Hochzeiten, Geburtstage und Incentives.<\/p>\n<h4>Flusskreuzfahrten<\/h4>\n<p style=\"font-size: 16px !important;\">Flusskreuzfahrten und Gruppenreisen f\u00fcr exklusive Ausfl\u00fcge auf der Pariser Seine.<\/p>\n<h4 style=\"\">Fahrkarten in Paris<\/h4>\n<p style=\"font-size: 16px !important;\">Lizensierte Eintrittskarten f\u00fcr Attraktionen, Ausstellungen und Themenparks in der Provinz Paris.<\/p>\n<h4 style=\"\">M.I.C.E.<\/h4>\n<p style=\"font-size: 16px !important;\">Gruppenhotels, Catering, Fl\u00fcge, Bustransfers, Dolmetscher, Kongresse und mehr.<\/p>\n<h4>Flughafen-Transfers<\/h4>\n<p style=\"font-size: 16px !important;\">Shuttles und VIP-Transfers von und zu den Pariser Flugh\u00e4fen mit exklusivem Service.<\/p>\n<h4 style=\"\">Autovermietung<\/h4>\n<p style=\"font-size: 16px !important;\">Mietwagen von vertrauensw\u00fcrdigen Partnern am Pariser Flughafen oder im Stadtzentrum.<\/p>\n<h4 style=\"\">Hochzeiten<\/h4>\n<p style=\"font-size: 16px !important;\">Beginnen Sie noch heute mit der Planung Ihrer exklusiven Hochzeit in Frankreich und Ihrer Flitterwochen in Paris.<\/p>\n<p style=\"\">Ma\u00dfgeschneiderter Reiseservice<\/p>\n<p style=\"\">Planen Sie Ihre ideale Reise noch heute<\/p>\n","protected":false},"excerpt":{"rendered":"<p>LIZENZIERT International KOSTENLOSES ANGEBOT Mehrsprachig BENEFITS Vertrauensw\u00fcrdige Agenten GENIESSEN SIE PRIVILEGIEN IN DEN BESTEN RESORTS IN PARIS Planen Sie Ihren idealen Urlaub Genie\u00dfen Sie die Hilfe der besten Paris-Reiseplaner, mit exklusiven, ma\u00dfgeschneiderten Programmen und einzigartigen Erlebnissen. Unsere Mitarbeiter schicken Ihnen innerhalb von 24 Stunden einen unverbindlichen Reiseplan und ein Angebot. Unsere ma\u00dfgeschneiderte Reiseplanung Mit Reiseb\u00fcros [&hellip;]<\/p>\n","protected":false},"author":9,"featured_media":9753,"parent":0,"menu_order":0,"comment_status":"closed","ping_status":"closed","template":"","meta":{"footnotes":""},"tags":[],"class_list":["post-9433","page","type-page","status-publish","has-post-thumbnail","hentry","post-wrapper","thrv_wrapper"],"wp-worthy-pixel":{"ignored":false,"public":"f0b6e63d8e404c02ab0295f3cbf669aa","server":"vg07.met.vgwort.de","url":"https:\/\/vg07.met.vgwort.de\/na\/f0b6e63d8e404c02ab0295f3cbf669aa"},"wp-worthy-type":"normal","_links":{"self":[{"href":"https:\/\/www.paristouristinformation.fr\/de\/wp-json\/wp\/v2\/pages\/9433","targetHints":{"allow":["GET"]}}],"collection":[{"href":"https:\/\/www.paristouristinformation.fr\/de\/wp-json\/wp\/v2\/pages"}],"about":[{"href":"https:\/\/www.paristouristinformation.fr\/de\/wp-json\/wp\/v2\/types\/page"}],"author":[{"embeddable":true,"href":"https:\/\/www.paristouristinformation.fr\/de\/wp-json\/wp\/v2\/users\/9"}],"replies":[{"embeddable":true,"href":"https:\/\/www.paristouristinformation.fr\/de\/wp-json\/wp\/v2\/comments?post=9433"}],"version-history":[{"count":0,"href":"https:\/\/www.paristouristinformation.fr\/de\/wp-json\/wp\/v2\/pages\/9433\/revisions"}],"wp:featuredmedia":[{"embeddable":true,"href":"https:\/\/www.paristouristinformation.fr\/de\/wp-json\/wp\/v2\/media\/9753"}],"wp:attachment":[{"href":"https:\/\/www.paristouristinformation.fr\/de\/wp-json\/wp\/v2\/media?parent=9433"}],"wp:term":[{"taxonomy":"post_tag","embeddable":true,"href":"https:\/\/www.paristouristinformation.fr\/de\/wp-json\/wp\/v2\/tags?post=9433"}],"curies":[{"name":"wp","href":"https:\/\/api.w.org\/{rel}","templated":true}]}}