{"id":9745,"date":"2021-09-15T08:12:04","date_gmt":"2021-09-15T08:12:04","guid":{"rendered":"https:\/\/paristouristinformation.fr\/de\/\/?page_id=9745"},"modified":"2024-12-11T16:37:31","modified_gmt":"2024-12-11T16:37:31","slug":"impressum","status":"publish","type":"page","link":"https:\/\/www.paristouristinformation.fr\/de\/impressum\/","title":{"rendered":"Impressum"},"content":{"rendered":"<p><strong>MOST AMAZING PLACES TANITIM VE T\u0130C. A.\u015e.<\/strong><\/p>\n<p>G\u00fcm\u00fc\u015fsuyu Mah.&nbsp;<\/p>\n<p>\u0130n\u00f6n\u00fc Cd. Melek Apt, NO: 11, K1 D2<\/p>\n<p>34437 Beyo\u011flu\/\u0130stanbul<\/p>\n<p><strong>Tax-Identification Number:<\/strong>Beyoglu VD 6232114088<\/p>\n<p><strong>Managing Director:&nbsp;<\/strong>D. Eronal<\/p>\n<p><strong>Internet:&nbsp;<\/strong><a href=\"https:\/\/most-amazing-places.com\/\" rel=\"nofollow noopener\" target=\"_blank\">https:\/\/most-amazing-places.com\/<\/a><\/p>\n","protected":false},"excerpt":{"rendered":"<p>MOST AMAZING PLACES TANITIM VE T\u0130C. A.\u015e. G\u00fcm\u00fc\u015fsuyu Mah.&nbsp; \u0130n\u00f6n\u00fc Cd. Melek Apt, NO: 11, K1 D2 34437 Beyo\u011flu\/\u0130stanbul Tax-Identification Number:Beyoglu VD 6232114088 Managing Director:&nbsp;D. Eronal Internet:&nbsp;https:\/\/most-amazing-places.com\/<\/p>\n","protected":false},"author":11,"featured_media":8189,"parent":0,"menu_order":0,"comment_status":"closed","ping_status":"closed","template":"","meta":{"footnotes":"","tve_updated_post":"<div class=\"thrv_wrapper thrv_text_element\">\t<p><strong>MOST AMAZING PLACES TANITIM VE T\u0130C. A.\u015e.<\/strong><\/p><p>G\u00fcm\u00fc\u015fsuyu Mah.&nbsp;<\/p><p>\u0130n\u00f6n\u00fc Cd. Melek Apt, NO: 11, K1 D2<\/p><p>34437 Beyo\u011flu\/\u0130stanbul<\/p><p><strong>Tax-Identification Number:<br><\/strong>Beyoglu VD 6232114088<\/p><p><strong>Managing Director:&nbsp;<\/strong>D. Eronal<\/p><p><strong>Internet:&nbsp;<\/strong><a href=\"https:\/\/most-amazing-places.com\/\" rel=\"nofollow noopener\" target=\"_blank\">https:\/\/most-amazing-places.com\/<\/a><\/p><\/div>","tve_custom_css":"@media (min-width: 300px){.tcb-post-list[data-css=\"tve-u-17067be2282\"] .post-wrapper.thrv_wrapper { width: calc(100% + 0px); }.tcb-post-list[data-css=\"tve-u-17067be2282\"] .post-wrapper.thrv_wrapper:nth-child(n+2) { margin-top: 15px !important; }.tcb-post-list[data-css=\"tve-u-17067be2282\"] .post-wrapper.thrv_wrapper:not(:nth-child(n+2)) { margin-top: 0px !important; }.tcb-post-list[data-css=\"tve-u-17067be2282\"] .post-wrapper.thrv_wrapper:not(:nth-child(n)) { margin-right: 0px !important; }.tcb-post-list[data-css=\"tve-u-17067be2282\"] .post-wrapper.thrv_wrapper:nth-child(n) { margin-right: 0px !important; }.tcb-post-list[data-css=\"tve-u-191cefb321f\"] .post-wrapper.thrv_wrapper { width: calc(33.333333% - 13.333333333333332px); }}","tve_user_custom_css":"","tve_globals":{"e":"1","font_cls":[]},"tcb2_ready":1,"tcb_editor_enabled":1,"tve_landing_page":"","_tve_header":"0","_tve_footer":"0"},"tags":[],"class_list":["post-9745","page","type-page","status-publish","has-post-thumbnail","hentry","post-wrapper","thrv_wrapper"],"wp-worthy-pixel":{"ignored":false,"public":null,"server":null,"url":null},"wp-worthy-type":"normal","_links":{"self":[{"href":"https:\/\/www.paristouristinformation.fr\/de\/wp-json\/wp\/v2\/pages\/9745","targetHints":{"allow":["GET"]}}],"collection":[{"href":"https:\/\/www.paristouristinformation.fr\/de\/wp-json\/wp\/v2\/pages"}],"about":[{"href":"https:\/\/www.paristouristinformation.fr\/de\/wp-json\/wp\/v2\/types\/page"}],"author":[{"embeddable":true,"href":"https:\/\/www.paristouristinformation.fr\/de\/wp-json\/wp\/v2\/users\/11"}],"replies":[{"embeddable":true,"href":"https:\/\/www.paristouristinformation.fr\/de\/wp-json\/wp\/v2\/comments?post=9745"}],"version-history":[{"count":3,"href":"https:\/\/www.paristouristinformation.fr\/de\/wp-json\/wp\/v2\/pages\/9745\/revisions"}],"predecessor-version":[{"id":14522,"href":"https:\/\/www.paristouristinformation.fr\/de\/wp-json\/wp\/v2\/pages\/9745\/revisions\/14522"}],"wp:featuredmedia":[{"embeddable":true,"href":"https:\/\/www.paristouristinformation.fr\/de\/wp-json\/wp\/v2\/media\/8189"}],"wp:attachment":[{"href":"https:\/\/www.paristouristinformation.fr\/de\/wp-json\/wp\/v2\/media?parent=9745"}],"wp:term":[{"taxonomy":"post_tag","embeddable":true,"href":"https:\/\/www.paristouristinformation.fr\/de\/wp-json\/wp\/v2\/tags?post=9745"}],"curies":[{"name":"wp","href":"https:\/\/api.w.org\/{rel}","templated":true}]}}