{"id":9808,"date":"2023-01-03T07:37:00","date_gmt":"2023-01-03T07:37:00","guid":{"rendered":"https:\/\/paristouristinformation.fr\/de\/\/?page_id=9808"},"modified":"2024-09-20T14:30:51","modified_gmt":"2024-09-20T14:30:51","slug":"bester-audioguide-paris","status":"publish","type":"page","link":"https:\/\/www.paristouristinformation.fr\/de\/bester-audioguide-paris\/","title":{"rendered":"Bester Audioguide f\u00fcr Paris"},"content":{"rendered":"<h2 style=\"text-align: center;\" id=\"t-1632128500415\">Liste der besten Audioguide-Touren in Paris<\/h2>\n<p>Hier finden Sie unsere Liste der besten Audioguides f\u00fcr Paris, einschlie\u00dflich kurzer Zusammenfassungen und H\u00f6rproben.Sie m\u00f6chten die Stadt der Liebe auf eigene Faust entdecken, aber trotzdem eine professionelle F\u00fchrung genie\u00dfen? Dann werden Sie unsere selbstgef\u00fchrten Audiotouren bestimmt zu sch\u00e4tzen wissen!&nbsp;<\/p>\n<h4 style=\"\">1. Erkundung der Gegend um Notre Dame<\/h4>\n<p>Begeben Sie sich auf eine Reise durch das historische Herz von Paris mit unterhaltsamen Hintergrundinformationen \u00fcber die reiche Geschichte von Paris. Der Audioguide f\u00fchrt Sie durch das Viertel Notre Dame zu den sch\u00f6nsten Pl\u00e4tzen und Denkm\u00e4lern, darunter die Kathedrale Notre Dame und das Louvre-Museum.<\/p>\n<h4 style=\"\">2. Montmartre Rundgang<\/h4>\n<p>Tauchen Sie ein in das charmante Boh\u00e8me-Viertel Montmartre und entdecken Sie eine ganz andere Seite von Paris. Von versteckten Juwelen bis hin zu Top-Sehensw\u00fcrdigkeiten begleitet Sie der Audioguide mit spannenden Anekdoten zu den Highlights des ehemaligen Dorfes.<\/p>\n<h4 style=\"\">3. Rundgang durch das Quartier Latin: Das intellektuelle Paris<\/h4>\n<p>Lernen Sie den Treffpunkt der K\u00fcnstler und Intellektuellen auf dieser selbstgef\u00fchrten Tour durch das Quartier Latin kennen. Werfen Sie einen Blick auf das Goldene Zeitalter von Paris, sp\u00fcren Sie das unvergleichliche Flair des Studentenviertels und entdecken Sie seine sch\u00f6nsten Seiten.<\/p>\n<p style=\"text-align: center;\">Auch interessant<\/p>\n<p style=\"text-align: center;\">Keep up with the most interesting topics<\/p>\n<p><a href=\"https:\/\/www.paristouristinformation.fr\/de\/paris-pantheon-ticket\/\" dynamic-postlink=\"tcb_post_the_permalink\" data-shortcode-id=\"14035\"><\/a><\/p>\n<p style=\"text-align: center;\"><span data-shortcode=\"tcb_post_published_date\" data-shortcode-name=\"Post date\" data-extra_key=\"\" data-attr-type=\"modified\" data-attr-date-format-select=\"j. F Y\" data-attr-date-format=\"F j, Y\" data-attr-show-time=\"0\" data-attr-time-format-select=\"G:i\" data-attr-time-format=\"\" data-attr-link=\"0\" data-attr-target=\"1\" data-attr-rel=\"0\" data-option-inline=\"1\">September 20, 2024 <\/span><\/p>\n<h3 style=\"text-align: center; padding-top: 0px !important; margin-top: 0px !important;\"><span data-attr-link=\"1\" data-attr-rel=\"0\" data-attr-target=\"0\" data-extra_key=\"\" data-option-inline=\"1\" data-shortcode=\"tcb_post_title\" data-shortcode-name=\"Post title\" data-attr-css=\"\" data-attr-static-link=\"{&quot;className&quot;:&quot;&quot;,&quot;href&quot;:&quot;https:\/\/www.paristouristinformation.fr\/de\/paris-pantheon-ticket\/&quot;,&quot;title&quot;:&quot;Paris Panth\u00e9on Ticket mit Schnelleinlass&quot;,&quot;class&quot;:&quot;&quot;}\"><a href=\"https:\/\/www.paristouristinformation.fr\/de\/paris-pantheon-ticket\/\" title=\"Paris Panth\u00e9on Ticket mit Schnelleinlass\" data-css=\"\">Paris Panth\u00e9on Ticket mit Schnelleinlass<\/a><\/span><\/h3>\n<p><a href=\"https:\/\/www.paristouristinformation.fr\/de\/paris-pantheon-ticket\/\" style=\"\"><span style=\"\"><span style=\"\">Weiterlesen<\/span><\/span><\/a><a href=\"https:\/\/www.paristouristinformation.fr\/de\/sainte-chapelle-conciergerie-ticket\/\" dynamic-postlink=\"tcb_post_the_permalink\" data-shortcode-id=\"14035\"><\/a><\/p>\n<p style=\"text-align: center;\"><span data-shortcode=\"tcb_post_published_date\" data-shortcode-name=\"Post date\" data-extra_key=\"\" data-attr-type=\"modified\" data-attr-date-format-select=\"j. F Y\" data-attr-date-format=\"F j, Y\" data-attr-show-time=\"0\" data-attr-time-format-select=\"G:i\" data-attr-time-format=\"\" data-attr-link=\"0\" data-attr-target=\"1\" data-attr-rel=\"0\" data-option-inline=\"1\">September 20, 2024 <\/span><\/p>\n<h3 style=\"text-align: center; padding-top: 0px !important; margin-top: 0px !important;\"><span data-attr-link=\"1\" data-attr-rel=\"0\" data-attr-target=\"0\" data-extra_key=\"\" data-option-inline=\"1\" data-shortcode=\"tcb_post_title\" data-shortcode-name=\"Post title\" data-attr-css=\"\" data-attr-static-link=\"{&quot;className&quot;:&quot;&quot;,&quot;href&quot;:&quot;https:\/\/www.paristouristinformation.fr\/de\/paris-pantheon-ticket\/&quot;,&quot;title&quot;:&quot;Paris Panth\u00e9on Ticket mit Schnelleinlass&quot;,&quot;class&quot;:&quot;&quot;}\"><a href=\"https:\/\/www.paristouristinformation.fr\/de\/sainte-chapelle-conciergerie-ticket\/\" title=\"Sainte-Chapelle &amp; Conciergerie Ticket\" data-css=\"\">Sainte-Chapelle &amp; Conciergerie Ticket<\/a><\/span><\/h3>\n<p><a href=\"https:\/\/www.paristouristinformation.fr\/de\/sainte-chapelle-conciergerie-ticket\/\" style=\"\"><span style=\"\"><span style=\"\">Weiterlesen<\/span><\/span><\/a><a href=\"https:\/\/www.paristouristinformation.fr\/de\/musee-de-l-armee-les-invalides-tickets\/\" dynamic-postlink=\"tcb_post_the_permalink\" data-shortcode-id=\"14035\"><\/a><\/p>\n<p style=\"text-align: center;\"><span data-shortcode=\"tcb_post_published_date\" data-shortcode-name=\"Post date\" data-extra_key=\"\" data-attr-type=\"modified\" data-attr-date-format-select=\"j. F Y\" data-attr-date-format=\"F j, Y\" data-attr-show-time=\"0\" data-attr-time-format-select=\"G:i\" data-attr-time-format=\"\" data-attr-link=\"0\" data-attr-target=\"1\" data-attr-rel=\"0\" data-option-inline=\"1\">September 20, 2024 <\/span><\/p>\n<h3 style=\"text-align: center; padding-top: 0px !important; margin-top: 0px !important;\"><span data-attr-link=\"1\" data-attr-rel=\"0\" data-attr-target=\"0\" data-extra_key=\"\" data-option-inline=\"1\" data-shortcode=\"tcb_post_title\" data-shortcode-name=\"Post title\" data-attr-css=\"\" data-attr-static-link=\"{&quot;className&quot;:&quot;&quot;,&quot;href&quot;:&quot;https:\/\/www.paristouristinformation.fr\/de\/paris-pantheon-ticket\/&quot;,&quot;title&quot;:&quot;Paris Panth\u00e9on Ticket mit Schnelleinlass&quot;,&quot;class&quot;:&quot;&quot;}\"><a href=\"https:\/\/www.paristouristinformation.fr\/de\/musee-de-l-armee-les-invalides-tickets\/\" title=\"Mus\u00e9e de l\u2019Arm\u00e9e \u2013 Les Invalides Tickets\" data-css=\"\">Mus\u00e9e de l\u2019Arm\u00e9e \u2013 Les Invalides Tickets<\/a><\/span><\/h3>\n<p><a href=\"https:\/\/www.paristouristinformation.fr\/de\/musee-de-l-armee-les-invalides-tickets\/\" style=\"\"><span style=\"\"><span style=\"\">Weiterlesen<\/span><\/span><\/a><a href=\"https:\/\/www.paristouristinformation.fr\/de\/centre-pompidou-ticket\/\" dynamic-postlink=\"tcb_post_the_permalink\" data-shortcode-id=\"14035\"><\/a><\/p>\n<p style=\"text-align: center;\"><span data-shortcode=\"tcb_post_published_date\" data-shortcode-name=\"Post date\" data-extra_key=\"\" data-attr-type=\"modified\" data-attr-date-format-select=\"j. F Y\" data-attr-date-format=\"F j, Y\" data-attr-show-time=\"0\" data-attr-time-format-select=\"G:i\" data-attr-time-format=\"\" data-attr-link=\"0\" data-attr-target=\"1\" data-attr-rel=\"0\" data-option-inline=\"1\">September 20, 2024 <\/span><\/p>\n<h3 style=\"text-align: center; padding-top: 0px !important; margin-top: 0px !important;\"><span data-attr-link=\"1\" data-attr-rel=\"0\" data-attr-target=\"0\" data-extra_key=\"\" data-option-inline=\"1\" data-shortcode=\"tcb_post_title\" data-shortcode-name=\"Post title\" data-attr-css=\"\" data-attr-static-link=\"{&quot;className&quot;:&quot;&quot;,&quot;href&quot;:&quot;https:\/\/www.paristouristinformation.fr\/de\/paris-pantheon-ticket\/&quot;,&quot;title&quot;:&quot;Paris Panth\u00e9on Ticket mit Schnelleinlass&quot;,&quot;class&quot;:&quot;&quot;}\"><a href=\"https:\/\/www.paristouristinformation.fr\/de\/centre-pompidou-ticket\/\" title=\"Centre Pompidou Tickets: St\u00e4ndige Sammlung\" data-css=\"\">Centre Pompidou Tickets: St\u00e4ndige Sammlung<\/a><\/span><\/h3>\n<p><a href=\"https:\/\/www.paristouristinformation.fr\/de\/centre-pompidou-ticket\/\" style=\"\"><span style=\"\"><span style=\"\">Weiterlesen<\/span><\/span><\/a><a href=\"https:\/\/www.paristouristinformation.fr\/de\/parc-asterix-tickets\/\" dynamic-postlink=\"tcb_post_the_permalink\" data-shortcode-id=\"14035\"><\/a><\/p>\n<p style=\"text-align: center;\"><span data-shortcode=\"tcb_post_published_date\" data-shortcode-name=\"Post date\" data-extra_key=\"\" data-attr-type=\"modified\" data-attr-date-format-select=\"j. F Y\" data-attr-date-format=\"F j, Y\" data-attr-show-time=\"0\" data-attr-time-format-select=\"G:i\" data-attr-time-format=\"\" data-attr-link=\"0\" data-attr-target=\"1\" data-attr-rel=\"0\" data-option-inline=\"1\">September 20, 2024 <\/span><\/p>\n<h3 style=\"text-align: center; padding-top: 0px !important; margin-top: 0px !important;\"><span data-attr-link=\"1\" data-attr-rel=\"0\" data-attr-target=\"0\" data-extra_key=\"\" data-option-inline=\"1\" data-shortcode=\"tcb_post_title\" data-shortcode-name=\"Post title\" data-attr-css=\"\" data-attr-static-link=\"{&quot;className&quot;:&quot;&quot;,&quot;href&quot;:&quot;https:\/\/www.paristouristinformation.fr\/de\/paris-pantheon-ticket\/&quot;,&quot;title&quot;:&quot;Paris Panth\u00e9on Ticket mit Schnelleinlass&quot;,&quot;class&quot;:&quot;&quot;}\"><a href=\"https:\/\/www.paristouristinformation.fr\/de\/parc-asterix-tickets\/\" title=\"Parc Ast\u00e9rix Tickets\" data-css=\"\">Parc Ast\u00e9rix Tickets<\/a><\/span><\/h3>\n<p><a href=\"https:\/\/www.paristouristinformation.fr\/de\/parc-asterix-tickets\/\" style=\"\"><span style=\"\"><span style=\"\">Weiterlesen<\/span><\/span><\/a><a href=\"https:\/\/www.paristouristinformation.fr\/de\/tour-montparnasse-tickets\/\" dynamic-postlink=\"tcb_post_the_permalink\" data-shortcode-id=\"14035\"><\/a><\/p>\n<p style=\"text-align: center;\"><span data-shortcode=\"tcb_post_published_date\" data-shortcode-name=\"Post date\" data-extra_key=\"\" data-attr-type=\"modified\" data-attr-date-format-select=\"j. F Y\" data-attr-date-format=\"F j, Y\" data-attr-show-time=\"0\" data-attr-time-format-select=\"G:i\" data-attr-time-format=\"\" data-attr-link=\"0\" data-attr-target=\"1\" data-attr-rel=\"0\" data-option-inline=\"1\">September 19, 2024 <\/span><\/p>\n<h3 style=\"text-align: center; padding-top: 0px !important; margin-top: 0px !important;\"><span data-attr-link=\"1\" data-attr-rel=\"0\" data-attr-target=\"0\" data-extra_key=\"\" data-option-inline=\"1\" data-shortcode=\"tcb_post_title\" data-shortcode-name=\"Post title\" data-attr-css=\"\" data-attr-static-link=\"{&quot;className&quot;:&quot;&quot;,&quot;href&quot;:&quot;https:\/\/www.paristouristinformation.fr\/de\/paris-pantheon-ticket\/&quot;,&quot;title&quot;:&quot;Paris Panth\u00e9on Ticket mit Schnelleinlass&quot;,&quot;class&quot;:&quot;&quot;}\"><a href=\"https:\/\/www.paristouristinformation.fr\/de\/tour-montparnasse-tickets\/\" title=\"Tour Montparnasse Tickets: 56. Stock und Dachterrasse\" data-css=\"\">Tour Montparnasse Tickets: 56. Stock und Dachterrasse<\/a><\/span><\/h3>\n<p><a href=\"https:\/\/www.paristouristinformation.fr\/de\/tour-montparnasse-tickets\/\" style=\"\"><span style=\"\"><span style=\"\">Weiterlesen<\/span><\/span><\/a><a href=\"javascript:void(0)\" style=\"\"><span style=\"\"><span style=\"\">Load More<\/span><\/span><\/a><\/p>\n","protected":false},"excerpt":{"rendered":"<p>Liste der besten Audioguide-Touren in Paris Hier finden Sie unsere Liste der besten Audioguides f\u00fcr Paris, einschlie\u00dflich kurzer Zusammenfassungen und H\u00f6rproben.Sie m\u00f6chten die Stadt der Liebe auf eigene Faust entdecken, aber trotzdem eine professionelle F\u00fchrung genie\u00dfen? Dann werden Sie unsere selbstgef\u00fchrten Audiotouren bestimmt zu sch\u00e4tzen wissen!&nbsp; 1. Erkundung der Gegend um Notre Dame Begeben Sie [&hellip;]<\/p>\n","protected":false},"author":9,"featured_media":9753,"parent":0,"menu_order":0,"comment_status":"closed","ping_status":"closed","template":"","meta":{"footnotes":""},"tags":[],"class_list":["post-9808","page","type-page","status-publish","has-post-thumbnail","hentry","post-wrapper","thrv_wrapper"],"wp-worthy-pixel":{"ignored":false,"public":"3519caf3a595485898605ec92d7a6db5","server":"vg07.met.vgwort.de","url":"https:\/\/vg07.met.vgwort.de\/na\/3519caf3a595485898605ec92d7a6db5"},"wp-worthy-type":"normal","_links":{"self":[{"href":"https:\/\/www.paristouristinformation.fr\/de\/wp-json\/wp\/v2\/pages\/9808","targetHints":{"allow":["GET"]}}],"collection":[{"href":"https:\/\/www.paristouristinformation.fr\/de\/wp-json\/wp\/v2\/pages"}],"about":[{"href":"https:\/\/www.paristouristinformation.fr\/de\/wp-json\/wp\/v2\/types\/page"}],"author":[{"embeddable":true,"href":"https:\/\/www.paristouristinformation.fr\/de\/wp-json\/wp\/v2\/users\/9"}],"replies":[{"embeddable":true,"href":"https:\/\/www.paristouristinformation.fr\/de\/wp-json\/wp\/v2\/comments?post=9808"}],"version-history":[{"count":2,"href":"https:\/\/www.paristouristinformation.fr\/de\/wp-json\/wp\/v2\/pages\/9808\/revisions"}],"predecessor-version":[{"id":14381,"href":"https:\/\/www.paristouristinformation.fr\/de\/wp-json\/wp\/v2\/pages\/9808\/revisions\/14381"}],"wp:featuredmedia":[{"embeddable":true,"href":"https:\/\/www.paristouristinformation.fr\/de\/wp-json\/wp\/v2\/media\/9753"}],"wp:attachment":[{"href":"https:\/\/www.paristouristinformation.fr\/de\/wp-json\/wp\/v2\/media?parent=9808"}],"wp:term":[{"taxonomy":"post_tag","embeddable":true,"href":"https:\/\/www.paristouristinformation.fr\/de\/wp-json\/wp\/v2\/tags?post=9808"}],"curies":[{"name":"wp","href":"https:\/\/api.w.org\/{rel}","templated":true}]}}