{"id":11695,"date":"2024-09-18T12:26:59","date_gmt":"2024-09-18T12:26:59","guid":{"rendered":"https:\/\/www.paristouristinformation.fr\/es\/?page_id=11695"},"modified":"2024-09-18T12:56:48","modified_gmt":"2024-09-18T12:56:48","slug":"museo-del-louvre-e-ticket","status":"publish","type":"page","link":"https:\/\/www.paristouristinformation.fr\/es\/museo-del-louvre-e-ticket\/","title":{"rendered":"Museo del Louvre: E-ticket"},"content":{"rendered":"<p><span><img decoding=\"async\" alt=\"\" data-id=\"13312\" width=\"1570\" height=\"1112\" title=\"Entrada electr\u00f3nica al Museo del Louvre 1\" src=\"https:\/\/www.paristouristinformation.fr\/es\/wp-content\/uploads\/2024\/09\/Louvre-Museum-E-Ticket-1-1024x725-1.png\" data-src=\"https:\/\/www.paristouristinformation.fr\/es\/wp-content\/uploads\/2024\/09\/Louvre-Museum-E-Ticket-1-300x212-1.png\" loading=\"lazy\" data-sizes=\"{&quot;thumbnail&quot;:{&quot;url&quot;:&quot;https:\/\/www.paristouristinformation.fr\/es\/wp-content\/uploads\/2024\/09\/Louvre-Museum-E-Ticket-1-333x205-1.png&quot;,&quot;height&quot;:205,&quot;width&quot;:333,&quot;orientation&quot;:&quot;landscape&quot;},&quot;medium&quot;:{&quot;url&quot;:&quot;https:\/\/www.paristouristinformation.fr\/es\/wp-content\/uploads\/2024\/09\/Louvre-Museum-E-Ticket-1-300x212-1.png&quot;,&quot;height&quot;:212,&quot;width&quot;:300,&quot;orientation&quot;:&quot;landscape&quot;},&quot;large&quot;:{&quot;url&quot;:&quot;https:\/\/www.paristouristinformation.fr\/es\/wp-content\/uploads\/2024\/09\/Louvre-Museum-E-Ticket-1-1024x725-1.png&quot;,&quot;height&quot;:725,&quot;width&quot;:1024,&quot;orientation&quot;:&quot;landscape&quot;},&quot;full&quot;:{&quot;url&quot;:&quot;https:\/\/www.paristouristinformation.fr\/es\/wp-content\/uploads\/2024\/09\/Louvre-Museum-E-Ticket-1.png&quot;,&quot;height&quot;:1112,&quot;width&quot;:1570,&quot;orientation&quot;:&quot;landscape&quot;},&quot;1536x1536&quot;:{&quot;url&quot;:&quot;https:\/\/www.paristouristinformation.fr\/es\/wp-content\/uploads\/2024\/09\/Louvre-Museum-E-Ticket-1-1536x1088-1.png&quot;,&quot;height&quot;:1088,&quot;width&quot;:1536,&quot;orientation&quot;:&quot;landscape&quot;}}\"><\/span><span><img decoding=\"async\" alt=\"\" data-id=\"13313\" width=\"1556\" height=\"996\" title=\"Entrada electr\u00f3nica al Museo del Louvre 2\" src=\"https:\/\/www.paristouristinformation.fr\/es\/wp-content\/uploads\/2024\/09\/Louvre-Museum-E-Ticket-2-1024x655-1.png\" data-src=\"https:\/\/www.paristouristinformation.fr\/es\/wp-content\/uploads\/2024\/09\/Louvre-Museum-E-Ticket-2-300x192-1.png\" loading=\"lazy\" data-sizes=\"{&quot;thumbnail&quot;:{&quot;url&quot;:&quot;https:\/\/www.paristouristinformation.fr\/es\/wp-content\/uploads\/2024\/09\/Louvre-Museum-E-Ticket-2-333x205-1.png&quot;,&quot;height&quot;:205,&quot;width&quot;:333,&quot;orientation&quot;:&quot;landscape&quot;},&quot;medium&quot;:{&quot;url&quot;:&quot;https:\/\/www.paristouristinformation.fr\/es\/wp-content\/uploads\/2024\/09\/Louvre-Museum-E-Ticket-2-300x192-1.png&quot;,&quot;height&quot;:192,&quot;width&quot;:300,&quot;orientation&quot;:&quot;landscape&quot;},&quot;large&quot;:{&quot;url&quot;:&quot;https:\/\/www.paristouristinformation.fr\/es\/wp-content\/uploads\/2024\/09\/Louvre-Museum-E-Ticket-2-1024x655-1.png&quot;,&quot;height&quot;:655,&quot;width&quot;:1024,&quot;orientation&quot;:&quot;landscape&quot;},&quot;full&quot;:{&quot;url&quot;:&quot;https:\/\/www.paristouristinformation.fr\/es\/wp-content\/uploads\/2024\/09\/Louvre-Museum-E-Ticket-2.png&quot;,&quot;height&quot;:996,&quot;width&quot;:1556,&quot;orientation&quot;:&quot;landscape&quot;},&quot;1536x1536&quot;:{&quot;url&quot;:&quot;https:\/\/www.paristouristinformation.fr\/es\/wp-content\/uploads\/2024\/09\/Louvre-Museum-E-Ticket-2-1536x983-1.png&quot;,&quot;height&quot;:983,&quot;width&quot;:1536,&quot;orientation&quot;:&quot;landscape&quot;}}\"><\/span><span><img decoding=\"async\" alt=\"\" data-id=\"13309\" width=\"1542\" height=\"930\" title=\"Entrada electr\u00f3nica al Museo del Louvre 3\" src=\"https:\/\/www.paristouristinformation.fr\/es\/wp-content\/uploads\/2024\/09\/Louvre-Museum-E-Ticket-3-1024x618-1.png\" data-src=\"https:\/\/www.paristouristinformation.fr\/es\/wp-content\/uploads\/2024\/09\/Louvre-Museum-E-Ticket-3-300x181-1.png\" loading=\"lazy\" data-sizes=\"{&quot;thumbnail&quot;:{&quot;url&quot;:&quot;https:\/\/www.paristouristinformation.fr\/es\/wp-content\/uploads\/2024\/09\/Louvre-Museum-E-Ticket-3-333x205-1.png&quot;,&quot;height&quot;:205,&quot;width&quot;:333,&quot;orientation&quot;:&quot;landscape&quot;},&quot;medium&quot;:{&quot;url&quot;:&quot;https:\/\/www.paristouristinformation.fr\/es\/wp-content\/uploads\/2024\/09\/Louvre-Museum-E-Ticket-3-300x181-1.png&quot;,&quot;height&quot;:181,&quot;width&quot;:300,&quot;orientation&quot;:&quot;landscape&quot;},&quot;large&quot;:{&quot;url&quot;:&quot;https:\/\/www.paristouristinformation.fr\/es\/wp-content\/uploads\/2024\/09\/Louvre-Museum-E-Ticket-3-1024x618-1.png&quot;,&quot;height&quot;:618,&quot;width&quot;:1024,&quot;orientation&quot;:&quot;landscape&quot;},&quot;full&quot;:{&quot;url&quot;:&quot;https:\/\/www.paristouristinformation.fr\/es\/wp-content\/uploads\/2024\/09\/Louvre-Museum-E-Ticket-3.png&quot;,&quot;height&quot;:930,&quot;width&quot;:1542,&quot;orientation&quot;:&quot;landscape&quot;},&quot;1536x1536&quot;:{&quot;url&quot;:&quot;https:\/\/www.paristouristinformation.fr\/es\/wp-content\/uploads\/2024\/09\/Louvre-Museum-E-Ticket-3-1536x926-1.png&quot;,&quot;height&quot;:926,&quot;width&quot;:1536,&quot;orientation&quot;:&quot;landscape&quot;}}\"><\/span><span><img decoding=\"async\" alt=\"\" data-id=\"13311\" width=\"1554\" height=\"1058\" title=\"Entrada electr\u00f3nica al Museo del Louvre 5\" src=\"https:\/\/www.paristouristinformation.fr\/es\/wp-content\/uploads\/2024\/09\/Louvre-Museum-E-Ticket-5-1024x697-1.png\" data-src=\"https:\/\/www.paristouristinformation.fr\/es\/wp-content\/uploads\/2024\/09\/Louvre-Museum-E-Ticket-5-300x204-1.png\" loading=\"lazy\" data-sizes=\"{&quot;thumbnail&quot;:{&quot;url&quot;:&quot;https:\/\/www.paristouristinformation.fr\/es\/wp-content\/uploads\/2024\/09\/Louvre-Museum-E-Ticket-5-333x205-1.png&quot;,&quot;height&quot;:205,&quot;width&quot;:333,&quot;orientation&quot;:&quot;landscape&quot;},&quot;medium&quot;:{&quot;url&quot;:&quot;https:\/\/www.paristouristinformation.fr\/es\/wp-content\/uploads\/2024\/09\/Louvre-Museum-E-Ticket-5-300x204-1.png&quot;,&quot;height&quot;:204,&quot;width&quot;:300,&quot;orientation&quot;:&quot;landscape&quot;},&quot;large&quot;:{&quot;url&quot;:&quot;https:\/\/www.paristouristinformation.fr\/es\/wp-content\/uploads\/2024\/09\/Louvre-Museum-E-Ticket-5-1024x697-1.png&quot;,&quot;height&quot;:697,&quot;width&quot;:1024,&quot;orientation&quot;:&quot;landscape&quot;},&quot;full&quot;:{&quot;url&quot;:&quot;https:\/\/www.paristouristinformation.fr\/es\/wp-content\/uploads\/2024\/09\/Louvre-Museum-E-Ticket-5.png&quot;,&quot;height&quot;:1058,&quot;width&quot;:1554,&quot;orientation&quot;:&quot;landscape&quot;},&quot;1536x1536&quot;:{&quot;url&quot;:&quot;https:\/\/www.paristouristinformation.fr\/es\/wp-content\/uploads\/2024\/09\/Louvre-Museum-E-Ticket-5-1536x1046-1.png&quot;,&quot;height&quot;:1046,&quot;width&quot;:1536,&quot;orientation&quot;:&quot;landscape&quot;}}\"><\/span><span><img decoding=\"async\" alt=\"\" data-id=\"13310\" width=\"1550\" height=\"1040\" title=\"Entrada electr\u00f3nica al Museo del Louvre 4\" src=\"https:\/\/www.paristouristinformation.fr\/es\/wp-content\/uploads\/2024\/09\/Louvre-Museum-E-Ticket-4-1024x687-1.png\" data-src=\"https:\/\/www.paristouristinformation.fr\/es\/wp-content\/uploads\/2024\/09\/Louvre-Museum-E-Ticket-4-300x201-1.png\" loading=\"lazy\" data-sizes=\"{&quot;thumbnail&quot;:{&quot;url&quot;:&quot;https:\/\/www.paristouristinformation.fr\/es\/wp-content\/uploads\/2024\/09\/Louvre-Museum-E-Ticket-4-333x205-1.png&quot;,&quot;height&quot;:205,&quot;width&quot;:333,&quot;orientation&quot;:&quot;landscape&quot;},&quot;medium&quot;:{&quot;url&quot;:&quot;https:\/\/www.paristouristinformation.fr\/es\/wp-content\/uploads\/2024\/09\/Louvre-Museum-E-Ticket-4-300x201-1.png&quot;,&quot;height&quot;:201,&quot;width&quot;:300,&quot;orientation&quot;:&quot;landscape&quot;},&quot;large&quot;:{&quot;url&quot;:&quot;https:\/\/www.paristouristinformation.fr\/es\/wp-content\/uploads\/2024\/09\/Louvre-Museum-E-Ticket-4-1024x687-1.png&quot;,&quot;height&quot;:687,&quot;width&quot;:1024,&quot;orientation&quot;:&quot;landscape&quot;},&quot;full&quot;:{&quot;url&quot;:&quot;https:\/\/www.paristouristinformation.fr\/es\/wp-content\/uploads\/2024\/09\/Louvre-Museum-E-Ticket-4.png&quot;,&quot;height&quot;:1040,&quot;width&quot;:1550,&quot;orientation&quot;:&quot;landscape&quot;},&quot;1536x1536&quot;:{&quot;url&quot;:&quot;https:\/\/www.paristouristinformation.fr\/es\/wp-content\/uploads\/2024\/09\/Louvre-Museum-E-Ticket-4-1536x1031-1.png&quot;,&quot;height&quot;:1031,&quot;width&quot;:1536,&quot;orientation&quot;:&quot;landscape&quot;}}\"><\/span><span><img decoding=\"async\" alt=\"\" data-id=\"13308\" width=\"1556\" height=\"1048\" title=\"Entrada electr\u00f3nica al Museo del Louvre 6\" src=\"https:\/\/www.paristouristinformation.fr\/es\/wp-content\/uploads\/2024\/09\/Louvre-Museum-E-Ticket-6-1024x690-1.png\" data-src=\"https:\/\/www.paristouristinformation.fr\/es\/wp-content\/uploads\/2024\/09\/Louvre-Museum-E-Ticket-6-300x202-1.png\" loading=\"lazy\" data-sizes=\"{&quot;thumbnail&quot;:{&quot;url&quot;:&quot;https:\/\/www.paristouristinformation.fr\/es\/wp-content\/uploads\/2024\/09\/Louvre-Museum-E-Ticket-6-333x205-1.png&quot;,&quot;height&quot;:205,&quot;width&quot;:333,&quot;orientation&quot;:&quot;landscape&quot;},&quot;medium&quot;:{&quot;url&quot;:&quot;https:\/\/www.paristouristinformation.fr\/es\/wp-content\/uploads\/2024\/09\/Louvre-Museum-E-Ticket-6-300x202-1.png&quot;,&quot;height&quot;:202,&quot;width&quot;:300,&quot;orientation&quot;:&quot;landscape&quot;},&quot;large&quot;:{&quot;url&quot;:&quot;https:\/\/www.paristouristinformation.fr\/es\/wp-content\/uploads\/2024\/09\/Louvre-Museum-E-Ticket-6-1024x690-1.png&quot;,&quot;height&quot;:690,&quot;width&quot;:1024,&quot;orientation&quot;:&quot;landscape&quot;},&quot;full&quot;:{&quot;url&quot;:&quot;https:\/\/www.paristouristinformation.fr\/es\/wp-content\/uploads\/2024\/09\/Louvre-Museum-E-Ticket-6.png&quot;,&quot;height&quot;:1048,&quot;width&quot;:1556,&quot;orientation&quot;:&quot;landscape&quot;},&quot;1536x1536&quot;:{&quot;url&quot;:&quot;https:\/\/www.paristouristinformation.fr\/es\/wp-content\/uploads\/2024\/09\/Louvre-Museum-E-Ticket-6-1536x1035-1.png&quot;,&quot;height&quot;:1035,&quot;width&quot;:1536,&quot;orientation&quot;:&quot;landscape&quot;}}\"><\/span><\/p>\n<h1 dir=\"ltr\">Museo del Louvre: Billete electr\u00f3nico<\/h1>\n<h2><a href=\"https:\/\/www.tiqets.com\/en\/things-to-do-in-paris-c66746\/tickets-for-louvre-museum-e-ticket-p973698\/?partner=paristouristinformation&amp;tq_campaign=LouvreGttd\" target=\"_blank\" rel=\"nofollow noopener\" style=\"outline: none;\">Hacer una reserva<\/a><\/h2>\n<h1><a href=\"https:\/\/www.tiqets.com\/en\/things-to-do-in-paris-c66746\/tickets-for-louvre-museum-e-ticket-p973698\/?partner=paristouristinformation&amp;tq_campaign=LouvreGttd\" target=\"_blank\" rel=\"nofollow noopener\" style=\"outline: none; font-size: 28px !important;\"><strong>22\u20ac + 3\u20ac gastos de reserva<\/strong><\/a><\/h1>\n<p dir=\"ltr\">Descubra las maravillas del Museo del Louvre con acceso prioritario, lo que le dar\u00e1 m\u00e1s tiempo para explorar un tesoro cultural de renombre mundial. Sum\u00e9rjase en una colecci\u00f3n de arte que abarca siglos y que incluye obras maestras de civilizaciones antiguas y del arte ic\u00f3nico de Europa occidental.<\/p>\n<ul>\n<li style=\"\"><span style=\"\">Se aceptan billetes impresos o en el m\u00f3vil&nbsp;<\/span><\/li>\n<li style=\"\">                    <span style=\"\">Confirmaci\u00f3n instant\u00e1nea<\/span><\/li>\n<li style=\"\"><span style=\"\">Entrada r\u00e1pida<\/span><\/li>\n<li style=\"\"><span style=\"\">No reembolsable<\/span><\/li>\n<\/ul>\n<h2>Qu\u00e9 incluye<\/h2>\n<ul>\n<li style=\"\">                    <span>Acceso prioritario al Museo del Louvre (entrada garantizada en 30 minutos)<\/span><\/li>\n<li style=\"\">                    <span>Acceso a la colecci\u00f3n permanente del museo<\/span><\/li>\n<li style=\"\">                    <span>Acceso a las exposiciones temporales del museo (sujeto a disponibilidad)<\/span><\/li>\n<li><span>Acceso al Museo Eug\u00e8ne Delacroix dentro de las 48 horas posteriores a su visita al Louvre<\/span><\/li>\n<\/ul>\n<h2>Qu\u00e9 no est\u00e1 incluido<\/h2>\n<ul>\n<li style=\"\"><span>Acceso sin pasar la fila de seguridad<\/span><\/li>\n<li style=\"\"><span>Entrada prioritaria a las exposiciones temporales<\/span><\/li>\n<\/ul>\n<h2>Informaci\u00f3n importante<\/h2>\n<ul>\n<li style=\"\"><span>Ingresar a trav\u00e9s de la Pir\u00e1mide utilizando la fila para titulares de boletos con franja horaria.<\/span><\/li>\n<li><span>Si pierde su franja horaria, tendr\u00e1 que unirse a la fila para titulares de boletos sin franja horaria.<\/span><\/li>\n<li><span>No se permite el reingreso despu\u00e9s de salir del museo.<\/span><\/li>\n<li><span>Es posible que se requiera una identificaci\u00f3n con fotograf\u00eda v\u00e1lida para ingresar.<\/span><\/li>\n<li><span>Se pueden tomar prestadas sillas de ruedas de forma gratuita.<\/span><\/li>\n<li><span>Algunas galer\u00edas pueden cerrar con poca antelaci\u00f3n; consulte el sitio web oficial para obtener actualizaciones.<\/span><\/li>\n<\/ul>\n<h2 style=\"\">Ofrecido en colaboraci\u00f3n con nuestro socio:<\/h2>\n<p><span><img decoding=\"async\" alt=\"\" data-id=\"13290\" width=\"129\" data-init-width=\"350\" height=\"49\" data-init-height=\"134\" title=\"Logotipo de Tiqets\" loading=\"lazy\" src=\"https:\/\/www.paristouristinformation.fr\/es\/wp-content\/uploads\/2024\/09\/Tiqets-Logo.png\" data-width=\"129\" data-height=\"49\" style=\"aspect-ratio: auto 350 \/ 134;\"><\/span><\/p>\n<p>La oficina de informaci\u00f3n tur\u00edstica de Par\u00eds facilita los pagos, mientras que Tiqets act\u00faa como comerciante oficial. Los t\u00e9rminos y condiciones no se modifican.<\/p>\n<p><a href=\"https:\/\/www.tiqets.com\/en\/things-to-do-in-paris-c66746\/tickets-for-louvre-museum-e-ticket-p973698\/?partner=paristouristinformation&amp;tq_campaign=LouvreGttd\" target=\"_blank\" rel=\"nofollow noopener\" style=\"outline: none;\" data-lt-tmp-id=\"lt-493231\" spellcheck=\"false\">Haga clic aqu\u00ed si prefiere reservar en el sitio web de Tiqets.<\/a><\/p>\n<h2>Descripci\u00f3n:<\/h2>\n<p>Experimente el Museo del Louvre como nunca antes con su <strong>boleto de acceso prioritario,<\/strong> que le garantiza una visita tranquila y sin estr\u00e9s. Explora una colecci\u00f3n incomparable de arte e historia, que incluye las <strong>mejores obras de civilizaciones antiguas y maestros de Europa occidental.<\/strong> Su boleto le otorga acceso a una impresionante variedad de 35.000 obras de arte, incluidas las piezas atemporales de Da Vinci y Miguel \u00c1ngel.<\/p>\n<h2>Reflejos:<\/h2>\n<ul>\n<li>Disfrute de acceso prioritario al Museo del Louvre, evitando las largas colas de entrada.<strong>&nbsp;<\/strong><\/li>\n<li>Experimente la rica historia del Louvre como el antiguo palacio real y el museo de arte m\u00e1s grande del mundo.<\/li>\n<li>Acceso a 35.000 obras de arte, incluidas obras maestras de Da Vinci, Miguel \u00c1ngel y Rembrandt<\/li>\n<li>Explora el arte de las civilizaciones antiguas y la historia de Europa occidental.<\/li>\n<li>Visita el Museo Eug\u00e8ne Delacroix en 48 horas<\/li>\n<\/ul>\n<h2>Museo del Louvre (Mus\u00e9e du Louvre)<\/h2>\n<p>Museo del Louvre, Rue de Rivoli, 75001, Par\u00eds<\/p>\n<h2>Pol\u00edtica de cancelaci\u00f3n<\/h2>\n<p dir=\"ltr\">Este boleto no es reembolsable y no se puede reprogramar.<\/p>\n<h2>Punto de encuentro e instrucciones<\/h2>\n<p dir=\"ltr\">Acceda a trav\u00e9s de la Pir\u00e1mide utilizando la fila exclusiva para los titulares de boletos con franja horaria. Presente all\u00ed su boleto electr\u00f3nico y un documento de identidad con fotograf\u00eda v\u00e1lido. Si pierde su franja horaria, deber\u00e1 unirse a la fila de boletos generales.<\/p>\n<p><a href=\"https:\/\/www.google.com\/maps\/search\/?api=1&amp;query=Rue%20de%20Rivoli%2075001%20Paris\" style=\"outline: none;\" data-lt-tmp-id=\"lt-245895\" spellcheck=\"false\" target=\"_blank\" rel=\"nofollow noopener\">Abrir en Maps<\/a><\/p>\n<h2>Rese\u00f1as y valoraciones<\/h2>\n<p><strong>4.7\/ 5&nbsp;  <\/strong><strong>(16.618 opiniones)<\/strong><\/p>\n<p dir=\"ltr\"><em>\u00ab\u00a1Genial! Compramos entradas para el Louvre. No tuvimos ning\u00fan problema para usarlas y disfrutamos de nuestra visita a este fabuloso museo cuando no pudimos encontrar entradas para el Louvre\u201d.<\/em> Elizabeth, Estados Unidos Julio de 2024 [Fuente: Tiqets] <a href=\"https:\/\/www.tiqets.com\/en\/things-to-do-in-paris-c66746\/tickets-for-louvre-museum-e-ticket-p973698\/?partner=paristouristinformation&amp;tq_campaign=LouvreGttd\" target=\"_blank\" rel=\"nofollow noopener\" data-lt-tmp-id=\"lt-841247\" spellcheck=\"false\" style=\"outline: none;\">&gt;&gt; Ver m\u00e1s opiniones<\/a><\/p>\n<h2>Algunas actividades que te pueden gustar<\/h2>\n<p><span># <\/span><strong><span>2<\/span><\/strong><span># <\/span><strong><span>2<\/span><\/strong><span><img decoding=\"async\" alt=\"Visita guiada a las obras maestras del Museo del Louvre de Par\u00eds con acceso reservado\" data-id=\"13303\" width=\"159\" data-init-width=\"1185\" height=\"83\" data-init-height=\"616\" title=\"Par\u00eds - Visita guiada a las obras maestras del Museo del Louvre con acceso reservado\" loading=\"lazy\" src=\"https:\/\/www.paristouristinformation.fr\/es\/wp-content\/uploads\/2024\/09\/Paris-Louvre-Museum-Masterpieces-Tour-with-Reserved-Access-.jpg\" data-width=\"159\" data-height=\"83\" style=\"aspect-ratio: auto 1185 \/ 616;\"><\/span><\/p>\n<table>\n<tbody>\n<tr>\n<td><a href=\"https:\/\/gyg.me\/t0Re5uyG\" target=\"_blank\" rel=\"nofollow noopener\" style=\"outline: none;\" data-lt-tmp-id=\"lt-495373\" spellcheck=\"false\">Par\u00eds: visita guiada a las obras maestras del Museo del Louvre con acceso reservado<\/a><\/td>\n<\/tr>\n<\/tbody>\n<\/table>\n<p dir=\"ltr\">Explora las obras maestras emblem\u00e1ticas y las joyas ocultas del Louvre en una visita guiada de 3 horas con acceso reservado. De la mano de un gu\u00eda experto, admira tesoros como la \u00abMona Lisa\u00bb y la \u00abVenus de Milo\u00bb.<\/p>\n<h3 style=\"\">Precio total<\/h3>\n<h3 style=\"\">No se le cobrar\u00e1 todav\u00eda<\/h3>\n<p><span># <\/span><strong><span>2<\/span><\/strong><span><img decoding=\"async\" alt=\"Entradas reservadas al Museo del Louvre y crucero por el Sena\" data-id=\"13306\" width=\"159\" data-init-width=\"930\" height=\"99\" data-init-height=\"581\" title=\"Entradas reservadas al Museo del Louvre y crucero por el Sena\" loading=\"lazy\" src=\"https:\/\/paristouristinformation.fr\/wp-content\/uploads\/2024\/08\/Louvre-Museum-Reserved-Access-Tickets-Seine-River-Cruise.avif\" data-width=\"159\" data-height=\"99\" style=\"aspect-ratio: auto 930 \/ 581;\"><\/span><\/p>\n<table>\n<tbody>\n<tr>\n<td><a href=\"https:\/\/www.headout.com\/r\/most-amazing-placesrecommends-5kMiV\" target=\"_blank\" rel=\"nofollow noopener\" style=\"outline: none;\" data-lt-tmp-id=\"lt-163467\" spellcheck=\"false\">Entradas reservadas al Museo del Louvre y crucero por el Sena<\/a><\/td>\n<\/tr>\n<\/tbody>\n<\/table>\n<p>Disfrute del acceso reservado al Museo del Louvre, explorando su colecci\u00f3n de arte de renombre mundial, seguido de un relajante crucero por el r\u00edo Sena para contemplar las vistas ic\u00f3nicas de Par\u00eds desde el agua.<\/p>\n<h3 style=\"\">Precio total<\/h3>\n<h3 style=\"\">No se le cobrar\u00e1 todav\u00eda<\/h3>\n<\/p>\n<h2><a href=\"https:\/\/www.tiqets.com\/en\/things-to-do-in-paris-c66746\/tickets-for-louvre-museum-e-ticket-p973698\/?partner=paristouristinformation&amp;tq_campaign=LouvreGttd\" target=\"_blank\" rel=\"nofollow noopener\" style=\"outline: none;\">Hacer una reserva<\/a><\/h2>\n<h1><a href=\"https:\/\/www.tiqets.com\/en\/things-to-do-in-paris-c66746\/tickets-for-louvre-museum-e-ticket-p973698\/?partner=paristouristinformation&amp;tq_campaign=LouvreGttd\" target=\"_blank\" rel=\"nofollow noopener\" style=\"outline: none;\"><strong>22\u20ac <\/strong><\/a><strong><a href=\"https:\/\/www.tiqets.com\/en\/things-to-do-in-paris-c66746\/tickets-for-louvre-museum-e-ticket-p973698\/?partner=most_amazing_places&amp;tq_campaign=ParisLouvreGttd\" rel=\"nofollow noopener\" target=\"_blank\" style=\"outline: none;\"><strong>&nbsp;+ 3\u20ac gastos de reserva<\/strong><\/a><\/strong><\/h1>\n<p style=\"\">No se le cobrar\u00e1 todav\u00eda<\/p>\n<p>__Edici\u00f3n_de_grupo_CONFIG___{}__Edici\u00f3n_de_grupo_CONFIG__<\/p>\n","protected":false},"excerpt":{"rendered":"<p>Museo del Louvre: Billete electr\u00f3nico Hacer una reserva 22\u20ac + 3\u20ac gastos de reserva Descubra las maravillas del Museo del Louvre con acceso prioritario, lo que le dar\u00e1 m\u00e1s tiempo para explorar un tesoro cultural de renombre mundial. Sum\u00e9rjase en una colecci\u00f3n de arte que abarca siglos y que incluye obras maestras de civilizaciones antiguas [&hellip;]<\/p>\n","protected":false},"author":10,"featured_media":6864,"parent":0,"menu_order":0,"comment_status":"closed","ping_status":"closed","template":"","meta":{"footnotes":""},"tags":[63],"class_list":["post-11695","page","type-page","status-publish","has-post-thumbnail","hentry","tag-paginas-de-venta","post-wrapper","thrv_wrapper"],"wp-worthy-pixel":{"ignored":false,"public":null,"server":null,"url":null},"wp-worthy-type":"normal","_links":{"self":[{"href":"https:\/\/www.paristouristinformation.fr\/es\/wp-json\/wp\/v2\/pages\/11695","targetHints":{"allow":["GET"]}}],"collection":[{"href":"https:\/\/www.paristouristinformation.fr\/es\/wp-json\/wp\/v2\/pages"}],"about":[{"href":"https:\/\/www.paristouristinformation.fr\/es\/wp-json\/wp\/v2\/types\/page"}],"author":[{"embeddable":true,"href":"https:\/\/www.paristouristinformation.fr\/es\/wp-json\/wp\/v2\/users\/10"}],"replies":[{"embeddable":true,"href":"https:\/\/www.paristouristinformation.fr\/es\/wp-json\/wp\/v2\/comments?post=11695"}],"version-history":[{"count":10,"href":"https:\/\/www.paristouristinformation.fr\/es\/wp-json\/wp\/v2\/pages\/11695\/revisions"}],"predecessor-version":[{"id":12245,"href":"https:\/\/www.paristouristinformation.fr\/es\/wp-json\/wp\/v2\/pages\/11695\/revisions\/12245"}],"wp:featuredmedia":[{"embeddable":true,"href":"https:\/\/www.paristouristinformation.fr\/es\/wp-json\/wp\/v2\/media\/6864"}],"wp:attachment":[{"href":"https:\/\/www.paristouristinformation.fr\/es\/wp-json\/wp\/v2\/media?parent=11695"}],"wp:term":[{"taxonomy":"post_tag","embeddable":true,"href":"https:\/\/www.paristouristinformation.fr\/es\/wp-json\/wp\/v2\/tags?post=11695"}],"curies":[{"name":"wp","href":"https:\/\/api.w.org\/{rel}","templated":true}]}}