{"id":11740,"date":"2024-09-18T12:53:35","date_gmt":"2024-09-18T12:53:35","guid":{"rendered":"https:\/\/www.paristouristinformation.fr\/es\/?page_id=11740"},"modified":"2026-01-29T14:27:13","modified_gmt":"2026-01-29T14:27:13","slug":"disneyland-paris-entrada-de-1-dia","status":"publish","type":"page","link":"https:\/\/www.paristouristinformation.fr\/es\/disneyland-paris-entrada-de-1-dia\/","title":{"rendered":"Disneyland\u00ae Par\u00eds Entrada de 1 d\u00eda"},"content":{"rendered":"<p><span><img decoding=\"async\" alt=\"\" data-id=\"13337\" width=\"1462\" height=\"850\" title=\"Entradas de 1 d\u00eda para Disneyland\u00ae Par\u00eds (oferta especial) 1\" src=\"https:\/\/www.paristouristinformation.fr\/es\/wp-content\/uploads\/2024\/09\/Disneyland\u00ae-Paris-1-Day-Tickets-Special-Offer-1-1024x595-1.png\" data-src=\"https:\/\/www.paristouristinformation.fr\/es\/wp-content\/uploads\/2024\/09\/Disneyland\u00ae-Paris-1-Day-Tickets-Special-Offer-1-300x174-1.png\" loading=\"lazy\" data-sizes=\"{&quot;thumbnail&quot;:{&quot;url&quot;:&quot;https:\/\/www.paristouristinformation.fr\/es\/wp-content\/uploads\/2024\/09\/Disneyland\u00ae-Paris-1-Day-Tickets-Special-Offer-1-333x205-1.png&quot;,&quot;height&quot;:205,&quot;width&quot;:333,&quot;orientation&quot;:&quot;landscape&quot;},&quot;medium&quot;:{&quot;url&quot;:&quot;https:\/\/www.paristouristinformation.fr\/es\/wp-content\/uploads\/2024\/09\/Disneyland\u00ae-Paris-1-Day-Tickets-Special-Offer-1-300x174-1.png&quot;,&quot;height&quot;:174,&quot;width&quot;:300,&quot;orientation&quot;:&quot;landscape&quot;},&quot;large&quot;:{&quot;url&quot;:&quot;https:\/\/www.paristouristinformation.fr\/es\/wp-content\/uploads\/2024\/09\/Disneyland\u00ae-Paris-1-Day-Tickets-Special-Offer-1-1024x595-1.png&quot;,&quot;height&quot;:595,&quot;width&quot;:1024,&quot;orientation&quot;:&quot;landscape&quot;},&quot;full&quot;:{&quot;url&quot;:&quot;https:\/\/www.paristouristinformation.fr\/es\/wp-content\/uploads\/2024\/09\/Disneyland\u00ae-Paris-1-Day-Tickets-Special-Offer-1.png&quot;,&quot;height&quot;:850,&quot;width&quot;:1462,&quot;orientation&quot;:&quot;landscape&quot;}}\"><\/span><span><img decoding=\"async\" alt=\"\" data-id=\"13339\" width=\"1406\" height=\"850\" title=\"Entradas de 1 d\u00eda para Disneyland\u00ae Par\u00eds (oferta especial) 2\" src=\"https:\/\/www.paristouristinformation.fr\/es\/wp-content\/uploads\/2024\/09\/Disneyland\u00ae-Paris-1-Day-Tickets-Special-Offer-2-1024x619-1.png\" data-src=\"https:\/\/www.paristouristinformation.fr\/es\/wp-content\/uploads\/2024\/09\/Disneyland\u00ae-Paris-1-Day-Tickets-Special-Offer-2-300x181-1.png\" loading=\"lazy\" data-sizes=\"{&quot;thumbnail&quot;:{&quot;url&quot;:&quot;https:\/\/www.paristouristinformation.fr\/es\/wp-content\/uploads\/2024\/09\/Disneyland\u00ae-Paris-1-Day-Tickets-Special-Offer-2-333x205-1.png&quot;,&quot;height&quot;:205,&quot;width&quot;:333,&quot;orientation&quot;:&quot;landscape&quot;},&quot;medium&quot;:{&quot;url&quot;:&quot;https:\/\/www.paristouristinformation.fr\/es\/wp-content\/uploads\/2024\/09\/Disneyland\u00ae-Paris-1-Day-Tickets-Special-Offer-2-300x181-1.png&quot;,&quot;height&quot;:181,&quot;width&quot;:300,&quot;orientation&quot;:&quot;landscape&quot;},&quot;large&quot;:{&quot;url&quot;:&quot;https:\/\/www.paristouristinformation.fr\/es\/wp-content\/uploads\/2024\/09\/Disneyland\u00ae-Paris-1-Day-Tickets-Special-Offer-2-1024x619-1.png&quot;,&quot;height&quot;:619,&quot;width&quot;:1024,&quot;orientation&quot;:&quot;landscape&quot;},&quot;full&quot;:{&quot;url&quot;:&quot;https:\/\/www.paristouristinformation.fr\/es\/wp-content\/uploads\/2024\/09\/Disneyland\u00ae-Paris-1-Day-Tickets-Special-Offer-2.png&quot;,&quot;height&quot;:850,&quot;width&quot;:1406,&quot;orientation&quot;:&quot;landscape&quot;}}\"><\/span><span><img decoding=\"async\" alt=\"\" data-id=\"13335\" width=\"1400\" height=\"834\" title=\"Entradas de 1 d\u00eda para Disneyland\u00ae Par\u00eds (oferta especial) 3\" src=\"https:\/\/www.paristouristinformation.fr\/es\/wp-content\/uploads\/2024\/09\/Disneyland\u00ae-Paris-1-Day-Tickets-Special-Offer-3-1024x610-1.png\" data-src=\"https:\/\/www.paristouristinformation.fr\/es\/wp-content\/uploads\/2024\/09\/Disneyland\u00ae-Paris-1-Day-Tickets-Special-Offer-3-300x179-1.png\" loading=\"lazy\" data-sizes=\"{&quot;thumbnail&quot;:{&quot;url&quot;:&quot;https:\/\/www.paristouristinformation.fr\/es\/wp-content\/uploads\/2024\/09\/Disneyland\u00ae-Paris-1-Day-Tickets-Special-Offer-3-333x205-1.png&quot;,&quot;height&quot;:205,&quot;width&quot;:333,&quot;orientation&quot;:&quot;landscape&quot;},&quot;medium&quot;:{&quot;url&quot;:&quot;https:\/\/www.paristouristinformation.fr\/es\/wp-content\/uploads\/2024\/09\/Disneyland\u00ae-Paris-1-Day-Tickets-Special-Offer-3-300x179-1.png&quot;,&quot;height&quot;:179,&quot;width&quot;:300,&quot;orientation&quot;:&quot;landscape&quot;},&quot;large&quot;:{&quot;url&quot;:&quot;https:\/\/www.paristouristinformation.fr\/es\/wp-content\/uploads\/2024\/09\/Disneyland\u00ae-Paris-1-Day-Tickets-Special-Offer-3-1024x610-1.png&quot;,&quot;height&quot;:610,&quot;width&quot;:1024,&quot;orientation&quot;:&quot;landscape&quot;},&quot;full&quot;:{&quot;url&quot;:&quot;https:\/\/www.paristouristinformation.fr\/es\/wp-content\/uploads\/2024\/09\/Disneyland\u00ae-Paris-1-Day-Tickets-Special-Offer-3.png&quot;,&quot;height&quot;:834,&quot;width&quot;:1400,&quot;orientation&quot;:&quot;landscape&quot;}}\"><\/span><span><img decoding=\"async\" alt=\"\" data-id=\"13336\" width=\"1428\" height=\"846\" title=\"Entradas de 1 d\u00eda para Disneyland\u00ae Par\u00eds (oferta especial) 4\" src=\"https:\/\/www.paristouristinformation.fr\/es\/wp-content\/uploads\/2024\/09\/Disneyland\u00ae-Paris-1-Day-Tickets-Special-Offer-4-1024x607-1.png\" data-src=\"https:\/\/www.paristouristinformation.fr\/es\/wp-content\/uploads\/2024\/09\/Disneyland\u00ae-Paris-1-Day-Tickets-Special-Offer-4-300x178-1.png\" loading=\"lazy\" data-sizes=\"{&quot;thumbnail&quot;:{&quot;url&quot;:&quot;https:\/\/www.paristouristinformation.fr\/es\/wp-content\/uploads\/2024\/09\/Disneyland\u00ae-Paris-1-Day-Tickets-Special-Offer-4-333x205-1.png&quot;,&quot;height&quot;:205,&quot;width&quot;:333,&quot;orientation&quot;:&quot;landscape&quot;},&quot;medium&quot;:{&quot;url&quot;:&quot;https:\/\/www.paristouristinformation.fr\/es\/wp-content\/uploads\/2024\/09\/Disneyland\u00ae-Paris-1-Day-Tickets-Special-Offer-4-300x178-1.png&quot;,&quot;height&quot;:178,&quot;width&quot;:300,&quot;orientation&quot;:&quot;landscape&quot;},&quot;large&quot;:{&quot;url&quot;:&quot;https:\/\/www.paristouristinformation.fr\/es\/wp-content\/uploads\/2024\/09\/Disneyland\u00ae-Paris-1-Day-Tickets-Special-Offer-4-1024x607-1.png&quot;,&quot;height&quot;:607,&quot;width&quot;:1024,&quot;orientation&quot;:&quot;landscape&quot;},&quot;full&quot;:{&quot;url&quot;:&quot;https:\/\/www.paristouristinformation.fr\/es\/wp-content\/uploads\/2024\/09\/Disneyland\u00ae-Paris-1-Day-Tickets-Special-Offer-4.png&quot;,&quot;height&quot;:846,&quot;width&quot;:1428,&quot;orientation&quot;:&quot;landscape&quot;}}\"><\/span><span><img decoding=\"async\" alt=\"\" data-id=\"13334\" width=\"1366\" height=\"924\" title=\"Entradas de 1 d\u00eda para Disneyland\u00ae Par\u00eds (oferta especial) 6\" src=\"https:\/\/www.paristouristinformation.fr\/es\/wp-content\/uploads\/2024\/09\/Disneyland\u00ae-Paris-1-Day-Tickets-Special-Offer-6-1024x693-1.png\" data-src=\"https:\/\/www.paristouristinformation.fr\/es\/wp-content\/uploads\/2024\/09\/Disneyland\u00ae-Paris-1-Day-Tickets-Special-Offer-6-300x203-1.png\" loading=\"lazy\" data-sizes=\"{&quot;thumbnail&quot;:{&quot;url&quot;:&quot;https:\/\/www.paristouristinformation.fr\/es\/wp-content\/uploads\/2024\/09\/Disneyland\u00ae-Paris-1-Day-Tickets-Special-Offer-6-333x205-1.png&quot;,&quot;height&quot;:205,&quot;width&quot;:333,&quot;orientation&quot;:&quot;landscape&quot;},&quot;medium&quot;:{&quot;url&quot;:&quot;https:\/\/www.paristouristinformation.fr\/es\/wp-content\/uploads\/2024\/09\/Disneyland\u00ae-Paris-1-Day-Tickets-Special-Offer-6-300x203-1.png&quot;,&quot;height&quot;:203,&quot;width&quot;:300,&quot;orientation&quot;:&quot;landscape&quot;},&quot;large&quot;:{&quot;url&quot;:&quot;https:\/\/www.paristouristinformation.fr\/es\/wp-content\/uploads\/2024\/09\/Disneyland\u00ae-Paris-1-Day-Tickets-Special-Offer-6-1024x693-1.png&quot;,&quot;height&quot;:693,&quot;width&quot;:1024,&quot;orientation&quot;:&quot;landscape&quot;},&quot;full&quot;:{&quot;url&quot;:&quot;https:\/\/www.paristouristinformation.fr\/es\/wp-content\/uploads\/2024\/09\/Disneyland\u00ae-Paris-1-Day-Tickets-Special-Offer-6.png&quot;,&quot;height&quot;:924,&quot;width&quot;:1366,&quot;orientation&quot;:&quot;landscape&quot;}}\"><\/span><span><img decoding=\"async\" alt=\"\" data-id=\"13338\" width=\"1306\" height=\"840\" title=\"Entradas de 1 d\u00eda para Disneyland\u00ae Par\u00eds (oferta especial) 5\" src=\"https:\/\/www.paristouristinformation.fr\/es\/wp-content\/uploads\/2024\/09\/Disneyland\u00ae-Paris-1-Day-Tickets-Special-Offer-5-1024x659-1.png\" data-src=\"https:\/\/www.paristouristinformation.fr\/es\/wp-content\/uploads\/2024\/09\/Disneyland\u00ae-Paris-1-Day-Tickets-Special-Offer-5-300x193-1.png\" loading=\"lazy\" data-sizes=\"{&quot;thumbnail&quot;:{&quot;url&quot;:&quot;https:\/\/www.paristouristinformation.fr\/es\/wp-content\/uploads\/2024\/09\/Disneyland\u00ae-Paris-1-Day-Tickets-Special-Offer-5-333x205-1.png&quot;,&quot;height&quot;:205,&quot;width&quot;:333,&quot;orientation&quot;:&quot;landscape&quot;},&quot;medium&quot;:{&quot;url&quot;:&quot;https:\/\/www.paristouristinformation.fr\/es\/wp-content\/uploads\/2024\/09\/Disneyland\u00ae-Paris-1-Day-Tickets-Special-Offer-5-300x193-1.png&quot;,&quot;height&quot;:193,&quot;width&quot;:300,&quot;orientation&quot;:&quot;landscape&quot;},&quot;large&quot;:{&quot;url&quot;:&quot;https:\/\/www.paristouristinformation.fr\/es\/wp-content\/uploads\/2024\/09\/Disneyland\u00ae-Paris-1-Day-Tickets-Special-Offer-5-1024x659-1.png&quot;,&quot;height&quot;:659,&quot;width&quot;:1024,&quot;orientation&quot;:&quot;landscape&quot;},&quot;full&quot;:{&quot;url&quot;:&quot;https:\/\/www.paristouristinformation.fr\/es\/wp-content\/uploads\/2024\/09\/Disneyland\u00ae-Paris-1-Day-Tickets-Special-Offer-5.png&quot;,&quot;height&quot;:840,&quot;width&quot;:1306,&quot;orientation&quot;:&quot;landscape&quot;}}\"><\/span><\/p>\n<h1 data-qa-marker=\"product-name\">Entrada de 1 d\u00eda a Disneyland\u00ae Par\u00eds<\/h1>\n<h2><a href=\"https:\/\/www.tiqets.com\/en\/marne-la-vallee-attractions-c702\/tickets-for-disneyland-paris-single-day-ticket-p975463\/?partner=paristouristinformation&amp;tq_campaign=DisneylandParisGttd\" target=\"_blank\" rel=\"nofollow noopener\" style=\"outline: none;\">Make a reservation<\/a><\/h2>\n<h1><a href=\"https:\/\/www.tiqets.com\/en\/marne-la-vallee-attractions-c702\/tickets-for-disneyland-paris-single-day-ticket-p975463\/?partner=paristouristinformation&amp;tq_campaign=DisneylandParisGttd\" target=\"_blank\" rel=\"nofollow noopener\" style=\"outline: none;\"><strong>From \u20ac52<\/strong><\/a><\/h1>\n<p dir=\"ltr\">Experimente el encantador mundo de Disneyland\u00ae Paris con un <strong>boleto de 1 d\u00eda que le otorga acceso a dos parques emblem\u00e1ticos<\/strong> : Disneyland\u00ae Park y Walt Disney Studios\u00ae Park. Sum\u00e9rjase en emocionantes atracciones, conozca a los queridos personajes de Disney\u00ae y explore tierras tem\u00e1ticas llenas de magia.<\/p>\n<ul>\n<li style=\"\"><span>Seleccionado cuidadosamente&nbsp;<\/span><\/li>\n<li style=\"\"><span>Se aceptan billetes m\u00f3viles o comprobantes impresos&nbsp;<\/span><\/li>\n<li style=\"\">                    <span>Confirmaci\u00f3n instant\u00e1nea<\/span><\/li>\n<li style=\"\"><span>Cancelaci\u00f3n gratuita<\/span><\/li>\n<\/ul>\n<h2>Qu\u00e9 incluye<\/h2>\n<ul>\n<li style=\"\">                    <span>Boleto para 1 d\u00eda, 1 parque o 2 parques (seg\u00fan opci\u00f3n seleccionada): Entrada al Parque Disneyland\u00ae o Walt Disney Studios\u00ae<\/span><\/li>\n<\/ul>\n<h2>Qu\u00e9 no est\u00e1 incluido<\/h2>\n<ul>\n<li style=\"\"><span>Entradas sin colas a las atracciones<\/span><\/li>\n<li style=\"\"><span>Gastos personales<\/span><\/li>\n<li><span>Comidas y bebidas<\/span><\/li>\n<\/ul>\n<h2>Informaci\u00f3n importante<\/h2>\n<ul>\n<li style=\"\"><span>Las entradas no son transferibles; no se pueden cambiar los nombres una vez realizada la reserva. Traiga un documento de identidad con fotograf\u00eda v\u00e1lido.<\/span><\/li>\n<li><span>El horario de apertura del parque puede variar; consulte el sitio web oficial antes de su visita.<\/span><\/li>\n<li><span>Los ni\u00f1os menores de 12 a\u00f1os deben estar acompa\u00f1ados por un adulto.<\/span><\/li>\n<li><span>Apto para usuarios de sillas de ruedas.<\/span><\/li>\n<li><span>No se permiten maletas ni bolsos grandes.<\/span><\/li>\n<li><span>No se admiten animales excepto perros gu\u00eda.<\/span><\/li>\n<\/ul>\n<h2 style=\"\">Ofrecido en colaboraci\u00f3n con nuestro socio:<\/h2>\n<p><span><img decoding=\"async\" alt=\"\" data-id=\"13290\" width=\"129\" data-init-width=\"350\" height=\"49\" data-init-height=\"134\" title=\"Logotipo de Tiqets\" loading=\"lazy\" src=\"https:\/\/www.paristouristinformation.fr\/es\/wp-content\/uploads\/2024\/09\/Tiqets-Logo-1.png\" data-width=\"129\" data-height=\"49\" style=\"aspect-ratio: auto 350 \/ 134;\"><\/span><\/p>\n<p>La oficina de informaci\u00f3n tur\u00edstica de Par\u00eds facilita los pagos, mientras que Tiqets act\u00faa como comerciante oficial. Los t\u00e9rminos y condiciones no se modifican.<\/p>\n<p><a href=\"https:\/\/www.tiqets.com\/en\/marne-la-vallee-attractions-c702\/tickets-for-disneyland-paris-single-day-ticket-p975463\/?partner=paristouristinformation&amp;tq_campaign=DisneylandParisGttd\" target=\"_blank\" rel=\"nofollow noopener\" style=\"outline: none;\" data-lt-tmp-id=\"lt-493231\" spellcheck=\"false\">Haga clic aqu\u00ed si prefiere reservar en el sitio web de Tiqets.<\/a><\/p>\n<h2>Descripci\u00f3n:<\/h2>\n<p>Descubra la magia de Disneyland\u00ae Paris con este <strong>exclusivo boleto de 1 d\u00eda.<\/strong> Tanto si busca aventuras como si es un fan\u00e1tico de las historias encantadoras, <strong>tanto el Parque Disneyland\u00ae como el Parque Walt Disney Studios\u00ae<\/strong> ofrecen experiencias inolvidables. Desde emocionantes atracciones hasta espect\u00e1culos espectaculares, sum\u00e9rjase en la maravilla de Disney\u00ae y cree recuerdos duraderos con sus seres queridos. Perfecta para familias y amigos, esta oferta especial es imprescindible para crear recuerdos inolvidables.<\/p>\n<h2>Reflejos:<\/h2>\n<ul>\n<li>Explora los encantadores espacios tem\u00e1ticos de Disneyland\u00ae Par\u00eds con un billete de un solo d\u00eda.<\/li>\n<li>Elija explorar uno o ambos parques.<\/li>\n<li>Visita el \u00e9pico Marvel Avengers Campus en el parque Walt Disney Studios\u00ae.<\/li>\n<li>Experimente la emoci\u00f3n de Piratas del Caribe, Star Tours y m\u00e1s.<\/li>\n<li>Experimente encuentros exclusivos con personajes de Disney\u00ae y sorprendentes espect\u00e1culos en vivo.<\/li>\n<\/ul>\n<h2>Disneyland Par\u00eds<\/h2>\n<p dir=\"ltr\">Bd de Parc, 77700 Coupvray, Francia<\/p>\n<h2>Pol\u00edtica de cancelaci\u00f3n<\/h2>\n<p dir=\"ltr\">Cancela hasta 72 horas antes de que comience la experiencia para obtener un reembolso completo.<\/p>\n<h2>Punto de encuentro e instrucciones<\/h2>\n<p dir=\"ltr\">Presente su voucher m\u00f3vil junto con una identificaci\u00f3n con fotograf\u00eda v\u00e1lida en Disneyland\u00ae Paris, ubicado en Bd de Parc, 77700 Coupvray, Francia.<\/p>\n<p><a href=\"https:\/\/www.google.com\/maps\/place\/Disneyland+Paris\/@48.8673317,2.7833425,18.46z\/data=!4m6!3m5!1s0x47e61d19ca7ae2bd:0x57faf8cb6310e660!8m2!3d48.8673858!4d2.783593!16s%2Fg%2F1211qgxn?entry=tts&amp;g_ep=EgoyMDI0MDUyNy4yKgBIAVAD\" style=\"outline: none;\" data-lt-tmp-id=\"lt-493778\" spellcheck=\"false\" target=\"_blank\" rel=\"nofollow noopener\">Abrir en Maps<\/a><\/p>\n<h2>Rese\u00f1as y valoraciones<\/h2>\n<p><strong>4.6\/ 5&nbsp; <\/strong><strong>(6784 opiniones)<\/strong><\/p>\n<p dir=\"ltr\"><em>\u201cRealmente f\u00e1cil, compr\u00e9 las entradas la noche anterior a ir a Disneyland y no tuve ning\u00fan problema. Volver\u00eda a utilizar esta empresa\u201d.<\/em> Rachel, septiembre de 2024 [Fuente: Tiqets] <a href=\"https:\/\/www.tiqets.com\/en\/marne-la-vallee-attractions-c702\/tickets-for-disneyland-paris-single-day-ticket-p975463\/?partner=paristouristinformation&amp;tq_campaign=DisneylandParisGttd\" target=\"_blank\" rel=\"nofollow noopener\" data-lt-tmp-id=\"lt-269899\" spellcheck=\"false\" style=\"outline: none;\">&gt;&gt; Ver m\u00e1s opiniones<\/a><\/p>\n<h2>Algunas actividades que te pueden gustar<\/h2>\n<p><span># <\/span><strong><span>2<\/span><\/strong><span># <\/span><strong><span>2<\/span><\/strong><span><img decoding=\"async\" alt=\"\" data-id=\"13331\" width=\"159\" data-init-width=\"560\" height=\"159\" data-init-height=\"560\" title=\"Disneyland\u00ae Paris - Entrada de un d\u00eda - Entrada para el mismo d\u00eda\" loading=\"lazy\" src=\"https:\/\/paristouristinformation.fr\/wp-content\/uploads\/2024\/08\/Disneyland\u00ae-Paris-One-Day-Same-Day-Ticket-.avif\" data-width=\"159\" data-height=\"159\" style=\"aspect-ratio: auto 560 \/ 560;\"><\/span><\/p>\n<table>\n<tbody>\n<tr>\n<td><a href=\"https:\/\/www.tiqets.com\/en\/marne-la-vallee-attractions-c702\/tickets-for-disneyland-paris-single-day-last-minute-p1032450\/?partner=most_amazing_places&amp;tq_campaign=ParisDisneylandGttd2\" target=\"_blank\" rel=\"nofollow noopener\" style=\"outline: none;\" data-lt-tmp-id=\"lt-22426\" spellcheck=\"false\">Disneyland\u00ae Paris: Entrada de un d\u00eda &#8211; Entrada para el mismo d\u00eda<\/a><\/td>\n<\/tr>\n<\/tbody>\n<\/table>\n<p dir=\"ltr\">\u00a1Viva la magia de Disneyland\u00ae Paris con un boleto de \u00faltimo minuto para el mismo d\u00eda! Elija entre un pase de 1 d\u00eda para Disneyland\u00ae Park o Walt Disney Studios\u00ae, u opte por un pase de 1 d\u00eda que le otorga acceso a ambos parques.<\/p>\n<h3 style=\"\">Precio total<\/h3>\n<h3 style=\"\">No se le cobrar\u00e1 todav\u00eda<\/h3>\n<p><span># <\/span><strong><span>2<\/span><\/strong><span><img decoding=\"async\" alt=\"\" data-id=\"13332\" width=\"159\" data-init-width=\"1185\" height=\"83\" data-init-height=\"616\" title=\"Boleto de Disneyland\u00ae de 2, 3 y 4 d\u00edas\" loading=\"lazy\" src=\"https:\/\/www.paristouristinformation.fr\/es\/wp-content\/uploads\/2024\/09\/Disneyland\u00ae-234-Day-Ticket.jpg\" data-width=\"159\" data-height=\"83\" style=\"aspect-ratio: auto 1185 \/ 616;\"><\/span><\/p>\n<table>\n<tbody>\n<tr>\n<td><a href=\"https:\/\/gyg.me\/N5xnhBuO\" target=\"_blank\" rel=\"nofollow noopener\" style=\"outline: none;\" data-lt-tmp-id=\"lt-163467\" spellcheck=\"false\">Boleto de 2, 3 y 4 d\u00edas para Disneyland\u00ae<\/a><\/td>\n<\/tr>\n<\/tbody>\n<\/table>\n<p dir=\"ltr\">Con este boleto flexible de varios d\u00edas, sum\u00e9rjase en las maravillas de Disneyland\u00ae Paris. Pase 2, 3 o 4 d\u00edas explorando la magia de Disneyland\u00ae Park y Walt Disney Studios\u00ae.<\/p>\n<h3 style=\"\">Precio total<\/h3>\n<h3 style=\"\">No se le cobrar\u00e1 todav\u00eda<\/h3>\n<\/p>\n<h2><a href=\"https:\/\/www.tiqets.com\/en\/marne-la-vallee-attractions-c702\/tickets-for-disneyland-paris-single-day-ticket-p975463\/?partner=paristouristinformation&amp;tq_campaign=DisneylandParisGttd\" target=\"_blank\" rel=\"nofollow noopener\" style=\"outline: none;\" data-lt-tmp-id=\"lt-708889\" spellcheck=\"false\">Hacer una reserva<\/a><span style=\"font-weight: normal;\"><\/span><\/h2>\n<p><strong style=\"outline: currentcolor;\"><a href=\"https:\/\/www.tiqets.com\/en\/marne-la-vallee-attractions-c702\/tickets-for-disneyland-paris-single-day-ticket-p975463\/?partner=paristouristinformation&amp;tq_campaign=DisneylandParisGttd\" target=\"_blank\" rel=\"nofollow noopener\" data-lt-tmp-id=\"lt-697306\" spellcheck=\"false\" style=\"outline: none;\">Desde 64\u20ac<\/a><\/strong><\/p>\n<p style=\"\">No se le cobrar\u00e1 todav\u00eda<\/p>\n","protected":false},"excerpt":{"rendered":"<p>Entrada de 1 d\u00eda a Disneyland\u00ae Par\u00eds Make a reservation From \u20ac52 Experimente el encantador mundo de Disneyland\u00ae Paris con un boleto de 1 d\u00eda que le otorga acceso a dos parques emblem\u00e1ticos : Disneyland\u00ae Park y Walt Disney Studios\u00ae Park. Sum\u00e9rjase en emocionantes atracciones, conozca a los queridos personajes de Disney\u00ae y explore tierras [&hellip;]<\/p>\n","protected":false},"author":10,"featured_media":11806,"parent":0,"menu_order":0,"comment_status":"closed","ping_status":"closed","template":"","meta":{"footnotes":""},"tags":[63],"class_list":["post-11740","page","type-page","status-publish","has-post-thumbnail","hentry","tag-paginas-de-venta","post-wrapper","thrv_wrapper"],"wp-worthy-pixel":{"ignored":false,"public":null,"server":null,"url":null},"wp-worthy-type":"normal","_links":{"self":[{"href":"https:\/\/www.paristouristinformation.fr\/es\/wp-json\/wp\/v2\/pages\/11740","targetHints":{"allow":["GET"]}}],"collection":[{"href":"https:\/\/www.paristouristinformation.fr\/es\/wp-json\/wp\/v2\/pages"}],"about":[{"href":"https:\/\/www.paristouristinformation.fr\/es\/wp-json\/wp\/v2\/types\/page"}],"author":[{"embeddable":true,"href":"https:\/\/www.paristouristinformation.fr\/es\/wp-json\/wp\/v2\/users\/10"}],"replies":[{"embeddable":true,"href":"https:\/\/www.paristouristinformation.fr\/es\/wp-json\/wp\/v2\/comments?post=11740"}],"version-history":[{"count":9,"href":"https:\/\/www.paristouristinformation.fr\/es\/wp-json\/wp\/v2\/pages\/11740\/revisions"}],"predecessor-version":[{"id":12254,"href":"https:\/\/www.paristouristinformation.fr\/es\/wp-json\/wp\/v2\/pages\/11740\/revisions\/12254"}],"wp:featuredmedia":[{"embeddable":true,"href":"https:\/\/www.paristouristinformation.fr\/es\/wp-json\/wp\/v2\/media\/11806"}],"wp:attachment":[{"href":"https:\/\/www.paristouristinformation.fr\/es\/wp-json\/wp\/v2\/media?parent=11740"}],"wp:term":[{"taxonomy":"post_tag","embeddable":true,"href":"https:\/\/www.paristouristinformation.fr\/es\/wp-json\/wp\/v2\/tags?post=11740"}],"curies":[{"name":"wp","href":"https:\/\/api.w.org\/{rel}","templated":true}]}}