{"id":11777,"date":"2024-09-18T12:36:46","date_gmt":"2024-09-18T12:36:46","guid":{"rendered":"https:\/\/www.paristouristinformation.fr\/es\/?page_id=11777"},"modified":"2026-01-29T14:26:04","modified_gmt":"2026-01-29T14:26:04","slug":"disneyland-paris-entradas-de-1-dia-oferta-especial","status":"publish","type":"page","link":"https:\/\/www.paristouristinformation.fr\/es\/disneyland-paris-entradas-de-1-dia-oferta-especial\/","title":{"rendered":"Disneyland\u00ae Par\u00eds Entradas de 1 d\u00eda (Oferta especial)"},"content":{"rendered":"<p><span><img decoding=\"async\" alt=\"\" data-id=\"13339\" width=\"1406\" height=\"850\" title=\"Entradas de 1 d\u00eda para Disneyland\u00ae Par\u00eds (oferta especial) 2\" src=\"https:\/\/www.paristouristinformation.fr\/es\/wp-content\/uploads\/2024\/09\/Disneyland\u00ae-Paris-1-Day-Tickets-Special-Offer-2-1024x619-2.png\" data-src=\"https:\/\/www.paristouristinformation.fr\/es\/wp-content\/uploads\/2024\/09\/Disneyland\u00ae-Paris-1-Day-Tickets-Special-Offer-2-300x181-2.png\" loading=\"lazy\" data-sizes=\"{&quot;thumbnail&quot;:{&quot;url&quot;:&quot;https:\/\/www.paristouristinformation.fr\/es\/wp-content\/uploads\/2024\/09\/Disneyland\u00ae-Paris-1-Day-Tickets-Special-Offer-2-333x205-2.png&quot;,&quot;height&quot;:205,&quot;width&quot;:333,&quot;orientation&quot;:&quot;landscape&quot;},&quot;medium&quot;:{&quot;url&quot;:&quot;https:\/\/www.paristouristinformation.fr\/es\/wp-content\/uploads\/2024\/09\/Disneyland\u00ae-Paris-1-Day-Tickets-Special-Offer-2-300x181-2.png&quot;,&quot;height&quot;:181,&quot;width&quot;:300,&quot;orientation&quot;:&quot;landscape&quot;},&quot;large&quot;:{&quot;url&quot;:&quot;https:\/\/www.paristouristinformation.fr\/es\/wp-content\/uploads\/2024\/09\/Disneyland\u00ae-Paris-1-Day-Tickets-Special-Offer-2-1024x619-2.png&quot;,&quot;height&quot;:619,&quot;width&quot;:1024,&quot;orientation&quot;:&quot;landscape&quot;},&quot;full&quot;:{&quot;url&quot;:&quot;https:\/\/www.paristouristinformation.fr\/es\/wp-content\/uploads\/2024\/09\/Disneyland\u00ae-Paris-1-Day-Tickets-Special-Offer-2-1.png&quot;,&quot;height&quot;:850,&quot;width&quot;:1406,&quot;orientation&quot;:&quot;landscape&quot;}}\"><\/span><span><img decoding=\"async\" alt=\"\" data-id=\"13337\" width=\"1462\" height=\"850\" title=\"Entradas de 1 d\u00eda para Disneyland\u00ae Par\u00eds (oferta especial) 1\" src=\"https:\/\/www.paristouristinformation.fr\/es\/wp-content\/uploads\/2024\/09\/Disneyland\u00ae-Paris-1-Day-Tickets-Special-Offer-1-1024x595-2.png\" data-src=\"https:\/\/www.paristouristinformation.fr\/es\/wp-content\/uploads\/2024\/09\/Disneyland\u00ae-Paris-1-Day-Tickets-Special-Offer-1-300x174-2.png\" loading=\"lazy\" data-sizes=\"{&quot;thumbnail&quot;:{&quot;url&quot;:&quot;https:\/\/www.paristouristinformation.fr\/es\/wp-content\/uploads\/2024\/09\/Disneyland\u00ae-Paris-1-Day-Tickets-Special-Offer-1-333x205-2.png&quot;,&quot;height&quot;:205,&quot;width&quot;:333,&quot;orientation&quot;:&quot;landscape&quot;},&quot;medium&quot;:{&quot;url&quot;:&quot;https:\/\/www.paristouristinformation.fr\/es\/wp-content\/uploads\/2024\/09\/Disneyland\u00ae-Paris-1-Day-Tickets-Special-Offer-1-300x174-2.png&quot;,&quot;height&quot;:174,&quot;width&quot;:300,&quot;orientation&quot;:&quot;landscape&quot;},&quot;large&quot;:{&quot;url&quot;:&quot;https:\/\/www.paristouristinformation.fr\/es\/wp-content\/uploads\/2024\/09\/Disneyland\u00ae-Paris-1-Day-Tickets-Special-Offer-1-1024x595-2.png&quot;,&quot;height&quot;:595,&quot;width&quot;:1024,&quot;orientation&quot;:&quot;landscape&quot;},&quot;full&quot;:{&quot;url&quot;:&quot;https:\/\/www.paristouristinformation.fr\/es\/wp-content\/uploads\/2024\/09\/Disneyland\u00ae-Paris-1-Day-Tickets-Special-Offer-1-1.png&quot;,&quot;height&quot;:850,&quot;width&quot;:1462,&quot;orientation&quot;:&quot;landscape&quot;}}\"><\/span><span><img decoding=\"async\" alt=\"\" data-id=\"13335\" width=\"1400\" height=\"834\" title=\"Entradas de 1 d\u00eda para Disneyland\u00ae Par\u00eds (oferta especial) 3\" src=\"https:\/\/www.paristouristinformation.fr\/es\/wp-content\/uploads\/2024\/09\/Disneyland\u00ae-Paris-1-Day-Tickets-Special-Offer-3-1024x610-2.png\" data-src=\"https:\/\/www.paristouristinformation.fr\/es\/wp-content\/uploads\/2024\/09\/Disneyland\u00ae-Paris-1-Day-Tickets-Special-Offer-3-300x179-2.png\" loading=\"lazy\" data-sizes=\"{&quot;thumbnail&quot;:{&quot;url&quot;:&quot;https:\/\/www.paristouristinformation.fr\/es\/wp-content\/uploads\/2024\/09\/Disneyland\u00ae-Paris-1-Day-Tickets-Special-Offer-3-333x205-2.png&quot;,&quot;height&quot;:205,&quot;width&quot;:333,&quot;orientation&quot;:&quot;landscape&quot;},&quot;medium&quot;:{&quot;url&quot;:&quot;https:\/\/www.paristouristinformation.fr\/es\/wp-content\/uploads\/2024\/09\/Disneyland\u00ae-Paris-1-Day-Tickets-Special-Offer-3-300x179-2.png&quot;,&quot;height&quot;:179,&quot;width&quot;:300,&quot;orientation&quot;:&quot;landscape&quot;},&quot;large&quot;:{&quot;url&quot;:&quot;https:\/\/www.paristouristinformation.fr\/es\/wp-content\/uploads\/2024\/09\/Disneyland\u00ae-Paris-1-Day-Tickets-Special-Offer-3-1024x610-2.png&quot;,&quot;height&quot;:610,&quot;width&quot;:1024,&quot;orientation&quot;:&quot;landscape&quot;},&quot;full&quot;:{&quot;url&quot;:&quot;https:\/\/www.paristouristinformation.fr\/es\/wp-content\/uploads\/2024\/09\/Disneyland\u00ae-Paris-1-Day-Tickets-Special-Offer-3-1.png&quot;,&quot;height&quot;:834,&quot;width&quot;:1400,&quot;orientation&quot;:&quot;landscape&quot;}}\"><\/span><span><img decoding=\"async\" alt=\"\" data-id=\"13336\" width=\"1428\" height=\"846\" title=\"Entradas de 1 d\u00eda para Disneyland\u00ae Par\u00eds (oferta especial) 4\" src=\"https:\/\/www.paristouristinformation.fr\/es\/wp-content\/uploads\/2024\/09\/Disneyland\u00ae-Paris-1-Day-Tickets-Special-Offer-4-1024x607-2.png\" data-src=\"https:\/\/www.paristouristinformation.fr\/es\/wp-content\/uploads\/2024\/09\/Disneyland\u00ae-Paris-1-Day-Tickets-Special-Offer-4-300x178-2.png\" loading=\"lazy\" data-sizes=\"{&quot;thumbnail&quot;:{&quot;url&quot;:&quot;https:\/\/www.paristouristinformation.fr\/es\/wp-content\/uploads\/2024\/09\/Disneyland\u00ae-Paris-1-Day-Tickets-Special-Offer-4-333x205-2.png&quot;,&quot;height&quot;:205,&quot;width&quot;:333,&quot;orientation&quot;:&quot;landscape&quot;},&quot;medium&quot;:{&quot;url&quot;:&quot;https:\/\/www.paristouristinformation.fr\/es\/wp-content\/uploads\/2024\/09\/Disneyland\u00ae-Paris-1-Day-Tickets-Special-Offer-4-300x178-2.png&quot;,&quot;height&quot;:178,&quot;width&quot;:300,&quot;orientation&quot;:&quot;landscape&quot;},&quot;large&quot;:{&quot;url&quot;:&quot;https:\/\/www.paristouristinformation.fr\/es\/wp-content\/uploads\/2024\/09\/Disneyland\u00ae-Paris-1-Day-Tickets-Special-Offer-4-1024x607-2.png&quot;,&quot;height&quot;:607,&quot;width&quot;:1024,&quot;orientation&quot;:&quot;landscape&quot;},&quot;full&quot;:{&quot;url&quot;:&quot;https:\/\/www.paristouristinformation.fr\/es\/wp-content\/uploads\/2024\/09\/Disneyland\u00ae-Paris-1-Day-Tickets-Special-Offer-4-1.png&quot;,&quot;height&quot;:846,&quot;width&quot;:1428,&quot;orientation&quot;:&quot;landscape&quot;}}\"><\/span><span><img decoding=\"async\" alt=\"\" data-id=\"13334\" width=\"1366\" height=\"924\" title=\"Entradas de 1 d\u00eda para Disneyland\u00ae Par\u00eds (oferta especial) 6\" src=\"https:\/\/www.paristouristinformation.fr\/es\/wp-content\/uploads\/2024\/09\/Disneyland\u00ae-Paris-1-Day-Tickets-Special-Offer-6-1024x693-2.png\" data-src=\"https:\/\/www.paristouristinformation.fr\/es\/wp-content\/uploads\/2024\/09\/Disneyland\u00ae-Paris-1-Day-Tickets-Special-Offer-6-300x203-2.png\" loading=\"lazy\" data-sizes=\"{&quot;thumbnail&quot;:{&quot;url&quot;:&quot;https:\/\/www.paristouristinformation.fr\/es\/wp-content\/uploads\/2024\/09\/Disneyland\u00ae-Paris-1-Day-Tickets-Special-Offer-6-333x205-2.png&quot;,&quot;height&quot;:205,&quot;width&quot;:333,&quot;orientation&quot;:&quot;landscape&quot;},&quot;medium&quot;:{&quot;url&quot;:&quot;https:\/\/www.paristouristinformation.fr\/es\/wp-content\/uploads\/2024\/09\/Disneyland\u00ae-Paris-1-Day-Tickets-Special-Offer-6-300x203-2.png&quot;,&quot;height&quot;:203,&quot;width&quot;:300,&quot;orientation&quot;:&quot;landscape&quot;},&quot;large&quot;:{&quot;url&quot;:&quot;https:\/\/www.paristouristinformation.fr\/es\/wp-content\/uploads\/2024\/09\/Disneyland\u00ae-Paris-1-Day-Tickets-Special-Offer-6-1024x693-2.png&quot;,&quot;height&quot;:693,&quot;width&quot;:1024,&quot;orientation&quot;:&quot;landscape&quot;},&quot;full&quot;:{&quot;url&quot;:&quot;https:\/\/www.paristouristinformation.fr\/es\/wp-content\/uploads\/2024\/09\/Disneyland\u00ae-Paris-1-Day-Tickets-Special-Offer-6-1.png&quot;,&quot;height&quot;:924,&quot;width&quot;:1366,&quot;orientation&quot;:&quot;landscape&quot;}}\"><\/span><span><img decoding=\"async\" alt=\"\" data-id=\"13338\" width=\"1306\" height=\"840\" title=\"Entradas de 1 d\u00eda para Disneyland\u00ae Par\u00eds (oferta especial) 5\" src=\"https:\/\/www.paristouristinformation.fr\/es\/wp-content\/uploads\/2024\/09\/Disneyland\u00ae-Paris-1-Day-Tickets-Special-Offer-5-1024x659-2.png\" data-src=\"https:\/\/www.paristouristinformation.fr\/es\/wp-content\/uploads\/2024\/09\/Disneyland\u00ae-Paris-1-Day-Tickets-Special-Offer-5-300x193-2.png\" loading=\"lazy\" data-sizes=\"{&quot;thumbnail&quot;:{&quot;url&quot;:&quot;https:\/\/www.paristouristinformation.fr\/es\/wp-content\/uploads\/2024\/09\/Disneyland\u00ae-Paris-1-Day-Tickets-Special-Offer-5-333x205-2.png&quot;,&quot;height&quot;:205,&quot;width&quot;:333,&quot;orientation&quot;:&quot;landscape&quot;},&quot;medium&quot;:{&quot;url&quot;:&quot;https:\/\/www.paristouristinformation.fr\/es\/wp-content\/uploads\/2024\/09\/Disneyland\u00ae-Paris-1-Day-Tickets-Special-Offer-5-300x193-2.png&quot;,&quot;height&quot;:193,&quot;width&quot;:300,&quot;orientation&quot;:&quot;landscape&quot;},&quot;large&quot;:{&quot;url&quot;:&quot;https:\/\/www.paristouristinformation.fr\/es\/wp-content\/uploads\/2024\/09\/Disneyland\u00ae-Paris-1-Day-Tickets-Special-Offer-5-1024x659-2.png&quot;,&quot;height&quot;:659,&quot;width&quot;:1024,&quot;orientation&quot;:&quot;landscape&quot;},&quot;full&quot;:{&quot;url&quot;:&quot;https:\/\/www.paristouristinformation.fr\/es\/wp-content\/uploads\/2024\/09\/Disneyland\u00ae-Paris-1-Day-Tickets-Special-Offer-5-1.png&quot;,&quot;height&quot;:840,&quot;width&quot;:1306,&quot;orientation&quot;:&quot;landscape&quot;}}\"><\/span><\/p>\n<h1 data-qa-marker=\"product-name\" style=\"\">Entradas de 1 d\u00eda para Disneyland\u00ae Par\u00eds (oferta especial)<\/h1>\n<h2><a href=\"https:\/\/www.headout.com\/r\/most-amazing-placesrecommends-5oaCo\/\" target=\"_blank\" rel=\"nofollow noopener\" style=\"outline: none;\">Make a reservation from<\/a>&nbsp;<\/h2>\n<h1><a href=\"https:\/\/www.headout.com\/r\/most-amazing-placesrecommends-5oaCo\/\" target=\"_blank\" rel=\"nofollow noopener\" style=\"outline: none;\" data-lt-tmp-id=\"lt-260074\" spellcheck=\"false\"><strong>\u20ac64<\/strong><\/a><\/h1>\n<p>Sum\u00e9rgete en el mundo m\u00e1gico de Disneyland\u00ae Paris con un <strong>boleto de 1 d\u00eda<\/strong> que te da <strong>acceso tanto al Parque Disneyland\u00ae como al Parque Walt Disney Studios\u00ae<\/strong> . Disfruta de emocionantes atracciones, conoce a tus personajes favoritos de Disney\u00ae y descubre encantadoras tierras tem\u00e1ticas.<\/p>\n<ul>\n<li style=\"\"><span>Billete seleccionado a mano&nbsp;<\/span><\/li>\n<li style=\"\"><span>Se aceptan billetes m\u00f3viles o vouchers impresos en la puerta<\/span><\/li>\n<li style=\"\">                    <span>Confirmaci\u00f3n instant\u00e1nea por correo electr\u00f3nico<\/span><\/li>\n<li style=\"\"><span>Cancelaci\u00f3n gratuita<\/span><\/li>\n<\/ul>\n<h2>\u00bfQu\u00e9 incluye?<\/h2>\n<ul>\n<li style=\"\">                    <span>Entrada a Disneyland\u00ae Par\u00eds<\/span><\/li>\n<li><span>Acceso de 1 d\u00eda al parque Disneyland\u00ae y\/o al parque Walt Disney Studios\u00ae (seg\u00fan la opci\u00f3n seleccionada)<\/span><\/li>\n<li><span>Acceso al Marvel Avengers Campus en el parque Walt Disney Studios\u00ae<\/span><\/li>\n<li><span>Acceso a espect\u00e1culos interiores y exteriores en el parque seleccionado (sujeto a disponibilidad)<\/span><\/li>\n<li><span>Recogida en autob\u00fas de Disney\u00ae cerca de la Torre Eiffel (opcional)<\/span><\/li>\n<\/ul>\n<h2>Qu\u00e9 no est\u00e1 incluido<\/h2>\n<ul>\n<li style=\"\"><span>Entradas sin colas a las atracciones<\/span><\/li>\n<li style=\"\"><span>Gastos personales<\/span><\/li>\n<\/ul>\n<h2>Informaci\u00f3n importante<\/h2>\n<ul>\n<li style=\"\"><span>Por favor traiga una identificaci\u00f3n con fotograf\u00eda v\u00e1lida.<\/span><\/li>\n<li><span>Los boletos no son transferibles y los nombres no se pueden cambiar despu\u00e9s de la reserva.<\/span><\/li>\n<li><span>Los ni\u00f1os menores de 12 a\u00f1os deben estar acompa\u00f1ados por un adulto.<\/span><\/li>\n<li><span>El horario del parque puede variar, as\u00ed que aseg\u00farese de consultar el sitio web oficial antes de su visita.<\/span><\/li>\n<li><span>S\u00f3lo se permiten perros gu\u00eda, no se permiten otros animales.<\/span><\/li>\n<li><span>El parque es accesible para usuarios de sillas de ruedas.<\/span><\/li>\n<\/ul>\n<h2 style=\"\">Ofrecido en colaboraci\u00f3n con nuestro socio:<\/h2>\n<p><span><img decoding=\"async\" alt=\"\" data-id=\"13781\" width=\"129\" data-init-width=\"394\" height=\"46\" data-init-height=\"140\" title=\"Logotipo de Headout\" loading=\"lazy\" src=\"https:\/\/www.paristouristinformation.fr\/es\/wp-content\/uploads\/2024\/09\/Headout-Logo.png\" data-width=\"129\" data-height=\"46\" style=\"aspect-ratio: auto 394 \/ 140;\"><\/span><\/p>\n<p>La Oficina de Informaci\u00f3n Tur\u00edstica de Par\u00eds facilita los pagos, mientras que Headout act\u00faa como comerciante oficial. Los t\u00e9rminos y condiciones no se modifican.<\/p>\n<p><a href=\"https:\/\/www.headout.com\/r\/most-amazing-placesrecommends-5oaCo\/\" target=\"_blank\" rel=\"nofollow noopener\" style=\"outline: none;\" data-lt-tmp-id=\"lt-493231\" spellcheck=\"false\">Haga clic aqu\u00ed si prefiere reservar en el sitio web de Headout.<\/a><\/p>\n<h2>Descripci\u00f3n:<\/h2>\n<p>Descubra la magia de Disneyland\u00ae con esta oferta especial de entrada de 1 d\u00eda a Disneyland\u00ae Paris. Tanto si busca aventuras como si le cautivan las historias encantadoras, tanto el parque Disneyland\u00ae como el parque Walt Disney Studios\u00ae le ofrecen experiencias extraordinarias. Disfrute de emocionantes atracciones, espect\u00e1culos espectaculares y sum\u00e9rjase en el mundo de Disney\u00ae.&nbsp;<\/p>\n<h2>Reflejos:<\/h2>\n<ul>\n<li>Descubra las cautivadoras tierras tem\u00e1ticas de Disneyland\u00ae Par\u00eds con un c\u00f3modo boleto de un solo d\u00eda que le permite explorar toda la magia en una sola visita.<\/li>\n<li>Disfrute de oportunidades exclusivas de conocer a los queridos personajes de Disney\u00ae y d\u00e9jese deslumbrar por los impresionantes espect\u00e1culos en vivo que dan vida a la magia.<\/li>\n<li>Opte por explorar el Parque Disneyland\u00ae o el Parque Walt Disney Studios\u00ae, o aproveche al m\u00e1ximo su d\u00eda disfrutando de las atracciones y experiencias en ambos parques.<\/li>\n<li>No te pierdas el \u00e9pico Marvel Avengers Campus en Walt Disney Studios\u00ae Park, donde podr\u00e1s sumergirte en el emocionante mundo de tus superh\u00e9roes favoritos.<\/li>\n<li>Perfecta para familias y amigos, esta oferta especial garantiza recuerdos inolvidables que durar\u00e1n toda la vida.<\/li>\n<\/ul>\n<h2>Disneyland Par\u00eds<\/h2>\n<p dir=\"ltr\">Bd de Parc, 77700 Coupvray, Francia<\/p>\n<h2>Pol\u00edtica de cancelaci\u00f3n<\/h2>\n<p dir=\"ltr\">Puedes cancelar hasta 72 horas antes de que comience la experiencia para obtener un reembolso completo.<\/p>\n<h2>Punto de encuentro e instrucciones<\/h2>\n<p dir=\"ltr\">Muestre su cup\u00f3n m\u00f3vil junto con una identificaci\u00f3n con fotograf\u00eda v\u00e1lida en Disneyland\u00ae Paris, ubicado en Bd de Parc, 77700 Coupvray, Francia.<\/p>\n<p><a href=\"https:\/\/www.google.com\/maps\/place\/Disneyland+Paris\/@48.8673317,2.7833425,18.46z\/data=!4m6!3m5!1s0x47e61d19ca7ae2bd:0x57faf8cb6310e660!8m2!3d48.8673858!4d2.783593!16s%2Fg%2F1211qgxn?entry=tts&amp;g_ep=EgoyMDI0MDUyNy4yKgBIAVAD\" style=\"outline: none;\" data-lt-tmp-id=\"lt-493778\" spellcheck=\"false\" target=\"_blank\" rel=\"nofollow noopener\">Abrir en Maps<\/a><\/p>\n<h2>Rese\u00f1as y valoraciones<\/h2>\n<p><strong>4.3\/ 5&nbsp;  <\/strong><strong>(23200 opiniones)<\/strong><\/p>\n<p dir=\"ltr\"><em>\u201cToda la experiencia de reserva es sencilla y sin complicaciones, al igual que el ingreso a los parques. Entramos a ambos parques un par de veces en un d\u00eda sin ning\u00fan problema. Los parques tem\u00e1ticos son incre\u00edbles y pasamos un tiempo inolvidable all\u00ed. \u00a1No puedo esperar a volver!\u201d.<\/em> Chun, septiembre de 2024 [Fuente: Headout] <a href=\"https:\/\/www.headout.com\/r\/most-amazing-placesrecommends-5oaCo\/\" target=\"_blank\" rel=\"nofollow noopener\" data-lt-tmp-id=\"lt-269899\" spellcheck=\"false\" style=\"outline: none;\">&gt;&gt; Ver m\u00e1s rese\u00f1as<\/a><\/p>\n<h2><a href=\"https:\/\/www.headout.com\/r\/most-amazing-placesrecommends-5oaCo\/\" target=\"_blank\" rel=\"nofollow noopener\" style=\"outline: none;\" data-lt-tmp-id=\"lt-708889\" spellcheck=\"false\">Haga una reserva desde<\/a><span style=\"font-weight: normal;\"><\/span><\/h2>\n<p style=\"\"><strong style=\"outline: currentcolor;\"><a href=\"https:\/\/www.headout.com\/r\/most-amazing-placesrecommends-5oaCo\/\" target=\"_blank\" rel=\"nofollow noopener\" data-lt-tmp-id=\"lt-697306\" spellcheck=\"false\" style=\"outline: none;\"><\/a>52,00 <a href=\"https:\/\/www.headout.com\/r\/most-amazing-placesrecommends-5oaCo\/\" target=\"_blank\" rel=\"nofollow noopener\" data-lt-tmp-id=\"lt-697306\" spellcheck=\"false\" style=\"outline: none;\">\u20ac<\/a><\/strong><\/p>\n<p style=\"\">No se le cobrar\u00e1 todav\u00eda<\/p>\n<h2>Otras entradas para Disneyland Par\u00eds que te pueden gustar<\/h2>\n<p><span># <\/span><strong><span>2<\/span><\/strong><span># <\/span><strong><span>2<\/span><\/strong><span><img decoding=\"async\" alt=\"\" data-id=\"13808\" width=\"159\" data-init-width=\"1600\" height=\"159\" data-init-height=\"1600\" title=\"Disneyland\u00ae Paris - Entrada + Transporte desde Par\u00eds\" loading=\"lazy\" src=\"https:\/\/paristouristinformation.fr\/wp-content\/uploads\/2024\/09\/Disneyland\u00ae-Paris-Admission-Transport-from-Paris.avif\" data-width=\"159\" data-height=\"159\" style=\"aspect-ratio: auto 1600 \/ 1600;\"><\/span><\/p>\n<table>\n<tbody>\n<tr>\n<td><a href=\"https:\/\/www.tiqets.com\/en\/checkout\/disneyland-r-paris-admission-transport-from-paris-g1064673\/?partner=paristouristinformation&amp;tq_campaign=DisneylandParisGttd2\" target=\"_blank\" rel=\"nofollow noopener\" style=\"outline: none;\" data-lt-tmp-id=\"lt-22426\" spellcheck=\"false\">Disneyland\u00ae Par\u00eds: Entrada + Transporte desde Par\u00eds<\/a><\/td>\n<\/tr>\n<\/tbody>\n<\/table>\n<p>Experimenta la magia de Disneyland\u00ae Par\u00eds con un sencillo transporte de ida y vuelta desde Par\u00eds y sum\u00e9rjase directamente en un d\u00eda de aventura y encanto en ambos parques Disney\u00ae.<\/p>\n<h3 style=\"\">Precio total<\/h3>\n<h3 style=\"\">No se le cobrar\u00e1 todav\u00eda<\/h3>\n<p><span># <\/span><strong><span>2<\/span><\/strong><span><img decoding=\"async\" alt=\"\" data-id=\"13332\" width=\"159\" data-init-width=\"1185\" height=\"83\" data-init-height=\"616\" title=\"Boleto de Disneyland\u00ae de 2, 3 y 4 d\u00edas\" loading=\"lazy\" src=\"https:\/\/www.paristouristinformation.fr\/es\/wp-content\/uploads\/2024\/09\/Disneyland\u00ae-234-Day-Ticket-1.jpg\" data-width=\"159\" data-height=\"83\" style=\"aspect-ratio: auto 1185 \/ 616;\"><\/span><\/p>\n<table>\n<tbody>\n<tr>\n<td><a href=\"https:\/\/gyg.me\/N5xnhBuO\" target=\"_blank\" rel=\"nofollow noopener\" style=\"outline: none;\" data-lt-tmp-id=\"lt-163467\" spellcheck=\"false\">Boleto de 2, 3 y 4 d\u00edas para Disneyland\u00ae<\/a><\/td>\n<\/tr>\n<\/tbody>\n<\/table>\n<p dir=\"ltr\">Con este boleto flexible de varios d\u00edas, sum\u00e9rjase en las maravillas de Disneyland\u00ae Paris. Pase 2, 3 o 4 d\u00edas explorando la magia de Disneyland\u00ae Park y Walt Disney Studios\u00ae.<\/p>\n<h3 style=\"\">Precio total<\/h3>\n<h3 style=\"\">No se le cobrar\u00e1 todav\u00eda<\/h3>\n<\/p>\n<h2><a href=\"https:\/\/www.headout.com\/r\/most-amazing-placesrecommends-5oaCo\/\" target=\"_blank\" rel=\"nofollow noopener\" style=\"outline: none;\" data-lt-tmp-id=\"lt-708889\" spellcheck=\"false\">Haga una reserva desde<\/a><span style=\"font-weight: normal;\"><\/span><\/h2>\n<p style=\"\"><strong style=\"outline: currentcolor;\"><a href=\"https:\/\/www.headout.com\/r\/most-amazing-placesrecommends-5oaCo\/\" target=\"_blank\" rel=\"nofollow noopener\" data-lt-tmp-id=\"lt-697306\" spellcheck=\"false\" style=\"outline: none;\"><\/a>52,00 <a href=\"https:\/\/www.headout.com\/r\/most-amazing-placesrecommends-5oaCo\/\" target=\"_blank\" rel=\"nofollow noopener\" data-lt-tmp-id=\"lt-697306\" spellcheck=\"false\" style=\"outline: none;\">\u20ac<\/a><\/strong><\/p>\n<p style=\"\">No se le cobrar\u00e1 todav\u00eda<\/p>\n","protected":false},"excerpt":{"rendered":"<p>Entradas de 1 d\u00eda para Disneyland\u00ae Par\u00eds (oferta especial) Make a reservation from&nbsp; \u20ac64 Sum\u00e9rgete en el mundo m\u00e1gico de Disneyland\u00ae Paris con un boleto de 1 d\u00eda que te da acceso tanto al Parque Disneyland\u00ae como al Parque Walt Disney Studios\u00ae . Disfruta de emocionantes atracciones, conoce a tus personajes favoritos de Disney\u00ae y [&hellip;]<\/p>\n","protected":false},"author":10,"featured_media":11781,"parent":0,"menu_order":0,"comment_status":"closed","ping_status":"closed","template":"","meta":{"footnotes":""},"tags":[63],"class_list":["post-11777","page","type-page","status-publish","has-post-thumbnail","hentry","tag-paginas-de-venta","post-wrapper","thrv_wrapper"],"wp-worthy-pixel":{"ignored":false,"public":null,"server":null,"url":null},"wp-worthy-type":"normal","_links":{"self":[{"href":"https:\/\/www.paristouristinformation.fr\/es\/wp-json\/wp\/v2\/pages\/11777","targetHints":{"allow":["GET"]}}],"collection":[{"href":"https:\/\/www.paristouristinformation.fr\/es\/wp-json\/wp\/v2\/pages"}],"about":[{"href":"https:\/\/www.paristouristinformation.fr\/es\/wp-json\/wp\/v2\/types\/page"}],"author":[{"embeddable":true,"href":"https:\/\/www.paristouristinformation.fr\/es\/wp-json\/wp\/v2\/users\/10"}],"replies":[{"embeddable":true,"href":"https:\/\/www.paristouristinformation.fr\/es\/wp-json\/wp\/v2\/comments?post=11777"}],"version-history":[{"count":9,"href":"https:\/\/www.paristouristinformation.fr\/es\/wp-json\/wp\/v2\/pages\/11777\/revisions"}],"predecessor-version":[{"id":12256,"href":"https:\/\/www.paristouristinformation.fr\/es\/wp-json\/wp\/v2\/pages\/11777\/revisions\/12256"}],"wp:featuredmedia":[{"embeddable":true,"href":"https:\/\/www.paristouristinformation.fr\/es\/wp-json\/wp\/v2\/media\/11781"}],"wp:attachment":[{"href":"https:\/\/www.paristouristinformation.fr\/es\/wp-json\/wp\/v2\/media?parent=11777"}],"wp:term":[{"taxonomy":"post_tag","embeddable":true,"href":"https:\/\/www.paristouristinformation.fr\/es\/wp-json\/wp\/v2\/tags?post=11777"}],"curies":[{"name":"wp","href":"https:\/\/api.w.org\/{rel}","templated":true}]}}